{"id":8210,"date":"2025-10-23T15:41:39","date_gmt":"2025-10-23T13:41:39","guid":{"rendered":"https:\/\/www.investaura.co\/wordpress\/?page_id=8210"},"modified":"2025-10-24T12:42:24","modified_gmt":"2025-10-24T10:42:24","slug":"evaluation-et-analyse-du-marche-pertinent-pour-les-entreprises-de-taille-intermediaire","status":"publish","type":"page","link":"https:\/\/www.investaura.co\/wordpress\/boite-a-solutions\/evaluation-et-analyse-du-marche-pertinent-pour-les-entreprises-de-taille-intermediaire\/","title":{"rendered":"\u00c9valuation et Analyse du march\u00e9: quelle pertinence pour les PME et les ETI ?"},"content":{"rendered":"<p>Il n&#8217;est pas rare que les PME et les ETI n&#8217;aient qu&#8217;une vague id\u00e9e de la taille du march\u00e9 pour leurs produits et services. Ces entreprises se sont d\u00e9velopp\u00e9es parce qu&#8217;elles ont trouv\u00e9 des clients qui appr\u00e9ciaient ce qu&#8217;elles avaient \u00e0 offrir, et non pas parce qu&#8217;elles connaissaient la taille du march\u00e9. Alors pourquoi devraient-elles s&#8217;en soucier ?<\/p>\n<p><!--more--><\/p>\n<p>\u00c9videmment, le management et les responsables commerciaux peuvent s&#8217;appuyer sur leurs connaissances personnelles et leurs estimations approximatives, telles que \u00ab nous connaissons notre chiffre d&#8217;affaires et nous estimons d\u00e9tenir X % de parts de march\u00e9 \u00bb. Mais chacun aura des chiffres diff\u00e9rents en t\u00eate, et il sera rare initialement de trouver un consensus.<\/p>\n<p>\u00c0 vrai dire, les march\u00e9s sont souvent complexes et ne peuvent \u00eatre r\u00e9duits \u00e0 un seul chiffre. Une grande vari\u00e9t\u00e9 de produits est souvent vendue, il n&#8217;y a donc pas un seul march\u00e9, mais <strong>plusieurs segments de march\u00e9<\/strong>. La situation peut \u00e9galement varier consid\u00e9rablement d&#8217;un pays \u00e0 l&#8217;autre, car les exigences des clients diff\u00e8rent g\u00e9n\u00e9ralement et chaque pays peut \u00eatre domin\u00e9 par des fournisseurs sp\u00e9cifiques.<\/p>\n<p>Les entreprises qui ont besoin de devenir plus sophistiqu\u00e9es tireront grandement profit d&#8217;un mod\u00e8le de march\u00e9 \u00ab multidimensionnel \u00bb qui fournit la <strong>granularit\u00e9 pertinente<\/strong> et le niveau de d\u00e9tail appropri\u00e9, d\u00e9tails qui doivent \u00eatre utiles pour <strong>r\u00e9pondre aux questions difficiles<\/strong> soulev\u00e9es par la direction et les actionnaires.<\/p>\n<p>Nous avons maintes fois constat\u00e9 <strong>la valeur ajout\u00e9e<\/strong> que ces mod\u00e8les d&#8217;\u00e9valuation du march\u00e9 apportent \u00e0 nos clients :<\/p>\n<ul>\n<li>Remettre en question les anciennes certitudes, \u00e9liminer les angles morts et d\u00e9velopper un consensus autour d&#8217;une nouvelle v\u00e9rit\u00e9.\u00a0Les \u00ab moments de r\u00e9v\u00e9lation \u00bb sont \u00e9galement tr\u00e8s fr\u00e9quents !<\/li>\n<li>Mieux articuler les diff\u00e9rents segments de march\u00e9 (produits et clients) auxquels s&#8217;adresse r\u00e9ellement l&#8217;entreprise.<\/li>\n<li>Une vision plus r\u00e9aliste des parts de march\u00e9, de la taille des concurrents et de leurs domaines d&#8217;activit\u00e9 respectifs.<\/li>\n<li>L&#8217;identification de segments de march\u00e9 ou de pays \u00e0 fort potentiel de croissance.<\/li>\n<li>Fournir des donn\u00e9es quantitatives pour les strat\u00e9gies d&#8217;entr\u00e9e sur le march\u00e9 et les business plans.<\/li>\n<li>Une connaissance plus fine du march\u00e9 qui peut aussi venir alimenter la communication avec les investisseurs et les actionnaires, souvent d\u00e9sireux de discuter de l&#8217;\u00e9volution du march\u00e9.<\/li>\n<\/ul>\n<p>Finalement, comprendre la taille r\u00e9elle du march\u00e9, sa structure et ses acteurs, c&#8217;est faire une <strong>inspection \u00ab de l&#8217;ext\u00e9rieur vers l&#8217;int\u00e9rieur \u00bb<\/strong> et vivre une exp\u00e9rience qui rend humble : comprendre et accepter que m\u00eame si l&#8217;entreprise n&#8217;existait pas, il y aurait toujours un march\u00e9, dont les besoins seraient satisfaits par d&#8217;autres entreprises.<\/p>\n<p>La part de march\u00e9 de l&#8217;entreprise est-elle donc plus proche de 0 % ou de 100 % ? Mieux comprendre la r\u00e9alit\u00e9 de sa propre part de march\u00e9 soul\u00e8ve \u00e9galement des questions int\u00e9ressantes, telles que : <strong>pourquoi n&#8217;avons-nous pas une part de march\u00e9 de 100 % apr\u00e8s tout ?<\/strong> Pourquoi de nombreux clients ach\u00e8tent-ils chez nos concurrents et non chez nous ? Sommes-nous satisfaits de laisser une grande partie du march\u00e9 \u00e0 nos concurrents, et si ce n&#8217;est pas le cas, <strong>que devrions-nous faire et par o\u00f9 commercer?<\/strong><\/p>\n<p>Depuis plus de 25 ans, Investaura \u00e9labore des mod\u00e8les d&#8217;analyse et d&#8217;\u00e9valuation du march\u00e9, tant pour les entreprises de produits que de services. Nous avons r\u00e9cemment men\u00e9 \u00e0 bien une mission de conception et de d\u00e9veloppement d&#8217;une base de donn\u00e9es multi-produits\/multi-pays pour un fabricant pr\u00e9sent dans plus de 100 pays \u00e0 travers le monde.<\/p>\n<p>Le client a trouv\u00e9 les r\u00e9sultats extr\u00eamement int\u00e9ressants et utiles. Alors pourquoi pas vous ? N&#8217;h\u00e9sitez pas \u00e0 contacter <a href=\"mailto: pierre.lurin@investaura.de\">pierre.lurin@investaura.de<\/a> pour discuter de vos besoins personnels.<\/p>\n","protected":false},"excerpt":{"rendered":"<p>Il n&#8217;est pas rare que les PME et les ETI n&#8217;aient qu&#8217;une vague id\u00e9e de la taille du march\u00e9 pour leurs produits et services. Ces entreprises se sont d\u00e9velopp\u00e9es parce qu&#8217;elles ont trouv\u00e9 des clients qui appr\u00e9ciaient ce qu&#8217;elles avaient&#8230; <\/p>\n<div class=\"more-link-container\"><a class=\"more-link\" href=\"https:\/\/www.investaura.co\/wordpress\/boite-a-solutions\/evaluation-et-analyse-du-marche-pertinent-pour-les-entreprises-de-taille-intermediaire\/\">Read More<\/a><\/div>\n","protected":false},"author":1,"featured_media":7909,"parent":5683,"menu_order":0,"comment_status":"closed","ping_status":"closed","template":"","meta":{"jetpack_post_was_ever_published":false},"yoast_head":"<!-- This site is optimized with the Yoast SEO plugin v20.4 - https:\/\/yoast.com\/wordpress\/plugins\/seo\/ -->\n<title>\u00c9valuation et Analyse du march\u00e9: quelle pertinence pour les PME et les ETI ? | Investaura<\/title>\n<meta name=\"robots\" content=\"index, follow, max-snippet:-1, max-image-preview:large, max-video-preview:-1\" \/>\n<link rel=\"canonical\" href=\"https:\/\/www.investaura.co\/wordpress\/boite-a-solutions\/evaluation-et-analyse-du-marche-pertinent-pour-les-entreprises-de-taille-intermediaire\/\" \/>\n<meta property=\"og:locale\" content=\"en_GB\" \/>\n<meta property=\"og:type\" content=\"article\" \/>\n<meta property=\"og:title\" content=\"\u00c9valuation et Analyse du march\u00e9: quelle pertinence pour les PME et les ETI ? | Investaura\" \/>\n<meta property=\"og:description\" content=\"Il n&#8217;est pas rare que les PME et les ETI n&#8217;aient qu&#8217;une vague id\u00e9e de la taille du march\u00e9 pour leurs produits et services. Ces entreprises se sont d\u00e9velopp\u00e9es parce qu&#8217;elles ont trouv\u00e9 des clients qui appr\u00e9ciaient ce qu&#8217;elles avaient... Read More\" \/>\n<meta property=\"og:url\" content=\"https:\/\/www.investaura.co\/wordpress\/boite-a-solutions\/evaluation-et-analyse-du-marche-pertinent-pour-les-entreprises-de-taille-intermediaire\/\" \/>\n<meta property=\"og:site_name\" content=\"Investaura\" \/>\n<meta property=\"article:modified_time\" content=\"2025-10-24T10:42:24+00:00\" \/>\n<meta property=\"og:image\" content=\"https:\/\/www.investaura.co\/wordpress\/wp-content\/uploads\/2024\/07\/Business_Planning1.jpg\" \/>\n\t<meta property=\"og:image:width\" content=\"1024\" \/>\n\t<meta property=\"og:image:height\" content=\"663\" \/>\n\t<meta property=\"og:image:type\" content=\"image\/jpeg\" \/>\n<meta name=\"twitter:card\" content=\"summary_large_image\" \/>\n<meta name=\"twitter:label1\" content=\"Estimated reading time\" \/>\n\t<meta name=\"twitter:data1\" content=\"3 minutes\" \/>\n<script type=\"application\/ld+json\" class=\"yoast-schema-graph\">{\"@context\":\"https:\/\/schema.org\",\"@graph\":[{\"@type\":\"WebPage\",\"@id\":\"https:\/\/www.investaura.co\/wordpress\/boite-a-solutions\/evaluation-et-analyse-du-marche-pertinent-pour-les-entreprises-de-taille-intermediaire\/\",\"url\":\"https:\/\/www.investaura.co\/wordpress\/boite-a-solutions\/evaluation-et-analyse-du-marche-pertinent-pour-les-entreprises-de-taille-intermediaire\/\",\"name\":\"\u00c9valuation et Analyse du march\u00e9: quelle pertinence pour les PME et les ETI ? | Investaura\",\"isPartOf\":{\"@id\":\"https:\/\/www.investaura.co\/wordpress\/#website\"},\"datePublished\":\"2025-10-23T13:41:39+00:00\",\"dateModified\":\"2025-10-24T10:42:24+00:00\",\"breadcrumb\":{\"@id\":\"https:\/\/www.investaura.co\/wordpress\/boite-a-solutions\/evaluation-et-analyse-du-marche-pertinent-pour-les-entreprises-de-taille-intermediaire\/#breadcrumb\"},\"inLanguage\":\"en-GB\",\"potentialAction\":[{\"@type\":\"ReadAction\",\"target\":[\"https:\/\/www.investaura.co\/wordpress\/boite-a-solutions\/evaluation-et-analyse-du-marche-pertinent-pour-les-entreprises-de-taille-intermediaire\/\"]}]},{\"@type\":\"BreadcrumbList\",\"@id\":\"https:\/\/www.investaura.co\/wordpress\/boite-a-solutions\/evaluation-et-analyse-du-marche-pertinent-pour-les-entreprises-de-taille-intermediaire\/#breadcrumb\",\"itemListElement\":[{\"@type\":\"ListItem\",\"position\":1,\"name\":\"Home\",\"item\":\"https:\/\/www.investaura.co\/wordpress\/\"},{\"@type\":\"ListItem\",\"position\":2,\"name\":\"Solutions Showcase\",\"item\":\"https:\/\/www.investaura.co\/wordpress\/boite-a-solutions\/\"},{\"@type\":\"ListItem\",\"position\":3,\"name\":\"\u00c9valuation et Analyse du march\u00e9: quelle pertinence pour les PME et les ETI ?\"}]},{\"@type\":\"WebSite\",\"@id\":\"https:\/\/www.investaura.co\/wordpress\/#website\",\"url\":\"https:\/\/www.investaura.co\/wordpress\/\",\"name\":\"Investaura\",\"description\":\"The Value Creation Consultants\",\"publisher\":{\"@id\":\"https:\/\/www.investaura.co\/wordpress\/#organization\"},\"potentialAction\":[{\"@type\":\"SearchAction\",\"target\":{\"@type\":\"EntryPoint\",\"urlTemplate\":\"https:\/\/www.investaura.co\/wordpress\/?s={search_term_string}\"},\"query-input\":\"required name=search_term_string\"}],\"inLanguage\":\"en-GB\"},{\"@type\":\"Organization\",\"@id\":\"https:\/\/www.investaura.co\/wordpress\/#organization\",\"name\":\"Investaura\",\"url\":\"https:\/\/www.investaura.co\/wordpress\/\",\"logo\":{\"@type\":\"ImageObject\",\"inLanguage\":\"en-GB\",\"@id\":\"https:\/\/www.investaura.co\/wordpress\/#\/schema\/logo\/image\/\",\"url\":\"https:\/\/i0.wp.com\/www.investaura.co\/wordpress\/wp-content\/uploads\/Logo-INVESTAURA_RGB-blau-e1450351498844.jpg?fit=256%2C90&ssl=1\",\"contentUrl\":\"https:\/\/i0.wp.com\/www.investaura.co\/wordpress\/wp-content\/uploads\/Logo-INVESTAURA_RGB-blau-e1450351498844.jpg?fit=256%2C90&ssl=1\",\"width\":256,\"height\":90,\"caption\":\"Investaura\"},\"image\":{\"@id\":\"https:\/\/www.investaura.co\/wordpress\/#\/schema\/logo\/image\/\"},\"sameAs\":[\"https:\/\/www.linkedin.com\/company\/1229653\"]}]}<\/script>\n<!-- \/ Yoast SEO plugin. -->","yoast_head_json":{"title":"\u00c9valuation et Analyse du march\u00e9: quelle pertinence pour les PME et les ETI ? | Investaura","robots":{"index":"index","follow":"follow","max-snippet":"max-snippet:-1","max-image-preview":"max-image-preview:large","max-video-preview":"max-video-preview:-1"},"canonical":"https:\/\/www.investaura.co\/wordpress\/boite-a-solutions\/evaluation-et-analyse-du-marche-pertinent-pour-les-entreprises-de-taille-intermediaire\/","og_locale":"en_GB","og_type":"article","og_title":"\u00c9valuation et Analyse du march\u00e9: quelle pertinence pour les PME et les ETI ? | Investaura","og_description":"Il n&#8217;est pas rare que les PME et les ETI n&#8217;aient qu&#8217;une vague id\u00e9e de la taille du march\u00e9 pour leurs produits et services. Ces entreprises se sont d\u00e9velopp\u00e9es parce qu&#8217;elles ont trouv\u00e9 des clients qui appr\u00e9ciaient ce qu&#8217;elles avaient... Read More","og_url":"https:\/\/www.investaura.co\/wordpress\/boite-a-solutions\/evaluation-et-analyse-du-marche-pertinent-pour-les-entreprises-de-taille-intermediaire\/","og_site_name":"Investaura","article_modified_time":"2025-10-24T10:42:24+00:00","og_image":[{"width":1024,"height":663,"url":"https:\/\/www.investaura.co\/wordpress\/wp-content\/uploads\/2024\/07\/Business_Planning1.jpg","type":"image\/jpeg"}],"twitter_card":"summary_large_image","twitter_misc":{"Estimated reading time":"3 minutes"},"schema":{"@context":"https:\/\/schema.org","@graph":[{"@type":"WebPage","@id":"https:\/\/www.investaura.co\/wordpress\/boite-a-solutions\/evaluation-et-analyse-du-marche-pertinent-pour-les-entreprises-de-taille-intermediaire\/","url":"https:\/\/www.investaura.co\/wordpress\/boite-a-solutions\/evaluation-et-analyse-du-marche-pertinent-pour-les-entreprises-de-taille-intermediaire\/","name":"\u00c9valuation et Analyse du march\u00e9: quelle pertinence pour les PME et les ETI ? | Investaura","isPartOf":{"@id":"https:\/\/www.investaura.co\/wordpress\/#website"},"datePublished":"2025-10-23T13:41:39+00:00","dateModified":"2025-10-24T10:42:24+00:00","breadcrumb":{"@id":"https:\/\/www.investaura.co\/wordpress\/boite-a-solutions\/evaluation-et-analyse-du-marche-pertinent-pour-les-entreprises-de-taille-intermediaire\/#breadcrumb"},"inLanguage":"en-GB","potentialAction":[{"@type":"ReadAction","target":["https:\/\/www.investaura.co\/wordpress\/boite-a-solutions\/evaluation-et-analyse-du-marche-pertinent-pour-les-entreprises-de-taille-intermediaire\/"]}]},{"@type":"BreadcrumbList","@id":"https:\/\/www.investaura.co\/wordpress\/boite-a-solutions\/evaluation-et-analyse-du-marche-pertinent-pour-les-entreprises-de-taille-intermediaire\/#breadcrumb","itemListElement":[{"@type":"ListItem","position":1,"name":"Home","item":"https:\/\/www.investaura.co\/wordpress\/"},{"@type":"ListItem","position":2,"name":"Solutions Showcase","item":"https:\/\/www.investaura.co\/wordpress\/boite-a-solutions\/"},{"@type":"ListItem","position":3,"name":"\u00c9valuation et Analyse du march\u00e9: quelle pertinence pour les PME et les ETI ?"}]},{"@type":"WebSite","@id":"https:\/\/www.investaura.co\/wordpress\/#website","url":"https:\/\/www.investaura.co\/wordpress\/","name":"Investaura","description":"The Value Creation Consultants","publisher":{"@id":"https:\/\/www.investaura.co\/wordpress\/#organization"},"potentialAction":[{"@type":"SearchAction","target":{"@type":"EntryPoint","urlTemplate":"https:\/\/www.investaura.co\/wordpress\/?s={search_term_string}"},"query-input":"required name=search_term_string"}],"inLanguage":"en-GB"},{"@type":"Organization","@id":"https:\/\/www.investaura.co\/wordpress\/#organization","name":"Investaura","url":"https:\/\/www.investaura.co\/wordpress\/","logo":{"@type":"ImageObject","inLanguage":"en-GB","@id":"https:\/\/www.investaura.co\/wordpress\/#\/schema\/logo\/image\/","url":"https:\/\/i0.wp.com\/www.investaura.co\/wordpress\/wp-content\/uploads\/Logo-INVESTAURA_RGB-blau-e1450351498844.jpg?fit=256%2C90&ssl=1","contentUrl":"https:\/\/i0.wp.com\/www.investaura.co\/wordpress\/wp-content\/uploads\/Logo-INVESTAURA_RGB-blau-e1450351498844.jpg?fit=256%2C90&ssl=1","width":256,"height":90,"caption":"Investaura"},"image":{"@id":"https:\/\/www.investaura.co\/wordpress\/#\/schema\/logo\/image\/"},"sameAs":["https:\/\/www.linkedin.com\/company\/1229653"]}]}},"jetpack_shortlink":"https:\/\/wp.me\/P7ecno-28q","jetpack-related-posts":[],"jetpack_sharing_enabled":true,"_links":{"self":[{"href":"https:\/\/www.investaura.co\/wordpress\/wp-json\/wp\/v2\/pages\/8210"}],"collection":[{"href":"https:\/\/www.investaura.co\/wordpress\/wp-json\/wp\/v2\/pages"}],"about":[{"href":"https:\/\/www.investaura.co\/wordpress\/wp-json\/wp\/v2\/types\/page"}],"author":[{"embeddable":true,"href":"https:\/\/www.investaura.co\/wordpress\/wp-json\/wp\/v2\/users\/1"}],"replies":[{"embeddable":true,"href":"https:\/\/www.investaura.co\/wordpress\/wp-json\/wp\/v2\/comments?post=8210"}],"version-history":[{"count":16,"href":"https:\/\/www.investaura.co\/wordpress\/wp-json\/wp\/v2\/pages\/8210\/revisions"}],"predecessor-version":[{"id":8253,"href":"https:\/\/www.investaura.co\/wordpress\/wp-json\/wp\/v2\/pages\/8210\/revisions\/8253"}],"up":[{"embeddable":true,"href":"https:\/\/www.investaura.co\/wordpress\/wp-json\/wp\/v2\/pages\/5683"}],"wp:featuredmedia":[{"embeddable":true,"href":"https:\/\/www.investaura.co\/wordpress\/wp-json\/wp\/v2\/media\/7909"}],"wp:attachment":[{"href":"https:\/\/www.investaura.co\/wordpress\/wp-json\/wp\/v2\/media?parent=8210"}],"curies":[{"name":"wp","href":"https:\/\/api.w.org\/{rel}","templated":true}]}}