{"id":8078,"date":"2025-03-06T10:21:49","date_gmt":"2025-03-06T08:21:49","guid":{"rendered":"https:\/\/www.investaura.co\/wordpress\/?page_id=8078"},"modified":"2025-03-06T11:57:40","modified_gmt":"2025-03-06T09:57:40","slug":"integration-von-kurzfristiger-planung-und-prognosen-mit-langfristiger-planung","status":"publish","type":"page","link":"https:\/\/www.investaura.co\/wordpress\/losungen\/integration-von-kurzfristiger-planung-und-prognosen-mit-langfristiger-planung\/","title":{"rendered":"Integration von kurzfristiger Planung und Prognosen mit langfristiger Planung"},"content":{"rendered":"<p>Investaura hat eine Excel-basierte L\u00f6sung entwickelt, die eine integrierte Ansicht bietet, die die kurzfristige Prognose (die n\u00e4chsten 24 Monate) mit dem langfristigen Gesch\u00e4ftsplan (die n\u00e4chsten 5 Jahre) kombiniert. Die kurzfristigen und langfristigen Pl\u00e4ne sind miteinander konsistent, k\u00f6nnen aber auch unabh\u00e4ngig voneinander verwendet werden.<!--more--><\/p>\n<p>Bei der Planung geht es nicht nur um die langfristige Perspektive, sondern auch um die Vorhersage dessen, was kurzfristig, in der Regel in den n\u00e4chsten 12 bis 24 Monaten, passieren wird. Dies ist aus einer Reihe von Gr\u00fcnden besonders wichtig:<\/p>\n<ul>\n<li>f\u00fcr das Vertriebsteam: Analyse der monatlichen Entwicklung der Verkaufszahlen und des Vergleichs zwischen der Prognose bis zum Jahresende und dem Budget.<\/li>\n<li>f\u00fcr den Finanzvorstand und sein Team: \u00dcberwachung des Kassenbestands am Ende eines jeden Monats und Prognose der Entwicklung der Kassenlage.<\/li>\n<li>f\u00fcr das Unternehmen als Ganzes: \u00dcberwachung der Finanzergebnisse Monat f\u00fcr Monat und Vergleich der Prognose mit den im Budget festgelegten Erwartungen.<\/li>\n<\/ul>\n<p>Der kurzfristige und der langfristige Plan haben die gleiche Struktur. Sie k\u00f6nnen auf unterschiedliche Weise verwendet werden: entweder als eigenst\u00e4ndige Pl\u00e4ne oder in Verbindung miteinander, so dass der kurzfristige Plan die ersten beiden Jahre des langfristigen Plans ber\u00fccksichtigt: das Budget f\u00fcr das laufende Jahr und den Plan f\u00fcr das folgende Jahr. Umgekehrt basiert der langfristige Plan auf denselben historischen Finanzdaten wie der kurzfristige Plan.<\/p>\n<p><img data-attachment-id=\"8052\" data-permalink=\"https:\/\/www.investaura.co\/wordpress\/solutions\/integrating-short-term-planning-and-forecasting-with-long-term-planning\/st_screenshot\/\" data-orig-file=\"https:\/\/i0.wp.com\/www.investaura.co\/wordpress\/wp-content\/uploads\/2025\/03\/ST_screenshot.png?fit=1866%2C1407&amp;ssl=1\" data-orig-size=\"1866,1407\" data-comments-opened=\"0\" data-image-meta=\"{&quot;aperture&quot;:&quot;0&quot;,&quot;credit&quot;:&quot;&quot;,&quot;camera&quot;:&quot;&quot;,&quot;caption&quot;:&quot;&quot;,&quot;created_timestamp&quot;:&quot;0&quot;,&quot;copyright&quot;:&quot;&quot;,&quot;focal_length&quot;:&quot;0&quot;,&quot;iso&quot;:&quot;0&quot;,&quot;shutter_speed&quot;:&quot;0&quot;,&quot;title&quot;:&quot;&quot;,&quot;orientation&quot;:&quot;0&quot;}\" data-image-title=\"ST_screenshot\" data-image-description=\"\" data-image-caption=\"\" data-medium-file=\"https:\/\/i0.wp.com\/www.investaura.co\/wordpress\/wp-content\/uploads\/2025\/03\/ST_screenshot.png?fit=300%2C226&amp;ssl=1\" data-large-file=\"https:\/\/i0.wp.com\/www.investaura.co\/wordpress\/wp-content\/uploads\/2025\/03\/ST_screenshot.png?fit=720%2C543&amp;ssl=1\" decoding=\"async\" loading=\"lazy\" class=\"alignleft size-full wp-image-8052\" src=\"https:\/\/i0.wp.com\/www.investaura.co\/wordpress\/wp-content\/uploads\/2025\/03\/ST_screenshot.png?resize=720%2C543&#038;ssl=1\" alt=\"\" width=\"720\" height=\"543\" srcset=\"https:\/\/i0.wp.com\/www.investaura.co\/wordpress\/wp-content\/uploads\/2025\/03\/ST_screenshot.png?w=1866&amp;ssl=1 1866w, https:\/\/i0.wp.com\/www.investaura.co\/wordpress\/wp-content\/uploads\/2025\/03\/ST_screenshot.png?resize=300%2C226&amp;ssl=1 300w, https:\/\/i0.wp.com\/www.investaura.co\/wordpress\/wp-content\/uploads\/2025\/03\/ST_screenshot.png?resize=1024%2C772&amp;ssl=1 1024w, https:\/\/i0.wp.com\/www.investaura.co\/wordpress\/wp-content\/uploads\/2025\/03\/ST_screenshot.png?resize=1536%2C1158&amp;ssl=1 1536w, https:\/\/i0.wp.com\/www.investaura.co\/wordpress\/wp-content\/uploads\/2025\/03\/ST_screenshot.png?w=1440&amp;ssl=1 1440w\" sizes=\"(max-width: 720px) 100vw, 720px\" data-recalc-dims=\"1\" \/><\/p>\n<p>&nbsp;<\/p>\n<p>Das integrierte Planungstool kann f\u00fcr jede Art von Unternehmen verwendet werden. Seine wichtigsten Merkmale sind die folgenden:<\/p>\n<ul>\n<li>Sowohl der kurzfristige als auch der langfristige Plan sind treiberbasiert.<\/li>\n<li>Der kurzfristige Plan deckt 3 Jahre in Monaten ab: das Vorjahr mit monatlichen historischen Daten; das laufende Jahr, das sowohl historische Daten f\u00fcr die vergangenen Monate als auch die Prognose bis zum Ende des Jahres kombiniert; und die Prognose f\u00fcr das folgende Jahr in Monaten.<\/li>\n<li>Der langfristige Plan umfasst einen Zeitraum von 10 Jahren: 5 Jahre historischer Daten, das laufende Jahr und die n\u00e4chsten 4 Jahre.<\/li>\n<li>Das Tool enth\u00e4lt ein kommerzielles Modell, das eine Umsatzprognose entlang mehrerer Dimensionen liefert: nach Produktlinie (#1, #2, #3, #4), nach Produkt-&#8216;Komponenten&#8217; (Hardware, Software, Service), nach Geografie (L\u00e4nder, Regionen).<\/li>\n<li>Vollst\u00e4ndige Jahresabschl\u00fcsse einschlie\u00dflich GuV, Cashflow und Bilanz.<\/li>\n<li>Die (monatlichen) historischen Daten f\u00fcr das laufende Jahr und das Vorjahr werden aus Excel-Berichten extrahiert, die aus dem ERP-System generiert werden.<\/li>\n<li>Ein Cockpit zur \u00dcberwachung der wichtigsten Finanzergebnisse und zur Durchf\u00fchrung von Abweichungsanalysen.<\/li>\n<li>Zahlreiche Diagramme zur Visualisierung des Gesch\u00e4ftsverlaufs.\u00a0Ungew\u00f6hnliche Muster fallen auf, und der Benutzer des Planungstools kann visuell \u00fcberpr\u00fcfen, ob die angezeigten Zahlen mit seinen Erwartungen \u00fcbereinstimmen.<\/li>\n<li>Zahlreiche Quervergleiche, um sicherzustellen, dass \u201ekeine Daten vergessen werden\u201c und dass die kurz- und langfristigen Pl\u00e4ne konsistent sind und \u201eein und dieselbe Geschichte erz\u00e4hlen\u201c.<\/li>\n<\/ul>\n<p><img data-attachment-id=\"8050\" data-permalink=\"https:\/\/www.investaura.co\/wordpress\/solutions\/integrating-short-term-planning-and-forecasting-with-long-term-planning\/integrated_planning_screenshot\/\" data-orig-file=\"https:\/\/i0.wp.com\/www.investaura.co\/wordpress\/wp-content\/uploads\/2025\/03\/integrated_planning_screenshot.png?fit=1758%2C1104&amp;ssl=1\" data-orig-size=\"1758,1104\" data-comments-opened=\"0\" data-image-meta=\"{&quot;aperture&quot;:&quot;0&quot;,&quot;credit&quot;:&quot;&quot;,&quot;camera&quot;:&quot;&quot;,&quot;caption&quot;:&quot;&quot;,&quot;created_timestamp&quot;:&quot;0&quot;,&quot;copyright&quot;:&quot;&quot;,&quot;focal_length&quot;:&quot;0&quot;,&quot;iso&quot;:&quot;0&quot;,&quot;shutter_speed&quot;:&quot;0&quot;,&quot;title&quot;:&quot;&quot;,&quot;orientation&quot;:&quot;0&quot;}\" data-image-title=\"integrated_planning_screenshot\" data-image-description=\"\" data-image-caption=\"\" data-medium-file=\"https:\/\/i0.wp.com\/www.investaura.co\/wordpress\/wp-content\/uploads\/2025\/03\/integrated_planning_screenshot.png?fit=300%2C188&amp;ssl=1\" data-large-file=\"https:\/\/i0.wp.com\/www.investaura.co\/wordpress\/wp-content\/uploads\/2025\/03\/integrated_planning_screenshot.png?fit=720%2C452&amp;ssl=1\" decoding=\"async\" loading=\"lazy\" class=\"alignleft size-full wp-image-8050\" src=\"https:\/\/i0.wp.com\/www.investaura.co\/wordpress\/wp-content\/uploads\/2025\/03\/integrated_planning_screenshot.png?resize=720%2C452&#038;ssl=1\" alt=\"\" width=\"720\" height=\"452\" srcset=\"https:\/\/i0.wp.com\/www.investaura.co\/wordpress\/wp-content\/uploads\/2025\/03\/integrated_planning_screenshot.png?w=1758&amp;ssl=1 1758w, https:\/\/i0.wp.com\/www.investaura.co\/wordpress\/wp-content\/uploads\/2025\/03\/integrated_planning_screenshot.png?resize=300%2C188&amp;ssl=1 300w, https:\/\/i0.wp.com\/www.investaura.co\/wordpress\/wp-content\/uploads\/2025\/03\/integrated_planning_screenshot.png?resize=1024%2C643&amp;ssl=1 1024w, https:\/\/i0.wp.com\/www.investaura.co\/wordpress\/wp-content\/uploads\/2025\/03\/integrated_planning_screenshot.png?resize=1536%2C965&amp;ssl=1 1536w, https:\/\/i0.wp.com\/www.investaura.co\/wordpress\/wp-content\/uploads\/2025\/03\/integrated_planning_screenshot.png?w=1440&amp;ssl=1 1440w\" sizes=\"(max-width: 720px) 100vw, 720px\" data-recalc-dims=\"1\" \/><\/p>\n<p>Nehmen Sie Kontakt mit uns auf, um eine Vorf\u00fchrung zu erhalten und Ihre pers\u00f6nlichen Bed\u00fcrfnisse zu besprechen.<\/p>\n","protected":false},"excerpt":{"rendered":"<p>Investaura hat eine Excel-basierte L\u00f6sung entwickelt, die eine integrierte Ansicht bietet, die die kurzfristige Prognose (die n\u00e4chsten 24 Monate) mit dem langfristigen Gesch\u00e4ftsplan (die n\u00e4chsten 5 Jahre) kombiniert. Die kurzfristigen und langfristigen Pl\u00e4ne sind miteinander konsistent, k\u00f6nnen aber auch unabh\u00e4ngig&#8230; <\/p>\n<div class=\"more-link-container\"><a class=\"more-link\" href=\"https:\/\/www.investaura.co\/wordpress\/losungen\/integration-von-kurzfristiger-planung-und-prognosen-mit-langfristiger-planung\/\">Read More<\/a><\/div>\n","protected":false},"author":1,"featured_media":8051,"parent":5685,"menu_order":81,"comment_status":"closed","ping_status":"closed","template":"","meta":{"jetpack_post_was_ever_published":false},"yoast_head":"<!-- This site is optimized with the Yoast SEO plugin v20.4 - https:\/\/yoast.com\/wordpress\/plugins\/seo\/ -->\n<title>Integration von kurzfristiger Planung und Prognosen mit langfristiger Planung | Investaura<\/title>\n<meta name=\"description\" content=\"planning forecasting\" \/>\n<meta name=\"robots\" content=\"index, follow, max-snippet:-1, max-image-preview:large, max-video-preview:-1\" \/>\n<link rel=\"canonical\" href=\"https:\/\/www.investaura.co\/wordpress\/losungen\/integration-von-kurzfristiger-planung-und-prognosen-mit-langfristiger-planung\/\" \/>\n<meta property=\"og:locale\" content=\"en_GB\" \/>\n<meta property=\"og:type\" content=\"article\" \/>\n<meta property=\"og:title\" content=\"Integration von kurzfristiger Planung und Prognosen mit langfristiger Planung | Investaura\" \/>\n<meta property=\"og:description\" content=\"planning forecasting\" \/>\n<meta property=\"og:url\" content=\"https:\/\/www.investaura.co\/wordpress\/losungen\/integration-von-kurzfristiger-planung-und-prognosen-mit-langfristiger-planung\/\" \/>\n<meta property=\"og:site_name\" content=\"Investaura\" \/>\n<meta property=\"article:modified_time\" content=\"2025-03-06T09:57:40+00:00\" \/>\n<meta property=\"og:image\" content=\"https:\/\/www.investaura.co\/wordpress\/wp-content\/uploads\/2025\/03\/MandA_screenshot.png\" \/>\n\t<meta property=\"og:image:width\" content=\"1470\" \/>\n\t<meta property=\"og:image:height\" content=\"951\" \/>\n\t<meta property=\"og:image:type\" content=\"image\/png\" \/>\n<meta name=\"twitter:card\" content=\"summary_large_image\" \/>\n<meta name=\"twitter:label1\" content=\"Estimated reading time\" \/>\n\t<meta name=\"twitter:data1\" content=\"3 minutes\" \/>\n<script type=\"application\/ld+json\" class=\"yoast-schema-graph\">{\"@context\":\"https:\/\/schema.org\",\"@graph\":[{\"@type\":\"WebPage\",\"@id\":\"https:\/\/www.investaura.co\/wordpress\/losungen\/integration-von-kurzfristiger-planung-und-prognosen-mit-langfristiger-planung\/\",\"url\":\"https:\/\/www.investaura.co\/wordpress\/losungen\/integration-von-kurzfristiger-planung-und-prognosen-mit-langfristiger-planung\/\",\"name\":\"Integration von kurzfristiger Planung und Prognosen mit langfristiger Planung | Investaura\",\"isPartOf\":{\"@id\":\"https:\/\/www.investaura.co\/wordpress\/#website\"},\"datePublished\":\"2025-03-06T08:21:49+00:00\",\"dateModified\":\"2025-03-06T09:57:40+00:00\",\"description\":\"planning forecasting\",\"breadcrumb\":{\"@id\":\"https:\/\/www.investaura.co\/wordpress\/losungen\/integration-von-kurzfristiger-planung-und-prognosen-mit-langfristiger-planung\/#breadcrumb\"},\"inLanguage\":\"en-GB\",\"potentialAction\":[{\"@type\":\"ReadAction\",\"target\":[\"https:\/\/www.investaura.co\/wordpress\/losungen\/integration-von-kurzfristiger-planung-und-prognosen-mit-langfristiger-planung\/\"]}]},{\"@type\":\"BreadcrumbList\",\"@id\":\"https:\/\/www.investaura.co\/wordpress\/losungen\/integration-von-kurzfristiger-planung-und-prognosen-mit-langfristiger-planung\/#breadcrumb\",\"itemListElement\":[{\"@type\":\"ListItem\",\"position\":1,\"name\":\"Home\",\"item\":\"https:\/\/www.investaura.co\/wordpress\/\"},{\"@type\":\"ListItem\",\"position\":2,\"name\":\"L\u00f6sungen Showcase\",\"item\":\"https:\/\/www.investaura.co\/wordpress\/losungen\/\"},{\"@type\":\"ListItem\",\"position\":3,\"name\":\"Integration von kurzfristiger Planung und Prognosen mit langfristiger Planung\"}]},{\"@type\":\"WebSite\",\"@id\":\"https:\/\/www.investaura.co\/wordpress\/#website\",\"url\":\"https:\/\/www.investaura.co\/wordpress\/\",\"name\":\"Investaura\",\"description\":\"The Value Creation Consultants\",\"publisher\":{\"@id\":\"https:\/\/www.investaura.co\/wordpress\/#organization\"},\"potentialAction\":[{\"@type\":\"SearchAction\",\"target\":{\"@type\":\"EntryPoint\",\"urlTemplate\":\"https:\/\/www.investaura.co\/wordpress\/?s={search_term_string}\"},\"query-input\":\"required name=search_term_string\"}],\"inLanguage\":\"en-GB\"},{\"@type\":\"Organization\",\"@id\":\"https:\/\/www.investaura.co\/wordpress\/#organization\",\"name\":\"Investaura\",\"url\":\"https:\/\/www.investaura.co\/wordpress\/\",\"logo\":{\"@type\":\"ImageObject\",\"inLanguage\":\"en-GB\",\"@id\":\"https:\/\/www.investaura.co\/wordpress\/#\/schema\/logo\/image\/\",\"url\":\"https:\/\/i0.wp.com\/www.investaura.co\/wordpress\/wp-content\/uploads\/Logo-INVESTAURA_RGB-blau-e1450351498844.jpg?fit=256%2C90&ssl=1\",\"contentUrl\":\"https:\/\/i0.wp.com\/www.investaura.co\/wordpress\/wp-content\/uploads\/Logo-INVESTAURA_RGB-blau-e1450351498844.jpg?fit=256%2C90&ssl=1\",\"width\":256,\"height\":90,\"caption\":\"Investaura\"},\"image\":{\"@id\":\"https:\/\/www.investaura.co\/wordpress\/#\/schema\/logo\/image\/\"},\"sameAs\":[\"https:\/\/www.linkedin.com\/company\/1229653\"]}]}<\/script>\n<!-- \/ Yoast SEO plugin. -->","yoast_head_json":{"title":"Integration von kurzfristiger Planung und Prognosen mit langfristiger Planung | Investaura","description":"planning forecasting","robots":{"index":"index","follow":"follow","max-snippet":"max-snippet:-1","max-image-preview":"max-image-preview:large","max-video-preview":"max-video-preview:-1"},"canonical":"https:\/\/www.investaura.co\/wordpress\/losungen\/integration-von-kurzfristiger-planung-und-prognosen-mit-langfristiger-planung\/","og_locale":"en_GB","og_type":"article","og_title":"Integration von kurzfristiger Planung und Prognosen mit langfristiger Planung | Investaura","og_description":"planning forecasting","og_url":"https:\/\/www.investaura.co\/wordpress\/losungen\/integration-von-kurzfristiger-planung-und-prognosen-mit-langfristiger-planung\/","og_site_name":"Investaura","article_modified_time":"2025-03-06T09:57:40+00:00","og_image":[{"width":1470,"height":951,"url":"https:\/\/www.investaura.co\/wordpress\/wp-content\/uploads\/2025\/03\/MandA_screenshot.png","type":"image\/png"}],"twitter_card":"summary_large_image","twitter_misc":{"Estimated reading time":"3 minutes"},"schema":{"@context":"https:\/\/schema.org","@graph":[{"@type":"WebPage","@id":"https:\/\/www.investaura.co\/wordpress\/losungen\/integration-von-kurzfristiger-planung-und-prognosen-mit-langfristiger-planung\/","url":"https:\/\/www.investaura.co\/wordpress\/losungen\/integration-von-kurzfristiger-planung-und-prognosen-mit-langfristiger-planung\/","name":"Integration von kurzfristiger Planung und Prognosen mit langfristiger Planung | Investaura","isPartOf":{"@id":"https:\/\/www.investaura.co\/wordpress\/#website"},"datePublished":"2025-03-06T08:21:49+00:00","dateModified":"2025-03-06T09:57:40+00:00","description":"planning forecasting","breadcrumb":{"@id":"https:\/\/www.investaura.co\/wordpress\/losungen\/integration-von-kurzfristiger-planung-und-prognosen-mit-langfristiger-planung\/#breadcrumb"},"inLanguage":"en-GB","potentialAction":[{"@type":"ReadAction","target":["https:\/\/www.investaura.co\/wordpress\/losungen\/integration-von-kurzfristiger-planung-und-prognosen-mit-langfristiger-planung\/"]}]},{"@type":"BreadcrumbList","@id":"https:\/\/www.investaura.co\/wordpress\/losungen\/integration-von-kurzfristiger-planung-und-prognosen-mit-langfristiger-planung\/#breadcrumb","itemListElement":[{"@type":"ListItem","position":1,"name":"Home","item":"https:\/\/www.investaura.co\/wordpress\/"},{"@type":"ListItem","position":2,"name":"L\u00f6sungen Showcase","item":"https:\/\/www.investaura.co\/wordpress\/losungen\/"},{"@type":"ListItem","position":3,"name":"Integration von kurzfristiger Planung und Prognosen mit langfristiger Planung"}]},{"@type":"WebSite","@id":"https:\/\/www.investaura.co\/wordpress\/#website","url":"https:\/\/www.investaura.co\/wordpress\/","name":"Investaura","description":"The Value Creation Consultants","publisher":{"@id":"https:\/\/www.investaura.co\/wordpress\/#organization"},"potentialAction":[{"@type":"SearchAction","target":{"@type":"EntryPoint","urlTemplate":"https:\/\/www.investaura.co\/wordpress\/?s={search_term_string}"},"query-input":"required name=search_term_string"}],"inLanguage":"en-GB"},{"@type":"Organization","@id":"https:\/\/www.investaura.co\/wordpress\/#organization","name":"Investaura","url":"https:\/\/www.investaura.co\/wordpress\/","logo":{"@type":"ImageObject","inLanguage":"en-GB","@id":"https:\/\/www.investaura.co\/wordpress\/#\/schema\/logo\/image\/","url":"https:\/\/i0.wp.com\/www.investaura.co\/wordpress\/wp-content\/uploads\/Logo-INVESTAURA_RGB-blau-e1450351498844.jpg?fit=256%2C90&ssl=1","contentUrl":"https:\/\/i0.wp.com\/www.investaura.co\/wordpress\/wp-content\/uploads\/Logo-INVESTAURA_RGB-blau-e1450351498844.jpg?fit=256%2C90&ssl=1","width":256,"height":90,"caption":"Investaura"},"image":{"@id":"https:\/\/www.investaura.co\/wordpress\/#\/schema\/logo\/image\/"},"sameAs":["https:\/\/www.linkedin.com\/company\/1229653"]}]}},"jetpack_shortlink":"https:\/\/wp.me\/P7ecno-26i","jetpack-related-posts":[],"jetpack_sharing_enabled":true,"_links":{"self":[{"href":"https:\/\/www.investaura.co\/wordpress\/wp-json\/wp\/v2\/pages\/8078"}],"collection":[{"href":"https:\/\/www.investaura.co\/wordpress\/wp-json\/wp\/v2\/pages"}],"about":[{"href":"https:\/\/www.investaura.co\/wordpress\/wp-json\/wp\/v2\/types\/page"}],"author":[{"embeddable":true,"href":"https:\/\/www.investaura.co\/wordpress\/wp-json\/wp\/v2\/users\/1"}],"replies":[{"embeddable":true,"href":"https:\/\/www.investaura.co\/wordpress\/wp-json\/wp\/v2\/comments?post=8078"}],"version-history":[{"count":4,"href":"https:\/\/www.investaura.co\/wordpress\/wp-json\/wp\/v2\/pages\/8078\/revisions"}],"predecessor-version":[{"id":8084,"href":"https:\/\/www.investaura.co\/wordpress\/wp-json\/wp\/v2\/pages\/8078\/revisions\/8084"}],"up":[{"embeddable":true,"href":"https:\/\/www.investaura.co\/wordpress\/wp-json\/wp\/v2\/pages\/5685"}],"wp:featuredmedia":[{"embeddable":true,"href":"https:\/\/www.investaura.co\/wordpress\/wp-json\/wp\/v2\/media\/8051"}],"wp:attachment":[{"href":"https:\/\/www.investaura.co\/wordpress\/wp-json\/wp\/v2\/media?parent=8078"}],"curies":[{"name":"wp","href":"https:\/\/api.w.org\/{rel}","templated":true}]}}