{"id":7921,"date":"2024-07-01T10:01:57","date_gmt":"2024-07-01T08:01:57","guid":{"rendered":"http:\/\/www.investaura.co\/?page_id=7921"},"modified":"2025-10-23T12:06:19","modified_gmt":"2025-10-23T10:06:19","slug":"post-merger-integration","status":"publish","type":"page","link":"https:\/\/www.investaura.co\/wordpress\/boite-a-solutions\/post-merger-integration\/","title":{"rendered":"Int\u00e9gration post-fusion (PMI) en environnement international"},"content":{"rendered":"<p>Investaura a \u00e9t\u00e9 mandat\u00e9e pour int\u00e9grer un groupe de soci\u00e9t\u00e9s r\u00e9cemment acquises par une soci\u00e9t\u00e9 internationale suivant une strat\u00e9gie de buy &amp; build. En tant qu&#8217;experts PMI, nous agissons en qualit\u00e9 de gestionnaire de projet, gestionnaire du changement et facilitateur.<!--more--><\/p>\n<p>Nous comprenons les <strong>facteurs cl\u00e9s de r\u00e9ussite<\/strong>\u00a0:<\/p>\n<ul>\n<li>clart\u00e9 et la transparence quant au <strong>niveau d&#8217;int\u00e9gration vis\u00e9<\/strong> (ampleur et profondeur) et \u00e0 la <strong>rapidit\u00e9 de son ex\u00e9cution<\/strong> ;<\/li>\n<li>des <strong>ressources<\/strong> humaines et financi\u00e8res adapt\u00e9es au plan d&#8217;int\u00e9gration ;<\/li>\n<li>un mod\u00e8le de <strong>gouvernance<\/strong> coh\u00e9rent avec les objectifs de l&#8217;int\u00e9gration ;<\/li>\n<li>une <strong>forte adh\u00e9sion<\/strong> de la direction locale.<\/li>\n<\/ul>\n<p>Nous apportons une <strong>mentalit\u00e9 pratique<\/strong> pour soutenir la direction locale et l&#8217;organisation globale dans l&#8217;int\u00e9gration harmonieuse des entreprises. Nos comp\u00e9tences en mati\u00e8re de conseil sont \u00e9galement mises \u00e0 profit pour identifier les synergies, les opportunit\u00e9s de croissance et les mesures d&#8217;am\u00e9lioration des performances.<\/p>\n<p>Les priorit\u00e9s d\u00e9pendent de la raison d&#8217;\u00eatre de l&#8217;acquisition et \u00e9volueront avec le temps, mais au cours des <strong>100 premiers jours<\/strong>, l&#8217;accent est g\u00e9n\u00e9ralement mis sur la gouvernance, le marketing et la communication, l&#8217;information financi\u00e8re, les ressources humaines et l&#8217;informatique.<\/p>\n<p>Nous g\u00e9rons <strong>tous les aspects du projet d&#8217;int\u00e9gration<\/strong>, y compris des chantiers de travail aussi divers que les opportunit\u00e9s de vente, les services, le d\u00e9veloppement de l&#8217;organisation, la gestion des lignes de produits, la fabrication, les achats et l&#8217;approvisionnement, la gestion des risques, le juridique et l&#8217;ESG.<\/p>\n<p>Une grande partie de notre mission est consacr\u00e9e \u00e0 la <strong>communication<\/strong> avec les \u00e9quipes et leur management, au <strong>reporting<\/strong> aupr\u00e8s des diff\u00e9rentes parties prenantes et \u00e0 la r\u00e9ussite de l&#8217;int\u00e9gration.<\/p>\n<p>Pour plus d&#8217;informations sur nos services PMI, n&#8217;h\u00e9sitez pas \u00e0 contacter <a href=\"mailto: pierre.lurin@investaura.fr\">pierre.lurin@investaura.fr<\/a>.<\/p>\n","protected":false},"excerpt":{"rendered":"<p>Investaura a \u00e9t\u00e9 mandat\u00e9e pour int\u00e9grer un groupe de soci\u00e9t\u00e9s r\u00e9cemment acquises par une soci\u00e9t\u00e9 internationale suivant une strat\u00e9gie de buy &amp; build. En tant qu&#8217;experts PMI, nous agissons en qualit\u00e9 de gestionnaire de projet, gestionnaire du changement et facilitateur.<\/p>\n","protected":false},"author":1,"featured_media":5113,"parent":5683,"menu_order":1,"comment_status":"closed","ping_status":"closed","template":"","meta":{"jetpack_post_was_ever_published":false},"yoast_head":"<!-- This site is optimized with the Yoast SEO plugin v20.4 - https:\/\/yoast.com\/wordpress\/plugins\/seo\/ -->\n<title>Int\u00e9gration post-fusion (PMI) en environnement international | Investaura<\/title>\n<meta name=\"robots\" content=\"index, follow, max-snippet:-1, max-image-preview:large, max-video-preview:-1\" \/>\n<link rel=\"canonical\" href=\"https:\/\/www.investaura.co\/wordpress\/boite-a-solutions\/post-merger-integration\/\" \/>\n<meta property=\"og:locale\" content=\"en_GB\" \/>\n<meta property=\"og:type\" content=\"article\" \/>\n<meta property=\"og:title\" content=\"Int\u00e9gration post-fusion (PMI) en environnement international | Investaura\" \/>\n<meta property=\"og:description\" content=\"Investaura a \u00e9t\u00e9 mandat\u00e9e pour int\u00e9grer un groupe de soci\u00e9t\u00e9s r\u00e9cemment acquises par une soci\u00e9t\u00e9 internationale suivant une strat\u00e9gie de buy &amp; build. En tant qu&#8217;experts PMI, nous agissons en qualit\u00e9 de gestionnaire de projet, gestionnaire du changement et facilitateur.\" \/>\n<meta property=\"og:url\" content=\"https:\/\/www.investaura.co\/wordpress\/boite-a-solutions\/post-merger-integration\/\" \/>\n<meta property=\"og:site_name\" content=\"Investaura\" \/>\n<meta property=\"article:modified_time\" content=\"2025-10-23T10:06:19+00:00\" \/>\n<meta property=\"og:image\" content=\"https:\/\/www.investaura.co\/wordpress\/wp-content\/uploads\/2016\/09\/shutterstock_189544340.jpg\" \/>\n\t<meta property=\"og:image:width\" content=\"1000\" \/>\n\t<meta property=\"og:image:height\" content=\"709\" \/>\n\t<meta property=\"og:image:type\" content=\"image\/jpeg\" \/>\n<meta name=\"twitter:card\" content=\"summary_large_image\" \/>\n<meta name=\"twitter:label1\" content=\"Estimated reading time\" \/>\n\t<meta name=\"twitter:data1\" content=\"2 minutes\" \/>\n<script type=\"application\/ld+json\" class=\"yoast-schema-graph\">{\"@context\":\"https:\/\/schema.org\",\"@graph\":[{\"@type\":\"WebPage\",\"@id\":\"https:\/\/www.investaura.co\/wordpress\/boite-a-solutions\/post-merger-integration\/\",\"url\":\"https:\/\/www.investaura.co\/wordpress\/boite-a-solutions\/post-merger-integration\/\",\"name\":\"Int\u00e9gration post-fusion (PMI) en environnement international | Investaura\",\"isPartOf\":{\"@id\":\"https:\/\/www.investaura.co\/wordpress\/#website\"},\"datePublished\":\"2024-07-01T08:01:57+00:00\",\"dateModified\":\"2025-10-23T10:06:19+00:00\",\"breadcrumb\":{\"@id\":\"https:\/\/www.investaura.co\/wordpress\/boite-a-solutions\/post-merger-integration\/#breadcrumb\"},\"inLanguage\":\"en-GB\",\"potentialAction\":[{\"@type\":\"ReadAction\",\"target\":[\"https:\/\/www.investaura.co\/wordpress\/boite-a-solutions\/post-merger-integration\/\"]}]},{\"@type\":\"BreadcrumbList\",\"@id\":\"https:\/\/www.investaura.co\/wordpress\/boite-a-solutions\/post-merger-integration\/#breadcrumb\",\"itemListElement\":[{\"@type\":\"ListItem\",\"position\":1,\"name\":\"Home\",\"item\":\"https:\/\/www.investaura.co\/wordpress\/\"},{\"@type\":\"ListItem\",\"position\":2,\"name\":\"Solutions Showcase\",\"item\":\"https:\/\/www.investaura.co\/wordpress\/boite-a-solutions\/\"},{\"@type\":\"ListItem\",\"position\":3,\"name\":\"Int\u00e9gration post-fusion (PMI) en environnement international\"}]},{\"@type\":\"WebSite\",\"@id\":\"https:\/\/www.investaura.co\/wordpress\/#website\",\"url\":\"https:\/\/www.investaura.co\/wordpress\/\",\"name\":\"Investaura\",\"description\":\"The Value Creation Consultants\",\"publisher\":{\"@id\":\"https:\/\/www.investaura.co\/wordpress\/#organization\"},\"potentialAction\":[{\"@type\":\"SearchAction\",\"target\":{\"@type\":\"EntryPoint\",\"urlTemplate\":\"https:\/\/www.investaura.co\/wordpress\/?s={search_term_string}\"},\"query-input\":\"required name=search_term_string\"}],\"inLanguage\":\"en-GB\"},{\"@type\":\"Organization\",\"@id\":\"https:\/\/www.investaura.co\/wordpress\/#organization\",\"name\":\"Investaura\",\"url\":\"https:\/\/www.investaura.co\/wordpress\/\",\"logo\":{\"@type\":\"ImageObject\",\"inLanguage\":\"en-GB\",\"@id\":\"https:\/\/www.investaura.co\/wordpress\/#\/schema\/logo\/image\/\",\"url\":\"https:\/\/i0.wp.com\/www.investaura.co\/wordpress\/wp-content\/uploads\/Logo-INVESTAURA_RGB-blau-e1450351498844.jpg?fit=256%2C90&ssl=1\",\"contentUrl\":\"https:\/\/i0.wp.com\/www.investaura.co\/wordpress\/wp-content\/uploads\/Logo-INVESTAURA_RGB-blau-e1450351498844.jpg?fit=256%2C90&ssl=1\",\"width\":256,\"height\":90,\"caption\":\"Investaura\"},\"image\":{\"@id\":\"https:\/\/www.investaura.co\/wordpress\/#\/schema\/logo\/image\/\"},\"sameAs\":[\"https:\/\/www.linkedin.com\/company\/1229653\"]}]}<\/script>\n<!-- \/ Yoast SEO plugin. -->","yoast_head_json":{"title":"Int\u00e9gration post-fusion (PMI) en environnement international | Investaura","robots":{"index":"index","follow":"follow","max-snippet":"max-snippet:-1","max-image-preview":"max-image-preview:large","max-video-preview":"max-video-preview:-1"},"canonical":"https:\/\/www.investaura.co\/wordpress\/boite-a-solutions\/post-merger-integration\/","og_locale":"en_GB","og_type":"article","og_title":"Int\u00e9gration post-fusion (PMI) en environnement international | Investaura","og_description":"Investaura a \u00e9t\u00e9 mandat\u00e9e pour int\u00e9grer un groupe de soci\u00e9t\u00e9s r\u00e9cemment acquises par une soci\u00e9t\u00e9 internationale suivant une strat\u00e9gie de buy &amp; build. En tant qu&#8217;experts PMI, nous agissons en qualit\u00e9 de gestionnaire de projet, gestionnaire du changement et facilitateur.","og_url":"https:\/\/www.investaura.co\/wordpress\/boite-a-solutions\/post-merger-integration\/","og_site_name":"Investaura","article_modified_time":"2025-10-23T10:06:19+00:00","og_image":[{"width":1000,"height":709,"url":"https:\/\/www.investaura.co\/wordpress\/wp-content\/uploads\/2016\/09\/shutterstock_189544340.jpg","type":"image\/jpeg"}],"twitter_card":"summary_large_image","twitter_misc":{"Estimated reading time":"2 minutes"},"schema":{"@context":"https:\/\/schema.org","@graph":[{"@type":"WebPage","@id":"https:\/\/www.investaura.co\/wordpress\/boite-a-solutions\/post-merger-integration\/","url":"https:\/\/www.investaura.co\/wordpress\/boite-a-solutions\/post-merger-integration\/","name":"Int\u00e9gration post-fusion (PMI) en environnement international | Investaura","isPartOf":{"@id":"https:\/\/www.investaura.co\/wordpress\/#website"},"datePublished":"2024-07-01T08:01:57+00:00","dateModified":"2025-10-23T10:06:19+00:00","breadcrumb":{"@id":"https:\/\/www.investaura.co\/wordpress\/boite-a-solutions\/post-merger-integration\/#breadcrumb"},"inLanguage":"en-GB","potentialAction":[{"@type":"ReadAction","target":["https:\/\/www.investaura.co\/wordpress\/boite-a-solutions\/post-merger-integration\/"]}]},{"@type":"BreadcrumbList","@id":"https:\/\/www.investaura.co\/wordpress\/boite-a-solutions\/post-merger-integration\/#breadcrumb","itemListElement":[{"@type":"ListItem","position":1,"name":"Home","item":"https:\/\/www.investaura.co\/wordpress\/"},{"@type":"ListItem","position":2,"name":"Solutions Showcase","item":"https:\/\/www.investaura.co\/wordpress\/boite-a-solutions\/"},{"@type":"ListItem","position":3,"name":"Int\u00e9gration post-fusion (PMI) en environnement international"}]},{"@type":"WebSite","@id":"https:\/\/www.investaura.co\/wordpress\/#website","url":"https:\/\/www.investaura.co\/wordpress\/","name":"Investaura","description":"The Value Creation Consultants","publisher":{"@id":"https:\/\/www.investaura.co\/wordpress\/#organization"},"potentialAction":[{"@type":"SearchAction","target":{"@type":"EntryPoint","urlTemplate":"https:\/\/www.investaura.co\/wordpress\/?s={search_term_string}"},"query-input":"required name=search_term_string"}],"inLanguage":"en-GB"},{"@type":"Organization","@id":"https:\/\/www.investaura.co\/wordpress\/#organization","name":"Investaura","url":"https:\/\/www.investaura.co\/wordpress\/","logo":{"@type":"ImageObject","inLanguage":"en-GB","@id":"https:\/\/www.investaura.co\/wordpress\/#\/schema\/logo\/image\/","url":"https:\/\/i0.wp.com\/www.investaura.co\/wordpress\/wp-content\/uploads\/Logo-INVESTAURA_RGB-blau-e1450351498844.jpg?fit=256%2C90&ssl=1","contentUrl":"https:\/\/i0.wp.com\/www.investaura.co\/wordpress\/wp-content\/uploads\/Logo-INVESTAURA_RGB-blau-e1450351498844.jpg?fit=256%2C90&ssl=1","width":256,"height":90,"caption":"Investaura"},"image":{"@id":"https:\/\/www.investaura.co\/wordpress\/#\/schema\/logo\/image\/"},"sameAs":["https:\/\/www.linkedin.com\/company\/1229653"]}]}},"jetpack_shortlink":"https:\/\/wp.me\/P7ecno-23L","jetpack-related-posts":[{"id":6303,"url":"https:\/\/www.investaura.co\/wordpress\/nos-services\/conseil\/strategie-et-business-planning\/","url_meta":{"origin":7921,"position":0},"title":"Strat\u00e9gie et planification d&#8217;entreprise","date":"March 26, 2015","format":false,"excerpt":"Les consultants d'Investaura ont une vaste exp\u00e9rience dans le domaine de la strat\u00e9gie - appliqu\u00e9e, d\u00e9taill\u00e9e - et de la planification d'entreprise - quantifi\u00e9e, robuste, r\u00e9alisable - remontant au milieu des ann\u00e9es 1990. Nous comprenons les petites et les grandes entreprises. Nous sommes des consultants devenus entrepreneurs et savons ce\u2026","rel":"","context":"Similar post","img":{"alt_text":"","src":"https:\/\/i0.wp.com\/www.investaura.co\/wordpress\/wp-content\/uploads\/2016\/02\/shutterstock_282394148_smaller.jpg?fit=1024%2C683&ssl=1&resize=350%2C200","width":350,"height":200},"classes":[]},{"id":5676,"url":"https:\/\/www.investaura.co\/wordpress\/boite-a-solutions\/intelligent-transportation-systems-its\/","url_meta":{"origin":7921,"position":1},"title":"D\u00e9velopper une candidature gagnante pour un projet ITS","date":"January 18, 2017","format":false,"excerpt":"Le march\u00e9 mondial des syst\u00e8mes de transport intelligents (ITS) devrait cro\u00eetre de 12% par an, passant de $36 millards en 2015 \u00e0 $64 milliards en 2020. Le financement des infrastructures de transport par le biais les solutions de paiement par p\u00e9age constitue la majeur partie du march\u00e9. Forts de leur\u2026","rel":"","context":"Similar post","img":{"alt_text":"","src":"https:\/\/i0.wp.com\/www.investaura.co\/wordpress\/wp-content\/uploads\/2022\/03\/PropTech_small.jpg?fit=1024%2C683&ssl=1&resize=350%2C200","width":350,"height":200},"classes":[]},{"id":6271,"url":"https:\/\/www.investaura.co\/wordpress\/nos-services\/fusions-et-acquisitions\/les-vrais-defis-de-ma-projets\/","url_meta":{"origin":7921,"position":2},"title":"Les vrais d\u00e9fis des projets M &amp; A","date":"March 24, 2015","format":false,"excerpt":"En nous fondant sur notre exp\u00e9rience de longue date dans le domaine des fusions et acquisitions, nous croyons que les v\u00e9ritables d\u00e9fis des missions de fusion et d'acquisition sont les suivants: Trouver la cible qui vous convient le mieux: La clart\u00e9 et la pr\u00e9cision du positionnement strat\u00e9gique de l'acheteur, ainsi\u2026","rel":"","context":"Similar post","img":{"alt_text":"","src":"","width":0,"height":0},"classes":[]},{"id":6732,"url":"https:\/\/www.investaura.co\/wordpress\/boite-a-solutions\/ma-dans-le-secteur-aeroportuaire\/","url_meta":{"origin":7921,"position":3},"title":"M&#038;A dans le secteur a\u00e9roportuaire","date":"January 30, 2019","format":false,"excerpt":"Malgr\u00e9 la r\u00e9cession de 2008-2009, le march\u00e9 mondial du transport a\u00e9rien a affich\u00e9 une forte croissance au cours de la derni\u00e8re d\u00e9cennie, tant en nombre de passagers (+ 62,8% entre 2007 et 2018) qu'en volume de fret (+ 40,6% sur la m\u00eame p\u00e9riode). Plus de la moiti\u00e9 des 1,4 milliard\u2026","rel":"","context":"Similar post","img":{"alt_text":"","src":"https:\/\/i0.wp.com\/www.investaura.co\/wordpress\/wp-content\/uploads\/2019\/01\/shutterstock_324754607_smaller3.jpg?fit=1024%2C429&ssl=1&resize=350%2C200","width":350,"height":200},"classes":[]},{"id":5703,"url":"https:\/\/www.investaura.co\/wordpress\/boite-a-solutions\/client-produit-couts-rentabilite-analyse\/","url_meta":{"origin":7921,"position":4},"title":"Analyse des co\u00fbts et de la rentabilit\u00e9 des clients &amp; produits","date":"February 1, 2018","format":false,"excerpt":"La soci\u00e9t\u00e9 Investaura a le plaisir de pr\u00e9senter son nouveau Livre Blanc sur l'analyse des co\u00fbts bas\u00e9s sur les activit\u00e9s (Activity-Based Costing), qui fournit une feuille de route d\u00e9taill\u00e9e pour une mise en \u0153uvre op\u00e9rationnelle en 5 semaines. Quantifier le co\u00fbt des produits et des services a la r\u00e9putation d'\u00eatre\u2026","rel":"","context":"Similar post","img":{"alt_text":"","src":"https:\/\/i0.wp.com\/www.investaura.co\/wordpress\/wp-content\/uploads\/2018\/02\/tracings.png?fit=1200%2C576&ssl=1&resize=350%2C200","width":350,"height":200},"classes":[]},{"id":6249,"url":"https:\/\/www.investaura.co\/wordpress\/nos-services\/marketing-ventes-support\/go-to-market-strategie\/","url_meta":{"origin":7921,"position":5},"title":"Strat\u00e9gie de commercialisation","date":"December 2, 2015","format":false,"excerpt":"Pour r\u00e9ussir sur les nouveaux march\u00e9s, il est fondamental d'avoir une compr\u00e9hension syst\u00e9matique des segments de march\u00e9 cibles, des exigences des clients et des canaux de distribution. Nos consultants poss\u00e8dent une exp\u00e9rience internationale et de nombreuses ann\u00e9es d'exp\u00e9rience dans l'industrie; ils vous aident \u00e0 comprendre l'environnement externe et la meilleure\u2026","rel":"","context":"Similar post","img":{"alt_text":"","src":"https:\/\/i0.wp.com\/www.investaura.co\/wordpress\/wp-content\/uploads\/2015\/12\/shutterstock_209058313_smaller.jpg?fit=1024%2C682&ssl=1&resize=350%2C200","width":350,"height":200},"classes":[]}],"jetpack_sharing_enabled":true,"_links":{"self":[{"href":"https:\/\/www.investaura.co\/wordpress\/wp-json\/wp\/v2\/pages\/7921"}],"collection":[{"href":"https:\/\/www.investaura.co\/wordpress\/wp-json\/wp\/v2\/pages"}],"about":[{"href":"https:\/\/www.investaura.co\/wordpress\/wp-json\/wp\/v2\/types\/page"}],"author":[{"embeddable":true,"href":"https:\/\/www.investaura.co\/wordpress\/wp-json\/wp\/v2\/users\/1"}],"replies":[{"embeddable":true,"href":"https:\/\/www.investaura.co\/wordpress\/wp-json\/wp\/v2\/comments?post=7921"}],"version-history":[{"count":19,"href":"https:\/\/www.investaura.co\/wordpress\/wp-json\/wp\/v2\/pages\/7921\/revisions"}],"predecessor-version":[{"id":8193,"href":"https:\/\/www.investaura.co\/wordpress\/wp-json\/wp\/v2\/pages\/7921\/revisions\/8193"}],"up":[{"embeddable":true,"href":"https:\/\/www.investaura.co\/wordpress\/wp-json\/wp\/v2\/pages\/5683"}],"wp:featuredmedia":[{"embeddable":true,"href":"https:\/\/www.investaura.co\/wordpress\/wp-json\/wp\/v2\/media\/5113"}],"wp:attachment":[{"href":"https:\/\/www.investaura.co\/wordpress\/wp-json\/wp\/v2\/media?parent=7921"}],"curies":[{"name":"wp","href":"https:\/\/api.w.org\/{rel}","templated":true}]}}