{"id":7919,"date":"2024-07-01T10:01:57","date_gmt":"2024-07-01T08:01:57","guid":{"rendered":"http:\/\/www.investaura.co\/?page_id=7919"},"modified":"2025-10-23T12:04:02","modified_gmt":"2025-10-23T10:04:02","slug":"post-merger-integration","status":"publish","type":"page","link":"https:\/\/www.investaura.co\/wordpress\/losungen\/post-merger-integration\/","title":{"rendered":"Post-Merger Integration in einem internationalen Umfeld"},"content":{"rendered":"<p>Investaura wurde von einem PE-finanzierten Unternehmen, das eine Buy-and-Build-Strategie verfolgt, mit der Integration einer Gruppe von k\u00fcrzlich erworbenen Unternehmen beauftragt. Als PMI-Experten fungieren wir als Projektmanager, Change Manager und Moderator.<!--more--><\/p>\n<p>Wir verstehen die wichtigsten <strong>Erfolgsfaktoren<\/strong>:<\/p>\n<ul>\n<li>Klarheit und Transparenz hinsichtlich des<strong> angestrebten Integrationsgrades<\/strong> (Breite und Tiefe) sowie der <strong>Geschwindigkeit<\/strong> der Integration<\/li>\n<li>personelle und finanzielle<strong> Ressourcen<\/strong>, die mit dem Integrationsplan im Einklang stehen<\/li>\n<li>ein <strong>Governance-Modell<\/strong>, das mit den Zielen der Integration \u00fcbereinstimmt<\/li>\n<li>die starke<strong> Zustimmung durch das lokale Management<\/strong>.<\/li>\n<\/ul>\n<p>Wir bringen eine <strong>Hands-on-Mentalit\u00e4t<\/strong> mit, um das lokale Management und die globale Organisation bei der reibungslosen Integration der Unternehmen zu unterst\u00fctzen. Unsere Beratungskompetenz kommt auch bei der Identifizierung von Synergien, Wachstumschancen und Ma\u00dfnahmen zur Leistungssteigerung zum Tragen.<\/p>\n<p>W\u00e4hrend die Priorit\u00e4ten von den Gr\u00fcnden f\u00fcr die \u00dcbernahme abh\u00e4ngen und sich im Laufe der Zeit \u00e4ndern werden, liegt der <strong>Schwerpunkt in den ersten 100 Tagen<\/strong> in der Regel auf den Bereichen Unternehmensf\u00fchrung, Marketing und Kommunikation, Finanzberichterstattung, Personalwesen und IT.<\/p>\n<p>Wir managen <strong>alle Aspekte des Integrationsprojekts<\/strong>, einschlie\u00dflich Arbeitsabl\u00e4ufe zu so unterschiedlichen Themen wie Absatzm\u00f6glichkeiten, Dienstleistungen, Organisationsentwicklung, Produktlinienmanagement, Produktion, Einkauf und Beschaffung, Risikomanagement, Recht und ESG.<\/p>\n<p>Ein gro\u00dfer Teil unserer Aufgabe besteht darin, mit den Teams und ihrem Management zu <strong>kommunizieren<\/strong>, den verschiedenen Interessengruppen <strong>Bericht zu erstatten<\/strong> und sicherzustellen, dass die Integration ein Erfolg wird.<\/p>\n<p>F\u00fcr weitere Informationen \u00fcber unsere PMI-Dienstleistungen k\u00f6nnen Sie uns gerne <a href=\"mailto: pierre.lurin@investaura.de\">pierre.lurin@investaura.de<\/a> kontaktieren.<\/p>\n","protected":false},"excerpt":{"rendered":"<p>Investaura wurde von einem PE-finanzierten Unternehmen, das eine Buy-and-Build-Strategie verfolgt, mit der Integration einer Gruppe von k\u00fcrzlich erworbenen Unternehmen beauftragt. Als PMI-Experten fungieren wir als Projektmanager, Change Manager und Moderator.<\/p>\n","protected":false},"author":1,"featured_media":5113,"parent":5685,"menu_order":1,"comment_status":"closed","ping_status":"closed","template":"","meta":{"jetpack_post_was_ever_published":false},"yoast_head":"<!-- This site is optimized with the Yoast SEO plugin v20.4 - https:\/\/yoast.com\/wordpress\/plugins\/seo\/ -->\n<title>Post-Merger Integration in einem internationalen Umfeld | Investaura<\/title>\n<meta name=\"robots\" content=\"index, follow, max-snippet:-1, max-image-preview:large, max-video-preview:-1\" \/>\n<link rel=\"canonical\" href=\"https:\/\/www.investaura.co\/wordpress\/losungen\/post-merger-integration\/\" \/>\n<meta property=\"og:locale\" content=\"en_GB\" \/>\n<meta property=\"og:type\" content=\"article\" \/>\n<meta property=\"og:title\" content=\"Post-Merger Integration in einem internationalen Umfeld | Investaura\" \/>\n<meta property=\"og:description\" content=\"Investaura wurde von einem PE-finanzierten Unternehmen, das eine Buy-and-Build-Strategie verfolgt, mit der Integration einer Gruppe von k\u00fcrzlich erworbenen Unternehmen beauftragt. Als PMI-Experten fungieren wir als Projektmanager, Change Manager und Moderator.\" \/>\n<meta property=\"og:url\" content=\"https:\/\/www.investaura.co\/wordpress\/losungen\/post-merger-integration\/\" \/>\n<meta property=\"og:site_name\" content=\"Investaura\" \/>\n<meta property=\"article:modified_time\" content=\"2025-10-23T10:04:02+00:00\" \/>\n<meta property=\"og:image\" content=\"https:\/\/www.investaura.co\/wordpress\/wp-content\/uploads\/2016\/09\/shutterstock_189544340.jpg\" \/>\n\t<meta property=\"og:image:width\" content=\"1000\" \/>\n\t<meta property=\"og:image:height\" content=\"709\" \/>\n\t<meta property=\"og:image:type\" content=\"image\/jpeg\" \/>\n<meta name=\"twitter:card\" content=\"summary_large_image\" \/>\n<meta name=\"twitter:label1\" content=\"Estimated reading time\" \/>\n\t<meta name=\"twitter:data1\" content=\"1 minute\" \/>\n<script type=\"application\/ld+json\" class=\"yoast-schema-graph\">{\"@context\":\"https:\/\/schema.org\",\"@graph\":[{\"@type\":\"WebPage\",\"@id\":\"https:\/\/www.investaura.co\/wordpress\/losungen\/post-merger-integration\/\",\"url\":\"https:\/\/www.investaura.co\/wordpress\/losungen\/post-merger-integration\/\",\"name\":\"Post-Merger Integration in einem internationalen Umfeld | Investaura\",\"isPartOf\":{\"@id\":\"https:\/\/www.investaura.co\/wordpress\/#website\"},\"datePublished\":\"2024-07-01T08:01:57+00:00\",\"dateModified\":\"2025-10-23T10:04:02+00:00\",\"breadcrumb\":{\"@id\":\"https:\/\/www.investaura.co\/wordpress\/losungen\/post-merger-integration\/#breadcrumb\"},\"inLanguage\":\"en-GB\",\"potentialAction\":[{\"@type\":\"ReadAction\",\"target\":[\"https:\/\/www.investaura.co\/wordpress\/losungen\/post-merger-integration\/\"]}]},{\"@type\":\"BreadcrumbList\",\"@id\":\"https:\/\/www.investaura.co\/wordpress\/losungen\/post-merger-integration\/#breadcrumb\",\"itemListElement\":[{\"@type\":\"ListItem\",\"position\":1,\"name\":\"Home\",\"item\":\"https:\/\/www.investaura.co\/wordpress\/\"},{\"@type\":\"ListItem\",\"position\":2,\"name\":\"L\u00f6sungen Showcase\",\"item\":\"https:\/\/www.investaura.co\/wordpress\/losungen\/\"},{\"@type\":\"ListItem\",\"position\":3,\"name\":\"Post-Merger Integration in einem internationalen Umfeld\"}]},{\"@type\":\"WebSite\",\"@id\":\"https:\/\/www.investaura.co\/wordpress\/#website\",\"url\":\"https:\/\/www.investaura.co\/wordpress\/\",\"name\":\"Investaura\",\"description\":\"The Value Creation Consultants\",\"publisher\":{\"@id\":\"https:\/\/www.investaura.co\/wordpress\/#organization\"},\"potentialAction\":[{\"@type\":\"SearchAction\",\"target\":{\"@type\":\"EntryPoint\",\"urlTemplate\":\"https:\/\/www.investaura.co\/wordpress\/?s={search_term_string}\"},\"query-input\":\"required name=search_term_string\"}],\"inLanguage\":\"en-GB\"},{\"@type\":\"Organization\",\"@id\":\"https:\/\/www.investaura.co\/wordpress\/#organization\",\"name\":\"Investaura\",\"url\":\"https:\/\/www.investaura.co\/wordpress\/\",\"logo\":{\"@type\":\"ImageObject\",\"inLanguage\":\"en-GB\",\"@id\":\"https:\/\/www.investaura.co\/wordpress\/#\/schema\/logo\/image\/\",\"url\":\"https:\/\/i0.wp.com\/www.investaura.co\/wordpress\/wp-content\/uploads\/Logo-INVESTAURA_RGB-blau-e1450351498844.jpg?fit=256%2C90&ssl=1\",\"contentUrl\":\"https:\/\/i0.wp.com\/www.investaura.co\/wordpress\/wp-content\/uploads\/Logo-INVESTAURA_RGB-blau-e1450351498844.jpg?fit=256%2C90&ssl=1\",\"width\":256,\"height\":90,\"caption\":\"Investaura\"},\"image\":{\"@id\":\"https:\/\/www.investaura.co\/wordpress\/#\/schema\/logo\/image\/\"},\"sameAs\":[\"https:\/\/www.linkedin.com\/company\/1229653\"]}]}<\/script>\n<!-- \/ Yoast SEO plugin. -->","yoast_head_json":{"title":"Post-Merger Integration in einem internationalen Umfeld | Investaura","robots":{"index":"index","follow":"follow","max-snippet":"max-snippet:-1","max-image-preview":"max-image-preview:large","max-video-preview":"max-video-preview:-1"},"canonical":"https:\/\/www.investaura.co\/wordpress\/losungen\/post-merger-integration\/","og_locale":"en_GB","og_type":"article","og_title":"Post-Merger Integration in einem internationalen Umfeld | Investaura","og_description":"Investaura wurde von einem PE-finanzierten Unternehmen, das eine Buy-and-Build-Strategie verfolgt, mit der Integration einer Gruppe von k\u00fcrzlich erworbenen Unternehmen beauftragt. Als PMI-Experten fungieren wir als Projektmanager, Change Manager und Moderator.","og_url":"https:\/\/www.investaura.co\/wordpress\/losungen\/post-merger-integration\/","og_site_name":"Investaura","article_modified_time":"2025-10-23T10:04:02+00:00","og_image":[{"width":1000,"height":709,"url":"https:\/\/www.investaura.co\/wordpress\/wp-content\/uploads\/2016\/09\/shutterstock_189544340.jpg","type":"image\/jpeg"}],"twitter_card":"summary_large_image","twitter_misc":{"Estimated reading time":"1 minute"},"schema":{"@context":"https:\/\/schema.org","@graph":[{"@type":"WebPage","@id":"https:\/\/www.investaura.co\/wordpress\/losungen\/post-merger-integration\/","url":"https:\/\/www.investaura.co\/wordpress\/losungen\/post-merger-integration\/","name":"Post-Merger Integration in einem internationalen Umfeld | Investaura","isPartOf":{"@id":"https:\/\/www.investaura.co\/wordpress\/#website"},"datePublished":"2024-07-01T08:01:57+00:00","dateModified":"2025-10-23T10:04:02+00:00","breadcrumb":{"@id":"https:\/\/www.investaura.co\/wordpress\/losungen\/post-merger-integration\/#breadcrumb"},"inLanguage":"en-GB","potentialAction":[{"@type":"ReadAction","target":["https:\/\/www.investaura.co\/wordpress\/losungen\/post-merger-integration\/"]}]},{"@type":"BreadcrumbList","@id":"https:\/\/www.investaura.co\/wordpress\/losungen\/post-merger-integration\/#breadcrumb","itemListElement":[{"@type":"ListItem","position":1,"name":"Home","item":"https:\/\/www.investaura.co\/wordpress\/"},{"@type":"ListItem","position":2,"name":"L\u00f6sungen Showcase","item":"https:\/\/www.investaura.co\/wordpress\/losungen\/"},{"@type":"ListItem","position":3,"name":"Post-Merger Integration in einem internationalen Umfeld"}]},{"@type":"WebSite","@id":"https:\/\/www.investaura.co\/wordpress\/#website","url":"https:\/\/www.investaura.co\/wordpress\/","name":"Investaura","description":"The Value Creation Consultants","publisher":{"@id":"https:\/\/www.investaura.co\/wordpress\/#organization"},"potentialAction":[{"@type":"SearchAction","target":{"@type":"EntryPoint","urlTemplate":"https:\/\/www.investaura.co\/wordpress\/?s={search_term_string}"},"query-input":"required name=search_term_string"}],"inLanguage":"en-GB"},{"@type":"Organization","@id":"https:\/\/www.investaura.co\/wordpress\/#organization","name":"Investaura","url":"https:\/\/www.investaura.co\/wordpress\/","logo":{"@type":"ImageObject","inLanguage":"en-GB","@id":"https:\/\/www.investaura.co\/wordpress\/#\/schema\/logo\/image\/","url":"https:\/\/i0.wp.com\/www.investaura.co\/wordpress\/wp-content\/uploads\/Logo-INVESTAURA_RGB-blau-e1450351498844.jpg?fit=256%2C90&ssl=1","contentUrl":"https:\/\/i0.wp.com\/www.investaura.co\/wordpress\/wp-content\/uploads\/Logo-INVESTAURA_RGB-blau-e1450351498844.jpg?fit=256%2C90&ssl=1","width":256,"height":90,"caption":"Investaura"},"image":{"@id":"https:\/\/www.investaura.co\/wordpress\/#\/schema\/logo\/image\/"},"sameAs":["https:\/\/www.linkedin.com\/company\/1229653"]}]}},"jetpack_shortlink":"https:\/\/wp.me\/P7ecno-23J","jetpack-related-posts":[{"id":7373,"url":"https:\/\/www.investaura.co\/wordpress\/losungen\/sell-side-ma-erfolgreichere-transaktionen-mit-kommerziellen-und-finanziellen-factbooks\/","url_meta":{"origin":7919,"position":0},"title":"Sell-side M&#038;A: Erfolgreichere Transaktionen mit kommerziellen und finanziellen Factbooks","date":"August 7, 2020","format":false,"excerpt":"Wenn Unternehmer und F\u00fchrungskr\u00e4fte kleiner und mittlerer Unternehmen Gespr\u00e4che mit finanziellen oder strategischen Investoren f\u00fchren, begeben sie sich auf eine Reise, die sie sowohl in ihrer Komplexit\u00e4t als auch in ihrer Dauer oft stark untersch\u00e4tzen. Es steht au\u00dfer Frage, dass das Management das Unternehmen und seine Geschichte am besten kennt.\u2026","rel":"","context":"Similar post","img":{"alt_text":"","src":"https:\/\/i0.wp.com\/www.investaura.co\/wordpress\/wp-content\/uploads\/2020\/08\/shutterstock_316625645_resized.jpg?fit=1024%2C676&ssl=1&resize=350%2C200","width":350,"height":200},"classes":[]},{"id":7590,"url":"https:\/\/www.investaura.co\/wordpress\/losungen\/exit-strategie-fuer-proptech-europa\/","url_meta":{"origin":7919,"position":1},"title":"Exit-Strategie f\u00fcr PropTech in Europa","date":"March 7, 2022","format":false,"excerpt":"Zur Zeit gibt es mehr als 3000 PropTech-Unternehmen in Europa. Viele von ihnen, die nach 2010 gegr\u00fcndet wurden, wurden zun\u00e4chst von der Gr\u00f6\u00dfe des Immobilienmarktes und der M\u00f6glichkeit angezogen, eine Branche umzugestalten, die bis vor kurzem noch keinen Druck zur Digitalisierung versp\u00fcrt hat. Leider erleben viele junge Unternehmen nicht das\u2026","rel":"","context":"Similar post","img":{"alt_text":"","src":"https:\/\/i0.wp.com\/www.investaura.co\/wordpress\/wp-content\/uploads\/2017\/01\/shutterstock_182278607.jpg?fit=1000%2C836&ssl=1&resize=350%2C200","width":350,"height":200},"classes":[]},{"id":6264,"url":"https:\/\/www.investaura.co\/wordpress\/dienstleistungen\/mergers-and-acquisitions\/sell-side-dont-brauchen-ma-berater\/","url_meta":{"origin":7919,"position":2},"title":"Verkaufsseite: Brauchen Sie keinen M&#038;A-Berater?","date":"April 4, 2017","format":false,"excerpt":"Verkaufen Sie Ihre Firma In der heutigen wettbewerbsorientierten Welt sind Gewinn und Wachstum fundamentale Quellen der Wertsch\u00f6pfung f\u00fcr Unternehmer und Aktion\u00e4re. Wenn Sie nicht wachsen, werden es Ihre Konkurrenten tun, und diese k\u00f6nnten schlie\u00dflich Ihr Gesch\u00e4ft in den Schatten stellen und gef\u00e4hrden. Selbst wenn Sie eine profitable Nische f\u00fcr Ihr\u2026","rel":"","context":"Similar post","img":{"alt_text":"","src":"https:\/\/i0.wp.com\/www.investaura.co\/wordpress\/wp-content\/uploads\/shutterstock_139401482.jpg?fit=1000%2C554&ssl=1&resize=350%2C200","width":350,"height":200},"classes":[]},{"id":6304,"url":"https:\/\/www.investaura.co\/wordpress\/dienstleistungen\/beratung\/strategie-und-business-planung\/","url_meta":{"origin":7919,"position":3},"title":"Strategie und Gesch\u00e4ftsplanung","date":"March 26, 2015","format":false,"excerpt":"Die Berater von Investaura verf\u00fcgen \u00fcber umfangreiche Erfahrung im Bereich der Strategie - angewandte, detaillierte - und Gesch\u00e4ftsplanung - quantifiziert, robust, umsetzbar -, die bis in die Mitte der 1990er Jahre zur\u00fcckreicht. Wir verstehen sowohl kleine als auch gro\u00dfe Unternehmen. Wir sind Berater, die zu Unternehmern werden und wissen, was\u2026","rel":"","context":"Similar post","img":{"alt_text":"","src":"https:\/\/i0.wp.com\/www.investaura.co\/wordpress\/wp-content\/uploads\/2016\/02\/shutterstock_282394148_smaller.jpg?fit=1024%2C683&ssl=1&resize=350%2C200","width":350,"height":200},"classes":[]},{"id":6759,"url":"https:\/\/www.investaura.co\/wordpress\/dienstleistungen\/geschaeftsplanung\/","url_meta":{"origin":7919,"position":4},"title":"Gesch\u00e4ftsplanung","date":"January 31, 2019","format":false,"excerpt":"Eine gro\u00dfe Anzahl von Managern ist an der Erstellung von Gesch\u00e4ftspl\u00e4nen beteiligt, sei es in einem Start-up, einem ausgereiften Unternehmen oder im Rahmen von M&A. Leider sind die Ergebnisse nicht immer \u00fcberzeugend. Investaura hat eine immense Erfahrung im Bereich der Finanzplanung. Gesch\u00e4ftsplanung ist eine ganzheitliche Aktivit\u00e4t, die nicht nur ein\u2026","rel":"","context":"Similar post","img":{"alt_text":"","src":"https:\/\/i0.wp.com\/www.investaura.co\/wordpress\/wp-content\/uploads\/2010\/09\/shutterstock_251280265_smaller.jpg?fit=1024%2C678&ssl=1&resize=350%2C200","width":350,"height":200},"classes":[]},{"id":5700,"url":"https:\/\/www.investaura.co\/wordpress\/losungen\/business-planning-bewertung\/","url_meta":{"origin":7919,"position":5},"title":"Business Plan und Unternehmensbewertung","date":"March 2, 2016","format":false,"excerpt":"Eine gro\u00dfe Anzahl von Managern arbeitet weltweit an der Erstellung von Gesch\u00e4ftspl\u00e4nen, sei es in einem Start-up-Unternehmen, im reifen Unternehmen oder im M&A-Kontext. Leider sind die Ergebnisse nicht immer \u00fcberzeugend oder korrekt! Gesch\u00e4ftsplanung ist eine ganzheitliche Aktivit\u00e4t, die nicht nur ein starkes Verst\u00e4ndnis des Unternehmens erfordert, sondern auch eine klare\u2026","rel":"","context":"Similar post","img":{"alt_text":"","src":"https:\/\/i0.wp.com\/www.investaura.co\/wordpress\/wp-content\/uploads\/2024\/07\/Business_Planning3.jpg?fit=1024%2C769&ssl=1&resize=350%2C200","width":350,"height":200},"classes":[]}],"jetpack_sharing_enabled":true,"_links":{"self":[{"href":"https:\/\/www.investaura.co\/wordpress\/wp-json\/wp\/v2\/pages\/7919"}],"collection":[{"href":"https:\/\/www.investaura.co\/wordpress\/wp-json\/wp\/v2\/pages"}],"about":[{"href":"https:\/\/www.investaura.co\/wordpress\/wp-json\/wp\/v2\/types\/page"}],"author":[{"embeddable":true,"href":"https:\/\/www.investaura.co\/wordpress\/wp-json\/wp\/v2\/users\/1"}],"replies":[{"embeddable":true,"href":"https:\/\/www.investaura.co\/wordpress\/wp-json\/wp\/v2\/comments?post=7919"}],"version-history":[{"count":14,"href":"https:\/\/www.investaura.co\/wordpress\/wp-json\/wp\/v2\/pages\/7919\/revisions"}],"predecessor-version":[{"id":8192,"href":"https:\/\/www.investaura.co\/wordpress\/wp-json\/wp\/v2\/pages\/7919\/revisions\/8192"}],"up":[{"embeddable":true,"href":"https:\/\/www.investaura.co\/wordpress\/wp-json\/wp\/v2\/pages\/5685"}],"wp:featuredmedia":[{"embeddable":true,"href":"https:\/\/www.investaura.co\/wordpress\/wp-json\/wp\/v2\/media\/5113"}],"wp:attachment":[{"href":"https:\/\/www.investaura.co\/wordpress\/wp-json\/wp\/v2\/media?parent=7919"}],"curies":[{"name":"wp","href":"https:\/\/api.w.org\/{rel}","templated":true}]}}