{"id":7597,"date":"2022-03-07T17:34:07","date_gmt":"2022-03-07T15:34:07","guid":{"rendered":"http:\/\/www.investaura.co\/?page_id=7597"},"modified":"2022-03-07T18:21:47","modified_gmt":"2022-03-07T16:21:47","slug":"strategies-de-sortie-pour-les-proptech-en-europe","status":"publish","type":"page","link":"https:\/\/www.investaura.co\/wordpress\/boite-a-solutions\/strategies-de-sortie-pour-les-proptech-en-europe\/","title":{"rendered":"Strat\u00e9gies de sortie pour les PropTech en Europe"},"content":{"rendered":"<p>Il existe aujourd&#8217;hui plus de 3 000 entreprises PropTech en Europe. Beaucoup d&#8217;entre elles, fond\u00e9es apr\u00e8s 2010, ont d&#8217;abord \u00e9t\u00e9 attir\u00e9es par la grande taille du march\u00e9 immobilier, et par l&#8217;opportunit\u00e9 de transformer une industrie qui n&#8217;a pas ressenti la pression de la digitalisation jusqu&#8217;\u00e0 r\u00e9cemment.<!--more--><\/p>\n<p>Malheureusement, beaucoup de jeunes entreprises ne connaissent pas la croissance exponentielle qu&#8217;elles attendaient, ou que leurs actionnaires attendaient d&#8217;elles. M\u00eame si chaque situation est unique, de grands fils conducteurs traversent l&#8217;industrie de la PropTech :<\/p>\n<ul>\n<li>De nombreux propri\u00e9taires de biens immobiliers ne ressentent pas (encore) l&#8217;urgence d&#8217;agir. Les start-ups ont souvent trouv\u00e9 que vendre \u00e0 un secteur conservateur prenait du temps et n\u00e9cessitait beaucoup de main-d&#8217;\u0153uvre, ce qui limitait leurs possibilit\u00e9s d&#8217;expansion.<\/li>\n<li>Les points douloureux abord\u00e9s par certaines start-ups sont trop pr\u00e9cis, et cette approche \u00e9troite peut limiter leur potentiel de croissance. Toutes les solutions Protech ne vont pas r\u00e9volutionner leur march\u00e9.<\/li>\n<li>Les acteurs historiques qui r\u00e9pondent d\u00e9j\u00e0 aux besoins du secteur de l&#8217;immobilier ne sont pas non plus rest\u00e9s inactifs, mais ont d\u00e9fini et mis en \u0153uvre leurs strat\u00e9gies d&#8217;innovation avec un succ\u00e8s raisonnable.<\/li>\n<\/ul>\n<p>En 2022,\u00a0la plupart des propri\u00e9taires de PropTech se rendent compte qu&#8217;ils doivent faire face \u00e0 des acteurs historiques profond\u00e9ment enracin\u00e9s et \u00e0 une croissance \u00e0 deux chiffres plut\u00f4t qu&#8217;\u00e0 trois chiffres de leurs revenus. Quelles sont les options pour aller de l&#8217;avant ?<\/p>\n<p>En fin de compte, chaque jeune entreprise devra s&#8217;engager dans l&#8217;une des voies suivantes :<\/p>\n<ul>\n<li>Rester une petite entreprise \u00e0 croissance lente, lorsque l&#8217;entreprise est d\u00e9j\u00e0 autofinanc\u00e9e, que les besoins en fonds de roulement sont faibles et que les actionnaires actuels ne subissent pas de pression pour consacrer leur temps et leur argent \u00e0 des activit\u00e9s plus rentables.<\/li>\n<li>Lever des fonds suppl\u00e9mentaires pour financer la croissance actuelle et future, tant du point de vue du portefeuille de produits que des canaux de vente.<\/li>\n<li>Vendre \u00e0 un acteur plus important qui a un &#8220;white spot&#8221; dans le domaine couvert par la jeune entreprise mais qui aurait besoin de trop de temps pour d\u00e9velopper la solution innovante en interne.<\/li>\n<\/ul>\n<p>Investaura est \u00e0 l&#8217;avant-garde de la num\u00e9risation de l&#8217;industrie immobili\u00e8re en Europe et a r\u00e9cemment \u00e9t\u00e9 mandat\u00e9 par plusieurs PropTech et leurs actionnaires pour les aider dans leurs strat\u00e9gies de sortie. N&#8217;h\u00e9sitez pas \u00e0 nous contacter directement pour discuter de la fa\u00e7on dont nous pourrions vous aider.<\/p>\n","protected":false},"excerpt":{"rendered":"<p>Il existe aujourd&#8217;hui plus de 3 000 entreprises PropTech en Europe. Beaucoup d&#8217;entre elles, fond\u00e9es apr\u00e8s 2010, ont d&#8217;abord \u00e9t\u00e9 attir\u00e9es par la grande taille du march\u00e9 immobilier, et par l&#8217;opportunit\u00e9 de transformer une industrie qui n&#8217;a pas ressenti la&#8230; <\/p>\n<div class=\"more-link-container\"><a class=\"more-link\" href=\"https:\/\/www.investaura.co\/wordpress\/boite-a-solutions\/strategies-de-sortie-pour-les-proptech-en-europe\/\">Read More<\/a><\/div>\n","protected":false},"author":1,"featured_media":5247,"parent":5683,"menu_order":7,"comment_status":"closed","ping_status":"closed","template":"","meta":{"jetpack_post_was_ever_published":false},"yoast_head":"<!-- This site is optimized with the Yoast SEO plugin v20.4 - https:\/\/yoast.com\/wordpress\/plugins\/seo\/ -->\n<title>Strat\u00e9gies de sortie pour les PropTech en Europe | Investaura<\/title>\n<meta name=\"robots\" content=\"index, follow, max-snippet:-1, max-image-preview:large, max-video-preview:-1\" \/>\n<link rel=\"canonical\" href=\"https:\/\/www.investaura.co\/wordpress\/boite-a-solutions\/strategies-de-sortie-pour-les-proptech-en-europe\/\" \/>\n<meta property=\"og:locale\" content=\"en_GB\" \/>\n<meta property=\"og:type\" content=\"article\" \/>\n<meta property=\"og:title\" content=\"Strat\u00e9gies de sortie pour les PropTech en Europe | Investaura\" \/>\n<meta property=\"og:description\" content=\"Il existe aujourd&#8217;hui plus de 3 000 entreprises PropTech en Europe. Beaucoup d&#8217;entre elles, fond\u00e9es apr\u00e8s 2010, ont d&#8217;abord \u00e9t\u00e9 attir\u00e9es par la grande taille du march\u00e9 immobilier, et par l&#8217;opportunit\u00e9 de transformer une industrie qui n&#8217;a pas ressenti la... Read More\" \/>\n<meta property=\"og:url\" content=\"https:\/\/www.investaura.co\/wordpress\/boite-a-solutions\/strategies-de-sortie-pour-les-proptech-en-europe\/\" \/>\n<meta property=\"og:site_name\" content=\"Investaura\" \/>\n<meta property=\"article:modified_time\" content=\"2022-03-07T16:21:47+00:00\" \/>\n<meta property=\"og:image\" content=\"https:\/\/i0.wp.com\/www.investaura.co\/wordpress\/wp-content\/uploads\/2017\/01\/shutterstock_182278607.jpg?fit=1000%2C836&ssl=1\" \/>\n\t<meta property=\"og:image:width\" content=\"1000\" \/>\n\t<meta property=\"og:image:height\" content=\"836\" \/>\n\t<meta property=\"og:image:type\" content=\"image\/jpeg\" \/>\n<meta name=\"twitter:card\" content=\"summary_large_image\" \/>\n<meta name=\"twitter:label1\" content=\"Estimated reading time\" \/>\n\t<meta name=\"twitter:data1\" content=\"2 minutes\" \/>\n<script type=\"application\/ld+json\" class=\"yoast-schema-graph\">{\"@context\":\"https:\/\/schema.org\",\"@graph\":[{\"@type\":\"WebPage\",\"@id\":\"https:\/\/www.investaura.co\/wordpress\/boite-a-solutions\/strategies-de-sortie-pour-les-proptech-en-europe\/\",\"url\":\"https:\/\/www.investaura.co\/wordpress\/boite-a-solutions\/strategies-de-sortie-pour-les-proptech-en-europe\/\",\"name\":\"Strat\u00e9gies de sortie pour les PropTech en Europe | Investaura\",\"isPartOf\":{\"@id\":\"https:\/\/www.investaura.co\/wordpress\/#website\"},\"datePublished\":\"2022-03-07T15:34:07+00:00\",\"dateModified\":\"2022-03-07T16:21:47+00:00\",\"breadcrumb\":{\"@id\":\"https:\/\/www.investaura.co\/wordpress\/boite-a-solutions\/strategies-de-sortie-pour-les-proptech-en-europe\/#breadcrumb\"},\"inLanguage\":\"en-GB\",\"potentialAction\":[{\"@type\":\"ReadAction\",\"target\":[\"https:\/\/www.investaura.co\/wordpress\/boite-a-solutions\/strategies-de-sortie-pour-les-proptech-en-europe\/\"]}]},{\"@type\":\"BreadcrumbList\",\"@id\":\"https:\/\/www.investaura.co\/wordpress\/boite-a-solutions\/strategies-de-sortie-pour-les-proptech-en-europe\/#breadcrumb\",\"itemListElement\":[{\"@type\":\"ListItem\",\"position\":1,\"name\":\"Home\",\"item\":\"https:\/\/www.investaura.co\/wordpress\/\"},{\"@type\":\"ListItem\",\"position\":2,\"name\":\"Solutions Showcase\",\"item\":\"https:\/\/www.investaura.co\/wordpress\/boite-a-solutions\/\"},{\"@type\":\"ListItem\",\"position\":3,\"name\":\"Strat\u00e9gies de sortie pour les PropTech en Europe\"}]},{\"@type\":\"WebSite\",\"@id\":\"https:\/\/www.investaura.co\/wordpress\/#website\",\"url\":\"https:\/\/www.investaura.co\/wordpress\/\",\"name\":\"Investaura\",\"description\":\"The Value Creation Consultants\",\"publisher\":{\"@id\":\"https:\/\/www.investaura.co\/wordpress\/#organization\"},\"potentialAction\":[{\"@type\":\"SearchAction\",\"target\":{\"@type\":\"EntryPoint\",\"urlTemplate\":\"https:\/\/www.investaura.co\/wordpress\/?s={search_term_string}\"},\"query-input\":\"required name=search_term_string\"}],\"inLanguage\":\"en-GB\"},{\"@type\":\"Organization\",\"@id\":\"https:\/\/www.investaura.co\/wordpress\/#organization\",\"name\":\"Investaura\",\"url\":\"https:\/\/www.investaura.co\/wordpress\/\",\"logo\":{\"@type\":\"ImageObject\",\"inLanguage\":\"en-GB\",\"@id\":\"https:\/\/www.investaura.co\/wordpress\/#\/schema\/logo\/image\/\",\"url\":\"https:\/\/i0.wp.com\/www.investaura.co\/wordpress\/wp-content\/uploads\/Logo-INVESTAURA_RGB-blau-e1450351498844.jpg?fit=256%2C90&ssl=1\",\"contentUrl\":\"https:\/\/i0.wp.com\/www.investaura.co\/wordpress\/wp-content\/uploads\/Logo-INVESTAURA_RGB-blau-e1450351498844.jpg?fit=256%2C90&ssl=1\",\"width\":256,\"height\":90,\"caption\":\"Investaura\"},\"image\":{\"@id\":\"https:\/\/www.investaura.co\/wordpress\/#\/schema\/logo\/image\/\"},\"sameAs\":[\"https:\/\/www.linkedin.com\/company\/1229653\"]}]}<\/script>\n<!-- \/ Yoast SEO plugin. -->","yoast_head_json":{"title":"Strat\u00e9gies de sortie pour les PropTech en Europe | Investaura","robots":{"index":"index","follow":"follow","max-snippet":"max-snippet:-1","max-image-preview":"max-image-preview:large","max-video-preview":"max-video-preview:-1"},"canonical":"https:\/\/www.investaura.co\/wordpress\/boite-a-solutions\/strategies-de-sortie-pour-les-proptech-en-europe\/","og_locale":"en_GB","og_type":"article","og_title":"Strat\u00e9gies de sortie pour les PropTech en Europe | Investaura","og_description":"Il existe aujourd&#8217;hui plus de 3 000 entreprises PropTech en Europe. Beaucoup d&#8217;entre elles, fond\u00e9es apr\u00e8s 2010, ont d&#8217;abord \u00e9t\u00e9 attir\u00e9es par la grande taille du march\u00e9 immobilier, et par l&#8217;opportunit\u00e9 de transformer une industrie qui n&#8217;a pas ressenti la... Read More","og_url":"https:\/\/www.investaura.co\/wordpress\/boite-a-solutions\/strategies-de-sortie-pour-les-proptech-en-europe\/","og_site_name":"Investaura","article_modified_time":"2022-03-07T16:21:47+00:00","og_image":[{"width":1000,"height":836,"url":"https:\/\/i0.wp.com\/www.investaura.co\/wordpress\/wp-content\/uploads\/2017\/01\/shutterstock_182278607.jpg?fit=1000%2C836&ssl=1","type":"image\/jpeg"}],"twitter_card":"summary_large_image","twitter_misc":{"Estimated reading time":"2 minutes"},"schema":{"@context":"https:\/\/schema.org","@graph":[{"@type":"WebPage","@id":"https:\/\/www.investaura.co\/wordpress\/boite-a-solutions\/strategies-de-sortie-pour-les-proptech-en-europe\/","url":"https:\/\/www.investaura.co\/wordpress\/boite-a-solutions\/strategies-de-sortie-pour-les-proptech-en-europe\/","name":"Strat\u00e9gies de sortie pour les PropTech en Europe | Investaura","isPartOf":{"@id":"https:\/\/www.investaura.co\/wordpress\/#website"},"datePublished":"2022-03-07T15:34:07+00:00","dateModified":"2022-03-07T16:21:47+00:00","breadcrumb":{"@id":"https:\/\/www.investaura.co\/wordpress\/boite-a-solutions\/strategies-de-sortie-pour-les-proptech-en-europe\/#breadcrumb"},"inLanguage":"en-GB","potentialAction":[{"@type":"ReadAction","target":["https:\/\/www.investaura.co\/wordpress\/boite-a-solutions\/strategies-de-sortie-pour-les-proptech-en-europe\/"]}]},{"@type":"BreadcrumbList","@id":"https:\/\/www.investaura.co\/wordpress\/boite-a-solutions\/strategies-de-sortie-pour-les-proptech-en-europe\/#breadcrumb","itemListElement":[{"@type":"ListItem","position":1,"name":"Home","item":"https:\/\/www.investaura.co\/wordpress\/"},{"@type":"ListItem","position":2,"name":"Solutions Showcase","item":"https:\/\/www.investaura.co\/wordpress\/boite-a-solutions\/"},{"@type":"ListItem","position":3,"name":"Strat\u00e9gies de sortie pour les PropTech en Europe"}]},{"@type":"WebSite","@id":"https:\/\/www.investaura.co\/wordpress\/#website","url":"https:\/\/www.investaura.co\/wordpress\/","name":"Investaura","description":"The Value Creation Consultants","publisher":{"@id":"https:\/\/www.investaura.co\/wordpress\/#organization"},"potentialAction":[{"@type":"SearchAction","target":{"@type":"EntryPoint","urlTemplate":"https:\/\/www.investaura.co\/wordpress\/?s={search_term_string}"},"query-input":"required name=search_term_string"}],"inLanguage":"en-GB"},{"@type":"Organization","@id":"https:\/\/www.investaura.co\/wordpress\/#organization","name":"Investaura","url":"https:\/\/www.investaura.co\/wordpress\/","logo":{"@type":"ImageObject","inLanguage":"en-GB","@id":"https:\/\/www.investaura.co\/wordpress\/#\/schema\/logo\/image\/","url":"https:\/\/i0.wp.com\/www.investaura.co\/wordpress\/wp-content\/uploads\/Logo-INVESTAURA_RGB-blau-e1450351498844.jpg?fit=256%2C90&ssl=1","contentUrl":"https:\/\/i0.wp.com\/www.investaura.co\/wordpress\/wp-content\/uploads\/Logo-INVESTAURA_RGB-blau-e1450351498844.jpg?fit=256%2C90&ssl=1","width":256,"height":90,"caption":"Investaura"},"image":{"@id":"https:\/\/www.investaura.co\/wordpress\/#\/schema\/logo\/image\/"},"sameAs":["https:\/\/www.linkedin.com\/company\/1229653"]}]}},"jetpack_shortlink":"https:\/\/wp.me\/P7ecno-1Yx","jetpack-related-posts":[{"id":5713,"url":"https:\/\/www.investaura.co\/wordpress\/boite-a-solutions\/expansion-vers-allemagne-via-cross-border-ma\/","url_meta":{"origin":7597,"position":0},"title":"Expansion internationale vers l&#8217;Allemagne par Fusion-Acquisition","date":"August 12, 2016","format":false,"excerpt":"De nombreuses PME europ\u00e9ennes ont atteint la limite de leur potentiel de croissance dans leur march\u00e9 national. L'expansion vers les pays frontaliers est une \u00e9tape naturelle pour beaucoup. Investaura aide actuellement plusieurs clients europ\u00e9ens \u00e0 s'\u00e9tablir en Allemagne par Fusions & Acquisitions (M&A). Dans une Europe aux prises \u00e0 une\u2026","rel":"","context":"Similar post","img":{"alt_text":"","src":"https:\/\/i0.wp.com\/www.investaura.co\/wordpress\/wp-content\/uploads\/2016\/09\/shutterstock_214025158_centered_narrower_smaller.jpg?fit=760%2C300&ssl=1&resize=350%2C200","width":350,"height":200},"classes":[]},{"id":5698,"url":"https:\/\/www.investaura.co\/wordpress\/boite-a-solutions\/business-planification-evaluation\/","url_meta":{"origin":7597,"position":1},"title":"Business Planning et Valorisation d&#8217;entreprise","date":"March 2, 2016","format":false,"excerpt":"Un grand nombre de managers sont impliqu\u00e9s dans la pr\u00e9paration de Business Plans, que ce soit dans une start-up, une entreprise mature ou dans un contexte de fusions-acquisitions. Malheureusement, les r\u00e9sultats ne sont pas toujours convaincants, ni corrects! La pr\u00e9paration d'un Business Plan est une activit\u00e9 holistique qui exige non\u2026","rel":"","context":"Similar post","img":{"alt_text":"","src":"https:\/\/i0.wp.com\/www.investaura.co\/wordpress\/wp-content\/uploads\/2024\/07\/Business_Planning3.jpg?fit=1024%2C769&ssl=1&resize=350%2C200","width":350,"height":200},"classes":[]},{"id":6755,"url":"https:\/\/www.investaura.co\/wordpress\/nos-services\/business-planning-fr\/","url_meta":{"origin":7597,"position":2},"title":"Business Planning","date":"January 31, 2019","format":false,"excerpt":"Un grand nombre de gestionnaires participent \u00e0 la pr\u00e9paration de plans d'affaires, que ce soit dans une start-up, une soci\u00e9t\u00e9 mature ou dans un contexte de fusion-acquisition. Malheureusement, les r\u00e9sultats ne sont pas toujours convaincants. Investaura poss\u00e8de une vaste exp\u00e9rience dans le domaine de la planification financi\u00e8re. La pr\u00e9paration d'un\u2026","rel":"","context":"Similar post","img":{"alt_text":"","src":"https:\/\/i0.wp.com\/www.investaura.co\/wordpress\/wp-content\/uploads\/2010\/09\/shutterstock_251280265_smaller.jpg?fit=1024%2C678&ssl=1&resize=350%2C200","width":350,"height":200},"classes":[]},{"id":7475,"url":"https:\/\/www.investaura.co\/wordpress\/nos-services\/fusions-et-acquisitions\/nos-references-ma\/","url_meta":{"origin":7597,"position":3},"title":"Nos r\u00e9f\u00e9rences M&#038;A","date":"March 5, 2021","format":false,"excerpt":"Nos services M&A sont une extension naturelle de nos projets de conseil. Nous nous concentrons exclusivement sur les secteurs que nous connaissons tr\u00e8s bien, notamment les TIC, les logiciels, l'IoT, l'immobilier et les infrastructures. Notre ADN combine le meilleur des deux mondes - notre compr\u00e9hension des march\u00e9s locaux et notre\u2026","rel":"","context":"Similar post","img":{"alt_text":"","src":"https:\/\/i0.wp.com\/www.investaura.co\/wordpress\/wp-content\/uploads\/shutterstock_139401482.jpg?fit=1000%2C554&ssl=1&resize=350%2C200","width":350,"height":200},"classes":[]},{"id":6263,"url":"https:\/\/www.investaura.co\/wordpress\/nos-services\/fusions-et-acquisitions\/sell-side-dont-need-ma-conseiller\/","url_meta":{"origin":7597,"position":4},"title":"Sell-side: n&#8217;auriez-vous pas besoin d&#8217;un conseiller M&#038;A?","date":"April 4, 2017","format":false,"excerpt":"Vendre votre entreprise Dans le monde ultra concurrentiel d'aujourd'hui, la croissance et le profit sont les sources fondamentales de cr\u00e9ation de valeur pour les chefs d'entreprise et leurs actionnaires. Si votre soci\u00e9t\u00e9 ne grossit pas, vos concurrents eux se d\u00e9velopperont, et ils pourraient finir par \u00e9clipser et mettre en p\u00e9ril\u2026","rel":"","context":"Similar post","img":{"alt_text":"","src":"https:\/\/i0.wp.com\/www.investaura.co\/wordpress\/wp-content\/uploads\/shutterstock_139401482.jpg?fit=1000%2C554&ssl=1&resize=350%2C200","width":350,"height":200},"classes":[]},{"id":6303,"url":"https:\/\/www.investaura.co\/wordpress\/nos-services\/conseil\/strategie-et-business-planning\/","url_meta":{"origin":7597,"position":5},"title":"Strat\u00e9gie et planification d&#8217;entreprise","date":"March 26, 2015","format":false,"excerpt":"Les consultants d'Investaura ont une vaste exp\u00e9rience dans le domaine de la strat\u00e9gie - appliqu\u00e9e, d\u00e9taill\u00e9e - et de la planification d'entreprise - quantifi\u00e9e, robuste, r\u00e9alisable - remontant au milieu des ann\u00e9es 1990. Nous comprenons les petites et les grandes entreprises. Nous sommes des consultants devenus entrepreneurs et savons ce\u2026","rel":"","context":"Similar post","img":{"alt_text":"","src":"https:\/\/i0.wp.com\/www.investaura.co\/wordpress\/wp-content\/uploads\/2016\/02\/shutterstock_282394148_smaller.jpg?fit=1024%2C683&ssl=1&resize=350%2C200","width":350,"height":200},"classes":[]}],"jetpack_sharing_enabled":true,"_links":{"self":[{"href":"https:\/\/www.investaura.co\/wordpress\/wp-json\/wp\/v2\/pages\/7597"}],"collection":[{"href":"https:\/\/www.investaura.co\/wordpress\/wp-json\/wp\/v2\/pages"}],"about":[{"href":"https:\/\/www.investaura.co\/wordpress\/wp-json\/wp\/v2\/types\/page"}],"author":[{"embeddable":true,"href":"https:\/\/www.investaura.co\/wordpress\/wp-json\/wp\/v2\/users\/1"}],"replies":[{"embeddable":true,"href":"https:\/\/www.investaura.co\/wordpress\/wp-json\/wp\/v2\/comments?post=7597"}],"version-history":[{"count":4,"href":"https:\/\/www.investaura.co\/wordpress\/wp-json\/wp\/v2\/pages\/7597\/revisions"}],"predecessor-version":[{"id":7632,"href":"https:\/\/www.investaura.co\/wordpress\/wp-json\/wp\/v2\/pages\/7597\/revisions\/7632"}],"up":[{"embeddable":true,"href":"https:\/\/www.investaura.co\/wordpress\/wp-json\/wp\/v2\/pages\/5683"}],"wp:featuredmedia":[{"embeddable":true,"href":"https:\/\/www.investaura.co\/wordpress\/wp-json\/wp\/v2\/media\/5247"}],"wp:attachment":[{"href":"https:\/\/www.investaura.co\/wordpress\/wp-json\/wp\/v2\/media?parent=7597"}],"curies":[{"name":"wp","href":"https:\/\/api.w.org\/{rel}","templated":true}]}}