{"id":7520,"date":"2021-03-05T19:46:31","date_gmt":"2021-03-05T17:46:31","guid":{"rendered":"http:\/\/www.investaura.co\/?page_id=7520"},"modified":"2021-03-05T21:02:07","modified_gmt":"2021-03-05T19:02:07","slug":"strategie-pour-un-fournisseur-de-logiciel-dans-limmobilier-commercial-cre","status":"publish","type":"page","link":"https:\/\/www.investaura.co\/wordpress\/boite-a-solutions\/strategie-pour-un-fournisseur-de-logiciel-dans-limmobilier-commercial-cre\/","title":{"rendered":"Strat\u00e9gie pour un fournisseur de logiciel dans l&#8217;immobilier commercial (CRE)"},"content":{"rendered":"<p>La strat\u00e9gie est la science de regarder vers l&#8217;avenir, l&#8217;art d&#8217;identifier les options de transformation, et le courage de faire les choix les plus appropri\u00e9s.<!--more--><\/p>\n<p>Toutes les options ne sont pas possibles ou r\u00e9alisables, les entreprises \u00e9tant naturellement contraintes par leur environnement externe d&#8217;une part (concurrents, clients, technologies), mais aussi par leur mod\u00e8le op\u00e9rationnel actuel (comp\u00e9tences, ressources, gouvernance).<\/p>\n<p>Les choix sont difficiles mais n\u00e9cessaires, afin de foculiser les activit\u00e9s de l&#8217;entreprise et cr\u00e9er de la diff\u00e9renciation, et de r\u00e9pondre au mieux aux besoins des segments de client\u00e8le cibl\u00e9s.<\/p>\n<p>La recherche d&#8217;un consensus peut prendre du temps, mais trop de compromis peuvent affaiblir une bonne strat\u00e9gie et la rendre moins efficace.<\/p>\n<p>Une strat\u00e9gie devient \u00e9vidente et auto-confirmative apr\u00e8s coup, une fois que la mise en \u0153uvre a \u00e9t\u00e9 rapide et r\u00e9ussie.\u00a0La mise en \u0153uvre op\u00e9rationnelle exceptionnelle des strat\u00e9gies est la marque de fabrique des leaders de l&#8217;industrie.<\/p>\n<p>Investaura a r\u00e9cemment conseill\u00e9 un fournisseur de solutions logicielles pour le secteur de la CRE.\u00a0La strat\u00e9gie combine des initiatives endog\u00e8nes et des opportunit\u00e9s de fusions et acquisitions externes, et est maintenant mise en \u0153uvre par le client.<\/p>\n","protected":false},"excerpt":{"rendered":"<p>La strat\u00e9gie est la science de regarder vers l&#8217;avenir, l&#8217;art d&#8217;identifier les options de transformation, et le courage de faire les choix les plus appropri\u00e9s.<\/p>\n","protected":false},"author":1,"featured_media":6928,"parent":5683,"menu_order":13,"comment_status":"closed","ping_status":"closed","template":"","meta":{"jetpack_post_was_ever_published":false},"yoast_head":"<!-- This site is optimized with the Yoast SEO plugin v20.4 - https:\/\/yoast.com\/wordpress\/plugins\/seo\/ -->\n<title>Strat\u00e9gie pour un fournisseur de logiciel dans l&#039;immobilier commercial (CRE) | Investaura<\/title>\n<meta name=\"robots\" content=\"index, follow, max-snippet:-1, max-image-preview:large, max-video-preview:-1\" \/>\n<link rel=\"canonical\" href=\"https:\/\/www.investaura.co\/wordpress\/boite-a-solutions\/strategie-pour-un-fournisseur-de-logiciel-dans-limmobilier-commercial-cre\/\" \/>\n<meta property=\"og:locale\" content=\"en_GB\" \/>\n<meta property=\"og:type\" content=\"article\" \/>\n<meta property=\"og:title\" content=\"Strat\u00e9gie pour un fournisseur de logiciel dans l&#039;immobilier commercial (CRE) | Investaura\" \/>\n<meta property=\"og:description\" content=\"La strat\u00e9gie est la science de regarder vers l&#8217;avenir, l&#8217;art d&#8217;identifier les options de transformation, et le courage de faire les choix les plus appropri\u00e9s.\" \/>\n<meta property=\"og:url\" content=\"https:\/\/www.investaura.co\/wordpress\/boite-a-solutions\/strategie-pour-un-fournisseur-de-logiciel-dans-limmobilier-commercial-cre\/\" \/>\n<meta property=\"og:site_name\" content=\"Investaura\" \/>\n<meta property=\"article:modified_time\" content=\"2021-03-05T19:02:07+00:00\" \/>\n<meta property=\"og:image\" content=\"https:\/\/i0.wp.com\/www.investaura.co\/wordpress\/wp-content\/uploads\/2019\/12\/shutterstock_138974066_small.jpg?fit=1024%2C683&ssl=1\" \/>\n\t<meta property=\"og:image:width\" content=\"1024\" \/>\n\t<meta property=\"og:image:height\" content=\"683\" \/>\n\t<meta property=\"og:image:type\" content=\"image\/jpeg\" \/>\n<meta name=\"twitter:card\" content=\"summary_large_image\" \/>\n<meta name=\"twitter:label1\" content=\"Estimated reading time\" \/>\n\t<meta name=\"twitter:data1\" content=\"1 minute\" \/>\n<script type=\"application\/ld+json\" class=\"yoast-schema-graph\">{\"@context\":\"https:\/\/schema.org\",\"@graph\":[{\"@type\":\"WebPage\",\"@id\":\"https:\/\/www.investaura.co\/wordpress\/boite-a-solutions\/strategie-pour-un-fournisseur-de-logiciel-dans-limmobilier-commercial-cre\/\",\"url\":\"https:\/\/www.investaura.co\/wordpress\/boite-a-solutions\/strategie-pour-un-fournisseur-de-logiciel-dans-limmobilier-commercial-cre\/\",\"name\":\"Strat\u00e9gie pour un fournisseur de logiciel dans l'immobilier commercial (CRE) | Investaura\",\"isPartOf\":{\"@id\":\"https:\/\/www.investaura.co\/wordpress\/#website\"},\"datePublished\":\"2021-03-05T17:46:31+00:00\",\"dateModified\":\"2021-03-05T19:02:07+00:00\",\"breadcrumb\":{\"@id\":\"https:\/\/www.investaura.co\/wordpress\/boite-a-solutions\/strategie-pour-un-fournisseur-de-logiciel-dans-limmobilier-commercial-cre\/#breadcrumb\"},\"inLanguage\":\"en-GB\",\"potentialAction\":[{\"@type\":\"ReadAction\",\"target\":[\"https:\/\/www.investaura.co\/wordpress\/boite-a-solutions\/strategie-pour-un-fournisseur-de-logiciel-dans-limmobilier-commercial-cre\/\"]}]},{\"@type\":\"BreadcrumbList\",\"@id\":\"https:\/\/www.investaura.co\/wordpress\/boite-a-solutions\/strategie-pour-un-fournisseur-de-logiciel-dans-limmobilier-commercial-cre\/#breadcrumb\",\"itemListElement\":[{\"@type\":\"ListItem\",\"position\":1,\"name\":\"Home\",\"item\":\"https:\/\/www.investaura.co\/wordpress\/\"},{\"@type\":\"ListItem\",\"position\":2,\"name\":\"Solutions Showcase\",\"item\":\"https:\/\/www.investaura.co\/wordpress\/boite-a-solutions\/\"},{\"@type\":\"ListItem\",\"position\":3,\"name\":\"Strat\u00e9gie pour un fournisseur de logiciel dans l&rsquo;immobilier commercial (CRE)\"}]},{\"@type\":\"WebSite\",\"@id\":\"https:\/\/www.investaura.co\/wordpress\/#website\",\"url\":\"https:\/\/www.investaura.co\/wordpress\/\",\"name\":\"Investaura\",\"description\":\"The Value Creation Consultants\",\"publisher\":{\"@id\":\"https:\/\/www.investaura.co\/wordpress\/#organization\"},\"potentialAction\":[{\"@type\":\"SearchAction\",\"target\":{\"@type\":\"EntryPoint\",\"urlTemplate\":\"https:\/\/www.investaura.co\/wordpress\/?s={search_term_string}\"},\"query-input\":\"required name=search_term_string\"}],\"inLanguage\":\"en-GB\"},{\"@type\":\"Organization\",\"@id\":\"https:\/\/www.investaura.co\/wordpress\/#organization\",\"name\":\"Investaura\",\"url\":\"https:\/\/www.investaura.co\/wordpress\/\",\"logo\":{\"@type\":\"ImageObject\",\"inLanguage\":\"en-GB\",\"@id\":\"https:\/\/www.investaura.co\/wordpress\/#\/schema\/logo\/image\/\",\"url\":\"https:\/\/i0.wp.com\/www.investaura.co\/wordpress\/wp-content\/uploads\/Logo-INVESTAURA_RGB-blau-e1450351498844.jpg?fit=256%2C90&ssl=1\",\"contentUrl\":\"https:\/\/i0.wp.com\/www.investaura.co\/wordpress\/wp-content\/uploads\/Logo-INVESTAURA_RGB-blau-e1450351498844.jpg?fit=256%2C90&ssl=1\",\"width\":256,\"height\":90,\"caption\":\"Investaura\"},\"image\":{\"@id\":\"https:\/\/www.investaura.co\/wordpress\/#\/schema\/logo\/image\/\"},\"sameAs\":[\"https:\/\/www.linkedin.com\/company\/1229653\"]}]}<\/script>\n<!-- \/ Yoast SEO plugin. -->","yoast_head_json":{"title":"Strat\u00e9gie pour un fournisseur de logiciel dans l'immobilier commercial (CRE) | Investaura","robots":{"index":"index","follow":"follow","max-snippet":"max-snippet:-1","max-image-preview":"max-image-preview:large","max-video-preview":"max-video-preview:-1"},"canonical":"https:\/\/www.investaura.co\/wordpress\/boite-a-solutions\/strategie-pour-un-fournisseur-de-logiciel-dans-limmobilier-commercial-cre\/","og_locale":"en_GB","og_type":"article","og_title":"Strat\u00e9gie pour un fournisseur de logiciel dans l'immobilier commercial (CRE) | Investaura","og_description":"La strat\u00e9gie est la science de regarder vers l&#8217;avenir, l&#8217;art d&#8217;identifier les options de transformation, et le courage de faire les choix les plus appropri\u00e9s.","og_url":"https:\/\/www.investaura.co\/wordpress\/boite-a-solutions\/strategie-pour-un-fournisseur-de-logiciel-dans-limmobilier-commercial-cre\/","og_site_name":"Investaura","article_modified_time":"2021-03-05T19:02:07+00:00","og_image":[{"width":1024,"height":683,"url":"https:\/\/i0.wp.com\/www.investaura.co\/wordpress\/wp-content\/uploads\/2019\/12\/shutterstock_138974066_small.jpg?fit=1024%2C683&ssl=1","type":"image\/jpeg"}],"twitter_card":"summary_large_image","twitter_misc":{"Estimated reading time":"1 minute"},"schema":{"@context":"https:\/\/schema.org","@graph":[{"@type":"WebPage","@id":"https:\/\/www.investaura.co\/wordpress\/boite-a-solutions\/strategie-pour-un-fournisseur-de-logiciel-dans-limmobilier-commercial-cre\/","url":"https:\/\/www.investaura.co\/wordpress\/boite-a-solutions\/strategie-pour-un-fournisseur-de-logiciel-dans-limmobilier-commercial-cre\/","name":"Strat\u00e9gie pour un fournisseur de logiciel dans l'immobilier commercial (CRE) | Investaura","isPartOf":{"@id":"https:\/\/www.investaura.co\/wordpress\/#website"},"datePublished":"2021-03-05T17:46:31+00:00","dateModified":"2021-03-05T19:02:07+00:00","breadcrumb":{"@id":"https:\/\/www.investaura.co\/wordpress\/boite-a-solutions\/strategie-pour-un-fournisseur-de-logiciel-dans-limmobilier-commercial-cre\/#breadcrumb"},"inLanguage":"en-GB","potentialAction":[{"@type":"ReadAction","target":["https:\/\/www.investaura.co\/wordpress\/boite-a-solutions\/strategie-pour-un-fournisseur-de-logiciel-dans-limmobilier-commercial-cre\/"]}]},{"@type":"BreadcrumbList","@id":"https:\/\/www.investaura.co\/wordpress\/boite-a-solutions\/strategie-pour-un-fournisseur-de-logiciel-dans-limmobilier-commercial-cre\/#breadcrumb","itemListElement":[{"@type":"ListItem","position":1,"name":"Home","item":"https:\/\/www.investaura.co\/wordpress\/"},{"@type":"ListItem","position":2,"name":"Solutions Showcase","item":"https:\/\/www.investaura.co\/wordpress\/boite-a-solutions\/"},{"@type":"ListItem","position":3,"name":"Strat\u00e9gie pour un fournisseur de logiciel dans l&rsquo;immobilier commercial (CRE)"}]},{"@type":"WebSite","@id":"https:\/\/www.investaura.co\/wordpress\/#website","url":"https:\/\/www.investaura.co\/wordpress\/","name":"Investaura","description":"The Value Creation Consultants","publisher":{"@id":"https:\/\/www.investaura.co\/wordpress\/#organization"},"potentialAction":[{"@type":"SearchAction","target":{"@type":"EntryPoint","urlTemplate":"https:\/\/www.investaura.co\/wordpress\/?s={search_term_string}"},"query-input":"required name=search_term_string"}],"inLanguage":"en-GB"},{"@type":"Organization","@id":"https:\/\/www.investaura.co\/wordpress\/#organization","name":"Investaura","url":"https:\/\/www.investaura.co\/wordpress\/","logo":{"@type":"ImageObject","inLanguage":"en-GB","@id":"https:\/\/www.investaura.co\/wordpress\/#\/schema\/logo\/image\/","url":"https:\/\/i0.wp.com\/www.investaura.co\/wordpress\/wp-content\/uploads\/Logo-INVESTAURA_RGB-blau-e1450351498844.jpg?fit=256%2C90&ssl=1","contentUrl":"https:\/\/i0.wp.com\/www.investaura.co\/wordpress\/wp-content\/uploads\/Logo-INVESTAURA_RGB-blau-e1450351498844.jpg?fit=256%2C90&ssl=1","width":256,"height":90,"caption":"Investaura"},"image":{"@id":"https:\/\/www.investaura.co\/wordpress\/#\/schema\/logo\/image\/"},"sameAs":["https:\/\/www.linkedin.com\/company\/1229653"]}]}},"jetpack_shortlink":"https:\/\/wp.me\/P7ecno-1Xi","jetpack-related-posts":[{"id":6303,"url":"https:\/\/www.investaura.co\/wordpress\/nos-services\/conseil\/strategie-et-business-planning\/","url_meta":{"origin":7520,"position":0},"title":"Strat\u00e9gie et planification d&#8217;entreprise","date":"March 26, 2015","format":false,"excerpt":"Les consultants d'Investaura ont une vaste exp\u00e9rience dans le domaine de la strat\u00e9gie - appliqu\u00e9e, d\u00e9taill\u00e9e - et de la planification d'entreprise - quantifi\u00e9e, robuste, r\u00e9alisable - remontant au milieu des ann\u00e9es 1990. Nous comprenons les petites et les grandes entreprises. Nous sommes des consultants devenus entrepreneurs et savons ce\u2026","rel":"","context":"Similar post","img":{"alt_text":"","src":"https:\/\/i0.wp.com\/www.investaura.co\/wordpress\/wp-content\/uploads\/2016\/02\/shutterstock_282394148_smaller.jpg?fit=1024%2C683&ssl=1&resize=350%2C200","width":350,"height":200},"classes":[]},{"id":6249,"url":"https:\/\/www.investaura.co\/wordpress\/nos-services\/marketing-ventes-support\/go-to-market-strategie\/","url_meta":{"origin":7520,"position":1},"title":"Strat\u00e9gie de commercialisation","date":"December 2, 2015","format":false,"excerpt":"Pour r\u00e9ussir sur les nouveaux march\u00e9s, il est fondamental d'avoir une compr\u00e9hension syst\u00e9matique des segments de march\u00e9 cibles, des exigences des clients et des canaux de distribution. Nos consultants poss\u00e8dent une exp\u00e9rience internationale et de nombreuses ann\u00e9es d'exp\u00e9rience dans l'industrie; ils vous aident \u00e0 comprendre l'environnement externe et la meilleure\u2026","rel":"","context":"Similar post","img":{"alt_text":"","src":"https:\/\/i0.wp.com\/www.investaura.co\/wordpress\/wp-content\/uploads\/2015\/12\/shutterstock_209058313_smaller.jpg?fit=1024%2C682&ssl=1&resize=350%2C200","width":350,"height":200},"classes":[]},{"id":6263,"url":"https:\/\/www.investaura.co\/wordpress\/nos-services\/fusions-et-acquisitions\/sell-side-dont-need-ma-conseiller\/","url_meta":{"origin":7520,"position":2},"title":"Sell-side: n&#8217;auriez-vous pas besoin d&#8217;un conseiller M&#038;A?","date":"April 4, 2017","format":false,"excerpt":"Vendre votre entreprise Dans le monde ultra concurrentiel d'aujourd'hui, la croissance et le profit sont les sources fondamentales de cr\u00e9ation de valeur pour les chefs d'entreprise et leurs actionnaires. Si votre soci\u00e9t\u00e9 ne grossit pas, vos concurrents eux se d\u00e9velopperont, et ils pourraient finir par \u00e9clipser et mettre en p\u00e9ril\u2026","rel":"","context":"Similar post","img":{"alt_text":"","src":"https:\/\/i0.wp.com\/www.investaura.co\/wordpress\/wp-content\/uploads\/shutterstock_139401482.jpg?fit=1000%2C554&ssl=1&resize=350%2C200","width":350,"height":200},"classes":[]},{"id":6938,"url":"https:\/\/www.investaura.co\/wordpress\/boite-a-solutions\/linternet-des-objets-pour-les-bailleurs-immobiliers\/","url_meta":{"origin":7520,"position":3},"title":"L&#8217;Internet des objets pour les bailleurs immobiliers","date":"December 10, 2019","format":false,"excerpt":"Traditionnellement conservateurs, g\u00e9rant de nombreux actifs et ax\u00e9s sur la performance: les bailleurs immobiliers font face \u00e0 un d\u00e9ploiement massif de solutions IoT dans les ann\u00e9es \u00e0 venir. Innover est souvent difficile, mais c'est pr\u00e9cis\u00e9ment l\u00e0 que des sp\u00e9cialistes externes de l'industrie IoT peuvent leur \u00eatre utiles.\u00a0 Pour les bailleurs,\u2026","rel":"","context":"Similar post","img":{"alt_text":"","src":"https:\/\/i0.wp.com\/www.investaura.co\/wordpress\/wp-content\/uploads\/2019\/12\/shutterstock_189023420_Smaller.jpg?fit=1024%2C683&ssl=1&resize=350%2C200","width":350,"height":200},"classes":[]},{"id":5752,"url":"https:\/\/www.investaura.co\/wordpress\/nos-services\/conseil\/","url_meta":{"origin":7520,"position":4},"title":"Conseil en strat\u00e9gie","date":"September 8, 2010","format":false,"excerpt":"Nous menons des initiatives strat\u00e9giques, identifions des opportunit\u00e9s de cr\u00e9ation de valeur et travaillons avec les dirigeants de nos clients pour am\u00e9liorer la performances de l'entreprise \u00e0 court et \u00e0 moyen terme. Nos consultants sont des professionnels issus de l'industrie et sont dot\u00e9s d'une solide exp\u00e9rience op\u00e9rationnelle. Nous apportons une\u2026","rel":"","context":"Similar post","img":{"alt_text":"","src":"https:\/\/i0.wp.com\/www.investaura.co\/wordpress\/wp-content\/uploads\/2016\/02\/shutterstock_282394148_smaller.jpg?fit=1024%2C683&ssl=1&resize=350%2C200","width":350,"height":200},"classes":[]},{"id":7350,"url":"https:\/\/www.investaura.co\/wordpress\/boite-a-solutions\/ma-sell-side-des-factbooks-financiers-et-commerciaux-pour-des-transactions-plus-fructueuses\/","url_meta":{"origin":7520,"position":5},"title":"M&#038;A sell-side: des Factbooks financiers et commerciaux pour des transactions plus fructueuses","date":"August 7, 2020","format":false,"excerpt":"Lorsque les chefs d'entreprise et les dirigeants de PME engagent des discussions avec des investisseurs financiers ou strat\u00e9giques, ils se lancent dans un processus qu'ils sous-estiment souvent, tant dans sa complexit\u00e9 que dans sa dur\u00e9e. Il ne fait aucun doute que la direction conna\u00eet le mieux l'entreprise et son histoire.\u2026","rel":"","context":"Similar post","img":{"alt_text":"","src":"https:\/\/i0.wp.com\/www.investaura.co\/wordpress\/wp-content\/uploads\/2020\/08\/shutterstock_316625645_resized.jpg?fit=1024%2C676&ssl=1&resize=350%2C200","width":350,"height":200},"classes":[]}],"jetpack_sharing_enabled":true,"_links":{"self":[{"href":"https:\/\/www.investaura.co\/wordpress\/wp-json\/wp\/v2\/pages\/7520"}],"collection":[{"href":"https:\/\/www.investaura.co\/wordpress\/wp-json\/wp\/v2\/pages"}],"about":[{"href":"https:\/\/www.investaura.co\/wordpress\/wp-json\/wp\/v2\/types\/page"}],"author":[{"embeddable":true,"href":"https:\/\/www.investaura.co\/wordpress\/wp-json\/wp\/v2\/users\/1"}],"replies":[{"embeddable":true,"href":"https:\/\/www.investaura.co\/wordpress\/wp-json\/wp\/v2\/comments?post=7520"}],"version-history":[{"count":5,"href":"https:\/\/www.investaura.co\/wordpress\/wp-json\/wp\/v2\/pages\/7520\/revisions"}],"predecessor-version":[{"id":7522,"href":"https:\/\/www.investaura.co\/wordpress\/wp-json\/wp\/v2\/pages\/7520\/revisions\/7522"}],"up":[{"embeddable":true,"href":"https:\/\/www.investaura.co\/wordpress\/wp-json\/wp\/v2\/pages\/5683"}],"wp:featuredmedia":[{"embeddable":true,"href":"https:\/\/www.investaura.co\/wordpress\/wp-json\/wp\/v2\/media\/6928"}],"wp:attachment":[{"href":"https:\/\/www.investaura.co\/wordpress\/wp-json\/wp\/v2\/media?parent=7520"}],"curies":[{"name":"wp","href":"https:\/\/api.w.org\/{rel}","templated":true}]}}