{"id":7484,"date":"2021-03-05T12:08:18","date_gmt":"2021-03-05T10:08:18","guid":{"rendered":"http:\/\/www.investaura.co\/?page_id=7484"},"modified":"2026-03-11T11:50:36","modified_gmt":"2026-03-11T09:50:36","slug":"unsere-ma-referenzen","status":"publish","type":"page","link":"https:\/\/www.investaura.co\/wordpress\/dienstleistungen\/mergers-and-acquisitions\/unsere-ma-referenzen\/","title":{"rendered":"Unsere M&#038;A-Referenzen"},"content":{"rendered":"<p>Unsere M&amp;A-Dienstleistungen sind eine nat\u00fcrliche Erweiterung unserer Beratungsprojekte. Wir konzentrieren uns ausschlie\u00dflich auf Branchen, die wir sehr gut kennen, einschlie\u00dflich IKT, Software, IoT, Immobilien und Infrastruktur.<\/p>\n<p>Unsere DNA vereint das Beste aus beiden Welten &#8211; unser Verst\u00e4ndnis f\u00fcr die heimischen M\u00e4rkte und unsere internationale Erfahrung.<\/p>\n<ul>\n<li>Babcock Wanson Group, Germany and France: Project manager for the Post-Merger Integration of the VKK Group of companies. Management of 10+ integration workstreams:\u00a0 Finance, IT, HR, Marketing, Sales, PLM, Manufacturing, Services, Procurement, Legal, HSE, ESG<\/li>\n<li>Multiple PropTech companies in Europe &#8211; Sell-side M&amp;A mandates<\/li>\n<li>SEE Telecom, Belgium &#8211; Business plan, Valuation, Financial factbook, and fundraising (closed)<\/li>\n<li>Aareon, Germany &#8211; M&amp;A scouting in multiple European countries<\/li>\n<li>Dr. Schwarz-Schilling &amp; Partners, Germany &#8211; M&amp;A advisory services for the trade sale of Matrix Technology AG (closed)<\/li>\n<li>Discovergy, Germany &#8211; Series B fundraising (closed)<\/li>\n<li>Sancovia, Germany &#8211; Business plans and Financial factbooks for the international expansion of Fuxtec (closed)<\/li>\n<li>GCR Inc, USA &#8211; Buy-side M&amp;A advisory services in Europe<\/li>\n<li>Beenius, Slovania &#8211; Sell-side M&amp;A advisory services<\/li>\n<li>UTS, Curacao &#8211; Business plan, commercial and financial factbooks for the privatisation of the company (closed)<\/li>\n<li>Kirey, Italy &#8211; M&amp;A scouting in Germany and France<\/li>\n<li>Setelia, France &#8211; M&amp;A scouting in France<\/li>\n<li>Arcadis, Netherlands &#8211; Buy-side M&amp;A advisory services in Germany<\/li>\n<li>ARS T&amp;TT, Netherlands &#8211; M&amp;A scouting in Germany<\/li>\n<li>Expresso Telecom, UAE &#8211; Sell-side M&amp;A advisory services<\/li>\n<li>KPISOFT, Malaysia &#8211; Growth capital\u00a0(closed)<\/li>\n<li>Axiata, Malaysia &#8211; Financial due diligence for the acquisition of a telecom operator in Vietnam<\/li>\n<li>Orascom, Egypt &#8211; Commercial and financial Due Diligence, Business Planning, and Valuation in 6 countries in Africa, resulting in the acquisition of 2 telecom operators<\/li>\n<\/ul>\n","protected":false},"excerpt":{"rendered":"<p>Unsere M&amp;A-Dienstleistungen sind eine nat\u00fcrliche Erweiterung unserer Beratungsprojekte. Wir konzentrieren uns ausschlie\u00dflich auf Branchen, die wir sehr gut kennen, einschlie\u00dflich IKT, Software, IoT, Immobilien und Infrastruktur. Unsere DNA vereint das Beste aus beiden Welten &#8211; unser Verst\u00e4ndnis f\u00fcr die heimischen&#8230; <\/p>\n<div class=\"more-link-container\"><a class=\"more-link\" href=\"https:\/\/www.investaura.co\/wordpress\/dienstleistungen\/mergers-and-acquisitions\/unsere-ma-referenzen\/\">Read More<\/a><\/div>\n","protected":false},"author":1,"featured_media":4148,"parent":5756,"menu_order":50,"comment_status":"closed","ping_status":"closed","template":"","meta":{"jetpack_post_was_ever_published":false},"yoast_head":"<!-- This site is optimized with the Yoast SEO plugin v20.4 - https:\/\/yoast.com\/wordpress\/plugins\/seo\/ -->\n<title>Unsere M&amp;A-Referenzen | Investaura<\/title>\n<meta name=\"robots\" content=\"index, follow, max-snippet:-1, max-image-preview:large, max-video-preview:-1\" \/>\n<link rel=\"canonical\" href=\"https:\/\/www.investaura.co\/wordpress\/dienstleistungen\/mergers-and-acquisitions\/unsere-ma-referenzen\/\" \/>\n<meta property=\"og:locale\" content=\"en_GB\" \/>\n<meta property=\"og:type\" content=\"article\" \/>\n<meta property=\"og:title\" content=\"Unsere M&amp;A-Referenzen | Investaura\" \/>\n<meta property=\"og:description\" content=\"Unsere M&amp;A-Dienstleistungen sind eine nat\u00fcrliche Erweiterung unserer Beratungsprojekte. Wir konzentrieren uns ausschlie\u00dflich auf Branchen, die wir sehr gut kennen, einschlie\u00dflich IKT, Software, IoT, Immobilien und Infrastruktur. Unsere DNA vereint das Beste aus beiden Welten &#8211; unser Verst\u00e4ndnis f\u00fcr die heimischen... Read More\" \/>\n<meta property=\"og:url\" content=\"https:\/\/www.investaura.co\/wordpress\/dienstleistungen\/mergers-and-acquisitions\/unsere-ma-referenzen\/\" \/>\n<meta property=\"og:site_name\" content=\"Investaura\" \/>\n<meta property=\"article:modified_time\" content=\"2026-03-11T09:50:36+00:00\" \/>\n<meta property=\"og:image\" content=\"https:\/\/www.investaura.co\/wordpress\/wp-content\/uploads\/shutterstock_139401482.jpg\" \/>\n\t<meta property=\"og:image:width\" content=\"1000\" \/>\n\t<meta property=\"og:image:height\" content=\"554\" \/>\n\t<meta property=\"og:image:type\" content=\"image\/jpeg\" \/>\n<meta name=\"twitter:card\" content=\"summary_large_image\" \/>\n<meta name=\"twitter:label1\" content=\"Estimated reading time\" \/>\n\t<meta name=\"twitter:data1\" content=\"2 minutes\" \/>\n<script type=\"application\/ld+json\" class=\"yoast-schema-graph\">{\"@context\":\"https:\/\/schema.org\",\"@graph\":[{\"@type\":\"WebPage\",\"@id\":\"https:\/\/www.investaura.co\/wordpress\/dienstleistungen\/mergers-and-acquisitions\/unsere-ma-referenzen\/\",\"url\":\"https:\/\/www.investaura.co\/wordpress\/dienstleistungen\/mergers-and-acquisitions\/unsere-ma-referenzen\/\",\"name\":\"Unsere M&A-Referenzen | Investaura\",\"isPartOf\":{\"@id\":\"https:\/\/www.investaura.co\/wordpress\/#website\"},\"datePublished\":\"2021-03-05T10:08:18+00:00\",\"dateModified\":\"2026-03-11T09:50:36+00:00\",\"breadcrumb\":{\"@id\":\"https:\/\/www.investaura.co\/wordpress\/dienstleistungen\/mergers-and-acquisitions\/unsere-ma-referenzen\/#breadcrumb\"},\"inLanguage\":\"en-GB\",\"potentialAction\":[{\"@type\":\"ReadAction\",\"target\":[\"https:\/\/www.investaura.co\/wordpress\/dienstleistungen\/mergers-and-acquisitions\/unsere-ma-referenzen\/\"]}]},{\"@type\":\"BreadcrumbList\",\"@id\":\"https:\/\/www.investaura.co\/wordpress\/dienstleistungen\/mergers-and-acquisitions\/unsere-ma-referenzen\/#breadcrumb\",\"itemListElement\":[{\"@type\":\"ListItem\",\"position\":1,\"name\":\"Home\",\"item\":\"https:\/\/www.investaura.co\/wordpress\/\"},{\"@type\":\"ListItem\",\"position\":2,\"name\":\"Leistungen\",\"item\":\"https:\/\/www.investaura.co\/wordpress\/dienstleistungen\/\"},{\"@type\":\"ListItem\",\"position\":3,\"name\":\"Mergers &#038; Acquisitions und PMI\",\"item\":\"https:\/\/www.investaura.co\/wordpress\/dienstleistungen\/mergers-and-acquisitions\/\"},{\"@type\":\"ListItem\",\"position\":4,\"name\":\"Unsere M&#038;A-Referenzen\"}]},{\"@type\":\"WebSite\",\"@id\":\"https:\/\/www.investaura.co\/wordpress\/#website\",\"url\":\"https:\/\/www.investaura.co\/wordpress\/\",\"name\":\"Investaura\",\"description\":\"The Value Creation Consultants\",\"publisher\":{\"@id\":\"https:\/\/www.investaura.co\/wordpress\/#organization\"},\"potentialAction\":[{\"@type\":\"SearchAction\",\"target\":{\"@type\":\"EntryPoint\",\"urlTemplate\":\"https:\/\/www.investaura.co\/wordpress\/?s={search_term_string}\"},\"query-input\":\"required name=search_term_string\"}],\"inLanguage\":\"en-GB\"},{\"@type\":\"Organization\",\"@id\":\"https:\/\/www.investaura.co\/wordpress\/#organization\",\"name\":\"Investaura\",\"url\":\"https:\/\/www.investaura.co\/wordpress\/\",\"logo\":{\"@type\":\"ImageObject\",\"inLanguage\":\"en-GB\",\"@id\":\"https:\/\/www.investaura.co\/wordpress\/#\/schema\/logo\/image\/\",\"url\":\"https:\/\/i0.wp.com\/www.investaura.co\/wordpress\/wp-content\/uploads\/Logo-INVESTAURA_RGB-blau-e1450351498844.jpg?fit=256%2C90&ssl=1\",\"contentUrl\":\"https:\/\/i0.wp.com\/www.investaura.co\/wordpress\/wp-content\/uploads\/Logo-INVESTAURA_RGB-blau-e1450351498844.jpg?fit=256%2C90&ssl=1\",\"width\":256,\"height\":90,\"caption\":\"Investaura\"},\"image\":{\"@id\":\"https:\/\/www.investaura.co\/wordpress\/#\/schema\/logo\/image\/\"},\"sameAs\":[\"https:\/\/www.linkedin.com\/company\/1229653\"]}]}<\/script>\n<!-- \/ Yoast SEO plugin. -->","yoast_head_json":{"title":"Unsere M&A-Referenzen | Investaura","robots":{"index":"index","follow":"follow","max-snippet":"max-snippet:-1","max-image-preview":"max-image-preview:large","max-video-preview":"max-video-preview:-1"},"canonical":"https:\/\/www.investaura.co\/wordpress\/dienstleistungen\/mergers-and-acquisitions\/unsere-ma-referenzen\/","og_locale":"en_GB","og_type":"article","og_title":"Unsere M&A-Referenzen | Investaura","og_description":"Unsere M&amp;A-Dienstleistungen sind eine nat\u00fcrliche Erweiterung unserer Beratungsprojekte. Wir konzentrieren uns ausschlie\u00dflich auf Branchen, die wir sehr gut kennen, einschlie\u00dflich IKT, Software, IoT, Immobilien und Infrastruktur. Unsere DNA vereint das Beste aus beiden Welten &#8211; unser Verst\u00e4ndnis f\u00fcr die heimischen... Read More","og_url":"https:\/\/www.investaura.co\/wordpress\/dienstleistungen\/mergers-and-acquisitions\/unsere-ma-referenzen\/","og_site_name":"Investaura","article_modified_time":"2026-03-11T09:50:36+00:00","og_image":[{"width":1000,"height":554,"url":"https:\/\/www.investaura.co\/wordpress\/wp-content\/uploads\/shutterstock_139401482.jpg","type":"image\/jpeg"}],"twitter_card":"summary_large_image","twitter_misc":{"Estimated reading time":"2 minutes"},"schema":{"@context":"https:\/\/schema.org","@graph":[{"@type":"WebPage","@id":"https:\/\/www.investaura.co\/wordpress\/dienstleistungen\/mergers-and-acquisitions\/unsere-ma-referenzen\/","url":"https:\/\/www.investaura.co\/wordpress\/dienstleistungen\/mergers-and-acquisitions\/unsere-ma-referenzen\/","name":"Unsere M&A-Referenzen | Investaura","isPartOf":{"@id":"https:\/\/www.investaura.co\/wordpress\/#website"},"datePublished":"2021-03-05T10:08:18+00:00","dateModified":"2026-03-11T09:50:36+00:00","breadcrumb":{"@id":"https:\/\/www.investaura.co\/wordpress\/dienstleistungen\/mergers-and-acquisitions\/unsere-ma-referenzen\/#breadcrumb"},"inLanguage":"en-GB","potentialAction":[{"@type":"ReadAction","target":["https:\/\/www.investaura.co\/wordpress\/dienstleistungen\/mergers-and-acquisitions\/unsere-ma-referenzen\/"]}]},{"@type":"BreadcrumbList","@id":"https:\/\/www.investaura.co\/wordpress\/dienstleistungen\/mergers-and-acquisitions\/unsere-ma-referenzen\/#breadcrumb","itemListElement":[{"@type":"ListItem","position":1,"name":"Home","item":"https:\/\/www.investaura.co\/wordpress\/"},{"@type":"ListItem","position":2,"name":"Leistungen","item":"https:\/\/www.investaura.co\/wordpress\/dienstleistungen\/"},{"@type":"ListItem","position":3,"name":"Mergers &#038; Acquisitions und PMI","item":"https:\/\/www.investaura.co\/wordpress\/dienstleistungen\/mergers-and-acquisitions\/"},{"@type":"ListItem","position":4,"name":"Unsere M&#038;A-Referenzen"}]},{"@type":"WebSite","@id":"https:\/\/www.investaura.co\/wordpress\/#website","url":"https:\/\/www.investaura.co\/wordpress\/","name":"Investaura","description":"The Value Creation Consultants","publisher":{"@id":"https:\/\/www.investaura.co\/wordpress\/#organization"},"potentialAction":[{"@type":"SearchAction","target":{"@type":"EntryPoint","urlTemplate":"https:\/\/www.investaura.co\/wordpress\/?s={search_term_string}"},"query-input":"required name=search_term_string"}],"inLanguage":"en-GB"},{"@type":"Organization","@id":"https:\/\/www.investaura.co\/wordpress\/#organization","name":"Investaura","url":"https:\/\/www.investaura.co\/wordpress\/","logo":{"@type":"ImageObject","inLanguage":"en-GB","@id":"https:\/\/www.investaura.co\/wordpress\/#\/schema\/logo\/image\/","url":"https:\/\/i0.wp.com\/www.investaura.co\/wordpress\/wp-content\/uploads\/Logo-INVESTAURA_RGB-blau-e1450351498844.jpg?fit=256%2C90&ssl=1","contentUrl":"https:\/\/i0.wp.com\/www.investaura.co\/wordpress\/wp-content\/uploads\/Logo-INVESTAURA_RGB-blau-e1450351498844.jpg?fit=256%2C90&ssl=1","width":256,"height":90,"caption":"Investaura"},"image":{"@id":"https:\/\/www.investaura.co\/wordpress\/#\/schema\/logo\/image\/"},"sameAs":["https:\/\/www.linkedin.com\/company\/1229653"]}]}},"jetpack_shortlink":"https:\/\/wp.me\/P7ecno-1WI","jetpack-related-posts":[{"id":6268,"url":"https:\/\/www.investaura.co\/wordpress\/dienstleistungen\/mergers-and-acquisitions\/warum-investaura\/","url_meta":{"origin":7484,"position":0},"title":"Warum Investaura?","date":"March 24, 2015","format":false,"excerpt":"Investaura Berater sind Experten in der Kunst und Praxis von M&A-Engagements. Unsere Dienstleistungen sind ma\u00dfgeschneidert und entsprechen genau den Anforderungen unserer Kunden. Wir sind stolz folgende Vorteile anbieten zu k\u00f6nnen: Der Erfolg unserer Kunden ist unser Erfolg. Wir sind auf unsere Kunden ausgerichtet, weil wir selbst als Unternehmer denken und\u2026","rel":"","context":"Similar post","img":{"alt_text":"","src":"https:\/\/i0.wp.com\/www.investaura.co\/wordpress\/wp-content\/uploads\/shutterstock_139401482.jpg?fit=1000%2C554&ssl=1&resize=350%2C200","width":350,"height":200},"classes":[]},{"id":5753,"url":"https:\/\/www.investaura.co\/wordpress\/dienstleistungen\/beratung\/","url_meta":{"origin":7484,"position":1},"title":"Strategieberatung","date":"September 8, 2010","format":false,"excerpt":"Wir leiten strategische Initiativen, identifizieren Wertsch\u00f6pfungsm\u00f6glichkeiten und arbeiten mit den F\u00fchrungskr\u00e4ften unserer Kunden zusammen, um sowohl die kurzfristige als auch die langfristige Unternehmensleistung zu verbessern. Unsere Berater sind erfahrene Fachleute mit umfassender operativer Erfahrung. Wir bringen unsere positive Einstellung ein: Wir haben Unternehmergeist, sind umsetzungsorientiert und \u00fcbernehmen die Verantwortung f\u00fcr\u2026","rel":"","context":"Similar post","img":{"alt_text":"","src":"https:\/\/i0.wp.com\/www.investaura.co\/wordpress\/wp-content\/uploads\/2016\/02\/shutterstock_282394148_smaller.jpg?fit=1024%2C683&ssl=1&resize=350%2C200","width":350,"height":200},"classes":[]},{"id":6270,"url":"https:\/\/www.investaura.co\/wordpress\/dienstleistungen\/mergers-and-acquisitions\/branchenexpertise-und-regionale-ausrichtung\/","url_meta":{"origin":7484,"position":2},"title":"Branchenexpertise und regionaler Fokus f\u00fcr M&#038;A","date":"March 24, 2015","format":false,"excerpt":"Unsere M&A-Berater bringen spezifisches Branchen-Know-how und Referenzen in folgenden ICT-M\u00e4rkten ein: IT: Software, Anwendungsentwicklung, ERP, EPM, BI, Big Data, Predictive Analytics, Data Warehouse, BPO, IT-Sicherheit, Professional Services, Infrastrukturmanagement, SaaS, Cloud Telekommunikation und Internet: Dienstleister, Hardware-Anbieter, Software-Unternehmen, Enterprise-L\u00f6sungen, mobile Ger\u00e4te, Zubeh\u00f6r, Sicherheit, Service-Gesch\u00e4ft, 3G, 4G, 5G Intelligente Verkehrssysteme: Telematik, \u00f6ffentlicher Verkehr,\u2026","rel":"","context":"Similar post","img":{"alt_text":"","src":"https:\/\/i0.wp.com\/www.investaura.co\/wordpress\/wp-content\/uploads\/shutterstock_139401482.jpg?fit=1000%2C554&ssl=1&resize=350%2C200","width":350,"height":200},"classes":[]},{"id":6737,"url":"https:\/\/www.investaura.co\/wordpress\/losungen\/ma-der-luftfahrtindustrie\/","url_meta":{"origin":7484,"position":3},"title":"M&#038;A in der Luftfahrtindustrie","date":"January 30, 2019","format":false,"excerpt":"Ungeachtet des Abschwungs von 2008-2009 hat der weltweite Luftverkehrsmarkt im letzten Jahrzehnt ein starkes Wachstum verzeichnet, sowohl was die Passagierzahlen (+ 62,8% zwischen 2007 und 2018) als auch das Frachtvolumen (+ 40,6% im selben Zeitraum) betrifft. Mehr als die H\u00e4lfte der 1,4 Milliarden Touristen der Welt, die 2018 \u00fcber die\u2026","rel":"","context":"Similar post","img":{"alt_text":"","src":"https:\/\/i0.wp.com\/www.investaura.co\/wordpress\/wp-content\/uploads\/2019\/01\/shutterstock_324754607_smaller3.jpg?fit=1024%2C429&ssl=1&resize=350%2C200","width":350,"height":200},"classes":[]},{"id":6250,"url":"https:\/\/www.investaura.co\/wordpress\/dienstleistungen\/marketing-sales-support\/go-to-market-strategie\/","url_meta":{"origin":7484,"position":4},"title":"Markteinf\u00fchrungsstrategie","date":"December 2, 2015","format":false,"excerpt":"Um bei der Erschlie\u00dfung neuer M\u00e4rkte erfolgreich zu sein, ist ein systematisches Verst\u00e4ndnis der Zielm\u00e4rkte, Kundenbed\u00fcrfnisse und Vertriebskan\u00e4le unerl\u00e4sslich. Unsere erfahrenen Berater mit internationalem Hintergrund und langj\u00e4hriger Branchenerfahrung helfen Ihnen, das externe Umfeld und die besten Mittel zu verstehen, den Markt im Hinblick auf Ihr eigenes Angebot, das Angebot von\u2026","rel":"","context":"Similar post","img":{"alt_text":"","src":"https:\/\/i0.wp.com\/www.investaura.co\/wordpress\/wp-content\/uploads\/2015\/12\/shutterstock_209058313_smaller.jpg?fit=1024%2C682&ssl=1&resize=350%2C200","width":350,"height":200},"classes":[]},{"id":6304,"url":"https:\/\/www.investaura.co\/wordpress\/dienstleistungen\/beratung\/strategie-und-business-planung\/","url_meta":{"origin":7484,"position":5},"title":"Strategie und Gesch\u00e4ftsplanung","date":"March 26, 2015","format":false,"excerpt":"Die Berater von Investaura verf\u00fcgen \u00fcber umfangreiche Erfahrung im Bereich der Strategie - angewandte, detaillierte - und Gesch\u00e4ftsplanung - quantifiziert, robust, umsetzbar -, die bis in die Mitte der 1990er Jahre zur\u00fcckreicht. Wir verstehen sowohl kleine als auch gro\u00dfe Unternehmen. Wir sind Berater, die zu Unternehmern werden und wissen, was\u2026","rel":"","context":"Similar post","img":{"alt_text":"","src":"https:\/\/i0.wp.com\/www.investaura.co\/wordpress\/wp-content\/uploads\/2016\/02\/shutterstock_282394148_smaller.jpg?fit=1024%2C683&ssl=1&resize=350%2C200","width":350,"height":200},"classes":[]}],"jetpack_sharing_enabled":true,"_links":{"self":[{"href":"https:\/\/www.investaura.co\/wordpress\/wp-json\/wp\/v2\/pages\/7484"}],"collection":[{"href":"https:\/\/www.investaura.co\/wordpress\/wp-json\/wp\/v2\/pages"}],"about":[{"href":"https:\/\/www.investaura.co\/wordpress\/wp-json\/wp\/v2\/types\/page"}],"author":[{"embeddable":true,"href":"https:\/\/www.investaura.co\/wordpress\/wp-json\/wp\/v2\/users\/1"}],"replies":[{"embeddable":true,"href":"https:\/\/www.investaura.co\/wordpress\/wp-json\/wp\/v2\/comments?post=7484"}],"version-history":[{"count":10,"href":"https:\/\/www.investaura.co\/wordpress\/wp-json\/wp\/v2\/pages\/7484\/revisions"}],"predecessor-version":[{"id":8300,"href":"https:\/\/www.investaura.co\/wordpress\/wp-json\/wp\/v2\/pages\/7484\/revisions\/8300"}],"up":[{"embeddable":true,"href":"https:\/\/www.investaura.co\/wordpress\/wp-json\/wp\/v2\/pages\/5756"}],"wp:featuredmedia":[{"embeddable":true,"href":"https:\/\/www.investaura.co\/wordpress\/wp-json\/wp\/v2\/media\/4148"}],"wp:attachment":[{"href":"https:\/\/www.investaura.co\/wordpress\/wp-json\/wp\/v2\/media?parent=7484"}],"curies":[{"name":"wp","href":"https:\/\/api.w.org\/{rel}","templated":true}]}}