{"id":7373,"date":"2020-08-07T17:16:31","date_gmt":"2020-08-07T15:16:31","guid":{"rendered":"http:\/\/www.investaura.co\/?page_id=7373"},"modified":"2026-03-11T12:13:03","modified_gmt":"2026-03-11T10:13:03","slug":"sell-side-ma-erfolgreichere-transaktionen-mit-kommerziellen-und-finanziellen-factbooks","status":"publish","type":"page","link":"https:\/\/www.investaura.co\/wordpress\/losungen\/sell-side-ma-erfolgreichere-transaktionen-mit-kommerziellen-und-finanziellen-factbooks\/","title":{"rendered":"Sell-side M&#038;A: Erfolgreichere Transaktionen mit kommerziellen und finanziellen Factbooks"},"content":{"rendered":"<p>Wenn Unternehmer und F\u00fchrungskr\u00e4fte kleiner und mittlerer Unternehmen Gespr\u00e4che mit finanziellen oder strategischen Investoren f\u00fchren, begeben sie sich auf eine Reise, die sie sowohl in ihrer Komplexit\u00e4t als auch in ihrer Dauer oft stark untersch\u00e4tzen.<!--more--><\/p>\n<p>Es steht au\u00dfer Frage, dass das Management das Unternehmen und seine Geschichte am besten kennt. Nichtsdestotrotz ist es schwierig, M&amp;A-Aktivit\u00e4ten zur richtigen Zeit zu starten, die richtige Strategie festzulegen, die richtige Geschichte zu erz\u00e4hlen, den richtigen Investor zu finden, den richtigen Preis zu vereinbaren. Eine fehlerfreie Ausf\u00fchrung ist eine Herausforderung, insbesondere wenn Gesch\u00e4ftsinhaber dies zum ersten Mal tun.<\/p>\n<p>Abgesehen davon, dass versucht wird, es &#8220;alleine zu schaffen\u201c, sind die h\u00e4ufigsten Fehler:<\/p>\n<ul>\n<li>Start der Initiative zum falschen Zeitpunkt, wenn das Unternehmen noch nicht verkaufbar ist<\/li>\n<li>Fehlende Abstimmung innerhalb des Managements dar\u00fcber, was der ideale Investor bringen sollte, und die Kompromisse zwischen finanziellen und strategischen Investoren<\/li>\n<li>Fehlen einer klaren und ausf\u00fchrbaren Strategie f\u00fcr die Weiterentwicklung des Unternehmens zur n\u00e4chsten Stufe.<\/li>\n<\/ul>\n<p>Externe M&amp;A-Berater k\u00f6nnen wesentlich zum Erfolg des Prozesses beitragen.\u00a0Sie bieten dem Management und wirksames Sondierungsgremium und eine realit\u00e4tspr\u00fcfung an.\u00a0Sie k\u00f6nnen dem Management helfen, die zuk\u00fcnftigen strategischen Optionen zu kl\u00e4ren und die richtige Geschichte zu erz\u00e4hlen.<\/p>\n<p>Die Berater von Investaura erstellen nicht nur hochwertige und \u00fcberzeugende Informationsmemoranden, sondern bringen auch die erforferliche Branchenerfahrung mit, um das beste Ergebnis zu erzielen.\u00a0Die Erstellung von kommerziellen und finanziellen Factbooks bringt zahlreiche Vorteile und verbessert das Ergebnis von M&amp;A-Transaktionen erheblich:<\/p>\n<ul>\n<li>Finanzielle Factbooks bieten einen soliden F\u00fcnfjahresplan, der vom externen Berater in Frage gestellt und verbessert wurde<\/li>\n<li>Das interne Managementteam wird so ausgerichtet, dass alle Unternehmensleiter das gleiche Verst\u00e4ndnis daf\u00fcr haben, was das Unternehmen in der j\u00fcngeren Vergangenheit erreicht hat und wohin es gehen m\u00f6chte<\/li>\n<li>Kommerzielle Factbooks machen die vergangenen, gegenw\u00e4rtigen und zuk\u00fcnftigen kommerziellen und finanziellen Ziele f\u00fcr potenzielle Investoren transparent<\/li>\n<li>Dies tr\u00e4gt dazu bei, dass das Unternehmen in der Verhandlungsphase eine h\u00f6here Bewertung erh\u00e4lt.<\/li>\n<\/ul>\n<p>Die von Investaura-Beratern entwickelten kommenziellen und finanziellen Factbooks haben erfolgreich zu mehreren M&amp;A-Transaktionen beigetragen, beispielsweise :<\/p>\n<ul>\n<li>die Prim\u00e4r- und Sekund\u00e4rinvestition von SRIW in SEE Telecom (Belgien), wobei SRIW Wachstumskapital bereitstellte und strategischer Investor des Unternehmens wurde<\/li>\n<li>die \u00dcbernahme von Fuxtec, einem E-Commerce-Unternehmen (Deutschland), durch einem von einem Familienunternehmen unterst\u00fctzten Investor<\/li>\n<li>die \u00dcbernahme von UTS, einem Telekommunikationsbetreiber, durch Liberty Latin America.<\/li>\n<\/ul>\n","protected":false},"excerpt":{"rendered":"<p>Wenn Unternehmer und F\u00fchrungskr\u00e4fte kleiner und mittlerer Unternehmen Gespr\u00e4che mit finanziellen oder strategischen Investoren f\u00fchren, begeben sie sich auf eine Reise, die sie sowohl in ihrer Komplexit\u00e4t als auch in ihrer Dauer oft stark untersch\u00e4tzen.<\/p>\n","protected":false},"author":1,"featured_media":7328,"parent":5685,"menu_order":4,"comment_status":"closed","ping_status":"closed","template":"","meta":{"jetpack_post_was_ever_published":false},"yoast_head":"<!-- This site is optimized with the Yoast SEO plugin v20.4 - https:\/\/yoast.com\/wordpress\/plugins\/seo\/ -->\n<title>Sell-side M&amp;A: Erfolgreichere Transaktionen mit kommerziellen und finanziellen Factbooks | Investaura<\/title>\n<meta name=\"robots\" content=\"index, follow, max-snippet:-1, max-image-preview:large, max-video-preview:-1\" \/>\n<link rel=\"canonical\" href=\"https:\/\/www.investaura.co\/wordpress\/losungen\/sell-side-ma-erfolgreichere-transaktionen-mit-kommerziellen-und-finanziellen-factbooks\/\" \/>\n<meta property=\"og:locale\" content=\"en_GB\" \/>\n<meta property=\"og:type\" content=\"article\" \/>\n<meta property=\"og:title\" content=\"Sell-side M&amp;A: Erfolgreichere Transaktionen mit kommerziellen und finanziellen Factbooks | Investaura\" \/>\n<meta property=\"og:description\" content=\"Wenn Unternehmer und F\u00fchrungskr\u00e4fte kleiner und mittlerer Unternehmen Gespr\u00e4che mit finanziellen oder strategischen Investoren f\u00fchren, begeben sie sich auf eine Reise, die sie sowohl in ihrer Komplexit\u00e4t als auch in ihrer Dauer oft stark untersch\u00e4tzen.\" \/>\n<meta property=\"og:url\" content=\"https:\/\/www.investaura.co\/wordpress\/losungen\/sell-side-ma-erfolgreichere-transaktionen-mit-kommerziellen-und-finanziellen-factbooks\/\" \/>\n<meta property=\"og:site_name\" content=\"Investaura\" \/>\n<meta property=\"article:modified_time\" content=\"2026-03-11T10:13:03+00:00\" \/>\n<meta property=\"og:image\" content=\"https:\/\/www.investaura.co\/wordpress\/wp-content\/uploads\/2020\/08\/shutterstock_316625645_resized.jpg\" \/>\n\t<meta property=\"og:image:width\" content=\"1024\" \/>\n\t<meta property=\"og:image:height\" content=\"676\" \/>\n\t<meta property=\"og:image:type\" content=\"image\/jpeg\" \/>\n<meta name=\"twitter:card\" content=\"summary_large_image\" \/>\n<meta name=\"twitter:label1\" content=\"Estimated reading time\" \/>\n\t<meta name=\"twitter:data1\" content=\"2 minutes\" \/>\n<script type=\"application\/ld+json\" class=\"yoast-schema-graph\">{\"@context\":\"https:\/\/schema.org\",\"@graph\":[{\"@type\":\"WebPage\",\"@id\":\"https:\/\/www.investaura.co\/wordpress\/losungen\/sell-side-ma-erfolgreichere-transaktionen-mit-kommerziellen-und-finanziellen-factbooks\/\",\"url\":\"https:\/\/www.investaura.co\/wordpress\/losungen\/sell-side-ma-erfolgreichere-transaktionen-mit-kommerziellen-und-finanziellen-factbooks\/\",\"name\":\"Sell-side M&A: Erfolgreichere Transaktionen mit kommerziellen und finanziellen Factbooks | Investaura\",\"isPartOf\":{\"@id\":\"https:\/\/www.investaura.co\/wordpress\/#website\"},\"datePublished\":\"2020-08-07T15:16:31+00:00\",\"dateModified\":\"2026-03-11T10:13:03+00:00\",\"breadcrumb\":{\"@id\":\"https:\/\/www.investaura.co\/wordpress\/losungen\/sell-side-ma-erfolgreichere-transaktionen-mit-kommerziellen-und-finanziellen-factbooks\/#breadcrumb\"},\"inLanguage\":\"en-GB\",\"potentialAction\":[{\"@type\":\"ReadAction\",\"target\":[\"https:\/\/www.investaura.co\/wordpress\/losungen\/sell-side-ma-erfolgreichere-transaktionen-mit-kommerziellen-und-finanziellen-factbooks\/\"]}]},{\"@type\":\"BreadcrumbList\",\"@id\":\"https:\/\/www.investaura.co\/wordpress\/losungen\/sell-side-ma-erfolgreichere-transaktionen-mit-kommerziellen-und-finanziellen-factbooks\/#breadcrumb\",\"itemListElement\":[{\"@type\":\"ListItem\",\"position\":1,\"name\":\"Home\",\"item\":\"https:\/\/www.investaura.co\/wordpress\/\"},{\"@type\":\"ListItem\",\"position\":2,\"name\":\"L\u00f6sungen Showcase\",\"item\":\"https:\/\/www.investaura.co\/wordpress\/losungen\/\"},{\"@type\":\"ListItem\",\"position\":3,\"name\":\"Sell-side M&#038;A: Erfolgreichere Transaktionen mit kommerziellen und finanziellen Factbooks\"}]},{\"@type\":\"WebSite\",\"@id\":\"https:\/\/www.investaura.co\/wordpress\/#website\",\"url\":\"https:\/\/www.investaura.co\/wordpress\/\",\"name\":\"Investaura\",\"description\":\"The Value Creation Consultants\",\"publisher\":{\"@id\":\"https:\/\/www.investaura.co\/wordpress\/#organization\"},\"potentialAction\":[{\"@type\":\"SearchAction\",\"target\":{\"@type\":\"EntryPoint\",\"urlTemplate\":\"https:\/\/www.investaura.co\/wordpress\/?s={search_term_string}\"},\"query-input\":\"required name=search_term_string\"}],\"inLanguage\":\"en-GB\"},{\"@type\":\"Organization\",\"@id\":\"https:\/\/www.investaura.co\/wordpress\/#organization\",\"name\":\"Investaura\",\"url\":\"https:\/\/www.investaura.co\/wordpress\/\",\"logo\":{\"@type\":\"ImageObject\",\"inLanguage\":\"en-GB\",\"@id\":\"https:\/\/www.investaura.co\/wordpress\/#\/schema\/logo\/image\/\",\"url\":\"https:\/\/i0.wp.com\/www.investaura.co\/wordpress\/wp-content\/uploads\/Logo-INVESTAURA_RGB-blau-e1450351498844.jpg?fit=256%2C90&ssl=1\",\"contentUrl\":\"https:\/\/i0.wp.com\/www.investaura.co\/wordpress\/wp-content\/uploads\/Logo-INVESTAURA_RGB-blau-e1450351498844.jpg?fit=256%2C90&ssl=1\",\"width\":256,\"height\":90,\"caption\":\"Investaura\"},\"image\":{\"@id\":\"https:\/\/www.investaura.co\/wordpress\/#\/schema\/logo\/image\/\"},\"sameAs\":[\"https:\/\/www.linkedin.com\/company\/1229653\"]}]}<\/script>\n<!-- \/ Yoast SEO plugin. -->","yoast_head_json":{"title":"Sell-side M&A: Erfolgreichere Transaktionen mit kommerziellen und finanziellen Factbooks | Investaura","robots":{"index":"index","follow":"follow","max-snippet":"max-snippet:-1","max-image-preview":"max-image-preview:large","max-video-preview":"max-video-preview:-1"},"canonical":"https:\/\/www.investaura.co\/wordpress\/losungen\/sell-side-ma-erfolgreichere-transaktionen-mit-kommerziellen-und-finanziellen-factbooks\/","og_locale":"en_GB","og_type":"article","og_title":"Sell-side M&A: Erfolgreichere Transaktionen mit kommerziellen und finanziellen Factbooks | Investaura","og_description":"Wenn Unternehmer und F\u00fchrungskr\u00e4fte kleiner und mittlerer Unternehmen Gespr\u00e4che mit finanziellen oder strategischen Investoren f\u00fchren, begeben sie sich auf eine Reise, die sie sowohl in ihrer Komplexit\u00e4t als auch in ihrer Dauer oft stark untersch\u00e4tzen.","og_url":"https:\/\/www.investaura.co\/wordpress\/losungen\/sell-side-ma-erfolgreichere-transaktionen-mit-kommerziellen-und-finanziellen-factbooks\/","og_site_name":"Investaura","article_modified_time":"2026-03-11T10:13:03+00:00","og_image":[{"width":1024,"height":676,"url":"https:\/\/www.investaura.co\/wordpress\/wp-content\/uploads\/2020\/08\/shutterstock_316625645_resized.jpg","type":"image\/jpeg"}],"twitter_card":"summary_large_image","twitter_misc":{"Estimated reading time":"2 minutes"},"schema":{"@context":"https:\/\/schema.org","@graph":[{"@type":"WebPage","@id":"https:\/\/www.investaura.co\/wordpress\/losungen\/sell-side-ma-erfolgreichere-transaktionen-mit-kommerziellen-und-finanziellen-factbooks\/","url":"https:\/\/www.investaura.co\/wordpress\/losungen\/sell-side-ma-erfolgreichere-transaktionen-mit-kommerziellen-und-finanziellen-factbooks\/","name":"Sell-side M&A: Erfolgreichere Transaktionen mit kommerziellen und finanziellen Factbooks | Investaura","isPartOf":{"@id":"https:\/\/www.investaura.co\/wordpress\/#website"},"datePublished":"2020-08-07T15:16:31+00:00","dateModified":"2026-03-11T10:13:03+00:00","breadcrumb":{"@id":"https:\/\/www.investaura.co\/wordpress\/losungen\/sell-side-ma-erfolgreichere-transaktionen-mit-kommerziellen-und-finanziellen-factbooks\/#breadcrumb"},"inLanguage":"en-GB","potentialAction":[{"@type":"ReadAction","target":["https:\/\/www.investaura.co\/wordpress\/losungen\/sell-side-ma-erfolgreichere-transaktionen-mit-kommerziellen-und-finanziellen-factbooks\/"]}]},{"@type":"BreadcrumbList","@id":"https:\/\/www.investaura.co\/wordpress\/losungen\/sell-side-ma-erfolgreichere-transaktionen-mit-kommerziellen-und-finanziellen-factbooks\/#breadcrumb","itemListElement":[{"@type":"ListItem","position":1,"name":"Home","item":"https:\/\/www.investaura.co\/wordpress\/"},{"@type":"ListItem","position":2,"name":"L\u00f6sungen Showcase","item":"https:\/\/www.investaura.co\/wordpress\/losungen\/"},{"@type":"ListItem","position":3,"name":"Sell-side M&#038;A: Erfolgreichere Transaktionen mit kommerziellen und finanziellen Factbooks"}]},{"@type":"WebSite","@id":"https:\/\/www.investaura.co\/wordpress\/#website","url":"https:\/\/www.investaura.co\/wordpress\/","name":"Investaura","description":"The Value Creation Consultants","publisher":{"@id":"https:\/\/www.investaura.co\/wordpress\/#organization"},"potentialAction":[{"@type":"SearchAction","target":{"@type":"EntryPoint","urlTemplate":"https:\/\/www.investaura.co\/wordpress\/?s={search_term_string}"},"query-input":"required name=search_term_string"}],"inLanguage":"en-GB"},{"@type":"Organization","@id":"https:\/\/www.investaura.co\/wordpress\/#organization","name":"Investaura","url":"https:\/\/www.investaura.co\/wordpress\/","logo":{"@type":"ImageObject","inLanguage":"en-GB","@id":"https:\/\/www.investaura.co\/wordpress\/#\/schema\/logo\/image\/","url":"https:\/\/i0.wp.com\/www.investaura.co\/wordpress\/wp-content\/uploads\/Logo-INVESTAURA_RGB-blau-e1450351498844.jpg?fit=256%2C90&ssl=1","contentUrl":"https:\/\/i0.wp.com\/www.investaura.co\/wordpress\/wp-content\/uploads\/Logo-INVESTAURA_RGB-blau-e1450351498844.jpg?fit=256%2C90&ssl=1","width":256,"height":90,"caption":"Investaura"},"image":{"@id":"https:\/\/www.investaura.co\/wordpress\/#\/schema\/logo\/image\/"},"sameAs":["https:\/\/www.linkedin.com\/company\/1229653"]}]}},"jetpack_shortlink":"https:\/\/wp.me\/P7ecno-1UV","jetpack-related-posts":[{"id":6759,"url":"https:\/\/www.investaura.co\/wordpress\/dienstleistungen\/geschaeftsplanung\/","url_meta":{"origin":7373,"position":0},"title":"Gesch\u00e4ftsplanung","date":"January 31, 2019","format":false,"excerpt":"Eine gro\u00dfe Anzahl von Managern ist an der Erstellung von Gesch\u00e4ftspl\u00e4nen beteiligt, sei es in einem Start-up, einem ausgereiften Unternehmen oder im Rahmen von M&A. Leider sind die Ergebnisse nicht immer \u00fcberzeugend. Investaura hat eine immense Erfahrung im Bereich der Finanzplanung. Gesch\u00e4ftsplanung ist eine ganzheitliche Aktivit\u00e4t, die nicht nur ein\u2026","rel":"","context":"Similar post","img":{"alt_text":"","src":"https:\/\/i0.wp.com\/www.investaura.co\/wordpress\/wp-content\/uploads\/2010\/09\/shutterstock_251280265_smaller.jpg?fit=1024%2C678&ssl=1&resize=350%2C200","width":350,"height":200},"classes":[]},{"id":5700,"url":"https:\/\/www.investaura.co\/wordpress\/losungen\/business-planning-bewertung\/","url_meta":{"origin":7373,"position":1},"title":"Business Plan und Unternehmensbewertung","date":"March 2, 2016","format":false,"excerpt":"Eine gro\u00dfe Anzahl von Managern arbeitet weltweit an der Erstellung von Gesch\u00e4ftspl\u00e4nen, sei es in einem Start-up-Unternehmen, im reifen Unternehmen oder im M&A-Kontext. Leider sind die Ergebnisse nicht immer \u00fcberzeugend oder korrekt! Gesch\u00e4ftsplanung ist eine ganzheitliche Aktivit\u00e4t, die nicht nur ein starkes Verst\u00e4ndnis des Unternehmens erfordert, sondern auch eine klare\u2026","rel":"","context":"Similar post","img":{"alt_text":"","src":"https:\/\/i0.wp.com\/www.investaura.co\/wordpress\/wp-content\/uploads\/2024\/07\/Business_Planning3.jpg?fit=1024%2C769&ssl=1&resize=350%2C200","width":350,"height":200},"classes":[]},{"id":6264,"url":"https:\/\/www.investaura.co\/wordpress\/dienstleistungen\/mergers-and-acquisitions\/sell-side-dont-brauchen-ma-berater\/","url_meta":{"origin":7373,"position":2},"title":"Verkaufsseite: Brauchen Sie keinen M&#038;A-Berater?","date":"April 4, 2017","format":false,"excerpt":"Verkaufen Sie Ihre Firma In der heutigen wettbewerbsorientierten Welt sind Gewinn und Wachstum fundamentale Quellen der Wertsch\u00f6pfung f\u00fcr Unternehmer und Aktion\u00e4re. Wenn Sie nicht wachsen, werden es Ihre Konkurrenten tun, und diese k\u00f6nnten schlie\u00dflich Ihr Gesch\u00e4ft in den Schatten stellen und gef\u00e4hrden. Selbst wenn Sie eine profitable Nische f\u00fcr Ihr\u2026","rel":"","context":"Similar post","img":{"alt_text":"","src":"https:\/\/i0.wp.com\/www.investaura.co\/wordpress\/wp-content\/uploads\/shutterstock_139401482.jpg?fit=1000%2C554&ssl=1&resize=350%2C200","width":350,"height":200},"classes":[]},{"id":7590,"url":"https:\/\/www.investaura.co\/wordpress\/losungen\/exit-strategie-fuer-proptech-europa\/","url_meta":{"origin":7373,"position":3},"title":"Exit-Strategie f\u00fcr PropTech in Europa","date":"March 7, 2022","format":false,"excerpt":"Zur Zeit gibt es mehr als 3000 PropTech-Unternehmen in Europa. Viele von ihnen, die nach 2010 gegr\u00fcndet wurden, wurden zun\u00e4chst von der Gr\u00f6\u00dfe des Immobilienmarktes und der M\u00f6glichkeit angezogen, eine Branche umzugestalten, die bis vor kurzem noch keinen Druck zur Digitalisierung versp\u00fcrt hat. Leider erleben viele junge Unternehmen nicht das\u2026","rel":"","context":"Similar post","img":{"alt_text":"","src":"https:\/\/i0.wp.com\/www.investaura.co\/wordpress\/wp-content\/uploads\/2017\/01\/shutterstock_182278607.jpg?fit=1000%2C836&ssl=1&resize=350%2C200","width":350,"height":200},"classes":[]},{"id":6266,"url":"https:\/\/www.investaura.co\/wordpress\/dienstleistungen\/mergers-and-acquisitions\/buy-side-ma-angelegenheit\/","url_meta":{"origin":7373,"position":4},"title":"Buy-Side: Warum ist M&#038;A wichtig?","date":"April 4, 2017","format":false,"excerpt":"Beschleunigen Sie Ihr Gesch\u00e4ft In der heutigen Wettbewerbswelt z\u00e4hlen Geschwindigkeit und Kostenkontrolle zu den wichtigsten Wertsch\u00f6pfungsfaktoren aus Sicht der Kunden als auch der Aktion\u00e4re. Exogenes Wachstum durch M&A kann Ihrem Unternehmen helfen, Zeit zu sparen und schneller zu wachsen, fehlende Kompetenzen zu erwerben und die Wirtschaftlichkeit Ihres Unternehmens zu verbessern.\u2026","rel":"","context":"Similar post","img":{"alt_text":"","src":"https:\/\/i0.wp.com\/www.investaura.co\/wordpress\/wp-content\/uploads\/shutterstock_139401482.jpg?fit=1000%2C554&ssl=1&resize=350%2C200","width":350,"height":200},"classes":[]},{"id":6304,"url":"https:\/\/www.investaura.co\/wordpress\/dienstleistungen\/beratung\/strategie-und-business-planung\/","url_meta":{"origin":7373,"position":5},"title":"Strategie und Gesch\u00e4ftsplanung","date":"March 26, 2015","format":false,"excerpt":"Die Berater von Investaura verf\u00fcgen \u00fcber umfangreiche Erfahrung im Bereich der Strategie - angewandte, detaillierte - und Gesch\u00e4ftsplanung - quantifiziert, robust, umsetzbar -, die bis in die Mitte der 1990er Jahre zur\u00fcckreicht. Wir verstehen sowohl kleine als auch gro\u00dfe Unternehmen. Wir sind Berater, die zu Unternehmern werden und wissen, was\u2026","rel":"","context":"Similar post","img":{"alt_text":"","src":"https:\/\/i0.wp.com\/www.investaura.co\/wordpress\/wp-content\/uploads\/2016\/02\/shutterstock_282394148_smaller.jpg?fit=1024%2C683&ssl=1&resize=350%2C200","width":350,"height":200},"classes":[]}],"jetpack_sharing_enabled":true,"_links":{"self":[{"href":"https:\/\/www.investaura.co\/wordpress\/wp-json\/wp\/v2\/pages\/7373"}],"collection":[{"href":"https:\/\/www.investaura.co\/wordpress\/wp-json\/wp\/v2\/pages"}],"about":[{"href":"https:\/\/www.investaura.co\/wordpress\/wp-json\/wp\/v2\/types\/page"}],"author":[{"embeddable":true,"href":"https:\/\/www.investaura.co\/wordpress\/wp-json\/wp\/v2\/users\/1"}],"replies":[{"embeddable":true,"href":"https:\/\/www.investaura.co\/wordpress\/wp-json\/wp\/v2\/comments?post=7373"}],"version-history":[{"count":12,"href":"https:\/\/www.investaura.co\/wordpress\/wp-json\/wp\/v2\/pages\/7373\/revisions"}],"predecessor-version":[{"id":8303,"href":"https:\/\/www.investaura.co\/wordpress\/wp-json\/wp\/v2\/pages\/7373\/revisions\/8303"}],"up":[{"embeddable":true,"href":"https:\/\/www.investaura.co\/wordpress\/wp-json\/wp\/v2\/pages\/5685"}],"wp:featuredmedia":[{"embeddable":true,"href":"https:\/\/www.investaura.co\/wordpress\/wp-json\/wp\/v2\/media\/7328"}],"wp:attachment":[{"href":"https:\/\/www.investaura.co\/wordpress\/wp-json\/wp\/v2\/media?parent=7373"}],"curies":[{"name":"wp","href":"https:\/\/api.w.org\/{rel}","templated":true}]}}