{"id":7350,"date":"2020-08-07T17:16:31","date_gmt":"2020-08-07T15:16:31","guid":{"rendered":"http:\/\/www.investaura.co\/?page_id=7350"},"modified":"2026-03-11T12:15:40","modified_gmt":"2026-03-11T10:15:40","slug":"ma-sell-side-des-factbooks-financiers-et-commerciaux-pour-des-transactions-plus-fructueuses","status":"publish","type":"page","link":"https:\/\/www.investaura.co\/wordpress\/boite-a-solutions\/ma-sell-side-des-factbooks-financiers-et-commerciaux-pour-des-transactions-plus-fructueuses\/","title":{"rendered":"M&#038;A sell-side: des Factbooks financiers et commerciaux pour des transactions plus fructueuses"},"content":{"rendered":"<p>Lorsque les chefs d&#8217;entreprise et les dirigeants de PME engagent des discussions avec des investisseurs financiers ou strat\u00e9giques, ils se lancent dans un processus qu&#8217;ils sous-estiment souvent, tant dans sa complexit\u00e9 que dans sa dur\u00e9e.<!--more--><\/p>\n<p>Il ne fait aucun doute que la direction conna\u00eet le mieux l&#8217;entreprise et son histoire. Cependant, lancer des activit\u00e9s de M&amp;A au bon moment, raconter la bonne histoire, trouver le bon investisseur, convenir du bon prix et adopter la bonne strat\u00e9gie: une ex\u00e9cution sans faille est un d\u00e9fi, surtout lorsque les propri\u00e9taires d&#8217;entreprise le font pour la premi\u00e8re fois temps.<\/p>\n<p>Outre \u00abessayer de le faire seul\u00bb, les erreurs les plus courantes sont:<\/p>\n<ul>\n<li>Lancer l&#8217;initiative au mauvais moment, alors que l&#8217;entreprise n&#8217;est pas encore vendable<\/li>\n<li>Manque d&#8217;alignement au sein de la direction sur ce que l&#8217;investisseur id\u00e9al devrait apporter et sur les compromis entre les investisseurs financiers et strat\u00e9giques<\/li>\n<li>Manque de strat\u00e9gie claire et ex\u00e9cutable pour faire passer l&#8217;entreprise \u00e0 l&#8217;\u00e9tape suivante.<\/li>\n<\/ul>\n<p>Des conseillers externes en fusions-acquisitions peuvent fortement contribuer \u00e0 rendre le processus plus efficace.\u00a0Ils fournissent un examen de la r\u00e9alit\u00e9 et un organe de r\u00e9flexion \u00e0 la direction.\u00a0Ils peuvent aider la direction \u00e0 d\u00e9finir la bonne histoire et \u00e0 clarifier les options strat\u00e9giques pour l&#8217;avenir.<\/p>\n<p>En plus de pr\u00e9parer un Info Memo convaincant et de haute qualit\u00e9, les consultants d&#8217;Investaura apportent l&#8217;exp\u00e9rience de l&#8217;industrie n\u00e9cessaire pour obtenir le meilleur r\u00e9sultat.\u00a0La pr\u00e9paration de Factbooks commerciaux et financiers pr\u00e9sente de nombreux avantages et am\u00e9liore consid\u00e9rablement le r\u00e9sultat de la transaction M&amp;A:<\/p>\n<ul>\n<li>les Factbooks financiers fournissent un plan quinquennal solide qui a \u00e9t\u00e9 revu et am\u00e9lior\u00e9 par le conseiller externe<\/li>\n<li>les Factbooks commercaux rendent les objectifs commerciaux pass\u00e9s, pr\u00e9sents et futurs transparents aux investisseurs potentiels<\/li>\n<li>ils alignent l&#8217;\u00e9quipe de direction en interne afin que les dirigeants de l&#8217;entreprise partagent tous la m\u00eame compr\u00e9hension de ce que l&#8217;entreprise a accompli dans un pass\u00e9 r\u00e9cent et de ses objectifs \u00e0 moyen terme<\/li>\n<li>ils permettent d&#8217;obtenir une valorisation plus \u00e9lev\u00e9e de l&#8217;entreprise dans la phase de n\u00e9gociation.<\/li>\n<\/ul>\n<p>Les Factbooks commerciaux et financiers d\u00e9velopp\u00e9s par les consultants d&#8217;Investaura ont contribu\u00e9 avec succ\u00e8s \u00e0 plusieurs transactions de fusions-acquisitions, telles que:<\/p>\n<ul>\n<li>l&#8217;investissement primaire et secondaire de la SRIW dans SEE Telecom (Belgique), la SRIW fournissant des capitaux de croissance et devenant un investisseur strat\u00e9gique dans la soci\u00e9t\u00e9<\/li>\n<li>l&#8217;acquisition de Fuxtec, une soci\u00e9t\u00e9 de commerce \u00e9lectronique, en un investisseur adoss\u00e9 \u00e0 une entreprise familiale (Allemagne)<\/li>\n<li>l&#8217;acquisition d&#8217;UTS, un op\u00e9rateur de t\u00e9l\u00e9communications, par Liberty Latin America<\/li>\n<\/ul>\n","protected":false},"excerpt":{"rendered":"<p>Lorsque les chefs d&#8217;entreprise et les dirigeants de PME engagent des discussions avec des investisseurs financiers ou strat\u00e9giques, ils se lancent dans un processus qu&#8217;ils sous-estiment souvent, tant dans sa complexit\u00e9 que dans sa dur\u00e9e.<\/p>\n","protected":false},"author":1,"featured_media":7328,"parent":5683,"menu_order":4,"comment_status":"closed","ping_status":"closed","template":"","meta":{"jetpack_post_was_ever_published":false},"yoast_head":"<!-- This site is optimized with the Yoast SEO plugin v20.4 - https:\/\/yoast.com\/wordpress\/plugins\/seo\/ -->\n<title>M&amp;A sell-side: des Factbooks financiers et commerciaux pour des transactions plus fructueuses | Investaura<\/title>\n<meta name=\"robots\" content=\"index, follow, max-snippet:-1, max-image-preview:large, max-video-preview:-1\" \/>\n<link rel=\"canonical\" href=\"https:\/\/www.investaura.co\/wordpress\/boite-a-solutions\/ma-sell-side-des-factbooks-financiers-et-commerciaux-pour-des-transactions-plus-fructueuses\/\" \/>\n<meta property=\"og:locale\" content=\"en_GB\" \/>\n<meta property=\"og:type\" content=\"article\" \/>\n<meta property=\"og:title\" content=\"M&amp;A sell-side: des Factbooks financiers et commerciaux pour des transactions plus fructueuses | Investaura\" \/>\n<meta property=\"og:description\" content=\"Lorsque les chefs d&#8217;entreprise et les dirigeants de PME engagent des discussions avec des investisseurs financiers ou strat\u00e9giques, ils se lancent dans un processus qu&#8217;ils sous-estiment souvent, tant dans sa complexit\u00e9 que dans sa dur\u00e9e.\" \/>\n<meta property=\"og:url\" content=\"https:\/\/www.investaura.co\/wordpress\/boite-a-solutions\/ma-sell-side-des-factbooks-financiers-et-commerciaux-pour-des-transactions-plus-fructueuses\/\" \/>\n<meta property=\"og:site_name\" content=\"Investaura\" \/>\n<meta property=\"article:modified_time\" content=\"2026-03-11T10:15:40+00:00\" \/>\n<meta property=\"og:image\" content=\"https:\/\/www.investaura.co\/wordpress\/wp-content\/uploads\/2020\/08\/shutterstock_316625645_resized.jpg\" \/>\n\t<meta property=\"og:image:width\" content=\"1024\" \/>\n\t<meta property=\"og:image:height\" content=\"676\" \/>\n\t<meta property=\"og:image:type\" content=\"image\/jpeg\" \/>\n<meta name=\"twitter:card\" content=\"summary_large_image\" \/>\n<meta name=\"twitter:label1\" content=\"Estimated reading time\" \/>\n\t<meta name=\"twitter:data1\" content=\"2 minutes\" \/>\n<script type=\"application\/ld+json\" class=\"yoast-schema-graph\">{\"@context\":\"https:\/\/schema.org\",\"@graph\":[{\"@type\":\"WebPage\",\"@id\":\"https:\/\/www.investaura.co\/wordpress\/boite-a-solutions\/ma-sell-side-des-factbooks-financiers-et-commerciaux-pour-des-transactions-plus-fructueuses\/\",\"url\":\"https:\/\/www.investaura.co\/wordpress\/boite-a-solutions\/ma-sell-side-des-factbooks-financiers-et-commerciaux-pour-des-transactions-plus-fructueuses\/\",\"name\":\"M&A sell-side: des Factbooks financiers et commerciaux pour des transactions plus fructueuses | Investaura\",\"isPartOf\":{\"@id\":\"https:\/\/www.investaura.co\/wordpress\/#website\"},\"datePublished\":\"2020-08-07T15:16:31+00:00\",\"dateModified\":\"2026-03-11T10:15:40+00:00\",\"breadcrumb\":{\"@id\":\"https:\/\/www.investaura.co\/wordpress\/boite-a-solutions\/ma-sell-side-des-factbooks-financiers-et-commerciaux-pour-des-transactions-plus-fructueuses\/#breadcrumb\"},\"inLanguage\":\"en-GB\",\"potentialAction\":[{\"@type\":\"ReadAction\",\"target\":[\"https:\/\/www.investaura.co\/wordpress\/boite-a-solutions\/ma-sell-side-des-factbooks-financiers-et-commerciaux-pour-des-transactions-plus-fructueuses\/\"]}]},{\"@type\":\"BreadcrumbList\",\"@id\":\"https:\/\/www.investaura.co\/wordpress\/boite-a-solutions\/ma-sell-side-des-factbooks-financiers-et-commerciaux-pour-des-transactions-plus-fructueuses\/#breadcrumb\",\"itemListElement\":[{\"@type\":\"ListItem\",\"position\":1,\"name\":\"Home\",\"item\":\"https:\/\/www.investaura.co\/wordpress\/\"},{\"@type\":\"ListItem\",\"position\":2,\"name\":\"Solutions Showcase\",\"item\":\"https:\/\/www.investaura.co\/wordpress\/boite-a-solutions\/\"},{\"@type\":\"ListItem\",\"position\":3,\"name\":\"M&#038;A sell-side: des Factbooks financiers et commerciaux pour des transactions plus fructueuses\"}]},{\"@type\":\"WebSite\",\"@id\":\"https:\/\/www.investaura.co\/wordpress\/#website\",\"url\":\"https:\/\/www.investaura.co\/wordpress\/\",\"name\":\"Investaura\",\"description\":\"The Value Creation Consultants\",\"publisher\":{\"@id\":\"https:\/\/www.investaura.co\/wordpress\/#organization\"},\"potentialAction\":[{\"@type\":\"SearchAction\",\"target\":{\"@type\":\"EntryPoint\",\"urlTemplate\":\"https:\/\/www.investaura.co\/wordpress\/?s={search_term_string}\"},\"query-input\":\"required name=search_term_string\"}],\"inLanguage\":\"en-GB\"},{\"@type\":\"Organization\",\"@id\":\"https:\/\/www.investaura.co\/wordpress\/#organization\",\"name\":\"Investaura\",\"url\":\"https:\/\/www.investaura.co\/wordpress\/\",\"logo\":{\"@type\":\"ImageObject\",\"inLanguage\":\"en-GB\",\"@id\":\"https:\/\/www.investaura.co\/wordpress\/#\/schema\/logo\/image\/\",\"url\":\"https:\/\/i0.wp.com\/www.investaura.co\/wordpress\/wp-content\/uploads\/Logo-INVESTAURA_RGB-blau-e1450351498844.jpg?fit=256%2C90&ssl=1\",\"contentUrl\":\"https:\/\/i0.wp.com\/www.investaura.co\/wordpress\/wp-content\/uploads\/Logo-INVESTAURA_RGB-blau-e1450351498844.jpg?fit=256%2C90&ssl=1\",\"width\":256,\"height\":90,\"caption\":\"Investaura\"},\"image\":{\"@id\":\"https:\/\/www.investaura.co\/wordpress\/#\/schema\/logo\/image\/\"},\"sameAs\":[\"https:\/\/www.linkedin.com\/company\/1229653\"]}]}<\/script>\n<!-- \/ Yoast SEO plugin. -->","yoast_head_json":{"title":"M&A sell-side: des Factbooks financiers et commerciaux pour des transactions plus fructueuses | Investaura","robots":{"index":"index","follow":"follow","max-snippet":"max-snippet:-1","max-image-preview":"max-image-preview:large","max-video-preview":"max-video-preview:-1"},"canonical":"https:\/\/www.investaura.co\/wordpress\/boite-a-solutions\/ma-sell-side-des-factbooks-financiers-et-commerciaux-pour-des-transactions-plus-fructueuses\/","og_locale":"en_GB","og_type":"article","og_title":"M&A sell-side: des Factbooks financiers et commerciaux pour des transactions plus fructueuses | Investaura","og_description":"Lorsque les chefs d&#8217;entreprise et les dirigeants de PME engagent des discussions avec des investisseurs financiers ou strat\u00e9giques, ils se lancent dans un processus qu&#8217;ils sous-estiment souvent, tant dans sa complexit\u00e9 que dans sa dur\u00e9e.","og_url":"https:\/\/www.investaura.co\/wordpress\/boite-a-solutions\/ma-sell-side-des-factbooks-financiers-et-commerciaux-pour-des-transactions-plus-fructueuses\/","og_site_name":"Investaura","article_modified_time":"2026-03-11T10:15:40+00:00","og_image":[{"width":1024,"height":676,"url":"https:\/\/www.investaura.co\/wordpress\/wp-content\/uploads\/2020\/08\/shutterstock_316625645_resized.jpg","type":"image\/jpeg"}],"twitter_card":"summary_large_image","twitter_misc":{"Estimated reading time":"2 minutes"},"schema":{"@context":"https:\/\/schema.org","@graph":[{"@type":"WebPage","@id":"https:\/\/www.investaura.co\/wordpress\/boite-a-solutions\/ma-sell-side-des-factbooks-financiers-et-commerciaux-pour-des-transactions-plus-fructueuses\/","url":"https:\/\/www.investaura.co\/wordpress\/boite-a-solutions\/ma-sell-side-des-factbooks-financiers-et-commerciaux-pour-des-transactions-plus-fructueuses\/","name":"M&A sell-side: des Factbooks financiers et commerciaux pour des transactions plus fructueuses | Investaura","isPartOf":{"@id":"https:\/\/www.investaura.co\/wordpress\/#website"},"datePublished":"2020-08-07T15:16:31+00:00","dateModified":"2026-03-11T10:15:40+00:00","breadcrumb":{"@id":"https:\/\/www.investaura.co\/wordpress\/boite-a-solutions\/ma-sell-side-des-factbooks-financiers-et-commerciaux-pour-des-transactions-plus-fructueuses\/#breadcrumb"},"inLanguage":"en-GB","potentialAction":[{"@type":"ReadAction","target":["https:\/\/www.investaura.co\/wordpress\/boite-a-solutions\/ma-sell-side-des-factbooks-financiers-et-commerciaux-pour-des-transactions-plus-fructueuses\/"]}]},{"@type":"BreadcrumbList","@id":"https:\/\/www.investaura.co\/wordpress\/boite-a-solutions\/ma-sell-side-des-factbooks-financiers-et-commerciaux-pour-des-transactions-plus-fructueuses\/#breadcrumb","itemListElement":[{"@type":"ListItem","position":1,"name":"Home","item":"https:\/\/www.investaura.co\/wordpress\/"},{"@type":"ListItem","position":2,"name":"Solutions Showcase","item":"https:\/\/www.investaura.co\/wordpress\/boite-a-solutions\/"},{"@type":"ListItem","position":3,"name":"M&#038;A sell-side: des Factbooks financiers et commerciaux pour des transactions plus fructueuses"}]},{"@type":"WebSite","@id":"https:\/\/www.investaura.co\/wordpress\/#website","url":"https:\/\/www.investaura.co\/wordpress\/","name":"Investaura","description":"The Value Creation Consultants","publisher":{"@id":"https:\/\/www.investaura.co\/wordpress\/#organization"},"potentialAction":[{"@type":"SearchAction","target":{"@type":"EntryPoint","urlTemplate":"https:\/\/www.investaura.co\/wordpress\/?s={search_term_string}"},"query-input":"required name=search_term_string"}],"inLanguage":"en-GB"},{"@type":"Organization","@id":"https:\/\/www.investaura.co\/wordpress\/#organization","name":"Investaura","url":"https:\/\/www.investaura.co\/wordpress\/","logo":{"@type":"ImageObject","inLanguage":"en-GB","@id":"https:\/\/www.investaura.co\/wordpress\/#\/schema\/logo\/image\/","url":"https:\/\/i0.wp.com\/www.investaura.co\/wordpress\/wp-content\/uploads\/Logo-INVESTAURA_RGB-blau-e1450351498844.jpg?fit=256%2C90&ssl=1","contentUrl":"https:\/\/i0.wp.com\/www.investaura.co\/wordpress\/wp-content\/uploads\/Logo-INVESTAURA_RGB-blau-e1450351498844.jpg?fit=256%2C90&ssl=1","width":256,"height":90,"caption":"Investaura"},"image":{"@id":"https:\/\/www.investaura.co\/wordpress\/#\/schema\/logo\/image\/"},"sameAs":["https:\/\/www.linkedin.com\/company\/1229653"]}]}},"jetpack_shortlink":"https:\/\/wp.me\/P7ecno-1Uy","jetpack-related-posts":[{"id":6263,"url":"https:\/\/www.investaura.co\/wordpress\/nos-services\/fusions-et-acquisitions\/sell-side-dont-need-ma-conseiller\/","url_meta":{"origin":7350,"position":0},"title":"Sell-side: n&#8217;auriez-vous pas besoin d&#8217;un conseiller M&#038;A?","date":"April 4, 2017","format":false,"excerpt":"Vendre votre entreprise Dans le monde ultra concurrentiel d'aujourd'hui, la croissance et le profit sont les sources fondamentales de cr\u00e9ation de valeur pour les chefs d'entreprise et leurs actionnaires. Si votre soci\u00e9t\u00e9 ne grossit pas, vos concurrents eux se d\u00e9velopperont, et ils pourraient finir par \u00e9clipser et mettre en p\u00e9ril\u2026","rel":"","context":"Similar post","img":{"alt_text":"","src":"https:\/\/i0.wp.com\/www.investaura.co\/wordpress\/wp-content\/uploads\/shutterstock_139401482.jpg?fit=1000%2C554&ssl=1&resize=350%2C200","width":350,"height":200},"classes":[]},{"id":5698,"url":"https:\/\/www.investaura.co\/wordpress\/boite-a-solutions\/business-planification-evaluation\/","url_meta":{"origin":7350,"position":1},"title":"Business Planning et Valorisation d&#8217;entreprise","date":"March 2, 2016","format":false,"excerpt":"Un grand nombre de managers sont impliqu\u00e9s dans la pr\u00e9paration de Business Plans, que ce soit dans une start-up, une entreprise mature ou dans un contexte de fusions-acquisitions. Malheureusement, les r\u00e9sultats ne sont pas toujours convaincants, ni corrects! La pr\u00e9paration d'un Business Plan est une activit\u00e9 holistique qui exige non\u2026","rel":"","context":"Similar post","img":{"alt_text":"","src":"https:\/\/i0.wp.com\/www.investaura.co\/wordpress\/wp-content\/uploads\/2024\/07\/Business_Planning3.jpg?fit=1024%2C769&ssl=1&resize=350%2C200","width":350,"height":200},"classes":[]},{"id":6303,"url":"https:\/\/www.investaura.co\/wordpress\/nos-services\/conseil\/strategie-et-business-planning\/","url_meta":{"origin":7350,"position":2},"title":"Strat\u00e9gie et planification d&#8217;entreprise","date":"March 26, 2015","format":false,"excerpt":"Les consultants d'Investaura ont une vaste exp\u00e9rience dans le domaine de la strat\u00e9gie - appliqu\u00e9e, d\u00e9taill\u00e9e - et de la planification d'entreprise - quantifi\u00e9e, robuste, r\u00e9alisable - remontant au milieu des ann\u00e9es 1990. Nous comprenons les petites et les grandes entreprises. Nous sommes des consultants devenus entrepreneurs et savons ce\u2026","rel":"","context":"Similar post","img":{"alt_text":"","src":"https:\/\/i0.wp.com\/www.investaura.co\/wordpress\/wp-content\/uploads\/2016\/02\/shutterstock_282394148_smaller.jpg?fit=1024%2C683&ssl=1&resize=350%2C200","width":350,"height":200},"classes":[]},{"id":6265,"url":"https:\/\/www.investaura.co\/wordpress\/nos-services\/fusions-et-acquisitions\/acheter-cote-ma-matiere\/","url_meta":{"origin":7350,"position":3},"title":"Buy-side: pourquoi le M&#038;A est-il important?","date":"April 4, 2017","format":false,"excerpt":"Acc\u00e9l\u00e9rez la croissance de votre entreprise Dans le monde comp\u00e9titif d'aujourd'hui, la rapidit\u00e9 d'ex\u00e9cution et le contr\u00f4le des co\u00fbts comptent parmi les facteurs de cr\u00e9ation de valeur les plus importants pour les actionnaires comme pour les clients. Un projet de croissance exog\u00e8ne via M&A peut aider votre entreprise \u00e0 gagner\u2026","rel":"","context":"Similar post","img":{"alt_text":"","src":"https:\/\/i0.wp.com\/www.investaura.co\/wordpress\/wp-content\/uploads\/shutterstock_139401482.jpg?fit=1000%2C554&ssl=1&resize=350%2C200","width":350,"height":200},"classes":[]},{"id":6755,"url":"https:\/\/www.investaura.co\/wordpress\/nos-services\/business-planning-fr\/","url_meta":{"origin":7350,"position":4},"title":"Business Planning","date":"January 31, 2019","format":false,"excerpt":"Un grand nombre de gestionnaires participent \u00e0 la pr\u00e9paration de plans d'affaires, que ce soit dans une start-up, une soci\u00e9t\u00e9 mature ou dans un contexte de fusion-acquisition. Malheureusement, les r\u00e9sultats ne sont pas toujours convaincants. Investaura poss\u00e8de une vaste exp\u00e9rience dans le domaine de la planification financi\u00e8re. La pr\u00e9paration d'un\u2026","rel":"","context":"Similar post","img":{"alt_text":"","src":"https:\/\/i0.wp.com\/www.investaura.co\/wordpress\/wp-content\/uploads\/2010\/09\/shutterstock_251280265_smaller.jpg?fit=1024%2C678&ssl=1&resize=350%2C200","width":350,"height":200},"classes":[]},{"id":6267,"url":"https:\/\/www.investaura.co\/wordpress\/nos-services\/fusions-et-acquisitions\/pourquoi-investaura\/","url_meta":{"origin":7350,"position":5},"title":"Pourquoi Investaura?","date":"March 24, 2015","format":false,"excerpt":"Les consultants Investaura sont des experts M&A qui apportent la s\u00e9niorit\u00e9 et le doigt\u00e9 n\u00e9cessaire \u00e0 la r\u00e9ussite de projets complexes. Nous fournissons des services sur mesure qui r\u00e9pondent aux exigences pr\u00e9cises de nos clients. Nous sommes fiers d'apporter les points de diff\u00e9renciation suivants: Le succ\u00e8s de nos clients est\u2026","rel":"","context":"Similar post","img":{"alt_text":"","src":"https:\/\/i0.wp.com\/www.investaura.co\/wordpress\/wp-content\/uploads\/shutterstock_139401482.jpg?fit=1000%2C554&ssl=1&resize=350%2C200","width":350,"height":200},"classes":[]}],"jetpack_sharing_enabled":true,"_links":{"self":[{"href":"https:\/\/www.investaura.co\/wordpress\/wp-json\/wp\/v2\/pages\/7350"}],"collection":[{"href":"https:\/\/www.investaura.co\/wordpress\/wp-json\/wp\/v2\/pages"}],"about":[{"href":"https:\/\/www.investaura.co\/wordpress\/wp-json\/wp\/v2\/types\/page"}],"author":[{"embeddable":true,"href":"https:\/\/www.investaura.co\/wordpress\/wp-json\/wp\/v2\/users\/1"}],"replies":[{"embeddable":true,"href":"https:\/\/www.investaura.co\/wordpress\/wp-json\/wp\/v2\/comments?post=7350"}],"version-history":[{"count":20,"href":"https:\/\/www.investaura.co\/wordpress\/wp-json\/wp\/v2\/pages\/7350\/revisions"}],"predecessor-version":[{"id":8306,"href":"https:\/\/www.investaura.co\/wordpress\/wp-json\/wp\/v2\/pages\/7350\/revisions\/8306"}],"up":[{"embeddable":true,"href":"https:\/\/www.investaura.co\/wordpress\/wp-json\/wp\/v2\/pages\/5683"}],"wp:featuredmedia":[{"embeddable":true,"href":"https:\/\/www.investaura.co\/wordpress\/wp-json\/wp\/v2\/media\/7328"}],"wp:attachment":[{"href":"https:\/\/www.investaura.co\/wordpress\/wp-json\/wp\/v2\/media?parent=7350"}],"curies":[{"name":"wp","href":"https:\/\/api.w.org\/{rel}","templated":true}]}}