{"id":7083,"date":"2020-02-03T11:12:46","date_gmt":"2020-02-03T09:12:46","guid":{"rendered":"http:\/\/www.investaura.co\/?page_id=7083"},"modified":"2022-01-31T20:18:54","modified_gmt":"2022-01-31T18:18:54","slug":"wachstumskapital-iot-stromverbrauch","status":"publish","type":"page","link":"https:\/\/www.investaura.co\/wordpress\/losungen\/wachstumskapital-iot-stromverbrauch\/","title":{"rendered":"Wachstumskapital f\u00fcr die Digitalisierung des Stromverbrauchs"},"content":{"rendered":"<p>Investaura wurde von einem deutschen Anbieter von &#8216;Energy Analytics&#8217; L\u00f6sungen und Smart Meter Gateways (SMGW) beauftragt, Wachstumskapital in H\u00f6he von 15 Millionen Euro aufzubringen. Das Unternehmen verzeichnet mit seinen Kunden aus den Bereichen Energie, Immobilien und Einzelhandel ein starkes Wachstum.<\/p>\n<p><!--more--><\/p>\n<p>Das Messstellenbetriebsgesetz (MsbG) er\u00f6ffnet ab Februar 2020 erhebliche Wachstumschancen, da drei SMGW-Anbieter nun ihre BSI-Zertifizierung erhalten haben und der Beginn des obligatorischen Einsatzes in Deutschland offiziell am 31. Januar 2020 angek\u00fcndigt wurde. In Deutschland werden zun\u00e4chst rund 4 Millionen Smart Meter installiert. BSI ist das Bundesamt f\u00fcr Informationssicherheit.<\/p>\n<p>Am 14. Dezember 2021 hat Discovergy angek\u00fcndigt, da\u00df Comgy sich als Hauptinvestor an der Finanzierungsrunde beteiligt, um die erste Multi-Metering-Plattform im Markt zu etablieren.\u00a0F\u00fcr die Immobilienwirtschaft ist die neue L\u00f6sung ein echter Paradigmenwechsel: Denn damit k\u00f6nnen s\u00e4mtliche Z\u00e4hler- und Verbrauchsdaten einheitlich digital gemessen und in Echtzeit abgerechnet werden. Damit besteht die Chance, effizient die Anforderungen etwa der neu in Kraft getretenen Heizkostenverordnung zu erf\u00fcllen.<\/p>\n<p>F\u00fcr weitere Informationen zu unseren Fundraising-, M&amp;A- oder Due-Diligence-Services, <a title=\"Contact Us\" href=\"http:\/\/www.investaura.co\/contact\/\">kontaktieren Sie uns gerne<\/a><span class=\"Apple-style-span\" style=\"color: #993366;\"><i>.<\/i><\/span><\/p>\n","protected":false},"excerpt":{"rendered":"<p>Investaura wurde von einem deutschen Anbieter von &#8216;Energy Analytics&#8217; L\u00f6sungen und Smart Meter Gateways (SMGW) beauftragt, Wachstumskapital in H\u00f6he von 15 Millionen Euro aufzubringen. Das Unternehmen verzeichnet mit seinen Kunden aus den Bereichen Energie, Immobilien und Einzelhandel ein starkes Wachstum.<\/p>\n","protected":false},"author":1,"featured_media":7073,"parent":5685,"menu_order":8,"comment_status":"closed","ping_status":"closed","template":"","meta":{"jetpack_post_was_ever_published":false},"yoast_head":"<!-- This site is optimized with the Yoast SEO plugin v20.4 - https:\/\/yoast.com\/wordpress\/plugins\/seo\/ -->\n<title>Wachstumskapital f\u00fcr die Digitalisierung des Stromverbrauchs | Investaura<\/title>\n<meta name=\"robots\" content=\"index, follow, max-snippet:-1, max-image-preview:large, max-video-preview:-1\" \/>\n<link rel=\"canonical\" href=\"https:\/\/www.investaura.co\/wordpress\/losungen\/wachstumskapital-iot-stromverbrauch\/\" \/>\n<meta property=\"og:locale\" content=\"en_GB\" \/>\n<meta property=\"og:type\" content=\"article\" \/>\n<meta property=\"og:title\" content=\"Wachstumskapital f\u00fcr die Digitalisierung des Stromverbrauchs | Investaura\" \/>\n<meta property=\"og:description\" content=\"Investaura wurde von einem deutschen Anbieter von &#8216;Energy Analytics&#8217; L\u00f6sungen und Smart Meter Gateways (SMGW) beauftragt, Wachstumskapital in H\u00f6he von 15 Millionen Euro aufzubringen. Das Unternehmen verzeichnet mit seinen Kunden aus den Bereichen Energie, Immobilien und Einzelhandel ein starkes Wachstum.\" \/>\n<meta property=\"og:url\" content=\"https:\/\/www.investaura.co\/wordpress\/losungen\/wachstumskapital-iot-stromverbrauch\/\" \/>\n<meta property=\"og:site_name\" content=\"Investaura\" \/>\n<meta property=\"article:modified_time\" content=\"2022-01-31T18:18:54+00:00\" \/>\n<meta property=\"og:image\" content=\"https:\/\/i0.wp.com\/www.investaura.co\/wordpress\/wp-content\/uploads\/2020\/02\/BSI_Eingang_Bundesamt_fuer_Sicherheit_inderInformationstechnik-1024x512.jpg?fit=1024%2C512&ssl=1\" \/>\n\t<meta property=\"og:image:width\" content=\"1024\" \/>\n\t<meta property=\"og:image:height\" content=\"512\" \/>\n\t<meta property=\"og:image:type\" content=\"image\/jpeg\" \/>\n<meta name=\"twitter:card\" content=\"summary_large_image\" \/>\n<meta name=\"twitter:label1\" content=\"Estimated reading time\" \/>\n\t<meta name=\"twitter:data1\" content=\"1 minute\" \/>\n<script type=\"application\/ld+json\" class=\"yoast-schema-graph\">{\"@context\":\"https:\/\/schema.org\",\"@graph\":[{\"@type\":\"WebPage\",\"@id\":\"https:\/\/www.investaura.co\/wordpress\/losungen\/wachstumskapital-iot-stromverbrauch\/\",\"url\":\"https:\/\/www.investaura.co\/wordpress\/losungen\/wachstumskapital-iot-stromverbrauch\/\",\"name\":\"Wachstumskapital f\u00fcr die Digitalisierung des Stromverbrauchs | Investaura\",\"isPartOf\":{\"@id\":\"https:\/\/www.investaura.co\/wordpress\/#website\"},\"datePublished\":\"2020-02-03T09:12:46+00:00\",\"dateModified\":\"2022-01-31T18:18:54+00:00\",\"breadcrumb\":{\"@id\":\"https:\/\/www.investaura.co\/wordpress\/losungen\/wachstumskapital-iot-stromverbrauch\/#breadcrumb\"},\"inLanguage\":\"en-GB\",\"potentialAction\":[{\"@type\":\"ReadAction\",\"target\":[\"https:\/\/www.investaura.co\/wordpress\/losungen\/wachstumskapital-iot-stromverbrauch\/\"]}]},{\"@type\":\"BreadcrumbList\",\"@id\":\"https:\/\/www.investaura.co\/wordpress\/losungen\/wachstumskapital-iot-stromverbrauch\/#breadcrumb\",\"itemListElement\":[{\"@type\":\"ListItem\",\"position\":1,\"name\":\"Home\",\"item\":\"https:\/\/www.investaura.co\/wordpress\/\"},{\"@type\":\"ListItem\",\"position\":2,\"name\":\"L\u00f6sungen Showcase\",\"item\":\"https:\/\/www.investaura.co\/wordpress\/losungen\/\"},{\"@type\":\"ListItem\",\"position\":3,\"name\":\"Wachstumskapital f\u00fcr die Digitalisierung des Stromverbrauchs\"}]},{\"@type\":\"WebSite\",\"@id\":\"https:\/\/www.investaura.co\/wordpress\/#website\",\"url\":\"https:\/\/www.investaura.co\/wordpress\/\",\"name\":\"Investaura\",\"description\":\"The Value Creation Consultants\",\"publisher\":{\"@id\":\"https:\/\/www.investaura.co\/wordpress\/#organization\"},\"potentialAction\":[{\"@type\":\"SearchAction\",\"target\":{\"@type\":\"EntryPoint\",\"urlTemplate\":\"https:\/\/www.investaura.co\/wordpress\/?s={search_term_string}\"},\"query-input\":\"required name=search_term_string\"}],\"inLanguage\":\"en-GB\"},{\"@type\":\"Organization\",\"@id\":\"https:\/\/www.investaura.co\/wordpress\/#organization\",\"name\":\"Investaura\",\"url\":\"https:\/\/www.investaura.co\/wordpress\/\",\"logo\":{\"@type\":\"ImageObject\",\"inLanguage\":\"en-GB\",\"@id\":\"https:\/\/www.investaura.co\/wordpress\/#\/schema\/logo\/image\/\",\"url\":\"https:\/\/i0.wp.com\/www.investaura.co\/wordpress\/wp-content\/uploads\/Logo-INVESTAURA_RGB-blau-e1450351498844.jpg?fit=256%2C90&ssl=1\",\"contentUrl\":\"https:\/\/i0.wp.com\/www.investaura.co\/wordpress\/wp-content\/uploads\/Logo-INVESTAURA_RGB-blau-e1450351498844.jpg?fit=256%2C90&ssl=1\",\"width\":256,\"height\":90,\"caption\":\"Investaura\"},\"image\":{\"@id\":\"https:\/\/www.investaura.co\/wordpress\/#\/schema\/logo\/image\/\"},\"sameAs\":[\"https:\/\/www.linkedin.com\/company\/1229653\"]}]}<\/script>\n<!-- \/ Yoast SEO plugin. -->","yoast_head_json":{"title":"Wachstumskapital f\u00fcr die Digitalisierung des Stromverbrauchs | Investaura","robots":{"index":"index","follow":"follow","max-snippet":"max-snippet:-1","max-image-preview":"max-image-preview:large","max-video-preview":"max-video-preview:-1"},"canonical":"https:\/\/www.investaura.co\/wordpress\/losungen\/wachstumskapital-iot-stromverbrauch\/","og_locale":"en_GB","og_type":"article","og_title":"Wachstumskapital f\u00fcr die Digitalisierung des Stromverbrauchs | Investaura","og_description":"Investaura wurde von einem deutschen Anbieter von &#8216;Energy Analytics&#8217; L\u00f6sungen und Smart Meter Gateways (SMGW) beauftragt, Wachstumskapital in H\u00f6he von 15 Millionen Euro aufzubringen. Das Unternehmen verzeichnet mit seinen Kunden aus den Bereichen Energie, Immobilien und Einzelhandel ein starkes Wachstum.","og_url":"https:\/\/www.investaura.co\/wordpress\/losungen\/wachstumskapital-iot-stromverbrauch\/","og_site_name":"Investaura","article_modified_time":"2022-01-31T18:18:54+00:00","og_image":[{"width":1024,"height":512,"url":"https:\/\/i0.wp.com\/www.investaura.co\/wordpress\/wp-content\/uploads\/2020\/02\/BSI_Eingang_Bundesamt_fuer_Sicherheit_inderInformationstechnik-1024x512.jpg?fit=1024%2C512&ssl=1","type":"image\/jpeg"}],"twitter_card":"summary_large_image","twitter_misc":{"Estimated reading time":"1 minute"},"schema":{"@context":"https:\/\/schema.org","@graph":[{"@type":"WebPage","@id":"https:\/\/www.investaura.co\/wordpress\/losungen\/wachstumskapital-iot-stromverbrauch\/","url":"https:\/\/www.investaura.co\/wordpress\/losungen\/wachstumskapital-iot-stromverbrauch\/","name":"Wachstumskapital f\u00fcr die Digitalisierung des Stromverbrauchs | Investaura","isPartOf":{"@id":"https:\/\/www.investaura.co\/wordpress\/#website"},"datePublished":"2020-02-03T09:12:46+00:00","dateModified":"2022-01-31T18:18:54+00:00","breadcrumb":{"@id":"https:\/\/www.investaura.co\/wordpress\/losungen\/wachstumskapital-iot-stromverbrauch\/#breadcrumb"},"inLanguage":"en-GB","potentialAction":[{"@type":"ReadAction","target":["https:\/\/www.investaura.co\/wordpress\/losungen\/wachstumskapital-iot-stromverbrauch\/"]}]},{"@type":"BreadcrumbList","@id":"https:\/\/www.investaura.co\/wordpress\/losungen\/wachstumskapital-iot-stromverbrauch\/#breadcrumb","itemListElement":[{"@type":"ListItem","position":1,"name":"Home","item":"https:\/\/www.investaura.co\/wordpress\/"},{"@type":"ListItem","position":2,"name":"L\u00f6sungen Showcase","item":"https:\/\/www.investaura.co\/wordpress\/losungen\/"},{"@type":"ListItem","position":3,"name":"Wachstumskapital f\u00fcr die Digitalisierung des Stromverbrauchs"}]},{"@type":"WebSite","@id":"https:\/\/www.investaura.co\/wordpress\/#website","url":"https:\/\/www.investaura.co\/wordpress\/","name":"Investaura","description":"The Value Creation Consultants","publisher":{"@id":"https:\/\/www.investaura.co\/wordpress\/#organization"},"potentialAction":[{"@type":"SearchAction","target":{"@type":"EntryPoint","urlTemplate":"https:\/\/www.investaura.co\/wordpress\/?s={search_term_string}"},"query-input":"required name=search_term_string"}],"inLanguage":"en-GB"},{"@type":"Organization","@id":"https:\/\/www.investaura.co\/wordpress\/#organization","name":"Investaura","url":"https:\/\/www.investaura.co\/wordpress\/","logo":{"@type":"ImageObject","inLanguage":"en-GB","@id":"https:\/\/www.investaura.co\/wordpress\/#\/schema\/logo\/image\/","url":"https:\/\/i0.wp.com\/www.investaura.co\/wordpress\/wp-content\/uploads\/Logo-INVESTAURA_RGB-blau-e1450351498844.jpg?fit=256%2C90&ssl=1","contentUrl":"https:\/\/i0.wp.com\/www.investaura.co\/wordpress\/wp-content\/uploads\/Logo-INVESTAURA_RGB-blau-e1450351498844.jpg?fit=256%2C90&ssl=1","width":256,"height":90,"caption":"Investaura"},"image":{"@id":"https:\/\/www.investaura.co\/wordpress\/#\/schema\/logo\/image\/"},"sameAs":["https:\/\/www.linkedin.com\/company\/1229653"]}]}},"jetpack_shortlink":"https:\/\/wp.me\/P7ecno-1Qf","jetpack-related-posts":[{"id":5708,"url":"https:\/\/www.investaura.co\/wordpress\/losungen\/budgetierung-und-prognose\/","url_meta":{"origin":7083,"position":0},"title":"Budgetierung, Planung und Prognose","date":"March 2, 2016","format":false,"excerpt":"Investaura hat vor kurzem ein umfangreiches Budgetierungs-, Gesch\u00e4ftsplanungs- und Kostenprojekt f\u00fcr einen Telekommunikationsdienstleister abgeschlossen. Der Service Provider hatte einige Jahre lang mit Excel-Tools zu k\u00e4mpfen, die niemand wirklich verstanden hatte und die dem Board inkonsistente Ergebnisse brachten. Schlimmer noch, jede Budgetrunde wurde vom Top-Management-Team als schreckliche Erfahrung in Erinnerung gerufen,\u2026","rel":"","context":"Similar post","img":{"alt_text":"","src":"https:\/\/i0.wp.com\/www.investaura.co\/wordpress\/wp-content\/uploads\/2016\/03\/130614_Architecture.png?fit=1075%2C689&ssl=1&resize=350%2C200","width":350,"height":200},"classes":[]},{"id":6304,"url":"https:\/\/www.investaura.co\/wordpress\/dienstleistungen\/beratung\/strategie-und-business-planung\/","url_meta":{"origin":7083,"position":1},"title":"Strategie und Gesch\u00e4ftsplanung","date":"March 26, 2015","format":false,"excerpt":"Die Berater von Investaura verf\u00fcgen \u00fcber umfangreiche Erfahrung im Bereich der Strategie - angewandte, detaillierte - und Gesch\u00e4ftsplanung - quantifiziert, robust, umsetzbar -, die bis in die Mitte der 1990er Jahre zur\u00fcckreicht. Wir verstehen sowohl kleine als auch gro\u00dfe Unternehmen. Wir sind Berater, die zu Unternehmern werden und wissen, was\u2026","rel":"","context":"Similar post","img":{"alt_text":"","src":"https:\/\/i0.wp.com\/www.investaura.co\/wordpress\/wp-content\/uploads\/2016\/02\/shutterstock_282394148_smaller.jpg?fit=1024%2C683&ssl=1&resize=350%2C200","width":350,"height":200},"classes":[]},{"id":6944,"url":"https:\/\/www.investaura.co\/wordpress\/losungen\/iot-fuer-die-wohnungswirtschaft\/","url_meta":{"origin":7083,"position":2},"title":"IoT-L\u00f6sungen f\u00fcr die Wohnungswirtschaft","date":"December 10, 2019","format":false,"excerpt":"Traditionell konservativ, kapitalsintensiv und leistungsorientiert: Die Wohnungswirtschaft ist reif f\u00fcr den Einsatz von IoT-L\u00f6sungen in den kommenden Jahren.\u00a0Innovation ist oft schwierig, aber genau hier k\u00f6nnen externe Branchenspezialisten helfen. Die Ver\u00e4nderungen sind auf den Wunsch zur\u00fcckzuf\u00fchren,\u00a0einerseits\u00a0die Mieterzufriedenheit zu\u00a0verbessern\u00a0und andererseits\u00a0die\u00a0Betriebs-, Wartungs- und\u00a0Nebenkosten\u00a0zum Nutzen von Mietern und Vermietern zu\u00a0senken. In der j\u00fcngeren Vergangenheit\u2026","rel":"","context":"Similar post","img":{"alt_text":"","src":"https:\/\/i0.wp.com\/www.investaura.co\/wordpress\/wp-content\/uploads\/2019\/12\/shutterstock_189023420_Smaller.jpg?fit=1024%2C683&ssl=1&resize=350%2C200","width":350,"height":200},"classes":[]},{"id":6226,"url":"https:\/\/www.investaura.co\/wordpress\/dienstleistungen\/performance-management-losungen\/assoziierte-unternehmen\/","url_meta":{"origin":7083,"position":3},"title":"Trusted Software-Partner","date":"September 9, 2010","format":false,"excerpt":"Investaura Management Consultants hat 3 Softwareanbieter ausgew\u00e4hlt, die das eigene Kerngesch\u00e4ft erg\u00e4nzen und mit denen wir ausgezeichnete Beziehungen unterhalten: Prodacapo bietet Softwarel\u00f6sungen f\u00fcr die Prozesskostenrechnung und -verbesserung.\u00a0Die Prodacapo-Suite enth\u00e4lt Anwendungen f\u00fcr das aktivit\u00e4tsbasierte Management, Rentabilit\u00e4tsanalysen, Planung, Balanced Scorecard und Prozessmanagement.\u00a0Die Software und Methodik des Unternehmens basiert auf 20 Jahren Erfahrung,\u2026","rel":"","context":"Similar post","img":{"alt_text":"","src":"https:\/\/i0.wp.com\/www.investaura.co\/wordpress\/wp-content\/uploads\/2016\/02\/shutterstock_247165378.jpg?fit=1000%2C732&ssl=1&resize=350%2C200","width":350,"height":200},"classes":[]},{"id":5714,"url":"https:\/\/www.investaura.co\/wordpress\/losungen\/expanding-to-germany-via-grenzuberschreitend-ma\/","url_meta":{"origin":7083,"position":4},"title":"Expansion nach Deutschland mit grenz\u00fcberschreitenden M&amp;A","date":"August 12, 2016","format":false,"excerpt":"Da viele europ\u00e4ische KMU in ihrem Heimatmarkt an der Grenze ihres Wachstumspotenzials angelangt sind, ist die Expansion in die Nachbarl\u00e4nder f\u00fcr viele der nat\u00fcrliche n\u00e4chste Schritt. Derzeit unterst\u00fctzt Investaura eine Reihe europ\u00e4ischer Kunden durch M&A u.a. in Deutschland. In einem von schleppendem Wachstum gepr\u00e4gten Europa steht Deutschland nicht nur als\u2026","rel":"","context":"Similar post","img":{"alt_text":"","src":"https:\/\/i0.wp.com\/www.investaura.co\/wordpress\/wp-content\/uploads\/2016\/09\/shutterstock_214025158_centered_narrower_smaller.jpg?fit=760%2C300&ssl=1&resize=350%2C200","width":350,"height":200},"classes":[]},{"id":7590,"url":"https:\/\/www.investaura.co\/wordpress\/losungen\/exit-strategie-fuer-proptech-europa\/","url_meta":{"origin":7083,"position":5},"title":"Exit-Strategie f\u00fcr PropTech in Europa","date":"March 7, 2022","format":false,"excerpt":"Zur Zeit gibt es mehr als 3000 PropTech-Unternehmen in Europa. Viele von ihnen, die nach 2010 gegr\u00fcndet wurden, wurden zun\u00e4chst von der Gr\u00f6\u00dfe des Immobilienmarktes und der M\u00f6glichkeit angezogen, eine Branche umzugestalten, die bis vor kurzem noch keinen Druck zur Digitalisierung versp\u00fcrt hat. Leider erleben viele junge Unternehmen nicht das\u2026","rel":"","context":"Similar post","img":{"alt_text":"","src":"https:\/\/i0.wp.com\/www.investaura.co\/wordpress\/wp-content\/uploads\/2017\/01\/shutterstock_182278607.jpg?fit=1000%2C836&ssl=1&resize=350%2C200","width":350,"height":200},"classes":[]}],"jetpack_sharing_enabled":true,"_links":{"self":[{"href":"https:\/\/www.investaura.co\/wordpress\/wp-json\/wp\/v2\/pages\/7083"}],"collection":[{"href":"https:\/\/www.investaura.co\/wordpress\/wp-json\/wp\/v2\/pages"}],"about":[{"href":"https:\/\/www.investaura.co\/wordpress\/wp-json\/wp\/v2\/types\/page"}],"author":[{"embeddable":true,"href":"https:\/\/www.investaura.co\/wordpress\/wp-json\/wp\/v2\/users\/1"}],"replies":[{"embeddable":true,"href":"https:\/\/www.investaura.co\/wordpress\/wp-json\/wp\/v2\/comments?post=7083"}],"version-history":[{"count":12,"href":"https:\/\/www.investaura.co\/wordpress\/wp-json\/wp\/v2\/pages\/7083\/revisions"}],"predecessor-version":[{"id":7562,"href":"https:\/\/www.investaura.co\/wordpress\/wp-json\/wp\/v2\/pages\/7083\/revisions\/7562"}],"up":[{"embeddable":true,"href":"https:\/\/www.investaura.co\/wordpress\/wp-json\/wp\/v2\/pages\/5685"}],"wp:featuredmedia":[{"embeddable":true,"href":"https:\/\/www.investaura.co\/wordpress\/wp-json\/wp\/v2\/media\/7073"}],"wp:attachment":[{"href":"https:\/\/www.investaura.co\/wordpress\/wp-json\/wp\/v2\/media?parent=7083"}],"curies":[{"name":"wp","href":"https:\/\/api.w.org\/{rel}","templated":true}]}}