{"id":6944,"date":"2019-12-10T14:06:37","date_gmt":"2019-12-10T12:06:37","guid":{"rendered":"http:\/\/www.investaura.co\/?page_id=6944"},"modified":"2022-03-07T17:56:20","modified_gmt":"2022-03-07T15:56:20","slug":"iot-fuer-die-wohnungswirtschaft","status":"publish","type":"page","link":"https:\/\/www.investaura.co\/wordpress\/losungen\/iot-fuer-die-wohnungswirtschaft\/","title":{"rendered":"IoT-L\u00f6sungen f\u00fcr die Wohnungswirtschaft"},"content":{"rendered":"<p>Traditionell konservativ, kapitalsintensiv und leistungsorientiert: Die Wohnungswirtschaft ist reif f\u00fcr den Einsatz von IoT-L\u00f6sungen in den kommenden Jahren.\u00a0Innovation ist oft schwierig, aber genau hier k\u00f6nnen externe Branchenspezialisten helfen.<!--more--><\/p>\n<p>Die Ver\u00e4nderungen sind auf den Wunsch zur\u00fcckzuf\u00fchren,\u00a0einerseits\u00a0die <strong>Mieterzufriedenheit<\/strong> zu\u00a0verbessern\u00a0und andererseits\u00a0die\u00a0<strong>Betriebs-, Wartungs- und\u00a0Nebenkosten<\/strong>\u00a0zum Nutzen von Mietern und Vermietern zu\u00a0senken.<\/p>\n<p>In der j\u00fcngeren Vergangenheit haben sich auch die IoT-Technologien erheblich weiterentwickelt, darunter intelligente Z\u00e4hler und Gateways, Funktechnologien, Cloud-Plattformen und Data-Mining-Algorithmen.<\/p>\n<p>Neben der Verbesserung umfangreicher Routineprozesse, die digitalisiert und teilweise automatisiert werden k\u00f6nnen, k\u00f6nnen IoT-L\u00f6sungen Vermietern helfen:<\/p>\n<ul>\n<li>die Wartungskosten f\u00fcr ihre\u00a0Anlagen zu reduzieren, einschlie\u00dflich\u00a0<strong>Aufzug<\/strong>\u00a0und\u00a0<strong>Heizung<\/strong>, indem die wichtigen Anlagen in Echtzeit \u00fcberwacht und verwaltet werden<\/li>\n<li>die Sch\u00e4den, Versicherungspr\u00e4mien und St\u00f6rungen im Zusammenhang mit\u00a0<strong>Wasserleckagen<\/strong> zu verringern<\/li>\n<li>die Kosten f\u00fcr\u00a0die den Mietern in Rechnung gestellten\u00a0<strong>Nebenkosten<\/strong> (u.a. Heizung, Strom, Wasser), zu senken<\/li>\n<li>die\u00a0<strong>Interaktionsqualit\u00e4t<\/strong>\u00a0mit Mietern zu verbessern, indem Vermieter besser auf die Probleme reagieren, die in Wohngeb\u00e4ude auftreten.<\/li>\n<\/ul>\n<p>Investaura hat k\u00fcrzlich einen Anbieter von IKT-L\u00f6sungen f\u00fcr die Wohnungswirtschaft hinsichtlich seiner IoT-Strategie und seines Gesch\u00e4ftsplans im Bereich\u00a0<strong>Predictive Maintenance\u00a0<\/strong>beraten.\u00a0Die Strategie wurde vom Vorstand verabschiedet und das Projekt geht nun in die Umsetzungsphase.<\/p>\n<p>F\u00fcr weitere Informationen zu unseren IoT, Digitale Transformation und Business Planning Kompetenzen, kontaktieren Sie uns gerne.<\/p>\n","protected":false},"excerpt":{"rendered":"<p>Traditionell konservativ, kapitalsintensiv und leistungsorientiert: Die Wohnungswirtschaft ist reif f\u00fcr den Einsatz von IoT-L\u00f6sungen in den kommenden Jahren.\u00a0Innovation ist oft schwierig, aber genau hier k\u00f6nnen externe Branchenspezialisten helfen.<\/p>\n","protected":false},"author":1,"featured_media":6978,"parent":5685,"menu_order":14,"comment_status":"closed","ping_status":"closed","template":"","meta":{"jetpack_post_was_ever_published":false},"yoast_head":"<!-- This site is optimized with the Yoast SEO plugin v20.4 - https:\/\/yoast.com\/wordpress\/plugins\/seo\/ -->\n<title>IoT-L\u00f6sungen f\u00fcr die Wohnungswirtschaft | Investaura<\/title>\n<meta name=\"robots\" content=\"index, follow, max-snippet:-1, max-image-preview:large, max-video-preview:-1\" \/>\n<link rel=\"canonical\" href=\"https:\/\/www.investaura.co\/wordpress\/losungen\/iot-fuer-die-wohnungswirtschaft\/\" \/>\n<meta property=\"og:locale\" content=\"en_GB\" \/>\n<meta property=\"og:type\" content=\"article\" \/>\n<meta property=\"og:title\" content=\"IoT-L\u00f6sungen f\u00fcr die Wohnungswirtschaft | Investaura\" \/>\n<meta property=\"og:description\" content=\"Traditionell konservativ, kapitalsintensiv und leistungsorientiert: Die Wohnungswirtschaft ist reif f\u00fcr den Einsatz von IoT-L\u00f6sungen in den kommenden Jahren.\u00a0Innovation ist oft schwierig, aber genau hier k\u00f6nnen externe Branchenspezialisten helfen.\" \/>\n<meta property=\"og:url\" content=\"https:\/\/www.investaura.co\/wordpress\/losungen\/iot-fuer-die-wohnungswirtschaft\/\" \/>\n<meta property=\"og:site_name\" content=\"Investaura\" \/>\n<meta property=\"article:modified_time\" content=\"2022-03-07T15:56:20+00:00\" \/>\n<meta property=\"og:image\" content=\"https:\/\/i0.wp.com\/www.investaura.co\/wordpress\/wp-content\/uploads\/2019\/12\/shutterstock_189023420_Smaller.jpg?fit=1024%2C683&ssl=1\" \/>\n\t<meta property=\"og:image:width\" content=\"1024\" \/>\n\t<meta property=\"og:image:height\" content=\"683\" \/>\n\t<meta property=\"og:image:type\" content=\"image\/jpeg\" \/>\n<meta name=\"twitter:card\" content=\"summary_large_image\" \/>\n<meta name=\"twitter:label1\" content=\"Estimated reading time\" \/>\n\t<meta name=\"twitter:data1\" content=\"1 minute\" \/>\n<script type=\"application\/ld+json\" class=\"yoast-schema-graph\">{\"@context\":\"https:\/\/schema.org\",\"@graph\":[{\"@type\":\"WebPage\",\"@id\":\"https:\/\/www.investaura.co\/wordpress\/losungen\/iot-fuer-die-wohnungswirtschaft\/\",\"url\":\"https:\/\/www.investaura.co\/wordpress\/losungen\/iot-fuer-die-wohnungswirtschaft\/\",\"name\":\"IoT-L\u00f6sungen f\u00fcr die Wohnungswirtschaft | Investaura\",\"isPartOf\":{\"@id\":\"https:\/\/www.investaura.co\/wordpress\/#website\"},\"datePublished\":\"2019-12-10T12:06:37+00:00\",\"dateModified\":\"2022-03-07T15:56:20+00:00\",\"breadcrumb\":{\"@id\":\"https:\/\/www.investaura.co\/wordpress\/losungen\/iot-fuer-die-wohnungswirtschaft\/#breadcrumb\"},\"inLanguage\":\"en-GB\",\"potentialAction\":[{\"@type\":\"ReadAction\",\"target\":[\"https:\/\/www.investaura.co\/wordpress\/losungen\/iot-fuer-die-wohnungswirtschaft\/\"]}]},{\"@type\":\"BreadcrumbList\",\"@id\":\"https:\/\/www.investaura.co\/wordpress\/losungen\/iot-fuer-die-wohnungswirtschaft\/#breadcrumb\",\"itemListElement\":[{\"@type\":\"ListItem\",\"position\":1,\"name\":\"Home\",\"item\":\"https:\/\/www.investaura.co\/wordpress\/\"},{\"@type\":\"ListItem\",\"position\":2,\"name\":\"L\u00f6sungen Showcase\",\"item\":\"https:\/\/www.investaura.co\/wordpress\/losungen\/\"},{\"@type\":\"ListItem\",\"position\":3,\"name\":\"IoT-L\u00f6sungen f\u00fcr die Wohnungswirtschaft\"}]},{\"@type\":\"WebSite\",\"@id\":\"https:\/\/www.investaura.co\/wordpress\/#website\",\"url\":\"https:\/\/www.investaura.co\/wordpress\/\",\"name\":\"Investaura\",\"description\":\"The Value Creation Consultants\",\"publisher\":{\"@id\":\"https:\/\/www.investaura.co\/wordpress\/#organization\"},\"potentialAction\":[{\"@type\":\"SearchAction\",\"target\":{\"@type\":\"EntryPoint\",\"urlTemplate\":\"https:\/\/www.investaura.co\/wordpress\/?s={search_term_string}\"},\"query-input\":\"required name=search_term_string\"}],\"inLanguage\":\"en-GB\"},{\"@type\":\"Organization\",\"@id\":\"https:\/\/www.investaura.co\/wordpress\/#organization\",\"name\":\"Investaura\",\"url\":\"https:\/\/www.investaura.co\/wordpress\/\",\"logo\":{\"@type\":\"ImageObject\",\"inLanguage\":\"en-GB\",\"@id\":\"https:\/\/www.investaura.co\/wordpress\/#\/schema\/logo\/image\/\",\"url\":\"https:\/\/i0.wp.com\/www.investaura.co\/wordpress\/wp-content\/uploads\/Logo-INVESTAURA_RGB-blau-e1450351498844.jpg?fit=256%2C90&ssl=1\",\"contentUrl\":\"https:\/\/i0.wp.com\/www.investaura.co\/wordpress\/wp-content\/uploads\/Logo-INVESTAURA_RGB-blau-e1450351498844.jpg?fit=256%2C90&ssl=1\",\"width\":256,\"height\":90,\"caption\":\"Investaura\"},\"image\":{\"@id\":\"https:\/\/www.investaura.co\/wordpress\/#\/schema\/logo\/image\/\"},\"sameAs\":[\"https:\/\/www.linkedin.com\/company\/1229653\"]}]}<\/script>\n<!-- \/ Yoast SEO plugin. -->","yoast_head_json":{"title":"IoT-L\u00f6sungen f\u00fcr die Wohnungswirtschaft | Investaura","robots":{"index":"index","follow":"follow","max-snippet":"max-snippet:-1","max-image-preview":"max-image-preview:large","max-video-preview":"max-video-preview:-1"},"canonical":"https:\/\/www.investaura.co\/wordpress\/losungen\/iot-fuer-die-wohnungswirtschaft\/","og_locale":"en_GB","og_type":"article","og_title":"IoT-L\u00f6sungen f\u00fcr die Wohnungswirtschaft | Investaura","og_description":"Traditionell konservativ, kapitalsintensiv und leistungsorientiert: Die Wohnungswirtschaft ist reif f\u00fcr den Einsatz von IoT-L\u00f6sungen in den kommenden Jahren.\u00a0Innovation ist oft schwierig, aber genau hier k\u00f6nnen externe Branchenspezialisten helfen.","og_url":"https:\/\/www.investaura.co\/wordpress\/losungen\/iot-fuer-die-wohnungswirtschaft\/","og_site_name":"Investaura","article_modified_time":"2022-03-07T15:56:20+00:00","og_image":[{"width":1024,"height":683,"url":"https:\/\/i0.wp.com\/www.investaura.co\/wordpress\/wp-content\/uploads\/2019\/12\/shutterstock_189023420_Smaller.jpg?fit=1024%2C683&ssl=1","type":"image\/jpeg"}],"twitter_card":"summary_large_image","twitter_misc":{"Estimated reading time":"1 minute"},"schema":{"@context":"https:\/\/schema.org","@graph":[{"@type":"WebPage","@id":"https:\/\/www.investaura.co\/wordpress\/losungen\/iot-fuer-die-wohnungswirtschaft\/","url":"https:\/\/www.investaura.co\/wordpress\/losungen\/iot-fuer-die-wohnungswirtschaft\/","name":"IoT-L\u00f6sungen f\u00fcr die Wohnungswirtschaft | Investaura","isPartOf":{"@id":"https:\/\/www.investaura.co\/wordpress\/#website"},"datePublished":"2019-12-10T12:06:37+00:00","dateModified":"2022-03-07T15:56:20+00:00","breadcrumb":{"@id":"https:\/\/www.investaura.co\/wordpress\/losungen\/iot-fuer-die-wohnungswirtschaft\/#breadcrumb"},"inLanguage":"en-GB","potentialAction":[{"@type":"ReadAction","target":["https:\/\/www.investaura.co\/wordpress\/losungen\/iot-fuer-die-wohnungswirtschaft\/"]}]},{"@type":"BreadcrumbList","@id":"https:\/\/www.investaura.co\/wordpress\/losungen\/iot-fuer-die-wohnungswirtschaft\/#breadcrumb","itemListElement":[{"@type":"ListItem","position":1,"name":"Home","item":"https:\/\/www.investaura.co\/wordpress\/"},{"@type":"ListItem","position":2,"name":"L\u00f6sungen Showcase","item":"https:\/\/www.investaura.co\/wordpress\/losungen\/"},{"@type":"ListItem","position":3,"name":"IoT-L\u00f6sungen f\u00fcr die Wohnungswirtschaft"}]},{"@type":"WebSite","@id":"https:\/\/www.investaura.co\/wordpress\/#website","url":"https:\/\/www.investaura.co\/wordpress\/","name":"Investaura","description":"The Value Creation Consultants","publisher":{"@id":"https:\/\/www.investaura.co\/wordpress\/#organization"},"potentialAction":[{"@type":"SearchAction","target":{"@type":"EntryPoint","urlTemplate":"https:\/\/www.investaura.co\/wordpress\/?s={search_term_string}"},"query-input":"required name=search_term_string"}],"inLanguage":"en-GB"},{"@type":"Organization","@id":"https:\/\/www.investaura.co\/wordpress\/#organization","name":"Investaura","url":"https:\/\/www.investaura.co\/wordpress\/","logo":{"@type":"ImageObject","inLanguage":"en-GB","@id":"https:\/\/www.investaura.co\/wordpress\/#\/schema\/logo\/image\/","url":"https:\/\/i0.wp.com\/www.investaura.co\/wordpress\/wp-content\/uploads\/Logo-INVESTAURA_RGB-blau-e1450351498844.jpg?fit=256%2C90&ssl=1","contentUrl":"https:\/\/i0.wp.com\/www.investaura.co\/wordpress\/wp-content\/uploads\/Logo-INVESTAURA_RGB-blau-e1450351498844.jpg?fit=256%2C90&ssl=1","width":256,"height":90,"caption":"Investaura"},"image":{"@id":"https:\/\/www.investaura.co\/wordpress\/#\/schema\/logo\/image\/"},"sameAs":["https:\/\/www.linkedin.com\/company\/1229653"]}]}},"jetpack_shortlink":"https:\/\/wp.me\/P7ecno-1O0","jetpack-related-posts":[{"id":7083,"url":"https:\/\/www.investaura.co\/wordpress\/losungen\/wachstumskapital-iot-stromverbrauch\/","url_meta":{"origin":6944,"position":0},"title":"Wachstumskapital f\u00fcr die Digitalisierung des Stromverbrauchs","date":"February 3, 2020","format":false,"excerpt":"Investaura wurde von einem deutschen Anbieter von 'Energy Analytics' L\u00f6sungen und Smart Meter Gateways (SMGW) beauftragt, Wachstumskapital in H\u00f6he von 15 Millionen Euro aufzubringen. Das Unternehmen verzeichnet mit seinen Kunden aus den Bereichen Energie, Immobilien und Einzelhandel ein starkes Wachstum. Das Messstellenbetriebsgesetz (MsbG) er\u00f6ffnet ab Februar 2020 erhebliche Wachstumschancen, da\u2026","rel":"","context":"Similar post","img":{"alt_text":"","src":"https:\/\/i0.wp.com\/www.investaura.co\/wordpress\/wp-content\/uploads\/2020\/02\/BSI_Eingang_Bundesamt_fuer_Sicherheit_inderInformationstechnik-1024x512.jpg?fit=1024%2C512&ssl=1&resize=350%2C200","width":350,"height":200},"classes":[]},{"id":5714,"url":"https:\/\/www.investaura.co\/wordpress\/losungen\/expanding-to-germany-via-grenzuberschreitend-ma\/","url_meta":{"origin":6944,"position":1},"title":"Expansion nach Deutschland mit grenz\u00fcberschreitenden M&amp;A","date":"August 12, 2016","format":false,"excerpt":"Da viele europ\u00e4ische KMU in ihrem Heimatmarkt an der Grenze ihres Wachstumspotenzials angelangt sind, ist die Expansion in die Nachbarl\u00e4nder f\u00fcr viele der nat\u00fcrliche n\u00e4chste Schritt. Derzeit unterst\u00fctzt Investaura eine Reihe europ\u00e4ischer Kunden durch M&A u.a. in Deutschland. In einem von schleppendem Wachstum gepr\u00e4gten Europa steht Deutschland nicht nur als\u2026","rel":"","context":"Similar post","img":{"alt_text":"","src":"https:\/\/i0.wp.com\/www.investaura.co\/wordpress\/wp-content\/uploads\/2016\/09\/shutterstock_214025158_centered_narrower_smaller.jpg?fit=760%2C300&ssl=1&resize=350%2C200","width":350,"height":200},"classes":[]},{"id":5706,"url":"https:\/\/www.investaura.co\/wordpress\/losungen\/investitionen-betriebs-betriebsplanung\/","url_meta":{"origin":6944,"position":2},"title":"Investitions- und Betriebliche Kostenplanung, Business Simulation","date":"March 2, 2016","format":false,"excerpt":"Die Berater von Investaura beherrschen die Wissenschaft und die Kunst, realistische und genaue Modelle innovativer Technologien und Unternehmen zu entwickeln. Die Anwendungsf\u00e4lle sind sehr vielf\u00e4ltig und umfassen insbesondere: CapEx- und OpEx-Planung f\u00fcr neue Netzwerk-Rollouts oder Technologie-Migrationen Optimierung der Gesamtbetriebskosten (TCO) Service Kalkulation und Ergebnisrechnung Value Selling von komplexen High-Tech-L\u00f6sungen Business-Simulation\u2026","rel":"","context":"Similar post","img":{"alt_text":"","src":"https:\/\/i0.wp.com\/www.investaura.co\/wordpress\/wp-content\/uploads\/2016\/03\/stem_picture.jpg?fit=1200%2C391&ssl=1&resize=350%2C200","width":350,"height":200},"classes":[]},{"id":6221,"url":"https:\/\/www.investaura.co\/wordpress\/dienstleistungen\/performance-management-losungen\/prodacapo-softwarelosungen\/","url_meta":{"origin":6944,"position":3},"title":"Prodacapo Softwarel\u00f6sungen","date":"September 30, 2014","format":false,"excerpt":"In den L\u00f6sungen von Investaura ist Prodacapo enthalten, ein f\u00fchrendes Managementsystem, mit dem Ihre Mitarbeiter echte Leistungsverbesserungen erzielen k\u00f6nnen. Prodacapos Angebot: Strategie entwickeln und durchf\u00fchren, Verst\u00e4ndnis der tats\u00e4chlichen Produkt-, Service- und Kundenprofitabilit\u00e4t, Verbesserung der Gesch\u00e4ftsprozesse, Optimierung der Ressourcenzuweisung Verwalten von Initiativen, um bessere Ergebnisse zu erzielen. Die L\u00f6sung l\u00e4sst sich\u2026","rel":"","context":"Similar post","img":{"alt_text":"","src":"https:\/\/i0.wp.com\/www.investaura.co\/wordpress\/wp-content\/uploads\/2016\/02\/shutterstock_247165378.jpg?fit=1000%2C732&ssl=1&resize=350%2C200","width":350,"height":200},"classes":[]},{"id":7373,"url":"https:\/\/www.investaura.co\/wordpress\/losungen\/sell-side-ma-erfolgreichere-transaktionen-mit-kommerziellen-und-finanziellen-factbooks\/","url_meta":{"origin":6944,"position":4},"title":"Sell-side M&#038;A: Erfolgreichere Transaktionen mit kommerziellen und finanziellen Factbooks","date":"August 7, 2020","format":false,"excerpt":"Wenn Unternehmer und F\u00fchrungskr\u00e4fte kleiner und mittlerer Unternehmen Gespr\u00e4che mit finanziellen oder strategischen Investoren f\u00fchren, begeben sie sich auf eine Reise, die sie sowohl in ihrer Komplexit\u00e4t als auch in ihrer Dauer oft stark untersch\u00e4tzen. Es steht au\u00dfer Frage, dass das Management das Unternehmen und seine Geschichte am besten kennt.\u2026","rel":"","context":"Similar post","img":{"alt_text":"","src":"https:\/\/i0.wp.com\/www.investaura.co\/wordpress\/wp-content\/uploads\/2020\/08\/shutterstock_316625645_resized.jpg?fit=1024%2C676&ssl=1&resize=350%2C200","width":350,"height":200},"classes":[]},{"id":6304,"url":"https:\/\/www.investaura.co\/wordpress\/dienstleistungen\/beratung\/strategie-und-business-planung\/","url_meta":{"origin":6944,"position":5},"title":"Strategie und Gesch\u00e4ftsplanung","date":"March 26, 2015","format":false,"excerpt":"Die Berater von Investaura verf\u00fcgen \u00fcber umfangreiche Erfahrung im Bereich der Strategie - angewandte, detaillierte - und Gesch\u00e4ftsplanung - quantifiziert, robust, umsetzbar -, die bis in die Mitte der 1990er Jahre zur\u00fcckreicht. Wir verstehen sowohl kleine als auch gro\u00dfe Unternehmen. Wir sind Berater, die zu Unternehmern werden und wissen, was\u2026","rel":"","context":"Similar post","img":{"alt_text":"","src":"https:\/\/i0.wp.com\/www.investaura.co\/wordpress\/wp-content\/uploads\/2016\/02\/shutterstock_282394148_smaller.jpg?fit=1024%2C683&ssl=1&resize=350%2C200","width":350,"height":200},"classes":[]}],"jetpack_sharing_enabled":true,"_links":{"self":[{"href":"https:\/\/www.investaura.co\/wordpress\/wp-json\/wp\/v2\/pages\/6944"}],"collection":[{"href":"https:\/\/www.investaura.co\/wordpress\/wp-json\/wp\/v2\/pages"}],"about":[{"href":"https:\/\/www.investaura.co\/wordpress\/wp-json\/wp\/v2\/types\/page"}],"author":[{"embeddable":true,"href":"https:\/\/www.investaura.co\/wordpress\/wp-json\/wp\/v2\/users\/1"}],"replies":[{"embeddable":true,"href":"https:\/\/www.investaura.co\/wordpress\/wp-json\/wp\/v2\/comments?post=6944"}],"version-history":[{"count":8,"href":"https:\/\/www.investaura.co\/wordpress\/wp-json\/wp\/v2\/pages\/6944\/revisions"}],"predecessor-version":[{"id":7141,"href":"https:\/\/www.investaura.co\/wordpress\/wp-json\/wp\/v2\/pages\/6944\/revisions\/7141"}],"up":[{"embeddable":true,"href":"https:\/\/www.investaura.co\/wordpress\/wp-json\/wp\/v2\/pages\/5685"}],"wp:featuredmedia":[{"embeddable":true,"href":"https:\/\/www.investaura.co\/wordpress\/wp-json\/wp\/v2\/media\/6978"}],"wp:attachment":[{"href":"https:\/\/www.investaura.co\/wordpress\/wp-json\/wp\/v2\/media?parent=6944"}],"curies":[{"name":"wp","href":"https:\/\/api.w.org\/{rel}","templated":true}]}}