{"id":6827,"date":"2019-05-16T10:37:09","date_gmt":"2019-05-16T08:37:09","guid":{"rendered":"http:\/\/www.investaura.co\/?page_id=6827"},"modified":"2020-08-10T11:08:22","modified_gmt":"2020-08-10T09:08:22","slug":"separation-comptable-et-comptabilisation-des-couts","status":"publish","type":"page","link":"https:\/\/www.investaura.co\/wordpress\/boite-a-solutions\/separation-comptable-et-comptabilisation-des-couts\/","title":{"rendered":"S\u00e9paration comptable et Comptabilisation des co\u00fbts dans l&#8217;industrie des t\u00e9l\u00e9coms"},"content":{"rendered":"<p>Les obligations en mati\u00e8re de s\u00e9paration comptable, telles que d\u00e9finies \u00e0 l&#8217;article 11 de la directive \u00abacc\u00e8s\u00bb, sont appliqu\u00e9es \u00e0 divers degr\u00e9s dans l&#8217;EU 28 en 2019. Investaura a examin\u00e9 la situation dans 20 pays repr\u00e9sentant 97% de la population europ\u00e9enne.<\/p>\n<p><!--more--><\/p>\n<p>La r\u00e9glementation europ\u00e9enne sur la\u00a0<strong>comptabilit\u00e9 r\u00e9glementaire s\u00e9par\u00e9e<\/strong>\u00a0est bas\u00e9e sur le jeu de r\u00e8gles, directives et recommandations suivant:<\/p>\n<ul>\n<li>2002\/19\/CE (mars 2002): Directive du Parlement europ\u00e9en et du Conseil relative \u00e0 l&#8217;acc\u00e8s aux r\u00e9seaux de communications \u00e9lectroniques et aux ressources associ\u00e9es, ainsi qu&#8217;\u00e0 l&#8217;interconnexion (directive &#8220;acc\u00e8s&#8221;), ainsi que les modifications apport\u00e9es par la directive 2009\/140\/CE de novembre 2009.<\/li>\n<li>2005\/698 \/CE (septembre 2005): Recommandation de la Commission concernant la s\u00e9paration comptable et les syst\u00e8mes de comptabilisation des co\u00fbts au titre du cadre r\u00e9glementaire pour les communications \u00e9lectroniques.<\/li>\n<li>2018\/1972 (d\u00e9cembre 2018): Directive du Parlement europ\u00e9en et du Conseil \u00e9tablissant le code des communications \u00e9lectroniques europ\u00e9en.<\/li>\n<li>2018\/1971 (d\u00e9cembre 2018): r\u00e8glement du Parlement europ\u00e9en et du Conseil \u00e9tablissant l&#8217;organe des r\u00e9gulateurs europ\u00e9ens des communications \u00e9lectroniques (ORECE) et l&#8217;Agence de soutien \u00e0 l&#8217;ORECE.<\/li>\n<\/ul>\n<p>L&#8217;application de la\u00a0r\u00e9glementation et <strong>des rem\u00e8des ex ante<\/strong>\u00a0en Europe est d\u00e9crite aux articles 9 \u00e0 13 de la directive \u00abacc\u00e8s\u00bb:<\/p>\n<ul>\n<li>Article 9: Obligations de transparence<\/li>\n<li>Article 10: Obligations de non-discrimination<\/li>\n<li><strong>Article 11: Obligations relatives \u00e0 la s\u00e9paration comptable<\/strong><\/li>\n<li>Article 12: Obligations relatives \u00e0 l&#8217;acc\u00e8s \u00e0 des ressources de r\u00e9seau sp\u00e9cifiques et \u00e0 leur utilisation<\/li>\n<li>Article 13: Contr\u00f4le des prix et obligations relatives au syst\u00e8me de comptabilisation des co\u00fbts<\/li>\n<\/ul>\n<p>Le nombre de \u00abmarch\u00e9s\u00bb consid\u00e9r\u00e9s comme susceptibles de faire l&#8217;objet d&#8217;une r\u00e9glementation ex ante a \u00e9t\u00e9 ramen\u00e9 de 18 march\u00e9s en 2003 \u00e0 7 march\u00e9s en 2007 et \u00e0 5 march\u00e9s en 2014. La r\u00e9glementation est d\u00e9sormais presque enti\u00e8rement ax\u00e9e sur les <strong>march\u00e9s de gros<\/strong>.<\/p>\n<p>La pratique de la r\u00e9glementation de <strong>s\u00e9paration comptable\u00a0<\/strong>en Europe a \u00e9galement \u00e9volu\u00e9 dans un pass\u00e9 r\u00e9cent.\u00a0La tendance en Europe est \u00e0 la r\u00e9duction des obligations en mati\u00e8re de s\u00e9paration comptable.\u00a0La r\u00e9glementation sectorielle actuellement en vigueur devrait dispara\u00eetre progressivement au profit du droit de la concurrence.<\/p>\n<p>Investaura a r\u00e9cemment conseill\u00e9 un groupe de t\u00e9l\u00e9coms sur <strong>sa\u00a0strat\u00e9gie r\u00e9glementaire<\/strong>\u00a0et <strong>sa\u00a0r\u00e9ponse<\/strong> \u00e0 l&#8217;Autorit\u00e9 de r\u00e9gulation concernant l<strong>a publication des comptes s\u00e9par\u00e9s<\/strong>. Les consultants d\u2019Investaura sont \u00e9galement experts en m\u00e9thodes de comptabilit\u00e9 analytique et d\u2019allocation de co\u00fbts (HCA \/ CCA, FAC \/ LRIC), y compris\u00a0<strong>les mod\u00e8les de co\u00fbts &#8216;bottom-up&#8217;<\/strong>.<\/p>\n<p>Pour plus d&#8217;informations, n&#8217;h\u00e9sitez pas \u00e0 <a title=\"nous contacter\" href=\"http:\/\/www.investaura.co\/contact\/\">nous contacter<\/a><\/p>\n","protected":false},"excerpt":{"rendered":"<p>Les obligations en mati\u00e8re de s\u00e9paration comptable, telles que d\u00e9finies \u00e0 l&#8217;article 11 de la directive \u00abacc\u00e8s\u00bb, sont appliqu\u00e9es \u00e0 divers degr\u00e9s dans l&#8217;EU 28 en 2019. Investaura a examin\u00e9 la situation dans 20 pays repr\u00e9sentant 97% de la population&#8230; <\/p>\n<div class=\"more-link-container\"><a class=\"more-link\" href=\"https:\/\/www.investaura.co\/wordpress\/boite-a-solutions\/separation-comptable-et-comptabilisation-des-couts\/\">Read More<\/a><\/div>\n","protected":false},"author":1,"featured_media":6826,"parent":5683,"menu_order":18,"comment_status":"closed","ping_status":"closed","template":"","meta":{"jetpack_post_was_ever_published":false},"yoast_head":"<!-- This site is optimized with the Yoast SEO plugin v20.4 - https:\/\/yoast.com\/wordpress\/plugins\/seo\/ -->\n<title>S\u00e9paration comptable et Comptabilisation des co\u00fbts dans l&#039;industrie des t\u00e9l\u00e9coms | Investaura<\/title>\n<meta name=\"robots\" content=\"index, follow, max-snippet:-1, max-image-preview:large, max-video-preview:-1\" \/>\n<link rel=\"canonical\" href=\"https:\/\/www.investaura.co\/wordpress\/boite-a-solutions\/separation-comptable-et-comptabilisation-des-couts\/\" \/>\n<meta property=\"og:locale\" content=\"en_GB\" \/>\n<meta property=\"og:type\" content=\"article\" \/>\n<meta property=\"og:title\" content=\"S\u00e9paration comptable et Comptabilisation des co\u00fbts dans l&#039;industrie des t\u00e9l\u00e9coms | Investaura\" \/>\n<meta property=\"og:description\" content=\"Les obligations en mati\u00e8re de s\u00e9paration comptable, telles que d\u00e9finies \u00e0 l&#8217;article 11 de la directive \u00abacc\u00e8s\u00bb, sont appliqu\u00e9es \u00e0 divers degr\u00e9s dans l&#8217;EU 28 en 2019. Investaura a examin\u00e9 la situation dans 20 pays repr\u00e9sentant 97% de la population... Read More\" \/>\n<meta property=\"og:url\" content=\"https:\/\/www.investaura.co\/wordpress\/boite-a-solutions\/separation-comptable-et-comptabilisation-des-couts\/\" \/>\n<meta property=\"og:site_name\" content=\"Investaura\" \/>\n<meta property=\"article:modified_time\" content=\"2020-08-10T09:08:22+00:00\" \/>\n<meta property=\"og:image\" content=\"https:\/\/i0.wp.com\/www.investaura.co\/wordpress\/wp-content\/uploads\/2019\/05\/shutterstock_regulatory_compliance_small.jpg?fit=1024%2C683&ssl=1\" \/>\n\t<meta property=\"og:image:width\" content=\"1024\" \/>\n\t<meta property=\"og:image:height\" content=\"683\" \/>\n\t<meta property=\"og:image:type\" content=\"image\/jpeg\" \/>\n<meta name=\"twitter:card\" content=\"summary_large_image\" \/>\n<meta name=\"twitter:label1\" content=\"Estimated reading time\" \/>\n\t<meta name=\"twitter:data1\" content=\"2 minutes\" \/>\n<script type=\"application\/ld+json\" class=\"yoast-schema-graph\">{\"@context\":\"https:\/\/schema.org\",\"@graph\":[{\"@type\":\"WebPage\",\"@id\":\"https:\/\/www.investaura.co\/wordpress\/boite-a-solutions\/separation-comptable-et-comptabilisation-des-couts\/\",\"url\":\"https:\/\/www.investaura.co\/wordpress\/boite-a-solutions\/separation-comptable-et-comptabilisation-des-couts\/\",\"name\":\"S\u00e9paration comptable et Comptabilisation des co\u00fbts dans l'industrie des t\u00e9l\u00e9coms | Investaura\",\"isPartOf\":{\"@id\":\"https:\/\/www.investaura.co\/wordpress\/#website\"},\"datePublished\":\"2019-05-16T08:37:09+00:00\",\"dateModified\":\"2020-08-10T09:08:22+00:00\",\"breadcrumb\":{\"@id\":\"https:\/\/www.investaura.co\/wordpress\/boite-a-solutions\/separation-comptable-et-comptabilisation-des-couts\/#breadcrumb\"},\"inLanguage\":\"en-GB\",\"potentialAction\":[{\"@type\":\"ReadAction\",\"target\":[\"https:\/\/www.investaura.co\/wordpress\/boite-a-solutions\/separation-comptable-et-comptabilisation-des-couts\/\"]}]},{\"@type\":\"BreadcrumbList\",\"@id\":\"https:\/\/www.investaura.co\/wordpress\/boite-a-solutions\/separation-comptable-et-comptabilisation-des-couts\/#breadcrumb\",\"itemListElement\":[{\"@type\":\"ListItem\",\"position\":1,\"name\":\"Home\",\"item\":\"https:\/\/www.investaura.co\/wordpress\/\"},{\"@type\":\"ListItem\",\"position\":2,\"name\":\"Solutions Showcase\",\"item\":\"https:\/\/www.investaura.co\/wordpress\/boite-a-solutions\/\"},{\"@type\":\"ListItem\",\"position\":3,\"name\":\"S\u00e9paration comptable et Comptabilisation des co\u00fbts dans l&rsquo;industrie des t\u00e9l\u00e9coms\"}]},{\"@type\":\"WebSite\",\"@id\":\"https:\/\/www.investaura.co\/wordpress\/#website\",\"url\":\"https:\/\/www.investaura.co\/wordpress\/\",\"name\":\"Investaura\",\"description\":\"The Value Creation Consultants\",\"publisher\":{\"@id\":\"https:\/\/www.investaura.co\/wordpress\/#organization\"},\"potentialAction\":[{\"@type\":\"SearchAction\",\"target\":{\"@type\":\"EntryPoint\",\"urlTemplate\":\"https:\/\/www.investaura.co\/wordpress\/?s={search_term_string}\"},\"query-input\":\"required name=search_term_string\"}],\"inLanguage\":\"en-GB\"},{\"@type\":\"Organization\",\"@id\":\"https:\/\/www.investaura.co\/wordpress\/#organization\",\"name\":\"Investaura\",\"url\":\"https:\/\/www.investaura.co\/wordpress\/\",\"logo\":{\"@type\":\"ImageObject\",\"inLanguage\":\"en-GB\",\"@id\":\"https:\/\/www.investaura.co\/wordpress\/#\/schema\/logo\/image\/\",\"url\":\"https:\/\/i0.wp.com\/www.investaura.co\/wordpress\/wp-content\/uploads\/Logo-INVESTAURA_RGB-blau-e1450351498844.jpg?fit=256%2C90&ssl=1\",\"contentUrl\":\"https:\/\/i0.wp.com\/www.investaura.co\/wordpress\/wp-content\/uploads\/Logo-INVESTAURA_RGB-blau-e1450351498844.jpg?fit=256%2C90&ssl=1\",\"width\":256,\"height\":90,\"caption\":\"Investaura\"},\"image\":{\"@id\":\"https:\/\/www.investaura.co\/wordpress\/#\/schema\/logo\/image\/\"},\"sameAs\":[\"https:\/\/www.linkedin.com\/company\/1229653\"]}]}<\/script>\n<!-- \/ Yoast SEO plugin. -->","yoast_head_json":{"title":"S\u00e9paration comptable et Comptabilisation des co\u00fbts dans l'industrie des t\u00e9l\u00e9coms | Investaura","robots":{"index":"index","follow":"follow","max-snippet":"max-snippet:-1","max-image-preview":"max-image-preview:large","max-video-preview":"max-video-preview:-1"},"canonical":"https:\/\/www.investaura.co\/wordpress\/boite-a-solutions\/separation-comptable-et-comptabilisation-des-couts\/","og_locale":"en_GB","og_type":"article","og_title":"S\u00e9paration comptable et Comptabilisation des co\u00fbts dans l'industrie des t\u00e9l\u00e9coms | Investaura","og_description":"Les obligations en mati\u00e8re de s\u00e9paration comptable, telles que d\u00e9finies \u00e0 l&#8217;article 11 de la directive \u00abacc\u00e8s\u00bb, sont appliqu\u00e9es \u00e0 divers degr\u00e9s dans l&#8217;EU 28 en 2019. Investaura a examin\u00e9 la situation dans 20 pays repr\u00e9sentant 97% de la population... Read More","og_url":"https:\/\/www.investaura.co\/wordpress\/boite-a-solutions\/separation-comptable-et-comptabilisation-des-couts\/","og_site_name":"Investaura","article_modified_time":"2020-08-10T09:08:22+00:00","og_image":[{"width":1024,"height":683,"url":"https:\/\/i0.wp.com\/www.investaura.co\/wordpress\/wp-content\/uploads\/2019\/05\/shutterstock_regulatory_compliance_small.jpg?fit=1024%2C683&ssl=1","type":"image\/jpeg"}],"twitter_card":"summary_large_image","twitter_misc":{"Estimated reading time":"2 minutes"},"schema":{"@context":"https:\/\/schema.org","@graph":[{"@type":"WebPage","@id":"https:\/\/www.investaura.co\/wordpress\/boite-a-solutions\/separation-comptable-et-comptabilisation-des-couts\/","url":"https:\/\/www.investaura.co\/wordpress\/boite-a-solutions\/separation-comptable-et-comptabilisation-des-couts\/","name":"S\u00e9paration comptable et Comptabilisation des co\u00fbts dans l'industrie des t\u00e9l\u00e9coms | Investaura","isPartOf":{"@id":"https:\/\/www.investaura.co\/wordpress\/#website"},"datePublished":"2019-05-16T08:37:09+00:00","dateModified":"2020-08-10T09:08:22+00:00","breadcrumb":{"@id":"https:\/\/www.investaura.co\/wordpress\/boite-a-solutions\/separation-comptable-et-comptabilisation-des-couts\/#breadcrumb"},"inLanguage":"en-GB","potentialAction":[{"@type":"ReadAction","target":["https:\/\/www.investaura.co\/wordpress\/boite-a-solutions\/separation-comptable-et-comptabilisation-des-couts\/"]}]},{"@type":"BreadcrumbList","@id":"https:\/\/www.investaura.co\/wordpress\/boite-a-solutions\/separation-comptable-et-comptabilisation-des-couts\/#breadcrumb","itemListElement":[{"@type":"ListItem","position":1,"name":"Home","item":"https:\/\/www.investaura.co\/wordpress\/"},{"@type":"ListItem","position":2,"name":"Solutions Showcase","item":"https:\/\/www.investaura.co\/wordpress\/boite-a-solutions\/"},{"@type":"ListItem","position":3,"name":"S\u00e9paration comptable et Comptabilisation des co\u00fbts dans l&rsquo;industrie des t\u00e9l\u00e9coms"}]},{"@type":"WebSite","@id":"https:\/\/www.investaura.co\/wordpress\/#website","url":"https:\/\/www.investaura.co\/wordpress\/","name":"Investaura","description":"The Value Creation Consultants","publisher":{"@id":"https:\/\/www.investaura.co\/wordpress\/#organization"},"potentialAction":[{"@type":"SearchAction","target":{"@type":"EntryPoint","urlTemplate":"https:\/\/www.investaura.co\/wordpress\/?s={search_term_string}"},"query-input":"required name=search_term_string"}],"inLanguage":"en-GB"},{"@type":"Organization","@id":"https:\/\/www.investaura.co\/wordpress\/#organization","name":"Investaura","url":"https:\/\/www.investaura.co\/wordpress\/","logo":{"@type":"ImageObject","inLanguage":"en-GB","@id":"https:\/\/www.investaura.co\/wordpress\/#\/schema\/logo\/image\/","url":"https:\/\/i0.wp.com\/www.investaura.co\/wordpress\/wp-content\/uploads\/Logo-INVESTAURA_RGB-blau-e1450351498844.jpg?fit=256%2C90&ssl=1","contentUrl":"https:\/\/i0.wp.com\/www.investaura.co\/wordpress\/wp-content\/uploads\/Logo-INVESTAURA_RGB-blau-e1450351498844.jpg?fit=256%2C90&ssl=1","width":256,"height":90,"caption":"Investaura"},"image":{"@id":"https:\/\/www.investaura.co\/wordpress\/#\/schema\/logo\/image\/"},"sameAs":["https:\/\/www.linkedin.com\/company\/1229653"]}]}},"jetpack_shortlink":"https:\/\/wp.me\/P7ecno-1M7","jetpack-related-posts":[{"id":5689,"url":"https:\/\/www.investaura.co\/wordpress\/boite-a-solutions\/immobilisation-evaluation-et-juste-valeur-mesure-ifrs-13\/","url_meta":{"origin":6827,"position":0},"title":"R\u00e9\u00e9valuation des actifs immobilis\u00e9s et d\u00e9termination de la juste valeur (IFRS 13)","date":"March 2, 2016","format":false,"excerpt":"Investaura a \u00e9t\u00e9 mandat\u00e9 par un groupe t\u00e9l\u00e9com pour effectuer une \u00e9valuation exhaustive des actifs non courants dans les r\u00e9seaux t\u00e9l\u00e9com g\u00e9r\u00e9s par le client dans quatre pays. Le projet a \u00e9t\u00e9 entrepris sur une p\u00e9riode de trois mois et s'est pench\u00e9 sur $ 1 Milliard d'actifs fixes dans les\u2026","rel":"","context":"Similar post","img":{"alt_text":"","src":"https:\/\/i0.wp.com\/www.investaura.co\/wordpress\/wp-content\/uploads\/2017\/11\/shutterstock_99389720_1024.jpg?fit=1024%2C680&ssl=1&resize=350%2C200","width":350,"height":200},"classes":[]},{"id":6247,"url":"https:\/\/www.investaura.co\/wordpress\/nos-services\/marketing-ventes-support\/analyse-du-marche-et-de-lindustrie\/","url_meta":{"origin":6827,"position":1},"title":"Etude de march\u00e9 et de l&#8217;industrie","date":"December 2, 2015","format":false,"excerpt":"L'objectif d'une \u00e9tude de march\u00e9 qualitative et quantitative est d'acqu\u00e9rir une compr\u00e9hension approfondie des diff\u00e9rents segments du march\u00e9 cible. Nous identifions les facteurs cl\u00e9s de succ\u00e8s, clarifions les barri\u00e8res \u00e0 l'entr\u00e9e, analysons la concurrence, examinons les probl\u00e8mes de r\u00e9glementation et quantifions les segments non ou mal servis, entre autres choses.\u2026","rel":"","context":"Similar post","img":{"alt_text":"","src":"https:\/\/i0.wp.com\/www.investaura.co\/wordpress\/wp-content\/uploads\/2015\/12\/shutterstock_209058313_smaller.jpg?fit=1024%2C682&ssl=1&resize=350%2C200","width":350,"height":200},"classes":[]},{"id":5703,"url":"https:\/\/www.investaura.co\/wordpress\/boite-a-solutions\/client-produit-couts-rentabilite-analyse\/","url_meta":{"origin":6827,"position":2},"title":"Analyse des co\u00fbts et de la rentabilit\u00e9 des clients &amp; produits","date":"February 1, 2018","format":false,"excerpt":"La soci\u00e9t\u00e9 Investaura a le plaisir de pr\u00e9senter son nouveau Livre Blanc sur l'analyse des co\u00fbts bas\u00e9s sur les activit\u00e9s (Activity-Based Costing), qui fournit une feuille de route d\u00e9taill\u00e9e pour une mise en \u0153uvre op\u00e9rationnelle en 5 semaines. Quantifier le co\u00fbt des produits et des services a la r\u00e9putation d'\u00eatre\u2026","rel":"","context":"Similar post","img":{"alt_text":"","src":"https:\/\/i0.wp.com\/www.investaura.co\/wordpress\/wp-content\/uploads\/2018\/02\/tracings.png?fit=1200%2C576&ssl=1&resize=350%2C200","width":350,"height":200},"classes":[]},{"id":5713,"url":"https:\/\/www.investaura.co\/wordpress\/boite-a-solutions\/expansion-vers-allemagne-via-cross-border-ma\/","url_meta":{"origin":6827,"position":3},"title":"Expansion internationale vers l&#8217;Allemagne par Fusion-Acquisition","date":"August 12, 2016","format":false,"excerpt":"De nombreuses PME europ\u00e9ennes ont atteint la limite de leur potentiel de croissance dans leur march\u00e9 national. L'expansion vers les pays frontaliers est une \u00e9tape naturelle pour beaucoup. Investaura aide actuellement plusieurs clients europ\u00e9ens \u00e0 s'\u00e9tablir en Allemagne par Fusions & Acquisitions (M&A). Dans une Europe aux prises \u00e0 une\u2026","rel":"","context":"Similar post","img":{"alt_text":"","src":"https:\/\/i0.wp.com\/www.investaura.co\/wordpress\/wp-content\/uploads\/2016\/09\/shutterstock_214025158_centered_narrower_smaller.jpg?fit=760%2C300&ssl=1&resize=350%2C200","width":350,"height":200},"classes":[]},{"id":5709,"url":"https:\/\/www.investaura.co\/wordpress\/boite-a-solutions\/service-etablissement-des-couts-reglementation-vente-au-detail-tarification-buts\/","url_meta":{"origin":6827,"position":4},"title":"D\u00e9termination des co\u00fbts et des marges des services t\u00e9l\u00e9com","date":"January 16, 2017","format":false,"excerpt":"Il n'est pas rare pour une soci\u00e9t\u00e9 qui vend de nombreux types de produits \u00e0 de nombreux clients de ne pas comprendre pr\u00e9cisemment les co\u00fbts de ses services et les sources de sa rentabilit\u00e9. Dans de nombreux cas, les prix des services sont \u00e9tablis \u00e0 un niveau trop bas, entrainant\u2026","rel":"","context":"Similar post","img":{"alt_text":"","src":"https:\/\/i0.wp.com\/www.investaura.co\/wordpress\/wp-content\/uploads\/2017\/01\/Costing_and_pricing_1024.png?fit=1024%2C594&ssl=1&resize=350%2C200","width":350,"height":200},"classes":[]},{"id":6938,"url":"https:\/\/www.investaura.co\/wordpress\/boite-a-solutions\/linternet-des-objets-pour-les-bailleurs-immobiliers\/","url_meta":{"origin":6827,"position":5},"title":"L&#8217;Internet des objets pour les bailleurs immobiliers","date":"December 10, 2019","format":false,"excerpt":"Traditionnellement conservateurs, g\u00e9rant de nombreux actifs et ax\u00e9s sur la performance: les bailleurs immobiliers font face \u00e0 un d\u00e9ploiement massif de solutions IoT dans les ann\u00e9es \u00e0 venir. Innover est souvent difficile, mais c'est pr\u00e9cis\u00e9ment l\u00e0 que des sp\u00e9cialistes externes de l'industrie IoT peuvent leur \u00eatre utiles.\u00a0 Pour les bailleurs,\u2026","rel":"","context":"Similar post","img":{"alt_text":"","src":"https:\/\/i0.wp.com\/www.investaura.co\/wordpress\/wp-content\/uploads\/2019\/12\/shutterstock_189023420_Smaller.jpg?fit=1024%2C683&ssl=1&resize=350%2C200","width":350,"height":200},"classes":[]}],"jetpack_sharing_enabled":true,"_links":{"self":[{"href":"https:\/\/www.investaura.co\/wordpress\/wp-json\/wp\/v2\/pages\/6827"}],"collection":[{"href":"https:\/\/www.investaura.co\/wordpress\/wp-json\/wp\/v2\/pages"}],"about":[{"href":"https:\/\/www.investaura.co\/wordpress\/wp-json\/wp\/v2\/types\/page"}],"author":[{"embeddable":true,"href":"https:\/\/www.investaura.co\/wordpress\/wp-json\/wp\/v2\/users\/1"}],"replies":[{"embeddable":true,"href":"https:\/\/www.investaura.co\/wordpress\/wp-json\/wp\/v2\/comments?post=6827"}],"version-history":[{"count":24,"href":"https:\/\/www.investaura.co\/wordpress\/wp-json\/wp\/v2\/pages\/6827\/revisions"}],"predecessor-version":[{"id":7371,"href":"https:\/\/www.investaura.co\/wordpress\/wp-json\/wp\/v2\/pages\/6827\/revisions\/7371"}],"up":[{"embeddable":true,"href":"https:\/\/www.investaura.co\/wordpress\/wp-json\/wp\/v2\/pages\/5683"}],"wp:featuredmedia":[{"embeddable":true,"href":"https:\/\/www.investaura.co\/wordpress\/wp-json\/wp\/v2\/media\/6826"}],"wp:attachment":[{"href":"https:\/\/www.investaura.co\/wordpress\/wp-json\/wp\/v2\/media?parent=6827"}],"curies":[{"name":"wp","href":"https:\/\/api.w.org\/{rel}","templated":true}]}}