{"id":6737,"date":"2019-01-30T17:46:02","date_gmt":"2019-01-30T15:46:02","guid":{"rendered":"http:\/\/www.investaura.co\/?page_id=6737"},"modified":"2020-01-13T20:55:09","modified_gmt":"2020-01-13T18:55:09","slug":"ma-der-luftfahrtindustrie","status":"publish","type":"page","link":"https:\/\/www.investaura.co\/wordpress\/losungen\/ma-der-luftfahrtindustrie\/","title":{"rendered":"M&#038;A in der Luftfahrtindustrie"},"content":{"rendered":"<p>Ungeachtet des Abschwungs von 2008-2009 hat der weltweite Luftverkehrsmarkt im letzten Jahrzehnt ein starkes Wachstum verzeichnet, sowohl was die Passagierzahlen (+ 62,8% zwischen 2007 und 2018) als auch das Frachtvolumen (+ 40,6% im selben Zeitraum) betrifft.<!--more--><\/p>\n<p><strong>Mehr als die H\u00e4lfte der 1,4 Milliarden Touristen der Welt<\/strong>, die 2018 \u00fcber die internationalen Grenzen reisten, wurden auf dem Luftweg transportiert. Mit Blick auf die Zukunft gehen wir davon aus, dass sich die Zahl der Passagiere unter dem Einfluss von Billigfluggesellschaften <strong>alle 12 Jahre weiter verdoppeln<\/strong> wird.<\/p>\n<p>Die Luftfracht prognostiziert auch dank der zunehmenden grenz\u00fcberschreitenden E-Commerce-Aktivit\u00e4ten von Business-to-Consumer (B2C) ein robustes Wachstum, da 90% auf dem Luftweg abgewickelt werden. Der Luftverkehr tr\u00e4gt heute etwa <strong>35% des Welthandels<\/strong> zum Wert bei.<\/p>\n<p>Da die meisten Flugh\u00e4fen weltweit mit <strong>Kapazit\u00e4tsproblemen<\/strong> konfrontiert sind, um diesem Wachstum gerecht zu werden, sind neue innovative Technologien erforderlich, um <strong>einen sicheren und effizienten Passagier- und Warenfluss<\/strong> zu gew\u00e4hrleisten. Derzeit werden neue Kommunikations- und \u00dcberwachungstools, kollaborative Software- und Entscheidungsanwendungen, biometrische Ger\u00e4te und IoT-L\u00f6sungen entwickelt, um die Herausforderungen f\u00fcr Flugh\u00e4fen und Fluggesellschaften zu bew\u00e4ltigen.<\/p>\n<p>Dar\u00fcber hinaus suchen Unternehmen nach M\u00f6glichkeiten zur Reduzierung der CO2-Emissionen in der Luft und auf dem Flughafen, da die Branche unter dem Druck steht, <strong>ihre Umweltleistung zu verbessern<\/strong>.<\/p>\n<p>Diese verschiedenen Trends erfordern <strong>Investitionen in Hochtechnologie<\/strong> von Fluggesellschaften, Flugh\u00e4fen und deren kleinen und gro\u00dfen Technologieanbietern. Viele lokale und regionale Zulieferer k\u00e4mpfen jedoch darum, das erforderliche Kapital f\u00fcr Investitionen in neue Technologien zu finden und ihre F\u00fchrungsposition zu behaupten.<\/p>\n<p>Investaura hilft Lieferanten von Flugh\u00e4fen und Fluggesellschaften, <strong>die richtigen Partner zu finden<\/strong>, egal ob Industrieunternehmen oder Finanzinvestoren. Wir bringen die Erfahrung aus mehreren M&amp;A-Eins\u00e4tzen in der Flughafenbranche mit, an denen sowohl lokale als auch weltweite Akteure beteiligt sind. Wir unterst\u00fctzen unsere Kunden auch operativ <strong>w\u00e4hrend und nach der Transaktion<\/strong> bzw. Transformation.<\/p>\n<p>Wir verstehen das Gesch\u00e4ft unserer (oft in Familienbesitz befindlichen) Kunden gut und sorgen daf\u00fcr, dass ihre Lebensarbeit in den H\u00e4nden eines neuen Eigent\u00fcmers eine gl\u00e4nzende Zukunft erh\u00e4lt.<\/p>\n<p>F\u00fcr weitere Informationen zu unseren M&amp;A-Beratungsdiensten in der Flughafenbranche wenden Sie sich bitte an <a href=\"mailto: guy.spillebeen@investaura.de\">guy.spillebeen@investaura.de<\/a>.<\/p>\n<p>&nbsp;<\/p>\n<p>&nbsp;<\/p>\n","protected":false},"excerpt":{"rendered":"<p>Ungeachtet des Abschwungs von 2008-2009 hat der weltweite Luftverkehrsmarkt im letzten Jahrzehnt ein starkes Wachstum verzeichnet, sowohl was die Passagierzahlen (+ 62,8% zwischen 2007 und 2018) als auch das Frachtvolumen (+ 40,6% im selben Zeitraum) betrifft.<\/p>\n","protected":false},"author":1,"featured_media":6725,"parent":5685,"menu_order":6,"comment_status":"closed","ping_status":"closed","template":"","meta":{"jetpack_post_was_ever_published":false},"yoast_head":"<!-- This site is optimized with the Yoast SEO plugin v20.4 - https:\/\/yoast.com\/wordpress\/plugins\/seo\/ -->\n<title>M&amp;A in der Luftfahrtindustrie | Investaura<\/title>\n<meta name=\"robots\" content=\"index, follow, max-snippet:-1, max-image-preview:large, max-video-preview:-1\" \/>\n<link rel=\"canonical\" href=\"https:\/\/www.investaura.co\/wordpress\/losungen\/ma-der-luftfahrtindustrie\/\" \/>\n<meta property=\"og:locale\" content=\"en_GB\" \/>\n<meta property=\"og:type\" content=\"article\" \/>\n<meta property=\"og:title\" content=\"M&amp;A in der Luftfahrtindustrie | Investaura\" \/>\n<meta property=\"og:description\" content=\"Ungeachtet des Abschwungs von 2008-2009 hat der weltweite Luftverkehrsmarkt im letzten Jahrzehnt ein starkes Wachstum verzeichnet, sowohl was die Passagierzahlen (+ 62,8% zwischen 2007 und 2018) als auch das Frachtvolumen (+ 40,6% im selben Zeitraum) betrifft.\" \/>\n<meta property=\"og:url\" content=\"https:\/\/www.investaura.co\/wordpress\/losungen\/ma-der-luftfahrtindustrie\/\" \/>\n<meta property=\"og:site_name\" content=\"Investaura\" \/>\n<meta property=\"article:modified_time\" content=\"2020-01-13T18:55:09+00:00\" \/>\n<meta property=\"og:image\" content=\"https:\/\/i0.wp.com\/www.investaura.co\/wordpress\/wp-content\/uploads\/2019\/01\/shutterstock_324754607_smaller3.jpg?fit=1024%2C429&ssl=1\" \/>\n\t<meta property=\"og:image:width\" content=\"1024\" \/>\n\t<meta property=\"og:image:height\" content=\"429\" \/>\n\t<meta property=\"og:image:type\" content=\"image\/jpeg\" \/>\n<meta name=\"twitter:card\" content=\"summary_large_image\" \/>\n<meta name=\"twitter:label1\" content=\"Estimated reading time\" \/>\n\t<meta name=\"twitter:data1\" content=\"2 minutes\" \/>\n<script type=\"application\/ld+json\" class=\"yoast-schema-graph\">{\"@context\":\"https:\/\/schema.org\",\"@graph\":[{\"@type\":\"WebPage\",\"@id\":\"https:\/\/www.investaura.co\/wordpress\/losungen\/ma-der-luftfahrtindustrie\/\",\"url\":\"https:\/\/www.investaura.co\/wordpress\/losungen\/ma-der-luftfahrtindustrie\/\",\"name\":\"M&A in der Luftfahrtindustrie | Investaura\",\"isPartOf\":{\"@id\":\"https:\/\/www.investaura.co\/wordpress\/#website\"},\"datePublished\":\"2019-01-30T15:46:02+00:00\",\"dateModified\":\"2020-01-13T18:55:09+00:00\",\"breadcrumb\":{\"@id\":\"https:\/\/www.investaura.co\/wordpress\/losungen\/ma-der-luftfahrtindustrie\/#breadcrumb\"},\"inLanguage\":\"en-GB\",\"potentialAction\":[{\"@type\":\"ReadAction\",\"target\":[\"https:\/\/www.investaura.co\/wordpress\/losungen\/ma-der-luftfahrtindustrie\/\"]}]},{\"@type\":\"BreadcrumbList\",\"@id\":\"https:\/\/www.investaura.co\/wordpress\/losungen\/ma-der-luftfahrtindustrie\/#breadcrumb\",\"itemListElement\":[{\"@type\":\"ListItem\",\"position\":1,\"name\":\"Home\",\"item\":\"https:\/\/www.investaura.co\/wordpress\/\"},{\"@type\":\"ListItem\",\"position\":2,\"name\":\"L\u00f6sungen Showcase\",\"item\":\"https:\/\/www.investaura.co\/wordpress\/losungen\/\"},{\"@type\":\"ListItem\",\"position\":3,\"name\":\"M&#038;A in der Luftfahrtindustrie\"}]},{\"@type\":\"WebSite\",\"@id\":\"https:\/\/www.investaura.co\/wordpress\/#website\",\"url\":\"https:\/\/www.investaura.co\/wordpress\/\",\"name\":\"Investaura\",\"description\":\"The Value Creation Consultants\",\"publisher\":{\"@id\":\"https:\/\/www.investaura.co\/wordpress\/#organization\"},\"potentialAction\":[{\"@type\":\"SearchAction\",\"target\":{\"@type\":\"EntryPoint\",\"urlTemplate\":\"https:\/\/www.investaura.co\/wordpress\/?s={search_term_string}\"},\"query-input\":\"required name=search_term_string\"}],\"inLanguage\":\"en-GB\"},{\"@type\":\"Organization\",\"@id\":\"https:\/\/www.investaura.co\/wordpress\/#organization\",\"name\":\"Investaura\",\"url\":\"https:\/\/www.investaura.co\/wordpress\/\",\"logo\":{\"@type\":\"ImageObject\",\"inLanguage\":\"en-GB\",\"@id\":\"https:\/\/www.investaura.co\/wordpress\/#\/schema\/logo\/image\/\",\"url\":\"https:\/\/i0.wp.com\/www.investaura.co\/wordpress\/wp-content\/uploads\/Logo-INVESTAURA_RGB-blau-e1450351498844.jpg?fit=256%2C90&ssl=1\",\"contentUrl\":\"https:\/\/i0.wp.com\/www.investaura.co\/wordpress\/wp-content\/uploads\/Logo-INVESTAURA_RGB-blau-e1450351498844.jpg?fit=256%2C90&ssl=1\",\"width\":256,\"height\":90,\"caption\":\"Investaura\"},\"image\":{\"@id\":\"https:\/\/www.investaura.co\/wordpress\/#\/schema\/logo\/image\/\"},\"sameAs\":[\"https:\/\/www.linkedin.com\/company\/1229653\"]}]}<\/script>\n<!-- \/ Yoast SEO plugin. -->","yoast_head_json":{"title":"M&A in der Luftfahrtindustrie | Investaura","robots":{"index":"index","follow":"follow","max-snippet":"max-snippet:-1","max-image-preview":"max-image-preview:large","max-video-preview":"max-video-preview:-1"},"canonical":"https:\/\/www.investaura.co\/wordpress\/losungen\/ma-der-luftfahrtindustrie\/","og_locale":"en_GB","og_type":"article","og_title":"M&A in der Luftfahrtindustrie | Investaura","og_description":"Ungeachtet des Abschwungs von 2008-2009 hat der weltweite Luftverkehrsmarkt im letzten Jahrzehnt ein starkes Wachstum verzeichnet, sowohl was die Passagierzahlen (+ 62,8% zwischen 2007 und 2018) als auch das Frachtvolumen (+ 40,6% im selben Zeitraum) betrifft.","og_url":"https:\/\/www.investaura.co\/wordpress\/losungen\/ma-der-luftfahrtindustrie\/","og_site_name":"Investaura","article_modified_time":"2020-01-13T18:55:09+00:00","og_image":[{"width":1024,"height":429,"url":"https:\/\/i0.wp.com\/www.investaura.co\/wordpress\/wp-content\/uploads\/2019\/01\/shutterstock_324754607_smaller3.jpg?fit=1024%2C429&ssl=1","type":"image\/jpeg"}],"twitter_card":"summary_large_image","twitter_misc":{"Estimated reading time":"2 minutes"},"schema":{"@context":"https:\/\/schema.org","@graph":[{"@type":"WebPage","@id":"https:\/\/www.investaura.co\/wordpress\/losungen\/ma-der-luftfahrtindustrie\/","url":"https:\/\/www.investaura.co\/wordpress\/losungen\/ma-der-luftfahrtindustrie\/","name":"M&A in der Luftfahrtindustrie | Investaura","isPartOf":{"@id":"https:\/\/www.investaura.co\/wordpress\/#website"},"datePublished":"2019-01-30T15:46:02+00:00","dateModified":"2020-01-13T18:55:09+00:00","breadcrumb":{"@id":"https:\/\/www.investaura.co\/wordpress\/losungen\/ma-der-luftfahrtindustrie\/#breadcrumb"},"inLanguage":"en-GB","potentialAction":[{"@type":"ReadAction","target":["https:\/\/www.investaura.co\/wordpress\/losungen\/ma-der-luftfahrtindustrie\/"]}]},{"@type":"BreadcrumbList","@id":"https:\/\/www.investaura.co\/wordpress\/losungen\/ma-der-luftfahrtindustrie\/#breadcrumb","itemListElement":[{"@type":"ListItem","position":1,"name":"Home","item":"https:\/\/www.investaura.co\/wordpress\/"},{"@type":"ListItem","position":2,"name":"L\u00f6sungen Showcase","item":"https:\/\/www.investaura.co\/wordpress\/losungen\/"},{"@type":"ListItem","position":3,"name":"M&#038;A in der Luftfahrtindustrie"}]},{"@type":"WebSite","@id":"https:\/\/www.investaura.co\/wordpress\/#website","url":"https:\/\/www.investaura.co\/wordpress\/","name":"Investaura","description":"The Value Creation Consultants","publisher":{"@id":"https:\/\/www.investaura.co\/wordpress\/#organization"},"potentialAction":[{"@type":"SearchAction","target":{"@type":"EntryPoint","urlTemplate":"https:\/\/www.investaura.co\/wordpress\/?s={search_term_string}"},"query-input":"required name=search_term_string"}],"inLanguage":"en-GB"},{"@type":"Organization","@id":"https:\/\/www.investaura.co\/wordpress\/#organization","name":"Investaura","url":"https:\/\/www.investaura.co\/wordpress\/","logo":{"@type":"ImageObject","inLanguage":"en-GB","@id":"https:\/\/www.investaura.co\/wordpress\/#\/schema\/logo\/image\/","url":"https:\/\/i0.wp.com\/www.investaura.co\/wordpress\/wp-content\/uploads\/Logo-INVESTAURA_RGB-blau-e1450351498844.jpg?fit=256%2C90&ssl=1","contentUrl":"https:\/\/i0.wp.com\/www.investaura.co\/wordpress\/wp-content\/uploads\/Logo-INVESTAURA_RGB-blau-e1450351498844.jpg?fit=256%2C90&ssl=1","width":256,"height":90,"caption":"Investaura"},"image":{"@id":"https:\/\/www.investaura.co\/wordpress\/#\/schema\/logo\/image\/"},"sameAs":["https:\/\/www.linkedin.com\/company\/1229653"]}]}},"jetpack_shortlink":"https:\/\/wp.me\/P7ecno-1KF","jetpack-related-posts":[{"id":7590,"url":"https:\/\/www.investaura.co\/wordpress\/losungen\/exit-strategie-fuer-proptech-europa\/","url_meta":{"origin":6737,"position":0},"title":"Exit-Strategie f\u00fcr PropTech in Europa","date":"March 7, 2022","format":false,"excerpt":"Zur Zeit gibt es mehr als 3000 PropTech-Unternehmen in Europa. Viele von ihnen, die nach 2010 gegr\u00fcndet wurden, wurden zun\u00e4chst von der Gr\u00f6\u00dfe des Immobilienmarktes und der M\u00f6glichkeit angezogen, eine Branche umzugestalten, die bis vor kurzem noch keinen Druck zur Digitalisierung versp\u00fcrt hat. Leider erleben viele junge Unternehmen nicht das\u2026","rel":"","context":"Similar post","img":{"alt_text":"","src":"https:\/\/i0.wp.com\/www.investaura.co\/wordpress\/wp-content\/uploads\/2017\/01\/shutterstock_182278607.jpg?fit=1000%2C836&ssl=1&resize=350%2C200","width":350,"height":200},"classes":[]},{"id":6264,"url":"https:\/\/www.investaura.co\/wordpress\/dienstleistungen\/mergers-and-acquisitions\/sell-side-dont-brauchen-ma-berater\/","url_meta":{"origin":6737,"position":1},"title":"Verkaufsseite: Brauchen Sie keinen M&#038;A-Berater?","date":"April 4, 2017","format":false,"excerpt":"Verkaufen Sie Ihre Firma In der heutigen wettbewerbsorientierten Welt sind Gewinn und Wachstum fundamentale Quellen der Wertsch\u00f6pfung f\u00fcr Unternehmer und Aktion\u00e4re. Wenn Sie nicht wachsen, werden es Ihre Konkurrenten tun, und diese k\u00f6nnten schlie\u00dflich Ihr Gesch\u00e4ft in den Schatten stellen und gef\u00e4hrden. Selbst wenn Sie eine profitable Nische f\u00fcr Ihr\u2026","rel":"","context":"Similar post","img":{"alt_text":"","src":"https:\/\/i0.wp.com\/www.investaura.co\/wordpress\/wp-content\/uploads\/shutterstock_139401482.jpg?fit=1000%2C554&ssl=1&resize=350%2C200","width":350,"height":200},"classes":[]},{"id":5690,"url":"https:\/\/www.investaura.co\/wordpress\/losungen\/fixed-asset-bewertung-und-fair-value-messung-ifrs-13\/","url_meta":{"origin":6737,"position":2},"title":"Anlagenbewertung und Fair Value-Bewertung nach IFRS 13","date":"March 2, 2016","format":false,"excerpt":"Investaura Management Consultants wurde von einem gro\u00dfen Telekommunikations-Konzern beauftragt, eine umfassende Bewertung langfristiger Verm\u00f6genswerte in den Telekommunikationsnetzwerken des Kunden in vier L\u00e4ndern durchzuf\u00fchren. Das Projekt wurde \u00fcber einen Zeitraum von drei Monaten durchgef\u00fchrt und untersuchte 1 Mrd. $ Anlageverm\u00f6gen in den folgenden Anlageklassen: Grundst\u00fccke, Geb\u00e4ude, T\u00fcrme, Telekommunikationsausr\u00fcstungen, Software, Spektrum und\u2026","rel":"","context":"Similar post","img":{"alt_text":"","src":"https:\/\/i0.wp.com\/www.investaura.co\/wordpress\/wp-content\/uploads\/2017\/11\/shutterstock_99389720_1024.jpg?fit=1024%2C680&ssl=1&resize=350%2C200","width":350,"height":200},"classes":[]},{"id":5677,"url":"https:\/\/www.investaura.co\/wordpress\/losungen\/intelligent-transportation-systems-its-german\/","url_meta":{"origin":6737,"position":3},"title":"Mega-Deals f\u00fcr ITS Projekte gewinnen","date":"January 18, 2017","format":false,"excerpt":"Der globale Markt f\u00fcr Intelligent Transportation Systems (ITS) wird voraussichtlich um 12% pro Jahr von 36 Mrd. $ im Jahr 2015 auf 64 Mrd. $ im Jahr 2020 wachsen. Die Finanzierung der Verkehrs-infrastruktur \u00fcber Maut-Zahlungsl\u00f6sungen stellt dabei den Hauptteil dieses Marktsegments. Wir wissen, was es f\u00fcr ein Unternehmen braucht, um\u2026","rel":"","context":"Similar post","img":{"alt_text":"","src":"https:\/\/i0.wp.com\/www.investaura.co\/wordpress\/wp-content\/uploads\/2022\/03\/PropTech_small.jpg?fit=1024%2C683&ssl=1&resize=350%2C200","width":350,"height":200},"classes":[]},{"id":5714,"url":"https:\/\/www.investaura.co\/wordpress\/losungen\/expanding-to-germany-via-grenzuberschreitend-ma\/","url_meta":{"origin":6737,"position":4},"title":"Expansion nach Deutschland mit grenz\u00fcberschreitenden M&amp;A","date":"August 12, 2016","format":false,"excerpt":"Da viele europ\u00e4ische KMU in ihrem Heimatmarkt an der Grenze ihres Wachstumspotenzials angelangt sind, ist die Expansion in die Nachbarl\u00e4nder f\u00fcr viele der nat\u00fcrliche n\u00e4chste Schritt. Derzeit unterst\u00fctzt Investaura eine Reihe europ\u00e4ischer Kunden durch M&A u.a. in Deutschland. In einem von schleppendem Wachstum gepr\u00e4gten Europa steht Deutschland nicht nur als\u2026","rel":"","context":"Similar post","img":{"alt_text":"","src":"https:\/\/i0.wp.com\/www.investaura.co\/wordpress\/wp-content\/uploads\/2016\/09\/shutterstock_214025158_centered_narrower_smaller.jpg?fit=760%2C300&ssl=1&resize=350%2C200","width":350,"height":200},"classes":[]},{"id":6837,"url":"https:\/\/www.investaura.co\/wordpress\/losungen\/getrennte-buchfuehrung-und-kostenrechnungssysteme\/","url_meta":{"origin":6737,"position":5},"title":"Getrennte Buchf\u00fchrung und Kostenrechnungssysteme in der TK-Industrie","date":"May 16, 2019","format":false,"excerpt":"Die Verpflichtungen f\u00fcr die getrennte Buchf\u00fchrung im Sinne von Artikel 11 der Zugangsrichtlinie werden in der EU28 in unterschiedlichem Ma\u00dfe angewendet. Investaura hat die Situation in 20 L\u00e4ndern in Europa untersucht, die 97% der europ\u00e4ischen Bev\u00f6lkerung ausmachen. Die europ\u00e4ische Verordnung zur getrennten aufsichtsrechtlichen Rechnungslegung (SRA: Separated Regulatory Accounting) basiert auf\u2026","rel":"","context":"Similar post","img":{"alt_text":"","src":"https:\/\/i0.wp.com\/www.investaura.co\/wordpress\/wp-content\/uploads\/2019\/05\/shutterstock_regulatory_compliance_small.jpg?fit=1024%2C683&ssl=1&resize=350%2C200","width":350,"height":200},"classes":[]}],"jetpack_sharing_enabled":true,"_links":{"self":[{"href":"https:\/\/www.investaura.co\/wordpress\/wp-json\/wp\/v2\/pages\/6737"}],"collection":[{"href":"https:\/\/www.investaura.co\/wordpress\/wp-json\/wp\/v2\/pages"}],"about":[{"href":"https:\/\/www.investaura.co\/wordpress\/wp-json\/wp\/v2\/types\/page"}],"author":[{"embeddable":true,"href":"https:\/\/www.investaura.co\/wordpress\/wp-json\/wp\/v2\/users\/1"}],"replies":[{"embeddable":true,"href":"https:\/\/www.investaura.co\/wordpress\/wp-json\/wp\/v2\/comments?post=6737"}],"version-history":[{"count":4,"href":"https:\/\/www.investaura.co\/wordpress\/wp-json\/wp\/v2\/pages\/6737\/revisions"}],"predecessor-version":[{"id":6739,"href":"https:\/\/www.investaura.co\/wordpress\/wp-json\/wp\/v2\/pages\/6737\/revisions\/6739"}],"up":[{"embeddable":true,"href":"https:\/\/www.investaura.co\/wordpress\/wp-json\/wp\/v2\/pages\/5685"}],"wp:featuredmedia":[{"embeddable":true,"href":"https:\/\/www.investaura.co\/wordpress\/wp-json\/wp\/v2\/media\/6725"}],"wp:attachment":[{"href":"https:\/\/www.investaura.co\/wordpress\/wp-json\/wp\/v2\/media?parent=6737"}],"curies":[{"name":"wp","href":"https:\/\/api.w.org\/{rel}","templated":true}]}}