{"id":6732,"date":"2019-01-30T17:46:02","date_gmt":"2019-01-30T15:46:02","guid":{"rendered":"http:\/\/www.investaura.co\/?page_id=6732"},"modified":"2020-08-03T14:52:35","modified_gmt":"2020-08-03T12:52:35","slug":"ma-dans-le-secteur-aeroportuaire","status":"publish","type":"page","link":"https:\/\/www.investaura.co\/wordpress\/boite-a-solutions\/ma-dans-le-secteur-aeroportuaire\/","title":{"rendered":"M&#038;A dans le secteur a\u00e9roportuaire"},"content":{"rendered":"<p>Malgr\u00e9 la r\u00e9cession de 2008-2009, le march\u00e9 mondial du transport a\u00e9rien a affich\u00e9 une forte croissance au cours de la derni\u00e8re d\u00e9cennie, tant en nombre de passagers (+ 62,8% entre 2007 et 2018) qu&#8217;en volume de fret (+ 40,6% sur la m\u00eame p\u00e9riode).<\/p>\n<p><!--more--><\/p>\n<p>Plus de <strong>la moiti\u00e9 des 1,4 milliard de touristes<\/strong> venant de l&#8217;\u00e9tranger ont \u00e9t\u00e9 transport\u00e9s par avion en 2018. Pour l&#8217;avenir, nous pr\u00e9voyons que le nombre de passagers continuera de <strong>doubler tous les 12 ans<\/strong>, sous l&#8217;impulsion des transporteurs a\u00e9riens \u00e0 bas prix.<\/p>\n<p>Le fret a\u00e9rien pr\u00e9voit \u00e9galement une croissance robuste gr\u00e2ce \u00e0 l&#8217;augmentation des activit\u00e9s de e-commerce transfrontalier (B2C) &#8211; puisque 90% sont r\u00e9alis\u00e9s par voie a\u00e9rienne. Le transport a\u00e9rien assure d\u00e9sormais environ <strong>35% du commerce mondial en valeur<\/strong>.<\/p>\n<p>Comme la plupart des a\u00e9roports du monde entier sont confront\u00e9s \u00e0 <strong>des probl\u00e8mes de capacit\u00e9<\/strong> pour faire face \u00e0 cette croissance, de nouvelles technologies innovantes sont n\u00e9cessaires pour assurer <strong>un flux de passagers et de marchandises s\u00fbr et efficace<\/strong>. De nouveaux outils de communication et de surveillance, des logiciels collaboratifs et des applications d&#8217;aide \u00e0 la d\u00e9cision, des dispositifs biom\u00e9triques et des solutions IoT sont en cours de d\u00e9veloppement pour all\u00e9ger les d\u00e9fis auxquels sont confront\u00e9s les a\u00e9roports et les compagnies a\u00e9riennes.<\/p>\n<p>En outre, les entreprises recherchent des moyens de r\u00e9duire les \u00e9missions de carbone \u00e0 la fois en vol et \u00e0 l&#8217;a\u00e9roport, car l&#8217;industrie est sous pression pour <strong>am\u00e9liorer ses performances environnementales<\/strong>.<\/p>\n<p>Ces diverses tendances n\u00e9cessitent <strong>des investissements de haute technologie<\/strong> de la part des compagnies a\u00e9riennes, des a\u00e9roports et de leurs fournisseurs de technologie, quelle que soit leur taille. Cependant, de nombreux fournisseurs locaux et r\u00e9gionaux se battent pour trouver les capitaux n\u00e9cessaires pour investir dans les nouvelles technologies et conserver leur position de leader.<\/p>\n<p>Investaura aide les fournisseurs des a\u00e9roports et les compagnies a\u00e9riennes \u00e0\u00a0<strong>trouver les bons partenaires<\/strong>, qu&#8217;il s&#8217;agisse d&#8217;acteurs industriels ou d&#8217;investisseurs financiers.\u00a0Nous apportons l&#8217;exp\u00e9rience acquise lors de multiples missions de fusions et acquisitions dans l&#8217;industrie a\u00e9roportuaire, impliquant des acteurs locaux et internationaux.\u00a0Nous accompagnons \u00e9galement nos clients sur le plan op\u00e9rationnel\u00a0<strong>pendant et apr\u00e8s la transition<\/strong>.<\/p>\n<p>Nous comprenons bien les activit\u00e9s de nos clients, y compris les groupes familiaux, et veillons \u00e0 ce que leur entreprise, souvent l&#8217;\u0153uvre de toute une vie, b\u00e9n\u00e9ficie d&#8217;un bel avenir entre les mains d&#8217;un nouveau propri\u00e9taire.<\/p>\n<p>Pour plus d&#8217;informations sur nos services de conseil en fusions et acquisitions dans l&#8217;industrie a\u00e9roportuaire, n&#8217;h\u00e9sitez pas \u00e0 contacter <a href=\"mailto: guy.spillebeen@investaura.de\">guy.spillebeen@investaura.de<\/a>.<\/p>\n","protected":false},"excerpt":{"rendered":"<p>Malgr\u00e9 la r\u00e9cession de 2008-2009, le march\u00e9 mondial du transport a\u00e9rien a affich\u00e9 une forte croissance au cours de la derni\u00e8re d\u00e9cennie, tant en nombre de passagers (+ 62,8% entre 2007 et 2018) qu&#8217;en volume de fret (+ 40,6% sur&#8230; <\/p>\n<div class=\"more-link-container\"><a class=\"more-link\" href=\"https:\/\/www.investaura.co\/wordpress\/boite-a-solutions\/ma-dans-le-secteur-aeroportuaire\/\">Read More<\/a><\/div>\n","protected":false},"author":1,"featured_media":6725,"parent":5683,"menu_order":6,"comment_status":"closed","ping_status":"closed","template":"","meta":{"jetpack_post_was_ever_published":false},"yoast_head":"<!-- This site is optimized with the Yoast SEO plugin v20.4 - https:\/\/yoast.com\/wordpress\/plugins\/seo\/ -->\n<title>M&amp;A dans le secteur a\u00e9roportuaire | Investaura<\/title>\n<meta name=\"robots\" content=\"index, follow, max-snippet:-1, max-image-preview:large, max-video-preview:-1\" \/>\n<link rel=\"canonical\" href=\"https:\/\/www.investaura.co\/wordpress\/boite-a-solutions\/ma-dans-le-secteur-aeroportuaire\/\" \/>\n<meta property=\"og:locale\" content=\"en_GB\" \/>\n<meta property=\"og:type\" content=\"article\" \/>\n<meta property=\"og:title\" content=\"M&amp;A dans le secteur a\u00e9roportuaire | Investaura\" \/>\n<meta property=\"og:description\" content=\"Malgr\u00e9 la r\u00e9cession de 2008-2009, le march\u00e9 mondial du transport a\u00e9rien a affich\u00e9 une forte croissance au cours de la derni\u00e8re d\u00e9cennie, tant en nombre de passagers (+ 62,8% entre 2007 et 2018) qu&#8217;en volume de fret (+ 40,6% sur... Read More\" \/>\n<meta property=\"og:url\" content=\"https:\/\/www.investaura.co\/wordpress\/boite-a-solutions\/ma-dans-le-secteur-aeroportuaire\/\" \/>\n<meta property=\"og:site_name\" content=\"Investaura\" \/>\n<meta property=\"article:modified_time\" content=\"2020-08-03T12:52:35+00:00\" \/>\n<meta property=\"og:image\" content=\"https:\/\/i0.wp.com\/www.investaura.co\/wordpress\/wp-content\/uploads\/2019\/01\/shutterstock_324754607_smaller3.jpg?fit=1024%2C429&ssl=1\" \/>\n\t<meta property=\"og:image:width\" content=\"1024\" \/>\n\t<meta property=\"og:image:height\" content=\"429\" \/>\n\t<meta property=\"og:image:type\" content=\"image\/jpeg\" \/>\n<meta name=\"twitter:card\" content=\"summary_large_image\" \/>\n<meta name=\"twitter:label1\" content=\"Estimated reading time\" \/>\n\t<meta name=\"twitter:data1\" content=\"2 minutes\" \/>\n<script type=\"application\/ld+json\" class=\"yoast-schema-graph\">{\"@context\":\"https:\/\/schema.org\",\"@graph\":[{\"@type\":\"WebPage\",\"@id\":\"https:\/\/www.investaura.co\/wordpress\/boite-a-solutions\/ma-dans-le-secteur-aeroportuaire\/\",\"url\":\"https:\/\/www.investaura.co\/wordpress\/boite-a-solutions\/ma-dans-le-secteur-aeroportuaire\/\",\"name\":\"M&A dans le secteur a\u00e9roportuaire | Investaura\",\"isPartOf\":{\"@id\":\"https:\/\/www.investaura.co\/wordpress\/#website\"},\"datePublished\":\"2019-01-30T15:46:02+00:00\",\"dateModified\":\"2020-08-03T12:52:35+00:00\",\"breadcrumb\":{\"@id\":\"https:\/\/www.investaura.co\/wordpress\/boite-a-solutions\/ma-dans-le-secteur-aeroportuaire\/#breadcrumb\"},\"inLanguage\":\"en-GB\",\"potentialAction\":[{\"@type\":\"ReadAction\",\"target\":[\"https:\/\/www.investaura.co\/wordpress\/boite-a-solutions\/ma-dans-le-secteur-aeroportuaire\/\"]}]},{\"@type\":\"BreadcrumbList\",\"@id\":\"https:\/\/www.investaura.co\/wordpress\/boite-a-solutions\/ma-dans-le-secteur-aeroportuaire\/#breadcrumb\",\"itemListElement\":[{\"@type\":\"ListItem\",\"position\":1,\"name\":\"Home\",\"item\":\"https:\/\/www.investaura.co\/wordpress\/\"},{\"@type\":\"ListItem\",\"position\":2,\"name\":\"Solutions Showcase\",\"item\":\"https:\/\/www.investaura.co\/wordpress\/boite-a-solutions\/\"},{\"@type\":\"ListItem\",\"position\":3,\"name\":\"M&#038;A dans le secteur a\u00e9roportuaire\"}]},{\"@type\":\"WebSite\",\"@id\":\"https:\/\/www.investaura.co\/wordpress\/#website\",\"url\":\"https:\/\/www.investaura.co\/wordpress\/\",\"name\":\"Investaura\",\"description\":\"The Value Creation Consultants\",\"publisher\":{\"@id\":\"https:\/\/www.investaura.co\/wordpress\/#organization\"},\"potentialAction\":[{\"@type\":\"SearchAction\",\"target\":{\"@type\":\"EntryPoint\",\"urlTemplate\":\"https:\/\/www.investaura.co\/wordpress\/?s={search_term_string}\"},\"query-input\":\"required name=search_term_string\"}],\"inLanguage\":\"en-GB\"},{\"@type\":\"Organization\",\"@id\":\"https:\/\/www.investaura.co\/wordpress\/#organization\",\"name\":\"Investaura\",\"url\":\"https:\/\/www.investaura.co\/wordpress\/\",\"logo\":{\"@type\":\"ImageObject\",\"inLanguage\":\"en-GB\",\"@id\":\"https:\/\/www.investaura.co\/wordpress\/#\/schema\/logo\/image\/\",\"url\":\"https:\/\/i0.wp.com\/www.investaura.co\/wordpress\/wp-content\/uploads\/Logo-INVESTAURA_RGB-blau-e1450351498844.jpg?fit=256%2C90&ssl=1\",\"contentUrl\":\"https:\/\/i0.wp.com\/www.investaura.co\/wordpress\/wp-content\/uploads\/Logo-INVESTAURA_RGB-blau-e1450351498844.jpg?fit=256%2C90&ssl=1\",\"width\":256,\"height\":90,\"caption\":\"Investaura\"},\"image\":{\"@id\":\"https:\/\/www.investaura.co\/wordpress\/#\/schema\/logo\/image\/\"},\"sameAs\":[\"https:\/\/www.linkedin.com\/company\/1229653\"]}]}<\/script>\n<!-- \/ Yoast SEO plugin. -->","yoast_head_json":{"title":"M&A dans le secteur a\u00e9roportuaire | Investaura","robots":{"index":"index","follow":"follow","max-snippet":"max-snippet:-1","max-image-preview":"max-image-preview:large","max-video-preview":"max-video-preview:-1"},"canonical":"https:\/\/www.investaura.co\/wordpress\/boite-a-solutions\/ma-dans-le-secteur-aeroportuaire\/","og_locale":"en_GB","og_type":"article","og_title":"M&A dans le secteur a\u00e9roportuaire | Investaura","og_description":"Malgr\u00e9 la r\u00e9cession de 2008-2009, le march\u00e9 mondial du transport a\u00e9rien a affich\u00e9 une forte croissance au cours de la derni\u00e8re d\u00e9cennie, tant en nombre de passagers (+ 62,8% entre 2007 et 2018) qu&#8217;en volume de fret (+ 40,6% sur... Read More","og_url":"https:\/\/www.investaura.co\/wordpress\/boite-a-solutions\/ma-dans-le-secteur-aeroportuaire\/","og_site_name":"Investaura","article_modified_time":"2020-08-03T12:52:35+00:00","og_image":[{"width":1024,"height":429,"url":"https:\/\/i0.wp.com\/www.investaura.co\/wordpress\/wp-content\/uploads\/2019\/01\/shutterstock_324754607_smaller3.jpg?fit=1024%2C429&ssl=1","type":"image\/jpeg"}],"twitter_card":"summary_large_image","twitter_misc":{"Estimated reading time":"2 minutes"},"schema":{"@context":"https:\/\/schema.org","@graph":[{"@type":"WebPage","@id":"https:\/\/www.investaura.co\/wordpress\/boite-a-solutions\/ma-dans-le-secteur-aeroportuaire\/","url":"https:\/\/www.investaura.co\/wordpress\/boite-a-solutions\/ma-dans-le-secteur-aeroportuaire\/","name":"M&A dans le secteur a\u00e9roportuaire | Investaura","isPartOf":{"@id":"https:\/\/www.investaura.co\/wordpress\/#website"},"datePublished":"2019-01-30T15:46:02+00:00","dateModified":"2020-08-03T12:52:35+00:00","breadcrumb":{"@id":"https:\/\/www.investaura.co\/wordpress\/boite-a-solutions\/ma-dans-le-secteur-aeroportuaire\/#breadcrumb"},"inLanguage":"en-GB","potentialAction":[{"@type":"ReadAction","target":["https:\/\/www.investaura.co\/wordpress\/boite-a-solutions\/ma-dans-le-secteur-aeroportuaire\/"]}]},{"@type":"BreadcrumbList","@id":"https:\/\/www.investaura.co\/wordpress\/boite-a-solutions\/ma-dans-le-secteur-aeroportuaire\/#breadcrumb","itemListElement":[{"@type":"ListItem","position":1,"name":"Home","item":"https:\/\/www.investaura.co\/wordpress\/"},{"@type":"ListItem","position":2,"name":"Solutions Showcase","item":"https:\/\/www.investaura.co\/wordpress\/boite-a-solutions\/"},{"@type":"ListItem","position":3,"name":"M&#038;A dans le secteur a\u00e9roportuaire"}]},{"@type":"WebSite","@id":"https:\/\/www.investaura.co\/wordpress\/#website","url":"https:\/\/www.investaura.co\/wordpress\/","name":"Investaura","description":"The Value Creation Consultants","publisher":{"@id":"https:\/\/www.investaura.co\/wordpress\/#organization"},"potentialAction":[{"@type":"SearchAction","target":{"@type":"EntryPoint","urlTemplate":"https:\/\/www.investaura.co\/wordpress\/?s={search_term_string}"},"query-input":"required name=search_term_string"}],"inLanguage":"en-GB"},{"@type":"Organization","@id":"https:\/\/www.investaura.co\/wordpress\/#organization","name":"Investaura","url":"https:\/\/www.investaura.co\/wordpress\/","logo":{"@type":"ImageObject","inLanguage":"en-GB","@id":"https:\/\/www.investaura.co\/wordpress\/#\/schema\/logo\/image\/","url":"https:\/\/i0.wp.com\/www.investaura.co\/wordpress\/wp-content\/uploads\/Logo-INVESTAURA_RGB-blau-e1450351498844.jpg?fit=256%2C90&ssl=1","contentUrl":"https:\/\/i0.wp.com\/www.investaura.co\/wordpress\/wp-content\/uploads\/Logo-INVESTAURA_RGB-blau-e1450351498844.jpg?fit=256%2C90&ssl=1","width":256,"height":90,"caption":"Investaura"},"image":{"@id":"https:\/\/www.investaura.co\/wordpress\/#\/schema\/logo\/image\/"},"sameAs":["https:\/\/www.linkedin.com\/company\/1229653"]}]}},"jetpack_shortlink":"https:\/\/wp.me\/P7ecno-1KA","jetpack-related-posts":[{"id":5676,"url":"https:\/\/www.investaura.co\/wordpress\/boite-a-solutions\/intelligent-transportation-systems-its\/","url_meta":{"origin":6732,"position":0},"title":"D\u00e9velopper une candidature gagnante pour un projet ITS","date":"January 18, 2017","format":false,"excerpt":"Le march\u00e9 mondial des syst\u00e8mes de transport intelligents (ITS) devrait cro\u00eetre de 12% par an, passant de $36 millards en 2015 \u00e0 $64 milliards en 2020. Le financement des infrastructures de transport par le biais les solutions de paiement par p\u00e9age constitue la majeur partie du march\u00e9. Forts de leur\u2026","rel":"","context":"Similar post","img":{"alt_text":"","src":"https:\/\/i0.wp.com\/www.investaura.co\/wordpress\/wp-content\/uploads\/2022\/03\/PropTech_small.jpg?fit=1024%2C683&ssl=1&resize=350%2C200","width":350,"height":200},"classes":[]},{"id":7597,"url":"https:\/\/www.investaura.co\/wordpress\/boite-a-solutions\/strategies-de-sortie-pour-les-proptech-en-europe\/","url_meta":{"origin":6732,"position":1},"title":"Strat\u00e9gies de sortie pour les PropTech en Europe","date":"March 7, 2022","format":false,"excerpt":"Il existe aujourd'hui plus de 3 000 entreprises PropTech en Europe. Beaucoup d'entre elles, fond\u00e9es apr\u00e8s 2010, ont d'abord \u00e9t\u00e9 attir\u00e9es par la grande taille du march\u00e9 immobilier, et par l'opportunit\u00e9 de transformer une industrie qui n'a pas ressenti la pression de la digitalisation jusqu'\u00e0 r\u00e9cemment. Malheureusement, beaucoup de jeunes\u2026","rel":"","context":"Similar post","img":{"alt_text":"","src":"https:\/\/i0.wp.com\/www.investaura.co\/wordpress\/wp-content\/uploads\/2017\/01\/shutterstock_182278607.jpg?fit=1000%2C836&ssl=1&resize=350%2C200","width":350,"height":200},"classes":[]},{"id":5713,"url":"https:\/\/www.investaura.co\/wordpress\/boite-a-solutions\/expansion-vers-allemagne-via-cross-border-ma\/","url_meta":{"origin":6732,"position":2},"title":"Expansion internationale vers l&#8217;Allemagne par Fusion-Acquisition","date":"August 12, 2016","format":false,"excerpt":"De nombreuses PME europ\u00e9ennes ont atteint la limite de leur potentiel de croissance dans leur march\u00e9 national. L'expansion vers les pays frontaliers est une \u00e9tape naturelle pour beaucoup. Investaura aide actuellement plusieurs clients europ\u00e9ens \u00e0 s'\u00e9tablir en Allemagne par Fusions & Acquisitions (M&A). Dans une Europe aux prises \u00e0 une\u2026","rel":"","context":"Similar post","img":{"alt_text":"","src":"https:\/\/i0.wp.com\/www.investaura.co\/wordpress\/wp-content\/uploads\/2016\/09\/shutterstock_214025158_centered_narrower_smaller.jpg?fit=760%2C300&ssl=1&resize=350%2C200","width":350,"height":200},"classes":[]},{"id":5707,"url":"https:\/\/www.investaura.co\/wordpress\/boite-a-solutions\/budgetisation-et-previsions\/","url_meta":{"origin":6732,"position":3},"title":"Elaborations et pr\u00e9visions budg\u00e9taires","date":"March 2, 2016","format":false,"excerpt":"Investaura a r\u00e9cemment men\u00e9 \u00e0 bien un projet majeur d'\u00e9laboration budg\u00e9taire, de planification \u00e0 moyen terme, et de calcul des co\u00fbts des services pour un op\u00e9rateur t\u00e9l\u00e9com. L'\u00e9quipe responsable du budget \u00e9tait confront\u00e9e depuis longtemps aux limites de leur outil Excel, que personne ne comprenait plus vraiment et qui fournissait\u2026","rel":"","context":"Similar post","img":{"alt_text":"","src":"https:\/\/i0.wp.com\/www.investaura.co\/wordpress\/wp-content\/uploads\/2016\/03\/130614_Architecture.png?fit=1075%2C689&ssl=1&resize=350%2C200","width":350,"height":200},"classes":[]},{"id":6263,"url":"https:\/\/www.investaura.co\/wordpress\/nos-services\/fusions-et-acquisitions\/sell-side-dont-need-ma-conseiller\/","url_meta":{"origin":6732,"position":4},"title":"Sell-side: n&#8217;auriez-vous pas besoin d&#8217;un conseiller M&#038;A?","date":"April 4, 2017","format":false,"excerpt":"Vendre votre entreprise Dans le monde ultra concurrentiel d'aujourd'hui, la croissance et le profit sont les sources fondamentales de cr\u00e9ation de valeur pour les chefs d'entreprise et leurs actionnaires. Si votre soci\u00e9t\u00e9 ne grossit pas, vos concurrents eux se d\u00e9velopperont, et ils pourraient finir par \u00e9clipser et mettre en p\u00e9ril\u2026","rel":"","context":"Similar post","img":{"alt_text":"","src":"https:\/\/i0.wp.com\/www.investaura.co\/wordpress\/wp-content\/uploads\/shutterstock_139401482.jpg?fit=1000%2C554&ssl=1&resize=350%2C200","width":350,"height":200},"classes":[]},{"id":7921,"url":"https:\/\/www.investaura.co\/wordpress\/boite-a-solutions\/post-merger-integration\/","url_meta":{"origin":6732,"position":5},"title":"Int\u00e9gration post-fusion (PMI) en environnement international","date":"July 1, 2024","format":false,"excerpt":"Investaura a \u00e9t\u00e9 mandat\u00e9e pour int\u00e9grer un groupe de soci\u00e9t\u00e9s r\u00e9cemment acquises par une soci\u00e9t\u00e9 internationale suivant une strat\u00e9gie de buy & build. En tant qu'experts PMI, nous agissons en qualit\u00e9 de gestionnaire de projet, gestionnaire du changement et facilitateur. Nous comprenons les facteurs cl\u00e9s de r\u00e9ussite\u00a0: clart\u00e9 et la\u2026","rel":"","context":"Similar post","img":{"alt_text":"","src":"https:\/\/i0.wp.com\/www.investaura.co\/wordpress\/wp-content\/uploads\/2016\/09\/shutterstock_189544340.jpg?fit=1000%2C709&ssl=1&resize=350%2C200","width":350,"height":200},"classes":[]}],"jetpack_sharing_enabled":true,"_links":{"self":[{"href":"https:\/\/www.investaura.co\/wordpress\/wp-json\/wp\/v2\/pages\/6732"}],"collection":[{"href":"https:\/\/www.investaura.co\/wordpress\/wp-json\/wp\/v2\/pages"}],"about":[{"href":"https:\/\/www.investaura.co\/wordpress\/wp-json\/wp\/v2\/types\/page"}],"author":[{"embeddable":true,"href":"https:\/\/www.investaura.co\/wordpress\/wp-json\/wp\/v2\/users\/1"}],"replies":[{"embeddable":true,"href":"https:\/\/www.investaura.co\/wordpress\/wp-json\/wp\/v2\/comments?post=6732"}],"version-history":[{"count":10,"href":"https:\/\/www.investaura.co\/wordpress\/wp-json\/wp\/v2\/pages\/6732\/revisions"}],"predecessor-version":[{"id":6736,"href":"https:\/\/www.investaura.co\/wordpress\/wp-json\/wp\/v2\/pages\/6732\/revisions\/6736"}],"up":[{"embeddable":true,"href":"https:\/\/www.investaura.co\/wordpress\/wp-json\/wp\/v2\/pages\/5683"}],"wp:featuredmedia":[{"embeddable":true,"href":"https:\/\/www.investaura.co\/wordpress\/wp-json\/wp\/v2\/media\/6725"}],"wp:attachment":[{"href":"https:\/\/www.investaura.co\/wordpress\/wp-json\/wp\/v2\/media?parent=6732"}],"curies":[{"name":"wp","href":"https:\/\/api.w.org\/{rel}","templated":true}]}}