{"id":6308,"date":"2010-09-09T14:26:47","date_gmt":"2010-09-09T12:26:47","guid":{"rendered":"http:\/\/www.invest-aura.com\/wordpress\/?page_id=110"},"modified":"2018-05-02T12:56:43","modified_gmt":"2018-05-02T10:56:43","slug":"leistungsmanagement","status":"publish","type":"page","link":"https:\/\/www.investaura.co\/wordpress\/dienstleistungen\/beratung\/leistungsmanagement\/","title":{"rendered":"Performance Management"},"content":{"rendered":"<p>Investaura entwickelt leistungsstarke Gesch\u00e4ftsanwendungen f\u00fcr seine Kunden und nutzt dabei sein Know-how f\u00fcr erstklassige Softwareplattformen und seine umfassende ICT-Branchenexpertise.<\/p>\n<p>Der Einfluss f\u00fcr die Kunden besteht darin, besser zu verstehen, was in ihrem Gesch\u00e4ft passiert &#8211; Business Intelligence &#8211; und Ma\u00dfnahmen zu ergreifen, um die Leistung zu verbessern &#8211; Performance Management.<\/p>\n<hr \/>\n<p>Wir decken den folgenden Bereich ab:<\/p>\n<h5>Strategisches Leistungsmanagement<\/h5>\n<ul>\n<li>Strategie Optionen<\/li>\n<li>Balanced Scorecards<\/li>\n<li>Unternehmensleistung Dashboards<\/li>\n<li>Prozess\u00fcberpr\u00fcfung und Verbesserung<\/li>\n<\/ul>\n<h5>Finanzverwaltung<\/h5>\n<figure id=\"attachment_4337\" aria-describedby=\"caption-attachment-4337\" style=\"width: 297px\" class=\"wp-caption alignright\"><a href=\"http:\/\/www.investaura.co\/dienstleistungen\/performance-management-losungen\/\"><img data-attachment-id=\"4337\" data-permalink=\"https:\/\/www.investaura.co\/wordpress\/services\/consulting\/shutterstock_247165378\/\" data-orig-file=\"https:\/\/i0.wp.com\/www.investaura.co\/wordpress\/wp-content\/uploads\/2016\/02\/shutterstock_247165378.jpg?fit=1000%2C732&amp;ssl=1\" data-orig-size=\"1000,732\" data-comments-opened=\"0\" data-image-meta=\"{&quot;aperture&quot;:&quot;0&quot;,&quot;credit&quot;:&quot;&quot;,&quot;camera&quot;:&quot;&quot;,&quot;caption&quot;:&quot;&quot;,&quot;created_timestamp&quot;:&quot;0&quot;,&quot;copyright&quot;:&quot;&quot;,&quot;focal_length&quot;:&quot;0&quot;,&quot;iso&quot;:&quot;0&quot;,&quot;shutter_speed&quot;:&quot;0&quot;,&quot;title&quot;:&quot;&quot;,&quot;orientation&quot;:&quot;0&quot;}\" data-image-title=\"shutterstock_247165378\" data-image-description=\"\" data-image-caption=\"&lt;p&gt;Strategic Software solutions&lt;\/p&gt;\n\" data-medium-file=\"https:\/\/i0.wp.com\/www.investaura.co\/wordpress\/wp-content\/uploads\/2016\/02\/shutterstock_247165378.jpg?fit=300%2C220&amp;ssl=1\" data-large-file=\"https:\/\/i0.wp.com\/www.investaura.co\/wordpress\/wp-content\/uploads\/2016\/02\/shutterstock_247165378.jpg?fit=720%2C527&amp;ssl=1\" decoding=\"async\" loading=\"lazy\" class=\"wp-image-4337\" src=\"https:\/\/i0.wp.com\/www.invest-aura.com\/wordpress\/wp-content\/uploads\/2016\/02\/shutterstock_247165378-300x220.jpg?resize=297%2C217\" alt=\"shutterstock_247165378\" width=\"297\" height=\"217\" srcset=\"https:\/\/i0.wp.com\/www.investaura.co\/wordpress\/wp-content\/uploads\/2016\/02\/shutterstock_247165378.jpg?resize=300%2C220&amp;ssl=1 300w, https:\/\/i0.wp.com\/www.investaura.co\/wordpress\/wp-content\/uploads\/2016\/02\/shutterstock_247165378.jpg?resize=150%2C110&amp;ssl=1 150w, https:\/\/i0.wp.com\/www.investaura.co\/wordpress\/wp-content\/uploads\/2016\/02\/shutterstock_247165378.jpg?w=1000&amp;ssl=1 1000w\" sizes=\"(max-width: 297px) 100vw, 297px\" data-recalc-dims=\"1\" \/><\/a><figcaption id=\"caption-attachment-4337\" class=\"wp-caption-text\">&gt;&gt; Sehen Sie sich die Softwareplattformen an, die wir verwenden<\/figcaption><\/figure>\n<ul>\n<li>Unternehmensplanung (5-10 Jahre)<\/li>\n<li>Budgetierung und Prognosen<\/li>\n<li>Prozesskostenrechnung und Ergebnisrechnung<\/li>\n<li>Finanzielle Konsolidierung und Berichterstattung<\/li>\n<\/ul>\n<h5>Kommerzielles Management<\/h5>\n<ul>\n<li>Customer Lifecycle Management<\/li>\n<li>ARPU-Steigerung, Cross-Selling und Up-Selling<\/li>\n<li>Abwanderungsvorhersage und Kundenbindung<\/li>\n<li>Treueprogramm<\/li>\n<li>Preissimulation und -optimierung<\/li>\n<\/ul>\n<hr \/>\n<p>Unsere L\u00f6sungen kombinieren das Beste der Beratung mit dem Besten der Software.\u00a0Sie beinhalten:<\/p>\n<ul>\n<li><a href=\"http:\/\/www.investaura.co\/dienstleistungen\/performance-management-losungen\/adaptive-planing\/\">Budgetierung, Planung und EPM<\/a><\/li>\n<li><a title=\"proDacapo Softwarel\u00f6sungen\" href=\"http:\/\/www.investaura.co\/dienstleistungen\/performance-management-losungen\/prodacapo-softwarelosungen\/\">Prozesskostenrechnung, Ergebnisrechnung und Balanced Scorecards<\/a><\/li>\n<li><a title=\"Servicekosten\" href=\"http:\/\/www.investaura.co\/dienstleistungen\/performance-management-losungen\/stem-business-modellierung\/\">IKT-Modellierung, Kapitalbudgetierung und Kostenrechnung<\/a><\/li>\n<\/ul>\n<hr \/>\n","protected":false},"excerpt":{"rendered":"<p>Investaura entwickelt leistungsstarke Gesch\u00e4ftsanwendungen f\u00fcr seine Kunden und nutzt dabei sein Know-how f\u00fcr erstklassige Softwareplattformen und seine umfassende ICT-Branchenexpertise. Der Einfluss f\u00fcr die Kunden besteht darin, besser zu verstehen, was in ihrem Gesch\u00e4ft passiert &#8211; Business Intelligence &#8211; und Ma\u00dfnahmen&#8230; <\/p>\n<div class=\"more-link-container\"><a class=\"more-link\" href=\"https:\/\/www.investaura.co\/wordpress\/dienstleistungen\/beratung\/leistungsmanagement\/\">Read More<\/a><\/div>\n","protected":false},"author":1,"featured_media":4198,"parent":5753,"menu_order":49,"comment_status":"closed","ping_status":"closed","template":"","meta":{"jetpack_post_was_ever_published":false},"yoast_head":"<!-- This site is optimized with the Yoast SEO plugin v20.4 - https:\/\/yoast.com\/wordpress\/plugins\/seo\/ -->\n<title>Performance Management | Investaura<\/title>\n<meta name=\"robots\" content=\"index, follow, max-snippet:-1, max-image-preview:large, max-video-preview:-1\" \/>\n<link rel=\"canonical\" href=\"https:\/\/www.investaura.co\/wordpress\/dienstleistungen\/beratung\/leistungsmanagement\/\" \/>\n<meta property=\"og:locale\" content=\"en_GB\" \/>\n<meta property=\"og:type\" content=\"article\" \/>\n<meta property=\"og:title\" content=\"Performance Management | Investaura\" \/>\n<meta property=\"og:description\" content=\"Investaura entwickelt leistungsstarke Gesch\u00e4ftsanwendungen f\u00fcr seine Kunden und nutzt dabei sein Know-how f\u00fcr erstklassige Softwareplattformen und seine umfassende ICT-Branchenexpertise. Der Einfluss f\u00fcr die Kunden besteht darin, besser zu verstehen, was in ihrem Gesch\u00e4ft passiert &#8211; Business Intelligence &#8211; und Ma\u00dfnahmen... Read More\" \/>\n<meta property=\"og:url\" content=\"https:\/\/www.investaura.co\/wordpress\/dienstleistungen\/beratung\/leistungsmanagement\/\" \/>\n<meta property=\"og:site_name\" content=\"Investaura\" \/>\n<meta property=\"article:modified_time\" content=\"2018-05-02T10:56:43+00:00\" \/>\n<meta property=\"og:image\" content=\"https:\/\/i0.wp.com\/www.investaura.co\/wordpress\/wp-content\/uploads\/2016\/02\/shutterstock_282394148_smaller.jpg?fit=1024%2C683&ssl=1\" \/>\n\t<meta property=\"og:image:width\" content=\"1024\" \/>\n\t<meta property=\"og:image:height\" content=\"683\" \/>\n\t<meta property=\"og:image:type\" content=\"image\/jpeg\" \/>\n<meta name=\"twitter:card\" content=\"summary_large_image\" \/>\n<meta name=\"twitter:label1\" content=\"Estimated reading time\" \/>\n\t<meta name=\"twitter:data1\" content=\"1 minute\" \/>\n<script type=\"application\/ld+json\" class=\"yoast-schema-graph\">{\"@context\":\"https:\/\/schema.org\",\"@graph\":[{\"@type\":\"WebPage\",\"@id\":\"https:\/\/www.investaura.co\/wordpress\/dienstleistungen\/beratung\/leistungsmanagement\/\",\"url\":\"https:\/\/www.investaura.co\/wordpress\/dienstleistungen\/beratung\/leistungsmanagement\/\",\"name\":\"Performance Management | Investaura\",\"isPartOf\":{\"@id\":\"https:\/\/www.investaura.co\/wordpress\/#website\"},\"datePublished\":\"2010-09-09T12:26:47+00:00\",\"dateModified\":\"2018-05-02T10:56:43+00:00\",\"breadcrumb\":{\"@id\":\"https:\/\/www.investaura.co\/wordpress\/dienstleistungen\/beratung\/leistungsmanagement\/#breadcrumb\"},\"inLanguage\":\"en-GB\",\"potentialAction\":[{\"@type\":\"ReadAction\",\"target\":[\"https:\/\/www.investaura.co\/wordpress\/dienstleistungen\/beratung\/leistungsmanagement\/\"]}]},{\"@type\":\"BreadcrumbList\",\"@id\":\"https:\/\/www.investaura.co\/wordpress\/dienstleistungen\/beratung\/leistungsmanagement\/#breadcrumb\",\"itemListElement\":[{\"@type\":\"ListItem\",\"position\":1,\"name\":\"Home\",\"item\":\"https:\/\/www.investaura.co\/wordpress\/\"},{\"@type\":\"ListItem\",\"position\":2,\"name\":\"Leistungen\",\"item\":\"https:\/\/www.investaura.co\/wordpress\/dienstleistungen\/\"},{\"@type\":\"ListItem\",\"position\":3,\"name\":\"Strategieberatung\",\"item\":\"https:\/\/www.investaura.co\/wordpress\/dienstleistungen\/beratung\/\"},{\"@type\":\"ListItem\",\"position\":4,\"name\":\"Performance Management\"}]},{\"@type\":\"WebSite\",\"@id\":\"https:\/\/www.investaura.co\/wordpress\/#website\",\"url\":\"https:\/\/www.investaura.co\/wordpress\/\",\"name\":\"Investaura\",\"description\":\"The Value Creation Consultants\",\"publisher\":{\"@id\":\"https:\/\/www.investaura.co\/wordpress\/#organization\"},\"potentialAction\":[{\"@type\":\"SearchAction\",\"target\":{\"@type\":\"EntryPoint\",\"urlTemplate\":\"https:\/\/www.investaura.co\/wordpress\/?s={search_term_string}\"},\"query-input\":\"required name=search_term_string\"}],\"inLanguage\":\"en-GB\"},{\"@type\":\"Organization\",\"@id\":\"https:\/\/www.investaura.co\/wordpress\/#organization\",\"name\":\"Investaura\",\"url\":\"https:\/\/www.investaura.co\/wordpress\/\",\"logo\":{\"@type\":\"ImageObject\",\"inLanguage\":\"en-GB\",\"@id\":\"https:\/\/www.investaura.co\/wordpress\/#\/schema\/logo\/image\/\",\"url\":\"https:\/\/i0.wp.com\/www.investaura.co\/wordpress\/wp-content\/uploads\/Logo-INVESTAURA_RGB-blau-e1450351498844.jpg?fit=256%2C90&ssl=1\",\"contentUrl\":\"https:\/\/i0.wp.com\/www.investaura.co\/wordpress\/wp-content\/uploads\/Logo-INVESTAURA_RGB-blau-e1450351498844.jpg?fit=256%2C90&ssl=1\",\"width\":256,\"height\":90,\"caption\":\"Investaura\"},\"image\":{\"@id\":\"https:\/\/www.investaura.co\/wordpress\/#\/schema\/logo\/image\/\"},\"sameAs\":[\"https:\/\/www.linkedin.com\/company\/1229653\"]}]}<\/script>\n<!-- \/ Yoast SEO plugin. -->","yoast_head_json":{"title":"Performance Management | Investaura","robots":{"index":"index","follow":"follow","max-snippet":"max-snippet:-1","max-image-preview":"max-image-preview:large","max-video-preview":"max-video-preview:-1"},"canonical":"https:\/\/www.investaura.co\/wordpress\/dienstleistungen\/beratung\/leistungsmanagement\/","og_locale":"en_GB","og_type":"article","og_title":"Performance Management | Investaura","og_description":"Investaura entwickelt leistungsstarke Gesch\u00e4ftsanwendungen f\u00fcr seine Kunden und nutzt dabei sein Know-how f\u00fcr erstklassige Softwareplattformen und seine umfassende ICT-Branchenexpertise. Der Einfluss f\u00fcr die Kunden besteht darin, besser zu verstehen, was in ihrem Gesch\u00e4ft passiert &#8211; Business Intelligence &#8211; und Ma\u00dfnahmen... Read More","og_url":"https:\/\/www.investaura.co\/wordpress\/dienstleistungen\/beratung\/leistungsmanagement\/","og_site_name":"Investaura","article_modified_time":"2018-05-02T10:56:43+00:00","og_image":[{"width":1024,"height":683,"url":"https:\/\/i0.wp.com\/www.investaura.co\/wordpress\/wp-content\/uploads\/2016\/02\/shutterstock_282394148_smaller.jpg?fit=1024%2C683&ssl=1","type":"image\/jpeg"}],"twitter_card":"summary_large_image","twitter_misc":{"Estimated reading time":"1 minute"},"schema":{"@context":"https:\/\/schema.org","@graph":[{"@type":"WebPage","@id":"https:\/\/www.investaura.co\/wordpress\/dienstleistungen\/beratung\/leistungsmanagement\/","url":"https:\/\/www.investaura.co\/wordpress\/dienstleistungen\/beratung\/leistungsmanagement\/","name":"Performance Management | Investaura","isPartOf":{"@id":"https:\/\/www.investaura.co\/wordpress\/#website"},"datePublished":"2010-09-09T12:26:47+00:00","dateModified":"2018-05-02T10:56:43+00:00","breadcrumb":{"@id":"https:\/\/www.investaura.co\/wordpress\/dienstleistungen\/beratung\/leistungsmanagement\/#breadcrumb"},"inLanguage":"en-GB","potentialAction":[{"@type":"ReadAction","target":["https:\/\/www.investaura.co\/wordpress\/dienstleistungen\/beratung\/leistungsmanagement\/"]}]},{"@type":"BreadcrumbList","@id":"https:\/\/www.investaura.co\/wordpress\/dienstleistungen\/beratung\/leistungsmanagement\/#breadcrumb","itemListElement":[{"@type":"ListItem","position":1,"name":"Home","item":"https:\/\/www.investaura.co\/wordpress\/"},{"@type":"ListItem","position":2,"name":"Leistungen","item":"https:\/\/www.investaura.co\/wordpress\/dienstleistungen\/"},{"@type":"ListItem","position":3,"name":"Strategieberatung","item":"https:\/\/www.investaura.co\/wordpress\/dienstleistungen\/beratung\/"},{"@type":"ListItem","position":4,"name":"Performance Management"}]},{"@type":"WebSite","@id":"https:\/\/www.investaura.co\/wordpress\/#website","url":"https:\/\/www.investaura.co\/wordpress\/","name":"Investaura","description":"The Value Creation Consultants","publisher":{"@id":"https:\/\/www.investaura.co\/wordpress\/#organization"},"potentialAction":[{"@type":"SearchAction","target":{"@type":"EntryPoint","urlTemplate":"https:\/\/www.investaura.co\/wordpress\/?s={search_term_string}"},"query-input":"required name=search_term_string"}],"inLanguage":"en-GB"},{"@type":"Organization","@id":"https:\/\/www.investaura.co\/wordpress\/#organization","name":"Investaura","url":"https:\/\/www.investaura.co\/wordpress\/","logo":{"@type":"ImageObject","inLanguage":"en-GB","@id":"https:\/\/www.investaura.co\/wordpress\/#\/schema\/logo\/image\/","url":"https:\/\/i0.wp.com\/www.investaura.co\/wordpress\/wp-content\/uploads\/Logo-INVESTAURA_RGB-blau-e1450351498844.jpg?fit=256%2C90&ssl=1","contentUrl":"https:\/\/i0.wp.com\/www.investaura.co\/wordpress\/wp-content\/uploads\/Logo-INVESTAURA_RGB-blau-e1450351498844.jpg?fit=256%2C90&ssl=1","width":256,"height":90,"caption":"Investaura"},"image":{"@id":"https:\/\/www.investaura.co\/wordpress\/#\/schema\/logo\/image\/"},"sameAs":["https:\/\/www.linkedin.com\/company\/1229653"]}]}},"jetpack_shortlink":"https:\/\/wp.me\/P7ecno-1DK","jetpack-related-posts":[{"id":5760,"url":"https:\/\/www.investaura.co\/wordpress\/dienstleistungen\/performance-management-losungen\/","url_meta":{"origin":6308,"position":0},"title":"Performance-Management","date":"September 9, 2010","format":false,"excerpt":"Investaura bietet seinen Kunden leistungsf\u00e4hige Gesch\u00e4ftsanwendungen und nutzt dabei das Know-how der besten Softwareplattformen und die umfassende Expertise der Tech-Branche. Die Auswirkungen f\u00fcr die Kunden bestehen darin, besser zu verstehen, was in ihrem Gesch\u00e4ft vor sich geht, und Ma\u00dfnahmen zu ergreifen, um ihre Leistung zu verbessern. Zus\u00e4tzlich zu den Excel-basierten\u2026","rel":"","context":"Similar post","img":{"alt_text":"","src":"https:\/\/i0.wp.com\/www.investaura.co\/wordpress\/wp-content\/uploads\/2010\/09\/shutterstock_251280265_smaller.jpg?fit=1024%2C678&ssl=1&resize=350%2C200","width":350,"height":200},"classes":[]},{"id":5753,"url":"https:\/\/www.investaura.co\/wordpress\/dienstleistungen\/beratung\/","url_meta":{"origin":6308,"position":1},"title":"Strategieberatung","date":"September 8, 2010","format":false,"excerpt":"Wir leiten strategische Initiativen, identifizieren Wertsch\u00f6pfungsm\u00f6glichkeiten und arbeiten mit den F\u00fchrungskr\u00e4ften unserer Kunden zusammen, um sowohl die kurzfristige als auch die langfristige Unternehmensleistung zu verbessern. Unsere Berater sind erfahrene Fachleute mit umfassender operativer Erfahrung. Wir bringen unsere positive Einstellung ein: Wir haben Unternehmergeist, sind umsetzungsorientiert und \u00fcbernehmen die Verantwortung f\u00fcr\u2026","rel":"","context":"Similar post","img":{"alt_text":"","src":"https:\/\/i0.wp.com\/www.investaura.co\/wordpress\/wp-content\/uploads\/2016\/02\/shutterstock_282394148_smaller.jpg?fit=1024%2C683&ssl=1&resize=350%2C200","width":350,"height":200},"classes":[]},{"id":6226,"url":"https:\/\/www.investaura.co\/wordpress\/dienstleistungen\/performance-management-losungen\/assoziierte-unternehmen\/","url_meta":{"origin":6308,"position":2},"title":"Trusted Software-Partner","date":"September 9, 2010","format":false,"excerpt":"Investaura Management Consultants hat 3 Softwareanbieter ausgew\u00e4hlt, die das eigene Kerngesch\u00e4ft erg\u00e4nzen und mit denen wir ausgezeichnete Beziehungen unterhalten: Prodacapo bietet Softwarel\u00f6sungen f\u00fcr die Prozesskostenrechnung und -verbesserung.\u00a0Die Prodacapo-Suite enth\u00e4lt Anwendungen f\u00fcr das aktivit\u00e4tsbasierte Management, Rentabilit\u00e4tsanalysen, Planung, Balanced Scorecard und Prozessmanagement.\u00a0Die Software und Methodik des Unternehmens basiert auf 20 Jahren Erfahrung,\u2026","rel":"","context":"Similar post","img":{"alt_text":"","src":"https:\/\/i0.wp.com\/www.investaura.co\/wordpress\/wp-content\/uploads\/2016\/02\/shutterstock_247165378.jpg?fit=1000%2C732&ssl=1&resize=350%2C200","width":350,"height":200},"classes":[]},{"id":5677,"url":"https:\/\/www.investaura.co\/wordpress\/losungen\/intelligent-transportation-systems-its-german\/","url_meta":{"origin":6308,"position":3},"title":"Mega-Deals f\u00fcr ITS Projekte gewinnen","date":"January 18, 2017","format":false,"excerpt":"Der globale Markt f\u00fcr Intelligent Transportation Systems (ITS) wird voraussichtlich um 12% pro Jahr von 36 Mrd. $ im Jahr 2015 auf 64 Mrd. $ im Jahr 2020 wachsen. Die Finanzierung der Verkehrs-infrastruktur \u00fcber Maut-Zahlungsl\u00f6sungen stellt dabei den Hauptteil dieses Marktsegments. Wir wissen, was es f\u00fcr ein Unternehmen braucht, um\u2026","rel":"","context":"Similar post","img":{"alt_text":"","src":"https:\/\/i0.wp.com\/www.investaura.co\/wordpress\/wp-content\/uploads\/2022\/03\/PropTech_small.jpg?fit=1024%2C683&ssl=1&resize=350%2C200","width":350,"height":200},"classes":[]},{"id":5704,"url":"https:\/\/www.investaura.co\/wordpress\/losungen\/kunde-produkt-kalkulation-rentabilitat-analyse\/","url_meta":{"origin":6308,"position":4},"title":"Prozesskostenrechnung und Wirtschaftlichkeitsanalyse von Produkten und Kunden","date":"February 1, 2018","format":false,"excerpt":"Investaura freut sich, sein neues Whitepaper zur Prozesskostenrechnung und Rentabilit\u00e4tsanalyse vorstellen zu k\u00f6nnen, das eine Schritt-f\u00fcr-Schritt-Roadmap f\u00fcr eine erfolgreiche Implementierung \u00fcber einen Zeitraum von 5 Wochen bietet. Service Costing hat den Ruf, dass es kompliziert und zeitaufw\u00e4ndig zu implementieren ist. Es muss nicht so sein. Unter Verwendung des eTOM-Gesch\u00e4ftsprozess-Frameworks f\u00fcr\u2026","rel":"","context":"Similar post","img":{"alt_text":"","src":"https:\/\/i0.wp.com\/www.investaura.co\/wordpress\/wp-content\/uploads\/2018\/02\/tracings.png?fit=1200%2C576&ssl=1&resize=350%2C200","width":350,"height":200},"classes":[]}],"jetpack_sharing_enabled":true,"_links":{"self":[{"href":"https:\/\/www.investaura.co\/wordpress\/wp-json\/wp\/v2\/pages\/6308"}],"collection":[{"href":"https:\/\/www.investaura.co\/wordpress\/wp-json\/wp\/v2\/pages"}],"about":[{"href":"https:\/\/www.investaura.co\/wordpress\/wp-json\/wp\/v2\/types\/page"}],"author":[{"embeddable":true,"href":"https:\/\/www.investaura.co\/wordpress\/wp-json\/wp\/v2\/users\/1"}],"replies":[{"embeddable":true,"href":"https:\/\/www.investaura.co\/wordpress\/wp-json\/wp\/v2\/comments?post=6308"}],"version-history":[{"count":7,"href":"https:\/\/www.investaura.co\/wordpress\/wp-json\/wp\/v2\/pages\/6308\/revisions"}],"predecessor-version":[{"id":6554,"href":"https:\/\/www.investaura.co\/wordpress\/wp-json\/wp\/v2\/pages\/6308\/revisions\/6554"}],"up":[{"embeddable":true,"href":"https:\/\/www.investaura.co\/wordpress\/wp-json\/wp\/v2\/pages\/5753"}],"wp:featuredmedia":[{"embeddable":true,"href":"https:\/\/www.investaura.co\/wordpress\/wp-json\/wp\/v2\/media\/4198"}],"wp:attachment":[{"href":"https:\/\/www.investaura.co\/wordpress\/wp-json\/wp\/v2\/media?parent=6308"}],"curies":[{"name":"wp","href":"https:\/\/api.w.org\/{rel}","templated":true}]}}