{"id":6307,"date":"2010-09-09T14:26:47","date_gmt":"2010-09-09T12:26:47","guid":{"rendered":"http:\/\/www.invest-aura.com\/wordpress\/?page_id=110"},"modified":"2018-04-17T22:36:50","modified_gmt":"2018-04-17T20:36:50","slug":"la-gestion-du-rendement","status":"publish","type":"page","link":"https:\/\/www.investaura.co\/wordpress\/nos-services\/conseil\/la-gestion-du-rendement\/","title":{"rendered":"Gestion de la performance"},"content":{"rendered":"<p>Investaura d\u00e9veloppe des applications professionnelles sophistiqu\u00e9es pour ses clients, en s&#8217;appuyant sur les meilleures plateformes logicielles du march\u00e9 et sur son expertise approfondie de l&#8217;industrie des TIC.<\/p>\n<p>L&#8217;impact pour les clients est de mieux comprendre ce qui se passe dans leur entreprise &#8211; Business Intelligence &#8211; et de prendre des mesures pour am\u00e9liorer la performance &#8211; Performance Management.<\/p>\n<hr \/>\n<p>Nous couvrons les domaines suivants:<\/p>\n<h5>Gestion strat\u00e9gique du rendement<\/h5>\n<ul>\n<li>Strategy maps<\/li>\n<li>Balanced Scorecards<\/li>\n<li>Tableaux de bord de mesure de la performance<\/li>\n<li>Analyse et am\u00e9lioration des processus<\/li>\n<\/ul>\n<h5>Direction financi\u00e8re<\/h5>\n<figure id=\"attachment_4337\" aria-describedby=\"caption-attachment-4337\" style=\"width: 297px\" class=\"wp-caption alignright\"><a href=\"http:\/\/www.investaura.co\/nos-services\/performance-management-solutions\/\"><img data-attachment-id=\"4337\" data-permalink=\"https:\/\/www.investaura.co\/wordpress\/services\/consulting\/shutterstock_247165378\/\" data-orig-file=\"https:\/\/i0.wp.com\/www.investaura.co\/wordpress\/wp-content\/uploads\/2016\/02\/shutterstock_247165378.jpg?fit=1000%2C732&amp;ssl=1\" data-orig-size=\"1000,732\" data-comments-opened=\"0\" data-image-meta=\"{&quot;aperture&quot;:&quot;0&quot;,&quot;credit&quot;:&quot;&quot;,&quot;camera&quot;:&quot;&quot;,&quot;caption&quot;:&quot;&quot;,&quot;created_timestamp&quot;:&quot;0&quot;,&quot;copyright&quot;:&quot;&quot;,&quot;focal_length&quot;:&quot;0&quot;,&quot;iso&quot;:&quot;0&quot;,&quot;shutter_speed&quot;:&quot;0&quot;,&quot;title&quot;:&quot;&quot;,&quot;orientation&quot;:&quot;0&quot;}\" data-image-title=\"shutterstock_247165378\" data-image-description=\"\" data-image-caption=\"&lt;p&gt;Strategic Software solutions&lt;\/p&gt;\n\" data-medium-file=\"https:\/\/i0.wp.com\/www.investaura.co\/wordpress\/wp-content\/uploads\/2016\/02\/shutterstock_247165378.jpg?fit=300%2C220&amp;ssl=1\" data-large-file=\"https:\/\/i0.wp.com\/www.investaura.co\/wordpress\/wp-content\/uploads\/2016\/02\/shutterstock_247165378.jpg?fit=720%2C527&amp;ssl=1\" decoding=\"async\" loading=\"lazy\" class=\"wp-image-4337\" src=\"https:\/\/i0.wp.com\/www.invest-aura.com\/wordpress\/wp-content\/uploads\/2016\/02\/shutterstock_247165378-300x220.jpg?resize=297%2C217\" alt=\"shutterstock_247165378\" width=\"297\" height=\"217\" srcset=\"https:\/\/i0.wp.com\/www.investaura.co\/wordpress\/wp-content\/uploads\/2016\/02\/shutterstock_247165378.jpg?resize=300%2C220&amp;ssl=1 300w, https:\/\/i0.wp.com\/www.investaura.co\/wordpress\/wp-content\/uploads\/2016\/02\/shutterstock_247165378.jpg?resize=150%2C110&amp;ssl=1 150w, https:\/\/i0.wp.com\/www.investaura.co\/wordpress\/wp-content\/uploads\/2016\/02\/shutterstock_247165378.jpg?w=1000&amp;ssl=1 1000w\" sizes=\"(max-width: 297px) 100vw, 297px\" data-recalc-dims=\"1\" \/><\/a><figcaption id=\"caption-attachment-4337\" class=\"wp-caption-text\">&gt;&gt; Voir les plateformes logicielles que nous utilisons<\/figcaption><\/figure>\n<ul>\n<li>Planification d&#8217;entreprise (business plan \u00e0 5-10 ans)<\/li>\n<li>Budg\u00e9tisation et pr\u00e9vision<\/li>\n<li>Gestion des co\u00fbts et de la rentabilit\u00e9 des activit\u00e9s<\/li>\n<li>Profitabilit\u00e9 des clients et des produits<\/li>\n<li>Consolidation financi\u00e8re et reporting<\/li>\n<\/ul>\n<h5>Direction commerciale<\/h5>\n<ul>\n<li>Gestion du cycle de vie du client<\/li>\n<li>Augmentation de l&#8217;ARPU, des ventes crois\u00e9es et des ventes incitatives<\/li>\n<li>Pr\u00e9vision de churn et fid\u00e9lisation de la client\u00e8le<\/li>\n<li>Programme de fid\u00e9lisation<\/li>\n<li>Simulation et optimisation des tarifs<\/li>\n<\/ul>\n<hr \/>\n<p>Les solutions mises en place par Investaura combinent &#8216;le meilleur du conseil&#8217; avec &#8216;les meilleurs logiciels&#8217;. Quelques \u00e9tudes de cas:<\/p>\n<ul>\n<li><a href=\"http:\/\/www.investaura.co\/nos-services\/performance-management-solutions\/adaptive-planning\/\">Budg\u00e9tisation, planification et EPM<\/a><\/li>\n<li><a title=\"Solutions logicielles proDacapo\" href=\"http:\/\/www.investaura.co\/nos-services\/performance-management-solutions\/prodacapo-software-solutions\/\">Processus d&#8217;\u00e9tablissement des co\u00fbts, gestion de la rentabilit\u00e9 et tableaux de bord prospectifs<\/a><\/li>\n<li><a title=\"Co\u00fbt du service\" href=\"http:\/\/www.investaura.co\/nos-services\/performance-management-solutions\/stem-business-modeling\/\">Simulation d&#8217;entreprise, budg\u00e9tisation des CAPEX &amp; OPEX, et calcul des co\u00fbts des services<\/a><\/li>\n<\/ul>\n<hr \/>\n","protected":false},"excerpt":{"rendered":"<p>Investaura d\u00e9veloppe des applications professionnelles sophistiqu\u00e9es pour ses clients, en s&#8217;appuyant sur les meilleures plateformes logicielles du march\u00e9 et sur son expertise approfondie de l&#8217;industrie des TIC. L&#8217;impact pour les clients est de mieux comprendre ce qui se passe dans&#8230; <\/p>\n<div class=\"more-link-container\"><a class=\"more-link\" href=\"https:\/\/www.investaura.co\/wordpress\/nos-services\/conseil\/la-gestion-du-rendement\/\">Read More<\/a><\/div>\n","protected":false},"author":1,"featured_media":4198,"parent":5752,"menu_order":49,"comment_status":"closed","ping_status":"closed","template":"","meta":{"jetpack_post_was_ever_published":false},"yoast_head":"<!-- This site is optimized with the Yoast SEO plugin v20.4 - https:\/\/yoast.com\/wordpress\/plugins\/seo\/ -->\n<title>Gestion de la performance | Investaura<\/title>\n<meta name=\"robots\" content=\"index, follow, max-snippet:-1, max-image-preview:large, max-video-preview:-1\" \/>\n<link rel=\"canonical\" href=\"https:\/\/www.investaura.co\/wordpress\/nos-services\/conseil\/la-gestion-du-rendement\/\" \/>\n<meta property=\"og:locale\" content=\"en_GB\" \/>\n<meta property=\"og:type\" content=\"article\" \/>\n<meta property=\"og:title\" content=\"Gestion de la performance | Investaura\" \/>\n<meta property=\"og:description\" content=\"Investaura d\u00e9veloppe des applications professionnelles sophistiqu\u00e9es pour ses clients, en s&#8217;appuyant sur les meilleures plateformes logicielles du march\u00e9 et sur son expertise approfondie de l&#8217;industrie des TIC. L&#8217;impact pour les clients est de mieux comprendre ce qui se passe dans... Read More\" \/>\n<meta property=\"og:url\" content=\"https:\/\/www.investaura.co\/wordpress\/nos-services\/conseil\/la-gestion-du-rendement\/\" \/>\n<meta property=\"og:site_name\" content=\"Investaura\" \/>\n<meta property=\"article:modified_time\" content=\"2018-04-17T20:36:50+00:00\" \/>\n<meta property=\"og:image\" content=\"https:\/\/i0.wp.com\/www.investaura.co\/wordpress\/wp-content\/uploads\/2016\/02\/shutterstock_282394148_smaller.jpg?fit=1024%2C683&ssl=1\" \/>\n\t<meta property=\"og:image:width\" content=\"1024\" \/>\n\t<meta property=\"og:image:height\" content=\"683\" \/>\n\t<meta property=\"og:image:type\" content=\"image\/jpeg\" \/>\n<meta name=\"twitter:card\" content=\"summary_large_image\" \/>\n<meta name=\"twitter:label1\" content=\"Estimated reading time\" \/>\n\t<meta name=\"twitter:data1\" content=\"1 minute\" \/>\n<script type=\"application\/ld+json\" class=\"yoast-schema-graph\">{\"@context\":\"https:\/\/schema.org\",\"@graph\":[{\"@type\":\"WebPage\",\"@id\":\"https:\/\/www.investaura.co\/wordpress\/nos-services\/conseil\/la-gestion-du-rendement\/\",\"url\":\"https:\/\/www.investaura.co\/wordpress\/nos-services\/conseil\/la-gestion-du-rendement\/\",\"name\":\"Gestion de la performance | Investaura\",\"isPartOf\":{\"@id\":\"https:\/\/www.investaura.co\/wordpress\/#website\"},\"datePublished\":\"2010-09-09T12:26:47+00:00\",\"dateModified\":\"2018-04-17T20:36:50+00:00\",\"breadcrumb\":{\"@id\":\"https:\/\/www.investaura.co\/wordpress\/nos-services\/conseil\/la-gestion-du-rendement\/#breadcrumb\"},\"inLanguage\":\"en-GB\",\"potentialAction\":[{\"@type\":\"ReadAction\",\"target\":[\"https:\/\/www.investaura.co\/wordpress\/nos-services\/conseil\/la-gestion-du-rendement\/\"]}]},{\"@type\":\"BreadcrumbList\",\"@id\":\"https:\/\/www.investaura.co\/wordpress\/nos-services\/conseil\/la-gestion-du-rendement\/#breadcrumb\",\"itemListElement\":[{\"@type\":\"ListItem\",\"position\":1,\"name\":\"Home\",\"item\":\"https:\/\/www.investaura.co\/wordpress\/\"},{\"@type\":\"ListItem\",\"position\":2,\"name\":\"Services\",\"item\":\"https:\/\/www.investaura.co\/wordpress\/nos-services\/\"},{\"@type\":\"ListItem\",\"position\":3,\"name\":\"Conseil en strat\u00e9gie\",\"item\":\"https:\/\/www.investaura.co\/wordpress\/nos-services\/conseil\/\"},{\"@type\":\"ListItem\",\"position\":4,\"name\":\"Gestion de la performance\"}]},{\"@type\":\"WebSite\",\"@id\":\"https:\/\/www.investaura.co\/wordpress\/#website\",\"url\":\"https:\/\/www.investaura.co\/wordpress\/\",\"name\":\"Investaura\",\"description\":\"The Value Creation Consultants\",\"publisher\":{\"@id\":\"https:\/\/www.investaura.co\/wordpress\/#organization\"},\"potentialAction\":[{\"@type\":\"SearchAction\",\"target\":{\"@type\":\"EntryPoint\",\"urlTemplate\":\"https:\/\/www.investaura.co\/wordpress\/?s={search_term_string}\"},\"query-input\":\"required name=search_term_string\"}],\"inLanguage\":\"en-GB\"},{\"@type\":\"Organization\",\"@id\":\"https:\/\/www.investaura.co\/wordpress\/#organization\",\"name\":\"Investaura\",\"url\":\"https:\/\/www.investaura.co\/wordpress\/\",\"logo\":{\"@type\":\"ImageObject\",\"inLanguage\":\"en-GB\",\"@id\":\"https:\/\/www.investaura.co\/wordpress\/#\/schema\/logo\/image\/\",\"url\":\"https:\/\/i0.wp.com\/www.investaura.co\/wordpress\/wp-content\/uploads\/Logo-INVESTAURA_RGB-blau-e1450351498844.jpg?fit=256%2C90&ssl=1\",\"contentUrl\":\"https:\/\/i0.wp.com\/www.investaura.co\/wordpress\/wp-content\/uploads\/Logo-INVESTAURA_RGB-blau-e1450351498844.jpg?fit=256%2C90&ssl=1\",\"width\":256,\"height\":90,\"caption\":\"Investaura\"},\"image\":{\"@id\":\"https:\/\/www.investaura.co\/wordpress\/#\/schema\/logo\/image\/\"},\"sameAs\":[\"https:\/\/www.linkedin.com\/company\/1229653\"]}]}<\/script>\n<!-- \/ Yoast SEO plugin. -->","yoast_head_json":{"title":"Gestion de la performance | Investaura","robots":{"index":"index","follow":"follow","max-snippet":"max-snippet:-1","max-image-preview":"max-image-preview:large","max-video-preview":"max-video-preview:-1"},"canonical":"https:\/\/www.investaura.co\/wordpress\/nos-services\/conseil\/la-gestion-du-rendement\/","og_locale":"en_GB","og_type":"article","og_title":"Gestion de la performance | Investaura","og_description":"Investaura d\u00e9veloppe des applications professionnelles sophistiqu\u00e9es pour ses clients, en s&#8217;appuyant sur les meilleures plateformes logicielles du march\u00e9 et sur son expertise approfondie de l&#8217;industrie des TIC. L&#8217;impact pour les clients est de mieux comprendre ce qui se passe dans... Read More","og_url":"https:\/\/www.investaura.co\/wordpress\/nos-services\/conseil\/la-gestion-du-rendement\/","og_site_name":"Investaura","article_modified_time":"2018-04-17T20:36:50+00:00","og_image":[{"width":1024,"height":683,"url":"https:\/\/i0.wp.com\/www.investaura.co\/wordpress\/wp-content\/uploads\/2016\/02\/shutterstock_282394148_smaller.jpg?fit=1024%2C683&ssl=1","type":"image\/jpeg"}],"twitter_card":"summary_large_image","twitter_misc":{"Estimated reading time":"1 minute"},"schema":{"@context":"https:\/\/schema.org","@graph":[{"@type":"WebPage","@id":"https:\/\/www.investaura.co\/wordpress\/nos-services\/conseil\/la-gestion-du-rendement\/","url":"https:\/\/www.investaura.co\/wordpress\/nos-services\/conseil\/la-gestion-du-rendement\/","name":"Gestion de la performance | Investaura","isPartOf":{"@id":"https:\/\/www.investaura.co\/wordpress\/#website"},"datePublished":"2010-09-09T12:26:47+00:00","dateModified":"2018-04-17T20:36:50+00:00","breadcrumb":{"@id":"https:\/\/www.investaura.co\/wordpress\/nos-services\/conseil\/la-gestion-du-rendement\/#breadcrumb"},"inLanguage":"en-GB","potentialAction":[{"@type":"ReadAction","target":["https:\/\/www.investaura.co\/wordpress\/nos-services\/conseil\/la-gestion-du-rendement\/"]}]},{"@type":"BreadcrumbList","@id":"https:\/\/www.investaura.co\/wordpress\/nos-services\/conseil\/la-gestion-du-rendement\/#breadcrumb","itemListElement":[{"@type":"ListItem","position":1,"name":"Home","item":"https:\/\/www.investaura.co\/wordpress\/"},{"@type":"ListItem","position":2,"name":"Services","item":"https:\/\/www.investaura.co\/wordpress\/nos-services\/"},{"@type":"ListItem","position":3,"name":"Conseil en strat\u00e9gie","item":"https:\/\/www.investaura.co\/wordpress\/nos-services\/conseil\/"},{"@type":"ListItem","position":4,"name":"Gestion de la performance"}]},{"@type":"WebSite","@id":"https:\/\/www.investaura.co\/wordpress\/#website","url":"https:\/\/www.investaura.co\/wordpress\/","name":"Investaura","description":"The Value Creation Consultants","publisher":{"@id":"https:\/\/www.investaura.co\/wordpress\/#organization"},"potentialAction":[{"@type":"SearchAction","target":{"@type":"EntryPoint","urlTemplate":"https:\/\/www.investaura.co\/wordpress\/?s={search_term_string}"},"query-input":"required name=search_term_string"}],"inLanguage":"en-GB"},{"@type":"Organization","@id":"https:\/\/www.investaura.co\/wordpress\/#organization","name":"Investaura","url":"https:\/\/www.investaura.co\/wordpress\/","logo":{"@type":"ImageObject","inLanguage":"en-GB","@id":"https:\/\/www.investaura.co\/wordpress\/#\/schema\/logo\/image\/","url":"https:\/\/i0.wp.com\/www.investaura.co\/wordpress\/wp-content\/uploads\/Logo-INVESTAURA_RGB-blau-e1450351498844.jpg?fit=256%2C90&ssl=1","contentUrl":"https:\/\/i0.wp.com\/www.investaura.co\/wordpress\/wp-content\/uploads\/Logo-INVESTAURA_RGB-blau-e1450351498844.jpg?fit=256%2C90&ssl=1","width":256,"height":90,"caption":"Investaura"},"image":{"@id":"https:\/\/www.investaura.co\/wordpress\/#\/schema\/logo\/image\/"},"sameAs":["https:\/\/www.linkedin.com\/company\/1229653"]}]}},"jetpack_shortlink":"https:\/\/wp.me\/P7ecno-1DJ","jetpack-related-posts":[{"id":5759,"url":"https:\/\/www.investaura.co\/wordpress\/nos-services\/performance-management-solutions\/","url_meta":{"origin":6307,"position":0},"title":"Pilotage de la performance","date":"September 9, 2010","format":false,"excerpt":"Investaura accompagne ses clients dans la mise en place d'applications puissantes de pilotage de la performance, tirant parti de son savoir-faire des meilleurs logiciels EPM et de son expertise dans l'industrie. L'impact pour les d\u00e9cideurs est de mieux comprendre ce qui se passe dans leur entreprise et de d\u00e9finir des\u2026","rel":"","context":"Similar post","img":{"alt_text":"","src":"https:\/\/i0.wp.com\/www.investaura.co\/wordpress\/wp-content\/uploads\/2010\/09\/shutterstock_251280265_smaller.jpg?fit=1024%2C678&ssl=1&resize=350%2C200","width":350,"height":200},"classes":[]},{"id":6220,"url":"https:\/\/www.investaura.co\/wordpress\/nos-services\/performance-management-solutions\/prodacapo-software-solutions\/","url_meta":{"origin":6307,"position":1},"title":"Solutions logicielles Prodacapo","date":"September 30, 2014","format":false,"excerpt":"Les experts d'Investaura utilisent Prodacapo, un outil de gestion con\u00e7u pour permettre \u00e0 votre entreprise d'analyser les co\u00fbts des processus, des clients et des produits, et d'am\u00e9liorer la performance. Prodacapo permet aux gestionnaires: de comprendre la rentabilit\u00e9 des produits et des clients de mesurer la performance d'am\u00e9liorer les processus de\u2026","rel":"","context":"Similar post","img":{"alt_text":"","src":"https:\/\/i0.wp.com\/www.investaura.co\/wordpress\/wp-content\/uploads\/2016\/02\/shutterstock_247165378.jpg?fit=1000%2C732&ssl=1&resize=350%2C200","width":350,"height":200},"classes":[]},{"id":6225,"url":"https:\/\/www.investaura.co\/wordpress\/nos-services\/performance-management-solutions\/entreprises-associees\/","url_meta":{"origin":6307,"position":2},"title":"Nos partenaires logiciels","date":"September 9, 2010","format":false,"excerpt":"Investaura Management Consultants a s\u00e9lectionn\u00e9 3 \u00e9diteurs de logiciel qui compl\u00e8tent ses activit\u00e9s de conseil et avec lesquelles nous entretenons d'excellentes relations: Prodacapo fournit des solutions logicielles pour l'\u00e9valuation et l'am\u00e9lioration des processus et l'analyse des co\u00fbts bas\u00e9s sur les activit\u00e9s (Activity-Based Costing).\u00a0La suite Prodacapo permet des applications multiples: les\u2026","rel":"","context":"Similar post","img":{"alt_text":"","src":"https:\/\/i0.wp.com\/www.investaura.co\/wordpress\/wp-content\/uploads\/2016\/02\/shutterstock_247165378.jpg?fit=1000%2C732&ssl=1&resize=350%2C200","width":350,"height":200},"classes":[]},{"id":5707,"url":"https:\/\/www.investaura.co\/wordpress\/boite-a-solutions\/budgetisation-et-previsions\/","url_meta":{"origin":6307,"position":3},"title":"Elaborations et pr\u00e9visions budg\u00e9taires","date":"March 2, 2016","format":false,"excerpt":"Investaura a r\u00e9cemment men\u00e9 \u00e0 bien un projet majeur d'\u00e9laboration budg\u00e9taire, de planification \u00e0 moyen terme, et de calcul des co\u00fbts des services pour un op\u00e9rateur t\u00e9l\u00e9com. L'\u00e9quipe responsable du budget \u00e9tait confront\u00e9e depuis longtemps aux limites de leur outil Excel, que personne ne comprenait plus vraiment et qui fournissait\u2026","rel":"","context":"Similar post","img":{"alt_text":"","src":"https:\/\/i0.wp.com\/www.investaura.co\/wordpress\/wp-content\/uploads\/2016\/03\/130614_Architecture.png?fit=1075%2C689&ssl=1&resize=350%2C200","width":350,"height":200},"classes":[]},{"id":5705,"url":"https:\/\/www.investaura.co\/wordpress\/boite-a-solutions\/capex-opex-planification\/","url_meta":{"origin":6307,"position":4},"title":"Planification des CAPEX &amp; OPEX, simulation d&#8217;entreprise","date":"March 2, 2016","format":false,"excerpt":"Les consultants Investaura ma\u00eetrisent l'art et la science du d\u00e9veloppement de mod\u00e8les d'investissement r\u00e9alistes et pr\u00e9cis pour des technologies complexes et entreprises innovantes. Les applications sont vari\u00e9es et comprennent notamment: Planification CAPEX et OPEX pour le d\u00e9ploiement de nouveaux r\u00e9seaux ou la migration de technologies Optimisation du co\u00fbt total de\u2026","rel":"","context":"Similar post","img":{"alt_text":"","src":"https:\/\/i0.wp.com\/www.investaura.co\/wordpress\/wp-content\/uploads\/2016\/03\/stem_picture.jpg?fit=1200%2C391&ssl=1&resize=350%2C200","width":350,"height":200},"classes":[]},{"id":5752,"url":"https:\/\/www.investaura.co\/wordpress\/nos-services\/conseil\/","url_meta":{"origin":6307,"position":5},"title":"Conseil en strat\u00e9gie","date":"September 8, 2010","format":false,"excerpt":"Nous menons des initiatives strat\u00e9giques, identifions des opportunit\u00e9s de cr\u00e9ation de valeur et travaillons avec les dirigeants de nos clients pour am\u00e9liorer la performances de l'entreprise \u00e0 court et \u00e0 moyen terme. Nos consultants sont des professionnels issus de l'industrie et sont dot\u00e9s d'une solide exp\u00e9rience op\u00e9rationnelle. Nous apportons une\u2026","rel":"","context":"Similar post","img":{"alt_text":"","src":"https:\/\/i0.wp.com\/www.investaura.co\/wordpress\/wp-content\/uploads\/2016\/02\/shutterstock_282394148_smaller.jpg?fit=1024%2C683&ssl=1&resize=350%2C200","width":350,"height":200},"classes":[]}],"jetpack_sharing_enabled":true,"_links":{"self":[{"href":"https:\/\/www.investaura.co\/wordpress\/wp-json\/wp\/v2\/pages\/6307"}],"collection":[{"href":"https:\/\/www.investaura.co\/wordpress\/wp-json\/wp\/v2\/pages"}],"about":[{"href":"https:\/\/www.investaura.co\/wordpress\/wp-json\/wp\/v2\/types\/page"}],"author":[{"embeddable":true,"href":"https:\/\/www.investaura.co\/wordpress\/wp-json\/wp\/v2\/users\/1"}],"replies":[{"embeddable":true,"href":"https:\/\/www.investaura.co\/wordpress\/wp-json\/wp\/v2\/comments?post=6307"}],"version-history":[{"count":11,"href":"https:\/\/www.investaura.co\/wordpress\/wp-json\/wp\/v2\/pages\/6307\/revisions"}],"predecessor-version":[{"id":6463,"href":"https:\/\/www.investaura.co\/wordpress\/wp-json\/wp\/v2\/pages\/6307\/revisions\/6463"}],"up":[{"embeddable":true,"href":"https:\/\/www.investaura.co\/wordpress\/wp-json\/wp\/v2\/pages\/5752"}],"wp:featuredmedia":[{"embeddable":true,"href":"https:\/\/www.investaura.co\/wordpress\/wp-json\/wp\/v2\/media\/4198"}],"wp:attachment":[{"href":"https:\/\/www.investaura.co\/wordpress\/wp-json\/wp\/v2\/media?parent=6307"}],"curies":[{"name":"wp","href":"https:\/\/api.w.org\/{rel}","templated":true}]}}