{"id":6306,"date":"2015-03-26T15:55:18","date_gmt":"2015-03-26T13:55:18","guid":{"rendered":"http:\/\/www.invest-aura.com\/?page_id=3392"},"modified":"2020-08-10T13:18:16","modified_gmt":"2020-08-10T11:18:16","slug":"unternehmensfinanzierung","status":"publish","type":"page","link":"https:\/\/www.investaura.co\/wordpress\/dienstleistungen\/beratung\/unternehmensfinanzierung\/","title":{"rendered":"Corporate Finance"},"content":{"rendered":"<p>Wir decken das gesamte Spektrum von Corporate Finance-Themen ab, die f\u00fcr Anbieter von Telekommunikationsdiensten, Lieferanten, Infrastrukturmanagement und IT-Unternehmen relevant sind, darunter:<\/p>\n<hr \/>\n<figure id=\"attachment_4336\" aria-describedby=\"caption-attachment-4336\" style=\"width: 251px\" class=\"wp-caption alignright\"><a href=\"http:\/\/www.investaura.co\/losungen\/fixed-asset-bewertung-und-fair-value-messung-ifrs-13\/\"><img data-attachment-id=\"4336\" data-permalink=\"https:\/\/www.investaura.co\/wordpress\/services\/consulting\/shutterstock_272925929\/\" data-orig-file=\"https:\/\/i0.wp.com\/www.investaura.co\/wordpress\/wp-content\/uploads\/2016\/02\/shutterstock_272925929.jpg?fit=1000%2C667&amp;ssl=1\" data-orig-size=\"1000,667\" data-comments-opened=\"0\" data-image-meta=\"{&quot;aperture&quot;:&quot;0&quot;,&quot;credit&quot;:&quot;&quot;,&quot;camera&quot;:&quot;&quot;,&quot;caption&quot;:&quot;&quot;,&quot;created_timestamp&quot;:&quot;0&quot;,&quot;copyright&quot;:&quot;&quot;,&quot;focal_length&quot;:&quot;0&quot;,&quot;iso&quot;:&quot;0&quot;,&quot;shutter_speed&quot;:&quot;0&quot;,&quot;title&quot;:&quot;&quot;,&quot;orientation&quot;:&quot;0&quot;}\" data-image-title=\"shutterstock_272925929\" data-image-description=\"\" data-image-caption=\"&lt;p&gt;White Paper on Fixed Asset Valuation and Fair Value Measurement&lt;\/p&gt;\n\" data-medium-file=\"https:\/\/i0.wp.com\/www.investaura.co\/wordpress\/wp-content\/uploads\/2016\/02\/shutterstock_272925929.jpg?fit=300%2C200&amp;ssl=1\" data-large-file=\"https:\/\/i0.wp.com\/www.investaura.co\/wordpress\/wp-content\/uploads\/2016\/02\/shutterstock_272925929.jpg?fit=720%2C480&amp;ssl=1\" decoding=\"async\" loading=\"lazy\" class=\"wp-image-4336\" src=\"https:\/\/i0.wp.com\/www.invest-aura.com\/wordpress\/wp-content\/uploads\/2020\/08\/shutterstock_99389720_smaller.jpg?resize=250%2C150\" alt=\"shutterstock_272925929\" width=\"250\" height=\"150\" data-recalc-dims=\"1\" \/><\/a><figcaption id=\"caption-attachment-4336\" class=\"wp-caption-text\">Anlagenbewertung und Bewertung zum beizulegenden Zeitwert<\/figcaption><\/figure>\n<h5><strong>Bewertung<\/strong><\/h5>\n<p>Im Finanzbereich wird der Erfolg gew\u00f6hnlich nach dem Wert beurteilt. Eine gute Investitionsentscheidung ist der Kauf eines realen Verm\u00f6genswerts, der mehr wert ist als seine Kosten.<\/p>\n<ul>\n<li>Unternehmensbewertung (DCF, Multiples)<\/li>\n<li><a href=\"http:\/\/www.investaura.co\/losungen\/fixed-asset-bewertung-und-fair-value-messung-ifrs-13\/\">Anlagebewertung nach IFRS 13 (Fair Value Measurement)<\/a><\/li>\n<li>Spektrum- und Lizenzbewertung<\/li>\n<li>Optionsbewertung<\/li>\n<\/ul>\n<hr \/>\n<figure id=\"attachment_2095\" aria-describedby=\"caption-attachment-2095\" style=\"width: 250px\" class=\"wp-caption alignright\"><a href=\"http:\/\/www.investaura.co\/losungen\/investitionen-betriebs-betriebsplanung\/\"><img data-attachment-id=\"2095\" data-permalink=\"https:\/\/www.investaura.co\/wordpress\/2013\/09\/re-visiting-the-financial-benefits-of-managed-services-and-infrastructure-sharing\/not_stem_model\/\" data-orig-file=\"https:\/\/i0.wp.com\/www.investaura.co\/wordpress\/wp-content\/uploads\/2013\/09\/NOT_STEM_Model.png?fit=961%2C594&amp;ssl=1\" data-orig-size=\"961,594\" data-comments-opened=\"1\" data-image-meta=\"{&quot;aperture&quot;:&quot;0&quot;,&quot;credit&quot;:&quot;&quot;,&quot;camera&quot;:&quot;&quot;,&quot;caption&quot;:&quot;&quot;,&quot;created_timestamp&quot;:&quot;0&quot;,&quot;copyright&quot;:&quot;&quot;,&quot;focal_length&quot;:&quot;0&quot;,&quot;iso&quot;:&quot;0&quot;,&quot;shutter_speed&quot;:&quot;0&quot;,&quot;title&quot;:&quot;&quot;}\" data-image-title=\"NetworkOperations_STEM_Model\" data-image-description=\"\" data-image-caption=\"&lt;p&gt;STEM: CapEx and OpEx Planning, TCO optimisation&lt;\/p&gt;\n\" data-medium-file=\"https:\/\/i0.wp.com\/www.investaura.co\/wordpress\/wp-content\/uploads\/2013\/09\/NOT_STEM_Model.png?fit=300%2C185&amp;ssl=1\" data-large-file=\"https:\/\/i0.wp.com\/www.investaura.co\/wordpress\/wp-content\/uploads\/2013\/09\/NOT_STEM_Model.png?fit=720%2C445&amp;ssl=1\" decoding=\"async\" loading=\"lazy\" class=\"wp-image-2095 \" src=\"https:\/\/i0.wp.com\/www.invest-aura.com\/wordpress\/wp-content\/uploads\/2013\/09\/NOT_STEM_Model-300x185.png?resize=250%2C154\" alt=\"Netzwerkoperationen Transformation\" width=\"250\" height=\"154\" srcset=\"https:\/\/i0.wp.com\/www.investaura.co\/wordpress\/wp-content\/uploads\/2013\/09\/NOT_STEM_Model.png?resize=300%2C185&amp;ssl=1 300w, https:\/\/i0.wp.com\/www.investaura.co\/wordpress\/wp-content\/uploads\/2013\/09\/NOT_STEM_Model.png?w=961&amp;ssl=1 961w\" sizes=\"(max-width: 250px) 100vw, 250px\" data-recalc-dims=\"1\" \/><\/a><figcaption id=\"caption-attachment-2095\" class=\"wp-caption-text\">Investitions- und Betriebliche Kostenplanung<\/figcaption><\/figure>\n<h5>Investitionsrechnung<\/h5>\n<p>Mit Investaura k\u00f6nnen Sie bessere Investitionsentscheidungen treffen, die Effizienz von CapEx steigern, TCO reduzieren und Wert schaffen.<\/p>\n<div>\n<ul>\n<li><a href=\"http:\/\/www.investaura.co\/losungen\/investitionen-betriebs-betriebsplanung\/\">CapEx- und OpEx-Optimierung<\/a><\/li>\n<li>F&amp;E-Budgetzuweisung<\/li>\n<li>Verkauf und Lease Back (Sales and Lease Back)<\/li>\n<\/ul>\n<\/div>\n<hr \/>\n<h5>Finanzielle Planung<\/h5>\n<figure id=\"attachment_1665\" aria-describedby=\"caption-attachment-1665\" style=\"width: 250px\" class=\"wp-caption alignright\"><a href=\"http:\/\/www.investaura.co\/losungen\/budgetierung-und-prognose\/\"><img data-attachment-id=\"1665\" data-permalink=\"https:\/\/www.investaura.co\/wordpress\/2013\/07\/budgeting-planning-costing-the-first-easy-to-use-solution-in-a-post-excel-world\/130614_architecture\/\" data-orig-file=\"https:\/\/i0.wp.com\/www.investaura.co\/wordpress\/wp-content\/uploads\/2013\/07\/130614_Architecture-e1521735062652.png?fit=1024%2C656&amp;ssl=1\" data-orig-size=\"1024,656\" data-comments-opened=\"1\" data-image-meta=\"{&quot;aperture&quot;:&quot;0&quot;,&quot;credit&quot;:&quot;&quot;,&quot;camera&quot;:&quot;&quot;,&quot;caption&quot;:&quot;&quot;,&quot;created_timestamp&quot;:&quot;0&quot;,&quot;copyright&quot;:&quot;&quot;,&quot;focal_length&quot;:&quot;0&quot;,&quot;iso&quot;:&quot;0&quot;,&quot;shutter_speed&quot;:&quot;0&quot;,&quot;title&quot;:&quot;&quot;}\" data-image-title=\"130614_Architecture\" data-image-description=\"\" data-image-caption=\"\" data-medium-file=\"https:\/\/i0.wp.com\/www.investaura.co\/wordpress\/wp-content\/uploads\/2013\/07\/130614_Architecture-e1521735062652.png?fit=300%2C192&amp;ssl=1\" data-large-file=\"https:\/\/i0.wp.com\/www.investaura.co\/wordpress\/wp-content\/uploads\/2013\/07\/130614_Architecture-e1521735062652.png?fit=720%2C461&amp;ssl=1\" decoding=\"async\" loading=\"lazy\" class=\"wp-image-1665 \" src=\"https:\/\/i0.wp.com\/www.invest-aura.com\/wordpress\/wp-content\/uploads\/2013\/07\/130614_Architecture-300x192.png?resize=250%2C160\" alt=\"Budgetierung, Business Planning und Service-Kalkulation in einer Box\" width=\"250\" height=\"160\" data-recalc-dims=\"1\" \/><\/a><figcaption id=\"caption-attachment-1665\" class=\"wp-caption-text\">Budgetierung, Planung und Prognose<\/figcaption><\/figure>\n<p>Investitionen in Sachwerte, Projekte und Unternehmen sind keine eigenst\u00e4ndige Aktivit\u00e4t, sondern m\u00fcssen im Einklang mit dem langfristigen Unternehmensplan stehen und in einen Leistungsmanagementprozess eingebunden sein.<\/p>\n<ul>\n<li>Top-down-Strategieplanung<\/li>\n<li><a href=\"http:\/\/www.investaura.co\/losungen\/budgetierung-und-prognose\/\">Budgetierung und Prognose<\/a><\/li>\n<li><a href=\"http:\/\/www.investaura.co\/dienstleistungen\/geschaeftsplanung\/\">Gesch\u00e4ftliche Planung<\/a><\/li>\n<\/ul>\n<hr \/>\n<h5>Transaktionsdienste<\/h5>\n<figure id=\"attachment_4148\" aria-describedby=\"caption-attachment-4148\" style=\"width: 251px\" class=\"wp-caption alignright\"><a href=\"http:\/\/www.investaura.co\/dienstleistungen\/mergers-and-acquisitions\/\"><img data-attachment-id=\"4148\" data-permalink=\"https:\/\/www.investaura.co\/wordpress\/services\/mergers-and-acquisitions\/shutterstock_139401482\/\" data-orig-file=\"https:\/\/i0.wp.com\/www.investaura.co\/wordpress\/wp-content\/uploads\/shutterstock_139401482.jpg?fit=1000%2C554&amp;ssl=1\" data-orig-size=\"1000,554\" data-comments-opened=\"0\" data-image-meta=\"{&quot;aperture&quot;:&quot;0&quot;,&quot;credit&quot;:&quot;&quot;,&quot;camera&quot;:&quot;&quot;,&quot;caption&quot;:&quot;&quot;,&quot;created_timestamp&quot;:&quot;0&quot;,&quot;copyright&quot;:&quot;&quot;,&quot;focal_length&quot;:&quot;0&quot;,&quot;iso&quot;:&quot;0&quot;,&quot;shutter_speed&quot;:&quot;0&quot;,&quot;title&quot;:&quot;&quot;,&quot;orientation&quot;:&quot;0&quot;}\" data-image-title=\"shutterstock_139401482\" data-image-description=\"\" data-image-caption=\"\" data-medium-file=\"https:\/\/i0.wp.com\/www.investaura.co\/wordpress\/wp-content\/uploads\/shutterstock_139401482.jpg?fit=300%2C166&amp;ssl=1\" data-large-file=\"https:\/\/i0.wp.com\/www.investaura.co\/wordpress\/wp-content\/uploads\/shutterstock_139401482.jpg?fit=720%2C399&amp;ssl=1\" decoding=\"async\" loading=\"lazy\" class=\"wp-image-4148 \" src=\"https:\/\/i0.wp.com\/www.invest-aura.com\/wordpress\/wp-content\/uploads\/shutterstock_139401482-300x166.jpg?resize=251%2C139\" alt=\"\" width=\"251\" height=\"139\" srcset=\"https:\/\/i0.wp.com\/www.investaura.co\/wordpress\/wp-content\/uploads\/shutterstock_139401482.jpg?resize=300%2C166&amp;ssl=1 300w, https:\/\/i0.wp.com\/www.investaura.co\/wordpress\/wp-content\/uploads\/shutterstock_139401482.jpg?resize=768%2C425&amp;ssl=1 768w, https:\/\/i0.wp.com\/www.investaura.co\/wordpress\/wp-content\/uploads\/shutterstock_139401482.jpg?w=1000&amp;ssl=1 1000w\" sizes=\"(max-width: 251px) 100vw, 251px\" data-recalc-dims=\"1\" \/><\/a><figcaption id=\"caption-attachment-4148\" class=\"wp-caption-text\">Due Diligence und M&amp;A-Unterst\u00fctzung<\/figcaption><\/figure>\n<p>M&amp;A-Chancen sind oft komplexe Chancen zu bewerten. Mit Investaura k\u00f6nnen Sie den Prozess reibungsloser gestalten und Ihre M&amp;A-Transaktionen erfolgreicher gestalten.<\/p>\n<ul>\n<li>Zielsuche<\/li>\n<li><a title=\"Internationales Netzwerk von M &amp; A-Experten\" href=\"http:\/\/www.investaura.co\/dienstleistungen\/mergers-and-acquisitions\/\">Due Diligence und M&amp;A-Unterst\u00fctzung<\/a><\/li>\n<li>Finanzierung und Fundraising<\/li>\n<\/ul>\n<hr \/>\n","protected":false},"excerpt":{"rendered":"<p>Wir decken das gesamte Spektrum von Corporate Finance-Themen ab, die f\u00fcr Anbieter von Telekommunikationsdiensten, Lieferanten, Infrastrukturmanagement und IT-Unternehmen relevant sind, darunter: Bewertung Im Finanzbereich wird der Erfolg gew\u00f6hnlich nach dem Wert beurteilt. Eine gute Investitionsentscheidung ist der Kauf eines realen&#8230; <\/p>\n<div class=\"more-link-container\"><a class=\"more-link\" href=\"https:\/\/www.investaura.co\/wordpress\/dienstleistungen\/beratung\/unternehmensfinanzierung\/\">Read More<\/a><\/div>\n","protected":false},"author":1,"featured_media":4198,"parent":5753,"menu_order":10,"comment_status":"closed","ping_status":"closed","template":"","meta":{"jetpack_post_was_ever_published":false},"yoast_head":"<!-- This site is optimized with the Yoast SEO plugin v20.4 - https:\/\/yoast.com\/wordpress\/plugins\/seo\/ -->\n<title>Corporate Finance | Investaura<\/title>\n<meta name=\"robots\" content=\"index, follow, max-snippet:-1, max-image-preview:large, max-video-preview:-1\" \/>\n<link rel=\"canonical\" href=\"https:\/\/www.investaura.co\/wordpress\/dienstleistungen\/beratung\/unternehmensfinanzierung\/\" \/>\n<meta property=\"og:locale\" content=\"en_GB\" \/>\n<meta property=\"og:type\" content=\"article\" \/>\n<meta property=\"og:title\" content=\"Corporate Finance | Investaura\" \/>\n<meta property=\"og:description\" content=\"Wir decken das gesamte Spektrum von Corporate Finance-Themen ab, die f\u00fcr Anbieter von Telekommunikationsdiensten, Lieferanten, Infrastrukturmanagement und IT-Unternehmen relevant sind, darunter: Bewertung Im Finanzbereich wird der Erfolg gew\u00f6hnlich nach dem Wert beurteilt. Eine gute Investitionsentscheidung ist der Kauf eines realen... Read More\" \/>\n<meta property=\"og:url\" content=\"https:\/\/www.investaura.co\/wordpress\/dienstleistungen\/beratung\/unternehmensfinanzierung\/\" \/>\n<meta property=\"og:site_name\" content=\"Investaura\" \/>\n<meta property=\"article:modified_time\" content=\"2020-08-10T11:18:16+00:00\" \/>\n<meta property=\"og:image\" content=\"https:\/\/i0.wp.com\/www.investaura.co\/wordpress\/wp-content\/uploads\/2016\/02\/shutterstock_282394148_smaller.jpg?fit=1024%2C683&ssl=1\" \/>\n\t<meta property=\"og:image:width\" content=\"1024\" \/>\n\t<meta property=\"og:image:height\" content=\"683\" \/>\n\t<meta property=\"og:image:type\" content=\"image\/jpeg\" \/>\n<meta name=\"twitter:card\" content=\"summary_large_image\" \/>\n<meta name=\"twitter:label1\" content=\"Estimated reading time\" \/>\n\t<meta name=\"twitter:data1\" content=\"1 minute\" \/>\n<script type=\"application\/ld+json\" class=\"yoast-schema-graph\">{\"@context\":\"https:\/\/schema.org\",\"@graph\":[{\"@type\":\"WebPage\",\"@id\":\"https:\/\/www.investaura.co\/wordpress\/dienstleistungen\/beratung\/unternehmensfinanzierung\/\",\"url\":\"https:\/\/www.investaura.co\/wordpress\/dienstleistungen\/beratung\/unternehmensfinanzierung\/\",\"name\":\"Corporate Finance | Investaura\",\"isPartOf\":{\"@id\":\"https:\/\/www.investaura.co\/wordpress\/#website\"},\"datePublished\":\"2015-03-26T13:55:18+00:00\",\"dateModified\":\"2020-08-10T11:18:16+00:00\",\"breadcrumb\":{\"@id\":\"https:\/\/www.investaura.co\/wordpress\/dienstleistungen\/beratung\/unternehmensfinanzierung\/#breadcrumb\"},\"inLanguage\":\"en-GB\",\"potentialAction\":[{\"@type\":\"ReadAction\",\"target\":[\"https:\/\/www.investaura.co\/wordpress\/dienstleistungen\/beratung\/unternehmensfinanzierung\/\"]}]},{\"@type\":\"BreadcrumbList\",\"@id\":\"https:\/\/www.investaura.co\/wordpress\/dienstleistungen\/beratung\/unternehmensfinanzierung\/#breadcrumb\",\"itemListElement\":[{\"@type\":\"ListItem\",\"position\":1,\"name\":\"Home\",\"item\":\"https:\/\/www.investaura.co\/wordpress\/\"},{\"@type\":\"ListItem\",\"position\":2,\"name\":\"Leistungen\",\"item\":\"https:\/\/www.investaura.co\/wordpress\/dienstleistungen\/\"},{\"@type\":\"ListItem\",\"position\":3,\"name\":\"Strategieberatung\",\"item\":\"https:\/\/www.investaura.co\/wordpress\/dienstleistungen\/beratung\/\"},{\"@type\":\"ListItem\",\"position\":4,\"name\":\"Corporate Finance\"}]},{\"@type\":\"WebSite\",\"@id\":\"https:\/\/www.investaura.co\/wordpress\/#website\",\"url\":\"https:\/\/www.investaura.co\/wordpress\/\",\"name\":\"Investaura\",\"description\":\"The Value Creation Consultants\",\"publisher\":{\"@id\":\"https:\/\/www.investaura.co\/wordpress\/#organization\"},\"potentialAction\":[{\"@type\":\"SearchAction\",\"target\":{\"@type\":\"EntryPoint\",\"urlTemplate\":\"https:\/\/www.investaura.co\/wordpress\/?s={search_term_string}\"},\"query-input\":\"required name=search_term_string\"}],\"inLanguage\":\"en-GB\"},{\"@type\":\"Organization\",\"@id\":\"https:\/\/www.investaura.co\/wordpress\/#organization\",\"name\":\"Investaura\",\"url\":\"https:\/\/www.investaura.co\/wordpress\/\",\"logo\":{\"@type\":\"ImageObject\",\"inLanguage\":\"en-GB\",\"@id\":\"https:\/\/www.investaura.co\/wordpress\/#\/schema\/logo\/image\/\",\"url\":\"https:\/\/i0.wp.com\/www.investaura.co\/wordpress\/wp-content\/uploads\/Logo-INVESTAURA_RGB-blau-e1450351498844.jpg?fit=256%2C90&ssl=1\",\"contentUrl\":\"https:\/\/i0.wp.com\/www.investaura.co\/wordpress\/wp-content\/uploads\/Logo-INVESTAURA_RGB-blau-e1450351498844.jpg?fit=256%2C90&ssl=1\",\"width\":256,\"height\":90,\"caption\":\"Investaura\"},\"image\":{\"@id\":\"https:\/\/www.investaura.co\/wordpress\/#\/schema\/logo\/image\/\"},\"sameAs\":[\"https:\/\/www.linkedin.com\/company\/1229653\"]}]}<\/script>\n<!-- \/ Yoast SEO plugin. -->","yoast_head_json":{"title":"Corporate Finance | Investaura","robots":{"index":"index","follow":"follow","max-snippet":"max-snippet:-1","max-image-preview":"max-image-preview:large","max-video-preview":"max-video-preview:-1"},"canonical":"https:\/\/www.investaura.co\/wordpress\/dienstleistungen\/beratung\/unternehmensfinanzierung\/","og_locale":"en_GB","og_type":"article","og_title":"Corporate Finance | Investaura","og_description":"Wir decken das gesamte Spektrum von Corporate Finance-Themen ab, die f\u00fcr Anbieter von Telekommunikationsdiensten, Lieferanten, Infrastrukturmanagement und IT-Unternehmen relevant sind, darunter: Bewertung Im Finanzbereich wird der Erfolg gew\u00f6hnlich nach dem Wert beurteilt. Eine gute Investitionsentscheidung ist der Kauf eines realen... Read More","og_url":"https:\/\/www.investaura.co\/wordpress\/dienstleistungen\/beratung\/unternehmensfinanzierung\/","og_site_name":"Investaura","article_modified_time":"2020-08-10T11:18:16+00:00","og_image":[{"width":1024,"height":683,"url":"https:\/\/i0.wp.com\/www.investaura.co\/wordpress\/wp-content\/uploads\/2016\/02\/shutterstock_282394148_smaller.jpg?fit=1024%2C683&ssl=1","type":"image\/jpeg"}],"twitter_card":"summary_large_image","twitter_misc":{"Estimated reading time":"1 minute"},"schema":{"@context":"https:\/\/schema.org","@graph":[{"@type":"WebPage","@id":"https:\/\/www.investaura.co\/wordpress\/dienstleistungen\/beratung\/unternehmensfinanzierung\/","url":"https:\/\/www.investaura.co\/wordpress\/dienstleistungen\/beratung\/unternehmensfinanzierung\/","name":"Corporate Finance | Investaura","isPartOf":{"@id":"https:\/\/www.investaura.co\/wordpress\/#website"},"datePublished":"2015-03-26T13:55:18+00:00","dateModified":"2020-08-10T11:18:16+00:00","breadcrumb":{"@id":"https:\/\/www.investaura.co\/wordpress\/dienstleistungen\/beratung\/unternehmensfinanzierung\/#breadcrumb"},"inLanguage":"en-GB","potentialAction":[{"@type":"ReadAction","target":["https:\/\/www.investaura.co\/wordpress\/dienstleistungen\/beratung\/unternehmensfinanzierung\/"]}]},{"@type":"BreadcrumbList","@id":"https:\/\/www.investaura.co\/wordpress\/dienstleistungen\/beratung\/unternehmensfinanzierung\/#breadcrumb","itemListElement":[{"@type":"ListItem","position":1,"name":"Home","item":"https:\/\/www.investaura.co\/wordpress\/"},{"@type":"ListItem","position":2,"name":"Leistungen","item":"https:\/\/www.investaura.co\/wordpress\/dienstleistungen\/"},{"@type":"ListItem","position":3,"name":"Strategieberatung","item":"https:\/\/www.investaura.co\/wordpress\/dienstleistungen\/beratung\/"},{"@type":"ListItem","position":4,"name":"Corporate Finance"}]},{"@type":"WebSite","@id":"https:\/\/www.investaura.co\/wordpress\/#website","url":"https:\/\/www.investaura.co\/wordpress\/","name":"Investaura","description":"The Value Creation Consultants","publisher":{"@id":"https:\/\/www.investaura.co\/wordpress\/#organization"},"potentialAction":[{"@type":"SearchAction","target":{"@type":"EntryPoint","urlTemplate":"https:\/\/www.investaura.co\/wordpress\/?s={search_term_string}"},"query-input":"required name=search_term_string"}],"inLanguage":"en-GB"},{"@type":"Organization","@id":"https:\/\/www.investaura.co\/wordpress\/#organization","name":"Investaura","url":"https:\/\/www.investaura.co\/wordpress\/","logo":{"@type":"ImageObject","inLanguage":"en-GB","@id":"https:\/\/www.investaura.co\/wordpress\/#\/schema\/logo\/image\/","url":"https:\/\/i0.wp.com\/www.investaura.co\/wordpress\/wp-content\/uploads\/Logo-INVESTAURA_RGB-blau-e1450351498844.jpg?fit=256%2C90&ssl=1","contentUrl":"https:\/\/i0.wp.com\/www.investaura.co\/wordpress\/wp-content\/uploads\/Logo-INVESTAURA_RGB-blau-e1450351498844.jpg?fit=256%2C90&ssl=1","width":256,"height":90,"caption":"Investaura"},"image":{"@id":"https:\/\/www.investaura.co\/wordpress\/#\/schema\/logo\/image\/"},"sameAs":["https:\/\/www.linkedin.com\/company\/1229653"]}]}},"jetpack_shortlink":"https:\/\/wp.me\/P7ecno-1DI","jetpack-related-posts":[{"id":5690,"url":"https:\/\/www.investaura.co\/wordpress\/losungen\/fixed-asset-bewertung-und-fair-value-messung-ifrs-13\/","url_meta":{"origin":6306,"position":0},"title":"Anlagenbewertung und Fair Value-Bewertung nach IFRS 13","date":"March 2, 2016","format":false,"excerpt":"Investaura Management Consultants wurde von einem gro\u00dfen Telekommunikations-Konzern beauftragt, eine umfassende Bewertung langfristiger Verm\u00f6genswerte in den Telekommunikationsnetzwerken des Kunden in vier L\u00e4ndern durchzuf\u00fchren. Das Projekt wurde \u00fcber einen Zeitraum von drei Monaten durchgef\u00fchrt und untersuchte 1 Mrd. $ Anlageverm\u00f6gen in den folgenden Anlageklassen: Grundst\u00fccke, Geb\u00e4ude, T\u00fcrme, Telekommunikationsausr\u00fcstungen, Software, Spektrum und\u2026","rel":"","context":"Similar post","img":{"alt_text":"","src":"https:\/\/i0.wp.com\/www.investaura.co\/wordpress\/wp-content\/uploads\/2017\/11\/shutterstock_99389720_1024.jpg?fit=1024%2C680&ssl=1&resize=350%2C200","width":350,"height":200},"classes":[]},{"id":5700,"url":"https:\/\/www.investaura.co\/wordpress\/losungen\/business-planning-bewertung\/","url_meta":{"origin":6306,"position":1},"title":"Business Plan und Unternehmensbewertung","date":"March 2, 2016","format":false,"excerpt":"Eine gro\u00dfe Anzahl von Managern arbeitet weltweit an der Erstellung von Gesch\u00e4ftspl\u00e4nen, sei es in einem Start-up-Unternehmen, im reifen Unternehmen oder im M&A-Kontext. Leider sind die Ergebnisse nicht immer \u00fcberzeugend oder korrekt! Gesch\u00e4ftsplanung ist eine ganzheitliche Aktivit\u00e4t, die nicht nur ein starkes Verst\u00e4ndnis des Unternehmens erfordert, sondern auch eine klare\u2026","rel":"","context":"Similar post","img":{"alt_text":"","src":"https:\/\/i0.wp.com\/www.investaura.co\/wordpress\/wp-content\/uploads\/2024\/07\/Business_Planning3.jpg?fit=1024%2C769&ssl=1&resize=350%2C200","width":350,"height":200},"classes":[]},{"id":6272,"url":"https:\/\/www.investaura.co\/wordpress\/dienstleistungen\/mergers-and-acquisitions\/die-wirklichen-herausforderungen-von-ma-projekten\/","url_meta":{"origin":6306,"position":2},"title":"Die wahren Herausforderungen von M&#038;A-Projekten","date":"March 24, 2015","format":false,"excerpt":"Aufgrund unserer langj\u00e4hrigen Erfahrung im Bereich Mergers & Acquisitions glauben wir, dass die wahren Herausforderungen von M & A-Engagements folgende sind: Finden Sie das f\u00fcr Sie richtige Ziel: Klarheit und Sch\u00e4rfe in der strategischen Positionierung des K\u00e4ufers sowie der Fokus auf das Portfolio sind von gr\u00f6\u00dfter Bedeutung f\u00fcr einen effizienten\u2026","rel":"","context":"Similar post","img":{"alt_text":"","src":"","width":0,"height":0},"classes":[]},{"id":6266,"url":"https:\/\/www.investaura.co\/wordpress\/dienstleistungen\/mergers-and-acquisitions\/buy-side-ma-angelegenheit\/","url_meta":{"origin":6306,"position":3},"title":"Buy-Side: Warum ist M&#038;A wichtig?","date":"April 4, 2017","format":false,"excerpt":"Beschleunigen Sie Ihr Gesch\u00e4ft In der heutigen Wettbewerbswelt z\u00e4hlen Geschwindigkeit und Kostenkontrolle zu den wichtigsten Wertsch\u00f6pfungsfaktoren aus Sicht der Kunden als auch der Aktion\u00e4re. Exogenes Wachstum durch M&A kann Ihrem Unternehmen helfen, Zeit zu sparen und schneller zu wachsen, fehlende Kompetenzen zu erwerben und die Wirtschaftlichkeit Ihres Unternehmens zu verbessern.\u2026","rel":"","context":"Similar post","img":{"alt_text":"","src":"https:\/\/i0.wp.com\/www.investaura.co\/wordpress\/wp-content\/uploads\/shutterstock_139401482.jpg?fit=1000%2C554&ssl=1&resize=350%2C200","width":350,"height":200},"classes":[]},{"id":6304,"url":"https:\/\/www.investaura.co\/wordpress\/dienstleistungen\/beratung\/strategie-und-business-planung\/","url_meta":{"origin":6306,"position":4},"title":"Strategie und Gesch\u00e4ftsplanung","date":"March 26, 2015","format":false,"excerpt":"Die Berater von Investaura verf\u00fcgen \u00fcber umfangreiche Erfahrung im Bereich der Strategie - angewandte, detaillierte - und Gesch\u00e4ftsplanung - quantifiziert, robust, umsetzbar -, die bis in die Mitte der 1990er Jahre zur\u00fcckreicht. Wir verstehen sowohl kleine als auch gro\u00dfe Unternehmen. Wir sind Berater, die zu Unternehmern werden und wissen, was\u2026","rel":"","context":"Similar post","img":{"alt_text":"","src":"https:\/\/i0.wp.com\/www.investaura.co\/wordpress\/wp-content\/uploads\/2016\/02\/shutterstock_282394148_smaller.jpg?fit=1024%2C683&ssl=1&resize=350%2C200","width":350,"height":200},"classes":[]},{"id":5712,"url":"https:\/\/www.investaura.co\/wordpress\/losungen\/target-such-und-due-diligence\/","url_meta":{"origin":6306,"position":5},"title":"Buy-side M&#038;A: Zielsuche und Due Diligence","date":"March 2, 2016","format":false,"excerpt":"F\u00fcr die meisten Unternehmen ist der Prozess der Zielauswahl und -selektion eine Herausforderung, insbesondere auf ausl\u00e4ndischen M\u00e4rkten und in unbekannten Gew\u00e4ssern. K\u00e4ufer k\u00f6nnen von externer professioneller Unterst\u00fctzung sehr profitieren, um die Qualit\u00e4t der Passform von Anfang an zu verbessern und die Chance zu erh\u00f6hen, an ihr Ziel zu gelangen. \u00dcber\u2026","rel":"","context":"Similar post","img":{"alt_text":"","src":"https:\/\/i0.wp.com\/www.investaura.co\/wordpress\/wp-content\/uploads\/2024\/07\/Business_Planning2.jpg?fit=1024%2C631&ssl=1&resize=350%2C200","width":350,"height":200},"classes":[]}],"jetpack_sharing_enabled":true,"_links":{"self":[{"href":"https:\/\/www.investaura.co\/wordpress\/wp-json\/wp\/v2\/pages\/6306"}],"collection":[{"href":"https:\/\/www.investaura.co\/wordpress\/wp-json\/wp\/v2\/pages"}],"about":[{"href":"https:\/\/www.investaura.co\/wordpress\/wp-json\/wp\/v2\/types\/page"}],"author":[{"embeddable":true,"href":"https:\/\/www.investaura.co\/wordpress\/wp-json\/wp\/v2\/users\/1"}],"replies":[{"embeddable":true,"href":"https:\/\/www.investaura.co\/wordpress\/wp-json\/wp\/v2\/comments?post=6306"}],"version-history":[{"count":15,"href":"https:\/\/www.investaura.co\/wordpress\/wp-json\/wp\/v2\/pages\/6306\/revisions"}],"predecessor-version":[{"id":7444,"href":"https:\/\/www.investaura.co\/wordpress\/wp-json\/wp\/v2\/pages\/6306\/revisions\/7444"}],"up":[{"embeddable":true,"href":"https:\/\/www.investaura.co\/wordpress\/wp-json\/wp\/v2\/pages\/5753"}],"wp:featuredmedia":[{"embeddable":true,"href":"https:\/\/www.investaura.co\/wordpress\/wp-json\/wp\/v2\/media\/4198"}],"wp:attachment":[{"href":"https:\/\/www.investaura.co\/wordpress\/wp-json\/wp\/v2\/media?parent=6306"}],"curies":[{"name":"wp","href":"https:\/\/api.w.org\/{rel}","templated":true}]}}