{"id":6305,"date":"2015-03-26T15:55:18","date_gmt":"2015-03-26T13:55:18","guid":{"rendered":"http:\/\/www.invest-aura.com\/?page_id=3392"},"modified":"2020-08-10T13:18:02","modified_gmt":"2020-08-10T11:18:02","slug":"corporate-finance","status":"publish","type":"page","link":"https:\/\/www.investaura.co\/wordpress\/nos-services\/conseil\/corporate-finance\/","title":{"rendered":"Corporate Finance"},"content":{"rendered":"<p>Nous fournissons une vaste gamme de services de Corporate Finance \u00e0 nos clients de l&#8217;industrie des TIC, notamment:<\/p>\n<hr \/>\n<figure id=\"attachment_4336\" aria-describedby=\"caption-attachment-4336\" style=\"width: 251px\" class=\"wp-caption alignright\"><a href=\"http:\/\/www.investaura.co\/boite-a-solutions\/immobilisation-evaluation-et-juste-valeur-mesure-ifrs-13\/\"><img data-attachment-id=\"4336\" data-permalink=\"https:\/\/www.investaura.co\/wordpress\/services\/consulting\/shutterstock_272925929\/\" data-orig-file=\"https:\/\/i0.wp.com\/www.investaura.co\/wordpress\/wp-content\/uploads\/2016\/02\/shutterstock_272925929.jpg?fit=1000%2C667&amp;ssl=1\" data-orig-size=\"1000,667\" data-comments-opened=\"0\" data-image-meta=\"{&quot;aperture&quot;:&quot;0&quot;,&quot;credit&quot;:&quot;&quot;,&quot;camera&quot;:&quot;&quot;,&quot;caption&quot;:&quot;&quot;,&quot;created_timestamp&quot;:&quot;0&quot;,&quot;copyright&quot;:&quot;&quot;,&quot;focal_length&quot;:&quot;0&quot;,&quot;iso&quot;:&quot;0&quot;,&quot;shutter_speed&quot;:&quot;0&quot;,&quot;title&quot;:&quot;&quot;,&quot;orientation&quot;:&quot;0&quot;}\" data-image-title=\"shutterstock_272925929\" data-image-description=\"\" data-image-caption=\"&lt;p&gt;White Paper on Fixed Asset Valuation and Fair Value Measurement&lt;\/p&gt;\n\" data-medium-file=\"https:\/\/i0.wp.com\/www.investaura.co\/wordpress\/wp-content\/uploads\/2016\/02\/shutterstock_272925929.jpg?fit=300%2C200&amp;ssl=1\" data-large-file=\"https:\/\/i0.wp.com\/www.investaura.co\/wordpress\/wp-content\/uploads\/2016\/02\/shutterstock_272925929.jpg?fit=720%2C480&amp;ssl=1\" decoding=\"async\" loading=\"lazy\" class=\"wp-image-4336\" src=\"https:\/\/i0.wp.com\/www.invest-aura.com\/wordpress\/wp-content\/uploads\/2020\/08\/shutterstock_99389720_smaller.jpg?resize=250%2C150\" alt=\"shutterstock_272925929\" width=\"250\" height=\"150\" data-recalc-dims=\"1\" \/><\/a><figcaption id=\"caption-attachment-4336\" class=\"wp-caption-text\">Evaluation des actifs immobilis\u00e9s et mesure de la juste valeur<\/figcaption><\/figure>\n<h5><strong>Valorisation<\/strong><\/h5>\n<p>En finance, le succ\u00e8s est g\u00e9n\u00e9ralement jug\u00e9 en fonction de la cr\u00e9ation de valeur. Une bonne d\u00e9cision d&#8217;investissement est une d\u00e9cision qui entra\u00eene l&#8217;achat d&#8217;un bien r\u00e9el qui vaut plus que son co\u00fbt.<\/p>\n<ul>\n<li>Valorisation d&#8217;entreprise (DCF, Multiples)<\/li>\n<li><a href=\"http:\/\/www.investaura.co\/boite-a-solutions\/immobilisation-evaluation-et-juste-valeur-mesure-ifrs-13\/\">\u00c9valuation de l&#8217;actif immobilis\u00e9 selon IFRS 13 (\u00e9valuation \u00e0 la juste valeur)<\/a><\/li>\n<li>\u00c9valuation de spectre et licence<\/li>\n<li>\u00c9valuation d&#8217;option<\/li>\n<\/ul>\n<hr \/>\n<figure id=\"attachment_2095\" aria-describedby=\"caption-attachment-2095\" style=\"width: 250px\" class=\"wp-caption alignright\"><a href=\"http:\/\/www.investaura.co\/boite-a-solutions\/capex-opex-planification\/\"><img data-attachment-id=\"2095\" data-permalink=\"https:\/\/www.investaura.co\/wordpress\/2013\/09\/re-visiting-the-financial-benefits-of-managed-services-and-infrastructure-sharing\/not_stem_model\/\" data-orig-file=\"https:\/\/i0.wp.com\/www.investaura.co\/wordpress\/wp-content\/uploads\/2013\/09\/NOT_STEM_Model.png?fit=961%2C594&amp;ssl=1\" data-orig-size=\"961,594\" data-comments-opened=\"1\" data-image-meta=\"{&quot;aperture&quot;:&quot;0&quot;,&quot;credit&quot;:&quot;&quot;,&quot;camera&quot;:&quot;&quot;,&quot;caption&quot;:&quot;&quot;,&quot;created_timestamp&quot;:&quot;0&quot;,&quot;copyright&quot;:&quot;&quot;,&quot;focal_length&quot;:&quot;0&quot;,&quot;iso&quot;:&quot;0&quot;,&quot;shutter_speed&quot;:&quot;0&quot;,&quot;title&quot;:&quot;&quot;}\" data-image-title=\"NetworkOperations_STEM_Model\" data-image-description=\"\" data-image-caption=\"&lt;p&gt;STEM: CapEx and OpEx Planning, TCO optimisation&lt;\/p&gt;\n\" data-medium-file=\"https:\/\/i0.wp.com\/www.investaura.co\/wordpress\/wp-content\/uploads\/2013\/09\/NOT_STEM_Model.png?fit=300%2C185&amp;ssl=1\" data-large-file=\"https:\/\/i0.wp.com\/www.investaura.co\/wordpress\/wp-content\/uploads\/2013\/09\/NOT_STEM_Model.png?fit=720%2C445&amp;ssl=1\" decoding=\"async\" loading=\"lazy\" class=\"wp-image-2095 \" src=\"https:\/\/i0.wp.com\/www.invest-aura.com\/wordpress\/wp-content\/uploads\/2013\/09\/NOT_STEM_Model-300x185.png?resize=250%2C154\" alt=\"Transformation des op\u00e9rations r\u00e9seau\" width=\"250\" height=\"154\" srcset=\"https:\/\/i0.wp.com\/www.investaura.co\/wordpress\/wp-content\/uploads\/2013\/09\/NOT_STEM_Model.png?resize=300%2C185&amp;ssl=1 300w, https:\/\/i0.wp.com\/www.investaura.co\/wordpress\/wp-content\/uploads\/2013\/09\/NOT_STEM_Model.png?w=961&amp;ssl=1 961w\" sizes=\"(max-width: 250px) 100vw, 250px\" data-recalc-dims=\"1\" \/><\/a><figcaption id=\"caption-attachment-2095\" class=\"wp-caption-text\">Planification des CAPEX &amp; OPEX<\/figcaption><\/figure>\n<h5>Budg\u00e9tisation des investissements<\/h5>\n<p>Investaura vous aide \u00e0 prendre de meilleures d\u00e9cisions d&#8217;investissement, \u00e0 am\u00e9liorer l&#8217;efficacit\u00e9 des d\u00e9penses d&#8217;investissement, \u00e0 r\u00e9duire le co\u00fbt total de possession (TCO) et \u00e0 cr\u00e9er de la valeur.<\/p>\n<div>\n<ul>\n<li><a href=\"http:\/\/www.investaura.co\/boite-a-solutions\/capex-opex-planification\/\">Optimisation des CapEx et OpEx<\/a><\/li>\n<li>Allocation des d\u00e9penses de R&amp;D<\/li>\n<li>Montage Sale-Lease-Back<\/li>\n<\/ul>\n<\/div>\n<hr \/>\n<h5>Planification financi\u00e8re<\/h5>\n<figure id=\"attachment_1665\" aria-describedby=\"caption-attachment-1665\" style=\"width: 250px\" class=\"wp-caption alignright\"><a href=\"http:\/\/www.investaura.co\/boite-a-solutions\/budgetisation-et-previsions\/\"><img data-attachment-id=\"1665\" data-permalink=\"https:\/\/www.investaura.co\/wordpress\/2013\/07\/budgeting-planning-costing-the-first-easy-to-use-solution-in-a-post-excel-world\/130614_architecture\/\" data-orig-file=\"https:\/\/i0.wp.com\/www.investaura.co\/wordpress\/wp-content\/uploads\/2013\/07\/130614_Architecture-e1521735062652.png?fit=1024%2C656&amp;ssl=1\" data-orig-size=\"1024,656\" data-comments-opened=\"1\" data-image-meta=\"{&quot;aperture&quot;:&quot;0&quot;,&quot;credit&quot;:&quot;&quot;,&quot;camera&quot;:&quot;&quot;,&quot;caption&quot;:&quot;&quot;,&quot;created_timestamp&quot;:&quot;0&quot;,&quot;copyright&quot;:&quot;&quot;,&quot;focal_length&quot;:&quot;0&quot;,&quot;iso&quot;:&quot;0&quot;,&quot;shutter_speed&quot;:&quot;0&quot;,&quot;title&quot;:&quot;&quot;}\" data-image-title=\"130614_Architecture\" data-image-description=\"\" data-image-caption=\"\" data-medium-file=\"https:\/\/i0.wp.com\/www.investaura.co\/wordpress\/wp-content\/uploads\/2013\/07\/130614_Architecture-e1521735062652.png?fit=300%2C192&amp;ssl=1\" data-large-file=\"https:\/\/i0.wp.com\/www.investaura.co\/wordpress\/wp-content\/uploads\/2013\/07\/130614_Architecture-e1521735062652.png?fit=720%2C461&amp;ssl=1\" decoding=\"async\" loading=\"lazy\" class=\"wp-image-1665 \" src=\"https:\/\/i0.wp.com\/www.invest-aura.com\/wordpress\/wp-content\/uploads\/2013\/07\/130614_Architecture-300x192.png?resize=250%2C160\" alt=\"Budg\u00e9tisation, planification d'entreprise et co\u00fbt du service dans une bo\u00eete\" width=\"250\" height=\"160\" data-recalc-dims=\"1\" \/><\/a><figcaption id=\"caption-attachment-1665\" class=\"wp-caption-text\">Elaborations et pr\u00e9visions budg\u00e9taires<\/figcaption><\/figure>\n<p>Investir dans des actifs r\u00e9els, des projets et des entreprises n&#8217;est pas une activit\u00e9 autonome, mais doit \u00eatre coh\u00e9rent avec le business plan \u00e0 long terme de l&#8217;entreprise et \u00eatre li\u00e9 \u00e0 un processus de gestion de la performance.<\/p>\n<ul>\n<li>Planification strat\u00e9gique &#8216;top-down&#8217;<\/li>\n<li><a href=\"http:\/\/www.investaura.co\/boite-a-solutions\/budgetisation-et-previsions\/\">Budg\u00e9tisation et pr\u00e9vision<\/a><\/li>\n<li><a href=\"http:\/\/www.investaura.co\/nos-services\/business-planning-fr\/\">Pr\u00e9paration de Business Plan<\/a><\/li>\n<\/ul>\n<hr \/>\n<h5>Support de transactions M&amp;A<\/h5>\n<figure id=\"attachment_4148\" aria-describedby=\"caption-attachment-4148\" style=\"width: 251px\" class=\"wp-caption alignright\"><a href=\"http:\/\/www.investaura.co\/nos-services\/fusions-et-acquisitions\/\"><img data-attachment-id=\"4148\" data-permalink=\"https:\/\/www.investaura.co\/wordpress\/services\/mergers-and-acquisitions\/shutterstock_139401482\/\" data-orig-file=\"https:\/\/i0.wp.com\/www.investaura.co\/wordpress\/wp-content\/uploads\/shutterstock_139401482.jpg?fit=1000%2C554&amp;ssl=1\" data-orig-size=\"1000,554\" data-comments-opened=\"0\" data-image-meta=\"{&quot;aperture&quot;:&quot;0&quot;,&quot;credit&quot;:&quot;&quot;,&quot;camera&quot;:&quot;&quot;,&quot;caption&quot;:&quot;&quot;,&quot;created_timestamp&quot;:&quot;0&quot;,&quot;copyright&quot;:&quot;&quot;,&quot;focal_length&quot;:&quot;0&quot;,&quot;iso&quot;:&quot;0&quot;,&quot;shutter_speed&quot;:&quot;0&quot;,&quot;title&quot;:&quot;&quot;,&quot;orientation&quot;:&quot;0&quot;}\" data-image-title=\"shutterstock_139401482\" data-image-description=\"\" data-image-caption=\"\" data-medium-file=\"https:\/\/i0.wp.com\/www.investaura.co\/wordpress\/wp-content\/uploads\/shutterstock_139401482.jpg?fit=300%2C166&amp;ssl=1\" data-large-file=\"https:\/\/i0.wp.com\/www.investaura.co\/wordpress\/wp-content\/uploads\/shutterstock_139401482.jpg?fit=720%2C399&amp;ssl=1\" decoding=\"async\" loading=\"lazy\" class=\"wp-image-4148 \" src=\"https:\/\/i0.wp.com\/www.invest-aura.com\/wordpress\/wp-content\/uploads\/shutterstock_139401482-300x166.jpg?resize=251%2C139\" alt=\"\" width=\"251\" height=\"139\" srcset=\"https:\/\/i0.wp.com\/www.investaura.co\/wordpress\/wp-content\/uploads\/shutterstock_139401482.jpg?resize=300%2C166&amp;ssl=1 300w, https:\/\/i0.wp.com\/www.investaura.co\/wordpress\/wp-content\/uploads\/shutterstock_139401482.jpg?resize=768%2C425&amp;ssl=1 768w, https:\/\/i0.wp.com\/www.investaura.co\/wordpress\/wp-content\/uploads\/shutterstock_139401482.jpg?w=1000&amp;ssl=1 1000w\" sizes=\"(max-width: 251px) 100vw, 251px\" data-recalc-dims=\"1\" \/><\/a><figcaption id=\"caption-attachment-4148\" class=\"wp-caption-text\">Due Diligence et support M&amp;A<\/figcaption><\/figure>\n<p>Les projets de fusion et d&#8217;acquisition sont souvent des opportunit\u00e9s complexes \u00e0 \u00e9valuer. Investaura vous aide \u00e0 rendre le processus plus fluide et vos transactions M&amp;A plus fructueuses.<\/p>\n<ul>\n<li>Recherche de cibles<\/li>\n<li><a title=\"R\u00e9seau international d'experts M &amp; A\" href=\"http:\/\/www.investaura.co\/nos-services\/fusions-et-acquisitions\/\">Due Diligence et support M&amp;A<\/a><\/li>\n<li>Financement et lev\u00e9e de fonds<\/li>\n<\/ul>\n<hr \/>\n","protected":false},"excerpt":{"rendered":"<p>Nous fournissons une vaste gamme de services de Corporate Finance \u00e0 nos clients de l&#8217;industrie des TIC, notamment: Valorisation En finance, le succ\u00e8s est g\u00e9n\u00e9ralement jug\u00e9 en fonction de la cr\u00e9ation de valeur. Une bonne d\u00e9cision d&#8217;investissement est une d\u00e9cision&#8230; <\/p>\n<div class=\"more-link-container\"><a class=\"more-link\" href=\"https:\/\/www.investaura.co\/wordpress\/nos-services\/conseil\/corporate-finance\/\">Read More<\/a><\/div>\n","protected":false},"author":1,"featured_media":4198,"parent":5752,"menu_order":10,"comment_status":"closed","ping_status":"closed","template":"","meta":{"jetpack_post_was_ever_published":false},"yoast_head":"<!-- This site is optimized with the Yoast SEO plugin v20.4 - https:\/\/yoast.com\/wordpress\/plugins\/seo\/ -->\n<title>Corporate Finance | Investaura<\/title>\n<meta name=\"robots\" content=\"index, follow, max-snippet:-1, max-image-preview:large, max-video-preview:-1\" \/>\n<link rel=\"canonical\" href=\"https:\/\/www.investaura.co\/wordpress\/nos-services\/conseil\/corporate-finance\/\" \/>\n<meta property=\"og:locale\" content=\"en_GB\" \/>\n<meta property=\"og:type\" content=\"article\" \/>\n<meta property=\"og:title\" content=\"Corporate Finance | Investaura\" \/>\n<meta property=\"og:description\" content=\"Nous fournissons une vaste gamme de services de Corporate Finance \u00e0 nos clients de l&#8217;industrie des TIC, notamment: Valorisation En finance, le succ\u00e8s est g\u00e9n\u00e9ralement jug\u00e9 en fonction de la cr\u00e9ation de valeur. Une bonne d\u00e9cision d&#8217;investissement est une d\u00e9cision... Read More\" \/>\n<meta property=\"og:url\" content=\"https:\/\/www.investaura.co\/wordpress\/nos-services\/conseil\/corporate-finance\/\" \/>\n<meta property=\"og:site_name\" content=\"Investaura\" \/>\n<meta property=\"article:modified_time\" content=\"2020-08-10T11:18:02+00:00\" \/>\n<meta property=\"og:image\" content=\"https:\/\/i0.wp.com\/www.investaura.co\/wordpress\/wp-content\/uploads\/2016\/02\/shutterstock_282394148_smaller.jpg?fit=1024%2C683&ssl=1\" \/>\n\t<meta property=\"og:image:width\" content=\"1024\" \/>\n\t<meta property=\"og:image:height\" content=\"683\" \/>\n\t<meta property=\"og:image:type\" content=\"image\/jpeg\" \/>\n<meta name=\"twitter:card\" content=\"summary_large_image\" \/>\n<meta name=\"twitter:label1\" content=\"Estimated reading time\" \/>\n\t<meta name=\"twitter:data1\" content=\"1 minute\" \/>\n<script type=\"application\/ld+json\" class=\"yoast-schema-graph\">{\"@context\":\"https:\/\/schema.org\",\"@graph\":[{\"@type\":\"WebPage\",\"@id\":\"https:\/\/www.investaura.co\/wordpress\/nos-services\/conseil\/corporate-finance\/\",\"url\":\"https:\/\/www.investaura.co\/wordpress\/nos-services\/conseil\/corporate-finance\/\",\"name\":\"Corporate Finance | Investaura\",\"isPartOf\":{\"@id\":\"https:\/\/www.investaura.co\/wordpress\/#website\"},\"datePublished\":\"2015-03-26T13:55:18+00:00\",\"dateModified\":\"2020-08-10T11:18:02+00:00\",\"breadcrumb\":{\"@id\":\"https:\/\/www.investaura.co\/wordpress\/nos-services\/conseil\/corporate-finance\/#breadcrumb\"},\"inLanguage\":\"en-GB\",\"potentialAction\":[{\"@type\":\"ReadAction\",\"target\":[\"https:\/\/www.investaura.co\/wordpress\/nos-services\/conseil\/corporate-finance\/\"]}]},{\"@type\":\"BreadcrumbList\",\"@id\":\"https:\/\/www.investaura.co\/wordpress\/nos-services\/conseil\/corporate-finance\/#breadcrumb\",\"itemListElement\":[{\"@type\":\"ListItem\",\"position\":1,\"name\":\"Home\",\"item\":\"https:\/\/www.investaura.co\/wordpress\/\"},{\"@type\":\"ListItem\",\"position\":2,\"name\":\"Services\",\"item\":\"https:\/\/www.investaura.co\/wordpress\/nos-services\/\"},{\"@type\":\"ListItem\",\"position\":3,\"name\":\"Conseil en strat\u00e9gie\",\"item\":\"https:\/\/www.investaura.co\/wordpress\/nos-services\/conseil\/\"},{\"@type\":\"ListItem\",\"position\":4,\"name\":\"Corporate Finance\"}]},{\"@type\":\"WebSite\",\"@id\":\"https:\/\/www.investaura.co\/wordpress\/#website\",\"url\":\"https:\/\/www.investaura.co\/wordpress\/\",\"name\":\"Investaura\",\"description\":\"The Value Creation Consultants\",\"publisher\":{\"@id\":\"https:\/\/www.investaura.co\/wordpress\/#organization\"},\"potentialAction\":[{\"@type\":\"SearchAction\",\"target\":{\"@type\":\"EntryPoint\",\"urlTemplate\":\"https:\/\/www.investaura.co\/wordpress\/?s={search_term_string}\"},\"query-input\":\"required name=search_term_string\"}],\"inLanguage\":\"en-GB\"},{\"@type\":\"Organization\",\"@id\":\"https:\/\/www.investaura.co\/wordpress\/#organization\",\"name\":\"Investaura\",\"url\":\"https:\/\/www.investaura.co\/wordpress\/\",\"logo\":{\"@type\":\"ImageObject\",\"inLanguage\":\"en-GB\",\"@id\":\"https:\/\/www.investaura.co\/wordpress\/#\/schema\/logo\/image\/\",\"url\":\"https:\/\/i0.wp.com\/www.investaura.co\/wordpress\/wp-content\/uploads\/Logo-INVESTAURA_RGB-blau-e1450351498844.jpg?fit=256%2C90&ssl=1\",\"contentUrl\":\"https:\/\/i0.wp.com\/www.investaura.co\/wordpress\/wp-content\/uploads\/Logo-INVESTAURA_RGB-blau-e1450351498844.jpg?fit=256%2C90&ssl=1\",\"width\":256,\"height\":90,\"caption\":\"Investaura\"},\"image\":{\"@id\":\"https:\/\/www.investaura.co\/wordpress\/#\/schema\/logo\/image\/\"},\"sameAs\":[\"https:\/\/www.linkedin.com\/company\/1229653\"]}]}<\/script>\n<!-- \/ Yoast SEO plugin. -->","yoast_head_json":{"title":"Corporate Finance | Investaura","robots":{"index":"index","follow":"follow","max-snippet":"max-snippet:-1","max-image-preview":"max-image-preview:large","max-video-preview":"max-video-preview:-1"},"canonical":"https:\/\/www.investaura.co\/wordpress\/nos-services\/conseil\/corporate-finance\/","og_locale":"en_GB","og_type":"article","og_title":"Corporate Finance | Investaura","og_description":"Nous fournissons une vaste gamme de services de Corporate Finance \u00e0 nos clients de l&#8217;industrie des TIC, notamment: Valorisation En finance, le succ\u00e8s est g\u00e9n\u00e9ralement jug\u00e9 en fonction de la cr\u00e9ation de valeur. Une bonne d\u00e9cision d&#8217;investissement est une d\u00e9cision... Read More","og_url":"https:\/\/www.investaura.co\/wordpress\/nos-services\/conseil\/corporate-finance\/","og_site_name":"Investaura","article_modified_time":"2020-08-10T11:18:02+00:00","og_image":[{"width":1024,"height":683,"url":"https:\/\/i0.wp.com\/www.investaura.co\/wordpress\/wp-content\/uploads\/2016\/02\/shutterstock_282394148_smaller.jpg?fit=1024%2C683&ssl=1","type":"image\/jpeg"}],"twitter_card":"summary_large_image","twitter_misc":{"Estimated reading time":"1 minute"},"schema":{"@context":"https:\/\/schema.org","@graph":[{"@type":"WebPage","@id":"https:\/\/www.investaura.co\/wordpress\/nos-services\/conseil\/corporate-finance\/","url":"https:\/\/www.investaura.co\/wordpress\/nos-services\/conseil\/corporate-finance\/","name":"Corporate Finance | Investaura","isPartOf":{"@id":"https:\/\/www.investaura.co\/wordpress\/#website"},"datePublished":"2015-03-26T13:55:18+00:00","dateModified":"2020-08-10T11:18:02+00:00","breadcrumb":{"@id":"https:\/\/www.investaura.co\/wordpress\/nos-services\/conseil\/corporate-finance\/#breadcrumb"},"inLanguage":"en-GB","potentialAction":[{"@type":"ReadAction","target":["https:\/\/www.investaura.co\/wordpress\/nos-services\/conseil\/corporate-finance\/"]}]},{"@type":"BreadcrumbList","@id":"https:\/\/www.investaura.co\/wordpress\/nos-services\/conseil\/corporate-finance\/#breadcrumb","itemListElement":[{"@type":"ListItem","position":1,"name":"Home","item":"https:\/\/www.investaura.co\/wordpress\/"},{"@type":"ListItem","position":2,"name":"Services","item":"https:\/\/www.investaura.co\/wordpress\/nos-services\/"},{"@type":"ListItem","position":3,"name":"Conseil en strat\u00e9gie","item":"https:\/\/www.investaura.co\/wordpress\/nos-services\/conseil\/"},{"@type":"ListItem","position":4,"name":"Corporate Finance"}]},{"@type":"WebSite","@id":"https:\/\/www.investaura.co\/wordpress\/#website","url":"https:\/\/www.investaura.co\/wordpress\/","name":"Investaura","description":"The Value Creation Consultants","publisher":{"@id":"https:\/\/www.investaura.co\/wordpress\/#organization"},"potentialAction":[{"@type":"SearchAction","target":{"@type":"EntryPoint","urlTemplate":"https:\/\/www.investaura.co\/wordpress\/?s={search_term_string}"},"query-input":"required name=search_term_string"}],"inLanguage":"en-GB"},{"@type":"Organization","@id":"https:\/\/www.investaura.co\/wordpress\/#organization","name":"Investaura","url":"https:\/\/www.investaura.co\/wordpress\/","logo":{"@type":"ImageObject","inLanguage":"en-GB","@id":"https:\/\/www.investaura.co\/wordpress\/#\/schema\/logo\/image\/","url":"https:\/\/i0.wp.com\/www.investaura.co\/wordpress\/wp-content\/uploads\/Logo-INVESTAURA_RGB-blau-e1450351498844.jpg?fit=256%2C90&ssl=1","contentUrl":"https:\/\/i0.wp.com\/www.investaura.co\/wordpress\/wp-content\/uploads\/Logo-INVESTAURA_RGB-blau-e1450351498844.jpg?fit=256%2C90&ssl=1","width":256,"height":90,"caption":"Investaura"},"image":{"@id":"https:\/\/www.investaura.co\/wordpress\/#\/schema\/logo\/image\/"},"sameAs":["https:\/\/www.linkedin.com\/company\/1229653"]}]}},"jetpack_shortlink":"https:\/\/wp.me\/P7ecno-1DH","jetpack-related-posts":[{"id":5752,"url":"https:\/\/www.investaura.co\/wordpress\/nos-services\/conseil\/","url_meta":{"origin":6305,"position":0},"title":"Conseil en strat\u00e9gie","date":"September 8, 2010","format":false,"excerpt":"Nous menons des initiatives strat\u00e9giques, identifions des opportunit\u00e9s de cr\u00e9ation de valeur et travaillons avec les dirigeants de nos clients pour am\u00e9liorer la performances de l'entreprise \u00e0 court et \u00e0 moyen terme. Nos consultants sont des professionnels issus de l'industrie et sont dot\u00e9s d'une solide exp\u00e9rience op\u00e9rationnelle. Nous apportons une\u2026","rel":"","context":"Similar post","img":{"alt_text":"","src":"https:\/\/i0.wp.com\/www.investaura.co\/wordpress\/wp-content\/uploads\/2016\/02\/shutterstock_282394148_smaller.jpg?fit=1024%2C683&ssl=1&resize=350%2C200","width":350,"height":200},"classes":[]},{"id":5689,"url":"https:\/\/www.investaura.co\/wordpress\/boite-a-solutions\/immobilisation-evaluation-et-juste-valeur-mesure-ifrs-13\/","url_meta":{"origin":6305,"position":1},"title":"R\u00e9\u00e9valuation des actifs immobilis\u00e9s et d\u00e9termination de la juste valeur (IFRS 13)","date":"March 2, 2016","format":false,"excerpt":"Investaura a \u00e9t\u00e9 mandat\u00e9 par un groupe t\u00e9l\u00e9com pour effectuer une \u00e9valuation exhaustive des actifs non courants dans les r\u00e9seaux t\u00e9l\u00e9com g\u00e9r\u00e9s par le client dans quatre pays. Le projet a \u00e9t\u00e9 entrepris sur une p\u00e9riode de trois mois et s'est pench\u00e9 sur $ 1 Milliard d'actifs fixes dans les\u2026","rel":"","context":"Similar post","img":{"alt_text":"","src":"https:\/\/i0.wp.com\/www.investaura.co\/wordpress\/wp-content\/uploads\/2017\/11\/shutterstock_99389720_1024.jpg?fit=1024%2C680&ssl=1&resize=350%2C200","width":350,"height":200},"classes":[]},{"id":5698,"url":"https:\/\/www.investaura.co\/wordpress\/boite-a-solutions\/business-planification-evaluation\/","url_meta":{"origin":6305,"position":2},"title":"Business Planning et Valorisation d&#8217;entreprise","date":"March 2, 2016","format":false,"excerpt":"Un grand nombre de managers sont impliqu\u00e9s dans la pr\u00e9paration de Business Plans, que ce soit dans une start-up, une entreprise mature ou dans un contexte de fusions-acquisitions. Malheureusement, les r\u00e9sultats ne sont pas toujours convaincants, ni corrects! La pr\u00e9paration d'un Business Plan est une activit\u00e9 holistique qui exige non\u2026","rel":"","context":"Similar post","img":{"alt_text":"","src":"https:\/\/i0.wp.com\/www.investaura.co\/wordpress\/wp-content\/uploads\/2024\/07\/Business_Planning3.jpg?fit=1024%2C769&ssl=1&resize=350%2C200","width":350,"height":200},"classes":[]},{"id":6263,"url":"https:\/\/www.investaura.co\/wordpress\/nos-services\/fusions-et-acquisitions\/sell-side-dont-need-ma-conseiller\/","url_meta":{"origin":6305,"position":3},"title":"Sell-side: n&#8217;auriez-vous pas besoin d&#8217;un conseiller M&#038;A?","date":"April 4, 2017","format":false,"excerpt":"Vendre votre entreprise Dans le monde ultra concurrentiel d'aujourd'hui, la croissance et le profit sont les sources fondamentales de cr\u00e9ation de valeur pour les chefs d'entreprise et leurs actionnaires. Si votre soci\u00e9t\u00e9 ne grossit pas, vos concurrents eux se d\u00e9velopperont, et ils pourraient finir par \u00e9clipser et mettre en p\u00e9ril\u2026","rel":"","context":"Similar post","img":{"alt_text":"","src":"https:\/\/i0.wp.com\/www.investaura.co\/wordpress\/wp-content\/uploads\/shutterstock_139401482.jpg?fit=1000%2C554&ssl=1&resize=350%2C200","width":350,"height":200},"classes":[]},{"id":6303,"url":"https:\/\/www.investaura.co\/wordpress\/nos-services\/conseil\/strategie-et-business-planning\/","url_meta":{"origin":6305,"position":4},"title":"Strat\u00e9gie et planification d&#8217;entreprise","date":"March 26, 2015","format":false,"excerpt":"Les consultants d'Investaura ont une vaste exp\u00e9rience dans le domaine de la strat\u00e9gie - appliqu\u00e9e, d\u00e9taill\u00e9e - et de la planification d'entreprise - quantifi\u00e9e, robuste, r\u00e9alisable - remontant au milieu des ann\u00e9es 1990. Nous comprenons les petites et les grandes entreprises. Nous sommes des consultants devenus entrepreneurs et savons ce\u2026","rel":"","context":"Similar post","img":{"alt_text":"","src":"https:\/\/i0.wp.com\/www.investaura.co\/wordpress\/wp-content\/uploads\/2016\/02\/shutterstock_282394148_smaller.jpg?fit=1024%2C683&ssl=1&resize=350%2C200","width":350,"height":200},"classes":[]},{"id":6265,"url":"https:\/\/www.investaura.co\/wordpress\/nos-services\/fusions-et-acquisitions\/acheter-cote-ma-matiere\/","url_meta":{"origin":6305,"position":5},"title":"Buy-side: pourquoi le M&#038;A est-il important?","date":"April 4, 2017","format":false,"excerpt":"Acc\u00e9l\u00e9rez la croissance de votre entreprise Dans le monde comp\u00e9titif d'aujourd'hui, la rapidit\u00e9 d'ex\u00e9cution et le contr\u00f4le des co\u00fbts comptent parmi les facteurs de cr\u00e9ation de valeur les plus importants pour les actionnaires comme pour les clients. Un projet de croissance exog\u00e8ne via M&A peut aider votre entreprise \u00e0 gagner\u2026","rel":"","context":"Similar post","img":{"alt_text":"","src":"https:\/\/i0.wp.com\/www.investaura.co\/wordpress\/wp-content\/uploads\/shutterstock_139401482.jpg?fit=1000%2C554&ssl=1&resize=350%2C200","width":350,"height":200},"classes":[]}],"jetpack_sharing_enabled":true,"_links":{"self":[{"href":"https:\/\/www.investaura.co\/wordpress\/wp-json\/wp\/v2\/pages\/6305"}],"collection":[{"href":"https:\/\/www.investaura.co\/wordpress\/wp-json\/wp\/v2\/pages"}],"about":[{"href":"https:\/\/www.investaura.co\/wordpress\/wp-json\/wp\/v2\/types\/page"}],"author":[{"embeddable":true,"href":"https:\/\/www.investaura.co\/wordpress\/wp-json\/wp\/v2\/users\/1"}],"replies":[{"embeddable":true,"href":"https:\/\/www.investaura.co\/wordpress\/wp-json\/wp\/v2\/comments?post=6305"}],"version-history":[{"count":23,"href":"https:\/\/www.investaura.co\/wordpress\/wp-json\/wp\/v2\/pages\/6305\/revisions"}],"predecessor-version":[{"id":7442,"href":"https:\/\/www.investaura.co\/wordpress\/wp-json\/wp\/v2\/pages\/6305\/revisions\/7442"}],"up":[{"embeddable":true,"href":"https:\/\/www.investaura.co\/wordpress\/wp-json\/wp\/v2\/pages\/5752"}],"wp:featuredmedia":[{"embeddable":true,"href":"https:\/\/www.investaura.co\/wordpress\/wp-json\/wp\/v2\/media\/4198"}],"wp:attachment":[{"href":"https:\/\/www.investaura.co\/wordpress\/wp-json\/wp\/v2\/media?parent=6305"}],"curies":[{"name":"wp","href":"https:\/\/api.w.org\/{rel}","templated":true}]}}