{"id":6304,"date":"2015-03-26T15:55:47","date_gmt":"2015-03-26T13:55:47","guid":{"rendered":"http:\/\/www.invest-aura.com\/?page_id=3394"},"modified":"2020-08-11T10:20:32","modified_gmt":"2020-08-11T08:20:32","slug":"strategie-und-business-planung","status":"publish","type":"page","link":"https:\/\/www.investaura.co\/wordpress\/dienstleistungen\/beratung\/strategie-und-business-planung\/","title":{"rendered":"Strategie und Gesch\u00e4ftsplanung"},"content":{"rendered":"<p>Die Berater von Investaura verf\u00fcgen \u00fcber umfangreiche Erfahrung im Bereich der Strategie &#8211; angewandte, detaillierte &#8211; und Gesch\u00e4ftsplanung &#8211; quantifiziert, robust, umsetzbar -, die bis in die Mitte der 1990er Jahre zur\u00fcckreicht.<\/p>\n<p><img data-attachment-id=\"4386\" data-permalink=\"https:\/\/www.investaura.co\/wordpress\/services\/consulting\/shutterstock_280679183\/\" data-orig-file=\"https:\/\/i0.wp.com\/www.investaura.co\/wordpress\/wp-content\/uploads\/2016\/02\/shutterstock_280679183.jpg?fit=1000%2C555&amp;ssl=1\" data-orig-size=\"1000,555\" data-comments-opened=\"0\" data-image-meta=\"{&quot;aperture&quot;:&quot;0&quot;,&quot;credit&quot;:&quot;&quot;,&quot;camera&quot;:&quot;&quot;,&quot;caption&quot;:&quot;&quot;,&quot;created_timestamp&quot;:&quot;0&quot;,&quot;copyright&quot;:&quot;&quot;,&quot;focal_length&quot;:&quot;0&quot;,&quot;iso&quot;:&quot;0&quot;,&quot;shutter_speed&quot;:&quot;0&quot;,&quot;title&quot;:&quot;&quot;,&quot;orientation&quot;:&quot;0&quot;}\" data-image-title=\"shutterstock_280679183\" data-image-description=\"\" data-image-caption=\"&lt;p&gt;Strategy services&lt;\/p&gt;\n\" data-medium-file=\"https:\/\/i0.wp.com\/www.investaura.co\/wordpress\/wp-content\/uploads\/2016\/02\/shutterstock_280679183.jpg?fit=300%2C167&amp;ssl=1\" data-large-file=\"https:\/\/i0.wp.com\/www.investaura.co\/wordpress\/wp-content\/uploads\/2016\/02\/shutterstock_280679183.jpg?fit=720%2C400&amp;ssl=1\" decoding=\"async\" loading=\"lazy\" class=\"alignright wp-image-4386 size-medium\" src=\"https:\/\/i0.wp.com\/www.invest-aura.com\/wordpress\/wp-content\/uploads\/2016\/02\/shutterstock_280679183-300x167.jpg?resize=300%2C167\" alt=\"\" width=\"300\" height=\"167\" srcset=\"https:\/\/i0.wp.com\/www.investaura.co\/wordpress\/wp-content\/uploads\/2016\/02\/shutterstock_280679183.jpg?resize=300%2C167&amp;ssl=1 300w, https:\/\/i0.wp.com\/www.investaura.co\/wordpress\/wp-content\/uploads\/2016\/02\/shutterstock_280679183.jpg?resize=150%2C83&amp;ssl=1 150w, https:\/\/i0.wp.com\/www.investaura.co\/wordpress\/wp-content\/uploads\/2016\/02\/shutterstock_280679183.jpg?w=1000&amp;ssl=1 1000w\" sizes=\"(max-width: 300px) 100vw, 300px\" data-recalc-dims=\"1\" \/><\/p>\n<p>Wir verstehen sowohl kleine als auch gro\u00dfe Unternehmen. Wir sind Berater, die zu Unternehmern werden und wissen, was n\u00f6tig ist, um ein neues Unternehmen von Grund auf zu gr\u00fcnden. Dar\u00fcber hinaus haben wir in F\u00fchrungspositionen in der Industrie gearbeitet, so dass wir wissen, wie Innovationen in gro\u00dfen Unternehmen gedeihen &#8211; oder schmachten.<\/p>\n<p>Wir wissen, was funktioniert und was nicht, und verstehen die Herausforderungen, denen sich unsere Kunden gegen\u00fcbersehen, weil wir sie gelebt haben.<\/p>\n<hr \/>\n<blockquote><p><span style=\"color: #000080;\">&#8220;Der Versuch, der Beste zu sein, ist eine intuitive, aber selbstzerst\u00f6rerische Herangehensweise an den Wettbewerb. Wettbewerbsvorteil besteht nicht darin, Rivalen zu schlagen; es geht darum, einzigartige Werte f\u00fcr Kunden zu schaffen &#8230;.<\/span><\/p>\n<p><span style=\"color: #000080;\">&#8230;.\u00a0Ein unterscheidungskr\u00e4ftiges Wertversprechen wird nur dann in eine sinnvolle Strategie umgesetzt, wenn sich die besten Aktivit\u00e4ten, die es liefern soll, von den Aktivit\u00e4ten der Konkurrenten unterscheiden. Wettbewerbsvorteil liegt in den Aktivit\u00e4ten, in der Wahl, Aktivit\u00e4ten anders durchzuf\u00fchren oder andere Aktivit\u00e4ten von Rivalen durchzuf\u00fchren &#8230;.<\/span><\/p>\n<p><span style=\"color: #000080;\">&#8230; Keine Strategie ist sinnvoll, wenn sie nicht klar macht, was das Unternehmen NICHT tun wird. Kompromisse machen ist der Dreh- und Angelpunkt, der Wettbewerbsvorteile m\u00f6glich und nachhaltig macht &#8230;.<\/span><\/p>\n<p><span style=\"color: #000080;\">&#8230; Gute Strategien h\u00e4ngen von vielen Entscheidungen ab, nicht von einer, und von den Verbindungen zwischen ihnen. Eine Kernkompetenz allein wird selten einen nachhaltigen Wettbewerbsvorteil bringen. &#8220;<\/span><\/p>\n<p style=\"text-align: right;\"><span style=\"color: #000080;\"><em>Joan Magretta, HBR, 2012<\/em><\/span><\/p>\n<\/blockquote>\n<hr \/>\n<p>\u00dcber die &#8220;Theorie&#8221; hinaus bringen wir starke &#8220;praktische&#8221; Erfahrungen aus der Industrie mit. Zu unseren Strategie- und Gesch\u00e4ftsplanungsaufgaben geh\u00f6ren:<\/p>\n<div>\n<h5>Neugesch\u00e4ft, neue Lizenz, Innovationsprojekt<\/h5>\n<ul>\n<li><span class=\"Apple-style-span\"><span class=\"Apple-style-span\">Gesch\u00e4ftsplanung und Vorstandspr\u00e4sentation f\u00fcr eine neue digitale L\u00f6sung f\u00fcr die gewerbliche Immobilienbranche (Commercial Real Estate)<\/span><\/span><\/li>\n<li><span class=\"Apple-style-span\"><span class=\"Apple-style-span\">Gesch\u00e4ftsplanung und Vorstandspr\u00e4sentation f\u00fcr eine neue digitale L\u00f6sung f\u00fcr die Wohnungswirtschaft<\/span><\/span><\/li>\n<li><span class=\"Apple-style-span\"><span class=\"Apple-style-span\">Gesch\u00e4ftsplan und Verhandlungsunterst\u00fctzung f\u00fcr ein gro\u00dfes FTTH-Projekt (25-j\u00e4hrige PPP)<\/span><\/span><\/li>\n<li><span class=\"Apple-style-span\"><span class=\"Apple-style-span\">Budgetierung und Gesch\u00e4ftsplanung f\u00fcr ein f\u00fchrendes Mobilfunknetzbetreiberunternehmen im Nahen Osten<\/span><\/span><\/li>\n<li><span class=\"Apple-style-span\"><span class=\"Apple-style-span\">Businesspl\u00e4ne f\u00fcr MVNOs in Deutschland<\/span><\/span><\/li>\n<li>Managed Services \/ Outsourcing-Gesch\u00e4ftspl\u00e4ne f\u00fcr einen europ\u00e4ischen Lieferanten<\/li>\n<li>Business Plan f\u00fcr eine neue Produktlinie von Mobiltelefonen<\/li>\n<li>Unternehmensplanung f\u00fcr einen CATV-Betreiber, der zu &#8220;TV Everywhere&#8221;-Diensten migriert, USA<\/li>\n<li>Businessplan f\u00fcr Technologiemigration in Lateinamerika<\/li>\n<li>Network Operations Transformation Businessplan, einschlie\u00dflich Analyse von Managed Services, Outsourcing, Network Sharing und Leasing<\/li>\n<li>Businessplan f\u00fcr Mobiles Fernsehen in Europa<\/li>\n<li><span class=\"Apple-style-span\">3G-Gesch\u00e4ftspl\u00e4ne f\u00fcr mehr als 20 neue Lizenzen<\/span><\/li>\n<\/ul>\n<h5>Sell-side M&amp;A, Buy-side M&amp;A, Finanzierung<\/h5>\n<ul>\n<li>Gesch\u00e4ftsplan, Financial Factbook und Information Memorandum f\u00fcr einen Anbieter von IoT-L\u00f6sungen f\u00fcr Tunnelbetreiber<\/li>\n<li>Gesch\u00e4ftsplan, kommerzielle und finanzielle Factbooks f\u00fcr einen Telekommunikationsbetreiber in der Karibik &#8211; Transaktion abgeschlossen<\/li>\n<li>Gesch\u00e4ftsplan und Financial Factbook f\u00fcr ein E-Commerce-Unternehmen &#8211; Transaktion abgeschlossen<\/li>\n<li>Due Diligence, Gesch\u00e4ftsplanung, Bewertung und Beratung f\u00fcr eine asiatische Telekommunikationsgruppe<img decoding=\"async\" loading=\"lazy\" class=\"alignright\" src=\"https:\/\/i0.wp.com\/www.invest-aura.com\/wordpress\/wp-content\/uploads\/2016\/02\/shutterstock_300603266.jpg?resize=300%2C225\" alt=\"shutterstock_300603266\" width=\"300\" height=\"225\" data-recalc-dims=\"1\" \/><\/li>\n<li>Due Diligence und Business Plan eines indischen MNO in seiner fr\u00fchen Phase der Gesch\u00e4ftst\u00e4tigkeit, um eine Beteiligung am Gesch\u00e4ft zu \u00fcbernehmen &#8211; Transaktion abgeschlossen<\/li>\n<li>Due Diligence, Gesch\u00e4ftsplanung, Bewertung und Transaktionsunterst\u00fctzung f\u00fcr eine gro\u00dfe Telekommunikationsgruppe in Afrika, wobei zwei der Ziele erworben wurden<\/li>\n<li>Triple-Play-Gesch\u00e4ftsplan f\u00fcr einen CATV-Betreiber<\/li>\n<li>Gesch\u00e4ftsplanung und -bewertung f\u00fcr ein Softwareunternehmen in S\u00fcdostasien &#8211; Transaktion abgeschlossen<\/li>\n<li>Businessplan f\u00fcr ein ICT-Unternehmen, das L\u00f6sungen f\u00fcr Flugh\u00e4fen und Fluggesellschaften anbietet<\/li>\n<li>Businessplan f\u00fcr einen Anbieter von Sicherheitsl\u00f6sungen f\u00fcr kritische Infrastrukturindustrien<\/li>\n<\/ul>\n<\/div>\n<hr \/>\n<blockquote><p><span style=\"color: #000080;\">&#8220;Es ist \u00e4u\u00dferst schwierig, eine einzigartige Strategie f\u00fcr ein Unternehmen zu entwickeln; und wenn die Strategie wirklich anders ist als das, was andere in der Branche tun, ist es wahrscheinlich sehr riskant &#8230;<\/span><\/p>\n<p><span style=\"color: #000080;\">&#8230;. Am Ende des Tages k\u00e4mpft jeder Teilnehmer meistens mit den gleichen Waffen &#8230;<\/span><\/p>\n<p><span style=\"color: #000080;\">&#8230;. Daher ist die Ausf\u00fchrung wirklich der kritische Teil einer erfolgreichen Strategie. Es ist viel wichtiger, es zu schaffen, richtig hinzukommen, es besser zu machen als die n\u00e4chste Person, als sich neue Zukunftsvisionen auszudenken. &#8220;<\/span><\/p>\n<p style=\"text-align: right;\"><span class=\"Apple-style-span\" style=\"color: #000080;\"><em style=\"font-style: normal;\"><span class=\"Apple-style-span\">Louis V. Gerstner Jr., CEO von IBM (1993-2002)<\/span><\/em><\/span><\/p>\n<\/blockquote>\n","protected":false},"excerpt":{"rendered":"<p>Die Berater von Investaura verf\u00fcgen \u00fcber umfangreiche Erfahrung im Bereich der Strategie &#8211; angewandte, detaillierte &#8211; und Gesch\u00e4ftsplanung &#8211; quantifiziert, robust, umsetzbar -, die bis in die Mitte der 1990er Jahre zur\u00fcckreicht. Wir verstehen sowohl kleine als auch gro\u00dfe Unternehmen&#8230;. <\/p>\n<div class=\"more-link-container\"><a class=\"more-link\" href=\"https:\/\/www.investaura.co\/wordpress\/dienstleistungen\/beratung\/strategie-und-business-planung\/\">Read More<\/a><\/div>\n","protected":false},"author":1,"featured_media":4198,"parent":5753,"menu_order":1,"comment_status":"closed","ping_status":"closed","template":"","meta":{"jetpack_post_was_ever_published":false},"yoast_head":"<!-- This site is optimized with the Yoast SEO plugin v20.4 - https:\/\/yoast.com\/wordpress\/plugins\/seo\/ -->\n<title>Strategie und Gesch\u00e4ftsplanung | Investaura<\/title>\n<meta name=\"robots\" content=\"index, follow, max-snippet:-1, max-image-preview:large, max-video-preview:-1\" \/>\n<link rel=\"canonical\" href=\"https:\/\/www.investaura.co\/wordpress\/dienstleistungen\/beratung\/strategie-und-business-planung\/\" \/>\n<meta property=\"og:locale\" content=\"en_GB\" \/>\n<meta property=\"og:type\" content=\"article\" \/>\n<meta property=\"og:title\" content=\"Strategie und Gesch\u00e4ftsplanung | Investaura\" \/>\n<meta property=\"og:description\" content=\"Die Berater von Investaura verf\u00fcgen \u00fcber umfangreiche Erfahrung im Bereich der Strategie &#8211; angewandte, detaillierte &#8211; und Gesch\u00e4ftsplanung &#8211; quantifiziert, robust, umsetzbar -, die bis in die Mitte der 1990er Jahre zur\u00fcckreicht. Wir verstehen sowohl kleine als auch gro\u00dfe Unternehmen.... Read More\" \/>\n<meta property=\"og:url\" content=\"https:\/\/www.investaura.co\/wordpress\/dienstleistungen\/beratung\/strategie-und-business-planung\/\" \/>\n<meta property=\"og:site_name\" content=\"Investaura\" \/>\n<meta property=\"article:modified_time\" content=\"2020-08-11T08:20:32+00:00\" \/>\n<meta property=\"og:image\" content=\"https:\/\/i0.wp.com\/www.investaura.co\/wordpress\/wp-content\/uploads\/2016\/02\/shutterstock_282394148_smaller.jpg?fit=1024%2C683&ssl=1\" \/>\n\t<meta property=\"og:image:width\" content=\"1024\" \/>\n\t<meta property=\"og:image:height\" content=\"683\" \/>\n\t<meta property=\"og:image:type\" content=\"image\/jpeg\" \/>\n<meta name=\"twitter:card\" content=\"summary_large_image\" \/>\n<meta name=\"twitter:label1\" content=\"Estimated reading time\" \/>\n\t<meta name=\"twitter:data1\" content=\"3 minutes\" \/>\n<script type=\"application\/ld+json\" class=\"yoast-schema-graph\">{\"@context\":\"https:\/\/schema.org\",\"@graph\":[{\"@type\":\"WebPage\",\"@id\":\"https:\/\/www.investaura.co\/wordpress\/dienstleistungen\/beratung\/strategie-und-business-planung\/\",\"url\":\"https:\/\/www.investaura.co\/wordpress\/dienstleistungen\/beratung\/strategie-und-business-planung\/\",\"name\":\"Strategie und Gesch\u00e4ftsplanung | Investaura\",\"isPartOf\":{\"@id\":\"https:\/\/www.investaura.co\/wordpress\/#website\"},\"datePublished\":\"2015-03-26T13:55:47+00:00\",\"dateModified\":\"2020-08-11T08:20:32+00:00\",\"breadcrumb\":{\"@id\":\"https:\/\/www.investaura.co\/wordpress\/dienstleistungen\/beratung\/strategie-und-business-planung\/#breadcrumb\"},\"inLanguage\":\"en-GB\",\"potentialAction\":[{\"@type\":\"ReadAction\",\"target\":[\"https:\/\/www.investaura.co\/wordpress\/dienstleistungen\/beratung\/strategie-und-business-planung\/\"]}]},{\"@type\":\"BreadcrumbList\",\"@id\":\"https:\/\/www.investaura.co\/wordpress\/dienstleistungen\/beratung\/strategie-und-business-planung\/#breadcrumb\",\"itemListElement\":[{\"@type\":\"ListItem\",\"position\":1,\"name\":\"Home\",\"item\":\"https:\/\/www.investaura.co\/wordpress\/\"},{\"@type\":\"ListItem\",\"position\":2,\"name\":\"Leistungen\",\"item\":\"https:\/\/www.investaura.co\/wordpress\/dienstleistungen\/\"},{\"@type\":\"ListItem\",\"position\":3,\"name\":\"Strategieberatung\",\"item\":\"https:\/\/www.investaura.co\/wordpress\/dienstleistungen\/beratung\/\"},{\"@type\":\"ListItem\",\"position\":4,\"name\":\"Strategie und Gesch\u00e4ftsplanung\"}]},{\"@type\":\"WebSite\",\"@id\":\"https:\/\/www.investaura.co\/wordpress\/#website\",\"url\":\"https:\/\/www.investaura.co\/wordpress\/\",\"name\":\"Investaura\",\"description\":\"The Value Creation Consultants\",\"publisher\":{\"@id\":\"https:\/\/www.investaura.co\/wordpress\/#organization\"},\"potentialAction\":[{\"@type\":\"SearchAction\",\"target\":{\"@type\":\"EntryPoint\",\"urlTemplate\":\"https:\/\/www.investaura.co\/wordpress\/?s={search_term_string}\"},\"query-input\":\"required name=search_term_string\"}],\"inLanguage\":\"en-GB\"},{\"@type\":\"Organization\",\"@id\":\"https:\/\/www.investaura.co\/wordpress\/#organization\",\"name\":\"Investaura\",\"url\":\"https:\/\/www.investaura.co\/wordpress\/\",\"logo\":{\"@type\":\"ImageObject\",\"inLanguage\":\"en-GB\",\"@id\":\"https:\/\/www.investaura.co\/wordpress\/#\/schema\/logo\/image\/\",\"url\":\"https:\/\/i0.wp.com\/www.investaura.co\/wordpress\/wp-content\/uploads\/Logo-INVESTAURA_RGB-blau-e1450351498844.jpg?fit=256%2C90&ssl=1\",\"contentUrl\":\"https:\/\/i0.wp.com\/www.investaura.co\/wordpress\/wp-content\/uploads\/Logo-INVESTAURA_RGB-blau-e1450351498844.jpg?fit=256%2C90&ssl=1\",\"width\":256,\"height\":90,\"caption\":\"Investaura\"},\"image\":{\"@id\":\"https:\/\/www.investaura.co\/wordpress\/#\/schema\/logo\/image\/\"},\"sameAs\":[\"https:\/\/www.linkedin.com\/company\/1229653\"]}]}<\/script>\n<!-- \/ Yoast SEO plugin. -->","yoast_head_json":{"title":"Strategie und Gesch\u00e4ftsplanung | Investaura","robots":{"index":"index","follow":"follow","max-snippet":"max-snippet:-1","max-image-preview":"max-image-preview:large","max-video-preview":"max-video-preview:-1"},"canonical":"https:\/\/www.investaura.co\/wordpress\/dienstleistungen\/beratung\/strategie-und-business-planung\/","og_locale":"en_GB","og_type":"article","og_title":"Strategie und Gesch\u00e4ftsplanung | Investaura","og_description":"Die Berater von Investaura verf\u00fcgen \u00fcber umfangreiche Erfahrung im Bereich der Strategie &#8211; angewandte, detaillierte &#8211; und Gesch\u00e4ftsplanung &#8211; quantifiziert, robust, umsetzbar -, die bis in die Mitte der 1990er Jahre zur\u00fcckreicht. Wir verstehen sowohl kleine als auch gro\u00dfe Unternehmen.... Read More","og_url":"https:\/\/www.investaura.co\/wordpress\/dienstleistungen\/beratung\/strategie-und-business-planung\/","og_site_name":"Investaura","article_modified_time":"2020-08-11T08:20:32+00:00","og_image":[{"width":1024,"height":683,"url":"https:\/\/i0.wp.com\/www.investaura.co\/wordpress\/wp-content\/uploads\/2016\/02\/shutterstock_282394148_smaller.jpg?fit=1024%2C683&ssl=1","type":"image\/jpeg"}],"twitter_card":"summary_large_image","twitter_misc":{"Estimated reading time":"3 minutes"},"schema":{"@context":"https:\/\/schema.org","@graph":[{"@type":"WebPage","@id":"https:\/\/www.investaura.co\/wordpress\/dienstleistungen\/beratung\/strategie-und-business-planung\/","url":"https:\/\/www.investaura.co\/wordpress\/dienstleistungen\/beratung\/strategie-und-business-planung\/","name":"Strategie und Gesch\u00e4ftsplanung | Investaura","isPartOf":{"@id":"https:\/\/www.investaura.co\/wordpress\/#website"},"datePublished":"2015-03-26T13:55:47+00:00","dateModified":"2020-08-11T08:20:32+00:00","breadcrumb":{"@id":"https:\/\/www.investaura.co\/wordpress\/dienstleistungen\/beratung\/strategie-und-business-planung\/#breadcrumb"},"inLanguage":"en-GB","potentialAction":[{"@type":"ReadAction","target":["https:\/\/www.investaura.co\/wordpress\/dienstleistungen\/beratung\/strategie-und-business-planung\/"]}]},{"@type":"BreadcrumbList","@id":"https:\/\/www.investaura.co\/wordpress\/dienstleistungen\/beratung\/strategie-und-business-planung\/#breadcrumb","itemListElement":[{"@type":"ListItem","position":1,"name":"Home","item":"https:\/\/www.investaura.co\/wordpress\/"},{"@type":"ListItem","position":2,"name":"Leistungen","item":"https:\/\/www.investaura.co\/wordpress\/dienstleistungen\/"},{"@type":"ListItem","position":3,"name":"Strategieberatung","item":"https:\/\/www.investaura.co\/wordpress\/dienstleistungen\/beratung\/"},{"@type":"ListItem","position":4,"name":"Strategie und Gesch\u00e4ftsplanung"}]},{"@type":"WebSite","@id":"https:\/\/www.investaura.co\/wordpress\/#website","url":"https:\/\/www.investaura.co\/wordpress\/","name":"Investaura","description":"The Value Creation Consultants","publisher":{"@id":"https:\/\/www.investaura.co\/wordpress\/#organization"},"potentialAction":[{"@type":"SearchAction","target":{"@type":"EntryPoint","urlTemplate":"https:\/\/www.investaura.co\/wordpress\/?s={search_term_string}"},"query-input":"required name=search_term_string"}],"inLanguage":"en-GB"},{"@type":"Organization","@id":"https:\/\/www.investaura.co\/wordpress\/#organization","name":"Investaura","url":"https:\/\/www.investaura.co\/wordpress\/","logo":{"@type":"ImageObject","inLanguage":"en-GB","@id":"https:\/\/www.investaura.co\/wordpress\/#\/schema\/logo\/image\/","url":"https:\/\/i0.wp.com\/www.investaura.co\/wordpress\/wp-content\/uploads\/Logo-INVESTAURA_RGB-blau-e1450351498844.jpg?fit=256%2C90&ssl=1","contentUrl":"https:\/\/i0.wp.com\/www.investaura.co\/wordpress\/wp-content\/uploads\/Logo-INVESTAURA_RGB-blau-e1450351498844.jpg?fit=256%2C90&ssl=1","width":256,"height":90,"caption":"Investaura"},"image":{"@id":"https:\/\/www.investaura.co\/wordpress\/#\/schema\/logo\/image\/"},"sameAs":["https:\/\/www.linkedin.com\/company\/1229653"]}]}},"jetpack_shortlink":"https:\/\/wp.me\/P7ecno-1DG","jetpack-related-posts":[{"id":6759,"url":"https:\/\/www.investaura.co\/wordpress\/dienstleistungen\/geschaeftsplanung\/","url_meta":{"origin":6304,"position":0},"title":"Gesch\u00e4ftsplanung","date":"January 31, 2019","format":false,"excerpt":"Eine gro\u00dfe Anzahl von Managern ist an der Erstellung von Gesch\u00e4ftspl\u00e4nen beteiligt, sei es in einem Start-up, einem ausgereiften Unternehmen oder im Rahmen von M&A. Leider sind die Ergebnisse nicht immer \u00fcberzeugend. Investaura hat eine immense Erfahrung im Bereich der Finanzplanung. Gesch\u00e4ftsplanung ist eine ganzheitliche Aktivit\u00e4t, die nicht nur ein\u2026","rel":"","context":"Similar post","img":{"alt_text":"","src":"https:\/\/i0.wp.com\/www.investaura.co\/wordpress\/wp-content\/uploads\/2010\/09\/shutterstock_251280265_smaller.jpg?fit=1024%2C678&ssl=1&resize=350%2C200","width":350,"height":200},"classes":[]},{"id":5700,"url":"https:\/\/www.investaura.co\/wordpress\/losungen\/business-planning-bewertung\/","url_meta":{"origin":6304,"position":1},"title":"Business Plan und Unternehmensbewertung","date":"March 2, 2016","format":false,"excerpt":"Eine gro\u00dfe Anzahl von Managern arbeitet weltweit an der Erstellung von Gesch\u00e4ftspl\u00e4nen, sei es in einem Start-up-Unternehmen, im reifen Unternehmen oder im M&A-Kontext. Leider sind die Ergebnisse nicht immer \u00fcberzeugend oder korrekt! Gesch\u00e4ftsplanung ist eine ganzheitliche Aktivit\u00e4t, die nicht nur ein starkes Verst\u00e4ndnis des Unternehmens erfordert, sondern auch eine klare\u2026","rel":"","context":"Similar post","img":{"alt_text":"","src":"https:\/\/i0.wp.com\/www.investaura.co\/wordpress\/wp-content\/uploads\/2024\/07\/Business_Planning3.jpg?fit=1024%2C769&ssl=1&resize=350%2C200","width":350,"height":200},"classes":[]},{"id":6272,"url":"https:\/\/www.investaura.co\/wordpress\/dienstleistungen\/mergers-and-acquisitions\/die-wirklichen-herausforderungen-von-ma-projekten\/","url_meta":{"origin":6304,"position":2},"title":"Die wahren Herausforderungen von M&#038;A-Projekten","date":"March 24, 2015","format":false,"excerpt":"Aufgrund unserer langj\u00e4hrigen Erfahrung im Bereich Mergers & Acquisitions glauben wir, dass die wahren Herausforderungen von M & A-Engagements folgende sind: Finden Sie das f\u00fcr Sie richtige Ziel: Klarheit und Sch\u00e4rfe in der strategischen Positionierung des K\u00e4ufers sowie der Fokus auf das Portfolio sind von gr\u00f6\u00dfter Bedeutung f\u00fcr einen effizienten\u2026","rel":"","context":"Similar post","img":{"alt_text":"","src":"","width":0,"height":0},"classes":[]},{"id":5753,"url":"https:\/\/www.investaura.co\/wordpress\/dienstleistungen\/beratung\/","url_meta":{"origin":6304,"position":3},"title":"Strategieberatung","date":"September 8, 2010","format":false,"excerpt":"Wir leiten strategische Initiativen, identifizieren Wertsch\u00f6pfungsm\u00f6glichkeiten und arbeiten mit den F\u00fchrungskr\u00e4ften unserer Kunden zusammen, um sowohl die kurzfristige als auch die langfristige Unternehmensleistung zu verbessern. Unsere Berater sind erfahrene Fachleute mit umfassender operativer Erfahrung. Wir bringen unsere positive Einstellung ein: Wir haben Unternehmergeist, sind umsetzungsorientiert und \u00fcbernehmen die Verantwortung f\u00fcr\u2026","rel":"","context":"Similar post","img":{"alt_text":"","src":"https:\/\/i0.wp.com\/www.investaura.co\/wordpress\/wp-content\/uploads\/2016\/02\/shutterstock_282394148_smaller.jpg?fit=1024%2C683&ssl=1&resize=350%2C200","width":350,"height":200},"classes":[]},{"id":6266,"url":"https:\/\/www.investaura.co\/wordpress\/dienstleistungen\/mergers-and-acquisitions\/buy-side-ma-angelegenheit\/","url_meta":{"origin":6304,"position":4},"title":"Buy-Side: Warum ist M&#038;A wichtig?","date":"April 4, 2017","format":false,"excerpt":"Beschleunigen Sie Ihr Gesch\u00e4ft In der heutigen Wettbewerbswelt z\u00e4hlen Geschwindigkeit und Kostenkontrolle zu den wichtigsten Wertsch\u00f6pfungsfaktoren aus Sicht der Kunden als auch der Aktion\u00e4re. Exogenes Wachstum durch M&A kann Ihrem Unternehmen helfen, Zeit zu sparen und schneller zu wachsen, fehlende Kompetenzen zu erwerben und die Wirtschaftlichkeit Ihres Unternehmens zu verbessern.\u2026","rel":"","context":"Similar post","img":{"alt_text":"","src":"https:\/\/i0.wp.com\/www.investaura.co\/wordpress\/wp-content\/uploads\/shutterstock_139401482.jpg?fit=1000%2C554&ssl=1&resize=350%2C200","width":350,"height":200},"classes":[]},{"id":6264,"url":"https:\/\/www.investaura.co\/wordpress\/dienstleistungen\/mergers-and-acquisitions\/sell-side-dont-brauchen-ma-berater\/","url_meta":{"origin":6304,"position":5},"title":"Verkaufsseite: Brauchen Sie keinen M&#038;A-Berater?","date":"April 4, 2017","format":false,"excerpt":"Verkaufen Sie Ihre Firma In der heutigen wettbewerbsorientierten Welt sind Gewinn und Wachstum fundamentale Quellen der Wertsch\u00f6pfung f\u00fcr Unternehmer und Aktion\u00e4re. Wenn Sie nicht wachsen, werden es Ihre Konkurrenten tun, und diese k\u00f6nnten schlie\u00dflich Ihr Gesch\u00e4ft in den Schatten stellen und gef\u00e4hrden. Selbst wenn Sie eine profitable Nische f\u00fcr Ihr\u2026","rel":"","context":"Similar post","img":{"alt_text":"","src":"https:\/\/i0.wp.com\/www.investaura.co\/wordpress\/wp-content\/uploads\/shutterstock_139401482.jpg?fit=1000%2C554&ssl=1&resize=350%2C200","width":350,"height":200},"classes":[]}],"jetpack_sharing_enabled":true,"_links":{"self":[{"href":"https:\/\/www.investaura.co\/wordpress\/wp-json\/wp\/v2\/pages\/6304"}],"collection":[{"href":"https:\/\/www.investaura.co\/wordpress\/wp-json\/wp\/v2\/pages"}],"about":[{"href":"https:\/\/www.investaura.co\/wordpress\/wp-json\/wp\/v2\/types\/page"}],"author":[{"embeddable":true,"href":"https:\/\/www.investaura.co\/wordpress\/wp-json\/wp\/v2\/users\/1"}],"replies":[{"embeddable":true,"href":"https:\/\/www.investaura.co\/wordpress\/wp-json\/wp\/v2\/comments?post=6304"}],"version-history":[{"count":5,"href":"https:\/\/www.investaura.co\/wordpress\/wp-json\/wp\/v2\/pages\/6304\/revisions"}],"predecessor-version":[{"id":7454,"href":"https:\/\/www.investaura.co\/wordpress\/wp-json\/wp\/v2\/pages\/6304\/revisions\/7454"}],"up":[{"embeddable":true,"href":"https:\/\/www.investaura.co\/wordpress\/wp-json\/wp\/v2\/pages\/5753"}],"wp:featuredmedia":[{"embeddable":true,"href":"https:\/\/www.investaura.co\/wordpress\/wp-json\/wp\/v2\/media\/4198"}],"wp:attachment":[{"href":"https:\/\/www.investaura.co\/wordpress\/wp-json\/wp\/v2\/media?parent=6304"}],"curies":[{"name":"wp","href":"https:\/\/api.w.org\/{rel}","templated":true}]}}