{"id":6303,"date":"2015-03-26T15:55:47","date_gmt":"2015-03-26T13:55:47","guid":{"rendered":"http:\/\/www.invest-aura.com\/?page_id=3394"},"modified":"2020-08-11T09:59:44","modified_gmt":"2020-08-11T07:59:44","slug":"strategie-et-business-planning","status":"publish","type":"page","link":"https:\/\/www.investaura.co\/wordpress\/nos-services\/conseil\/strategie-et-business-planning\/","title":{"rendered":"Strat\u00e9gie et planification d&#8217;entreprise"},"content":{"rendered":"<p>Les consultants d&#8217;Investaura ont une vaste exp\u00e9rience dans le domaine de la strat\u00e9gie &#8211; appliqu\u00e9e, d\u00e9taill\u00e9e &#8211; et de la planification d&#8217;entreprise &#8211; quantifi\u00e9e, robuste, r\u00e9alisable &#8211; remontant au milieu des ann\u00e9es 1990.<\/p>\n<p><img data-attachment-id=\"4386\" data-permalink=\"https:\/\/www.investaura.co\/wordpress\/services\/consulting\/shutterstock_280679183\/\" data-orig-file=\"https:\/\/i0.wp.com\/www.investaura.co\/wordpress\/wp-content\/uploads\/2016\/02\/shutterstock_280679183.jpg?fit=1000%2C555&amp;ssl=1\" data-orig-size=\"1000,555\" data-comments-opened=\"0\" data-image-meta=\"{&quot;aperture&quot;:&quot;0&quot;,&quot;credit&quot;:&quot;&quot;,&quot;camera&quot;:&quot;&quot;,&quot;caption&quot;:&quot;&quot;,&quot;created_timestamp&quot;:&quot;0&quot;,&quot;copyright&quot;:&quot;&quot;,&quot;focal_length&quot;:&quot;0&quot;,&quot;iso&quot;:&quot;0&quot;,&quot;shutter_speed&quot;:&quot;0&quot;,&quot;title&quot;:&quot;&quot;,&quot;orientation&quot;:&quot;0&quot;}\" data-image-title=\"shutterstock_280679183\" data-image-description=\"\" data-image-caption=\"&lt;p&gt;Strategy services&lt;\/p&gt;\n\" data-medium-file=\"https:\/\/i0.wp.com\/www.investaura.co\/wordpress\/wp-content\/uploads\/2016\/02\/shutterstock_280679183.jpg?fit=300%2C167&amp;ssl=1\" data-large-file=\"https:\/\/i0.wp.com\/www.investaura.co\/wordpress\/wp-content\/uploads\/2016\/02\/shutterstock_280679183.jpg?fit=720%2C400&amp;ssl=1\" decoding=\"async\" loading=\"lazy\" class=\"alignright wp-image-4386 size-medium\" src=\"https:\/\/i0.wp.com\/www.invest-aura.com\/wordpress\/wp-content\/uploads\/2016\/02\/shutterstock_280679183-300x167.jpg?resize=300%2C167\" alt=\"\" width=\"300\" height=\"167\" srcset=\"https:\/\/i0.wp.com\/www.investaura.co\/wordpress\/wp-content\/uploads\/2016\/02\/shutterstock_280679183.jpg?resize=300%2C167&amp;ssl=1 300w, https:\/\/i0.wp.com\/www.investaura.co\/wordpress\/wp-content\/uploads\/2016\/02\/shutterstock_280679183.jpg?resize=150%2C83&amp;ssl=1 150w, https:\/\/i0.wp.com\/www.investaura.co\/wordpress\/wp-content\/uploads\/2016\/02\/shutterstock_280679183.jpg?w=1000&amp;ssl=1 1000w\" sizes=\"(max-width: 300px) 100vw, 300px\" data-recalc-dims=\"1\" \/><\/p>\n<p>Nous comprenons les petites et les grandes entreprises. Nous sommes des consultants devenus entrepreneurs et savons ce qu&#8217;il faut pour lancer une nouvelle entreprise \u00e0 partir de z\u00e9ro. De plus, nous avons occup\u00e9 des postes de haute direction dans l&#8217;industrie, de sorte que nous savons comment l&#8217;innovation dans les grandes entreprises prosp\u00e8re &#8211; ou languit.<\/p>\n<p>Nous savons ce qui fonctionne et ce qui ne fonctionne pas, et nous comprenons bien les d\u00e9fis auxquels nos clients sont confront\u00e9s, car nous les avons v\u00e9cus nous-m\u00eames.<\/p>\n<hr \/>\n<blockquote><p><span style=\"color: #000080;\">&#8220;Viser \u00e0 \u00eatre le meilleur est une approche intuitive mais autodestructrice de la concurrence. L&#8217;avantage concurrentiel n&#8217;est pas de battre des rivaux; Il s&#8217;agit de cr\u00e9er une valeur unique pour les clients &#8230;.<\/span><\/p>\n<p><span style=\"color: #000080;\">&#8230;.\u00a0Une proposition de valeur distincte ne se traduira en une strat\u00e9gie significative que si le meilleur ensemble d&#8217;activit\u00e9s mises en place est diff\u00e9rent des activit\u00e9s men\u00e9es par les rivaux. L&#8217;avantage concurrentiel r\u00e9side dans les activit\u00e9s, dans le choix d&#8217;effectuer des activit\u00e9s diff\u00e9remment ou d&#8217;effectuer des activit\u00e9s diff\u00e9rentes de celles de la concurrence &#8230;.<\/span><\/p>\n<p><span style=\"color: #000080;\">&#8230; Aucune strat\u00e9gie n&#8217;est significative \u00e0 moins qu&#8217;elle ne clarifie ce que l&#8217;entreprise ne fera pas. Faire des compromis est la pierre angulaire qui rend l&#8217;avantage concurrentiel possible et durable &#8230;.<\/span><\/p>\n<p><span style=\"color: #000080;\">&#8230; Les bonnes strat\u00e9gies d\u00e9pendent de nombreux choix, pas d&#8217;un seul, et des liens entre eux. Une comp\u00e9tence de base \u00e0 elle seule produira rarement un avantage concurrentiel durable. &#8220;<\/span><\/p>\n<p style=\"text-align: right;\"><span style=\"color: #000080;\"><em>Joan Magretta, HBR, 2012<\/em><\/span><\/p>\n<\/blockquote>\n<hr \/>\n<p>Au-del\u00e0 de la th\u00e9orie, nous apportons une forte exp\u00e9rience pratique de l&#8217;industrie. Nos missions de strat\u00e9gie et de planification d&#8217;entreprise (business planning) comprennent:<\/p>\n<div>\n<h5>Nouvelle entreprise, Nouvelle licence, Projet d&#8217;innovation:<\/h5>\n<ul>\n<li><span class=\"Apple-style-span\"><span class=\"Apple-style-span\">Plan d&#8217;affaires et pr\u00e9sentation au conseil d&#8217;administration d&#8217;une nouvelle solution num\u00e9rique r\u00e9pondant aux besoins de l&#8217;industrie de l&#8217;immobilier commercial (CRE)<\/span><\/span><\/li>\n<li><span class=\"Apple-style-span\"><span class=\"Apple-style-span\">Business plan et pr\u00e9sentation au Conseil d&#8217;Administration d&#8217;une nouvelle solution num\u00e9rique fournie \u00e0 l&#8217;industrie du logement, en vue de r\u00e9duire les co\u00fbts de maintenance<\/span><\/span><\/li>\n<li>Business plan et accompagnement \u00e0 la n\u00e9gociation pour un d\u00e9ploiement FTTH majeur (partenariat public-priv\u00e9 d&#8217;une dur\u00e9e de 25 ans)<\/li>\n<li>Budg\u00e9tisation et planification des activit\u00e9s pour un MNO de premier plan au Moyen-Orient<\/li>\n<li><span class=\"Apple-style-span\"><span class=\"Apple-style-span\">Plans d&#8217;affaires pour les MVNO en Allemagne<\/span><\/span><\/li>\n<li>Plan d&#8217;affaires pour une nouvelle ligne de produits de t\u00e9l\u00e9phones mobiles<\/li>\n<li>Planification d&#8217;entreprise pour un op\u00e9rateur de t\u00e9l\u00e9vision par c\u00e2ble migrant vers les services \u00abTV everywhere\u00bb, \u00c9tats-Unis<\/li>\n<li>Plan d&#8217;affaires pour la migration technologique en Am\u00e9rique latine<\/li>\n<li>Plan d&#8217;affaires de transformation des op\u00e9rations de r\u00e9seau, y compris l&#8217;analyse des Managed Services, l&#8217;Outsourcing, le partage de r\u00e9seau et les solutions de leasing (Sale-Lease-Back)<\/li>\n<li>Plan d&#8217;affaires pour la radiodiffusion mobile en Europe<\/li>\n<li>Plan d&#8217;affaires Managed Services \/ Outsourcing pour un fournisseur europ\u00e9en<\/li>\n<li>Plan d&#8217;affaires pour une nouvelle Business Unit &#8220;WLAN&#8221;<\/li>\n<li>Plans d&#8217;affaires 3G pour plus de 20 nouvelles licences<\/li>\n<\/ul>\n<h5>Sell-side M&amp;A, Buy-side M&amp;A, Lev\u00e9e de fonds:<\/h5>\n<ul>\n<li>Business plan, Financial Factbook et Information Memorandum pour un fournisseur de solutions IoT aux op\u00e9rateurs de tunnel (route, train)<\/li>\n<li>Business plan, Factbooks commerciaux et financiers pour un op\u00e9rateur t\u00e9l\u00e9coms des Cara\u00efbes &#8211; Transaction cl\u00f4tur\u00e9e<\/li>\n<li>Business plan et Financial Factbook pour une entreprise de e-commerce &#8211; Transaction cl\u00f4tur\u00e9e<\/li>\n<li>Due diligence, Business planning, valorisation et conseil pour un groupe t\u00e9l\u00e9com asiatique<img decoding=\"async\" loading=\"lazy\" class=\"alignright\" src=\"https:\/\/i0.wp.com\/www.invest-aura.com\/wordpress\/wp-content\/uploads\/2016\/02\/shutterstock_300603266.jpg?resize=300%2C225\" alt=\"shutterstock_300603266\" width=\"300\" height=\"225\" data-recalc-dims=\"1\" \/><\/li>\n<li>Due diligence et plan d&#8217;affaires d&#8217;un MNO indien, en vue de prendre une participation dans l&#8217;entreprise &#8211; Transaction cl\u00f4tur\u00e9e<\/li>\n<li>Due diligence, Business planning, valorisation et support aux transactions M&amp;A pour un grand groupe de t\u00e9l\u00e9coms en Afrique, avec l&#8217;acquisition de deux des cibles<\/li>\n<li>Plan d&#8217;affaires &#8220;Triple-Play&#8221; pour un c\u00e2blo-op\u00e9rateur (CATV) \u00e0 la recherche d&#8217;un partenaire financier<\/li>\n<li>Planification et valorisation d&#8217;une entreprise de logiciels en Asie du Sud-Est &#8211; Transaction cl\u00f4tur\u00e9e<\/li>\n<li>Due Diligence d&#8217;un un consortium de c\u00e2bles sous-marins \u00e0 la recherche de financement fournisseur &#8211; Transaction cl\u00f4tur\u00e9e<\/li>\n<li>Plan d&#8217;affaires pour une entreprise de TIC fournissant des solutions aux a\u00e9roports et aux compagnies a\u00e9riennes<\/li>\n<li>Plan d&#8217;affaires pour un fournisseur de solutions de s\u00e9curit\u00e9 pour les industries d&#8217;infrastructure critique<\/li>\n<li>Business planning et assistance \u00e0 la restructuration d&#8217;un op\u00e9rateur PMR en Belgique<\/li>\n<\/ul>\n<\/div>\n<hr \/>\n<blockquote><p><span style=\"color: #000080;\">&#8220;Il est extr\u00eamement difficile de d\u00e9velopper une strat\u00e9gie unique pour une entreprise; et si la strat\u00e9gie est vraiment diff\u00e9rente de ce que font les autres dans l&#8217;industrie, c&#8217;est probablement tr\u00e8s risqu\u00e9 &#8230;<\/span><\/p>\n<p><span style=\"color: #000080;\">&#8230;. en fin de compte, le plus souvent, chaque concurrent se bat essentiellement avec les m\u00eames armes &#8230;<\/span><\/p>\n<p><span style=\"color: #000080;\">&#8230;. L&#8217;ex\u00e9cution est donc la partie essentielle d&#8217;une strat\u00e9gie r\u00e9ussie. Le faire, le faire correctement, le faire mieux que les autres est bien plus important que de r\u00eaver et d\u00e9velopper de nouvelles visions du futur. &#8220;<\/span><\/p>\n<p style=\"text-align: right;\"><span class=\"Apple-style-span\" style=\"color: #000080;\"><em style=\"font-style: normal;\"><span class=\"Apple-style-span\">Louis V. Gerstner Jr., PDG d&#8217;IBM (1993-2002)<\/span><\/em><\/span><\/p>\n<\/blockquote>\n","protected":false},"excerpt":{"rendered":"<p>Les consultants d&#8217;Investaura ont une vaste exp\u00e9rience dans le domaine de la strat\u00e9gie &#8211; appliqu\u00e9e, d\u00e9taill\u00e9e &#8211; et de la planification d&#8217;entreprise &#8211; quantifi\u00e9e, robuste, r\u00e9alisable &#8211; remontant au milieu des ann\u00e9es 1990. Nous comprenons les petites et les grandes&#8230; <\/p>\n<div class=\"more-link-container\"><a class=\"more-link\" href=\"https:\/\/www.investaura.co\/wordpress\/nos-services\/conseil\/strategie-et-business-planning\/\">Read More<\/a><\/div>\n","protected":false},"author":1,"featured_media":4198,"parent":5752,"menu_order":1,"comment_status":"closed","ping_status":"closed","template":"","meta":{"jetpack_post_was_ever_published":false},"yoast_head":"<!-- This site is optimized with the Yoast SEO plugin v20.4 - https:\/\/yoast.com\/wordpress\/plugins\/seo\/ -->\n<title>Strat\u00e9gie et planification d&#039;entreprise | Investaura<\/title>\n<meta name=\"robots\" content=\"index, follow, max-snippet:-1, max-image-preview:large, max-video-preview:-1\" \/>\n<link rel=\"canonical\" href=\"https:\/\/www.investaura.co\/wordpress\/nos-services\/conseil\/strategie-et-business-planning\/\" \/>\n<meta property=\"og:locale\" content=\"en_GB\" \/>\n<meta property=\"og:type\" content=\"article\" \/>\n<meta property=\"og:title\" content=\"Strat\u00e9gie et planification d&#039;entreprise | Investaura\" \/>\n<meta property=\"og:description\" content=\"Les consultants d&#8217;Investaura ont une vaste exp\u00e9rience dans le domaine de la strat\u00e9gie &#8211; appliqu\u00e9e, d\u00e9taill\u00e9e &#8211; et de la planification d&#8217;entreprise &#8211; quantifi\u00e9e, robuste, r\u00e9alisable &#8211; remontant au milieu des ann\u00e9es 1990. Nous comprenons les petites et les grandes... Read More\" \/>\n<meta property=\"og:url\" content=\"https:\/\/www.investaura.co\/wordpress\/nos-services\/conseil\/strategie-et-business-planning\/\" \/>\n<meta property=\"og:site_name\" content=\"Investaura\" \/>\n<meta property=\"article:modified_time\" content=\"2020-08-11T07:59:44+00:00\" \/>\n<meta property=\"og:image\" content=\"https:\/\/i0.wp.com\/www.investaura.co\/wordpress\/wp-content\/uploads\/2016\/02\/shutterstock_282394148_smaller.jpg?fit=1024%2C683&ssl=1\" \/>\n\t<meta property=\"og:image:width\" content=\"1024\" \/>\n\t<meta property=\"og:image:height\" content=\"683\" \/>\n\t<meta property=\"og:image:type\" content=\"image\/jpeg\" \/>\n<meta name=\"twitter:card\" content=\"summary_large_image\" \/>\n<meta name=\"twitter:label1\" content=\"Estimated reading time\" \/>\n\t<meta name=\"twitter:data1\" content=\"4 minutes\" \/>\n<script type=\"application\/ld+json\" class=\"yoast-schema-graph\">{\"@context\":\"https:\/\/schema.org\",\"@graph\":[{\"@type\":\"WebPage\",\"@id\":\"https:\/\/www.investaura.co\/wordpress\/nos-services\/conseil\/strategie-et-business-planning\/\",\"url\":\"https:\/\/www.investaura.co\/wordpress\/nos-services\/conseil\/strategie-et-business-planning\/\",\"name\":\"Strat\u00e9gie et planification d'entreprise | Investaura\",\"isPartOf\":{\"@id\":\"https:\/\/www.investaura.co\/wordpress\/#website\"},\"datePublished\":\"2015-03-26T13:55:47+00:00\",\"dateModified\":\"2020-08-11T07:59:44+00:00\",\"breadcrumb\":{\"@id\":\"https:\/\/www.investaura.co\/wordpress\/nos-services\/conseil\/strategie-et-business-planning\/#breadcrumb\"},\"inLanguage\":\"en-GB\",\"potentialAction\":[{\"@type\":\"ReadAction\",\"target\":[\"https:\/\/www.investaura.co\/wordpress\/nos-services\/conseil\/strategie-et-business-planning\/\"]}]},{\"@type\":\"BreadcrumbList\",\"@id\":\"https:\/\/www.investaura.co\/wordpress\/nos-services\/conseil\/strategie-et-business-planning\/#breadcrumb\",\"itemListElement\":[{\"@type\":\"ListItem\",\"position\":1,\"name\":\"Home\",\"item\":\"https:\/\/www.investaura.co\/wordpress\/\"},{\"@type\":\"ListItem\",\"position\":2,\"name\":\"Services\",\"item\":\"https:\/\/www.investaura.co\/wordpress\/nos-services\/\"},{\"@type\":\"ListItem\",\"position\":3,\"name\":\"Conseil en strat\u00e9gie\",\"item\":\"https:\/\/www.investaura.co\/wordpress\/nos-services\/conseil\/\"},{\"@type\":\"ListItem\",\"position\":4,\"name\":\"Strat\u00e9gie et planification d&rsquo;entreprise\"}]},{\"@type\":\"WebSite\",\"@id\":\"https:\/\/www.investaura.co\/wordpress\/#website\",\"url\":\"https:\/\/www.investaura.co\/wordpress\/\",\"name\":\"Investaura\",\"description\":\"The Value Creation Consultants\",\"publisher\":{\"@id\":\"https:\/\/www.investaura.co\/wordpress\/#organization\"},\"potentialAction\":[{\"@type\":\"SearchAction\",\"target\":{\"@type\":\"EntryPoint\",\"urlTemplate\":\"https:\/\/www.investaura.co\/wordpress\/?s={search_term_string}\"},\"query-input\":\"required name=search_term_string\"}],\"inLanguage\":\"en-GB\"},{\"@type\":\"Organization\",\"@id\":\"https:\/\/www.investaura.co\/wordpress\/#organization\",\"name\":\"Investaura\",\"url\":\"https:\/\/www.investaura.co\/wordpress\/\",\"logo\":{\"@type\":\"ImageObject\",\"inLanguage\":\"en-GB\",\"@id\":\"https:\/\/www.investaura.co\/wordpress\/#\/schema\/logo\/image\/\",\"url\":\"https:\/\/i0.wp.com\/www.investaura.co\/wordpress\/wp-content\/uploads\/Logo-INVESTAURA_RGB-blau-e1450351498844.jpg?fit=256%2C90&ssl=1\",\"contentUrl\":\"https:\/\/i0.wp.com\/www.investaura.co\/wordpress\/wp-content\/uploads\/Logo-INVESTAURA_RGB-blau-e1450351498844.jpg?fit=256%2C90&ssl=1\",\"width\":256,\"height\":90,\"caption\":\"Investaura\"},\"image\":{\"@id\":\"https:\/\/www.investaura.co\/wordpress\/#\/schema\/logo\/image\/\"},\"sameAs\":[\"https:\/\/www.linkedin.com\/company\/1229653\"]}]}<\/script>\n<!-- \/ Yoast SEO plugin. -->","yoast_head_json":{"title":"Strat\u00e9gie et planification d'entreprise | Investaura","robots":{"index":"index","follow":"follow","max-snippet":"max-snippet:-1","max-image-preview":"max-image-preview:large","max-video-preview":"max-video-preview:-1"},"canonical":"https:\/\/www.investaura.co\/wordpress\/nos-services\/conseil\/strategie-et-business-planning\/","og_locale":"en_GB","og_type":"article","og_title":"Strat\u00e9gie et planification d'entreprise | Investaura","og_description":"Les consultants d&#8217;Investaura ont une vaste exp\u00e9rience dans le domaine de la strat\u00e9gie &#8211; appliqu\u00e9e, d\u00e9taill\u00e9e &#8211; et de la planification d&#8217;entreprise &#8211; quantifi\u00e9e, robuste, r\u00e9alisable &#8211; remontant au milieu des ann\u00e9es 1990. Nous comprenons les petites et les grandes... Read More","og_url":"https:\/\/www.investaura.co\/wordpress\/nos-services\/conseil\/strategie-et-business-planning\/","og_site_name":"Investaura","article_modified_time":"2020-08-11T07:59:44+00:00","og_image":[{"width":1024,"height":683,"url":"https:\/\/i0.wp.com\/www.investaura.co\/wordpress\/wp-content\/uploads\/2016\/02\/shutterstock_282394148_smaller.jpg?fit=1024%2C683&ssl=1","type":"image\/jpeg"}],"twitter_card":"summary_large_image","twitter_misc":{"Estimated reading time":"4 minutes"},"schema":{"@context":"https:\/\/schema.org","@graph":[{"@type":"WebPage","@id":"https:\/\/www.investaura.co\/wordpress\/nos-services\/conseil\/strategie-et-business-planning\/","url":"https:\/\/www.investaura.co\/wordpress\/nos-services\/conseil\/strategie-et-business-planning\/","name":"Strat\u00e9gie et planification d'entreprise | Investaura","isPartOf":{"@id":"https:\/\/www.investaura.co\/wordpress\/#website"},"datePublished":"2015-03-26T13:55:47+00:00","dateModified":"2020-08-11T07:59:44+00:00","breadcrumb":{"@id":"https:\/\/www.investaura.co\/wordpress\/nos-services\/conseil\/strategie-et-business-planning\/#breadcrumb"},"inLanguage":"en-GB","potentialAction":[{"@type":"ReadAction","target":["https:\/\/www.investaura.co\/wordpress\/nos-services\/conseil\/strategie-et-business-planning\/"]}]},{"@type":"BreadcrumbList","@id":"https:\/\/www.investaura.co\/wordpress\/nos-services\/conseil\/strategie-et-business-planning\/#breadcrumb","itemListElement":[{"@type":"ListItem","position":1,"name":"Home","item":"https:\/\/www.investaura.co\/wordpress\/"},{"@type":"ListItem","position":2,"name":"Services","item":"https:\/\/www.investaura.co\/wordpress\/nos-services\/"},{"@type":"ListItem","position":3,"name":"Conseil en strat\u00e9gie","item":"https:\/\/www.investaura.co\/wordpress\/nos-services\/conseil\/"},{"@type":"ListItem","position":4,"name":"Strat\u00e9gie et planification d&rsquo;entreprise"}]},{"@type":"WebSite","@id":"https:\/\/www.investaura.co\/wordpress\/#website","url":"https:\/\/www.investaura.co\/wordpress\/","name":"Investaura","description":"The Value Creation Consultants","publisher":{"@id":"https:\/\/www.investaura.co\/wordpress\/#organization"},"potentialAction":[{"@type":"SearchAction","target":{"@type":"EntryPoint","urlTemplate":"https:\/\/www.investaura.co\/wordpress\/?s={search_term_string}"},"query-input":"required name=search_term_string"}],"inLanguage":"en-GB"},{"@type":"Organization","@id":"https:\/\/www.investaura.co\/wordpress\/#organization","name":"Investaura","url":"https:\/\/www.investaura.co\/wordpress\/","logo":{"@type":"ImageObject","inLanguage":"en-GB","@id":"https:\/\/www.investaura.co\/wordpress\/#\/schema\/logo\/image\/","url":"https:\/\/i0.wp.com\/www.investaura.co\/wordpress\/wp-content\/uploads\/Logo-INVESTAURA_RGB-blau-e1450351498844.jpg?fit=256%2C90&ssl=1","contentUrl":"https:\/\/i0.wp.com\/www.investaura.co\/wordpress\/wp-content\/uploads\/Logo-INVESTAURA_RGB-blau-e1450351498844.jpg?fit=256%2C90&ssl=1","width":256,"height":90,"caption":"Investaura"},"image":{"@id":"https:\/\/www.investaura.co\/wordpress\/#\/schema\/logo\/image\/"},"sameAs":["https:\/\/www.linkedin.com\/company\/1229653"]}]}},"jetpack_shortlink":"https:\/\/wp.me\/P7ecno-1DF","jetpack-related-posts":[{"id":5698,"url":"https:\/\/www.investaura.co\/wordpress\/boite-a-solutions\/business-planification-evaluation\/","url_meta":{"origin":6303,"position":0},"title":"Business Planning et Valorisation d&#8217;entreprise","date":"March 2, 2016","format":false,"excerpt":"Un grand nombre de managers sont impliqu\u00e9s dans la pr\u00e9paration de Business Plans, que ce soit dans une start-up, une entreprise mature ou dans un contexte de fusions-acquisitions. Malheureusement, les r\u00e9sultats ne sont pas toujours convaincants, ni corrects! La pr\u00e9paration d'un Business Plan est une activit\u00e9 holistique qui exige non\u2026","rel":"","context":"Similar post","img":{"alt_text":"","src":"https:\/\/i0.wp.com\/www.investaura.co\/wordpress\/wp-content\/uploads\/2024\/07\/Business_Planning3.jpg?fit=1024%2C769&ssl=1&resize=350%2C200","width":350,"height":200},"classes":[]},{"id":6755,"url":"https:\/\/www.investaura.co\/wordpress\/nos-services\/business-planning-fr\/","url_meta":{"origin":6303,"position":1},"title":"Business Planning","date":"January 31, 2019","format":false,"excerpt":"Un grand nombre de gestionnaires participent \u00e0 la pr\u00e9paration de plans d'affaires, que ce soit dans une start-up, une soci\u00e9t\u00e9 mature ou dans un contexte de fusion-acquisition. Malheureusement, les r\u00e9sultats ne sont pas toujours convaincants. Investaura poss\u00e8de une vaste exp\u00e9rience dans le domaine de la planification financi\u00e8re. La pr\u00e9paration d'un\u2026","rel":"","context":"Similar post","img":{"alt_text":"","src":"https:\/\/i0.wp.com\/www.investaura.co\/wordpress\/wp-content\/uploads\/2010\/09\/shutterstock_251280265_smaller.jpg?fit=1024%2C678&ssl=1&resize=350%2C200","width":350,"height":200},"classes":[]},{"id":6267,"url":"https:\/\/www.investaura.co\/wordpress\/nos-services\/fusions-et-acquisitions\/pourquoi-investaura\/","url_meta":{"origin":6303,"position":2},"title":"Pourquoi Investaura?","date":"March 24, 2015","format":false,"excerpt":"Les consultants Investaura sont des experts M&A qui apportent la s\u00e9niorit\u00e9 et le doigt\u00e9 n\u00e9cessaire \u00e0 la r\u00e9ussite de projets complexes. Nous fournissons des services sur mesure qui r\u00e9pondent aux exigences pr\u00e9cises de nos clients. Nous sommes fiers d'apporter les points de diff\u00e9renciation suivants: Le succ\u00e8s de nos clients est\u2026","rel":"","context":"Similar post","img":{"alt_text":"","src":"https:\/\/i0.wp.com\/www.investaura.co\/wordpress\/wp-content\/uploads\/shutterstock_139401482.jpg?fit=1000%2C554&ssl=1&resize=350%2C200","width":350,"height":200},"classes":[]},{"id":5752,"url":"https:\/\/www.investaura.co\/wordpress\/nos-services\/conseil\/","url_meta":{"origin":6303,"position":3},"title":"Conseil en strat\u00e9gie","date":"September 8, 2010","format":false,"excerpt":"Nous menons des initiatives strat\u00e9giques, identifions des opportunit\u00e9s de cr\u00e9ation de valeur et travaillons avec les dirigeants de nos clients pour am\u00e9liorer la performances de l'entreprise \u00e0 court et \u00e0 moyen terme. Nos consultants sont des professionnels issus de l'industrie et sont dot\u00e9s d'une solide exp\u00e9rience op\u00e9rationnelle. Nous apportons une\u2026","rel":"","context":"Similar post","img":{"alt_text":"","src":"https:\/\/i0.wp.com\/www.investaura.co\/wordpress\/wp-content\/uploads\/2016\/02\/shutterstock_282394148_smaller.jpg?fit=1024%2C683&ssl=1&resize=350%2C200","width":350,"height":200},"classes":[]},{"id":5759,"url":"https:\/\/www.investaura.co\/wordpress\/nos-services\/performance-management-solutions\/","url_meta":{"origin":6303,"position":4},"title":"Pilotage de la performance","date":"September 9, 2010","format":false,"excerpt":"Investaura accompagne ses clients dans la mise en place d'applications puissantes de pilotage de la performance, tirant parti de son savoir-faire des meilleurs logiciels EPM et de son expertise dans l'industrie. L'impact pour les d\u00e9cideurs est de mieux comprendre ce qui se passe dans leur entreprise et de d\u00e9finir des\u2026","rel":"","context":"Similar post","img":{"alt_text":"","src":"https:\/\/i0.wp.com\/www.investaura.co\/wordpress\/wp-content\/uploads\/2010\/09\/shutterstock_251280265_smaller.jpg?fit=1024%2C678&ssl=1&resize=350%2C200","width":350,"height":200},"classes":[]},{"id":6218,"url":"https:\/\/www.investaura.co\/wordpress\/nos-services\/performance-management-solutions\/adaptive-planning\/","url_meta":{"origin":6303,"position":5},"title":"Adaptive Insights Enterprise Performance Management","date":"February 11, 2011","format":false,"excerpt":"Utilisez-vous encore Microsoft Excel pour l'\u00e9laboration budg\u00e9taire, la planification d'entreprise ou la gestion de la performance? Microsoft Excel \u00e9tait en g\u00e9n\u00e9ral suffisant pour ce type d'activit\u00e9s il y a 15-20 ans, mais l'outil Excel a aussi de nombreuses limites, et vous avez probablement d\u00e9j\u00e0 rencontr\u00e9 beaucoup d'entre elles. La plus\u2026","rel":"","context":"Similar post","img":{"alt_text":"","src":"https:\/\/i0.wp.com\/www.investaura.co\/wordpress\/wp-content\/uploads\/2016\/02\/shutterstock_247165378.jpg?fit=1000%2C732&ssl=1&resize=350%2C200","width":350,"height":200},"classes":[]}],"jetpack_sharing_enabled":true,"_links":{"self":[{"href":"https:\/\/www.investaura.co\/wordpress\/wp-json\/wp\/v2\/pages\/6303"}],"collection":[{"href":"https:\/\/www.investaura.co\/wordpress\/wp-json\/wp\/v2\/pages"}],"about":[{"href":"https:\/\/www.investaura.co\/wordpress\/wp-json\/wp\/v2\/types\/page"}],"author":[{"embeddable":true,"href":"https:\/\/www.investaura.co\/wordpress\/wp-json\/wp\/v2\/users\/1"}],"replies":[{"embeddable":true,"href":"https:\/\/www.investaura.co\/wordpress\/wp-json\/wp\/v2\/comments?post=6303"}],"version-history":[{"count":11,"href":"https:\/\/www.investaura.co\/wordpress\/wp-json\/wp\/v2\/pages\/6303\/revisions"}],"predecessor-version":[{"id":6439,"href":"https:\/\/www.investaura.co\/wordpress\/wp-json\/wp\/v2\/pages\/6303\/revisions\/6439"}],"up":[{"embeddable":true,"href":"https:\/\/www.investaura.co\/wordpress\/wp-json\/wp\/v2\/pages\/5752"}],"wp:featuredmedia":[{"embeddable":true,"href":"https:\/\/www.investaura.co\/wordpress\/wp-json\/wp\/v2\/media\/4198"}],"wp:attachment":[{"href":"https:\/\/www.investaura.co\/wordpress\/wp-json\/wp\/v2\/media?parent=6303"}],"curies":[{"name":"wp","href":"https:\/\/api.w.org\/{rel}","templated":true}]}}