{"id":6272,"date":"2015-03-24T10:41:45","date_gmt":"2015-03-24T08:41:45","guid":{"rendered":"http:\/\/www.invest-aura.com\/?page_id=3322"},"modified":"2018-04-16T15:47:51","modified_gmt":"2018-04-16T13:47:51","slug":"die-wirklichen-herausforderungen-von-ma-projekten","status":"publish","type":"page","link":"https:\/\/www.investaura.co\/wordpress\/dienstleistungen\/mergers-and-acquisitions\/die-wirklichen-herausforderungen-von-ma-projekten\/","title":{"rendered":"Die wahren Herausforderungen von M&#038;A-Projekten"},"content":{"rendered":"<p>Aufgrund unserer langj\u00e4hrigen Erfahrung im Bereich Mergers &amp; Acquisitions glauben wir, dass die wahren Herausforderungen von M &amp; A-Engagements folgende sind:<\/p>\n<p><img data-attachment-id=\"3357\" data-permalink=\"https:\/\/www.investaura.co\/wordpress\/services\/mergers-and-acquisitions\/why-investaura\/ma2\/\" data-orig-file=\"https:\/\/i0.wp.com\/www.investaura.co\/wordpress\/wp-content\/uploads\/MA2.png?fit=258%2C603&amp;ssl=1\" data-orig-size=\"258,603\" data-comments-opened=\"0\" data-image-meta=\"{&quot;aperture&quot;:&quot;0&quot;,&quot;credit&quot;:&quot;&quot;,&quot;camera&quot;:&quot;&quot;,&quot;caption&quot;:&quot;&quot;,&quot;created_timestamp&quot;:&quot;0&quot;,&quot;copyright&quot;:&quot;&quot;,&quot;focal_length&quot;:&quot;0&quot;,&quot;iso&quot;:&quot;0&quot;,&quot;shutter_speed&quot;:&quot;0&quot;,&quot;title&quot;:&quot;&quot;}\" data-image-title=\"M&#038;A2\" data-image-description=\"\" data-image-caption=\"\" data-medium-file=\"https:\/\/i0.wp.com\/www.investaura.co\/wordpress\/wp-content\/uploads\/MA2.png?fit=128%2C300&amp;ssl=1\" data-large-file=\"https:\/\/i0.wp.com\/www.investaura.co\/wordpress\/wp-content\/uploads\/MA2.png?fit=258%2C603&amp;ssl=1\" decoding=\"async\" loading=\"lazy\" class=\"alignright wp-image-3357\" src=\"https:\/\/i0.wp.com\/www.invest-aura.com\/wordpress\/wp-content\/uploads\/MA2.png?resize=170%2C397\" alt=\"M &amp; A2\" width=\"170\" height=\"397\" srcset=\"https:\/\/i0.wp.com\/www.investaura.co\/wordpress\/wp-content\/uploads\/MA2.png?w=258&amp;ssl=1 258w, https:\/\/i0.wp.com\/www.investaura.co\/wordpress\/wp-content\/uploads\/MA2.png?resize=128%2C300&amp;ssl=1 128w\" sizes=\"(max-width: 170px) 100vw, 170px\" data-recalc-dims=\"1\" \/><\/p>\n<ul>\n<li>Finden Sie das f\u00fcr Sie richtige Ziel: Klarheit und Sch\u00e4rfe in der strategischen Positionierung des K\u00e4ufers sowie der Fokus auf das Portfolio sind von gr\u00f6\u00dfter Bedeutung f\u00fcr einen effizienten und erfolgreichen Akquisitionsprozess. Meistens haben die Eink\u00e4ufer nicht genug Zeit damit verbracht, Auswahlkriterien zu entwickeln, die kristallklar sind und den langfristigen Zielen des Unternehmens entsprechen. Deshalb sind wir hier um zu helfen! Selbst wenn die K\u00e4ufer genau wissen, wonach sie suchen, kann der Prozess der Zielauswahl und -selektion insbesondere auf ausl\u00e4ndischen M\u00e4rkten schwierig bleiben. Wir glauben, dass K\u00e4ufer von externer professioneller Unterst\u00fctzung stark profitieren k\u00f6nnen, um die Qualit\u00e4t der Zielsuche von Anfang an zu verbessern und die Chance zu erh\u00f6hen, dass die Reise zu einem n\u00fctzlichen Ziel f\u00fchrt, d.h. zur Schlie\u00dfung.<\/li>\n<\/ul>\n<ul>\n<li><span class=\"Apple-style-span\">Due Diligence: Due Diligences m\u00fcssen gr\u00fcndlich und nicht als Nachdenken gehandhabt werden. Neben der Analyse greifbarer Faktoren wie Finanzen, Recht, Betrieb, Personalwesen und Steuern ist die Due-Diligence-Phase von entscheidender Bedeutung, um den hohen Anteil des Bewusstseins zwischen dem K\u00e4ufer und den Schl\u00fcsselpersonen des Ziels zu best\u00e4tigen (oder zu schw\u00e4chen).<\/span><\/li>\n<\/ul>\n<ul>\n<li>Gesch\u00e4ftsplanung und -bewertung: Selbst wenn der Transaktionspreis im Voraus bekannt ist, bleibt die Gesch\u00e4ftsplanung \u00e4u\u00dferst wichtig: Erstens, um den Wert des Unternehmens, wie er ist, zu sch\u00e4tzen und zu best\u00e4tigen, dass die Preiserwartung angemessen ist; zweitens, um zu quantifizieren, wie das erworbene Unternehmen weiterentwickelt werden kann und einen Mehrwert f\u00fcr den K\u00e4ufer schafft. Der Gesch\u00e4ftsplan muss potenzielle Synergieeffekte auf der Kostenseite, Cross-Selling-M\u00f6glichkeiten, die F\u00e4higkeit, in neue M\u00e4rkte einzutreten, und andere wertsch\u00f6pfende Hebel wie Steuervorteile angehen.<\/li>\n<\/ul>\n<ul>\n<li>Integrationsplanung: Die Gesch\u00e4ftsplanung sollte durch Integrationsplanung erg\u00e4nzt werden, die einen 12- bis 18-monatigen Fahrplan enth\u00e4lt, der die wichtigsten Aktivit\u00e4ten und Initiativen beschreibt, die nach dem Abschluss durchgef\u00fchrt werden m\u00fcssen (Produkte, M\u00e4rkte, Betrieb, Recht, Finanzen, IT-Systeme). Nach unserer Erfahrung besteht eine starke Korrelation zwischen erfolgreichen M &amp; A-Transaktionen und einer angemessenen Planung w\u00e4hrend der Akquisitionsphase.<\/li>\n<\/ul>\n<p style=\"color: #444444;\">Professionelle Unterst\u00fctzung durch M &amp; A-Experten, die aus der Industrie kommen, das Gesch\u00e4ft verstehen und wissen, was es braucht, um zu einem erfolgreichen Ergebnis zu kommen, ist daher der Schl\u00fcssel jeder M &amp; A-Transaktion.<\/p>\n<p style=\"color: #444444;\"><a href=\"http:\/\/www.investaura.co\/mergers-and-acquisitions\/why-investaura\/\">Aber warum Investaura?<\/a><\/p>\n","protected":false},"excerpt":{"rendered":"<p>Aufgrund unserer langj\u00e4hrigen Erfahrung im Bereich Mergers &amp; Acquisitions glauben wir, dass die wahren Herausforderungen von M &amp; A-Engagements folgende sind: Finden Sie das f\u00fcr Sie richtige Ziel: Klarheit und Sch\u00e4rfe in der strategischen Positionierung des K\u00e4ufers sowie der Fokus&#8230; <\/p>\n<div class=\"more-link-container\"><a class=\"more-link\" href=\"https:\/\/www.investaura.co\/wordpress\/dienstleistungen\/mergers-and-acquisitions\/die-wirklichen-herausforderungen-von-ma-projekten\/\">Read More<\/a><\/div>\n","protected":false},"author":1,"featured_media":0,"parent":5756,"menu_order":40,"comment_status":"closed","ping_status":"closed","template":"","meta":{"jetpack_post_was_ever_published":false},"yoast_head":"<!-- This site is optimized with the Yoast SEO plugin v20.4 - https:\/\/yoast.com\/wordpress\/plugins\/seo\/ -->\n<title>Die wahren Herausforderungen von M&amp;A-Projekten | Investaura<\/title>\n<meta name=\"robots\" content=\"index, follow, max-snippet:-1, max-image-preview:large, max-video-preview:-1\" \/>\n<link rel=\"canonical\" href=\"https:\/\/www.investaura.co\/wordpress\/dienstleistungen\/mergers-and-acquisitions\/die-wirklichen-herausforderungen-von-ma-projekten\/\" \/>\n<meta property=\"og:locale\" content=\"en_GB\" \/>\n<meta property=\"og:type\" content=\"article\" \/>\n<meta property=\"og:title\" content=\"Die wahren Herausforderungen von M&amp;A-Projekten | Investaura\" \/>\n<meta property=\"og:description\" content=\"Aufgrund unserer langj\u00e4hrigen Erfahrung im Bereich Mergers &amp; Acquisitions glauben wir, dass die wahren Herausforderungen von M &amp; A-Engagements folgende sind: Finden Sie das f\u00fcr Sie richtige Ziel: Klarheit und Sch\u00e4rfe in der strategischen Positionierung des K\u00e4ufers sowie der Fokus... Read More\" \/>\n<meta property=\"og:url\" content=\"https:\/\/www.investaura.co\/wordpress\/dienstleistungen\/mergers-and-acquisitions\/die-wirklichen-herausforderungen-von-ma-projekten\/\" \/>\n<meta property=\"og:site_name\" content=\"Investaura\" \/>\n<meta property=\"article:modified_time\" content=\"2018-04-16T13:47:51+00:00\" \/>\n<meta property=\"og:image\" content=\"http:\/\/www.invest-aura.com\/wordpress\/wp-content\/uploads\/MA2.png\" \/>\n<meta name=\"twitter:card\" content=\"summary_large_image\" \/>\n<meta name=\"twitter:label1\" content=\"Estimated reading time\" \/>\n\t<meta name=\"twitter:data1\" content=\"2 minutes\" \/>\n<script type=\"application\/ld+json\" class=\"yoast-schema-graph\">{\"@context\":\"https:\/\/schema.org\",\"@graph\":[{\"@type\":\"WebPage\",\"@id\":\"https:\/\/www.investaura.co\/wordpress\/dienstleistungen\/mergers-and-acquisitions\/die-wirklichen-herausforderungen-von-ma-projekten\/\",\"url\":\"https:\/\/www.investaura.co\/wordpress\/dienstleistungen\/mergers-and-acquisitions\/die-wirklichen-herausforderungen-von-ma-projekten\/\",\"name\":\"Die wahren Herausforderungen von M&A-Projekten | Investaura\",\"isPartOf\":{\"@id\":\"https:\/\/www.investaura.co\/wordpress\/#website\"},\"datePublished\":\"2015-03-24T08:41:45+00:00\",\"dateModified\":\"2018-04-16T13:47:51+00:00\",\"breadcrumb\":{\"@id\":\"https:\/\/www.investaura.co\/wordpress\/dienstleistungen\/mergers-and-acquisitions\/die-wirklichen-herausforderungen-von-ma-projekten\/#breadcrumb\"},\"inLanguage\":\"en-GB\",\"potentialAction\":[{\"@type\":\"ReadAction\",\"target\":[\"https:\/\/www.investaura.co\/wordpress\/dienstleistungen\/mergers-and-acquisitions\/die-wirklichen-herausforderungen-von-ma-projekten\/\"]}]},{\"@type\":\"BreadcrumbList\",\"@id\":\"https:\/\/www.investaura.co\/wordpress\/dienstleistungen\/mergers-and-acquisitions\/die-wirklichen-herausforderungen-von-ma-projekten\/#breadcrumb\",\"itemListElement\":[{\"@type\":\"ListItem\",\"position\":1,\"name\":\"Home\",\"item\":\"https:\/\/www.investaura.co\/wordpress\/\"},{\"@type\":\"ListItem\",\"position\":2,\"name\":\"Leistungen\",\"item\":\"https:\/\/www.investaura.co\/wordpress\/dienstleistungen\/\"},{\"@type\":\"ListItem\",\"position\":3,\"name\":\"Mergers &#038; Acquisitions und PMI\",\"item\":\"https:\/\/www.investaura.co\/wordpress\/dienstleistungen\/mergers-and-acquisitions\/\"},{\"@type\":\"ListItem\",\"position\":4,\"name\":\"Die wahren Herausforderungen von M&#038;A-Projekten\"}]},{\"@type\":\"WebSite\",\"@id\":\"https:\/\/www.investaura.co\/wordpress\/#website\",\"url\":\"https:\/\/www.investaura.co\/wordpress\/\",\"name\":\"Investaura\",\"description\":\"The Value Creation Consultants\",\"publisher\":{\"@id\":\"https:\/\/www.investaura.co\/wordpress\/#organization\"},\"potentialAction\":[{\"@type\":\"SearchAction\",\"target\":{\"@type\":\"EntryPoint\",\"urlTemplate\":\"https:\/\/www.investaura.co\/wordpress\/?s={search_term_string}\"},\"query-input\":\"required name=search_term_string\"}],\"inLanguage\":\"en-GB\"},{\"@type\":\"Organization\",\"@id\":\"https:\/\/www.investaura.co\/wordpress\/#organization\",\"name\":\"Investaura\",\"url\":\"https:\/\/www.investaura.co\/wordpress\/\",\"logo\":{\"@type\":\"ImageObject\",\"inLanguage\":\"en-GB\",\"@id\":\"https:\/\/www.investaura.co\/wordpress\/#\/schema\/logo\/image\/\",\"url\":\"https:\/\/i0.wp.com\/www.investaura.co\/wordpress\/wp-content\/uploads\/Logo-INVESTAURA_RGB-blau-e1450351498844.jpg?fit=256%2C90&ssl=1\",\"contentUrl\":\"https:\/\/i0.wp.com\/www.investaura.co\/wordpress\/wp-content\/uploads\/Logo-INVESTAURA_RGB-blau-e1450351498844.jpg?fit=256%2C90&ssl=1\",\"width\":256,\"height\":90,\"caption\":\"Investaura\"},\"image\":{\"@id\":\"https:\/\/www.investaura.co\/wordpress\/#\/schema\/logo\/image\/\"},\"sameAs\":[\"https:\/\/www.linkedin.com\/company\/1229653\"]}]}<\/script>\n<!-- \/ Yoast SEO plugin. -->","yoast_head_json":{"title":"Die wahren Herausforderungen von M&A-Projekten | Investaura","robots":{"index":"index","follow":"follow","max-snippet":"max-snippet:-1","max-image-preview":"max-image-preview:large","max-video-preview":"max-video-preview:-1"},"canonical":"https:\/\/www.investaura.co\/wordpress\/dienstleistungen\/mergers-and-acquisitions\/die-wirklichen-herausforderungen-von-ma-projekten\/","og_locale":"en_GB","og_type":"article","og_title":"Die wahren Herausforderungen von M&A-Projekten | Investaura","og_description":"Aufgrund unserer langj\u00e4hrigen Erfahrung im Bereich Mergers &amp; Acquisitions glauben wir, dass die wahren Herausforderungen von M &amp; A-Engagements folgende sind: Finden Sie das f\u00fcr Sie richtige Ziel: Klarheit und Sch\u00e4rfe in der strategischen Positionierung des K\u00e4ufers sowie der Fokus... Read More","og_url":"https:\/\/www.investaura.co\/wordpress\/dienstleistungen\/mergers-and-acquisitions\/die-wirklichen-herausforderungen-von-ma-projekten\/","og_site_name":"Investaura","article_modified_time":"2018-04-16T13:47:51+00:00","og_image":[{"url":"http:\/\/www.invest-aura.com\/wordpress\/wp-content\/uploads\/MA2.png"}],"twitter_card":"summary_large_image","twitter_misc":{"Estimated reading time":"2 minutes"},"schema":{"@context":"https:\/\/schema.org","@graph":[{"@type":"WebPage","@id":"https:\/\/www.investaura.co\/wordpress\/dienstleistungen\/mergers-and-acquisitions\/die-wirklichen-herausforderungen-von-ma-projekten\/","url":"https:\/\/www.investaura.co\/wordpress\/dienstleistungen\/mergers-and-acquisitions\/die-wirklichen-herausforderungen-von-ma-projekten\/","name":"Die wahren Herausforderungen von M&A-Projekten | Investaura","isPartOf":{"@id":"https:\/\/www.investaura.co\/wordpress\/#website"},"datePublished":"2015-03-24T08:41:45+00:00","dateModified":"2018-04-16T13:47:51+00:00","breadcrumb":{"@id":"https:\/\/www.investaura.co\/wordpress\/dienstleistungen\/mergers-and-acquisitions\/die-wirklichen-herausforderungen-von-ma-projekten\/#breadcrumb"},"inLanguage":"en-GB","potentialAction":[{"@type":"ReadAction","target":["https:\/\/www.investaura.co\/wordpress\/dienstleistungen\/mergers-and-acquisitions\/die-wirklichen-herausforderungen-von-ma-projekten\/"]}]},{"@type":"BreadcrumbList","@id":"https:\/\/www.investaura.co\/wordpress\/dienstleistungen\/mergers-and-acquisitions\/die-wirklichen-herausforderungen-von-ma-projekten\/#breadcrumb","itemListElement":[{"@type":"ListItem","position":1,"name":"Home","item":"https:\/\/www.investaura.co\/wordpress\/"},{"@type":"ListItem","position":2,"name":"Leistungen","item":"https:\/\/www.investaura.co\/wordpress\/dienstleistungen\/"},{"@type":"ListItem","position":3,"name":"Mergers &#038; Acquisitions und PMI","item":"https:\/\/www.investaura.co\/wordpress\/dienstleistungen\/mergers-and-acquisitions\/"},{"@type":"ListItem","position":4,"name":"Die wahren Herausforderungen von M&#038;A-Projekten"}]},{"@type":"WebSite","@id":"https:\/\/www.investaura.co\/wordpress\/#website","url":"https:\/\/www.investaura.co\/wordpress\/","name":"Investaura","description":"The Value Creation Consultants","publisher":{"@id":"https:\/\/www.investaura.co\/wordpress\/#organization"},"potentialAction":[{"@type":"SearchAction","target":{"@type":"EntryPoint","urlTemplate":"https:\/\/www.investaura.co\/wordpress\/?s={search_term_string}"},"query-input":"required name=search_term_string"}],"inLanguage":"en-GB"},{"@type":"Organization","@id":"https:\/\/www.investaura.co\/wordpress\/#organization","name":"Investaura","url":"https:\/\/www.investaura.co\/wordpress\/","logo":{"@type":"ImageObject","inLanguage":"en-GB","@id":"https:\/\/www.investaura.co\/wordpress\/#\/schema\/logo\/image\/","url":"https:\/\/i0.wp.com\/www.investaura.co\/wordpress\/wp-content\/uploads\/Logo-INVESTAURA_RGB-blau-e1450351498844.jpg?fit=256%2C90&ssl=1","contentUrl":"https:\/\/i0.wp.com\/www.investaura.co\/wordpress\/wp-content\/uploads\/Logo-INVESTAURA_RGB-blau-e1450351498844.jpg?fit=256%2C90&ssl=1","width":256,"height":90,"caption":"Investaura"},"image":{"@id":"https:\/\/www.investaura.co\/wordpress\/#\/schema\/logo\/image\/"},"sameAs":["https:\/\/www.linkedin.com\/company\/1229653"]}]}},"jetpack_shortlink":"https:\/\/wp.me\/P7ecno-1Da","jetpack-related-posts":[{"id":6266,"url":"https:\/\/www.investaura.co\/wordpress\/dienstleistungen\/mergers-and-acquisitions\/buy-side-ma-angelegenheit\/","url_meta":{"origin":6272,"position":0},"title":"Buy-Side: Warum ist M&#038;A wichtig?","date":"April 4, 2017","format":false,"excerpt":"Beschleunigen Sie Ihr Gesch\u00e4ft In der heutigen Wettbewerbswelt z\u00e4hlen Geschwindigkeit und Kostenkontrolle zu den wichtigsten Wertsch\u00f6pfungsfaktoren aus Sicht der Kunden als auch der Aktion\u00e4re. Exogenes Wachstum durch M&A kann Ihrem Unternehmen helfen, Zeit zu sparen und schneller zu wachsen, fehlende Kompetenzen zu erwerben und die Wirtschaftlichkeit Ihres Unternehmens zu verbessern.\u2026","rel":"","context":"Similar post","img":{"alt_text":"","src":"https:\/\/i0.wp.com\/www.investaura.co\/wordpress\/wp-content\/uploads\/shutterstock_139401482.jpg?fit=1000%2C554&ssl=1&resize=350%2C200","width":350,"height":200},"classes":[]},{"id":6264,"url":"https:\/\/www.investaura.co\/wordpress\/dienstleistungen\/mergers-and-acquisitions\/sell-side-dont-brauchen-ma-berater\/","url_meta":{"origin":6272,"position":1},"title":"Verkaufsseite: Brauchen Sie keinen M&#038;A-Berater?","date":"April 4, 2017","format":false,"excerpt":"Verkaufen Sie Ihre Firma In der heutigen wettbewerbsorientierten Welt sind Gewinn und Wachstum fundamentale Quellen der Wertsch\u00f6pfung f\u00fcr Unternehmer und Aktion\u00e4re. Wenn Sie nicht wachsen, werden es Ihre Konkurrenten tun, und diese k\u00f6nnten schlie\u00dflich Ihr Gesch\u00e4ft in den Schatten stellen und gef\u00e4hrden. Selbst wenn Sie eine profitable Nische f\u00fcr Ihr\u2026","rel":"","context":"Similar post","img":{"alt_text":"","src":"https:\/\/i0.wp.com\/www.investaura.co\/wordpress\/wp-content\/uploads\/shutterstock_139401482.jpg?fit=1000%2C554&ssl=1&resize=350%2C200","width":350,"height":200},"classes":[]},{"id":6268,"url":"https:\/\/www.investaura.co\/wordpress\/dienstleistungen\/mergers-and-acquisitions\/warum-investaura\/","url_meta":{"origin":6272,"position":2},"title":"Warum Investaura?","date":"March 24, 2015","format":false,"excerpt":"Investaura Berater sind Experten in der Kunst und Praxis von M&A-Engagements. Unsere Dienstleistungen sind ma\u00dfgeschneidert und entsprechen genau den Anforderungen unserer Kunden. Wir sind stolz folgende Vorteile anbieten zu k\u00f6nnen: Der Erfolg unserer Kunden ist unser Erfolg. Wir sind auf unsere Kunden ausgerichtet, weil wir selbst als Unternehmer denken und\u2026","rel":"","context":"Similar post","img":{"alt_text":"","src":"https:\/\/i0.wp.com\/www.investaura.co\/wordpress\/wp-content\/uploads\/shutterstock_139401482.jpg?fit=1000%2C554&ssl=1&resize=350%2C200","width":350,"height":200},"classes":[]},{"id":6759,"url":"https:\/\/www.investaura.co\/wordpress\/dienstleistungen\/geschaeftsplanung\/","url_meta":{"origin":6272,"position":3},"title":"Gesch\u00e4ftsplanung","date":"January 31, 2019","format":false,"excerpt":"Eine gro\u00dfe Anzahl von Managern ist an der Erstellung von Gesch\u00e4ftspl\u00e4nen beteiligt, sei es in einem Start-up, einem ausgereiften Unternehmen oder im Rahmen von M&A. Leider sind die Ergebnisse nicht immer \u00fcberzeugend. Investaura hat eine immense Erfahrung im Bereich der Finanzplanung. Gesch\u00e4ftsplanung ist eine ganzheitliche Aktivit\u00e4t, die nicht nur ein\u2026","rel":"","context":"Similar post","img":{"alt_text":"","src":"https:\/\/i0.wp.com\/www.investaura.co\/wordpress\/wp-content\/uploads\/2010\/09\/shutterstock_251280265_smaller.jpg?fit=1024%2C678&ssl=1&resize=350%2C200","width":350,"height":200},"classes":[]},{"id":6737,"url":"https:\/\/www.investaura.co\/wordpress\/losungen\/ma-der-luftfahrtindustrie\/","url_meta":{"origin":6272,"position":4},"title":"M&#038;A in der Luftfahrtindustrie","date":"January 30, 2019","format":false,"excerpt":"Ungeachtet des Abschwungs von 2008-2009 hat der weltweite Luftverkehrsmarkt im letzten Jahrzehnt ein starkes Wachstum verzeichnet, sowohl was die Passagierzahlen (+ 62,8% zwischen 2007 und 2018) als auch das Frachtvolumen (+ 40,6% im selben Zeitraum) betrifft. Mehr als die H\u00e4lfte der 1,4 Milliarden Touristen der Welt, die 2018 \u00fcber die\u2026","rel":"","context":"Similar post","img":{"alt_text":"","src":"https:\/\/i0.wp.com\/www.investaura.co\/wordpress\/wp-content\/uploads\/2019\/01\/shutterstock_324754607_smaller3.jpg?fit=1024%2C429&ssl=1&resize=350%2C200","width":350,"height":200},"classes":[]},{"id":5700,"url":"https:\/\/www.investaura.co\/wordpress\/losungen\/business-planning-bewertung\/","url_meta":{"origin":6272,"position":5},"title":"Business Plan und Unternehmensbewertung","date":"March 2, 2016","format":false,"excerpt":"Eine gro\u00dfe Anzahl von Managern arbeitet weltweit an der Erstellung von Gesch\u00e4ftspl\u00e4nen, sei es in einem Start-up-Unternehmen, im reifen Unternehmen oder im M&A-Kontext. Leider sind die Ergebnisse nicht immer \u00fcberzeugend oder korrekt! Gesch\u00e4ftsplanung ist eine ganzheitliche Aktivit\u00e4t, die nicht nur ein starkes Verst\u00e4ndnis des Unternehmens erfordert, sondern auch eine klare\u2026","rel":"","context":"Similar post","img":{"alt_text":"","src":"https:\/\/i0.wp.com\/www.investaura.co\/wordpress\/wp-content\/uploads\/2024\/07\/Business_Planning3.jpg?fit=1024%2C769&ssl=1&resize=350%2C200","width":350,"height":200},"classes":[]}],"jetpack_sharing_enabled":true,"_links":{"self":[{"href":"https:\/\/www.investaura.co\/wordpress\/wp-json\/wp\/v2\/pages\/6272"}],"collection":[{"href":"https:\/\/www.investaura.co\/wordpress\/wp-json\/wp\/v2\/pages"}],"about":[{"href":"https:\/\/www.investaura.co\/wordpress\/wp-json\/wp\/v2\/types\/page"}],"author":[{"embeddable":true,"href":"https:\/\/www.investaura.co\/wordpress\/wp-json\/wp\/v2\/users\/1"}],"replies":[{"embeddable":true,"href":"https:\/\/www.investaura.co\/wordpress\/wp-json\/wp\/v2\/comments?post=6272"}],"version-history":[{"count":1,"href":"https:\/\/www.investaura.co\/wordpress\/wp-json\/wp\/v2\/pages\/6272\/revisions"}],"predecessor-version":[{"id":6342,"href":"https:\/\/www.investaura.co\/wordpress\/wp-json\/wp\/v2\/pages\/6272\/revisions\/6342"}],"up":[{"embeddable":true,"href":"https:\/\/www.investaura.co\/wordpress\/wp-json\/wp\/v2\/pages\/5756"}],"wp:attachment":[{"href":"https:\/\/www.investaura.co\/wordpress\/wp-json\/wp\/v2\/media?parent=6272"}],"curies":[{"name":"wp","href":"https:\/\/api.w.org\/{rel}","templated":true}]}}