{"id":6271,"date":"2015-03-24T10:41:45","date_gmt":"2015-03-24T08:41:45","guid":{"rendered":"http:\/\/www.invest-aura.com\/?page_id=3322"},"modified":"2015-03-24T10:41:45","modified_gmt":"2015-03-24T08:41:45","slug":"les-vrais-defis-de-ma-projets","status":"publish","type":"page","link":"https:\/\/www.investaura.co\/wordpress\/nos-services\/fusions-et-acquisitions\/les-vrais-defis-de-ma-projets\/","title":{"rendered":"Les vrais d\u00e9fis des projets M &amp; A"},"content":{"rendered":"<p>En nous fondant sur notre exp\u00e9rience de longue date dans le domaine des fusions et acquisitions, nous croyons que les v\u00e9ritables d\u00e9fis des missions de fusion et d&#39;acquisition sont les suivants:<\/p>\n<p><img data-attachment-id=\"3357\" data-permalink=\"https:\/\/www.investaura.co\/wordpress\/services\/mergers-and-acquisitions\/why-investaura\/ma2\/\" data-orig-file=\"https:\/\/i0.wp.com\/www.investaura.co\/wordpress\/wp-content\/uploads\/MA2.png?fit=258%2C603&amp;ssl=1\" data-orig-size=\"258,603\" data-comments-opened=\"0\" data-image-meta=\"{&quot;aperture&quot;:&quot;0&quot;,&quot;credit&quot;:&quot;&quot;,&quot;camera&quot;:&quot;&quot;,&quot;caption&quot;:&quot;&quot;,&quot;created_timestamp&quot;:&quot;0&quot;,&quot;copyright&quot;:&quot;&quot;,&quot;focal_length&quot;:&quot;0&quot;,&quot;iso&quot;:&quot;0&quot;,&quot;shutter_speed&quot;:&quot;0&quot;,&quot;title&quot;:&quot;&quot;}\" data-image-title=\"M&#038;A2\" data-image-description=\"\" data-image-caption=\"\" data-medium-file=\"https:\/\/i0.wp.com\/www.investaura.co\/wordpress\/wp-content\/uploads\/MA2.png?fit=128%2C300&amp;ssl=1\" data-large-file=\"https:\/\/i0.wp.com\/www.investaura.co\/wordpress\/wp-content\/uploads\/MA2.png?fit=258%2C603&amp;ssl=1\" decoding=\"async\" loading=\"lazy\" class=\"alignright wp-image-3357\" src=\"https:\/\/i0.wp.com\/www.invest-aura.com\/wordpress\/wp-content\/uploads\/MA2.png?resize=170%2C397\" alt=\"M &amp; A2\" width=\"170\" height=\"397\" srcset=\"https:\/\/i0.wp.com\/www.investaura.co\/wordpress\/wp-content\/uploads\/MA2.png?w=258&amp;ssl=1 258w, https:\/\/i0.wp.com\/www.investaura.co\/wordpress\/wp-content\/uploads\/MA2.png?resize=128%2C300&amp;ssl=1 128w\" sizes=\"(max-width: 170px) 100vw, 170px\" data-recalc-dims=\"1\" \/><\/p>\n<ul>\n<li>Trouver la cible qui vous convient le mieux: La clart\u00e9 et la pr\u00e9cision du positionnement strat\u00e9gique de l&#39;acheteur, ainsi que l&#39;orientation du portefeuille, sont essentielles \u00e0 la r\u00e9ussite d&#39;un processus d&#39;acquisition efficace. Plus souvent qu&#39;autrement, nous constatons que les acheteurs n&#39;ont pas pass\u00e9 suffisamment de temps \u00e0 \u00e9laborer des crit\u00e8res de s\u00e9lection qui soient parfaitement clairs et conformes aux objectifs \u00e0 long terme de l&#39;entreprise. C&#39;est pourquoi nous sommes l\u00e0 pour vous aider! M\u00eame lorsque les acheteurs savent exactement ce qu&#39;ils recherchent, le processus de s\u00e9lection et de s\u00e9lection des cibles peut rester difficile, en particulier sur les march\u00e9s \u00e9trangers. Nous croyons que les acheteurs peuvent grandement b\u00e9n\u00e9ficier d&#39;un soutien professionnel externe, afin d&#39;am\u00e9liorer la qualit\u00e9 de la recherche d&#39;objectifs d\u00e8s le d\u00e9part, et augmenter les chances que le voyage m\u00e8ne \u00e0 une destination avantageuse, c&#39;est-\u00e0-dire \u00e0 la cl\u00f4ture.<\/li>\n<\/ul>\n<ul>\n<li><span class=\"Apple-style-span\">Diligence raisonnable: Les diligences doivent \u00eatre g\u00e9r\u00e9es et entreprises avec soin, et non apr\u00e8s coup. Au-del\u00e0 de l&#39;analyse de facteurs tangibles tels que financiers, juridiques, op\u00e9rationnels, RH et fiscaux, la phase de due diligence est cruciale pour confirmer (ou infirmer) le haut niveau de partage de l&#39;esprit entre l&#39;acheteur et les personnes cl\u00e9s de la cible.<\/span><\/li>\n<\/ul>\n<ul>\n<li>Planification et \u00e9valuation des activit\u00e9s: M\u00eame lorsque le prix de la transaction est connu \u00e0 l&#39;avance, la planification des activit\u00e9s reste extr\u00eamement importante: premi\u00e8rement, estimer la valeur de l&#39;entreprise \u00abtelle quelle\u00bb et confirmer que l&#39;attente de prix est raisonnable; deuxi\u00e8mement, pour quantifier comment l&#39;entreprise acquise pourrait \u00eatre d\u00e9velopp\u00e9e et cr\u00e9er de la valeur pour l&#39;acheteur. Le plan d&#39;affaires doit aborder les synergies potentielles sur le plan des co\u00fbts, des opportunit\u00e9s de ventes crois\u00e9es, de la capacit\u00e9 \u00e0 p\u00e9n\u00e9trer de nouveaux march\u00e9s et d&#39;autres leviers cr\u00e9ateurs de valeur, tels que les avantages fiscaux.<\/li>\n<\/ul>\n<ul>\n<li>Planification de l&#39;int\u00e9gration: La planification des activit\u00e9s devrait \u00eatre compl\u00e9t\u00e9e par la planification de l&#39;int\u00e9gration, en fournissant une feuille de route de 12 \u00e0 18 mois d\u00e9taillant les principales activit\u00e9s et initiatives \u00e0 mener apr\u00e8s la cl\u00f4ture (produits, march\u00e9s, op\u00e9rations, juridique, finances, syst\u00e8mes informatiques). Selon notre exp\u00e9rience, il existe une forte corr\u00e9lation entre des transactions de fusions et acquisitions r\u00e9ussies et une planification ad\u00e9quate pendant la phase d&#39;acquisition.<\/li>\n<\/ul>\n<p style=\"color: #444444;\">Le soutien professionnel fourni par des experts en fusions et acquisitions issus de l&#39;industrie, comprenant l&#39;entreprise et sachant ce qu&#39;il faut pour atteindre un r\u00e9sultat positif est donc essentiel \u00e0 toute transaction de fusion et d&#39;acquisition.<\/p>\n<p style=\"color: #444444;\"><a href=\"http:\/\/www.investaura.co\/mergers-and-acquisitions\/why-investaura\/\">Mais pourquoi Investaura?<\/a><\/p>\n","protected":false},"excerpt":{"rendered":"<p>En nous fondant sur notre exp\u00e9rience de longue date dans le domaine des fusions et acquisitions, nous croyons que les v\u00e9ritables d\u00e9fis des missions de fusion et d&#39;acquisition sont les suivants: Trouver la cible qui vous convient le mieux: La&#8230; <\/p>\n<div class=\"more-link-container\"><a class=\"more-link\" href=\"https:\/\/www.investaura.co\/wordpress\/nos-services\/fusions-et-acquisitions\/les-vrais-defis-de-ma-projets\/\">Read More<\/a><\/div>\n","protected":false},"author":1,"featured_media":0,"parent":5755,"menu_order":40,"comment_status":"closed","ping_status":"closed","template":"","meta":{"jetpack_post_was_ever_published":false},"yoast_head":"<!-- This site is optimized with the Yoast SEO plugin v20.4 - https:\/\/yoast.com\/wordpress\/plugins\/seo\/ -->\n<title>Les vrais d\u00e9fis des projets M &amp; A | Investaura<\/title>\n<meta name=\"robots\" content=\"index, follow, max-snippet:-1, max-image-preview:large, max-video-preview:-1\" \/>\n<link rel=\"canonical\" href=\"https:\/\/www.investaura.co\/wordpress\/nos-services\/fusions-et-acquisitions\/les-vrais-defis-de-ma-projets\/\" \/>\n<meta property=\"og:locale\" content=\"en_GB\" \/>\n<meta property=\"og:type\" content=\"article\" \/>\n<meta property=\"og:title\" content=\"Les vrais d\u00e9fis des projets M &amp; A | Investaura\" \/>\n<meta property=\"og:description\" content=\"En nous fondant sur notre exp\u00e9rience de longue date dans le domaine des fusions et acquisitions, nous croyons que les v\u00e9ritables d\u00e9fis des missions de fusion et d&#039;acquisition sont les suivants: Trouver la cible qui vous convient le mieux: La... Read More\" \/>\n<meta property=\"og:url\" content=\"https:\/\/www.investaura.co\/wordpress\/nos-services\/fusions-et-acquisitions\/les-vrais-defis-de-ma-projets\/\" \/>\n<meta property=\"og:site_name\" content=\"Investaura\" \/>\n<meta property=\"og:image\" content=\"http:\/\/www.invest-aura.com\/wordpress\/wp-content\/uploads\/MA2.png\" \/>\n<meta name=\"twitter:card\" content=\"summary_large_image\" \/>\n<meta name=\"twitter:label1\" content=\"Estimated reading time\" \/>\n\t<meta name=\"twitter:data1\" content=\"3 minutes\" \/>\n<script type=\"application\/ld+json\" class=\"yoast-schema-graph\">{\"@context\":\"https:\/\/schema.org\",\"@graph\":[{\"@type\":\"WebPage\",\"@id\":\"https:\/\/www.investaura.co\/wordpress\/nos-services\/fusions-et-acquisitions\/les-vrais-defis-de-ma-projets\/\",\"url\":\"https:\/\/www.investaura.co\/wordpress\/nos-services\/fusions-et-acquisitions\/les-vrais-defis-de-ma-projets\/\",\"name\":\"Les vrais d\u00e9fis des projets M &amp; A | Investaura\",\"isPartOf\":{\"@id\":\"https:\/\/www.investaura.co\/wordpress\/#website\"},\"datePublished\":\"2015-03-24T08:41:45+00:00\",\"dateModified\":\"2015-03-24T08:41:45+00:00\",\"breadcrumb\":{\"@id\":\"https:\/\/www.investaura.co\/wordpress\/nos-services\/fusions-et-acquisitions\/les-vrais-defis-de-ma-projets\/#breadcrumb\"},\"inLanguage\":\"en-GB\",\"potentialAction\":[{\"@type\":\"ReadAction\",\"target\":[\"https:\/\/www.investaura.co\/wordpress\/nos-services\/fusions-et-acquisitions\/les-vrais-defis-de-ma-projets\/\"]}]},{\"@type\":\"BreadcrumbList\",\"@id\":\"https:\/\/www.investaura.co\/wordpress\/nos-services\/fusions-et-acquisitions\/les-vrais-defis-de-ma-projets\/#breadcrumb\",\"itemListElement\":[{\"@type\":\"ListItem\",\"position\":1,\"name\":\"Home\",\"item\":\"https:\/\/www.investaura.co\/wordpress\/\"},{\"@type\":\"ListItem\",\"position\":2,\"name\":\"Services\",\"item\":\"https:\/\/www.investaura.co\/wordpress\/nos-services\/\"},{\"@type\":\"ListItem\",\"position\":3,\"name\":\"Fusions-acquisitions et PMI\",\"item\":\"https:\/\/www.investaura.co\/wordpress\/nos-services\/fusions-et-acquisitions\/\"},{\"@type\":\"ListItem\",\"position\":4,\"name\":\"Les vrais d\u00e9fis des projets M &amp; A\"}]},{\"@type\":\"WebSite\",\"@id\":\"https:\/\/www.investaura.co\/wordpress\/#website\",\"url\":\"https:\/\/www.investaura.co\/wordpress\/\",\"name\":\"Investaura\",\"description\":\"The Value Creation Consultants\",\"publisher\":{\"@id\":\"https:\/\/www.investaura.co\/wordpress\/#organization\"},\"potentialAction\":[{\"@type\":\"SearchAction\",\"target\":{\"@type\":\"EntryPoint\",\"urlTemplate\":\"https:\/\/www.investaura.co\/wordpress\/?s={search_term_string}\"},\"query-input\":\"required name=search_term_string\"}],\"inLanguage\":\"en-GB\"},{\"@type\":\"Organization\",\"@id\":\"https:\/\/www.investaura.co\/wordpress\/#organization\",\"name\":\"Investaura\",\"url\":\"https:\/\/www.investaura.co\/wordpress\/\",\"logo\":{\"@type\":\"ImageObject\",\"inLanguage\":\"en-GB\",\"@id\":\"https:\/\/www.investaura.co\/wordpress\/#\/schema\/logo\/image\/\",\"url\":\"https:\/\/i0.wp.com\/www.investaura.co\/wordpress\/wp-content\/uploads\/Logo-INVESTAURA_RGB-blau-e1450351498844.jpg?fit=256%2C90&ssl=1\",\"contentUrl\":\"https:\/\/i0.wp.com\/www.investaura.co\/wordpress\/wp-content\/uploads\/Logo-INVESTAURA_RGB-blau-e1450351498844.jpg?fit=256%2C90&ssl=1\",\"width\":256,\"height\":90,\"caption\":\"Investaura\"},\"image\":{\"@id\":\"https:\/\/www.investaura.co\/wordpress\/#\/schema\/logo\/image\/\"},\"sameAs\":[\"https:\/\/www.linkedin.com\/company\/1229653\"]}]}<\/script>\n<!-- \/ Yoast SEO plugin. -->","yoast_head_json":{"title":"Les vrais d\u00e9fis des projets M &amp; A | Investaura","robots":{"index":"index","follow":"follow","max-snippet":"max-snippet:-1","max-image-preview":"max-image-preview:large","max-video-preview":"max-video-preview:-1"},"canonical":"https:\/\/www.investaura.co\/wordpress\/nos-services\/fusions-et-acquisitions\/les-vrais-defis-de-ma-projets\/","og_locale":"en_GB","og_type":"article","og_title":"Les vrais d\u00e9fis des projets M &amp; A | Investaura","og_description":"En nous fondant sur notre exp\u00e9rience de longue date dans le domaine des fusions et acquisitions, nous croyons que les v\u00e9ritables d\u00e9fis des missions de fusion et d&#39;acquisition sont les suivants: Trouver la cible qui vous convient le mieux: La... Read More","og_url":"https:\/\/www.investaura.co\/wordpress\/nos-services\/fusions-et-acquisitions\/les-vrais-defis-de-ma-projets\/","og_site_name":"Investaura","og_image":[{"url":"http:\/\/www.invest-aura.com\/wordpress\/wp-content\/uploads\/MA2.png"}],"twitter_card":"summary_large_image","twitter_misc":{"Estimated reading time":"3 minutes"},"schema":{"@context":"https:\/\/schema.org","@graph":[{"@type":"WebPage","@id":"https:\/\/www.investaura.co\/wordpress\/nos-services\/fusions-et-acquisitions\/les-vrais-defis-de-ma-projets\/","url":"https:\/\/www.investaura.co\/wordpress\/nos-services\/fusions-et-acquisitions\/les-vrais-defis-de-ma-projets\/","name":"Les vrais d\u00e9fis des projets M &amp; A | Investaura","isPartOf":{"@id":"https:\/\/www.investaura.co\/wordpress\/#website"},"datePublished":"2015-03-24T08:41:45+00:00","dateModified":"2015-03-24T08:41:45+00:00","breadcrumb":{"@id":"https:\/\/www.investaura.co\/wordpress\/nos-services\/fusions-et-acquisitions\/les-vrais-defis-de-ma-projets\/#breadcrumb"},"inLanguage":"en-GB","potentialAction":[{"@type":"ReadAction","target":["https:\/\/www.investaura.co\/wordpress\/nos-services\/fusions-et-acquisitions\/les-vrais-defis-de-ma-projets\/"]}]},{"@type":"BreadcrumbList","@id":"https:\/\/www.investaura.co\/wordpress\/nos-services\/fusions-et-acquisitions\/les-vrais-defis-de-ma-projets\/#breadcrumb","itemListElement":[{"@type":"ListItem","position":1,"name":"Home","item":"https:\/\/www.investaura.co\/wordpress\/"},{"@type":"ListItem","position":2,"name":"Services","item":"https:\/\/www.investaura.co\/wordpress\/nos-services\/"},{"@type":"ListItem","position":3,"name":"Fusions-acquisitions et PMI","item":"https:\/\/www.investaura.co\/wordpress\/nos-services\/fusions-et-acquisitions\/"},{"@type":"ListItem","position":4,"name":"Les vrais d\u00e9fis des projets M &amp; A"}]},{"@type":"WebSite","@id":"https:\/\/www.investaura.co\/wordpress\/#website","url":"https:\/\/www.investaura.co\/wordpress\/","name":"Investaura","description":"The Value Creation Consultants","publisher":{"@id":"https:\/\/www.investaura.co\/wordpress\/#organization"},"potentialAction":[{"@type":"SearchAction","target":{"@type":"EntryPoint","urlTemplate":"https:\/\/www.investaura.co\/wordpress\/?s={search_term_string}"},"query-input":"required name=search_term_string"}],"inLanguage":"en-GB"},{"@type":"Organization","@id":"https:\/\/www.investaura.co\/wordpress\/#organization","name":"Investaura","url":"https:\/\/www.investaura.co\/wordpress\/","logo":{"@type":"ImageObject","inLanguage":"en-GB","@id":"https:\/\/www.investaura.co\/wordpress\/#\/schema\/logo\/image\/","url":"https:\/\/i0.wp.com\/www.investaura.co\/wordpress\/wp-content\/uploads\/Logo-INVESTAURA_RGB-blau-e1450351498844.jpg?fit=256%2C90&ssl=1","contentUrl":"https:\/\/i0.wp.com\/www.investaura.co\/wordpress\/wp-content\/uploads\/Logo-INVESTAURA_RGB-blau-e1450351498844.jpg?fit=256%2C90&ssl=1","width":256,"height":90,"caption":"Investaura"},"image":{"@id":"https:\/\/www.investaura.co\/wordpress\/#\/schema\/logo\/image\/"},"sameAs":["https:\/\/www.linkedin.com\/company\/1229653"]}]}},"jetpack_shortlink":"https:\/\/wp.me\/P7ecno-1D9","jetpack-related-posts":[{"id":6265,"url":"https:\/\/www.investaura.co\/wordpress\/nos-services\/fusions-et-acquisitions\/acheter-cote-ma-matiere\/","url_meta":{"origin":6271,"position":0},"title":"Buy-side: pourquoi le M&#038;A est-il important?","date":"April 4, 2017","format":false,"excerpt":"Acc\u00e9l\u00e9rez la croissance de votre entreprise Dans le monde comp\u00e9titif d'aujourd'hui, la rapidit\u00e9 d'ex\u00e9cution et le contr\u00f4le des co\u00fbts comptent parmi les facteurs de cr\u00e9ation de valeur les plus importants pour les actionnaires comme pour les clients. Un projet de croissance exog\u00e8ne via M&A peut aider votre entreprise \u00e0 gagner\u2026","rel":"","context":"Similar post","img":{"alt_text":"","src":"https:\/\/i0.wp.com\/www.investaura.co\/wordpress\/wp-content\/uploads\/shutterstock_139401482.jpg?fit=1000%2C554&ssl=1&resize=350%2C200","width":350,"height":200},"classes":[]},{"id":6263,"url":"https:\/\/www.investaura.co\/wordpress\/nos-services\/fusions-et-acquisitions\/sell-side-dont-need-ma-conseiller\/","url_meta":{"origin":6271,"position":1},"title":"Sell-side: n&#8217;auriez-vous pas besoin d&#8217;un conseiller M&#038;A?","date":"April 4, 2017","format":false,"excerpt":"Vendre votre entreprise Dans le monde ultra concurrentiel d'aujourd'hui, la croissance et le profit sont les sources fondamentales de cr\u00e9ation de valeur pour les chefs d'entreprise et leurs actionnaires. Si votre soci\u00e9t\u00e9 ne grossit pas, vos concurrents eux se d\u00e9velopperont, et ils pourraient finir par \u00e9clipser et mettre en p\u00e9ril\u2026","rel":"","context":"Similar post","img":{"alt_text":"","src":"https:\/\/i0.wp.com\/www.investaura.co\/wordpress\/wp-content\/uploads\/shutterstock_139401482.jpg?fit=1000%2C554&ssl=1&resize=350%2C200","width":350,"height":200},"classes":[]},{"id":5676,"url":"https:\/\/www.investaura.co\/wordpress\/boite-a-solutions\/intelligent-transportation-systems-its\/","url_meta":{"origin":6271,"position":2},"title":"D\u00e9velopper une candidature gagnante pour un projet ITS","date":"January 18, 2017","format":false,"excerpt":"Le march\u00e9 mondial des syst\u00e8mes de transport intelligents (ITS) devrait cro\u00eetre de 12% par an, passant de $36 millards en 2015 \u00e0 $64 milliards en 2020. Le financement des infrastructures de transport par le biais les solutions de paiement par p\u00e9age constitue la majeur partie du march\u00e9. Forts de leur\u2026","rel":"","context":"Similar post","img":{"alt_text":"","src":"https:\/\/i0.wp.com\/www.investaura.co\/wordpress\/wp-content\/uploads\/2022\/03\/PropTech_small.jpg?fit=1024%2C683&ssl=1&resize=350%2C200","width":350,"height":200},"classes":[]},{"id":6305,"url":"https:\/\/www.investaura.co\/wordpress\/nos-services\/conseil\/corporate-finance\/","url_meta":{"origin":6271,"position":3},"title":"Corporate Finance","date":"March 26, 2015","format":false,"excerpt":"Nous fournissons une vaste gamme de services de Corporate Finance \u00e0 nos clients de l'industrie des TIC, notamment: Valorisation En finance, le succ\u00e8s est g\u00e9n\u00e9ralement jug\u00e9 en fonction de la cr\u00e9ation de valeur. Une bonne d\u00e9cision d'investissement est une d\u00e9cision qui entra\u00eene l'achat d'un bien r\u00e9el qui vaut plus que\u2026","rel":"","context":"Similar post","img":{"alt_text":"","src":"https:\/\/i0.wp.com\/www.investaura.co\/wordpress\/wp-content\/uploads\/2016\/02\/shutterstock_282394148_smaller.jpg?fit=1024%2C683&ssl=1&resize=350%2C200","width":350,"height":200},"classes":[]},{"id":5698,"url":"https:\/\/www.investaura.co\/wordpress\/boite-a-solutions\/business-planification-evaluation\/","url_meta":{"origin":6271,"position":4},"title":"Business Planning et Valorisation d&#8217;entreprise","date":"March 2, 2016","format":false,"excerpt":"Un grand nombre de managers sont impliqu\u00e9s dans la pr\u00e9paration de Business Plans, que ce soit dans une start-up, une entreprise mature ou dans un contexte de fusions-acquisitions. Malheureusement, les r\u00e9sultats ne sont pas toujours convaincants, ni corrects! La pr\u00e9paration d'un Business Plan est une activit\u00e9 holistique qui exige non\u2026","rel":"","context":"Similar post","img":{"alt_text":"","src":"https:\/\/i0.wp.com\/www.investaura.co\/wordpress\/wp-content\/uploads\/2024\/07\/Business_Planning3.jpg?fit=1024%2C769&ssl=1&resize=350%2C200","width":350,"height":200},"classes":[]},{"id":6755,"url":"https:\/\/www.investaura.co\/wordpress\/nos-services\/business-planning-fr\/","url_meta":{"origin":6271,"position":5},"title":"Business Planning","date":"January 31, 2019","format":false,"excerpt":"Un grand nombre de gestionnaires participent \u00e0 la pr\u00e9paration de plans d'affaires, que ce soit dans une start-up, une soci\u00e9t\u00e9 mature ou dans un contexte de fusion-acquisition. Malheureusement, les r\u00e9sultats ne sont pas toujours convaincants. Investaura poss\u00e8de une vaste exp\u00e9rience dans le domaine de la planification financi\u00e8re. La pr\u00e9paration d'un\u2026","rel":"","context":"Similar post","img":{"alt_text":"","src":"https:\/\/i0.wp.com\/www.investaura.co\/wordpress\/wp-content\/uploads\/2010\/09\/shutterstock_251280265_smaller.jpg?fit=1024%2C678&ssl=1&resize=350%2C200","width":350,"height":200},"classes":[]}],"jetpack_sharing_enabled":true,"_links":{"self":[{"href":"https:\/\/www.investaura.co\/wordpress\/wp-json\/wp\/v2\/pages\/6271"}],"collection":[{"href":"https:\/\/www.investaura.co\/wordpress\/wp-json\/wp\/v2\/pages"}],"about":[{"href":"https:\/\/www.investaura.co\/wordpress\/wp-json\/wp\/v2\/types\/page"}],"author":[{"embeddable":true,"href":"https:\/\/www.investaura.co\/wordpress\/wp-json\/wp\/v2\/users\/1"}],"replies":[{"embeddable":true,"href":"https:\/\/www.investaura.co\/wordpress\/wp-json\/wp\/v2\/comments?post=6271"}],"version-history":[{"count":0,"href":"https:\/\/www.investaura.co\/wordpress\/wp-json\/wp\/v2\/pages\/6271\/revisions"}],"up":[{"embeddable":true,"href":"https:\/\/www.investaura.co\/wordpress\/wp-json\/wp\/v2\/pages\/5755"}],"wp:attachment":[{"href":"https:\/\/www.investaura.co\/wordpress\/wp-json\/wp\/v2\/media?parent=6271"}],"curies":[{"name":"wp","href":"https:\/\/api.w.org\/{rel}","templated":true}]}}