{"id":6270,"date":"2015-03-24T10:42:49","date_gmt":"2015-03-24T08:42:49","guid":{"rendered":"http:\/\/www.invest-aura.com\/?page_id=3324"},"modified":"2018-05-02T11:38:33","modified_gmt":"2018-05-02T09:38:33","slug":"branchenexpertise-und-regionale-ausrichtung","status":"publish","type":"page","link":"https:\/\/www.investaura.co\/wordpress\/dienstleistungen\/mergers-and-acquisitions\/branchenexpertise-und-regionale-ausrichtung\/","title":{"rendered":"Branchenexpertise und regionaler Fokus f\u00fcr M&#038;A"},"content":{"rendered":"<p>Unsere M&amp;A-Berater bringen spezifisches Branchen-Know-how und Referenzen in folgenden ICT-M\u00e4rkten ein:<\/p>\n<p><img data-attachment-id=\"4062\" data-permalink=\"https:\/\/www.investaura.co\/wordpress\/services\/mergers-and-acquisitions\/industry-expertise-and-regional-focus\/ma61\/\" data-orig-file=\"https:\/\/i0.wp.com\/www.investaura.co\/wordpress\/wp-content\/uploads\/MA61.png?fit=287%2C377&amp;ssl=1\" data-orig-size=\"287,377\" data-comments-opened=\"0\" data-image-meta=\"{&quot;aperture&quot;:&quot;0&quot;,&quot;credit&quot;:&quot;&quot;,&quot;camera&quot;:&quot;&quot;,&quot;caption&quot;:&quot;&quot;,&quot;created_timestamp&quot;:&quot;0&quot;,&quot;copyright&quot;:&quot;&quot;,&quot;focal_length&quot;:&quot;0&quot;,&quot;iso&quot;:&quot;0&quot;,&quot;shutter_speed&quot;:&quot;0&quot;,&quot;title&quot;:&quot;&quot;}\" data-image-title=\"M&#038;A61\" data-image-description=\"\" data-image-caption=\"\" data-medium-file=\"https:\/\/i0.wp.com\/www.investaura.co\/wordpress\/wp-content\/uploads\/MA61.png?fit=228%2C300&amp;ssl=1\" data-large-file=\"https:\/\/i0.wp.com\/www.investaura.co\/wordpress\/wp-content\/uploads\/MA61.png?fit=287%2C377&amp;ssl=1\" decoding=\"async\" loading=\"lazy\" class=\"alignright wp-image-4062\" src=\"https:\/\/i0.wp.com\/www.invest-aura.com\/wordpress\/wp-content\/uploads\/MA61.png?resize=187%2C246\" alt=\"\" width=\"187\" height=\"246\" srcset=\"https:\/\/i0.wp.com\/www.investaura.co\/wordpress\/wp-content\/uploads\/MA61.png?w=287&amp;ssl=1 287w, https:\/\/i0.wp.com\/www.investaura.co\/wordpress\/wp-content\/uploads\/MA61.png?resize=228%2C300&amp;ssl=1 228w\" sizes=\"(max-width: 187px) 100vw, 187px\" data-recalc-dims=\"1\" \/><\/p>\n<ul>\n<li>IT: Software, Anwendungsentwicklung, ERP, EPM, BI, Big Data, Predictive Analytics, Data Warehouse, BPO, IT-Sicherheit, Professional Services, Infrastrukturmanagement, SaaS, Cloud<\/li>\n<li>Telekommunikation und Internet: Dienstleister, Hardware-Anbieter, Software-Unternehmen, Enterprise-L\u00f6sungen, mobile Ger\u00e4te, Zubeh\u00f6r, Sicherheit, Service-Gesch\u00e4ft, 3G, 4G, 5G<\/li>\n<li>Intelligente Verkehrssysteme: Telematik, \u00f6ffentlicher Verkehr, Infrastruktur, Maut, Parken, Kontrolle, \u00dcberwachung, Betrieb, vernetztes Fahren, Elektromobilit\u00e4t<\/li>\n<li>Hightech: K\u00fcnstliche Intelligenz, AR\/VR, Startups<\/li>\n<\/ul>\n<p>Als ein wirklich internationales Unternehmen haben wir Zugriff auf Ziele und ein globales Netzwerk von Branchenexperten in den folgenden Regionen: Europa, Mittlerer Osten und Afrika, Asien, Amerika.<\/p>\n<p><img data-attachment-id=\"5406\" data-permalink=\"https:\/\/www.investaura.co\/wordpress\/services\/mergers-and-acquisitions\/industry-expertise-and-regional-focus\/schwarz-schilling-logo\/\" data-orig-file=\"https:\/\/i0.wp.com\/www.investaura.co\/wordpress\/wp-content\/uploads\/2017\/04\/schwarz-schilling-logo.png?fit=420%2C96&amp;ssl=1\" data-orig-size=\"420,96\" data-comments-opened=\"0\" data-image-meta=\"{&quot;aperture&quot;:&quot;0&quot;,&quot;credit&quot;:&quot;&quot;,&quot;camera&quot;:&quot;&quot;,&quot;caption&quot;:&quot;&quot;,&quot;created_timestamp&quot;:&quot;0&quot;,&quot;copyright&quot;:&quot;&quot;,&quot;focal_length&quot;:&quot;0&quot;,&quot;iso&quot;:&quot;0&quot;,&quot;shutter_speed&quot;:&quot;0&quot;,&quot;title&quot;:&quot;&quot;,&quot;orientation&quot;:&quot;0&quot;}\" data-image-title=\"schwarz-schilling-logo\" data-image-description=\"\" data-image-caption=\"\" data-medium-file=\"https:\/\/i0.wp.com\/www.investaura.co\/wordpress\/wp-content\/uploads\/2017\/04\/schwarz-schilling-logo.png?fit=300%2C69&amp;ssl=1\" data-large-file=\"https:\/\/i0.wp.com\/www.investaura.co\/wordpress\/wp-content\/uploads\/2017\/04\/schwarz-schilling-logo.png?fit=420%2C96&amp;ssl=1\" decoding=\"async\" loading=\"lazy\" class=\"alignright wp-image-5406\" src=\"https:\/\/i0.wp.com\/www.invest-aura.com\/wordpress\/wp-content\/uploads\/2017\/04\/schwarz-schilling-logo.png?resize=250%2C57\" alt=\"schwarz-schilling-logo\" width=\"250\" height=\"57\" srcset=\"https:\/\/i0.wp.com\/www.investaura.co\/wordpress\/wp-content\/uploads\/2017\/04\/schwarz-schilling-logo.png?w=420&amp;ssl=1 420w, https:\/\/i0.wp.com\/www.investaura.co\/wordpress\/wp-content\/uploads\/2017\/04\/schwarz-schilling-logo.png?resize=300%2C69&amp;ssl=1 300w\" sizes=\"(max-width: 250px) 100vw, 250px\" data-recalc-dims=\"1\" \/><\/p>\n<p>Um unsere eigene Expertise und lokale Pr\u00e4senz in Deutschland zu erg\u00e4nzen, haben wir eine strategische Partnerschaft mit Dr. Schwarz-Schilling and Partners, dem Corporate Finance- und M&amp;A-Beratungsunternehmen f\u00fcr Unternehmen in den M\u00e4rkten Internet, Medien, Telekommunikation und Technologie, etabliert.<\/p>\n","protected":false},"excerpt":{"rendered":"<p>Unsere M&amp;A-Berater bringen spezifisches Branchen-Know-how und Referenzen in folgenden ICT-M\u00e4rkten ein: IT: Software, Anwendungsentwicklung, ERP, EPM, BI, Big Data, Predictive Analytics, Data Warehouse, BPO, IT-Sicherheit, Professional Services, Infrastrukturmanagement, SaaS, Cloud Telekommunikation und Internet: Dienstleister, Hardware-Anbieter, Software-Unternehmen, Enterprise-L\u00f6sungen, mobile Ger\u00e4te, Zubeh\u00f6r,&#8230; <\/p>\n<div class=\"more-link-container\"><a class=\"more-link\" href=\"https:\/\/www.investaura.co\/wordpress\/dienstleistungen\/mergers-and-acquisitions\/branchenexpertise-und-regionale-ausrichtung\/\">Read More<\/a><\/div>\n","protected":false},"author":1,"featured_media":4148,"parent":5756,"menu_order":30,"comment_status":"closed","ping_status":"closed","template":"","meta":{"jetpack_post_was_ever_published":false},"yoast_head":"<!-- This site is optimized with the Yoast SEO plugin v20.4 - https:\/\/yoast.com\/wordpress\/plugins\/seo\/ -->\n<title>Branchenexpertise und regionaler Fokus f\u00fcr M&amp;A | Investaura<\/title>\n<meta name=\"robots\" content=\"index, follow, max-snippet:-1, max-image-preview:large, max-video-preview:-1\" \/>\n<link rel=\"canonical\" href=\"https:\/\/www.investaura.co\/wordpress\/dienstleistungen\/mergers-and-acquisitions\/branchenexpertise-und-regionale-ausrichtung\/\" \/>\n<meta property=\"og:locale\" content=\"en_GB\" \/>\n<meta property=\"og:type\" content=\"article\" \/>\n<meta property=\"og:title\" content=\"Branchenexpertise und regionaler Fokus f\u00fcr M&amp;A | Investaura\" \/>\n<meta property=\"og:description\" content=\"Unsere M&amp;A-Berater bringen spezifisches Branchen-Know-how und Referenzen in folgenden ICT-M\u00e4rkten ein: IT: Software, Anwendungsentwicklung, ERP, EPM, BI, Big Data, Predictive Analytics, Data Warehouse, BPO, IT-Sicherheit, Professional Services, Infrastrukturmanagement, SaaS, Cloud Telekommunikation und Internet: Dienstleister, Hardware-Anbieter, Software-Unternehmen, Enterprise-L\u00f6sungen, mobile Ger\u00e4te, Zubeh\u00f6r,... Read More\" \/>\n<meta property=\"og:url\" content=\"https:\/\/www.investaura.co\/wordpress\/dienstleistungen\/mergers-and-acquisitions\/branchenexpertise-und-regionale-ausrichtung\/\" \/>\n<meta property=\"og:site_name\" content=\"Investaura\" \/>\n<meta property=\"article:modified_time\" content=\"2018-05-02T09:38:33+00:00\" \/>\n<meta property=\"og:image\" content=\"https:\/\/i0.wp.com\/www.investaura.co\/wordpress\/wp-content\/uploads\/shutterstock_139401482.jpg?fit=1000%2C554&ssl=1\" \/>\n\t<meta property=\"og:image:width\" content=\"1000\" \/>\n\t<meta property=\"og:image:height\" content=\"554\" \/>\n\t<meta property=\"og:image:type\" content=\"image\/jpeg\" \/>\n<meta name=\"twitter:card\" content=\"summary_large_image\" \/>\n<meta name=\"twitter:label1\" content=\"Estimated reading time\" \/>\n\t<meta name=\"twitter:data1\" content=\"1 minute\" \/>\n<script type=\"application\/ld+json\" class=\"yoast-schema-graph\">{\"@context\":\"https:\/\/schema.org\",\"@graph\":[{\"@type\":\"WebPage\",\"@id\":\"https:\/\/www.investaura.co\/wordpress\/dienstleistungen\/mergers-and-acquisitions\/branchenexpertise-und-regionale-ausrichtung\/\",\"url\":\"https:\/\/www.investaura.co\/wordpress\/dienstleistungen\/mergers-and-acquisitions\/branchenexpertise-und-regionale-ausrichtung\/\",\"name\":\"Branchenexpertise und regionaler Fokus f\u00fcr M&A | Investaura\",\"isPartOf\":{\"@id\":\"https:\/\/www.investaura.co\/wordpress\/#website\"},\"datePublished\":\"2015-03-24T08:42:49+00:00\",\"dateModified\":\"2018-05-02T09:38:33+00:00\",\"breadcrumb\":{\"@id\":\"https:\/\/www.investaura.co\/wordpress\/dienstleistungen\/mergers-and-acquisitions\/branchenexpertise-und-regionale-ausrichtung\/#breadcrumb\"},\"inLanguage\":\"en-GB\",\"potentialAction\":[{\"@type\":\"ReadAction\",\"target\":[\"https:\/\/www.investaura.co\/wordpress\/dienstleistungen\/mergers-and-acquisitions\/branchenexpertise-und-regionale-ausrichtung\/\"]}]},{\"@type\":\"BreadcrumbList\",\"@id\":\"https:\/\/www.investaura.co\/wordpress\/dienstleistungen\/mergers-and-acquisitions\/branchenexpertise-und-regionale-ausrichtung\/#breadcrumb\",\"itemListElement\":[{\"@type\":\"ListItem\",\"position\":1,\"name\":\"Home\",\"item\":\"https:\/\/www.investaura.co\/wordpress\/\"},{\"@type\":\"ListItem\",\"position\":2,\"name\":\"Leistungen\",\"item\":\"https:\/\/www.investaura.co\/wordpress\/dienstleistungen\/\"},{\"@type\":\"ListItem\",\"position\":3,\"name\":\"Mergers &#038; Acquisitions und PMI\",\"item\":\"https:\/\/www.investaura.co\/wordpress\/dienstleistungen\/mergers-and-acquisitions\/\"},{\"@type\":\"ListItem\",\"position\":4,\"name\":\"Branchenexpertise und regionaler Fokus f\u00fcr M&#038;A\"}]},{\"@type\":\"WebSite\",\"@id\":\"https:\/\/www.investaura.co\/wordpress\/#website\",\"url\":\"https:\/\/www.investaura.co\/wordpress\/\",\"name\":\"Investaura\",\"description\":\"The Value Creation Consultants\",\"publisher\":{\"@id\":\"https:\/\/www.investaura.co\/wordpress\/#organization\"},\"potentialAction\":[{\"@type\":\"SearchAction\",\"target\":{\"@type\":\"EntryPoint\",\"urlTemplate\":\"https:\/\/www.investaura.co\/wordpress\/?s={search_term_string}\"},\"query-input\":\"required name=search_term_string\"}],\"inLanguage\":\"en-GB\"},{\"@type\":\"Organization\",\"@id\":\"https:\/\/www.investaura.co\/wordpress\/#organization\",\"name\":\"Investaura\",\"url\":\"https:\/\/www.investaura.co\/wordpress\/\",\"logo\":{\"@type\":\"ImageObject\",\"inLanguage\":\"en-GB\",\"@id\":\"https:\/\/www.investaura.co\/wordpress\/#\/schema\/logo\/image\/\",\"url\":\"https:\/\/i0.wp.com\/www.investaura.co\/wordpress\/wp-content\/uploads\/Logo-INVESTAURA_RGB-blau-e1450351498844.jpg?fit=256%2C90&ssl=1\",\"contentUrl\":\"https:\/\/i0.wp.com\/www.investaura.co\/wordpress\/wp-content\/uploads\/Logo-INVESTAURA_RGB-blau-e1450351498844.jpg?fit=256%2C90&ssl=1\",\"width\":256,\"height\":90,\"caption\":\"Investaura\"},\"image\":{\"@id\":\"https:\/\/www.investaura.co\/wordpress\/#\/schema\/logo\/image\/\"},\"sameAs\":[\"https:\/\/www.linkedin.com\/company\/1229653\"]}]}<\/script>\n<!-- \/ Yoast SEO plugin. -->","yoast_head_json":{"title":"Branchenexpertise und regionaler Fokus f\u00fcr M&A | Investaura","robots":{"index":"index","follow":"follow","max-snippet":"max-snippet:-1","max-image-preview":"max-image-preview:large","max-video-preview":"max-video-preview:-1"},"canonical":"https:\/\/www.investaura.co\/wordpress\/dienstleistungen\/mergers-and-acquisitions\/branchenexpertise-und-regionale-ausrichtung\/","og_locale":"en_GB","og_type":"article","og_title":"Branchenexpertise und regionaler Fokus f\u00fcr M&A | Investaura","og_description":"Unsere M&amp;A-Berater bringen spezifisches Branchen-Know-how und Referenzen in folgenden ICT-M\u00e4rkten ein: IT: Software, Anwendungsentwicklung, ERP, EPM, BI, Big Data, Predictive Analytics, Data Warehouse, BPO, IT-Sicherheit, Professional Services, Infrastrukturmanagement, SaaS, Cloud Telekommunikation und Internet: Dienstleister, Hardware-Anbieter, Software-Unternehmen, Enterprise-L\u00f6sungen, mobile Ger\u00e4te, Zubeh\u00f6r,... Read More","og_url":"https:\/\/www.investaura.co\/wordpress\/dienstleistungen\/mergers-and-acquisitions\/branchenexpertise-und-regionale-ausrichtung\/","og_site_name":"Investaura","article_modified_time":"2018-05-02T09:38:33+00:00","og_image":[{"width":1000,"height":554,"url":"https:\/\/i0.wp.com\/www.investaura.co\/wordpress\/wp-content\/uploads\/shutterstock_139401482.jpg?fit=1000%2C554&ssl=1","type":"image\/jpeg"}],"twitter_card":"summary_large_image","twitter_misc":{"Estimated reading time":"1 minute"},"schema":{"@context":"https:\/\/schema.org","@graph":[{"@type":"WebPage","@id":"https:\/\/www.investaura.co\/wordpress\/dienstleistungen\/mergers-and-acquisitions\/branchenexpertise-und-regionale-ausrichtung\/","url":"https:\/\/www.investaura.co\/wordpress\/dienstleistungen\/mergers-and-acquisitions\/branchenexpertise-und-regionale-ausrichtung\/","name":"Branchenexpertise und regionaler Fokus f\u00fcr M&A | Investaura","isPartOf":{"@id":"https:\/\/www.investaura.co\/wordpress\/#website"},"datePublished":"2015-03-24T08:42:49+00:00","dateModified":"2018-05-02T09:38:33+00:00","breadcrumb":{"@id":"https:\/\/www.investaura.co\/wordpress\/dienstleistungen\/mergers-and-acquisitions\/branchenexpertise-und-regionale-ausrichtung\/#breadcrumb"},"inLanguage":"en-GB","potentialAction":[{"@type":"ReadAction","target":["https:\/\/www.investaura.co\/wordpress\/dienstleistungen\/mergers-and-acquisitions\/branchenexpertise-und-regionale-ausrichtung\/"]}]},{"@type":"BreadcrumbList","@id":"https:\/\/www.investaura.co\/wordpress\/dienstleistungen\/mergers-and-acquisitions\/branchenexpertise-und-regionale-ausrichtung\/#breadcrumb","itemListElement":[{"@type":"ListItem","position":1,"name":"Home","item":"https:\/\/www.investaura.co\/wordpress\/"},{"@type":"ListItem","position":2,"name":"Leistungen","item":"https:\/\/www.investaura.co\/wordpress\/dienstleistungen\/"},{"@type":"ListItem","position":3,"name":"Mergers &#038; Acquisitions und PMI","item":"https:\/\/www.investaura.co\/wordpress\/dienstleistungen\/mergers-and-acquisitions\/"},{"@type":"ListItem","position":4,"name":"Branchenexpertise und regionaler Fokus f\u00fcr M&#038;A"}]},{"@type":"WebSite","@id":"https:\/\/www.investaura.co\/wordpress\/#website","url":"https:\/\/www.investaura.co\/wordpress\/","name":"Investaura","description":"The Value Creation Consultants","publisher":{"@id":"https:\/\/www.investaura.co\/wordpress\/#organization"},"potentialAction":[{"@type":"SearchAction","target":{"@type":"EntryPoint","urlTemplate":"https:\/\/www.investaura.co\/wordpress\/?s={search_term_string}"},"query-input":"required name=search_term_string"}],"inLanguage":"en-GB"},{"@type":"Organization","@id":"https:\/\/www.investaura.co\/wordpress\/#organization","name":"Investaura","url":"https:\/\/www.investaura.co\/wordpress\/","logo":{"@type":"ImageObject","inLanguage":"en-GB","@id":"https:\/\/www.investaura.co\/wordpress\/#\/schema\/logo\/image\/","url":"https:\/\/i0.wp.com\/www.investaura.co\/wordpress\/wp-content\/uploads\/Logo-INVESTAURA_RGB-blau-e1450351498844.jpg?fit=256%2C90&ssl=1","contentUrl":"https:\/\/i0.wp.com\/www.investaura.co\/wordpress\/wp-content\/uploads\/Logo-INVESTAURA_RGB-blau-e1450351498844.jpg?fit=256%2C90&ssl=1","width":256,"height":90,"caption":"Investaura"},"image":{"@id":"https:\/\/www.investaura.co\/wordpress\/#\/schema\/logo\/image\/"},"sameAs":["https:\/\/www.linkedin.com\/company\/1229653"]}]}},"jetpack_shortlink":"https:\/\/wp.me\/P7ecno-1D8","jetpack-related-posts":[{"id":7590,"url":"https:\/\/www.investaura.co\/wordpress\/losungen\/exit-strategie-fuer-proptech-europa\/","url_meta":{"origin":6270,"position":0},"title":"Exit-Strategie f\u00fcr PropTech in Europa","date":"March 7, 2022","format":false,"excerpt":"Zur Zeit gibt es mehr als 3000 PropTech-Unternehmen in Europa. Viele von ihnen, die nach 2010 gegr\u00fcndet wurden, wurden zun\u00e4chst von der Gr\u00f6\u00dfe des Immobilienmarktes und der M\u00f6glichkeit angezogen, eine Branche umzugestalten, die bis vor kurzem noch keinen Druck zur Digitalisierung versp\u00fcrt hat. Leider erleben viele junge Unternehmen nicht das\u2026","rel":"","context":"Similar post","img":{"alt_text":"","src":"https:\/\/i0.wp.com\/www.investaura.co\/wordpress\/wp-content\/uploads\/2017\/01\/shutterstock_182278607.jpg?fit=1000%2C836&ssl=1&resize=350%2C200","width":350,"height":200},"classes":[]},{"id":5708,"url":"https:\/\/www.investaura.co\/wordpress\/losungen\/budgetierung-und-prognose\/","url_meta":{"origin":6270,"position":1},"title":"Budgetierung, Planung und Prognose","date":"March 2, 2016","format":false,"excerpt":"Investaura hat vor kurzem ein umfangreiches Budgetierungs-, Gesch\u00e4ftsplanungs- und Kostenprojekt f\u00fcr einen Telekommunikationsdienstleister abgeschlossen. Der Service Provider hatte einige Jahre lang mit Excel-Tools zu k\u00e4mpfen, die niemand wirklich verstanden hatte und die dem Board inkonsistente Ergebnisse brachten. Schlimmer noch, jede Budgetrunde wurde vom Top-Management-Team als schreckliche Erfahrung in Erinnerung gerufen,\u2026","rel":"","context":"Similar post","img":{"alt_text":"","src":"https:\/\/i0.wp.com\/www.investaura.co\/wordpress\/wp-content\/uploads\/2016\/03\/130614_Architecture.png?fit=1075%2C689&ssl=1&resize=350%2C200","width":350,"height":200},"classes":[]},{"id":6304,"url":"https:\/\/www.investaura.co\/wordpress\/dienstleistungen\/beratung\/strategie-und-business-planung\/","url_meta":{"origin":6270,"position":2},"title":"Strategie und Gesch\u00e4ftsplanung","date":"March 26, 2015","format":false,"excerpt":"Die Berater von Investaura verf\u00fcgen \u00fcber umfangreiche Erfahrung im Bereich der Strategie - angewandte, detaillierte - und Gesch\u00e4ftsplanung - quantifiziert, robust, umsetzbar -, die bis in die Mitte der 1990er Jahre zur\u00fcckreicht. Wir verstehen sowohl kleine als auch gro\u00dfe Unternehmen. Wir sind Berater, die zu Unternehmern werden und wissen, was\u2026","rel":"","context":"Similar post","img":{"alt_text":"","src":"https:\/\/i0.wp.com\/www.investaura.co\/wordpress\/wp-content\/uploads\/2016\/02\/shutterstock_282394148_smaller.jpg?fit=1024%2C683&ssl=1&resize=350%2C200","width":350,"height":200},"classes":[]},{"id":6226,"url":"https:\/\/www.investaura.co\/wordpress\/dienstleistungen\/performance-management-losungen\/assoziierte-unternehmen\/","url_meta":{"origin":6270,"position":3},"title":"Trusted Software-Partner","date":"September 9, 2010","format":false,"excerpt":"Investaura Management Consultants hat 3 Softwareanbieter ausgew\u00e4hlt, die das eigene Kerngesch\u00e4ft erg\u00e4nzen und mit denen wir ausgezeichnete Beziehungen unterhalten: Prodacapo bietet Softwarel\u00f6sungen f\u00fcr die Prozesskostenrechnung und -verbesserung.\u00a0Die Prodacapo-Suite enth\u00e4lt Anwendungen f\u00fcr das aktivit\u00e4tsbasierte Management, Rentabilit\u00e4tsanalysen, Planung, Balanced Scorecard und Prozessmanagement.\u00a0Die Software und Methodik des Unternehmens basiert auf 20 Jahren Erfahrung,\u2026","rel":"","context":"Similar post","img":{"alt_text":"","src":"https:\/\/i0.wp.com\/www.investaura.co\/wordpress\/wp-content\/uploads\/2016\/02\/shutterstock_247165378.jpg?fit=1000%2C732&ssl=1&resize=350%2C200","width":350,"height":200},"classes":[]},{"id":6264,"url":"https:\/\/www.investaura.co\/wordpress\/dienstleistungen\/mergers-and-acquisitions\/sell-side-dont-brauchen-ma-berater\/","url_meta":{"origin":6270,"position":4},"title":"Verkaufsseite: Brauchen Sie keinen M&#038;A-Berater?","date":"April 4, 2017","format":false,"excerpt":"Verkaufen Sie Ihre Firma In der heutigen wettbewerbsorientierten Welt sind Gewinn und Wachstum fundamentale Quellen der Wertsch\u00f6pfung f\u00fcr Unternehmer und Aktion\u00e4re. Wenn Sie nicht wachsen, werden es Ihre Konkurrenten tun, und diese k\u00f6nnten schlie\u00dflich Ihr Gesch\u00e4ft in den Schatten stellen und gef\u00e4hrden. Selbst wenn Sie eine profitable Nische f\u00fcr Ihr\u2026","rel":"","context":"Similar post","img":{"alt_text":"","src":"https:\/\/i0.wp.com\/www.investaura.co\/wordpress\/wp-content\/uploads\/shutterstock_139401482.jpg?fit=1000%2C554&ssl=1&resize=350%2C200","width":350,"height":200},"classes":[]},{"id":5700,"url":"https:\/\/www.investaura.co\/wordpress\/losungen\/business-planning-bewertung\/","url_meta":{"origin":6270,"position":5},"title":"Business Plan und Unternehmensbewertung","date":"March 2, 2016","format":false,"excerpt":"Eine gro\u00dfe Anzahl von Managern arbeitet weltweit an der Erstellung von Gesch\u00e4ftspl\u00e4nen, sei es in einem Start-up-Unternehmen, im reifen Unternehmen oder im M&A-Kontext. Leider sind die Ergebnisse nicht immer \u00fcberzeugend oder korrekt! Gesch\u00e4ftsplanung ist eine ganzheitliche Aktivit\u00e4t, die nicht nur ein starkes Verst\u00e4ndnis des Unternehmens erfordert, sondern auch eine klare\u2026","rel":"","context":"Similar post","img":{"alt_text":"","src":"https:\/\/i0.wp.com\/www.investaura.co\/wordpress\/wp-content\/uploads\/2024\/07\/Business_Planning3.jpg?fit=1024%2C769&ssl=1&resize=350%2C200","width":350,"height":200},"classes":[]}],"jetpack_sharing_enabled":true,"_links":{"self":[{"href":"https:\/\/www.investaura.co\/wordpress\/wp-json\/wp\/v2\/pages\/6270"}],"collection":[{"href":"https:\/\/www.investaura.co\/wordpress\/wp-json\/wp\/v2\/pages"}],"about":[{"href":"https:\/\/www.investaura.co\/wordpress\/wp-json\/wp\/v2\/types\/page"}],"author":[{"embeddable":true,"href":"https:\/\/www.investaura.co\/wordpress\/wp-json\/wp\/v2\/users\/1"}],"replies":[{"embeddable":true,"href":"https:\/\/www.investaura.co\/wordpress\/wp-json\/wp\/v2\/comments?post=6270"}],"version-history":[{"count":3,"href":"https:\/\/www.investaura.co\/wordpress\/wp-json\/wp\/v2\/pages\/6270\/revisions"}],"predecessor-version":[{"id":6546,"href":"https:\/\/www.investaura.co\/wordpress\/wp-json\/wp\/v2\/pages\/6270\/revisions\/6546"}],"up":[{"embeddable":true,"href":"https:\/\/www.investaura.co\/wordpress\/wp-json\/wp\/v2\/pages\/5756"}],"wp:featuredmedia":[{"embeddable":true,"href":"https:\/\/www.investaura.co\/wordpress\/wp-json\/wp\/v2\/media\/4148"}],"wp:attachment":[{"href":"https:\/\/www.investaura.co\/wordpress\/wp-json\/wp\/v2\/media?parent=6270"}],"curies":[{"name":"wp","href":"https:\/\/api.w.org\/{rel}","templated":true}]}}