{"id":6268,"date":"2015-03-24T10:45:14","date_gmt":"2015-03-24T08:45:14","guid":{"rendered":"http:\/\/www.invest-aura.com\/?page_id=3328"},"modified":"2018-05-02T11:35:15","modified_gmt":"2018-05-02T09:35:15","slug":"warum-investaura","status":"publish","type":"page","link":"https:\/\/www.investaura.co\/wordpress\/dienstleistungen\/mergers-and-acquisitions\/warum-investaura\/","title":{"rendered":"Warum Investaura?"},"content":{"rendered":"<p>Investaura Berater sind Experten in der Kunst und Praxis von M&amp;A-Engagements. Unsere Dienstleistungen sind ma\u00dfgeschneidert und entsprechen genau den Anforderungen unserer Kunden. Wir sind stolz folgende Vorteile anbieten zu k\u00f6nnen:<\/p>\n<p><img data-attachment-id=\"3352\" data-permalink=\"https:\/\/www.investaura.co\/wordpress\/services\/mergers-and-acquisitions\/ma1\/\" data-orig-file=\"https:\/\/i0.wp.com\/www.investaura.co\/wordpress\/wp-content\/uploads\/MA1.png?fit=258%2C541&amp;ssl=1\" data-orig-size=\"258,541\" data-comments-opened=\"0\" data-image-meta=\"{&quot;aperture&quot;:&quot;0&quot;,&quot;credit&quot;:&quot;&quot;,&quot;camera&quot;:&quot;&quot;,&quot;caption&quot;:&quot;&quot;,&quot;created_timestamp&quot;:&quot;0&quot;,&quot;copyright&quot;:&quot;&quot;,&quot;focal_length&quot;:&quot;0&quot;,&quot;iso&quot;:&quot;0&quot;,&quot;shutter_speed&quot;:&quot;0&quot;,&quot;title&quot;:&quot;&quot;}\" data-image-title=\"M&#038;A1\" data-image-description=\"\" data-image-caption=\"\" data-medium-file=\"https:\/\/i0.wp.com\/www.investaura.co\/wordpress\/wp-content\/uploads\/MA1.png?fit=143%2C300&amp;ssl=1\" data-large-file=\"https:\/\/i0.wp.com\/www.investaura.co\/wordpress\/wp-content\/uploads\/MA1.png?fit=258%2C541&amp;ssl=1\" decoding=\"async\" loading=\"lazy\" class=\"alignright wp-image-3352\" src=\"https:\/\/i0.wp.com\/www.invest-aura.com\/wordpress\/wp-content\/uploads\/MA1.png?resize=170%2C356\" alt=\"M &amp; A1\" width=\"170\" height=\"356\" srcset=\"https:\/\/i0.wp.com\/www.investaura.co\/wordpress\/wp-content\/uploads\/MA1.png?w=258&amp;ssl=1 258w, https:\/\/i0.wp.com\/www.investaura.co\/wordpress\/wp-content\/uploads\/MA1.png?resize=143%2C300&amp;ssl=1 143w\" sizes=\"(max-width: 170px) 100vw, 170px\" data-recalc-dims=\"1\" \/><\/p>\n<ul>\n<li>Der Erfolg unserer Kunden ist unser Erfolg. Wir sind auf unsere Kunden ausgerichtet, weil wir selbst als Unternehmer denken und handeln. Wir verstehen die Herausforderungen unserer Kunden, weil wir uns in der Industrie schon oft mit den gleichen Problemen konfrontiert sahen. Neben dem erfolgreichen Abschluss von Abschl\u00fcssen sind wir an einer erfolgreichen Integration und einer substanziellen Wertsch\u00f6pfung interessiert<\/li>\n<\/ul>\n<ul>\n<li>Matchmaking ist unsere Leidenschaft. Wir f\u00fchren unsere Kunden zu den richtigen Zielen, wo klare und echte Synergien mit dem Gesch\u00e4ft des K\u00e4ufers bestehen und wo die Qualit\u00e4t der Anpassung hoch ist (zB Markt, Portfolio, Menschen, Kultur)<\/li>\n<\/ul>\n<ul>\n<li>Wir sind Experten f\u00fcr Unternehmensplanung, Integrationsplanung und Bewertung. Wir glauben fest an die Erstellung realistischer und solider finanzieller und nicht-finanzieller Pl\u00e4ne, basierend auf umfangreichen Due-Diligence-Arbeiten und Workshops mit dem K\u00e4ufer und dem Managementteam des Zielunternehmens. Wir haben Werkzeuge und Methoden f\u00fcr die ausgew\u00e4hlten Branchen entwickelt, in denen wir t\u00e4tig sind.<\/li>\n<\/ul>\n<ul>\n<li>Wir \u00fcbernehmen nur M&amp;A-Projekte in Branchen, die wir sehr gut kennen. Unsere Berater bringen mindestens 15-20 Jahre Berufserfahrung in leitenden Positionen in der Industrie ein. Sie sind vielseitig qualifiziert und verstehen das Gesch\u00e4ft aus kommerzieller, technischer und finanzieller Sicht.<\/li>\n<\/ul>\n<p>\u00dcberzeugen Sie sich von unserer <a href=\"http:\/\/www.investaura.co\/dienstleistungen\/mergers-and-acquisitions\/branchenexpertise-und-regionale-ausrichtung\/\">Branchenkompetenz und regionalen Ausrichtung<\/a>.<\/p>\n","protected":false},"excerpt":{"rendered":"<p>Investaura Berater sind Experten in der Kunst und Praxis von M&amp;A-Engagements. Unsere Dienstleistungen sind ma\u00dfgeschneidert und entsprechen genau den Anforderungen unserer Kunden. Wir sind stolz folgende Vorteile anbieten zu k\u00f6nnen: Der Erfolg unserer Kunden ist unser Erfolg. Wir sind auf&#8230; <\/p>\n<div class=\"more-link-container\"><a class=\"more-link\" href=\"https:\/\/www.investaura.co\/wordpress\/dienstleistungen\/mergers-and-acquisitions\/warum-investaura\/\">Read More<\/a><\/div>\n","protected":false},"author":1,"featured_media":4148,"parent":5756,"menu_order":20,"comment_status":"closed","ping_status":"closed","template":"","meta":{"jetpack_post_was_ever_published":false},"yoast_head":"<!-- This site is optimized with the Yoast SEO plugin v20.4 - https:\/\/yoast.com\/wordpress\/plugins\/seo\/ -->\n<title>Warum Investaura? | Investaura<\/title>\n<meta name=\"robots\" content=\"index, follow, max-snippet:-1, max-image-preview:large, max-video-preview:-1\" \/>\n<link rel=\"canonical\" href=\"https:\/\/www.investaura.co\/wordpress\/dienstleistungen\/mergers-and-acquisitions\/warum-investaura\/\" \/>\n<meta property=\"og:locale\" content=\"en_GB\" \/>\n<meta property=\"og:type\" content=\"article\" \/>\n<meta property=\"og:title\" content=\"Warum Investaura? | Investaura\" \/>\n<meta property=\"og:description\" content=\"Investaura Berater sind Experten in der Kunst und Praxis von M&amp;A-Engagements. Unsere Dienstleistungen sind ma\u00dfgeschneidert und entsprechen genau den Anforderungen unserer Kunden. Wir sind stolz folgende Vorteile anbieten zu k\u00f6nnen: Der Erfolg unserer Kunden ist unser Erfolg. Wir sind auf... Read More\" \/>\n<meta property=\"og:url\" content=\"https:\/\/www.investaura.co\/wordpress\/dienstleistungen\/mergers-and-acquisitions\/warum-investaura\/\" \/>\n<meta property=\"og:site_name\" content=\"Investaura\" \/>\n<meta property=\"article:modified_time\" content=\"2018-05-02T09:35:15+00:00\" \/>\n<meta property=\"og:image\" content=\"https:\/\/i0.wp.com\/www.investaura.co\/wordpress\/wp-content\/uploads\/shutterstock_139401482.jpg?fit=1000%2C554&ssl=1\" \/>\n\t<meta property=\"og:image:width\" content=\"1000\" \/>\n\t<meta property=\"og:image:height\" content=\"554\" \/>\n\t<meta property=\"og:image:type\" content=\"image\/jpeg\" \/>\n<meta name=\"twitter:card\" content=\"summary_large_image\" \/>\n<meta name=\"twitter:label1\" content=\"Estimated reading time\" \/>\n\t<meta name=\"twitter:data1\" content=\"1 minute\" \/>\n<script type=\"application\/ld+json\" class=\"yoast-schema-graph\">{\"@context\":\"https:\/\/schema.org\",\"@graph\":[{\"@type\":\"WebPage\",\"@id\":\"https:\/\/www.investaura.co\/wordpress\/dienstleistungen\/mergers-and-acquisitions\/warum-investaura\/\",\"url\":\"https:\/\/www.investaura.co\/wordpress\/dienstleistungen\/mergers-and-acquisitions\/warum-investaura\/\",\"name\":\"Warum Investaura? | Investaura\",\"isPartOf\":{\"@id\":\"https:\/\/www.investaura.co\/wordpress\/#website\"},\"datePublished\":\"2015-03-24T08:45:14+00:00\",\"dateModified\":\"2018-05-02T09:35:15+00:00\",\"breadcrumb\":{\"@id\":\"https:\/\/www.investaura.co\/wordpress\/dienstleistungen\/mergers-and-acquisitions\/warum-investaura\/#breadcrumb\"},\"inLanguage\":\"en-GB\",\"potentialAction\":[{\"@type\":\"ReadAction\",\"target\":[\"https:\/\/www.investaura.co\/wordpress\/dienstleistungen\/mergers-and-acquisitions\/warum-investaura\/\"]}]},{\"@type\":\"BreadcrumbList\",\"@id\":\"https:\/\/www.investaura.co\/wordpress\/dienstleistungen\/mergers-and-acquisitions\/warum-investaura\/#breadcrumb\",\"itemListElement\":[{\"@type\":\"ListItem\",\"position\":1,\"name\":\"Home\",\"item\":\"https:\/\/www.investaura.co\/wordpress\/\"},{\"@type\":\"ListItem\",\"position\":2,\"name\":\"Leistungen\",\"item\":\"https:\/\/www.investaura.co\/wordpress\/dienstleistungen\/\"},{\"@type\":\"ListItem\",\"position\":3,\"name\":\"Mergers &#038; Acquisitions und PMI\",\"item\":\"https:\/\/www.investaura.co\/wordpress\/dienstleistungen\/mergers-and-acquisitions\/\"},{\"@type\":\"ListItem\",\"position\":4,\"name\":\"Warum Investaura?\"}]},{\"@type\":\"WebSite\",\"@id\":\"https:\/\/www.investaura.co\/wordpress\/#website\",\"url\":\"https:\/\/www.investaura.co\/wordpress\/\",\"name\":\"Investaura\",\"description\":\"The Value Creation Consultants\",\"publisher\":{\"@id\":\"https:\/\/www.investaura.co\/wordpress\/#organization\"},\"potentialAction\":[{\"@type\":\"SearchAction\",\"target\":{\"@type\":\"EntryPoint\",\"urlTemplate\":\"https:\/\/www.investaura.co\/wordpress\/?s={search_term_string}\"},\"query-input\":\"required name=search_term_string\"}],\"inLanguage\":\"en-GB\"},{\"@type\":\"Organization\",\"@id\":\"https:\/\/www.investaura.co\/wordpress\/#organization\",\"name\":\"Investaura\",\"url\":\"https:\/\/www.investaura.co\/wordpress\/\",\"logo\":{\"@type\":\"ImageObject\",\"inLanguage\":\"en-GB\",\"@id\":\"https:\/\/www.investaura.co\/wordpress\/#\/schema\/logo\/image\/\",\"url\":\"https:\/\/i0.wp.com\/www.investaura.co\/wordpress\/wp-content\/uploads\/Logo-INVESTAURA_RGB-blau-e1450351498844.jpg?fit=256%2C90&ssl=1\",\"contentUrl\":\"https:\/\/i0.wp.com\/www.investaura.co\/wordpress\/wp-content\/uploads\/Logo-INVESTAURA_RGB-blau-e1450351498844.jpg?fit=256%2C90&ssl=1\",\"width\":256,\"height\":90,\"caption\":\"Investaura\"},\"image\":{\"@id\":\"https:\/\/www.investaura.co\/wordpress\/#\/schema\/logo\/image\/\"},\"sameAs\":[\"https:\/\/www.linkedin.com\/company\/1229653\"]}]}<\/script>\n<!-- \/ Yoast SEO plugin. -->","yoast_head_json":{"title":"Warum Investaura? | Investaura","robots":{"index":"index","follow":"follow","max-snippet":"max-snippet:-1","max-image-preview":"max-image-preview:large","max-video-preview":"max-video-preview:-1"},"canonical":"https:\/\/www.investaura.co\/wordpress\/dienstleistungen\/mergers-and-acquisitions\/warum-investaura\/","og_locale":"en_GB","og_type":"article","og_title":"Warum Investaura? | Investaura","og_description":"Investaura Berater sind Experten in der Kunst und Praxis von M&amp;A-Engagements. Unsere Dienstleistungen sind ma\u00dfgeschneidert und entsprechen genau den Anforderungen unserer Kunden. Wir sind stolz folgende Vorteile anbieten zu k\u00f6nnen: Der Erfolg unserer Kunden ist unser Erfolg. Wir sind auf... Read More","og_url":"https:\/\/www.investaura.co\/wordpress\/dienstleistungen\/mergers-and-acquisitions\/warum-investaura\/","og_site_name":"Investaura","article_modified_time":"2018-05-02T09:35:15+00:00","og_image":[{"width":1000,"height":554,"url":"https:\/\/i0.wp.com\/www.investaura.co\/wordpress\/wp-content\/uploads\/shutterstock_139401482.jpg?fit=1000%2C554&ssl=1","type":"image\/jpeg"}],"twitter_card":"summary_large_image","twitter_misc":{"Estimated reading time":"1 minute"},"schema":{"@context":"https:\/\/schema.org","@graph":[{"@type":"WebPage","@id":"https:\/\/www.investaura.co\/wordpress\/dienstleistungen\/mergers-and-acquisitions\/warum-investaura\/","url":"https:\/\/www.investaura.co\/wordpress\/dienstleistungen\/mergers-and-acquisitions\/warum-investaura\/","name":"Warum Investaura? | Investaura","isPartOf":{"@id":"https:\/\/www.investaura.co\/wordpress\/#website"},"datePublished":"2015-03-24T08:45:14+00:00","dateModified":"2018-05-02T09:35:15+00:00","breadcrumb":{"@id":"https:\/\/www.investaura.co\/wordpress\/dienstleistungen\/mergers-and-acquisitions\/warum-investaura\/#breadcrumb"},"inLanguage":"en-GB","potentialAction":[{"@type":"ReadAction","target":["https:\/\/www.investaura.co\/wordpress\/dienstleistungen\/mergers-and-acquisitions\/warum-investaura\/"]}]},{"@type":"BreadcrumbList","@id":"https:\/\/www.investaura.co\/wordpress\/dienstleistungen\/mergers-and-acquisitions\/warum-investaura\/#breadcrumb","itemListElement":[{"@type":"ListItem","position":1,"name":"Home","item":"https:\/\/www.investaura.co\/wordpress\/"},{"@type":"ListItem","position":2,"name":"Leistungen","item":"https:\/\/www.investaura.co\/wordpress\/dienstleistungen\/"},{"@type":"ListItem","position":3,"name":"Mergers &#038; Acquisitions und PMI","item":"https:\/\/www.investaura.co\/wordpress\/dienstleistungen\/mergers-and-acquisitions\/"},{"@type":"ListItem","position":4,"name":"Warum Investaura?"}]},{"@type":"WebSite","@id":"https:\/\/www.investaura.co\/wordpress\/#website","url":"https:\/\/www.investaura.co\/wordpress\/","name":"Investaura","description":"The Value Creation Consultants","publisher":{"@id":"https:\/\/www.investaura.co\/wordpress\/#organization"},"potentialAction":[{"@type":"SearchAction","target":{"@type":"EntryPoint","urlTemplate":"https:\/\/www.investaura.co\/wordpress\/?s={search_term_string}"},"query-input":"required name=search_term_string"}],"inLanguage":"en-GB"},{"@type":"Organization","@id":"https:\/\/www.investaura.co\/wordpress\/#organization","name":"Investaura","url":"https:\/\/www.investaura.co\/wordpress\/","logo":{"@type":"ImageObject","inLanguage":"en-GB","@id":"https:\/\/www.investaura.co\/wordpress\/#\/schema\/logo\/image\/","url":"https:\/\/i0.wp.com\/www.investaura.co\/wordpress\/wp-content\/uploads\/Logo-INVESTAURA_RGB-blau-e1450351498844.jpg?fit=256%2C90&ssl=1","contentUrl":"https:\/\/i0.wp.com\/www.investaura.co\/wordpress\/wp-content\/uploads\/Logo-INVESTAURA_RGB-blau-e1450351498844.jpg?fit=256%2C90&ssl=1","width":256,"height":90,"caption":"Investaura"},"image":{"@id":"https:\/\/www.investaura.co\/wordpress\/#\/schema\/logo\/image\/"},"sameAs":["https:\/\/www.linkedin.com\/company\/1229653"]}]}},"jetpack_shortlink":"https:\/\/wp.me\/P7ecno-1D6","jetpack-related-posts":[{"id":5753,"url":"https:\/\/www.investaura.co\/wordpress\/dienstleistungen\/beratung\/","url_meta":{"origin":6268,"position":0},"title":"Strategieberatung","date":"September 8, 2010","format":false,"excerpt":"Wir leiten strategische Initiativen, identifizieren Wertsch\u00f6pfungsm\u00f6glichkeiten und arbeiten mit den F\u00fchrungskr\u00e4ften unserer Kunden zusammen, um sowohl die kurzfristige als auch die langfristige Unternehmensleistung zu verbessern. Unsere Berater sind erfahrene Fachleute mit umfassender operativer Erfahrung. Wir bringen unsere positive Einstellung ein: Wir haben Unternehmergeist, sind umsetzungsorientiert und \u00fcbernehmen die Verantwortung f\u00fcr\u2026","rel":"","context":"Similar post","img":{"alt_text":"","src":"https:\/\/i0.wp.com\/www.investaura.co\/wordpress\/wp-content\/uploads\/2016\/02\/shutterstock_282394148_smaller.jpg?fit=1024%2C683&ssl=1&resize=350%2C200","width":350,"height":200},"classes":[]},{"id":6248,"url":"https:\/\/www.investaura.co\/wordpress\/dienstleistungen\/marketing-sales-support\/markt-und-industrie-analyse\/","url_meta":{"origin":6268,"position":1},"title":"Markt- und Industrieanalyse","date":"December 2, 2015","format":false,"excerpt":"Ziel einer qualitativen oder quantitativen Markt- und Branchenanalyse ist es, die verschiedenen Makro- und Mikrosegmente im Zielmarkt genau zu verstehen. Wir identifizieren die wichtigsten Erfolgsfaktoren, kl\u00e4ren Marktbarrieren, analysieren den Wettbewerb, \u00fcberpr\u00fcfen regulatorische Fragen und quantifizieren unter anderem nicht oder zu wenig bediente Segmente. Dieses Verst\u00e4ndnis ist Voraussetzung f\u00fcr die Formulierung\u2026","rel":"","context":"Similar post","img":{"alt_text":"","src":"https:\/\/i0.wp.com\/www.investaura.co\/wordpress\/wp-content\/uploads\/2015\/12\/shutterstock_209058313_smaller.jpg?fit=1024%2C682&ssl=1&resize=350%2C200","width":350,"height":200},"classes":[]},{"id":5677,"url":"https:\/\/www.investaura.co\/wordpress\/losungen\/intelligent-transportation-systems-its-german\/","url_meta":{"origin":6268,"position":2},"title":"Mega-Deals f\u00fcr ITS Projekte gewinnen","date":"January 18, 2017","format":false,"excerpt":"Der globale Markt f\u00fcr Intelligent Transportation Systems (ITS) wird voraussichtlich um 12% pro Jahr von 36 Mrd. $ im Jahr 2015 auf 64 Mrd. $ im Jahr 2020 wachsen. Die Finanzierung der Verkehrs-infrastruktur \u00fcber Maut-Zahlungsl\u00f6sungen stellt dabei den Hauptteil dieses Marktsegments. Wir wissen, was es f\u00fcr ein Unternehmen braucht, um\u2026","rel":"","context":"Similar post","img":{"alt_text":"","src":"https:\/\/i0.wp.com\/www.investaura.co\/wordpress\/wp-content\/uploads\/2022\/03\/PropTech_small.jpg?fit=1024%2C683&ssl=1&resize=350%2C200","width":350,"height":200},"classes":[]},{"id":6252,"url":"https:\/\/www.investaura.co\/wordpress\/dienstleistungen\/marketing-sales-support\/geschaftsentwicklung\/","url_meta":{"origin":6268,"position":3},"title":"Gesch\u00e4ftsentwicklung","date":"December 2, 2015","format":false,"excerpt":"F\u00fcr unsere Kunden kann der Eintritt in neue, bisher nicht bediente M\u00e4rkte mit ihren eigenen Ressourcen teuer, erfolglos oder zu lange dauern. Unser erfahrenes Verkaufsteam hilft Ihnen, neue M\u00e4rkte erfolgreich zu erschlie\u00dfen. Wie machen wir das? Was ist unser Schl\u00fcssel zum Erfolg? Unser Ansatz basiert auf drei Prinzipien: Wir gehen\u2026","rel":"","context":"Similar post","img":{"alt_text":"","src":"https:\/\/i0.wp.com\/www.investaura.co\/wordpress\/wp-content\/uploads\/2015\/12\/shutterstock_209058313_smaller.jpg?fit=1024%2C682&ssl=1&resize=350%2C200","width":350,"height":200},"classes":[]},{"id":6737,"url":"https:\/\/www.investaura.co\/wordpress\/losungen\/ma-der-luftfahrtindustrie\/","url_meta":{"origin":6268,"position":4},"title":"M&#038;A in der Luftfahrtindustrie","date":"January 30, 2019","format":false,"excerpt":"Ungeachtet des Abschwungs von 2008-2009 hat der weltweite Luftverkehrsmarkt im letzten Jahrzehnt ein starkes Wachstum verzeichnet, sowohl was die Passagierzahlen (+ 62,8% zwischen 2007 und 2018) als auch das Frachtvolumen (+ 40,6% im selben Zeitraum) betrifft. Mehr als die H\u00e4lfte der 1,4 Milliarden Touristen der Welt, die 2018 \u00fcber die\u2026","rel":"","context":"Similar post","img":{"alt_text":"","src":"https:\/\/i0.wp.com\/www.investaura.co\/wordpress\/wp-content\/uploads\/2019\/01\/shutterstock_324754607_smaller3.jpg?fit=1024%2C429&ssl=1&resize=350%2C200","width":350,"height":200},"classes":[]}],"jetpack_sharing_enabled":true,"_links":{"self":[{"href":"https:\/\/www.investaura.co\/wordpress\/wp-json\/wp\/v2\/pages\/6268"}],"collection":[{"href":"https:\/\/www.investaura.co\/wordpress\/wp-json\/wp\/v2\/pages"}],"about":[{"href":"https:\/\/www.investaura.co\/wordpress\/wp-json\/wp\/v2\/types\/page"}],"author":[{"embeddable":true,"href":"https:\/\/www.investaura.co\/wordpress\/wp-json\/wp\/v2\/users\/1"}],"replies":[{"embeddable":true,"href":"https:\/\/www.investaura.co\/wordpress\/wp-json\/wp\/v2\/comments?post=6268"}],"version-history":[{"count":4,"href":"https:\/\/www.investaura.co\/wordpress\/wp-json\/wp\/v2\/pages\/6268\/revisions"}],"predecessor-version":[{"id":6544,"href":"https:\/\/www.investaura.co\/wordpress\/wp-json\/wp\/v2\/pages\/6268\/revisions\/6544"}],"up":[{"embeddable":true,"href":"https:\/\/www.investaura.co\/wordpress\/wp-json\/wp\/v2\/pages\/5756"}],"wp:featuredmedia":[{"embeddable":true,"href":"https:\/\/www.investaura.co\/wordpress\/wp-json\/wp\/v2\/media\/4148"}],"wp:attachment":[{"href":"https:\/\/www.investaura.co\/wordpress\/wp-json\/wp\/v2\/media?parent=6268"}],"curies":[{"name":"wp","href":"https:\/\/api.w.org\/{rel}","templated":true}]}}