{"id":6267,"date":"2015-03-24T10:45:14","date_gmt":"2015-03-24T08:45:14","guid":{"rendered":"http:\/\/www.invest-aura.com\/?page_id=3328"},"modified":"2018-04-18T14:24:17","modified_gmt":"2018-04-18T12:24:17","slug":"pourquoi-investaura","status":"publish","type":"page","link":"https:\/\/www.investaura.co\/wordpress\/nos-services\/fusions-et-acquisitions\/pourquoi-investaura\/","title":{"rendered":"Pourquoi Investaura?"},"content":{"rendered":"<p>Les consultants Investaura sont des experts M&amp;A qui apportent la s\u00e9niorit\u00e9 et le doigt\u00e9 n\u00e9cessaire \u00e0 la r\u00e9ussite de projets complexes. Nous fournissons des services sur mesure qui r\u00e9pondent aux exigences pr\u00e9cises de nos clients. Nous sommes fiers d&#8217;apporter les points de diff\u00e9renciation suivants:<\/p>\n<p><img data-attachment-id=\"3352\" data-permalink=\"https:\/\/www.investaura.co\/wordpress\/services\/mergers-and-acquisitions\/ma1\/\" data-orig-file=\"https:\/\/i0.wp.com\/www.investaura.co\/wordpress\/wp-content\/uploads\/MA1.png?fit=258%2C541&amp;ssl=1\" data-orig-size=\"258,541\" data-comments-opened=\"0\" data-image-meta=\"{&quot;aperture&quot;:&quot;0&quot;,&quot;credit&quot;:&quot;&quot;,&quot;camera&quot;:&quot;&quot;,&quot;caption&quot;:&quot;&quot;,&quot;created_timestamp&quot;:&quot;0&quot;,&quot;copyright&quot;:&quot;&quot;,&quot;focal_length&quot;:&quot;0&quot;,&quot;iso&quot;:&quot;0&quot;,&quot;shutter_speed&quot;:&quot;0&quot;,&quot;title&quot;:&quot;&quot;}\" data-image-title=\"M&#038;A1\" data-image-description=\"\" data-image-caption=\"\" data-medium-file=\"https:\/\/i0.wp.com\/www.investaura.co\/wordpress\/wp-content\/uploads\/MA1.png?fit=143%2C300&amp;ssl=1\" data-large-file=\"https:\/\/i0.wp.com\/www.investaura.co\/wordpress\/wp-content\/uploads\/MA1.png?fit=258%2C541&amp;ssl=1\" decoding=\"async\" loading=\"lazy\" class=\"alignright wp-image-3352\" src=\"https:\/\/i0.wp.com\/www.invest-aura.com\/wordpress\/wp-content\/uploads\/MA1.png?resize=170%2C356\" alt=\"M &amp; A1\" width=\"170\" height=\"356\" srcset=\"https:\/\/i0.wp.com\/www.investaura.co\/wordpress\/wp-content\/uploads\/MA1.png?w=258&amp;ssl=1 258w, https:\/\/i0.wp.com\/www.investaura.co\/wordpress\/wp-content\/uploads\/MA1.png?resize=143%2C300&amp;ssl=1 143w\" sizes=\"(max-width: 170px) 100vw, 170px\" data-recalc-dims=\"1\" \/><\/p>\n<ul>\n<li><strong>Le succ\u00e8s de nos clients est notre succ\u00e8s<\/strong>. Nous sommes align\u00e9s avec nos clients parce que nous pensons et agissons nous-m\u00eames en tant qu&#8217;entrepreneurs. Nous comprenons les d\u00e9fis de nos clients parce que nous avons souvent rencontr\u00e9 les m\u00eames probl\u00e8mes dans l&#8217;industrie. Au-del\u00e0 de la conclusion r\u00e9ussie des transactions M&amp;A, nous accordons de l&#8217;importante \u00e0 une int\u00e9gration r\u00e9ussie et une cr\u00e9ation de valeur substantielle.<\/li>\n<\/ul>\n<ul>\n<li><strong>Le matchmaking est notre passion<\/strong>. Nous guidons nos clients vers les bonnes cibles, celles o\u00f9 des synergies claires et r\u00e9elles existent entre les activit\u00e9s de l&#8217;acheteur et du vendeur, et o\u00f9 la compatibilit\u00e9 entre les acteurs est \u00e9lev\u00e9e (par exemple: march\u00e9, produits, personnes, culture).<\/li>\n<\/ul>\n<ul>\n<li><strong>Nous sommes experts en planification d&#8217;entreprise, en planification d&#8217;int\u00e9gration et en valorisation<\/strong>. Nous croyons fermement \u00e0 la pr\u00e9paration de plans financiers et non financiers r\u00e9alistes et solides, fond\u00e9s sur un travail approfondi de Due Diligence et des workshops avec les \u00e9quipes cot\u00e9 acheteur et vendeur. Nous avons d\u00e9velopp\u00e9 des outils sp\u00e9cifiques pour les industries dans lesquelles nous op\u00e9rons.<\/li>\n<\/ul>\n<ul>\n<li><strong>Nous n&#8217;effectuons que des projets de fusions et acquisitions dans les industries que nous connaissons tr\u00e8s bien<\/strong>. Nos consultants ont tous un minimum de 10 ans d&#8217;exp\u00e9rience professionnelle dans des postes de responsabilit\u00e9 dans l&#8217;industrie. Ils sont polyvalents et comprennent les affaires d&#8217;un point de vue commercial, technique et financier.<\/li>\n<\/ul>\n<ul>\n<li><strong>Nous sommes une \u00e9quipe internationale<\/strong> qui a travaill\u00e9 dans plus de 40 pays. Nos consultants parlent fran\u00e7ais, anglais, allemand, portugais et italien.<\/li>\n<\/ul>\n<p>V\u00e9rifiez notre <a href=\"http:\/\/www.investaura.co\/nos-services\/fusions-et-acquisitions\/industrie-expertise-et-regional-focus\/\">expertise sectorielle<\/a>.<\/p>\n","protected":false},"excerpt":{"rendered":"<p>Les consultants Investaura sont des experts M&amp;A qui apportent la s\u00e9niorit\u00e9 et le doigt\u00e9 n\u00e9cessaire \u00e0 la r\u00e9ussite de projets complexes. Nous fournissons des services sur mesure qui r\u00e9pondent aux exigences pr\u00e9cises de nos clients. Nous sommes fiers d&#8217;apporter les&#8230; <\/p>\n<div class=\"more-link-container\"><a class=\"more-link\" href=\"https:\/\/www.investaura.co\/wordpress\/nos-services\/fusions-et-acquisitions\/pourquoi-investaura\/\">Read More<\/a><\/div>\n","protected":false},"author":1,"featured_media":4148,"parent":5755,"menu_order":20,"comment_status":"closed","ping_status":"closed","template":"","meta":{"jetpack_post_was_ever_published":false},"yoast_head":"<!-- This site is optimized with the Yoast SEO plugin v20.4 - https:\/\/yoast.com\/wordpress\/plugins\/seo\/ -->\n<title>Pourquoi Investaura? | Investaura<\/title>\n<meta name=\"robots\" content=\"index, follow, max-snippet:-1, max-image-preview:large, max-video-preview:-1\" \/>\n<link rel=\"canonical\" href=\"https:\/\/www.investaura.co\/wordpress\/nos-services\/fusions-et-acquisitions\/pourquoi-investaura\/\" \/>\n<meta property=\"og:locale\" content=\"en_GB\" \/>\n<meta property=\"og:type\" content=\"article\" \/>\n<meta property=\"og:title\" content=\"Pourquoi Investaura? | Investaura\" \/>\n<meta property=\"og:description\" content=\"Les consultants Investaura sont des experts M&amp;A qui apportent la s\u00e9niorit\u00e9 et le doigt\u00e9 n\u00e9cessaire \u00e0 la r\u00e9ussite de projets complexes. Nous fournissons des services sur mesure qui r\u00e9pondent aux exigences pr\u00e9cises de nos clients. Nous sommes fiers d&#8217;apporter les... Read More\" \/>\n<meta property=\"og:url\" content=\"https:\/\/www.investaura.co\/wordpress\/nos-services\/fusions-et-acquisitions\/pourquoi-investaura\/\" \/>\n<meta property=\"og:site_name\" content=\"Investaura\" \/>\n<meta property=\"article:modified_time\" content=\"2018-04-18T12:24:17+00:00\" \/>\n<meta property=\"og:image\" content=\"https:\/\/i0.wp.com\/www.investaura.co\/wordpress\/wp-content\/uploads\/shutterstock_139401482.jpg?fit=1000%2C554&ssl=1\" \/>\n\t<meta property=\"og:image:width\" content=\"1000\" \/>\n\t<meta property=\"og:image:height\" content=\"554\" \/>\n\t<meta property=\"og:image:type\" content=\"image\/jpeg\" \/>\n<meta name=\"twitter:card\" content=\"summary_large_image\" \/>\n<meta name=\"twitter:label1\" content=\"Estimated reading time\" \/>\n\t<meta name=\"twitter:data1\" content=\"2 minutes\" \/>\n<script type=\"application\/ld+json\" class=\"yoast-schema-graph\">{\"@context\":\"https:\/\/schema.org\",\"@graph\":[{\"@type\":\"WebPage\",\"@id\":\"https:\/\/www.investaura.co\/wordpress\/nos-services\/fusions-et-acquisitions\/pourquoi-investaura\/\",\"url\":\"https:\/\/www.investaura.co\/wordpress\/nos-services\/fusions-et-acquisitions\/pourquoi-investaura\/\",\"name\":\"Pourquoi Investaura? | Investaura\",\"isPartOf\":{\"@id\":\"https:\/\/www.investaura.co\/wordpress\/#website\"},\"datePublished\":\"2015-03-24T08:45:14+00:00\",\"dateModified\":\"2018-04-18T12:24:17+00:00\",\"breadcrumb\":{\"@id\":\"https:\/\/www.investaura.co\/wordpress\/nos-services\/fusions-et-acquisitions\/pourquoi-investaura\/#breadcrumb\"},\"inLanguage\":\"en-GB\",\"potentialAction\":[{\"@type\":\"ReadAction\",\"target\":[\"https:\/\/www.investaura.co\/wordpress\/nos-services\/fusions-et-acquisitions\/pourquoi-investaura\/\"]}]},{\"@type\":\"BreadcrumbList\",\"@id\":\"https:\/\/www.investaura.co\/wordpress\/nos-services\/fusions-et-acquisitions\/pourquoi-investaura\/#breadcrumb\",\"itemListElement\":[{\"@type\":\"ListItem\",\"position\":1,\"name\":\"Home\",\"item\":\"https:\/\/www.investaura.co\/wordpress\/\"},{\"@type\":\"ListItem\",\"position\":2,\"name\":\"Services\",\"item\":\"https:\/\/www.investaura.co\/wordpress\/nos-services\/\"},{\"@type\":\"ListItem\",\"position\":3,\"name\":\"Fusions-acquisitions et PMI\",\"item\":\"https:\/\/www.investaura.co\/wordpress\/nos-services\/fusions-et-acquisitions\/\"},{\"@type\":\"ListItem\",\"position\":4,\"name\":\"Pourquoi Investaura?\"}]},{\"@type\":\"WebSite\",\"@id\":\"https:\/\/www.investaura.co\/wordpress\/#website\",\"url\":\"https:\/\/www.investaura.co\/wordpress\/\",\"name\":\"Investaura\",\"description\":\"The Value Creation Consultants\",\"publisher\":{\"@id\":\"https:\/\/www.investaura.co\/wordpress\/#organization\"},\"potentialAction\":[{\"@type\":\"SearchAction\",\"target\":{\"@type\":\"EntryPoint\",\"urlTemplate\":\"https:\/\/www.investaura.co\/wordpress\/?s={search_term_string}\"},\"query-input\":\"required name=search_term_string\"}],\"inLanguage\":\"en-GB\"},{\"@type\":\"Organization\",\"@id\":\"https:\/\/www.investaura.co\/wordpress\/#organization\",\"name\":\"Investaura\",\"url\":\"https:\/\/www.investaura.co\/wordpress\/\",\"logo\":{\"@type\":\"ImageObject\",\"inLanguage\":\"en-GB\",\"@id\":\"https:\/\/www.investaura.co\/wordpress\/#\/schema\/logo\/image\/\",\"url\":\"https:\/\/i0.wp.com\/www.investaura.co\/wordpress\/wp-content\/uploads\/Logo-INVESTAURA_RGB-blau-e1450351498844.jpg?fit=256%2C90&ssl=1\",\"contentUrl\":\"https:\/\/i0.wp.com\/www.investaura.co\/wordpress\/wp-content\/uploads\/Logo-INVESTAURA_RGB-blau-e1450351498844.jpg?fit=256%2C90&ssl=1\",\"width\":256,\"height\":90,\"caption\":\"Investaura\"},\"image\":{\"@id\":\"https:\/\/www.investaura.co\/wordpress\/#\/schema\/logo\/image\/\"},\"sameAs\":[\"https:\/\/www.linkedin.com\/company\/1229653\"]}]}<\/script>\n<!-- \/ Yoast SEO plugin. -->","yoast_head_json":{"title":"Pourquoi Investaura? | Investaura","robots":{"index":"index","follow":"follow","max-snippet":"max-snippet:-1","max-image-preview":"max-image-preview:large","max-video-preview":"max-video-preview:-1"},"canonical":"https:\/\/www.investaura.co\/wordpress\/nos-services\/fusions-et-acquisitions\/pourquoi-investaura\/","og_locale":"en_GB","og_type":"article","og_title":"Pourquoi Investaura? | Investaura","og_description":"Les consultants Investaura sont des experts M&amp;A qui apportent la s\u00e9niorit\u00e9 et le doigt\u00e9 n\u00e9cessaire \u00e0 la r\u00e9ussite de projets complexes. Nous fournissons des services sur mesure qui r\u00e9pondent aux exigences pr\u00e9cises de nos clients. Nous sommes fiers d&#8217;apporter les... Read More","og_url":"https:\/\/www.investaura.co\/wordpress\/nos-services\/fusions-et-acquisitions\/pourquoi-investaura\/","og_site_name":"Investaura","article_modified_time":"2018-04-18T12:24:17+00:00","og_image":[{"width":1000,"height":554,"url":"https:\/\/i0.wp.com\/www.investaura.co\/wordpress\/wp-content\/uploads\/shutterstock_139401482.jpg?fit=1000%2C554&ssl=1","type":"image\/jpeg"}],"twitter_card":"summary_large_image","twitter_misc":{"Estimated reading time":"2 minutes"},"schema":{"@context":"https:\/\/schema.org","@graph":[{"@type":"WebPage","@id":"https:\/\/www.investaura.co\/wordpress\/nos-services\/fusions-et-acquisitions\/pourquoi-investaura\/","url":"https:\/\/www.investaura.co\/wordpress\/nos-services\/fusions-et-acquisitions\/pourquoi-investaura\/","name":"Pourquoi Investaura? | Investaura","isPartOf":{"@id":"https:\/\/www.investaura.co\/wordpress\/#website"},"datePublished":"2015-03-24T08:45:14+00:00","dateModified":"2018-04-18T12:24:17+00:00","breadcrumb":{"@id":"https:\/\/www.investaura.co\/wordpress\/nos-services\/fusions-et-acquisitions\/pourquoi-investaura\/#breadcrumb"},"inLanguage":"en-GB","potentialAction":[{"@type":"ReadAction","target":["https:\/\/www.investaura.co\/wordpress\/nos-services\/fusions-et-acquisitions\/pourquoi-investaura\/"]}]},{"@type":"BreadcrumbList","@id":"https:\/\/www.investaura.co\/wordpress\/nos-services\/fusions-et-acquisitions\/pourquoi-investaura\/#breadcrumb","itemListElement":[{"@type":"ListItem","position":1,"name":"Home","item":"https:\/\/www.investaura.co\/wordpress\/"},{"@type":"ListItem","position":2,"name":"Services","item":"https:\/\/www.investaura.co\/wordpress\/nos-services\/"},{"@type":"ListItem","position":3,"name":"Fusions-acquisitions et PMI","item":"https:\/\/www.investaura.co\/wordpress\/nos-services\/fusions-et-acquisitions\/"},{"@type":"ListItem","position":4,"name":"Pourquoi Investaura?"}]},{"@type":"WebSite","@id":"https:\/\/www.investaura.co\/wordpress\/#website","url":"https:\/\/www.investaura.co\/wordpress\/","name":"Investaura","description":"The Value Creation Consultants","publisher":{"@id":"https:\/\/www.investaura.co\/wordpress\/#organization"},"potentialAction":[{"@type":"SearchAction","target":{"@type":"EntryPoint","urlTemplate":"https:\/\/www.investaura.co\/wordpress\/?s={search_term_string}"},"query-input":"required name=search_term_string"}],"inLanguage":"en-GB"},{"@type":"Organization","@id":"https:\/\/www.investaura.co\/wordpress\/#organization","name":"Investaura","url":"https:\/\/www.investaura.co\/wordpress\/","logo":{"@type":"ImageObject","inLanguage":"en-GB","@id":"https:\/\/www.investaura.co\/wordpress\/#\/schema\/logo\/image\/","url":"https:\/\/i0.wp.com\/www.investaura.co\/wordpress\/wp-content\/uploads\/Logo-INVESTAURA_RGB-blau-e1450351498844.jpg?fit=256%2C90&ssl=1","contentUrl":"https:\/\/i0.wp.com\/www.investaura.co\/wordpress\/wp-content\/uploads\/Logo-INVESTAURA_RGB-blau-e1450351498844.jpg?fit=256%2C90&ssl=1","width":256,"height":90,"caption":"Investaura"},"image":{"@id":"https:\/\/www.investaura.co\/wordpress\/#\/schema\/logo\/image\/"},"sameAs":["https:\/\/www.linkedin.com\/company\/1229653"]}]}},"jetpack_shortlink":"https:\/\/wp.me\/P7ecno-1D5","jetpack-related-posts":[{"id":6251,"url":"https:\/\/www.investaura.co\/wordpress\/nos-services\/marketing-ventes-support\/developpement-des-affaires\/","url_meta":{"origin":6267,"position":0},"title":"Business Development","date":"December 2, 2015","format":false,"excerpt":"Pour nos clients, p\u00e9n\u00e9trer de nouveaux march\u00e9s avec leurs propres ressources peut \u00eatre co\u00fbteux, peu fructueux ou prendre trop de temps. Notre \u00e9quipe exp\u00e9riment\u00e9e de professionnels de la vente vous aide \u00e0 p\u00e9n\u00e9trer de nouveaux march\u00e9s avec succ\u00e8s. Comment proc\u00e9dons-nous? Quelle est la cl\u00e9 de notre succ\u00e8s? Notre approche est\u2026","rel":"","context":"Similar post","img":{"alt_text":"","src":"https:\/\/i0.wp.com\/www.investaura.co\/wordpress\/wp-content\/uploads\/2015\/12\/shutterstock_209058313_smaller.jpg?fit=1024%2C682&ssl=1&resize=350%2C200","width":350,"height":200},"classes":[]},{"id":5672,"url":"https:\/\/www.investaura.co\/wordpress\/fr\/","url_meta":{"origin":6267,"position":1},"title":"Transformation d&#8217;entreprise et Cr\u00e9ation de valeur","date":"September 8, 2010","format":false,"excerpt":"Nous sommes un groupe de professionnels seniors et aidons les \u00e9quipes de nos clients \u00e0 r\u00e9soudre leurs 'pain points', innover, et cr\u00e9er plus de valeur dans leur entreprise. Nous apportons un \u00e9tat d'esprit d'entrepreneur : nous nous approprions les probl\u00e8mes de nos clients et les aidons \u00e0 d\u00e9velopper des entreprises\u2026","rel":"","context":"Similar post","img":{"alt_text":"","src":"https:\/\/i0.wp.com\/www.investaura.co\/wordpress\/wp-content\/uploads\/2016\/05\/shutterstock_388284034_smaller.jpg?fit=980%2C654&ssl=1&resize=350%2C200","width":350,"height":200},"classes":[]},{"id":5752,"url":"https:\/\/www.investaura.co\/wordpress\/nos-services\/conseil\/","url_meta":{"origin":6267,"position":2},"title":"Conseil en strat\u00e9gie","date":"September 8, 2010","format":false,"excerpt":"Nous menons des initiatives strat\u00e9giques, identifions des opportunit\u00e9s de cr\u00e9ation de valeur et travaillons avec les dirigeants de nos clients pour am\u00e9liorer la performances de l'entreprise \u00e0 court et \u00e0 moyen terme. Nos consultants sont des professionnels issus de l'industrie et sont dot\u00e9s d'une solide exp\u00e9rience op\u00e9rationnelle. Nous apportons une\u2026","rel":"","context":"Similar post","img":{"alt_text":"","src":"https:\/\/i0.wp.com\/www.investaura.co\/wordpress\/wp-content\/uploads\/2016\/02\/shutterstock_282394148_smaller.jpg?fit=1024%2C683&ssl=1&resize=350%2C200","width":350,"height":200},"classes":[]},{"id":6755,"url":"https:\/\/www.investaura.co\/wordpress\/nos-services\/business-planning-fr\/","url_meta":{"origin":6267,"position":3},"title":"Business Planning","date":"January 31, 2019","format":false,"excerpt":"Un grand nombre de gestionnaires participent \u00e0 la pr\u00e9paration de plans d'affaires, que ce soit dans une start-up, une soci\u00e9t\u00e9 mature ou dans un contexte de fusion-acquisition. Malheureusement, les r\u00e9sultats ne sont pas toujours convaincants. Investaura poss\u00e8de une vaste exp\u00e9rience dans le domaine de la planification financi\u00e8re. La pr\u00e9paration d'un\u2026","rel":"","context":"Similar post","img":{"alt_text":"","src":"https:\/\/i0.wp.com\/www.investaura.co\/wordpress\/wp-content\/uploads\/2010\/09\/shutterstock_251280265_smaller.jpg?fit=1024%2C678&ssl=1&resize=350%2C200","width":350,"height":200},"classes":[]},{"id":5676,"url":"https:\/\/www.investaura.co\/wordpress\/boite-a-solutions\/intelligent-transportation-systems-its\/","url_meta":{"origin":6267,"position":4},"title":"D\u00e9velopper une candidature gagnante pour un projet ITS","date":"January 18, 2017","format":false,"excerpt":"Le march\u00e9 mondial des syst\u00e8mes de transport intelligents (ITS) devrait cro\u00eetre de 12% par an, passant de $36 millards en 2015 \u00e0 $64 milliards en 2020. Le financement des infrastructures de transport par le biais les solutions de paiement par p\u00e9age constitue la majeur partie du march\u00e9. Forts de leur\u2026","rel":"","context":"Similar post","img":{"alt_text":"","src":"https:\/\/i0.wp.com\/www.investaura.co\/wordpress\/wp-content\/uploads\/2022\/03\/PropTech_small.jpg?fit=1024%2C683&ssl=1&resize=350%2C200","width":350,"height":200},"classes":[]}],"jetpack_sharing_enabled":true,"_links":{"self":[{"href":"https:\/\/www.investaura.co\/wordpress\/wp-json\/wp\/v2\/pages\/6267"}],"collection":[{"href":"https:\/\/www.investaura.co\/wordpress\/wp-json\/wp\/v2\/pages"}],"about":[{"href":"https:\/\/www.investaura.co\/wordpress\/wp-json\/wp\/v2\/types\/page"}],"author":[{"embeddable":true,"href":"https:\/\/www.investaura.co\/wordpress\/wp-json\/wp\/v2\/users\/1"}],"replies":[{"embeddable":true,"href":"https:\/\/www.investaura.co\/wordpress\/wp-json\/wp\/v2\/comments?post=6267"}],"version-history":[{"count":8,"href":"https:\/\/www.investaura.co\/wordpress\/wp-json\/wp\/v2\/pages\/6267\/revisions"}],"predecessor-version":[{"id":6506,"href":"https:\/\/www.investaura.co\/wordpress\/wp-json\/wp\/v2\/pages\/6267\/revisions\/6506"}],"up":[{"embeddable":true,"href":"https:\/\/www.investaura.co\/wordpress\/wp-json\/wp\/v2\/pages\/5755"}],"wp:featuredmedia":[{"embeddable":true,"href":"https:\/\/www.investaura.co\/wordpress\/wp-json\/wp\/v2\/media\/4148"}],"wp:attachment":[{"href":"https:\/\/www.investaura.co\/wordpress\/wp-json\/wp\/v2\/media?parent=6267"}],"curies":[{"name":"wp","href":"https:\/\/api.w.org\/{rel}","templated":true}]}}