{"id":6224,"date":"2010-09-23T13:14:43","date_gmt":"2010-09-23T11:14:43","guid":{"rendered":"http:\/\/www.invest-aura.com\/?page_id=454"},"modified":"2018-05-02T11:15:41","modified_gmt":"2018-05-02T09:15:41","slug":"stem-business-modellierung","status":"publish","type":"page","link":"https:\/\/www.investaura.co\/wordpress\/dienstleistungen\/performance-management-losungen\/stem-business-modellierung\/","title":{"rendered":"STEM-Business-Modeling-Software"},"content":{"rendered":"<p>Investaura verf\u00fcgt \u00fcber eine ausgepr\u00e4gte Kompetenz in STEM, die wir f\u00fcr Service Costing, Profitabilit\u00e4tsmanagement und Customer Lifetime Value-Analyse sowie f\u00fcr Network Business Planning nutzen.<\/p>\n<p>Die STEM-Business-Modeling-Software von Implied Logic Limited ist eine robuste und effiziente Plattform f\u00fcr die Erstellung von Gesch\u00e4fts- und Investitionspl\u00e4nen, um alternative Markt-, Technik- und Wirtschaftsszenarien abzubilden.<\/p>\n<p><em><span style=\"font-style: normal;\"><a href=\"http:\/\/www.impliedlogic.com\"><img data-attachment-id=\"1829\" data-permalink=\"https:\/\/www.investaura.co\/wordpress\/services\/performance-management-solutions\/stem-business-modelling\/stem_picture\/\" data-orig-file=\"https:\/\/i0.wp.com\/www.investaura.co\/wordpress\/wp-content\/uploads\/2010\/09\/stem_picture.jpg?fit=1275%2C415&amp;ssl=1\" data-orig-size=\"1275,415\" data-comments-opened=\"1\" data-image-meta=\"{&quot;aperture&quot;:&quot;0&quot;,&quot;credit&quot;:&quot;&quot;,&quot;camera&quot;:&quot;&quot;,&quot;caption&quot;:&quot;&quot;,&quot;created_timestamp&quot;:&quot;0&quot;,&quot;copyright&quot;:&quot;&quot;,&quot;focal_length&quot;:&quot;0&quot;,&quot;iso&quot;:&quot;0&quot;,&quot;shutter_speed&quot;:&quot;0&quot;,&quot;title&quot;:&quot;&quot;}\" data-image-title=\"stem_picture\" data-image-description=\"\" data-image-caption=\"&lt;p&gt;ICT Business Modelling&lt;\/p&gt;\n\" data-medium-file=\"https:\/\/i0.wp.com\/www.investaura.co\/wordpress\/wp-content\/uploads\/2010\/09\/stem_picture.jpg?fit=300%2C97&amp;ssl=1\" data-large-file=\"https:\/\/i0.wp.com\/www.investaura.co\/wordpress\/wp-content\/uploads\/2010\/09\/stem_picture.jpg?fit=720%2C234&amp;ssl=1\" decoding=\"async\" loading=\"lazy\" class=\"aligncenter wp-image-1829 size-full\" title=\"stem_picture\" src=\"https:\/\/i0.wp.com\/www.invest-aura.com\/wordpress\/wp-content\/uploads\/2010\/09\/stem_picture.jpg?resize=720%2C234\" alt=\"\" width=\"720\" height=\"234\" srcset=\"https:\/\/i0.wp.com\/www.investaura.co\/wordpress\/wp-content\/uploads\/2010\/09\/stem_picture.jpg?w=1275&amp;ssl=1 1275w, https:\/\/i0.wp.com\/www.investaura.co\/wordpress\/wp-content\/uploads\/2010\/09\/stem_picture.jpg?resize=300%2C97&amp;ssl=1 300w, https:\/\/i0.wp.com\/www.investaura.co\/wordpress\/wp-content\/uploads\/2010\/09\/stem_picture.jpg?resize=1024%2C333&amp;ssl=1 1024w\" sizes=\"(max-width: 720px) 100vw, 720px\" data-recalc-dims=\"1\" \/><\/a><\/span><\/em><\/p>\n<p>Es wird von Telekommunikationsbetreibern, Netzwerkanbietern und anderen Unternehmen verwendet, um die Anforderungen auf Serviceebene f\u00fcr Netzwerke zu modellieren und die finanziellen Auswirkungen verschiedener Technologien oder Roll-Out-Szenarien zu berechnen.<\/p>\n<p>F\u00fcr einen Telekommunikationsdienstleister bietet STEM eine integrierte Kostenzuordnungsfunktion, die eine detaillierte Rentabilit\u00e4tsanalyse auf Serviceebene unterst\u00fctzt. Sobald ein Dienstleister eine Service Costing-\u00dcbung durchgef\u00fchrt hat, ist er in einer viel besseren Position, den Customer Lifetime Value (CLV) zu sch\u00e4tzen.<\/p>\n<p>F\u00fcr einen Netzwerkhersteller bietet STEM einen gro\u00dfen Mehrwert f\u00fcr Marketing- und Gesch\u00e4ftsentwicklungseinheiten als \u00fcberzeugendes Medium f\u00fcr die Kommunikation von Verkaufsangeboten, wie in dieser Fallstudie zur Netzwerkbetriebstransformation gezeigt .<\/p>\n<p style=\"text-align: center;\"><em><span style=\"font-style: normal;\"><a href=\"https:\/\/www.impliedlogic.com\/Newsletter\/Case-study-on-network-operations-transformation\/\" target=\"_blank\"><img data-attachment-id=\"1822\" data-permalink=\"https:\/\/www.investaura.co\/wordpress\/services\/performance-management-solutions\/stem-business-modelling\/notm\/\" data-orig-file=\"https:\/\/i0.wp.com\/www.investaura.co\/wordpress\/wp-content\/uploads\/2010\/09\/NOTM.jpg?fit=672%2C685&amp;ssl=1\" data-orig-size=\"672,685\" data-comments-opened=\"1\" data-image-meta=\"{&quot;aperture&quot;:&quot;0&quot;,&quot;credit&quot;:&quot;Pierre Lurin&quot;,&quot;camera&quot;:&quot;&quot;,&quot;caption&quot;:&quot;&quot;,&quot;created_timestamp&quot;:&quot;0&quot;,&quot;copyright&quot;:&quot;&quot;,&quot;focal_length&quot;:&quot;0&quot;,&quot;iso&quot;:&quot;0&quot;,&quot;shutter_speed&quot;:&quot;0&quot;,&quot;title&quot;:&quot;&quot;}\" data-image-title=\"NOTM\" data-image-description=\"\" data-image-caption=\"&lt;p&gt;Web interface for results analysis and scenario comparison&lt;\/p&gt;\n\" data-medium-file=\"https:\/\/i0.wp.com\/www.investaura.co\/wordpress\/wp-content\/uploads\/2010\/09\/NOTM.jpg?fit=294%2C300&amp;ssl=1\" data-large-file=\"https:\/\/i0.wp.com\/www.investaura.co\/wordpress\/wp-content\/uploads\/2010\/09\/NOTM.jpg?fit=672%2C685&amp;ssl=1\" decoding=\"async\" loading=\"lazy\" class=\"aligncenter wp-image-1822 size-full\" title=\"NICHT M\" src=\"https:\/\/i0.wp.com\/www.invest-aura.com\/wordpress\/wp-content\/uploads\/2010\/09\/NOTM.jpg?resize=672%2C685\" alt=\"\" width=\"672\" height=\"685\" srcset=\"https:\/\/i0.wp.com\/www.investaura.co\/wordpress\/wp-content\/uploads\/2010\/09\/NOTM.jpg?w=672&amp;ssl=1 672w, https:\/\/i0.wp.com\/www.investaura.co\/wordpress\/wp-content\/uploads\/2010\/09\/NOTM.jpg?resize=294%2C300&amp;ssl=1 294w\" sizes=\"(max-width: 672px) 100vw, 672px\" data-recalc-dims=\"1\" \/><\/a><\/span><\/em><\/p>\n<p><em><span style=\"font-style: normal;\">Weitere Informationen:<\/span><\/em><\/p>\n<ul>\n<li><a href=\"http:\/\/www.investaura.co\/losungen\/investitionen-betriebs-betriebsplanung\/\">Capex und Opex Planung, Business-Simulation<\/a><\/li>\n<li><a href=\"http:\/\/www.investaura.co\/losungen\/service-kalkulation-regulatory-retail-pricing-zwecke\/\">Servicekosten f\u00fcr regulatorische oder Einzelhandelspreise<\/a><\/li>\n<li><a href=\"http:\/\/www.investaura.co\/2013\/11\/investauras-network-operations-transformation-model-is-now-on-the-web\/\">Das Netzwerk-Operations-Transformationsmodell von Investaura ist jetzt im Internet verf\u00fcgbar<\/a><\/li>\n<\/ul>\n","protected":false},"excerpt":{"rendered":"<p>Investaura verf\u00fcgt \u00fcber eine ausgepr\u00e4gte Kompetenz in STEM, die wir f\u00fcr Service Costing, Profitabilit\u00e4tsmanagement und Customer Lifetime Value-Analyse sowie f\u00fcr Network Business Planning nutzen. Die STEM-Business-Modeling-Software von Implied Logic Limited ist eine robuste und effiziente Plattform f\u00fcr die Erstellung von&#8230; <\/p>\n<div class=\"more-link-container\"><a class=\"more-link\" href=\"https:\/\/www.investaura.co\/wordpress\/dienstleistungen\/performance-management-losungen\/stem-business-modellierung\/\">Read More<\/a><\/div>\n","protected":false},"author":1,"featured_media":4337,"parent":5760,"menu_order":10,"comment_status":"closed","ping_status":"closed","template":"","meta":{"jetpack_post_was_ever_published":false},"yoast_head":"<!-- This site is optimized with the Yoast SEO plugin v20.4 - https:\/\/yoast.com\/wordpress\/plugins\/seo\/ -->\n<title>STEM-Business-Modeling-Software | Investaura<\/title>\n<meta name=\"robots\" content=\"index, follow, max-snippet:-1, max-image-preview:large, max-video-preview:-1\" \/>\n<link rel=\"canonical\" href=\"https:\/\/www.investaura.co\/wordpress\/dienstleistungen\/performance-management-losungen\/stem-business-modellierung\/\" \/>\n<meta property=\"og:locale\" content=\"en_GB\" \/>\n<meta property=\"og:type\" content=\"article\" \/>\n<meta property=\"og:title\" content=\"STEM-Business-Modeling-Software | Investaura\" \/>\n<meta property=\"og:description\" content=\"Investaura verf\u00fcgt \u00fcber eine ausgepr\u00e4gte Kompetenz in STEM, die wir f\u00fcr Service Costing, Profitabilit\u00e4tsmanagement und Customer Lifetime Value-Analyse sowie f\u00fcr Network Business Planning nutzen. Die STEM-Business-Modeling-Software von Implied Logic Limited ist eine robuste und effiziente Plattform f\u00fcr die Erstellung von... Read More\" \/>\n<meta property=\"og:url\" content=\"https:\/\/www.investaura.co\/wordpress\/dienstleistungen\/performance-management-losungen\/stem-business-modellierung\/\" \/>\n<meta property=\"og:site_name\" content=\"Investaura\" \/>\n<meta property=\"article:modified_time\" content=\"2018-05-02T09:15:41+00:00\" \/>\n<meta property=\"og:image\" content=\"https:\/\/i0.wp.com\/www.investaura.co\/wordpress\/wp-content\/uploads\/2016\/02\/shutterstock_247165378.jpg?fit=1000%2C732&ssl=1\" \/>\n\t<meta property=\"og:image:width\" content=\"1000\" \/>\n\t<meta property=\"og:image:height\" content=\"732\" \/>\n\t<meta property=\"og:image:type\" content=\"image\/jpeg\" \/>\n<meta name=\"twitter:card\" content=\"summary_large_image\" \/>\n<meta name=\"twitter:label1\" content=\"Estimated reading time\" \/>\n\t<meta name=\"twitter:data1\" content=\"1 minute\" \/>\n<script type=\"application\/ld+json\" class=\"yoast-schema-graph\">{\"@context\":\"https:\/\/schema.org\",\"@graph\":[{\"@type\":\"WebPage\",\"@id\":\"https:\/\/www.investaura.co\/wordpress\/dienstleistungen\/performance-management-losungen\/stem-business-modellierung\/\",\"url\":\"https:\/\/www.investaura.co\/wordpress\/dienstleistungen\/performance-management-losungen\/stem-business-modellierung\/\",\"name\":\"STEM-Business-Modeling-Software | Investaura\",\"isPartOf\":{\"@id\":\"https:\/\/www.investaura.co\/wordpress\/#website\"},\"datePublished\":\"2010-09-23T11:14:43+00:00\",\"dateModified\":\"2018-05-02T09:15:41+00:00\",\"breadcrumb\":{\"@id\":\"https:\/\/www.investaura.co\/wordpress\/dienstleistungen\/performance-management-losungen\/stem-business-modellierung\/#breadcrumb\"},\"inLanguage\":\"en-GB\",\"potentialAction\":[{\"@type\":\"ReadAction\",\"target\":[\"https:\/\/www.investaura.co\/wordpress\/dienstleistungen\/performance-management-losungen\/stem-business-modellierung\/\"]}]},{\"@type\":\"BreadcrumbList\",\"@id\":\"https:\/\/www.investaura.co\/wordpress\/dienstleistungen\/performance-management-losungen\/stem-business-modellierung\/#breadcrumb\",\"itemListElement\":[{\"@type\":\"ListItem\",\"position\":1,\"name\":\"Home\",\"item\":\"https:\/\/www.investaura.co\/wordpress\/\"},{\"@type\":\"ListItem\",\"position\":2,\"name\":\"Leistungen\",\"item\":\"https:\/\/www.investaura.co\/wordpress\/dienstleistungen\/\"},{\"@type\":\"ListItem\",\"position\":3,\"name\":\"Performance-Management\",\"item\":\"https:\/\/www.investaura.co\/wordpress\/dienstleistungen\/performance-management-losungen\/\"},{\"@type\":\"ListItem\",\"position\":4,\"name\":\"STEM-Business-Modeling-Software\"}]},{\"@type\":\"WebSite\",\"@id\":\"https:\/\/www.investaura.co\/wordpress\/#website\",\"url\":\"https:\/\/www.investaura.co\/wordpress\/\",\"name\":\"Investaura\",\"description\":\"The Value Creation Consultants\",\"publisher\":{\"@id\":\"https:\/\/www.investaura.co\/wordpress\/#organization\"},\"potentialAction\":[{\"@type\":\"SearchAction\",\"target\":{\"@type\":\"EntryPoint\",\"urlTemplate\":\"https:\/\/www.investaura.co\/wordpress\/?s={search_term_string}\"},\"query-input\":\"required name=search_term_string\"}],\"inLanguage\":\"en-GB\"},{\"@type\":\"Organization\",\"@id\":\"https:\/\/www.investaura.co\/wordpress\/#organization\",\"name\":\"Investaura\",\"url\":\"https:\/\/www.investaura.co\/wordpress\/\",\"logo\":{\"@type\":\"ImageObject\",\"inLanguage\":\"en-GB\",\"@id\":\"https:\/\/www.investaura.co\/wordpress\/#\/schema\/logo\/image\/\",\"url\":\"https:\/\/i0.wp.com\/www.investaura.co\/wordpress\/wp-content\/uploads\/Logo-INVESTAURA_RGB-blau-e1450351498844.jpg?fit=256%2C90&ssl=1\",\"contentUrl\":\"https:\/\/i0.wp.com\/www.investaura.co\/wordpress\/wp-content\/uploads\/Logo-INVESTAURA_RGB-blau-e1450351498844.jpg?fit=256%2C90&ssl=1\",\"width\":256,\"height\":90,\"caption\":\"Investaura\"},\"image\":{\"@id\":\"https:\/\/www.investaura.co\/wordpress\/#\/schema\/logo\/image\/\"},\"sameAs\":[\"https:\/\/www.linkedin.com\/company\/1229653\"]}]}<\/script>\n<!-- \/ Yoast SEO plugin. -->","yoast_head_json":{"title":"STEM-Business-Modeling-Software | Investaura","robots":{"index":"index","follow":"follow","max-snippet":"max-snippet:-1","max-image-preview":"max-image-preview:large","max-video-preview":"max-video-preview:-1"},"canonical":"https:\/\/www.investaura.co\/wordpress\/dienstleistungen\/performance-management-losungen\/stem-business-modellierung\/","og_locale":"en_GB","og_type":"article","og_title":"STEM-Business-Modeling-Software | Investaura","og_description":"Investaura verf\u00fcgt \u00fcber eine ausgepr\u00e4gte Kompetenz in STEM, die wir f\u00fcr Service Costing, Profitabilit\u00e4tsmanagement und Customer Lifetime Value-Analyse sowie f\u00fcr Network Business Planning nutzen. Die STEM-Business-Modeling-Software von Implied Logic Limited ist eine robuste und effiziente Plattform f\u00fcr die Erstellung von... Read More","og_url":"https:\/\/www.investaura.co\/wordpress\/dienstleistungen\/performance-management-losungen\/stem-business-modellierung\/","og_site_name":"Investaura","article_modified_time":"2018-05-02T09:15:41+00:00","og_image":[{"width":1000,"height":732,"url":"https:\/\/i0.wp.com\/www.investaura.co\/wordpress\/wp-content\/uploads\/2016\/02\/shutterstock_247165378.jpg?fit=1000%2C732&ssl=1","type":"image\/jpeg"}],"twitter_card":"summary_large_image","twitter_misc":{"Estimated reading time":"1 minute"},"schema":{"@context":"https:\/\/schema.org","@graph":[{"@type":"WebPage","@id":"https:\/\/www.investaura.co\/wordpress\/dienstleistungen\/performance-management-losungen\/stem-business-modellierung\/","url":"https:\/\/www.investaura.co\/wordpress\/dienstleistungen\/performance-management-losungen\/stem-business-modellierung\/","name":"STEM-Business-Modeling-Software | Investaura","isPartOf":{"@id":"https:\/\/www.investaura.co\/wordpress\/#website"},"datePublished":"2010-09-23T11:14:43+00:00","dateModified":"2018-05-02T09:15:41+00:00","breadcrumb":{"@id":"https:\/\/www.investaura.co\/wordpress\/dienstleistungen\/performance-management-losungen\/stem-business-modellierung\/#breadcrumb"},"inLanguage":"en-GB","potentialAction":[{"@type":"ReadAction","target":["https:\/\/www.investaura.co\/wordpress\/dienstleistungen\/performance-management-losungen\/stem-business-modellierung\/"]}]},{"@type":"BreadcrumbList","@id":"https:\/\/www.investaura.co\/wordpress\/dienstleistungen\/performance-management-losungen\/stem-business-modellierung\/#breadcrumb","itemListElement":[{"@type":"ListItem","position":1,"name":"Home","item":"https:\/\/www.investaura.co\/wordpress\/"},{"@type":"ListItem","position":2,"name":"Leistungen","item":"https:\/\/www.investaura.co\/wordpress\/dienstleistungen\/"},{"@type":"ListItem","position":3,"name":"Performance-Management","item":"https:\/\/www.investaura.co\/wordpress\/dienstleistungen\/performance-management-losungen\/"},{"@type":"ListItem","position":4,"name":"STEM-Business-Modeling-Software"}]},{"@type":"WebSite","@id":"https:\/\/www.investaura.co\/wordpress\/#website","url":"https:\/\/www.investaura.co\/wordpress\/","name":"Investaura","description":"The Value Creation Consultants","publisher":{"@id":"https:\/\/www.investaura.co\/wordpress\/#organization"},"potentialAction":[{"@type":"SearchAction","target":{"@type":"EntryPoint","urlTemplate":"https:\/\/www.investaura.co\/wordpress\/?s={search_term_string}"},"query-input":"required name=search_term_string"}],"inLanguage":"en-GB"},{"@type":"Organization","@id":"https:\/\/www.investaura.co\/wordpress\/#organization","name":"Investaura","url":"https:\/\/www.investaura.co\/wordpress\/","logo":{"@type":"ImageObject","inLanguage":"en-GB","@id":"https:\/\/www.investaura.co\/wordpress\/#\/schema\/logo\/image\/","url":"https:\/\/i0.wp.com\/www.investaura.co\/wordpress\/wp-content\/uploads\/Logo-INVESTAURA_RGB-blau-e1450351498844.jpg?fit=256%2C90&ssl=1","contentUrl":"https:\/\/i0.wp.com\/www.investaura.co\/wordpress\/wp-content\/uploads\/Logo-INVESTAURA_RGB-blau-e1450351498844.jpg?fit=256%2C90&ssl=1","width":256,"height":90,"caption":"Investaura"},"image":{"@id":"https:\/\/www.investaura.co\/wordpress\/#\/schema\/logo\/image\/"},"sameAs":["https:\/\/www.linkedin.com\/company\/1229653"]}]}},"jetpack_shortlink":"https:\/\/wp.me\/P7ecno-1Co","jetpack-related-posts":[{"id":5706,"url":"https:\/\/www.investaura.co\/wordpress\/losungen\/investitionen-betriebs-betriebsplanung\/","url_meta":{"origin":6224,"position":0},"title":"Investitions- und Betriebliche Kostenplanung, Business Simulation","date":"March 2, 2016","format":false,"excerpt":"Die Berater von Investaura beherrschen die Wissenschaft und die Kunst, realistische und genaue Modelle innovativer Technologien und Unternehmen zu entwickeln. Die Anwendungsf\u00e4lle sind sehr vielf\u00e4ltig und umfassen insbesondere: CapEx- und OpEx-Planung f\u00fcr neue Netzwerk-Rollouts oder Technologie-Migrationen Optimierung der Gesamtbetriebskosten (TCO) Service Kalkulation und Ergebnisrechnung Value Selling von komplexen High-Tech-L\u00f6sungen Business-Simulation\u2026","rel":"","context":"Similar post","img":{"alt_text":"","src":"https:\/\/i0.wp.com\/www.investaura.co\/wordpress\/wp-content\/uploads\/2016\/03\/stem_picture.jpg?fit=1200%2C391&ssl=1&resize=350%2C200","width":350,"height":200},"classes":[]},{"id":5760,"url":"https:\/\/www.investaura.co\/wordpress\/dienstleistungen\/performance-management-losungen\/","url_meta":{"origin":6224,"position":1},"title":"Performance-Management","date":"September 9, 2010","format":false,"excerpt":"Investaura bietet seinen Kunden leistungsf\u00e4hige Gesch\u00e4ftsanwendungen und nutzt dabei das Know-how der besten Softwareplattformen und die umfassende Expertise der Tech-Branche. Die Auswirkungen f\u00fcr die Kunden bestehen darin, besser zu verstehen, was in ihrem Gesch\u00e4ft vor sich geht, und Ma\u00dfnahmen zu ergreifen, um ihre Leistung zu verbessern. Zus\u00e4tzlich zu den Excel-basierten\u2026","rel":"","context":"Similar post","img":{"alt_text":"","src":"https:\/\/i0.wp.com\/www.investaura.co\/wordpress\/wp-content\/uploads\/2010\/09\/shutterstock_251280265_smaller.jpg?fit=1024%2C678&ssl=1&resize=350%2C200","width":350,"height":200},"classes":[]},{"id":6304,"url":"https:\/\/www.investaura.co\/wordpress\/dienstleistungen\/beratung\/strategie-und-business-planung\/","url_meta":{"origin":6224,"position":2},"title":"Strategie und Gesch\u00e4ftsplanung","date":"March 26, 2015","format":false,"excerpt":"Die Berater von Investaura verf\u00fcgen \u00fcber umfangreiche Erfahrung im Bereich der Strategie - angewandte, detaillierte - und Gesch\u00e4ftsplanung - quantifiziert, robust, umsetzbar -, die bis in die Mitte der 1990er Jahre zur\u00fcckreicht. Wir verstehen sowohl kleine als auch gro\u00dfe Unternehmen. Wir sind Berater, die zu Unternehmern werden und wissen, was\u2026","rel":"","context":"Similar post","img":{"alt_text":"","src":"https:\/\/i0.wp.com\/www.investaura.co\/wordpress\/wp-content\/uploads\/2016\/02\/shutterstock_282394148_smaller.jpg?fit=1024%2C683&ssl=1&resize=350%2C200","width":350,"height":200},"classes":[]},{"id":6226,"url":"https:\/\/www.investaura.co\/wordpress\/dienstleistungen\/performance-management-losungen\/assoziierte-unternehmen\/","url_meta":{"origin":6224,"position":3},"title":"Trusted Software-Partner","date":"September 9, 2010","format":false,"excerpt":"Investaura Management Consultants hat 3 Softwareanbieter ausgew\u00e4hlt, die das eigene Kerngesch\u00e4ft erg\u00e4nzen und mit denen wir ausgezeichnete Beziehungen unterhalten: Prodacapo bietet Softwarel\u00f6sungen f\u00fcr die Prozesskostenrechnung und -verbesserung.\u00a0Die Prodacapo-Suite enth\u00e4lt Anwendungen f\u00fcr das aktivit\u00e4tsbasierte Management, Rentabilit\u00e4tsanalysen, Planung, Balanced Scorecard und Prozessmanagement.\u00a0Die Software und Methodik des Unternehmens basiert auf 20 Jahren Erfahrung,\u2026","rel":"","context":"Similar post","img":{"alt_text":"","src":"https:\/\/i0.wp.com\/www.investaura.co\/wordpress\/wp-content\/uploads\/2016\/02\/shutterstock_247165378.jpg?fit=1000%2C732&ssl=1&resize=350%2C200","width":350,"height":200},"classes":[]},{"id":5704,"url":"https:\/\/www.investaura.co\/wordpress\/losungen\/kunde-produkt-kalkulation-rentabilitat-analyse\/","url_meta":{"origin":6224,"position":4},"title":"Prozesskostenrechnung und Wirtschaftlichkeitsanalyse von Produkten und Kunden","date":"February 1, 2018","format":false,"excerpt":"Investaura freut sich, sein neues Whitepaper zur Prozesskostenrechnung und Rentabilit\u00e4tsanalyse vorstellen zu k\u00f6nnen, das eine Schritt-f\u00fcr-Schritt-Roadmap f\u00fcr eine erfolgreiche Implementierung \u00fcber einen Zeitraum von 5 Wochen bietet. Service Costing hat den Ruf, dass es kompliziert und zeitaufw\u00e4ndig zu implementieren ist. Es muss nicht so sein. Unter Verwendung des eTOM-Gesch\u00e4ftsprozess-Frameworks f\u00fcr\u2026","rel":"","context":"Similar post","img":{"alt_text":"","src":"https:\/\/i0.wp.com\/www.investaura.co\/wordpress\/wp-content\/uploads\/2018\/02\/tracings.png?fit=1200%2C576&ssl=1&resize=350%2C200","width":350,"height":200},"classes":[]},{"id":5714,"url":"https:\/\/www.investaura.co\/wordpress\/losungen\/expanding-to-germany-via-grenzuberschreitend-ma\/","url_meta":{"origin":6224,"position":5},"title":"Expansion nach Deutschland mit grenz\u00fcberschreitenden M&amp;A","date":"August 12, 2016","format":false,"excerpt":"Da viele europ\u00e4ische KMU in ihrem Heimatmarkt an der Grenze ihres Wachstumspotenzials angelangt sind, ist die Expansion in die Nachbarl\u00e4nder f\u00fcr viele der nat\u00fcrliche n\u00e4chste Schritt. Derzeit unterst\u00fctzt Investaura eine Reihe europ\u00e4ischer Kunden durch M&A u.a. in Deutschland. In einem von schleppendem Wachstum gepr\u00e4gten Europa steht Deutschland nicht nur als\u2026","rel":"","context":"Similar post","img":{"alt_text":"","src":"https:\/\/i0.wp.com\/www.investaura.co\/wordpress\/wp-content\/uploads\/2016\/09\/shutterstock_214025158_centered_narrower_smaller.jpg?fit=760%2C300&ssl=1&resize=350%2C200","width":350,"height":200},"classes":[]}],"jetpack_sharing_enabled":true,"_links":{"self":[{"href":"https:\/\/www.investaura.co\/wordpress\/wp-json\/wp\/v2\/pages\/6224"}],"collection":[{"href":"https:\/\/www.investaura.co\/wordpress\/wp-json\/wp\/v2\/pages"}],"about":[{"href":"https:\/\/www.investaura.co\/wordpress\/wp-json\/wp\/v2\/types\/page"}],"author":[{"embeddable":true,"href":"https:\/\/www.investaura.co\/wordpress\/wp-json\/wp\/v2\/users\/1"}],"replies":[{"embeddable":true,"href":"https:\/\/www.investaura.co\/wordpress\/wp-json\/wp\/v2\/comments?post=6224"}],"version-history":[{"count":5,"href":"https:\/\/www.investaura.co\/wordpress\/wp-json\/wp\/v2\/pages\/6224\/revisions"}],"predecessor-version":[{"id":6533,"href":"https:\/\/www.investaura.co\/wordpress\/wp-json\/wp\/v2\/pages\/6224\/revisions\/6533"}],"up":[{"embeddable":true,"href":"https:\/\/www.investaura.co\/wordpress\/wp-json\/wp\/v2\/pages\/5760"}],"wp:featuredmedia":[{"embeddable":true,"href":"https:\/\/www.investaura.co\/wordpress\/wp-json\/wp\/v2\/media\/4337"}],"wp:attachment":[{"href":"https:\/\/www.investaura.co\/wordpress\/wp-json\/wp\/v2\/media?parent=6224"}],"curies":[{"name":"wp","href":"https:\/\/api.w.org\/{rel}","templated":true}]}}