{"id":6223,"date":"2010-09-23T13:14:43","date_gmt":"2010-09-23T11:14:43","guid":{"rendered":"http:\/\/www.invest-aura.com\/?page_id=454"},"modified":"2018-04-17T18:28:15","modified_gmt":"2018-04-17T16:28:15","slug":"stem-business-modeling","status":"publish","type":"page","link":"https:\/\/www.investaura.co\/wordpress\/nos-services\/performance-management-solutions\/stem-business-modeling\/","title":{"rendered":"Logiciel de mod\u00e9lisation STEM"},"content":{"rendered":"<p>Investaura poss\u00e8de une expertise solide de l&#8217;outil STEM, que nos consultants utilisent pour la simulation d&#8217;entreprise, l&#8217;analyse des co\u00fbts des services, ainsi que la pr\u00e9paration de plans d&#8217;investissement (CAPEX, OPEX) dans les secteurs t\u00e9l\u00e9coms et ICT.<\/p>\n<p>Le logiciel de mod\u00e9lisation STEM de la soci\u00e9t\u00e9 Implied Logic constitue la plateforme id\u00e9ale pour la cr\u00e9ation de plans d&#8217;affaires, l&#8217;analyse d&#8217;options et de technologies\u00a0 alternatives, et la quantification de leurs impacts techniques et \u00e9conomiques.<\/p>\n<p><em><span style=\"font-style: normal;\"><a href=\"http:\/\/www.impliedlogic.com\"><img data-attachment-id=\"1829\" data-permalink=\"https:\/\/www.investaura.co\/wordpress\/services\/performance-management-solutions\/stem-business-modelling\/stem_picture\/\" data-orig-file=\"https:\/\/i0.wp.com\/www.investaura.co\/wordpress\/wp-content\/uploads\/2010\/09\/stem_picture.jpg?fit=1275%2C415&amp;ssl=1\" data-orig-size=\"1275,415\" data-comments-opened=\"1\" data-image-meta=\"{&quot;aperture&quot;:&quot;0&quot;,&quot;credit&quot;:&quot;&quot;,&quot;camera&quot;:&quot;&quot;,&quot;caption&quot;:&quot;&quot;,&quot;created_timestamp&quot;:&quot;0&quot;,&quot;copyright&quot;:&quot;&quot;,&quot;focal_length&quot;:&quot;0&quot;,&quot;iso&quot;:&quot;0&quot;,&quot;shutter_speed&quot;:&quot;0&quot;,&quot;title&quot;:&quot;&quot;}\" data-image-title=\"stem_picture\" data-image-description=\"\" data-image-caption=\"&lt;p&gt;ICT Business Modelling&lt;\/p&gt;\n\" data-medium-file=\"https:\/\/i0.wp.com\/www.investaura.co\/wordpress\/wp-content\/uploads\/2010\/09\/stem_picture.jpg?fit=300%2C97&amp;ssl=1\" data-large-file=\"https:\/\/i0.wp.com\/www.investaura.co\/wordpress\/wp-content\/uploads\/2010\/09\/stem_picture.jpg?fit=720%2C234&amp;ssl=1\" decoding=\"async\" loading=\"lazy\" class=\"aligncenter wp-image-1829 size-full\" title=\"stem_picture\" src=\"https:\/\/i0.wp.com\/www.invest-aura.com\/wordpress\/wp-content\/uploads\/2010\/09\/stem_picture.jpg?resize=720%2C234\" alt=\"\" width=\"720\" height=\"234\" srcset=\"https:\/\/i0.wp.com\/www.investaura.co\/wordpress\/wp-content\/uploads\/2010\/09\/stem_picture.jpg?w=1275&amp;ssl=1 1275w, https:\/\/i0.wp.com\/www.investaura.co\/wordpress\/wp-content\/uploads\/2010\/09\/stem_picture.jpg?resize=300%2C97&amp;ssl=1 300w, https:\/\/i0.wp.com\/www.investaura.co\/wordpress\/wp-content\/uploads\/2010\/09\/stem_picture.jpg?resize=1024%2C333&amp;ssl=1 1024w\" sizes=\"(max-width: 720px) 100vw, 720px\" data-recalc-dims=\"1\" \/><\/a><\/span><\/em><\/p>\n<p><em><span style=\"font-style: normal;\">STEM est utilis\u00e9 par les op\u00e9rateurs t\u00e9l\u00e9coms, les fournisseurs de service et les construteurs d&#8217;infrastructure (p.ex. pyl\u00f4nes t\u00e9l\u00e9com, fibre optique) pour mod\u00e9liser le d\u00e9ploiement de r\u00e9seaux et pour calculer les implications financi\u00e8res de diff\u00e9rents sc\u00e9narios technologiques ou de d\u00e9ploiement \u00e0 venir.<\/span><\/em><\/p>\n<p><em><span style=\"font-style: normal;\">Pour les fournisseurs de services, STEM dispose d&#8217;une fonction int\u00e9gr\u00e9e d&#8217;allocation des co\u00fbts qui prend en charge l&#8217;analyse d\u00e9taill\u00e9e de la rentabilit\u00e9 au niveau des services rendus (B2C, B2B).<br \/>\n<\/span><\/em><\/p>\n<p><em><span style=\"font-style: normal;\">Pour les \u00e9quipementiers, STEM apporte une forte plus-value aux \u00e9quipes marketing et commerciales, en tant qu&#8217;outil de communication des offres de vente de solutions, comme illustr\u00e9 ci-dessous dans cette \u00e9tude de cas sur la transformation des op\u00e9rations r\u00e9seau.<\/span><\/em><\/p>\n<p style=\"text-align: center;\"><em><span style=\"font-style: normal;\"><a href=\"https:\/\/www.impliedlogic.com\/Newsletter\/Case-study-on-network-operations-transformation\/\" target=\"_blank\"><img data-attachment-id=\"1822\" data-permalink=\"https:\/\/www.investaura.co\/wordpress\/services\/performance-management-solutions\/stem-business-modelling\/notm\/\" data-orig-file=\"https:\/\/i0.wp.com\/www.investaura.co\/wordpress\/wp-content\/uploads\/2010\/09\/NOTM.jpg?fit=672%2C685&amp;ssl=1\" data-orig-size=\"672,685\" data-comments-opened=\"1\" data-image-meta=\"{&quot;aperture&quot;:&quot;0&quot;,&quot;credit&quot;:&quot;Pierre Lurin&quot;,&quot;camera&quot;:&quot;&quot;,&quot;caption&quot;:&quot;&quot;,&quot;created_timestamp&quot;:&quot;0&quot;,&quot;copyright&quot;:&quot;&quot;,&quot;focal_length&quot;:&quot;0&quot;,&quot;iso&quot;:&quot;0&quot;,&quot;shutter_speed&quot;:&quot;0&quot;,&quot;title&quot;:&quot;&quot;}\" data-image-title=\"NOTM\" data-image-description=\"\" data-image-caption=\"&lt;p&gt;Web interface for results analysis and scenario comparison&lt;\/p&gt;\n\" data-medium-file=\"https:\/\/i0.wp.com\/www.investaura.co\/wordpress\/wp-content\/uploads\/2010\/09\/NOTM.jpg?fit=294%2C300&amp;ssl=1\" data-large-file=\"https:\/\/i0.wp.com\/www.investaura.co\/wordpress\/wp-content\/uploads\/2010\/09\/NOTM.jpg?fit=672%2C685&amp;ssl=1\" decoding=\"async\" loading=\"lazy\" class=\"aligncenter wp-image-1822 size-full\" title=\"PAS M\" src=\"https:\/\/i0.wp.com\/www.invest-aura.com\/wordpress\/wp-content\/uploads\/2010\/09\/NOTM.jpg?resize=672%2C685\" alt=\"\" width=\"672\" height=\"685\" srcset=\"https:\/\/i0.wp.com\/www.investaura.co\/wordpress\/wp-content\/uploads\/2010\/09\/NOTM.jpg?w=672&amp;ssl=1 672w, https:\/\/i0.wp.com\/www.investaura.co\/wordpress\/wp-content\/uploads\/2010\/09\/NOTM.jpg?resize=294%2C300&amp;ssl=1 294w\" sizes=\"(max-width: 672px) 100vw, 672px\" data-recalc-dims=\"1\" \/><\/a><\/span><\/em><\/p>\n<p><em><span style=\"font-style: normal;\">Autres r\u00e9f\u00e9rences:<\/span><\/em><\/p>\n<ul>\n<li><a href=\"http:\/\/www.investaura.co\/boite-a-solutions\/capex-opex-planification\/\">Planification Capex et Opex, Simulation d&#8217;entreprise<\/a><\/li>\n<li><a href=\"http:\/\/www.investaura.co\/boite-a-solutions\/service-etablissement-des-couts-reglementation-vente-au-detail-tarification-buts\/\">Co\u00fbt des services \u00e0 des fins r\u00e9glementaires ou de calcul des prix de d\u00e9tail<\/a><\/li>\n<li><a href=\"http:\/\/www.investaura.co\/2013\/11\/investauras-network-operations-transformation-model-is-now-on-the-web\/\">Le mod\u00e8le de transformation des op\u00e9rations de r\u00e9seau est maintenant sur le web<\/a><\/li>\n<\/ul>\n","protected":false},"excerpt":{"rendered":"<p>Investaura poss\u00e8de une expertise solide de l&#8217;outil STEM, que nos consultants utilisent pour la simulation d&#8217;entreprise, l&#8217;analyse des co\u00fbts des services, ainsi que la pr\u00e9paration de plans d&#8217;investissement (CAPEX, OPEX) dans les secteurs t\u00e9l\u00e9coms et ICT. Le logiciel de mod\u00e9lisation&#8230; <\/p>\n<div class=\"more-link-container\"><a class=\"more-link\" href=\"https:\/\/www.investaura.co\/wordpress\/nos-services\/performance-management-solutions\/stem-business-modeling\/\">Read More<\/a><\/div>\n","protected":false},"author":1,"featured_media":4337,"parent":5759,"menu_order":10,"comment_status":"closed","ping_status":"closed","template":"","meta":{"jetpack_post_was_ever_published":false},"yoast_head":"<!-- This site is optimized with the Yoast SEO plugin v20.4 - https:\/\/yoast.com\/wordpress\/plugins\/seo\/ -->\n<title>Logiciel de mod\u00e9lisation STEM | Investaura<\/title>\n<meta name=\"robots\" content=\"index, follow, max-snippet:-1, max-image-preview:large, max-video-preview:-1\" \/>\n<link rel=\"canonical\" href=\"https:\/\/www.investaura.co\/wordpress\/nos-services\/performance-management-solutions\/stem-business-modeling\/\" \/>\n<meta property=\"og:locale\" content=\"en_GB\" \/>\n<meta property=\"og:type\" content=\"article\" \/>\n<meta property=\"og:title\" content=\"Logiciel de mod\u00e9lisation STEM | Investaura\" \/>\n<meta property=\"og:description\" content=\"Investaura poss\u00e8de une expertise solide de l&#8217;outil STEM, que nos consultants utilisent pour la simulation d&#8217;entreprise, l&#8217;analyse des co\u00fbts des services, ainsi que la pr\u00e9paration de plans d&#8217;investissement (CAPEX, OPEX) dans les secteurs t\u00e9l\u00e9coms et ICT. Le logiciel de mod\u00e9lisation... Read More\" \/>\n<meta property=\"og:url\" content=\"https:\/\/www.investaura.co\/wordpress\/nos-services\/performance-management-solutions\/stem-business-modeling\/\" \/>\n<meta property=\"og:site_name\" content=\"Investaura\" \/>\n<meta property=\"article:modified_time\" content=\"2018-04-17T16:28:15+00:00\" \/>\n<meta property=\"og:image\" content=\"https:\/\/i0.wp.com\/www.investaura.co\/wordpress\/wp-content\/uploads\/2016\/02\/shutterstock_247165378.jpg?fit=1000%2C732&ssl=1\" \/>\n\t<meta property=\"og:image:width\" content=\"1000\" \/>\n\t<meta property=\"og:image:height\" content=\"732\" \/>\n\t<meta property=\"og:image:type\" content=\"image\/jpeg\" \/>\n<meta name=\"twitter:card\" content=\"summary_large_image\" \/>\n<meta name=\"twitter:label1\" content=\"Estimated reading time\" \/>\n\t<meta name=\"twitter:data1\" content=\"1 minute\" \/>\n<script type=\"application\/ld+json\" class=\"yoast-schema-graph\">{\"@context\":\"https:\/\/schema.org\",\"@graph\":[{\"@type\":\"WebPage\",\"@id\":\"https:\/\/www.investaura.co\/wordpress\/nos-services\/performance-management-solutions\/stem-business-modeling\/\",\"url\":\"https:\/\/www.investaura.co\/wordpress\/nos-services\/performance-management-solutions\/stem-business-modeling\/\",\"name\":\"Logiciel de mod\u00e9lisation STEM | Investaura\",\"isPartOf\":{\"@id\":\"https:\/\/www.investaura.co\/wordpress\/#website\"},\"datePublished\":\"2010-09-23T11:14:43+00:00\",\"dateModified\":\"2018-04-17T16:28:15+00:00\",\"breadcrumb\":{\"@id\":\"https:\/\/www.investaura.co\/wordpress\/nos-services\/performance-management-solutions\/stem-business-modeling\/#breadcrumb\"},\"inLanguage\":\"en-GB\",\"potentialAction\":[{\"@type\":\"ReadAction\",\"target\":[\"https:\/\/www.investaura.co\/wordpress\/nos-services\/performance-management-solutions\/stem-business-modeling\/\"]}]},{\"@type\":\"BreadcrumbList\",\"@id\":\"https:\/\/www.investaura.co\/wordpress\/nos-services\/performance-management-solutions\/stem-business-modeling\/#breadcrumb\",\"itemListElement\":[{\"@type\":\"ListItem\",\"position\":1,\"name\":\"Home\",\"item\":\"https:\/\/www.investaura.co\/wordpress\/\"},{\"@type\":\"ListItem\",\"position\":2,\"name\":\"Services\",\"item\":\"https:\/\/www.investaura.co\/wordpress\/nos-services\/\"},{\"@type\":\"ListItem\",\"position\":3,\"name\":\"Pilotage de la performance\",\"item\":\"https:\/\/www.investaura.co\/wordpress\/nos-services\/performance-management-solutions\/\"},{\"@type\":\"ListItem\",\"position\":4,\"name\":\"Logiciel de mod\u00e9lisation STEM\"}]},{\"@type\":\"WebSite\",\"@id\":\"https:\/\/www.investaura.co\/wordpress\/#website\",\"url\":\"https:\/\/www.investaura.co\/wordpress\/\",\"name\":\"Investaura\",\"description\":\"The Value Creation Consultants\",\"publisher\":{\"@id\":\"https:\/\/www.investaura.co\/wordpress\/#organization\"},\"potentialAction\":[{\"@type\":\"SearchAction\",\"target\":{\"@type\":\"EntryPoint\",\"urlTemplate\":\"https:\/\/www.investaura.co\/wordpress\/?s={search_term_string}\"},\"query-input\":\"required name=search_term_string\"}],\"inLanguage\":\"en-GB\"},{\"@type\":\"Organization\",\"@id\":\"https:\/\/www.investaura.co\/wordpress\/#organization\",\"name\":\"Investaura\",\"url\":\"https:\/\/www.investaura.co\/wordpress\/\",\"logo\":{\"@type\":\"ImageObject\",\"inLanguage\":\"en-GB\",\"@id\":\"https:\/\/www.investaura.co\/wordpress\/#\/schema\/logo\/image\/\",\"url\":\"https:\/\/i0.wp.com\/www.investaura.co\/wordpress\/wp-content\/uploads\/Logo-INVESTAURA_RGB-blau-e1450351498844.jpg?fit=256%2C90&ssl=1\",\"contentUrl\":\"https:\/\/i0.wp.com\/www.investaura.co\/wordpress\/wp-content\/uploads\/Logo-INVESTAURA_RGB-blau-e1450351498844.jpg?fit=256%2C90&ssl=1\",\"width\":256,\"height\":90,\"caption\":\"Investaura\"},\"image\":{\"@id\":\"https:\/\/www.investaura.co\/wordpress\/#\/schema\/logo\/image\/\"},\"sameAs\":[\"https:\/\/www.linkedin.com\/company\/1229653\"]}]}<\/script>\n<!-- \/ Yoast SEO plugin. -->","yoast_head_json":{"title":"Logiciel de mod\u00e9lisation STEM | Investaura","robots":{"index":"index","follow":"follow","max-snippet":"max-snippet:-1","max-image-preview":"max-image-preview:large","max-video-preview":"max-video-preview:-1"},"canonical":"https:\/\/www.investaura.co\/wordpress\/nos-services\/performance-management-solutions\/stem-business-modeling\/","og_locale":"en_GB","og_type":"article","og_title":"Logiciel de mod\u00e9lisation STEM | Investaura","og_description":"Investaura poss\u00e8de une expertise solide de l&#8217;outil STEM, que nos consultants utilisent pour la simulation d&#8217;entreprise, l&#8217;analyse des co\u00fbts des services, ainsi que la pr\u00e9paration de plans d&#8217;investissement (CAPEX, OPEX) dans les secteurs t\u00e9l\u00e9coms et ICT. Le logiciel de mod\u00e9lisation... Read More","og_url":"https:\/\/www.investaura.co\/wordpress\/nos-services\/performance-management-solutions\/stem-business-modeling\/","og_site_name":"Investaura","article_modified_time":"2018-04-17T16:28:15+00:00","og_image":[{"width":1000,"height":732,"url":"https:\/\/i0.wp.com\/www.investaura.co\/wordpress\/wp-content\/uploads\/2016\/02\/shutterstock_247165378.jpg?fit=1000%2C732&ssl=1","type":"image\/jpeg"}],"twitter_card":"summary_large_image","twitter_misc":{"Estimated reading time":"1 minute"},"schema":{"@context":"https:\/\/schema.org","@graph":[{"@type":"WebPage","@id":"https:\/\/www.investaura.co\/wordpress\/nos-services\/performance-management-solutions\/stem-business-modeling\/","url":"https:\/\/www.investaura.co\/wordpress\/nos-services\/performance-management-solutions\/stem-business-modeling\/","name":"Logiciel de mod\u00e9lisation STEM | Investaura","isPartOf":{"@id":"https:\/\/www.investaura.co\/wordpress\/#website"},"datePublished":"2010-09-23T11:14:43+00:00","dateModified":"2018-04-17T16:28:15+00:00","breadcrumb":{"@id":"https:\/\/www.investaura.co\/wordpress\/nos-services\/performance-management-solutions\/stem-business-modeling\/#breadcrumb"},"inLanguage":"en-GB","potentialAction":[{"@type":"ReadAction","target":["https:\/\/www.investaura.co\/wordpress\/nos-services\/performance-management-solutions\/stem-business-modeling\/"]}]},{"@type":"BreadcrumbList","@id":"https:\/\/www.investaura.co\/wordpress\/nos-services\/performance-management-solutions\/stem-business-modeling\/#breadcrumb","itemListElement":[{"@type":"ListItem","position":1,"name":"Home","item":"https:\/\/www.investaura.co\/wordpress\/"},{"@type":"ListItem","position":2,"name":"Services","item":"https:\/\/www.investaura.co\/wordpress\/nos-services\/"},{"@type":"ListItem","position":3,"name":"Pilotage de la performance","item":"https:\/\/www.investaura.co\/wordpress\/nos-services\/performance-management-solutions\/"},{"@type":"ListItem","position":4,"name":"Logiciel de mod\u00e9lisation STEM"}]},{"@type":"WebSite","@id":"https:\/\/www.investaura.co\/wordpress\/#website","url":"https:\/\/www.investaura.co\/wordpress\/","name":"Investaura","description":"The Value Creation Consultants","publisher":{"@id":"https:\/\/www.investaura.co\/wordpress\/#organization"},"potentialAction":[{"@type":"SearchAction","target":{"@type":"EntryPoint","urlTemplate":"https:\/\/www.investaura.co\/wordpress\/?s={search_term_string}"},"query-input":"required name=search_term_string"}],"inLanguage":"en-GB"},{"@type":"Organization","@id":"https:\/\/www.investaura.co\/wordpress\/#organization","name":"Investaura","url":"https:\/\/www.investaura.co\/wordpress\/","logo":{"@type":"ImageObject","inLanguage":"en-GB","@id":"https:\/\/www.investaura.co\/wordpress\/#\/schema\/logo\/image\/","url":"https:\/\/i0.wp.com\/www.investaura.co\/wordpress\/wp-content\/uploads\/Logo-INVESTAURA_RGB-blau-e1450351498844.jpg?fit=256%2C90&ssl=1","contentUrl":"https:\/\/i0.wp.com\/www.investaura.co\/wordpress\/wp-content\/uploads\/Logo-INVESTAURA_RGB-blau-e1450351498844.jpg?fit=256%2C90&ssl=1","width":256,"height":90,"caption":"Investaura"},"image":{"@id":"https:\/\/www.investaura.co\/wordpress\/#\/schema\/logo\/image\/"},"sameAs":["https:\/\/www.linkedin.com\/company\/1229653"]}]}},"jetpack_shortlink":"https:\/\/wp.me\/P7ecno-1Cn","jetpack-related-posts":[{"id":6225,"url":"https:\/\/www.investaura.co\/wordpress\/nos-services\/performance-management-solutions\/entreprises-associees\/","url_meta":{"origin":6223,"position":0},"title":"Nos partenaires logiciels","date":"September 9, 2010","format":false,"excerpt":"Investaura Management Consultants a s\u00e9lectionn\u00e9 3 \u00e9diteurs de logiciel qui compl\u00e8tent ses activit\u00e9s de conseil et avec lesquelles nous entretenons d'excellentes relations: Prodacapo fournit des solutions logicielles pour l'\u00e9valuation et l'am\u00e9lioration des processus et l'analyse des co\u00fbts bas\u00e9s sur les activit\u00e9s (Activity-Based Costing).\u00a0La suite Prodacapo permet des applications multiples: les\u2026","rel":"","context":"Similar post","img":{"alt_text":"","src":"https:\/\/i0.wp.com\/www.investaura.co\/wordpress\/wp-content\/uploads\/2016\/02\/shutterstock_247165378.jpg?fit=1000%2C732&ssl=1&resize=350%2C200","width":350,"height":200},"classes":[]},{"id":5705,"url":"https:\/\/www.investaura.co\/wordpress\/boite-a-solutions\/capex-opex-planification\/","url_meta":{"origin":6223,"position":1},"title":"Planification des CAPEX &amp; OPEX, simulation d&#8217;entreprise","date":"March 2, 2016","format":false,"excerpt":"Les consultants Investaura ma\u00eetrisent l'art et la science du d\u00e9veloppement de mod\u00e8les d'investissement r\u00e9alistes et pr\u00e9cis pour des technologies complexes et entreprises innovantes. Les applications sont vari\u00e9es et comprennent notamment: Planification CAPEX et OPEX pour le d\u00e9ploiement de nouveaux r\u00e9seaux ou la migration de technologies Optimisation du co\u00fbt total de\u2026","rel":"","context":"Similar post","img":{"alt_text":"","src":"https:\/\/i0.wp.com\/www.investaura.co\/wordpress\/wp-content\/uploads\/2016\/03\/stem_picture.jpg?fit=1200%2C391&ssl=1&resize=350%2C200","width":350,"height":200},"classes":[]},{"id":5703,"url":"https:\/\/www.investaura.co\/wordpress\/boite-a-solutions\/client-produit-couts-rentabilite-analyse\/","url_meta":{"origin":6223,"position":2},"title":"Analyse des co\u00fbts et de la rentabilit\u00e9 des clients &amp; produits","date":"February 1, 2018","format":false,"excerpt":"La soci\u00e9t\u00e9 Investaura a le plaisir de pr\u00e9senter son nouveau Livre Blanc sur l'analyse des co\u00fbts bas\u00e9s sur les activit\u00e9s (Activity-Based Costing), qui fournit une feuille de route d\u00e9taill\u00e9e pour une mise en \u0153uvre op\u00e9rationnelle en 5 semaines. Quantifier le co\u00fbt des produits et des services a la r\u00e9putation d'\u00eatre\u2026","rel":"","context":"Similar post","img":{"alt_text":"","src":"https:\/\/i0.wp.com\/www.investaura.co\/wordpress\/wp-content\/uploads\/2018\/02\/tracings.png?fit=1200%2C576&ssl=1&resize=350%2C200","width":350,"height":200},"classes":[]},{"id":5759,"url":"https:\/\/www.investaura.co\/wordpress\/nos-services\/performance-management-solutions\/","url_meta":{"origin":6223,"position":3},"title":"Pilotage de la performance","date":"September 9, 2010","format":false,"excerpt":"Investaura accompagne ses clients dans la mise en place d'applications puissantes de pilotage de la performance, tirant parti de son savoir-faire des meilleurs logiciels EPM et de son expertise dans l'industrie. L'impact pour les d\u00e9cideurs est de mieux comprendre ce qui se passe dans leur entreprise et de d\u00e9finir des\u2026","rel":"","context":"Similar post","img":{"alt_text":"","src":"https:\/\/i0.wp.com\/www.investaura.co\/wordpress\/wp-content\/uploads\/2010\/09\/shutterstock_251280265_smaller.jpg?fit=1024%2C678&ssl=1&resize=350%2C200","width":350,"height":200},"classes":[]},{"id":6218,"url":"https:\/\/www.investaura.co\/wordpress\/nos-services\/performance-management-solutions\/adaptive-planning\/","url_meta":{"origin":6223,"position":4},"title":"Adaptive Insights Enterprise Performance Management","date":"February 11, 2011","format":false,"excerpt":"Utilisez-vous encore Microsoft Excel pour l'\u00e9laboration budg\u00e9taire, la planification d'entreprise ou la gestion de la performance? Microsoft Excel \u00e9tait en g\u00e9n\u00e9ral suffisant pour ce type d'activit\u00e9s il y a 15-20 ans, mais l'outil Excel a aussi de nombreuses limites, et vous avez probablement d\u00e9j\u00e0 rencontr\u00e9 beaucoup d'entre elles. La plus\u2026","rel":"","context":"Similar post","img":{"alt_text":"","src":"https:\/\/i0.wp.com\/www.investaura.co\/wordpress\/wp-content\/uploads\/2016\/02\/shutterstock_247165378.jpg?fit=1000%2C732&ssl=1&resize=350%2C200","width":350,"height":200},"classes":[]},{"id":5711,"url":"https:\/\/www.investaura.co\/wordpress\/boite-a-solutions\/cible-recherche-et-due-diligence\/","url_meta":{"origin":6223,"position":5},"title":"Recherche de cibles M&#038;A, Due Diligence","date":"March 2, 2016","format":false,"excerpt":"Pour de nombreuses entreprises, la recherche de cibles M&A est un processus difficile et chronophage. Les d\u00e9cideurs et investisseurs ont tout \u00e0 gagner d'un soutien externe et professionnel pour am\u00e9liorer la qualit\u00e9 du 'fit', et augmenter les chances que le projet d'acquisition aboutisse \u00e0 bon port. Au-del\u00e0 de l'analyse financi\u00e8re\u2026","rel":"","context":"Similar post","img":{"alt_text":"","src":"https:\/\/i0.wp.com\/www.investaura.co\/wordpress\/wp-content\/uploads\/2024\/07\/Business_Planning2.jpg?fit=1024%2C631&ssl=1&resize=350%2C200","width":350,"height":200},"classes":[]}],"jetpack_sharing_enabled":true,"_links":{"self":[{"href":"https:\/\/www.investaura.co\/wordpress\/wp-json\/wp\/v2\/pages\/6223"}],"collection":[{"href":"https:\/\/www.investaura.co\/wordpress\/wp-json\/wp\/v2\/pages"}],"about":[{"href":"https:\/\/www.investaura.co\/wordpress\/wp-json\/wp\/v2\/types\/page"}],"author":[{"embeddable":true,"href":"https:\/\/www.investaura.co\/wordpress\/wp-json\/wp\/v2\/users\/1"}],"replies":[{"embeddable":true,"href":"https:\/\/www.investaura.co\/wordpress\/wp-json\/wp\/v2\/comments?post=6223"}],"version-history":[{"count":9,"href":"https:\/\/www.investaura.co\/wordpress\/wp-json\/wp\/v2\/pages\/6223\/revisions"}],"predecessor-version":[{"id":6426,"href":"https:\/\/www.investaura.co\/wordpress\/wp-json\/wp\/v2\/pages\/6223\/revisions\/6426"}],"up":[{"embeddable":true,"href":"https:\/\/www.investaura.co\/wordpress\/wp-json\/wp\/v2\/pages\/5759"}],"wp:featuredmedia":[{"embeddable":true,"href":"https:\/\/www.investaura.co\/wordpress\/wp-json\/wp\/v2\/media\/4337"}],"wp:attachment":[{"href":"https:\/\/www.investaura.co\/wordpress\/wp-json\/wp\/v2\/media?parent=6223"}],"curies":[{"name":"wp","href":"https:\/\/api.w.org\/{rel}","templated":true}]}}