{"id":6221,"date":"2014-09-30T16:03:49","date_gmt":"2014-09-30T14:03:49","guid":{"rendered":"http:\/\/www.invest-aura.com\/?page_id=2971"},"modified":"2018-05-02T11:17:08","modified_gmt":"2018-05-02T09:17:08","slug":"prodacapo-softwarelosungen","status":"publish","type":"page","link":"https:\/\/www.investaura.co\/wordpress\/dienstleistungen\/performance-management-losungen\/prodacapo-softwarelosungen\/","title":{"rendered":"Prodacapo Softwarel\u00f6sungen"},"content":{"rendered":"<p>In den L\u00f6sungen von Investaura ist Prodacapo enthalten, ein f\u00fchrendes Managementsystem, mit dem Ihre Mitarbeiter echte Leistungsverbesserungen erzielen k\u00f6nnen.<\/p>\n<p>Prodacapos Angebot:<img data-attachment-id=\"3135\" data-permalink=\"https:\/\/www.investaura.co\/wordpress\/services\/performance-management-solutions\/prodacapo-software-solutions\/prodacapos-offering\/\" data-orig-file=\"https:\/\/i0.wp.com\/www.investaura.co\/wordpress\/wp-content\/uploads\/Prodacapos-offering.jpg?fit=689%2C686&amp;ssl=1\" data-orig-size=\"689,686\" data-comments-opened=\"0\" data-image-meta=\"{&quot;aperture&quot;:&quot;0&quot;,&quot;credit&quot;:&quot;&quot;,&quot;camera&quot;:&quot;&quot;,&quot;caption&quot;:&quot;&quot;,&quot;created_timestamp&quot;:&quot;0&quot;,&quot;copyright&quot;:&quot;&quot;,&quot;focal_length&quot;:&quot;0&quot;,&quot;iso&quot;:&quot;0&quot;,&quot;shutter_speed&quot;:&quot;0&quot;,&quot;title&quot;:&quot;&quot;}\" data-image-title=\"Prodacapo&#8217;s offering\" data-image-description=\"\" data-image-caption=\"\" data-medium-file=\"https:\/\/i0.wp.com\/www.investaura.co\/wordpress\/wp-content\/uploads\/Prodacapos-offering.jpg?fit=300%2C298&amp;ssl=1\" data-large-file=\"https:\/\/i0.wp.com\/www.investaura.co\/wordpress\/wp-content\/uploads\/Prodacapos-offering.jpg?fit=689%2C686&amp;ssl=1\" decoding=\"async\" loading=\"lazy\" class=\"alignright wp-image-3135\" src=\"https:\/\/i0.wp.com\/www.invest-aura.com\/wordpress\/wp-content\/uploads\/Prodacapos-offering-300x298.jpg?resize=220%2C218\" alt=\"Prodacapos Angebot\" width=\"220\" height=\"218\" srcset=\"https:\/\/i0.wp.com\/www.investaura.co\/wordpress\/wp-content\/uploads\/Prodacapos-offering.jpg?resize=300%2C298&amp;ssl=1 300w, https:\/\/i0.wp.com\/www.investaura.co\/wordpress\/wp-content\/uploads\/Prodacapos-offering.jpg?resize=150%2C150&amp;ssl=1 150w, https:\/\/i0.wp.com\/www.investaura.co\/wordpress\/wp-content\/uploads\/Prodacapos-offering.jpg?w=689&amp;ssl=1 689w\" sizes=\"(max-width: 220px) 100vw, 220px\" data-recalc-dims=\"1\" \/><\/p>\n<ul>\n<li>Strategie entwickeln und durchf\u00fchren,<\/li>\n<li>Verst\u00e4ndnis der tats\u00e4chlichen Produkt-, Service- und Kundenprofitabilit\u00e4t,<\/li>\n<li>Verbesserung der Gesch\u00e4ftsprozesse,<\/li>\n<li>Optimierung der Ressourcenzuweisung<\/li>\n<li>Verwalten von Initiativen, um bessere Ergebnisse zu erzielen.<\/li>\n<\/ul>\n<p><a href=\"https:\/\/i0.wp.com\/www.invest-aura.com\/wordpress\/wp-content\/uploads\/Prodacapo1.png\"><img data-attachment-id=\"2993\" data-permalink=\"https:\/\/www.investaura.co\/wordpress\/services\/performance-management-solutions\/prodacapo-software-solutions\/prodacapo1\/\" data-orig-file=\"https:\/\/i0.wp.com\/www.investaura.co\/wordpress\/wp-content\/uploads\/Prodacapo1.png?fit=841%2C587&amp;ssl=1\" data-orig-size=\"841,587\" data-comments-opened=\"0\" data-image-meta=\"{&quot;aperture&quot;:&quot;0&quot;,&quot;credit&quot;:&quot;&quot;,&quot;camera&quot;:&quot;&quot;,&quot;caption&quot;:&quot;&quot;,&quot;created_timestamp&quot;:&quot;0&quot;,&quot;copyright&quot;:&quot;&quot;,&quot;focal_length&quot;:&quot;0&quot;,&quot;iso&quot;:&quot;0&quot;,&quot;shutter_speed&quot;:&quot;0&quot;,&quot;title&quot;:&quot;&quot;}\" data-image-title=\"Prodacapo UI\" data-image-description=\"\" data-image-caption=\"&lt;p&gt;Prodacapo: Process Analysis, Costing and Profitability Management&lt;\/p&gt;\n\" data-medium-file=\"https:\/\/i0.wp.com\/www.investaura.co\/wordpress\/wp-content\/uploads\/Prodacapo1.png?fit=300%2C209&amp;ssl=1\" data-large-file=\"https:\/\/i0.wp.com\/www.investaura.co\/wordpress\/wp-content\/uploads\/Prodacapo1.png?fit=720%2C503&amp;ssl=1\" decoding=\"async\" loading=\"lazy\" class=\"alignright wp-image-2993\" src=\"https:\/\/i0.wp.com\/www.invest-aura.com\/wordpress\/wp-content\/uploads\/Prodacapo1.png?resize=324%2C226\" alt=\"Prodacapo UI\" width=\"324\" height=\"226\" srcset=\"https:\/\/i0.wp.com\/www.investaura.co\/wordpress\/wp-content\/uploads\/Prodacapo1.png?w=841&amp;ssl=1 841w, https:\/\/i0.wp.com\/www.investaura.co\/wordpress\/wp-content\/uploads\/Prodacapo1.png?resize=300%2C209&amp;ssl=1 300w\" sizes=\"(max-width: 324px) 100vw, 324px\" data-recalc-dims=\"1\" \/><\/a><\/p>\n<p><span class=\"Apple-style-span\">Die L\u00f6sung l\u00e4sst sich problemlos in Ihre Transaktionsverarbeitungssysteme integrieren und \u00fcbertr\u00e4gt Daten mithilfe von Balanced Scorecard, Activity Based Costing (ABC) und Prozessverbesserungskonzepten in leistungsstarke Managementinformationen.<\/span><\/p>\n<p>Prodacapo ist eine hochgradig skalierbare L\u00f6sung und besteht aus mehreren Modulen, die alle propriet\u00e4r sind, sich in Echtzeit integrieren lassen und Daten auf mehreren Plattformen einschlie\u00dflich SQL Server und Oracle speichern k\u00f6nnen. Die Software ist vollst\u00e4ndig webf\u00e4hig und bietet Ihren Mitarbeitern die M\u00f6glichkeit, unabh\u00e4ngig von ihrem Standort auf die ben\u00f6tigten Verwaltungsinformationen zuzugreifen.<\/p>\n<p>Sehen Sie sich dieses Video an, um besser zu verstehen, was die Vorteile f\u00fcr Ihre Organisation sind!<\/p>\n<p><iframe loading=\"lazy\" src=\"https:\/\/www.youtube.com\/embed\/onDn3hUXMlk\" width=\"560\" height=\"315\" frameborder=\"0\" allowfullscreen=\"allowfullscreen\"><\/iframe><\/p>\n<p>Weitere Informationen:<\/p>\n<ul>\n<li><a href=\"http:\/\/www.investaura.co\/losungen\/kunde-produkt-kalkulation-rentabilitat-analyse\/\">Whitepaper zum Customer &amp; Product Profitability Management mit Prodacapo und eTOM<\/a><\/li>\n<\/ul>\n","protected":false},"excerpt":{"rendered":"<p>In den L\u00f6sungen von Investaura ist Prodacapo enthalten, ein f\u00fchrendes Managementsystem, mit dem Ihre Mitarbeiter echte Leistungsverbesserungen erzielen k\u00f6nnen. Prodacapos Angebot: Strategie entwickeln und durchf\u00fchren, Verst\u00e4ndnis der tats\u00e4chlichen Produkt-, Service- und Kundenprofitabilit\u00e4t, Verbesserung der Gesch\u00e4ftsprozesse, Optimierung der Ressourcenzuweisung Verwalten von&#8230; <\/p>\n<div class=\"more-link-container\"><a class=\"more-link\" href=\"https:\/\/www.investaura.co\/wordpress\/dienstleistungen\/performance-management-losungen\/prodacapo-softwarelosungen\/\">Read More<\/a><\/div>\n","protected":false},"author":1,"featured_media":4337,"parent":5760,"menu_order":5,"comment_status":"closed","ping_status":"closed","template":"","meta":{"jetpack_post_was_ever_published":false},"yoast_head":"<!-- This site is optimized with the Yoast SEO plugin v20.4 - https:\/\/yoast.com\/wordpress\/plugins\/seo\/ -->\n<title>Prodacapo Softwarel\u00f6sungen | Investaura<\/title>\n<meta name=\"robots\" content=\"index, follow, max-snippet:-1, max-image-preview:large, max-video-preview:-1\" \/>\n<link rel=\"canonical\" href=\"https:\/\/www.investaura.co\/wordpress\/dienstleistungen\/performance-management-losungen\/prodacapo-softwarelosungen\/\" \/>\n<meta property=\"og:locale\" content=\"en_GB\" \/>\n<meta property=\"og:type\" content=\"article\" \/>\n<meta property=\"og:title\" content=\"Prodacapo Softwarel\u00f6sungen | Investaura\" \/>\n<meta property=\"og:description\" content=\"In den L\u00f6sungen von Investaura ist Prodacapo enthalten, ein f\u00fchrendes Managementsystem, mit dem Ihre Mitarbeiter echte Leistungsverbesserungen erzielen k\u00f6nnen. Prodacapos Angebot: Strategie entwickeln und durchf\u00fchren, Verst\u00e4ndnis der tats\u00e4chlichen Produkt-, Service- und Kundenprofitabilit\u00e4t, Verbesserung der Gesch\u00e4ftsprozesse, Optimierung der Ressourcenzuweisung Verwalten von... Read More\" \/>\n<meta property=\"og:url\" content=\"https:\/\/www.investaura.co\/wordpress\/dienstleistungen\/performance-management-losungen\/prodacapo-softwarelosungen\/\" \/>\n<meta property=\"og:site_name\" content=\"Investaura\" \/>\n<meta property=\"article:modified_time\" content=\"2018-05-02T09:17:08+00:00\" \/>\n<meta property=\"og:image\" content=\"https:\/\/i0.wp.com\/www.investaura.co\/wordpress\/wp-content\/uploads\/2016\/02\/shutterstock_247165378.jpg?fit=1000%2C732&ssl=1\" \/>\n\t<meta property=\"og:image:width\" content=\"1000\" \/>\n\t<meta property=\"og:image:height\" content=\"732\" \/>\n\t<meta property=\"og:image:type\" content=\"image\/jpeg\" \/>\n<meta name=\"twitter:card\" content=\"summary_large_image\" \/>\n<meta name=\"twitter:label1\" content=\"Estimated reading time\" \/>\n\t<meta name=\"twitter:data1\" content=\"1 minute\" \/>\n<script type=\"application\/ld+json\" class=\"yoast-schema-graph\">{\"@context\":\"https:\/\/schema.org\",\"@graph\":[{\"@type\":\"WebPage\",\"@id\":\"https:\/\/www.investaura.co\/wordpress\/dienstleistungen\/performance-management-losungen\/prodacapo-softwarelosungen\/\",\"url\":\"https:\/\/www.investaura.co\/wordpress\/dienstleistungen\/performance-management-losungen\/prodacapo-softwarelosungen\/\",\"name\":\"Prodacapo Softwarel\u00f6sungen | Investaura\",\"isPartOf\":{\"@id\":\"https:\/\/www.investaura.co\/wordpress\/#website\"},\"datePublished\":\"2014-09-30T14:03:49+00:00\",\"dateModified\":\"2018-05-02T09:17:08+00:00\",\"breadcrumb\":{\"@id\":\"https:\/\/www.investaura.co\/wordpress\/dienstleistungen\/performance-management-losungen\/prodacapo-softwarelosungen\/#breadcrumb\"},\"inLanguage\":\"en-GB\",\"potentialAction\":[{\"@type\":\"ReadAction\",\"target\":[\"https:\/\/www.investaura.co\/wordpress\/dienstleistungen\/performance-management-losungen\/prodacapo-softwarelosungen\/\"]}]},{\"@type\":\"BreadcrumbList\",\"@id\":\"https:\/\/www.investaura.co\/wordpress\/dienstleistungen\/performance-management-losungen\/prodacapo-softwarelosungen\/#breadcrumb\",\"itemListElement\":[{\"@type\":\"ListItem\",\"position\":1,\"name\":\"Home\",\"item\":\"https:\/\/www.investaura.co\/wordpress\/\"},{\"@type\":\"ListItem\",\"position\":2,\"name\":\"Leistungen\",\"item\":\"https:\/\/www.investaura.co\/wordpress\/dienstleistungen\/\"},{\"@type\":\"ListItem\",\"position\":3,\"name\":\"Performance-Management\",\"item\":\"https:\/\/www.investaura.co\/wordpress\/dienstleistungen\/performance-management-losungen\/\"},{\"@type\":\"ListItem\",\"position\":4,\"name\":\"Prodacapo Softwarel\u00f6sungen\"}]},{\"@type\":\"WebSite\",\"@id\":\"https:\/\/www.investaura.co\/wordpress\/#website\",\"url\":\"https:\/\/www.investaura.co\/wordpress\/\",\"name\":\"Investaura\",\"description\":\"The Value Creation Consultants\",\"publisher\":{\"@id\":\"https:\/\/www.investaura.co\/wordpress\/#organization\"},\"potentialAction\":[{\"@type\":\"SearchAction\",\"target\":{\"@type\":\"EntryPoint\",\"urlTemplate\":\"https:\/\/www.investaura.co\/wordpress\/?s={search_term_string}\"},\"query-input\":\"required name=search_term_string\"}],\"inLanguage\":\"en-GB\"},{\"@type\":\"Organization\",\"@id\":\"https:\/\/www.investaura.co\/wordpress\/#organization\",\"name\":\"Investaura\",\"url\":\"https:\/\/www.investaura.co\/wordpress\/\",\"logo\":{\"@type\":\"ImageObject\",\"inLanguage\":\"en-GB\",\"@id\":\"https:\/\/www.investaura.co\/wordpress\/#\/schema\/logo\/image\/\",\"url\":\"https:\/\/i0.wp.com\/www.investaura.co\/wordpress\/wp-content\/uploads\/Logo-INVESTAURA_RGB-blau-e1450351498844.jpg?fit=256%2C90&ssl=1\",\"contentUrl\":\"https:\/\/i0.wp.com\/www.investaura.co\/wordpress\/wp-content\/uploads\/Logo-INVESTAURA_RGB-blau-e1450351498844.jpg?fit=256%2C90&ssl=1\",\"width\":256,\"height\":90,\"caption\":\"Investaura\"},\"image\":{\"@id\":\"https:\/\/www.investaura.co\/wordpress\/#\/schema\/logo\/image\/\"},\"sameAs\":[\"https:\/\/www.linkedin.com\/company\/1229653\"]}]}<\/script>\n<!-- \/ Yoast SEO plugin. -->","yoast_head_json":{"title":"Prodacapo Softwarel\u00f6sungen | Investaura","robots":{"index":"index","follow":"follow","max-snippet":"max-snippet:-1","max-image-preview":"max-image-preview:large","max-video-preview":"max-video-preview:-1"},"canonical":"https:\/\/www.investaura.co\/wordpress\/dienstleistungen\/performance-management-losungen\/prodacapo-softwarelosungen\/","og_locale":"en_GB","og_type":"article","og_title":"Prodacapo Softwarel\u00f6sungen | Investaura","og_description":"In den L\u00f6sungen von Investaura ist Prodacapo enthalten, ein f\u00fchrendes Managementsystem, mit dem Ihre Mitarbeiter echte Leistungsverbesserungen erzielen k\u00f6nnen. Prodacapos Angebot: Strategie entwickeln und durchf\u00fchren, Verst\u00e4ndnis der tats\u00e4chlichen Produkt-, Service- und Kundenprofitabilit\u00e4t, Verbesserung der Gesch\u00e4ftsprozesse, Optimierung der Ressourcenzuweisung Verwalten von... Read More","og_url":"https:\/\/www.investaura.co\/wordpress\/dienstleistungen\/performance-management-losungen\/prodacapo-softwarelosungen\/","og_site_name":"Investaura","article_modified_time":"2018-05-02T09:17:08+00:00","og_image":[{"width":1000,"height":732,"url":"https:\/\/i0.wp.com\/www.investaura.co\/wordpress\/wp-content\/uploads\/2016\/02\/shutterstock_247165378.jpg?fit=1000%2C732&ssl=1","type":"image\/jpeg"}],"twitter_card":"summary_large_image","twitter_misc":{"Estimated reading time":"1 minute"},"schema":{"@context":"https:\/\/schema.org","@graph":[{"@type":"WebPage","@id":"https:\/\/www.investaura.co\/wordpress\/dienstleistungen\/performance-management-losungen\/prodacapo-softwarelosungen\/","url":"https:\/\/www.investaura.co\/wordpress\/dienstleistungen\/performance-management-losungen\/prodacapo-softwarelosungen\/","name":"Prodacapo Softwarel\u00f6sungen | Investaura","isPartOf":{"@id":"https:\/\/www.investaura.co\/wordpress\/#website"},"datePublished":"2014-09-30T14:03:49+00:00","dateModified":"2018-05-02T09:17:08+00:00","breadcrumb":{"@id":"https:\/\/www.investaura.co\/wordpress\/dienstleistungen\/performance-management-losungen\/prodacapo-softwarelosungen\/#breadcrumb"},"inLanguage":"en-GB","potentialAction":[{"@type":"ReadAction","target":["https:\/\/www.investaura.co\/wordpress\/dienstleistungen\/performance-management-losungen\/prodacapo-softwarelosungen\/"]}]},{"@type":"BreadcrumbList","@id":"https:\/\/www.investaura.co\/wordpress\/dienstleistungen\/performance-management-losungen\/prodacapo-softwarelosungen\/#breadcrumb","itemListElement":[{"@type":"ListItem","position":1,"name":"Home","item":"https:\/\/www.investaura.co\/wordpress\/"},{"@type":"ListItem","position":2,"name":"Leistungen","item":"https:\/\/www.investaura.co\/wordpress\/dienstleistungen\/"},{"@type":"ListItem","position":3,"name":"Performance-Management","item":"https:\/\/www.investaura.co\/wordpress\/dienstleistungen\/performance-management-losungen\/"},{"@type":"ListItem","position":4,"name":"Prodacapo Softwarel\u00f6sungen"}]},{"@type":"WebSite","@id":"https:\/\/www.investaura.co\/wordpress\/#website","url":"https:\/\/www.investaura.co\/wordpress\/","name":"Investaura","description":"The Value Creation Consultants","publisher":{"@id":"https:\/\/www.investaura.co\/wordpress\/#organization"},"potentialAction":[{"@type":"SearchAction","target":{"@type":"EntryPoint","urlTemplate":"https:\/\/www.investaura.co\/wordpress\/?s={search_term_string}"},"query-input":"required name=search_term_string"}],"inLanguage":"en-GB"},{"@type":"Organization","@id":"https:\/\/www.investaura.co\/wordpress\/#organization","name":"Investaura","url":"https:\/\/www.investaura.co\/wordpress\/","logo":{"@type":"ImageObject","inLanguage":"en-GB","@id":"https:\/\/www.investaura.co\/wordpress\/#\/schema\/logo\/image\/","url":"https:\/\/i0.wp.com\/www.investaura.co\/wordpress\/wp-content\/uploads\/Logo-INVESTAURA_RGB-blau-e1450351498844.jpg?fit=256%2C90&ssl=1","contentUrl":"https:\/\/i0.wp.com\/www.investaura.co\/wordpress\/wp-content\/uploads\/Logo-INVESTAURA_RGB-blau-e1450351498844.jpg?fit=256%2C90&ssl=1","width":256,"height":90,"caption":"Investaura"},"image":{"@id":"https:\/\/www.investaura.co\/wordpress\/#\/schema\/logo\/image\/"},"sameAs":["https:\/\/www.linkedin.com\/company\/1229653"]}]}},"jetpack_shortlink":"https:\/\/wp.me\/P7ecno-1Cl","jetpack-related-posts":[{"id":6226,"url":"https:\/\/www.investaura.co\/wordpress\/dienstleistungen\/performance-management-losungen\/assoziierte-unternehmen\/","url_meta":{"origin":6221,"position":0},"title":"Trusted Software-Partner","date":"September 9, 2010","format":false,"excerpt":"Investaura Management Consultants hat 3 Softwareanbieter ausgew\u00e4hlt, die das eigene Kerngesch\u00e4ft erg\u00e4nzen und mit denen wir ausgezeichnete Beziehungen unterhalten: Prodacapo bietet Softwarel\u00f6sungen f\u00fcr die Prozesskostenrechnung und -verbesserung.\u00a0Die Prodacapo-Suite enth\u00e4lt Anwendungen f\u00fcr das aktivit\u00e4tsbasierte Management, Rentabilit\u00e4tsanalysen, Planung, Balanced Scorecard und Prozessmanagement.\u00a0Die Software und Methodik des Unternehmens basiert auf 20 Jahren Erfahrung,\u2026","rel":"","context":"Similar post","img":{"alt_text":"","src":"https:\/\/i0.wp.com\/www.investaura.co\/wordpress\/wp-content\/uploads\/2016\/02\/shutterstock_247165378.jpg?fit=1000%2C732&ssl=1&resize=350%2C200","width":350,"height":200},"classes":[]},{"id":5704,"url":"https:\/\/www.investaura.co\/wordpress\/losungen\/kunde-produkt-kalkulation-rentabilitat-analyse\/","url_meta":{"origin":6221,"position":1},"title":"Prozesskostenrechnung und Wirtschaftlichkeitsanalyse von Produkten und Kunden","date":"February 1, 2018","format":false,"excerpt":"Investaura freut sich, sein neues Whitepaper zur Prozesskostenrechnung und Rentabilit\u00e4tsanalyse vorstellen zu k\u00f6nnen, das eine Schritt-f\u00fcr-Schritt-Roadmap f\u00fcr eine erfolgreiche Implementierung \u00fcber einen Zeitraum von 5 Wochen bietet. Service Costing hat den Ruf, dass es kompliziert und zeitaufw\u00e4ndig zu implementieren ist. Es muss nicht so sein. Unter Verwendung des eTOM-Gesch\u00e4ftsprozess-Frameworks f\u00fcr\u2026","rel":"","context":"Similar post","img":{"alt_text":"","src":"https:\/\/i0.wp.com\/www.investaura.co\/wordpress\/wp-content\/uploads\/2018\/02\/tracings.png?fit=1200%2C576&ssl=1&resize=350%2C200","width":350,"height":200},"classes":[]},{"id":5760,"url":"https:\/\/www.investaura.co\/wordpress\/dienstleistungen\/performance-management-losungen\/","url_meta":{"origin":6221,"position":2},"title":"Performance-Management","date":"September 9, 2010","format":false,"excerpt":"Investaura bietet seinen Kunden leistungsf\u00e4hige Gesch\u00e4ftsanwendungen und nutzt dabei das Know-how der besten Softwareplattformen und die umfassende Expertise der Tech-Branche. Die Auswirkungen f\u00fcr die Kunden bestehen darin, besser zu verstehen, was in ihrem Gesch\u00e4ft vor sich geht, und Ma\u00dfnahmen zu ergreifen, um ihre Leistung zu verbessern. Zus\u00e4tzlich zu den Excel-basierten\u2026","rel":"","context":"Similar post","img":{"alt_text":"","src":"https:\/\/i0.wp.com\/www.investaura.co\/wordpress\/wp-content\/uploads\/2010\/09\/shutterstock_251280265_smaller.jpg?fit=1024%2C678&ssl=1&resize=350%2C200","width":350,"height":200},"classes":[]},{"id":6250,"url":"https:\/\/www.investaura.co\/wordpress\/dienstleistungen\/marketing-sales-support\/go-to-market-strategie\/","url_meta":{"origin":6221,"position":3},"title":"Markteinf\u00fchrungsstrategie","date":"December 2, 2015","format":false,"excerpt":"Um bei der Erschlie\u00dfung neuer M\u00e4rkte erfolgreich zu sein, ist ein systematisches Verst\u00e4ndnis der Zielm\u00e4rkte, Kundenbed\u00fcrfnisse und Vertriebskan\u00e4le unerl\u00e4sslich. Unsere erfahrenen Berater mit internationalem Hintergrund und langj\u00e4hriger Branchenerfahrung helfen Ihnen, das externe Umfeld und die besten Mittel zu verstehen, den Markt im Hinblick auf Ihr eigenes Angebot, das Angebot von\u2026","rel":"","context":"Similar post","img":{"alt_text":"","src":"https:\/\/i0.wp.com\/www.investaura.co\/wordpress\/wp-content\/uploads\/2015\/12\/shutterstock_209058313_smaller.jpg?fit=1024%2C682&ssl=1&resize=350%2C200","width":350,"height":200},"classes":[]},{"id":7373,"url":"https:\/\/www.investaura.co\/wordpress\/losungen\/sell-side-ma-erfolgreichere-transaktionen-mit-kommerziellen-und-finanziellen-factbooks\/","url_meta":{"origin":6221,"position":4},"title":"Sell-side M&#038;A: Erfolgreichere Transaktionen mit kommerziellen und finanziellen Factbooks","date":"August 7, 2020","format":false,"excerpt":"Wenn Unternehmer und F\u00fchrungskr\u00e4fte kleiner und mittlerer Unternehmen Gespr\u00e4che mit finanziellen oder strategischen Investoren f\u00fchren, begeben sie sich auf eine Reise, die sie sowohl in ihrer Komplexit\u00e4t als auch in ihrer Dauer oft stark untersch\u00e4tzen. Es steht au\u00dfer Frage, dass das Management das Unternehmen und seine Geschichte am besten kennt.\u2026","rel":"","context":"Similar post","img":{"alt_text":"","src":"https:\/\/i0.wp.com\/www.investaura.co\/wordpress\/wp-content\/uploads\/2020\/08\/shutterstock_316625645_resized.jpg?fit=1024%2C676&ssl=1&resize=350%2C200","width":350,"height":200},"classes":[]},{"id":7590,"url":"https:\/\/www.investaura.co\/wordpress\/losungen\/exit-strategie-fuer-proptech-europa\/","url_meta":{"origin":6221,"position":5},"title":"Exit-Strategie f\u00fcr PropTech in Europa","date":"March 7, 2022","format":false,"excerpt":"Zur Zeit gibt es mehr als 3000 PropTech-Unternehmen in Europa. Viele von ihnen, die nach 2010 gegr\u00fcndet wurden, wurden zun\u00e4chst von der Gr\u00f6\u00dfe des Immobilienmarktes und der M\u00f6glichkeit angezogen, eine Branche umzugestalten, die bis vor kurzem noch keinen Druck zur Digitalisierung versp\u00fcrt hat. Leider erleben viele junge Unternehmen nicht das\u2026","rel":"","context":"Similar post","img":{"alt_text":"","src":"https:\/\/i0.wp.com\/www.investaura.co\/wordpress\/wp-content\/uploads\/2017\/01\/shutterstock_182278607.jpg?fit=1000%2C836&ssl=1&resize=350%2C200","width":350,"height":200},"classes":[]}],"jetpack_sharing_enabled":true,"_links":{"self":[{"href":"https:\/\/www.investaura.co\/wordpress\/wp-json\/wp\/v2\/pages\/6221"}],"collection":[{"href":"https:\/\/www.investaura.co\/wordpress\/wp-json\/wp\/v2\/pages"}],"about":[{"href":"https:\/\/www.investaura.co\/wordpress\/wp-json\/wp\/v2\/types\/page"}],"author":[{"embeddable":true,"href":"https:\/\/www.investaura.co\/wordpress\/wp-json\/wp\/v2\/users\/1"}],"replies":[{"embeddable":true,"href":"https:\/\/www.investaura.co\/wordpress\/wp-json\/wp\/v2\/comments?post=6221"}],"version-history":[{"count":5,"href":"https:\/\/www.investaura.co\/wordpress\/wp-json\/wp\/v2\/pages\/6221\/revisions"}],"predecessor-version":[{"id":6534,"href":"https:\/\/www.investaura.co\/wordpress\/wp-json\/wp\/v2\/pages\/6221\/revisions\/6534"}],"up":[{"embeddable":true,"href":"https:\/\/www.investaura.co\/wordpress\/wp-json\/wp\/v2\/pages\/5760"}],"wp:featuredmedia":[{"embeddable":true,"href":"https:\/\/www.investaura.co\/wordpress\/wp-json\/wp\/v2\/media\/4337"}],"wp:attachment":[{"href":"https:\/\/www.investaura.co\/wordpress\/wp-json\/wp\/v2\/media?parent=6221"}],"curies":[{"name":"wp","href":"https:\/\/api.w.org\/{rel}","templated":true}]}}