{"id":6218,"date":"2011-02-11T16:49:11","date_gmt":"2011-02-11T14:49:11","guid":{"rendered":"http:\/\/www.invest-aura.com\/"},"modified":"2018-04-17T18:07:08","modified_gmt":"2018-04-17T16:07:08","slug":"adaptive-planning","status":"publish","type":"page","link":"https:\/\/www.investaura.co\/wordpress\/nos-services\/performance-management-solutions\/adaptive-planning\/","title":{"rendered":"Adaptive Insights Enterprise Performance Management"},"content":{"rendered":"<p>Utilisez-vous encore Microsoft Excel pour l&#8217;\u00e9laboration budg\u00e9taire, la planification d&#8217;entreprise ou la gestion de la performance? Microsoft Excel \u00e9tait en g\u00e9n\u00e9ral suffisant pour ce type d&#8217;activit\u00e9s il y a 15-20 ans, mais l&#8217;outil Excel a aussi de nombreuses limites, et vous avez probablement d\u00e9j\u00e0 rencontr\u00e9 beaucoup d&#8217;entre elles. La plus \u00e9vidente est que Excel n&#8217;est pas une base de donn\u00e9es!<\/p>\n<p>Aujourd&#8217;hui, des solutions puissantes, faciles \u00e0 utiliser et abordables sont disponibles sur le march\u00e9. Elles peuvent vous d\u00e9marquer et contribuer r\u00e9ellement \u00e0 l&#8217;am\u00e9lioration de la performance, financi\u00e8re ou non financi\u00e8re, de votre entreprise. Si vous \u00eates responsable de la planification budg\u00e9taire dans une entreprise, quelle que soit sa taille, et que vous utilisez encore Excel pour l&#8217;\u00e9laboration budg\u00e9taire et la pr\u00e9vision, vous vous sentez sans doute surmen\u00e9 et d\u00e9bord\u00e9. Il est donc tant de passer \u00e0 autre chose.<\/p>\n<p style=\"text-align: center;\"><iframe loading=\"lazy\" src=\"https:\/\/www.youtube.com\/embed\/4hpSNgh5V7Y\" width=\"560\" height=\"315\" frameborder=\"0\" allowfullscreen=\"allowfullscreen\"><\/iframe><\/p>\n<p>Les consultants d&#8217;Investaura utilisent Adaptive Planning, le logiciel de pr\u00e9paration budg\u00e9taire, de pr\u00e9vision et de reporting d&#8217;Adaptive Insights Inc, le leader mondial des solutions EPM (Enterprise Performance Management) pour les entreprises de toutes tailles, y compris les op\u00e9rateurs t\u00e9l\u00e9coms et les fournisseurs de service IT.<\/p>\n<p><img decoding=\"async\" loading=\"lazy\" class=\"aligncenter\" title=\"Planification d'entreprise et budg\u00e9tisation\" src=\"https:\/\/i0.wp.com\/www.invest-aura.com\/wordpress\/wp-content\/uploads\/2011\/08\/Application.png?resize=620%2C417\" alt=\"\" width=\"620\" height=\"417\" data-recalc-dims=\"1\" \/>Gr\u00e2ce \u00e0 Adaptive Planning, Investaura a d\u00e9velopp\u00e9 un syst\u00e8me de pr\u00e9visions budg\u00e9taires sp\u00e9cifique aux fournisseurs de services t\u00e9l\u00e9coms qui peut \u00e9galement \u00eatre utilis\u00e9 comme une solution de planification \u00e0 moyen terme (5 \u00e0 7 ans). \u00a0Ce syst\u00e8me peut facilement et rapidement \u00eatre personnalis\u00e9 pour les besoins sp\u00e9cifiques de nos clients.<\/p>\n<p>N&#8217;h\u00e9sitez pas \u00e0 <a href=\"http:\/\/www.investaura.co\/contact\/\">nous contacter<\/a> pour avoir plus d&#8217;information.<\/p>\n<p>Autre r\u00e9f\u00e9rence:<\/p>\n<ul>\n<li><a href=\"http:\/\/www.investaura.co\/boite-a-solutions\/budgetisation-et-previsions\/\">L&#8217;\u00e9laboration budg\u00e9taire, la planification \u00e0 moyen terme et le calcul des co\u00fbts des services: la premi\u00e8re solution &#8220;toute en un&#8221; facile \u00e0 utiliser dans un monde post-Excel<\/a><\/li>\n<\/ul>\n","protected":false},"excerpt":{"rendered":"<p>Utilisez-vous encore Microsoft Excel pour l&#8217;\u00e9laboration budg\u00e9taire, la planification d&#8217;entreprise ou la gestion de la performance? Microsoft Excel \u00e9tait en g\u00e9n\u00e9ral suffisant pour ce type d&#8217;activit\u00e9s il y a 15-20 ans, mais l&#8217;outil Excel a aussi de nombreuses limites, et&#8230; <\/p>\n<div class=\"more-link-container\"><a class=\"more-link\" href=\"https:\/\/www.investaura.co\/wordpress\/nos-services\/performance-management-solutions\/adaptive-planning\/\">Read More<\/a><\/div>\n","protected":false},"author":1,"featured_media":4337,"parent":5759,"menu_order":2,"comment_status":"closed","ping_status":"closed","template":"","meta":{"jetpack_post_was_ever_published":false},"yoast_head":"<!-- This site is optimized with the Yoast SEO plugin v20.4 - https:\/\/yoast.com\/wordpress\/plugins\/seo\/ -->\n<title>Adaptive Insights Enterprise Performance Management | Investaura<\/title>\n<meta name=\"robots\" content=\"index, follow, max-snippet:-1, max-image-preview:large, max-video-preview:-1\" \/>\n<link rel=\"canonical\" href=\"https:\/\/www.investaura.co\/wordpress\/nos-services\/performance-management-solutions\/adaptive-planning\/\" \/>\n<meta property=\"og:locale\" content=\"en_GB\" \/>\n<meta property=\"og:type\" content=\"article\" \/>\n<meta property=\"og:title\" content=\"Adaptive Insights Enterprise Performance Management | Investaura\" \/>\n<meta property=\"og:description\" content=\"Utilisez-vous encore Microsoft Excel pour l&#8217;\u00e9laboration budg\u00e9taire, la planification d&#8217;entreprise ou la gestion de la performance? Microsoft Excel \u00e9tait en g\u00e9n\u00e9ral suffisant pour ce type d&#8217;activit\u00e9s il y a 15-20 ans, mais l&#8217;outil Excel a aussi de nombreuses limites, et... Read More\" \/>\n<meta property=\"og:url\" content=\"https:\/\/www.investaura.co\/wordpress\/nos-services\/performance-management-solutions\/adaptive-planning\/\" \/>\n<meta property=\"og:site_name\" content=\"Investaura\" \/>\n<meta property=\"article:modified_time\" content=\"2018-04-17T16:07:08+00:00\" \/>\n<meta property=\"og:image\" content=\"https:\/\/i0.wp.com\/www.investaura.co\/wordpress\/wp-content\/uploads\/2016\/02\/shutterstock_247165378.jpg?fit=1000%2C732&ssl=1\" \/>\n\t<meta property=\"og:image:width\" content=\"1000\" \/>\n\t<meta property=\"og:image:height\" content=\"732\" \/>\n\t<meta property=\"og:image:type\" content=\"image\/jpeg\" \/>\n<meta name=\"twitter:card\" content=\"summary_large_image\" \/>\n<meta name=\"twitter:label1\" content=\"Estimated reading time\" \/>\n\t<meta name=\"twitter:data1\" content=\"2 minutes\" \/>\n<script type=\"application\/ld+json\" class=\"yoast-schema-graph\">{\"@context\":\"https:\/\/schema.org\",\"@graph\":[{\"@type\":\"WebPage\",\"@id\":\"https:\/\/www.investaura.co\/wordpress\/nos-services\/performance-management-solutions\/adaptive-planning\/\",\"url\":\"https:\/\/www.investaura.co\/wordpress\/nos-services\/performance-management-solutions\/adaptive-planning\/\",\"name\":\"Adaptive Insights Enterprise Performance Management | Investaura\",\"isPartOf\":{\"@id\":\"https:\/\/www.investaura.co\/wordpress\/#website\"},\"datePublished\":\"2011-02-11T14:49:11+00:00\",\"dateModified\":\"2018-04-17T16:07:08+00:00\",\"breadcrumb\":{\"@id\":\"https:\/\/www.investaura.co\/wordpress\/nos-services\/performance-management-solutions\/adaptive-planning\/#breadcrumb\"},\"inLanguage\":\"en-GB\",\"potentialAction\":[{\"@type\":\"ReadAction\",\"target\":[\"https:\/\/www.investaura.co\/wordpress\/nos-services\/performance-management-solutions\/adaptive-planning\/\"]}]},{\"@type\":\"BreadcrumbList\",\"@id\":\"https:\/\/www.investaura.co\/wordpress\/nos-services\/performance-management-solutions\/adaptive-planning\/#breadcrumb\",\"itemListElement\":[{\"@type\":\"ListItem\",\"position\":1,\"name\":\"Home\",\"item\":\"https:\/\/www.investaura.co\/wordpress\/\"},{\"@type\":\"ListItem\",\"position\":2,\"name\":\"Services\",\"item\":\"https:\/\/www.investaura.co\/wordpress\/nos-services\/\"},{\"@type\":\"ListItem\",\"position\":3,\"name\":\"Pilotage de la performance\",\"item\":\"https:\/\/www.investaura.co\/wordpress\/nos-services\/performance-management-solutions\/\"},{\"@type\":\"ListItem\",\"position\":4,\"name\":\"Adaptive Insights Enterprise Performance Management\"}]},{\"@type\":\"WebSite\",\"@id\":\"https:\/\/www.investaura.co\/wordpress\/#website\",\"url\":\"https:\/\/www.investaura.co\/wordpress\/\",\"name\":\"Investaura\",\"description\":\"The Value Creation Consultants\",\"publisher\":{\"@id\":\"https:\/\/www.investaura.co\/wordpress\/#organization\"},\"potentialAction\":[{\"@type\":\"SearchAction\",\"target\":{\"@type\":\"EntryPoint\",\"urlTemplate\":\"https:\/\/www.investaura.co\/wordpress\/?s={search_term_string}\"},\"query-input\":\"required name=search_term_string\"}],\"inLanguage\":\"en-GB\"},{\"@type\":\"Organization\",\"@id\":\"https:\/\/www.investaura.co\/wordpress\/#organization\",\"name\":\"Investaura\",\"url\":\"https:\/\/www.investaura.co\/wordpress\/\",\"logo\":{\"@type\":\"ImageObject\",\"inLanguage\":\"en-GB\",\"@id\":\"https:\/\/www.investaura.co\/wordpress\/#\/schema\/logo\/image\/\",\"url\":\"https:\/\/i0.wp.com\/www.investaura.co\/wordpress\/wp-content\/uploads\/Logo-INVESTAURA_RGB-blau-e1450351498844.jpg?fit=256%2C90&ssl=1\",\"contentUrl\":\"https:\/\/i0.wp.com\/www.investaura.co\/wordpress\/wp-content\/uploads\/Logo-INVESTAURA_RGB-blau-e1450351498844.jpg?fit=256%2C90&ssl=1\",\"width\":256,\"height\":90,\"caption\":\"Investaura\"},\"image\":{\"@id\":\"https:\/\/www.investaura.co\/wordpress\/#\/schema\/logo\/image\/\"},\"sameAs\":[\"https:\/\/www.linkedin.com\/company\/1229653\"]}]}<\/script>\n<!-- \/ Yoast SEO plugin. -->","yoast_head_json":{"title":"Adaptive Insights Enterprise Performance Management | Investaura","robots":{"index":"index","follow":"follow","max-snippet":"max-snippet:-1","max-image-preview":"max-image-preview:large","max-video-preview":"max-video-preview:-1"},"canonical":"https:\/\/www.investaura.co\/wordpress\/nos-services\/performance-management-solutions\/adaptive-planning\/","og_locale":"en_GB","og_type":"article","og_title":"Adaptive Insights Enterprise Performance Management | Investaura","og_description":"Utilisez-vous encore Microsoft Excel pour l&#8217;\u00e9laboration budg\u00e9taire, la planification d&#8217;entreprise ou la gestion de la performance? Microsoft Excel \u00e9tait en g\u00e9n\u00e9ral suffisant pour ce type d&#8217;activit\u00e9s il y a 15-20 ans, mais l&#8217;outil Excel a aussi de nombreuses limites, et... Read More","og_url":"https:\/\/www.investaura.co\/wordpress\/nos-services\/performance-management-solutions\/adaptive-planning\/","og_site_name":"Investaura","article_modified_time":"2018-04-17T16:07:08+00:00","og_image":[{"width":1000,"height":732,"url":"https:\/\/i0.wp.com\/www.investaura.co\/wordpress\/wp-content\/uploads\/2016\/02\/shutterstock_247165378.jpg?fit=1000%2C732&ssl=1","type":"image\/jpeg"}],"twitter_card":"summary_large_image","twitter_misc":{"Estimated reading time":"2 minutes"},"schema":{"@context":"https:\/\/schema.org","@graph":[{"@type":"WebPage","@id":"https:\/\/www.investaura.co\/wordpress\/nos-services\/performance-management-solutions\/adaptive-planning\/","url":"https:\/\/www.investaura.co\/wordpress\/nos-services\/performance-management-solutions\/adaptive-planning\/","name":"Adaptive Insights Enterprise Performance Management | Investaura","isPartOf":{"@id":"https:\/\/www.investaura.co\/wordpress\/#website"},"datePublished":"2011-02-11T14:49:11+00:00","dateModified":"2018-04-17T16:07:08+00:00","breadcrumb":{"@id":"https:\/\/www.investaura.co\/wordpress\/nos-services\/performance-management-solutions\/adaptive-planning\/#breadcrumb"},"inLanguage":"en-GB","potentialAction":[{"@type":"ReadAction","target":["https:\/\/www.investaura.co\/wordpress\/nos-services\/performance-management-solutions\/adaptive-planning\/"]}]},{"@type":"BreadcrumbList","@id":"https:\/\/www.investaura.co\/wordpress\/nos-services\/performance-management-solutions\/adaptive-planning\/#breadcrumb","itemListElement":[{"@type":"ListItem","position":1,"name":"Home","item":"https:\/\/www.investaura.co\/wordpress\/"},{"@type":"ListItem","position":2,"name":"Services","item":"https:\/\/www.investaura.co\/wordpress\/nos-services\/"},{"@type":"ListItem","position":3,"name":"Pilotage de la performance","item":"https:\/\/www.investaura.co\/wordpress\/nos-services\/performance-management-solutions\/"},{"@type":"ListItem","position":4,"name":"Adaptive Insights Enterprise Performance Management"}]},{"@type":"WebSite","@id":"https:\/\/www.investaura.co\/wordpress\/#website","url":"https:\/\/www.investaura.co\/wordpress\/","name":"Investaura","description":"The Value Creation Consultants","publisher":{"@id":"https:\/\/www.investaura.co\/wordpress\/#organization"},"potentialAction":[{"@type":"SearchAction","target":{"@type":"EntryPoint","urlTemplate":"https:\/\/www.investaura.co\/wordpress\/?s={search_term_string}"},"query-input":"required name=search_term_string"}],"inLanguage":"en-GB"},{"@type":"Organization","@id":"https:\/\/www.investaura.co\/wordpress\/#organization","name":"Investaura","url":"https:\/\/www.investaura.co\/wordpress\/","logo":{"@type":"ImageObject","inLanguage":"en-GB","@id":"https:\/\/www.investaura.co\/wordpress\/#\/schema\/logo\/image\/","url":"https:\/\/i0.wp.com\/www.investaura.co\/wordpress\/wp-content\/uploads\/Logo-INVESTAURA_RGB-blau-e1450351498844.jpg?fit=256%2C90&ssl=1","contentUrl":"https:\/\/i0.wp.com\/www.investaura.co\/wordpress\/wp-content\/uploads\/Logo-INVESTAURA_RGB-blau-e1450351498844.jpg?fit=256%2C90&ssl=1","width":256,"height":90,"caption":"Investaura"},"image":{"@id":"https:\/\/www.investaura.co\/wordpress\/#\/schema\/logo\/image\/"},"sameAs":["https:\/\/www.linkedin.com\/company\/1229653"]}]}},"jetpack_shortlink":"https:\/\/wp.me\/P7ecno-1Ci","jetpack-related-posts":[{"id":5707,"url":"https:\/\/www.investaura.co\/wordpress\/boite-a-solutions\/budgetisation-et-previsions\/","url_meta":{"origin":6218,"position":0},"title":"Elaborations et pr\u00e9visions budg\u00e9taires","date":"March 2, 2016","format":false,"excerpt":"Investaura a r\u00e9cemment men\u00e9 \u00e0 bien un projet majeur d'\u00e9laboration budg\u00e9taire, de planification \u00e0 moyen terme, et de calcul des co\u00fbts des services pour un op\u00e9rateur t\u00e9l\u00e9com. L'\u00e9quipe responsable du budget \u00e9tait confront\u00e9e depuis longtemps aux limites de leur outil Excel, que personne ne comprenait plus vraiment et qui fournissait\u2026","rel":"","context":"Similar post","img":{"alt_text":"","src":"https:\/\/i0.wp.com\/www.investaura.co\/wordpress\/wp-content\/uploads\/2016\/03\/130614_Architecture.png?fit=1075%2C689&ssl=1&resize=350%2C200","width":350,"height":200},"classes":[]},{"id":5752,"url":"https:\/\/www.investaura.co\/wordpress\/nos-services\/conseil\/","url_meta":{"origin":6218,"position":1},"title":"Conseil en strat\u00e9gie","date":"September 8, 2010","format":false,"excerpt":"Nous menons des initiatives strat\u00e9giques, identifions des opportunit\u00e9s de cr\u00e9ation de valeur et travaillons avec les dirigeants de nos clients pour am\u00e9liorer la performances de l'entreprise \u00e0 court et \u00e0 moyen terme. Nos consultants sont des professionnels issus de l'industrie et sont dot\u00e9s d'une solide exp\u00e9rience op\u00e9rationnelle. Nous apportons une\u2026","rel":"","context":"Similar post","img":{"alt_text":"","src":"https:\/\/i0.wp.com\/www.investaura.co\/wordpress\/wp-content\/uploads\/2016\/02\/shutterstock_282394148_smaller.jpg?fit=1024%2C683&ssl=1&resize=350%2C200","width":350,"height":200},"classes":[]},{"id":6755,"url":"https:\/\/www.investaura.co\/wordpress\/nos-services\/business-planning-fr\/","url_meta":{"origin":6218,"position":2},"title":"Business Planning","date":"January 31, 2019","format":false,"excerpt":"Un grand nombre de gestionnaires participent \u00e0 la pr\u00e9paration de plans d'affaires, que ce soit dans une start-up, une soci\u00e9t\u00e9 mature ou dans un contexte de fusion-acquisition. Malheureusement, les r\u00e9sultats ne sont pas toujours convaincants. Investaura poss\u00e8de une vaste exp\u00e9rience dans le domaine de la planification financi\u00e8re. La pr\u00e9paration d'un\u2026","rel":"","context":"Similar post","img":{"alt_text":"","src":"https:\/\/i0.wp.com\/www.investaura.co\/wordpress\/wp-content\/uploads\/2010\/09\/shutterstock_251280265_smaller.jpg?fit=1024%2C678&ssl=1&resize=350%2C200","width":350,"height":200},"classes":[]},{"id":5698,"url":"https:\/\/www.investaura.co\/wordpress\/boite-a-solutions\/business-planification-evaluation\/","url_meta":{"origin":6218,"position":3},"title":"Business Planning et Valorisation d&#8217;entreprise","date":"March 2, 2016","format":false,"excerpt":"Un grand nombre de managers sont impliqu\u00e9s dans la pr\u00e9paration de Business Plans, que ce soit dans une start-up, une entreprise mature ou dans un contexte de fusions-acquisitions. Malheureusement, les r\u00e9sultats ne sont pas toujours convaincants, ni corrects! La pr\u00e9paration d'un Business Plan est une activit\u00e9 holistique qui exige non\u2026","rel":"","context":"Similar post","img":{"alt_text":"","src":"https:\/\/i0.wp.com\/www.investaura.co\/wordpress\/wp-content\/uploads\/2024\/07\/Business_Planning3.jpg?fit=1024%2C769&ssl=1&resize=350%2C200","width":350,"height":200},"classes":[]},{"id":5759,"url":"https:\/\/www.investaura.co\/wordpress\/nos-services\/performance-management-solutions\/","url_meta":{"origin":6218,"position":4},"title":"Pilotage de la performance","date":"September 9, 2010","format":false,"excerpt":"Investaura accompagne ses clients dans la mise en place d'applications puissantes de pilotage de la performance, tirant parti de son savoir-faire des meilleurs logiciels EPM et de son expertise dans l'industrie. L'impact pour les d\u00e9cideurs est de mieux comprendre ce qui se passe dans leur entreprise et de d\u00e9finir des\u2026","rel":"","context":"Similar post","img":{"alt_text":"","src":"https:\/\/i0.wp.com\/www.investaura.co\/wordpress\/wp-content\/uploads\/2010\/09\/shutterstock_251280265_smaller.jpg?fit=1024%2C678&ssl=1&resize=350%2C200","width":350,"height":200},"classes":[]},{"id":6305,"url":"https:\/\/www.investaura.co\/wordpress\/nos-services\/conseil\/corporate-finance\/","url_meta":{"origin":6218,"position":5},"title":"Corporate Finance","date":"March 26, 2015","format":false,"excerpt":"Nous fournissons une vaste gamme de services de Corporate Finance \u00e0 nos clients de l'industrie des TIC, notamment: Valorisation En finance, le succ\u00e8s est g\u00e9n\u00e9ralement jug\u00e9 en fonction de la cr\u00e9ation de valeur. Une bonne d\u00e9cision d'investissement est une d\u00e9cision qui entra\u00eene l'achat d'un bien r\u00e9el qui vaut plus que\u2026","rel":"","context":"Similar post","img":{"alt_text":"","src":"https:\/\/i0.wp.com\/www.investaura.co\/wordpress\/wp-content\/uploads\/2016\/02\/shutterstock_282394148_smaller.jpg?fit=1024%2C683&ssl=1&resize=350%2C200","width":350,"height":200},"classes":[]}],"jetpack_sharing_enabled":true,"_links":{"self":[{"href":"https:\/\/www.investaura.co\/wordpress\/wp-json\/wp\/v2\/pages\/6218"}],"collection":[{"href":"https:\/\/www.investaura.co\/wordpress\/wp-json\/wp\/v2\/pages"}],"about":[{"href":"https:\/\/www.investaura.co\/wordpress\/wp-json\/wp\/v2\/types\/page"}],"author":[{"embeddable":true,"href":"https:\/\/www.investaura.co\/wordpress\/wp-json\/wp\/v2\/users\/1"}],"replies":[{"embeddable":true,"href":"https:\/\/www.investaura.co\/wordpress\/wp-json\/wp\/v2\/comments?post=6218"}],"version-history":[{"count":13,"href":"https:\/\/www.investaura.co\/wordpress\/wp-json\/wp\/v2\/pages\/6218\/revisions"}],"predecessor-version":[{"id":6418,"href":"https:\/\/www.investaura.co\/wordpress\/wp-json\/wp\/v2\/pages\/6218\/revisions\/6418"}],"up":[{"embeddable":true,"href":"https:\/\/www.investaura.co\/wordpress\/wp-json\/wp\/v2\/pages\/5759"}],"wp:featuredmedia":[{"embeddable":true,"href":"https:\/\/www.investaura.co\/wordpress\/wp-json\/wp\/v2\/media\/4337"}],"wp:attachment":[{"href":"https:\/\/www.investaura.co\/wordpress\/wp-json\/wp\/v2\/media?parent=6218"}],"curies":[{"name":"wp","href":"https:\/\/api.w.org\/{rel}","templated":true}]}}