{"id":5760,"date":"2010-09-09T14:53:18","date_gmt":"2010-09-09T12:53:18","guid":{"rendered":"http:\/\/www.invest-aura.com\/wordpress\/?page_id=140"},"modified":"2025-05-13T12:54:11","modified_gmt":"2025-05-13T10:54:11","slug":"performance-management-losungen","status":"publish","type":"page","link":"https:\/\/www.investaura.co\/wordpress\/dienstleistungen\/performance-management-losungen\/","title":{"rendered":"Performance-Management"},"content":{"rendered":"<div>\n<p>Investaura bietet seinen Kunden leistungsf\u00e4hige Gesch\u00e4ftsanwendungen und nutzt dabei das Know-how der besten Softwareplattformen und die umfassende Expertise der Tech-Branche. Die Auswirkungen f\u00fcr die Kunden bestehen darin, besser zu verstehen, was in ihrem Gesch\u00e4ft vor sich geht, und Ma\u00dfnahmen zu ergreifen, um ihre Leistung zu verbessern.<\/p>\n<\/div>\n<p><!--more--><\/p>\n<p>Zus\u00e4tzlich zu den Excel-basierten L\u00f6sungen bieten wir L\u00f6sungen f\u00fcr das <strong>Enterprise Performance Management<\/strong> einschlie\u00dflich, <strong>Budgetierung, Planung, Prognose, Dashboarding und Reporting<\/strong> auf Basis der <a href=\"http:\/\/www.investaura.co\/dienstleistungen\/performance-management-losungen\/adaptive-planing\/\">Adaptive Insights<\/a> Software, eine kosteng\u00fcnstige und einfach zu bedienende Software-as-a-Service (SaaS) L\u00f6sung f\u00fcr mittlere und gro\u00dfe Unternehmen.<\/p>\n<p>F\u00fcr die <strong>Prozesskostenrechnung<\/strong>, die Ergebnisrechnung und das Prozessmanagement setzen wir die Softwarel\u00f6sungen von wir <a href=\"http:\/\/www.investaura.co\/dienstleistungen\/performance-management-losungen\/prodacapo-softwarelosungen\/\">Prodacapo<\/a> ein. Prodacapo erm\u00f6glicht seinen Kunden, die Rentabilit\u00e4t von Produkten, Dienstleistungen und Kunden zu verstehen; um Gesch\u00e4ftsprozesse zu verbessern; um die erbrachte Leistung zu messen; und um eine Strategie mit Balanced Scorecards zu entwickeln und auszuf\u00fchren.<\/p>\n<p style=\"text-align: center;\"><div id=\"metaslider-id-4389\" style=\"max-width: 480px; margin: 0 auto;\" class=\"ml-slider-3-90-0 metaslider metaslider-flex metaslider-4389 ml-slider ms-theme-default\" role=\"region\" aria-roledescription=\"Slideshow\" aria-label=\"EPM\">\n    <div id=\"metaslider_container_4389\">\n        <div id=\"metaslider_4389\" class=\"flexslider\">\n            <ul class='slides'>\n                <li style=\"display: block; width: 100%;\" class=\"slide-6092 ms-image \" aria-roledescription=\"slide\" aria-label=\"slide-6092\"><img width=\"607\" height=\"497\" src=\"https:\/\/i0.wp.com\/www.investaura.co\/wordpress\/wp-content\/uploads\/2011\/02\/Adaptive_Insights_Suite.jpg?fit=607%2C497&amp;ssl=1\" class=\"slider-4389 slide-6092\" alt=\"\" decoding=\"async\" loading=\"lazy\" rel=\"\" title=\"Adaptive_Insights_Suite\" srcset=\"https:\/\/i0.wp.com\/www.investaura.co\/wordpress\/wp-content\/uploads\/2011\/02\/Adaptive_Insights_Suite.jpg?w=607&amp;ssl=1 607w, https:\/\/i0.wp.com\/www.investaura.co\/wordpress\/wp-content\/uploads\/2011\/02\/Adaptive_Insights_Suite.jpg?resize=300%2C245&amp;ssl=1 300w\" sizes=\"(max-width: 607px) 100vw, 607px\" data-attachment-id=\"1801\" data-permalink=\"https:\/\/www.investaura.co\/wordpress\/services\/performance-management-solutions\/adaptive-planning\/adaptive_insights_suite\/\" data-orig-file=\"https:\/\/i0.wp.com\/www.investaura.co\/wordpress\/wp-content\/uploads\/2011\/02\/Adaptive_Insights_Suite.jpg?fit=607%2C497&amp;ssl=1\" data-orig-size=\"607,497\" data-comments-opened=\"1\" data-image-meta=\"{&quot;aperture&quot;:&quot;0&quot;,&quot;credit&quot;:&quot;&quot;,&quot;camera&quot;:&quot;&quot;,&quot;caption&quot;:&quot;&quot;,&quot;created_timestamp&quot;:&quot;0&quot;,&quot;copyright&quot;:&quot;&quot;,&quot;focal_length&quot;:&quot;0&quot;,&quot;iso&quot;:&quot;0&quot;,&quot;shutter_speed&quot;:&quot;0&quot;,&quot;title&quot;:&quot;&quot;}\" data-image-title=\"Adaptive_Insights_Suite\" data-image-description=\"\" data-image-caption=\"&lt;p&gt;Modular suite, including Planning, Consolidation, BI and reporting&lt;\/p&gt;\n\" data-medium-file=\"https:\/\/i0.wp.com\/www.investaura.co\/wordpress\/wp-content\/uploads\/2011\/02\/Adaptive_Insights_Suite.jpg?fit=300%2C245&amp;ssl=1\" data-large-file=\"https:\/\/i0.wp.com\/www.investaura.co\/wordpress\/wp-content\/uploads\/2011\/02\/Adaptive_Insights_Suite.jpg?fit=607%2C497&amp;ssl=1\" \/><div class=\"caption-wrap\"><div class=\"caption\">Adaptive: Budgeting, Planning, Consolidation, BI and Reporting<\/div><\/div><\/li>\n                <li style=\"display: none; width: 100%;\" class=\"slide-2095 ms-image \" aria-roledescription=\"slide\" aria-label=\"slide-2095\"><img width=\"961\" height=\"594\" src=\"https:\/\/i0.wp.com\/www.investaura.co\/wordpress\/wp-content\/uploads\/2013\/09\/NOT_STEM_Model.png?fit=961%2C594&amp;ssl=1\" class=\"slider-4389 slide-2095\" alt=\"\" decoding=\"async\" loading=\"lazy\" rel=\"\" title=\"\" srcset=\"https:\/\/i0.wp.com\/www.investaura.co\/wordpress\/wp-content\/uploads\/2013\/09\/NOT_STEM_Model.png?w=961&amp;ssl=1 961w, https:\/\/i0.wp.com\/www.investaura.co\/wordpress\/wp-content\/uploads\/2013\/09\/NOT_STEM_Model.png?resize=300%2C185&amp;ssl=1 300w\" sizes=\"(max-width: 720px) 100vw, 720px\" data-attachment-id=\"2095\" data-permalink=\"https:\/\/www.investaura.co\/wordpress\/2013\/09\/re-visiting-the-financial-benefits-of-managed-services-and-infrastructure-sharing\/not_stem_model\/\" data-orig-file=\"https:\/\/i0.wp.com\/www.investaura.co\/wordpress\/wp-content\/uploads\/2013\/09\/NOT_STEM_Model.png?fit=961%2C594&amp;ssl=1\" data-orig-size=\"961,594\" data-comments-opened=\"1\" data-image-meta=\"{&quot;aperture&quot;:&quot;0&quot;,&quot;credit&quot;:&quot;&quot;,&quot;camera&quot;:&quot;&quot;,&quot;caption&quot;:&quot;&quot;,&quot;created_timestamp&quot;:&quot;0&quot;,&quot;copyright&quot;:&quot;&quot;,&quot;focal_length&quot;:&quot;0&quot;,&quot;iso&quot;:&quot;0&quot;,&quot;shutter_speed&quot;:&quot;0&quot;,&quot;title&quot;:&quot;&quot;}\" data-image-title=\"NetworkOperations_STEM_Model\" data-image-description=\"\" data-image-caption=\"&lt;p&gt;STEM: CapEx and OpEx Planning, TCO optimisation&lt;\/p&gt;\n\" data-medium-file=\"https:\/\/i0.wp.com\/www.investaura.co\/wordpress\/wp-content\/uploads\/2013\/09\/NOT_STEM_Model.png?fit=300%2C185&amp;ssl=1\" data-large-file=\"https:\/\/i0.wp.com\/www.investaura.co\/wordpress\/wp-content\/uploads\/2013\/09\/NOT_STEM_Model.png?fit=720%2C445&amp;ssl=1\" \/><div class=\"caption-wrap\"><div class=\"caption\">STEM: CapEx and OpEx Planning, TCO optimisation<\/div><\/div><\/li>\n                <li style=\"display: none; width: 100%;\" class=\"slide-2993 ms-image \" aria-roledescription=\"slide\" aria-label=\"slide-2993\"><img width=\"841\" height=\"587\" src=\"https:\/\/i0.wp.com\/www.investaura.co\/wordpress\/wp-content\/uploads\/Prodacapo1.png?fit=841%2C587&amp;ssl=1\" class=\"slider-4389 slide-2993\" alt=\"\" decoding=\"async\" loading=\"lazy\" rel=\"\" title=\"\" srcset=\"https:\/\/i0.wp.com\/www.investaura.co\/wordpress\/wp-content\/uploads\/Prodacapo1.png?w=841&amp;ssl=1 841w, https:\/\/i0.wp.com\/www.investaura.co\/wordpress\/wp-content\/uploads\/Prodacapo1.png?resize=300%2C209&amp;ssl=1 300w\" sizes=\"(max-width: 720px) 100vw, 720px\" data-attachment-id=\"2993\" data-permalink=\"https:\/\/www.investaura.co\/wordpress\/services\/performance-management-solutions\/prodacapo-software-solutions\/prodacapo1\/\" data-orig-file=\"https:\/\/i0.wp.com\/www.investaura.co\/wordpress\/wp-content\/uploads\/Prodacapo1.png?fit=841%2C587&amp;ssl=1\" data-orig-size=\"841,587\" data-comments-opened=\"0\" data-image-meta=\"{&quot;aperture&quot;:&quot;0&quot;,&quot;credit&quot;:&quot;&quot;,&quot;camera&quot;:&quot;&quot;,&quot;caption&quot;:&quot;&quot;,&quot;created_timestamp&quot;:&quot;0&quot;,&quot;copyright&quot;:&quot;&quot;,&quot;focal_length&quot;:&quot;0&quot;,&quot;iso&quot;:&quot;0&quot;,&quot;shutter_speed&quot;:&quot;0&quot;,&quot;title&quot;:&quot;&quot;}\" data-image-title=\"Prodacapo UI\" data-image-description=\"\" data-image-caption=\"&lt;p&gt;Prodacapo: Process Analysis, Costing and Profitability Management&lt;\/p&gt;\n\" data-medium-file=\"https:\/\/i0.wp.com\/www.investaura.co\/wordpress\/wp-content\/uploads\/Prodacapo1.png?fit=300%2C209&amp;ssl=1\" data-large-file=\"https:\/\/i0.wp.com\/www.investaura.co\/wordpress\/wp-content\/uploads\/Prodacapo1.png?fit=720%2C503&amp;ssl=1\" \/><div class=\"caption-wrap\"><div class=\"caption\">Prodacapo: Process Analysis, Costing and Profitability Management<\/div><\/div><\/li>\n            <\/ul>\n        <\/div>\n        \n    <\/div>\n<\/div><\/p>\n<p>&nbsp;<\/p>\n<p>Dar\u00fcber hinaus haben wir viele Implementierungen der <a href=\"http:\/\/www.investaura.co\/dienstleistungen\/performance-management-losungen\/stem-business-modellierung\/\">STEM<\/a> Software durchgef\u00fchrt &#8211; insbesondere f\u00fcr Telekom-Betreiber, die sie als System f\u00fcr die <strong>Servicekostenrechnung<\/strong> und <strong>Rentabilit\u00e4tsanalyse<\/strong> verwenden. Unsere Kunden berechnen sowohl die Durchschnitts- als auch die Grenzkosten von Dienstleistungen, messen aber auch Kosten, Rentabilit\u00e4t und Wertsch\u00f6pfung auf Kundensegmentbasis.<\/p>\n","protected":false},"excerpt":{"rendered":"<p>Investaura bietet seinen Kunden leistungsf\u00e4hige Gesch\u00e4ftsanwendungen und nutzt dabei das Know-how der besten Softwareplattformen und die umfassende Expertise der Tech-Branche. Die Auswirkungen f\u00fcr die Kunden bestehen darin, besser zu verstehen, was in ihrem Gesch\u00e4ft vor sich geht, und Ma\u00dfnahmen zu&#8230; <\/p>\n<div class=\"more-link-container\"><a class=\"more-link\" href=\"https:\/\/www.investaura.co\/wordpress\/dienstleistungen\/performance-management-losungen\/\">Read More<\/a><\/div>\n","protected":false},"author":1,"featured_media":4195,"parent":5749,"menu_order":25,"comment_status":"closed","ping_status":"closed","template":"","meta":{"jetpack_post_was_ever_published":false},"yoast_head":"<!-- This site is optimized with the Yoast SEO plugin v20.4 - https:\/\/yoast.com\/wordpress\/plugins\/seo\/ -->\n<title>Performance-Management | Investaura<\/title>\n<meta name=\"robots\" content=\"index, follow, max-snippet:-1, max-image-preview:large, max-video-preview:-1\" \/>\n<link rel=\"canonical\" href=\"https:\/\/www.investaura.co\/wordpress\/dienstleistungen\/performance-management-losungen\/\" \/>\n<meta property=\"og:locale\" content=\"en_GB\" \/>\n<meta property=\"og:type\" content=\"article\" \/>\n<meta property=\"og:title\" content=\"Performance-Management | Investaura\" \/>\n<meta property=\"og:description\" content=\"Investaura bietet seinen Kunden leistungsf\u00e4hige Gesch\u00e4ftsanwendungen und nutzt dabei das Know-how der besten Softwareplattformen und die umfassende Expertise der Tech-Branche. Die Auswirkungen f\u00fcr die Kunden bestehen darin, besser zu verstehen, was in ihrem Gesch\u00e4ft vor sich geht, und Ma\u00dfnahmen zu... Read More\" \/>\n<meta property=\"og:url\" content=\"https:\/\/www.investaura.co\/wordpress\/dienstleistungen\/performance-management-losungen\/\" \/>\n<meta property=\"og:site_name\" content=\"Investaura\" \/>\n<meta property=\"article:modified_time\" content=\"2025-05-13T10:54:11+00:00\" \/>\n<meta property=\"og:image\" content=\"https:\/\/www.investaura.co\/wordpress\/wp-content\/uploads\/2010\/09\/shutterstock_251280265_smaller.jpg\" \/>\n\t<meta property=\"og:image:width\" content=\"1024\" \/>\n\t<meta property=\"og:image:height\" content=\"678\" \/>\n\t<meta property=\"og:image:type\" content=\"image\/jpeg\" \/>\n<meta name=\"twitter:card\" content=\"summary_large_image\" \/>\n<meta name=\"twitter:label1\" content=\"Estimated reading time\" \/>\n\t<meta name=\"twitter:data1\" content=\"1 minute\" \/>\n<script type=\"application\/ld+json\" class=\"yoast-schema-graph\">{\"@context\":\"https:\/\/schema.org\",\"@graph\":[{\"@type\":\"WebPage\",\"@id\":\"https:\/\/www.investaura.co\/wordpress\/dienstleistungen\/performance-management-losungen\/\",\"url\":\"https:\/\/www.investaura.co\/wordpress\/dienstleistungen\/performance-management-losungen\/\",\"name\":\"Performance-Management | Investaura\",\"isPartOf\":{\"@id\":\"https:\/\/www.investaura.co\/wordpress\/#website\"},\"datePublished\":\"2010-09-09T12:53:18+00:00\",\"dateModified\":\"2025-05-13T10:54:11+00:00\",\"breadcrumb\":{\"@id\":\"https:\/\/www.investaura.co\/wordpress\/dienstleistungen\/performance-management-losungen\/#breadcrumb\"},\"inLanguage\":\"en-GB\",\"potentialAction\":[{\"@type\":\"ReadAction\",\"target\":[\"https:\/\/www.investaura.co\/wordpress\/dienstleistungen\/performance-management-losungen\/\"]}]},{\"@type\":\"BreadcrumbList\",\"@id\":\"https:\/\/www.investaura.co\/wordpress\/dienstleistungen\/performance-management-losungen\/#breadcrumb\",\"itemListElement\":[{\"@type\":\"ListItem\",\"position\":1,\"name\":\"Home\",\"item\":\"https:\/\/www.investaura.co\/wordpress\/\"},{\"@type\":\"ListItem\",\"position\":2,\"name\":\"Leistungen\",\"item\":\"https:\/\/www.investaura.co\/wordpress\/dienstleistungen\/\"},{\"@type\":\"ListItem\",\"position\":3,\"name\":\"Performance-Management\"}]},{\"@type\":\"WebSite\",\"@id\":\"https:\/\/www.investaura.co\/wordpress\/#website\",\"url\":\"https:\/\/www.investaura.co\/wordpress\/\",\"name\":\"Investaura\",\"description\":\"The Value Creation Consultants\",\"publisher\":{\"@id\":\"https:\/\/www.investaura.co\/wordpress\/#organization\"},\"potentialAction\":[{\"@type\":\"SearchAction\",\"target\":{\"@type\":\"EntryPoint\",\"urlTemplate\":\"https:\/\/www.investaura.co\/wordpress\/?s={search_term_string}\"},\"query-input\":\"required name=search_term_string\"}],\"inLanguage\":\"en-GB\"},{\"@type\":\"Organization\",\"@id\":\"https:\/\/www.investaura.co\/wordpress\/#organization\",\"name\":\"Investaura\",\"url\":\"https:\/\/www.investaura.co\/wordpress\/\",\"logo\":{\"@type\":\"ImageObject\",\"inLanguage\":\"en-GB\",\"@id\":\"https:\/\/www.investaura.co\/wordpress\/#\/schema\/logo\/image\/\",\"url\":\"https:\/\/i0.wp.com\/www.investaura.co\/wordpress\/wp-content\/uploads\/Logo-INVESTAURA_RGB-blau-e1450351498844.jpg?fit=256%2C90&ssl=1\",\"contentUrl\":\"https:\/\/i0.wp.com\/www.investaura.co\/wordpress\/wp-content\/uploads\/Logo-INVESTAURA_RGB-blau-e1450351498844.jpg?fit=256%2C90&ssl=1\",\"width\":256,\"height\":90,\"caption\":\"Investaura\"},\"image\":{\"@id\":\"https:\/\/www.investaura.co\/wordpress\/#\/schema\/logo\/image\/\"},\"sameAs\":[\"https:\/\/www.linkedin.com\/company\/1229653\"]}]}<\/script>\n<!-- \/ Yoast SEO plugin. -->","yoast_head_json":{"title":"Performance-Management | Investaura","robots":{"index":"index","follow":"follow","max-snippet":"max-snippet:-1","max-image-preview":"max-image-preview:large","max-video-preview":"max-video-preview:-1"},"canonical":"https:\/\/www.investaura.co\/wordpress\/dienstleistungen\/performance-management-losungen\/","og_locale":"en_GB","og_type":"article","og_title":"Performance-Management | Investaura","og_description":"Investaura bietet seinen Kunden leistungsf\u00e4hige Gesch\u00e4ftsanwendungen und nutzt dabei das Know-how der besten Softwareplattformen und die umfassende Expertise der Tech-Branche. Die Auswirkungen f\u00fcr die Kunden bestehen darin, besser zu verstehen, was in ihrem Gesch\u00e4ft vor sich geht, und Ma\u00dfnahmen zu... Read More","og_url":"https:\/\/www.investaura.co\/wordpress\/dienstleistungen\/performance-management-losungen\/","og_site_name":"Investaura","article_modified_time":"2025-05-13T10:54:11+00:00","og_image":[{"width":1024,"height":678,"url":"https:\/\/www.investaura.co\/wordpress\/wp-content\/uploads\/2010\/09\/shutterstock_251280265_smaller.jpg","type":"image\/jpeg"}],"twitter_card":"summary_large_image","twitter_misc":{"Estimated reading time":"1 minute"},"schema":{"@context":"https:\/\/schema.org","@graph":[{"@type":"WebPage","@id":"https:\/\/www.investaura.co\/wordpress\/dienstleistungen\/performance-management-losungen\/","url":"https:\/\/www.investaura.co\/wordpress\/dienstleistungen\/performance-management-losungen\/","name":"Performance-Management | Investaura","isPartOf":{"@id":"https:\/\/www.investaura.co\/wordpress\/#website"},"datePublished":"2010-09-09T12:53:18+00:00","dateModified":"2025-05-13T10:54:11+00:00","breadcrumb":{"@id":"https:\/\/www.investaura.co\/wordpress\/dienstleistungen\/performance-management-losungen\/#breadcrumb"},"inLanguage":"en-GB","potentialAction":[{"@type":"ReadAction","target":["https:\/\/www.investaura.co\/wordpress\/dienstleistungen\/performance-management-losungen\/"]}]},{"@type":"BreadcrumbList","@id":"https:\/\/www.investaura.co\/wordpress\/dienstleistungen\/performance-management-losungen\/#breadcrumb","itemListElement":[{"@type":"ListItem","position":1,"name":"Home","item":"https:\/\/www.investaura.co\/wordpress\/"},{"@type":"ListItem","position":2,"name":"Leistungen","item":"https:\/\/www.investaura.co\/wordpress\/dienstleistungen\/"},{"@type":"ListItem","position":3,"name":"Performance-Management"}]},{"@type":"WebSite","@id":"https:\/\/www.investaura.co\/wordpress\/#website","url":"https:\/\/www.investaura.co\/wordpress\/","name":"Investaura","description":"The Value Creation Consultants","publisher":{"@id":"https:\/\/www.investaura.co\/wordpress\/#organization"},"potentialAction":[{"@type":"SearchAction","target":{"@type":"EntryPoint","urlTemplate":"https:\/\/www.investaura.co\/wordpress\/?s={search_term_string}"},"query-input":"required name=search_term_string"}],"inLanguage":"en-GB"},{"@type":"Organization","@id":"https:\/\/www.investaura.co\/wordpress\/#organization","name":"Investaura","url":"https:\/\/www.investaura.co\/wordpress\/","logo":{"@type":"ImageObject","inLanguage":"en-GB","@id":"https:\/\/www.investaura.co\/wordpress\/#\/schema\/logo\/image\/","url":"https:\/\/i0.wp.com\/www.investaura.co\/wordpress\/wp-content\/uploads\/Logo-INVESTAURA_RGB-blau-e1450351498844.jpg?fit=256%2C90&ssl=1","contentUrl":"https:\/\/i0.wp.com\/www.investaura.co\/wordpress\/wp-content\/uploads\/Logo-INVESTAURA_RGB-blau-e1450351498844.jpg?fit=256%2C90&ssl=1","width":256,"height":90,"caption":"Investaura"},"image":{"@id":"https:\/\/www.investaura.co\/wordpress\/#\/schema\/logo\/image\/"},"sameAs":["https:\/\/www.linkedin.com\/company\/1229653"]}]}},"jetpack_shortlink":"https:\/\/wp.me\/P7ecno-1uU","jetpack-related-posts":[{"id":6226,"url":"https:\/\/www.investaura.co\/wordpress\/dienstleistungen\/performance-management-losungen\/assoziierte-unternehmen\/","url_meta":{"origin":5760,"position":0},"title":"Trusted Software-Partner","date":"September 9, 2010","format":false,"excerpt":"Investaura Management Consultants hat 3 Softwareanbieter ausgew\u00e4hlt, die das eigene Kerngesch\u00e4ft erg\u00e4nzen und mit denen wir ausgezeichnete Beziehungen unterhalten: Prodacapo bietet Softwarel\u00f6sungen f\u00fcr die Prozesskostenrechnung und -verbesserung.\u00a0Die Prodacapo-Suite enth\u00e4lt Anwendungen f\u00fcr das aktivit\u00e4tsbasierte Management, Rentabilit\u00e4tsanalysen, Planung, Balanced Scorecard und Prozessmanagement.\u00a0Die Software und Methodik des Unternehmens basiert auf 20 Jahren Erfahrung,\u2026","rel":"","context":"Similar post","img":{"alt_text":"","src":"https:\/\/i0.wp.com\/www.investaura.co\/wordpress\/wp-content\/uploads\/2016\/02\/shutterstock_247165378.jpg?fit=1000%2C732&ssl=1&resize=350%2C200","width":350,"height":200},"classes":[]},{"id":5704,"url":"https:\/\/www.investaura.co\/wordpress\/losungen\/kunde-produkt-kalkulation-rentabilitat-analyse\/","url_meta":{"origin":5760,"position":1},"title":"Prozesskostenrechnung und Wirtschaftlichkeitsanalyse von Produkten und Kunden","date":"February 1, 2018","format":false,"excerpt":"Investaura freut sich, sein neues Whitepaper zur Prozesskostenrechnung und Rentabilit\u00e4tsanalyse vorstellen zu k\u00f6nnen, das eine Schritt-f\u00fcr-Schritt-Roadmap f\u00fcr eine erfolgreiche Implementierung \u00fcber einen Zeitraum von 5 Wochen bietet. Service Costing hat den Ruf, dass es kompliziert und zeitaufw\u00e4ndig zu implementieren ist. Es muss nicht so sein. Unter Verwendung des eTOM-Gesch\u00e4ftsprozess-Frameworks f\u00fcr\u2026","rel":"","context":"Similar post","img":{"alt_text":"","src":"https:\/\/i0.wp.com\/www.investaura.co\/wordpress\/wp-content\/uploads\/2018\/02\/tracings.png?fit=1200%2C576&ssl=1&resize=350%2C200","width":350,"height":200},"classes":[]},{"id":6308,"url":"https:\/\/www.investaura.co\/wordpress\/dienstleistungen\/beratung\/leistungsmanagement\/","url_meta":{"origin":5760,"position":2},"title":"Performance Management","date":"September 9, 2010","format":false,"excerpt":"Investaura entwickelt leistungsstarke Gesch\u00e4ftsanwendungen f\u00fcr seine Kunden und nutzt dabei sein Know-how f\u00fcr erstklassige Softwareplattformen und seine umfassende ICT-Branchenexpertise. Der Einfluss f\u00fcr die Kunden besteht darin, besser zu verstehen, was in ihrem Gesch\u00e4ft passiert - Business Intelligence - und Ma\u00dfnahmen zu ergreifen, um die Leistung zu verbessern - Performance Management.\u2026","rel":"","context":"Similar post","img":{"alt_text":"","src":"https:\/\/i0.wp.com\/www.investaura.co\/wordpress\/wp-content\/uploads\/2016\/02\/shutterstock_282394148_smaller.jpg?fit=1024%2C683&ssl=1&resize=350%2C200","width":350,"height":200},"classes":[]},{"id":6221,"url":"https:\/\/www.investaura.co\/wordpress\/dienstleistungen\/performance-management-losungen\/prodacapo-softwarelosungen\/","url_meta":{"origin":5760,"position":3},"title":"Prodacapo Softwarel\u00f6sungen","date":"September 30, 2014","format":false,"excerpt":"In den L\u00f6sungen von Investaura ist Prodacapo enthalten, ein f\u00fchrendes Managementsystem, mit dem Ihre Mitarbeiter echte Leistungsverbesserungen erzielen k\u00f6nnen. Prodacapos Angebot: Strategie entwickeln und durchf\u00fchren, Verst\u00e4ndnis der tats\u00e4chlichen Produkt-, Service- und Kundenprofitabilit\u00e4t, Verbesserung der Gesch\u00e4ftsprozesse, Optimierung der Ressourcenzuweisung Verwalten von Initiativen, um bessere Ergebnisse zu erzielen. Die L\u00f6sung l\u00e4sst sich\u2026","rel":"","context":"Similar post","img":{"alt_text":"","src":"https:\/\/i0.wp.com\/www.investaura.co\/wordpress\/wp-content\/uploads\/2016\/02\/shutterstock_247165378.jpg?fit=1000%2C732&ssl=1&resize=350%2C200","width":350,"height":200},"classes":[]},{"id":5674,"url":"https:\/\/www.investaura.co\/wordpress\/de\/","url_meta":{"origin":5760,"position":4},"title":"Strategieumsetzung und Gesch\u00e4ftstransformation","date":"September 8, 2010","format":false,"excerpt":"Wir sind eine Gruppe erfahrener Fachleute und arbeiten mit den Teams unserer Kunden zusammen, um deren Probleme zu l\u00f6sen, Innovationen zu entwickeln und einen erheblichen Mehrwert f\u00fcr ihr Unternehmen zu schaffen. Wir bringen eine unternehmerische Denkweise mit: Wir nehmen uns der Probleme unserer Kunden an und helfen ihnen, st\u00e4rkere und\u2026","rel":"","context":"Similar post","img":{"alt_text":"","src":"https:\/\/i0.wp.com\/www.investaura.co\/wordpress\/wp-content\/uploads\/2016\/05\/shutterstock_388284034_smaller.jpg?fit=980%2C654&ssl=1&resize=350%2C200","width":350,"height":200},"classes":[]},{"id":6268,"url":"https:\/\/www.investaura.co\/wordpress\/dienstleistungen\/mergers-and-acquisitions\/warum-investaura\/","url_meta":{"origin":5760,"position":5},"title":"Warum Investaura?","date":"March 24, 2015","format":false,"excerpt":"Investaura Berater sind Experten in der Kunst und Praxis von M&A-Engagements. Unsere Dienstleistungen sind ma\u00dfgeschneidert und entsprechen genau den Anforderungen unserer Kunden. Wir sind stolz folgende Vorteile anbieten zu k\u00f6nnen: Der Erfolg unserer Kunden ist unser Erfolg. Wir sind auf unsere Kunden ausgerichtet, weil wir selbst als Unternehmer denken und\u2026","rel":"","context":"Similar post","img":{"alt_text":"","src":"https:\/\/i0.wp.com\/www.investaura.co\/wordpress\/wp-content\/uploads\/shutterstock_139401482.jpg?fit=1000%2C554&ssl=1&resize=350%2C200","width":350,"height":200},"classes":[]}],"jetpack_sharing_enabled":true,"_links":{"self":[{"href":"https:\/\/www.investaura.co\/wordpress\/wp-json\/wp\/v2\/pages\/5760"}],"collection":[{"href":"https:\/\/www.investaura.co\/wordpress\/wp-json\/wp\/v2\/pages"}],"about":[{"href":"https:\/\/www.investaura.co\/wordpress\/wp-json\/wp\/v2\/types\/page"}],"author":[{"embeddable":true,"href":"https:\/\/www.investaura.co\/wordpress\/wp-json\/wp\/v2\/users\/1"}],"replies":[{"embeddable":true,"href":"https:\/\/www.investaura.co\/wordpress\/wp-json\/wp\/v2\/comments?post=5760"}],"version-history":[{"count":9,"href":"https:\/\/www.investaura.co\/wordpress\/wp-json\/wp\/v2\/pages\/5760\/revisions"}],"predecessor-version":[{"id":8158,"href":"https:\/\/www.investaura.co\/wordpress\/wp-json\/wp\/v2\/pages\/5760\/revisions\/8158"}],"up":[{"embeddable":true,"href":"https:\/\/www.investaura.co\/wordpress\/wp-json\/wp\/v2\/pages\/5749"}],"wp:featuredmedia":[{"embeddable":true,"href":"https:\/\/www.investaura.co\/wordpress\/wp-json\/wp\/v2\/media\/4195"}],"wp:attachment":[{"href":"https:\/\/www.investaura.co\/wordpress\/wp-json\/wp\/v2\/media?parent=5760"}],"curies":[{"name":"wp","href":"https:\/\/api.w.org\/{rel}","templated":true}]}}