{"id":5759,"date":"2010-09-09T14:53:18","date_gmt":"2010-09-09T12:53:18","guid":{"rendered":"http:\/\/www.invest-aura.com\/wordpress\/?page_id=140"},"modified":"2025-05-13T12:55:40","modified_gmt":"2025-05-13T10:55:40","slug":"performance-management-solutions","status":"publish","type":"page","link":"https:\/\/www.investaura.co\/wordpress\/nos-services\/performance-management-solutions\/","title":{"rendered":"Pilotage de la performance"},"content":{"rendered":"<div>\n<p>Investaura accompagne ses clients dans la mise en place d&#8217;applications puissantes de <strong>pilotage de la performance<\/strong>, tirant parti de son savoir-faire des meilleurs logiciels EPM et de son expertise dans l&#8217;industrie. L&#8217;impact pour les d\u00e9cideurs est de mieux comprendre ce qui se passe dans leur entreprise et de d\u00e9finir des mesures cibl\u00e9es pour am\u00e9liorer la performance.<\/p>\n<\/div>\n<p><!--more--><\/p>\n<p>Au del\u00e0 des solutions bas\u00e9es sur Microsoft Excel, nous fournissons des solutions de <strong>gestion de la performance d&#8217;entreprise (EPM)<\/strong> comprenant <strong>l&#8217;\u00e9laboration budg\u00e9taire, la planification, le pilotage des co\u00fbts et de la rentabilit\u00e9, les tableaux de bord et le reporting<\/strong>, bas\u00e9es sur <a href=\"http:\/\/www.investaura.co\/nos-services\/performance-management-solutions\/adaptive-planning\/\">Adaptive Insights<\/a>, une solution abordable et facile \u00e0 utiliser pour les moyennes et grandes entreprises.<\/p>\n<p>Pour l&#8217;<strong>Activity-Based Costing (ABC)<\/strong>, les analyses de rentabilit\u00e9 et l&#8217;am\u00e9lioration des processus, nous utilisons les solutions logicielles de <a href=\"http:\/\/www.investaura.co\/nos-services\/performance-management-solutions\/prodacapo-software-solutions\/\">Prodacapo<\/a>. La plateforme Prodacapo permet de comprendre la rentabilit\u00e9 r\u00e9elle des produits, des services et des clients; d&#8217;am\u00e9liorer les processus et r\u00e9duire leurs co\u00fbts; de mesurer la performance; et de d\u00e9velopper et d&#8217;impl\u00e9menter la strat\u00e9gie en utilisant des tableaux de bord du type &#8216;Balanced score cards&#8217;.<\/p>\n<p style=\"text-align: center;\"><div id=\"metaslider-id-4389\" style=\"max-width: 480px; margin: 0 auto;\" class=\"ml-slider-3-90-0 metaslider metaslider-flex metaslider-4389 ml-slider ms-theme-default\" role=\"region\" aria-roledescription=\"Slideshow\" aria-label=\"EPM\">\n    <div id=\"metaslider_container_4389\">\n        <div id=\"metaslider_4389\" class=\"flexslider\">\n            <ul class='slides'>\n                <li style=\"display: block; width: 100%;\" class=\"slide-6092 ms-image \" aria-roledescription=\"slide\" aria-label=\"slide-6092\"><img width=\"607\" height=\"497\" src=\"https:\/\/i0.wp.com\/www.investaura.co\/wordpress\/wp-content\/uploads\/2011\/02\/Adaptive_Insights_Suite.jpg?fit=607%2C497&amp;ssl=1\" class=\"slider-4389 slide-6092\" alt=\"\" decoding=\"async\" loading=\"lazy\" rel=\"\" title=\"Adaptive_Insights_Suite\" srcset=\"https:\/\/i0.wp.com\/www.investaura.co\/wordpress\/wp-content\/uploads\/2011\/02\/Adaptive_Insights_Suite.jpg?w=607&amp;ssl=1 607w, https:\/\/i0.wp.com\/www.investaura.co\/wordpress\/wp-content\/uploads\/2011\/02\/Adaptive_Insights_Suite.jpg?resize=300%2C245&amp;ssl=1 300w\" sizes=\"(max-width: 607px) 100vw, 607px\" data-attachment-id=\"1801\" data-permalink=\"https:\/\/www.investaura.co\/wordpress\/services\/performance-management-solutions\/adaptive-planning\/adaptive_insights_suite\/\" data-orig-file=\"https:\/\/i0.wp.com\/www.investaura.co\/wordpress\/wp-content\/uploads\/2011\/02\/Adaptive_Insights_Suite.jpg?fit=607%2C497&amp;ssl=1\" data-orig-size=\"607,497\" data-comments-opened=\"1\" data-image-meta=\"{&quot;aperture&quot;:&quot;0&quot;,&quot;credit&quot;:&quot;&quot;,&quot;camera&quot;:&quot;&quot;,&quot;caption&quot;:&quot;&quot;,&quot;created_timestamp&quot;:&quot;0&quot;,&quot;copyright&quot;:&quot;&quot;,&quot;focal_length&quot;:&quot;0&quot;,&quot;iso&quot;:&quot;0&quot;,&quot;shutter_speed&quot;:&quot;0&quot;,&quot;title&quot;:&quot;&quot;}\" data-image-title=\"Adaptive_Insights_Suite\" data-image-description=\"\" data-image-caption=\"&lt;p&gt;Modular suite, including Planning, Consolidation, BI and reporting&lt;\/p&gt;\n\" data-medium-file=\"https:\/\/i0.wp.com\/www.investaura.co\/wordpress\/wp-content\/uploads\/2011\/02\/Adaptive_Insights_Suite.jpg?fit=300%2C245&amp;ssl=1\" data-large-file=\"https:\/\/i0.wp.com\/www.investaura.co\/wordpress\/wp-content\/uploads\/2011\/02\/Adaptive_Insights_Suite.jpg?fit=607%2C497&amp;ssl=1\" \/><div class=\"caption-wrap\"><div class=\"caption\">Adaptive: Budgeting, Planning, Consolidation, BI and Reporting<\/div><\/div><\/li>\n                <li style=\"display: none; width: 100%;\" class=\"slide-2095 ms-image \" aria-roledescription=\"slide\" aria-label=\"slide-2095\"><img width=\"961\" height=\"594\" src=\"https:\/\/i0.wp.com\/www.investaura.co\/wordpress\/wp-content\/uploads\/2013\/09\/NOT_STEM_Model.png?fit=961%2C594&amp;ssl=1\" class=\"slider-4389 slide-2095\" alt=\"\" decoding=\"async\" loading=\"lazy\" rel=\"\" title=\"\" srcset=\"https:\/\/i0.wp.com\/www.investaura.co\/wordpress\/wp-content\/uploads\/2013\/09\/NOT_STEM_Model.png?w=961&amp;ssl=1 961w, https:\/\/i0.wp.com\/www.investaura.co\/wordpress\/wp-content\/uploads\/2013\/09\/NOT_STEM_Model.png?resize=300%2C185&amp;ssl=1 300w\" sizes=\"(max-width: 720px) 100vw, 720px\" data-attachment-id=\"2095\" data-permalink=\"https:\/\/www.investaura.co\/wordpress\/2013\/09\/re-visiting-the-financial-benefits-of-managed-services-and-infrastructure-sharing\/not_stem_model\/\" data-orig-file=\"https:\/\/i0.wp.com\/www.investaura.co\/wordpress\/wp-content\/uploads\/2013\/09\/NOT_STEM_Model.png?fit=961%2C594&amp;ssl=1\" data-orig-size=\"961,594\" data-comments-opened=\"1\" data-image-meta=\"{&quot;aperture&quot;:&quot;0&quot;,&quot;credit&quot;:&quot;&quot;,&quot;camera&quot;:&quot;&quot;,&quot;caption&quot;:&quot;&quot;,&quot;created_timestamp&quot;:&quot;0&quot;,&quot;copyright&quot;:&quot;&quot;,&quot;focal_length&quot;:&quot;0&quot;,&quot;iso&quot;:&quot;0&quot;,&quot;shutter_speed&quot;:&quot;0&quot;,&quot;title&quot;:&quot;&quot;}\" data-image-title=\"NetworkOperations_STEM_Model\" data-image-description=\"\" data-image-caption=\"&lt;p&gt;STEM: CapEx and OpEx Planning, TCO optimisation&lt;\/p&gt;\n\" data-medium-file=\"https:\/\/i0.wp.com\/www.investaura.co\/wordpress\/wp-content\/uploads\/2013\/09\/NOT_STEM_Model.png?fit=300%2C185&amp;ssl=1\" data-large-file=\"https:\/\/i0.wp.com\/www.investaura.co\/wordpress\/wp-content\/uploads\/2013\/09\/NOT_STEM_Model.png?fit=720%2C445&amp;ssl=1\" \/><div class=\"caption-wrap\"><div class=\"caption\">STEM: CapEx and OpEx Planning, TCO optimisation<\/div><\/div><\/li>\n                <li style=\"display: none; width: 100%;\" class=\"slide-2993 ms-image \" aria-roledescription=\"slide\" aria-label=\"slide-2993\"><img width=\"841\" height=\"587\" src=\"https:\/\/i0.wp.com\/www.investaura.co\/wordpress\/wp-content\/uploads\/Prodacapo1.png?fit=841%2C587&amp;ssl=1\" class=\"slider-4389 slide-2993\" alt=\"\" decoding=\"async\" loading=\"lazy\" rel=\"\" title=\"\" srcset=\"https:\/\/i0.wp.com\/www.investaura.co\/wordpress\/wp-content\/uploads\/Prodacapo1.png?w=841&amp;ssl=1 841w, https:\/\/i0.wp.com\/www.investaura.co\/wordpress\/wp-content\/uploads\/Prodacapo1.png?resize=300%2C209&amp;ssl=1 300w\" sizes=\"(max-width: 720px) 100vw, 720px\" data-attachment-id=\"2993\" data-permalink=\"https:\/\/www.investaura.co\/wordpress\/services\/performance-management-solutions\/prodacapo-software-solutions\/prodacapo1\/\" data-orig-file=\"https:\/\/i0.wp.com\/www.investaura.co\/wordpress\/wp-content\/uploads\/Prodacapo1.png?fit=841%2C587&amp;ssl=1\" data-orig-size=\"841,587\" data-comments-opened=\"0\" data-image-meta=\"{&quot;aperture&quot;:&quot;0&quot;,&quot;credit&quot;:&quot;&quot;,&quot;camera&quot;:&quot;&quot;,&quot;caption&quot;:&quot;&quot;,&quot;created_timestamp&quot;:&quot;0&quot;,&quot;copyright&quot;:&quot;&quot;,&quot;focal_length&quot;:&quot;0&quot;,&quot;iso&quot;:&quot;0&quot;,&quot;shutter_speed&quot;:&quot;0&quot;,&quot;title&quot;:&quot;&quot;}\" data-image-title=\"Prodacapo UI\" data-image-description=\"\" data-image-caption=\"&lt;p&gt;Prodacapo: Process Analysis, Costing and Profitability Management&lt;\/p&gt;\n\" data-medium-file=\"https:\/\/i0.wp.com\/www.investaura.co\/wordpress\/wp-content\/uploads\/Prodacapo1.png?fit=300%2C209&amp;ssl=1\" data-large-file=\"https:\/\/i0.wp.com\/www.investaura.co\/wordpress\/wp-content\/uploads\/Prodacapo1.png?fit=720%2C503&amp;ssl=1\" \/><div class=\"caption-wrap\"><div class=\"caption\">Prodacapo: Process Analysis, Costing and Profitability Management<\/div><\/div><\/li>\n            <\/ul>\n        <\/div>\n        \n    <\/div>\n<\/div><\/p>\n<p>&nbsp;<\/p>\n<p>En outre, nous avons effectu\u00e9 de nombreux d\u00e9ploiements du logiciel <a href=\"http:\/\/www.investaura.co\/nos-services\/performance-management-solutions\/stem-business-modeling\/\">STEM<\/a>, par exemple pour les op\u00e9rateurs t\u00e9l\u00e9coms, qui l&#8217;utilisent notamment comme <strong>syst\u00e8me d&#8217;analyse des co\u00fbts<\/strong> et de <strong>rentabilit\u00e9 des r\u00e9seaux et des services<\/strong>. Nos clients calculent \u00e0 la fois les co\u00fbts moyens (Fully Allocated Costs) et marginaux (Long-Run Incremental Costs) de leurs produits, mais aussi mesurent le co\u00fbt, la rentabilit\u00e9 et la cr\u00e9ation de valeur par produit et par segment d&#8217;abonn\u00e9s.<\/p>\n","protected":false},"excerpt":{"rendered":"<p>Investaura accompagne ses clients dans la mise en place d&#8217;applications puissantes de pilotage de la performance, tirant parti de son savoir-faire des meilleurs logiciels EPM et de son expertise dans l&#8217;industrie. L&#8217;impact pour les d\u00e9cideurs est de mieux comprendre ce&#8230; <\/p>\n<div class=\"more-link-container\"><a class=\"more-link\" href=\"https:\/\/www.investaura.co\/wordpress\/nos-services\/performance-management-solutions\/\">Read More<\/a><\/div>\n","protected":false},"author":1,"featured_media":4195,"parent":5748,"menu_order":25,"comment_status":"closed","ping_status":"closed","template":"","meta":{"jetpack_post_was_ever_published":false},"yoast_head":"<!-- This site is optimized with the Yoast SEO plugin v20.4 - https:\/\/yoast.com\/wordpress\/plugins\/seo\/ -->\n<title>Pilotage de la performance | Investaura<\/title>\n<meta name=\"robots\" content=\"index, follow, max-snippet:-1, max-image-preview:large, max-video-preview:-1\" \/>\n<link rel=\"canonical\" href=\"https:\/\/www.investaura.co\/wordpress\/nos-services\/performance-management-solutions\/\" \/>\n<meta property=\"og:locale\" content=\"en_GB\" \/>\n<meta property=\"og:type\" content=\"article\" \/>\n<meta property=\"og:title\" content=\"Pilotage de la performance | Investaura\" \/>\n<meta property=\"og:description\" content=\"Investaura accompagne ses clients dans la mise en place d&#8217;applications puissantes de pilotage de la performance, tirant parti de son savoir-faire des meilleurs logiciels EPM et de son expertise dans l&#8217;industrie. L&#8217;impact pour les d\u00e9cideurs est de mieux comprendre ce... Read More\" \/>\n<meta property=\"og:url\" content=\"https:\/\/www.investaura.co\/wordpress\/nos-services\/performance-management-solutions\/\" \/>\n<meta property=\"og:site_name\" content=\"Investaura\" \/>\n<meta property=\"article:modified_time\" content=\"2025-05-13T10:55:40+00:00\" \/>\n<meta property=\"og:image\" content=\"https:\/\/www.investaura.co\/wordpress\/wp-content\/uploads\/2010\/09\/shutterstock_251280265_smaller.jpg\" \/>\n\t<meta property=\"og:image:width\" content=\"1024\" \/>\n\t<meta property=\"og:image:height\" content=\"678\" \/>\n\t<meta property=\"og:image:type\" content=\"image\/jpeg\" \/>\n<meta name=\"twitter:card\" content=\"summary_large_image\" \/>\n<meta name=\"twitter:label1\" content=\"Estimated reading time\" \/>\n\t<meta name=\"twitter:data1\" content=\"2 minutes\" \/>\n<script type=\"application\/ld+json\" class=\"yoast-schema-graph\">{\"@context\":\"https:\/\/schema.org\",\"@graph\":[{\"@type\":\"WebPage\",\"@id\":\"https:\/\/www.investaura.co\/wordpress\/nos-services\/performance-management-solutions\/\",\"url\":\"https:\/\/www.investaura.co\/wordpress\/nos-services\/performance-management-solutions\/\",\"name\":\"Pilotage de la performance | Investaura\",\"isPartOf\":{\"@id\":\"https:\/\/www.investaura.co\/wordpress\/#website\"},\"datePublished\":\"2010-09-09T12:53:18+00:00\",\"dateModified\":\"2025-05-13T10:55:40+00:00\",\"breadcrumb\":{\"@id\":\"https:\/\/www.investaura.co\/wordpress\/nos-services\/performance-management-solutions\/#breadcrumb\"},\"inLanguage\":\"en-GB\",\"potentialAction\":[{\"@type\":\"ReadAction\",\"target\":[\"https:\/\/www.investaura.co\/wordpress\/nos-services\/performance-management-solutions\/\"]}]},{\"@type\":\"BreadcrumbList\",\"@id\":\"https:\/\/www.investaura.co\/wordpress\/nos-services\/performance-management-solutions\/#breadcrumb\",\"itemListElement\":[{\"@type\":\"ListItem\",\"position\":1,\"name\":\"Home\",\"item\":\"https:\/\/www.investaura.co\/wordpress\/\"},{\"@type\":\"ListItem\",\"position\":2,\"name\":\"Services\",\"item\":\"https:\/\/www.investaura.co\/wordpress\/nos-services\/\"},{\"@type\":\"ListItem\",\"position\":3,\"name\":\"Pilotage de la performance\"}]},{\"@type\":\"WebSite\",\"@id\":\"https:\/\/www.investaura.co\/wordpress\/#website\",\"url\":\"https:\/\/www.investaura.co\/wordpress\/\",\"name\":\"Investaura\",\"description\":\"The Value Creation Consultants\",\"publisher\":{\"@id\":\"https:\/\/www.investaura.co\/wordpress\/#organization\"},\"potentialAction\":[{\"@type\":\"SearchAction\",\"target\":{\"@type\":\"EntryPoint\",\"urlTemplate\":\"https:\/\/www.investaura.co\/wordpress\/?s={search_term_string}\"},\"query-input\":\"required name=search_term_string\"}],\"inLanguage\":\"en-GB\"},{\"@type\":\"Organization\",\"@id\":\"https:\/\/www.investaura.co\/wordpress\/#organization\",\"name\":\"Investaura\",\"url\":\"https:\/\/www.investaura.co\/wordpress\/\",\"logo\":{\"@type\":\"ImageObject\",\"inLanguage\":\"en-GB\",\"@id\":\"https:\/\/www.investaura.co\/wordpress\/#\/schema\/logo\/image\/\",\"url\":\"https:\/\/i0.wp.com\/www.investaura.co\/wordpress\/wp-content\/uploads\/Logo-INVESTAURA_RGB-blau-e1450351498844.jpg?fit=256%2C90&ssl=1\",\"contentUrl\":\"https:\/\/i0.wp.com\/www.investaura.co\/wordpress\/wp-content\/uploads\/Logo-INVESTAURA_RGB-blau-e1450351498844.jpg?fit=256%2C90&ssl=1\",\"width\":256,\"height\":90,\"caption\":\"Investaura\"},\"image\":{\"@id\":\"https:\/\/www.investaura.co\/wordpress\/#\/schema\/logo\/image\/\"},\"sameAs\":[\"https:\/\/www.linkedin.com\/company\/1229653\"]}]}<\/script>\n<!-- \/ Yoast SEO plugin. -->","yoast_head_json":{"title":"Pilotage de la performance | Investaura","robots":{"index":"index","follow":"follow","max-snippet":"max-snippet:-1","max-image-preview":"max-image-preview:large","max-video-preview":"max-video-preview:-1"},"canonical":"https:\/\/www.investaura.co\/wordpress\/nos-services\/performance-management-solutions\/","og_locale":"en_GB","og_type":"article","og_title":"Pilotage de la performance | Investaura","og_description":"Investaura accompagne ses clients dans la mise en place d&#8217;applications puissantes de pilotage de la performance, tirant parti de son savoir-faire des meilleurs logiciels EPM et de son expertise dans l&#8217;industrie. L&#8217;impact pour les d\u00e9cideurs est de mieux comprendre ce... Read More","og_url":"https:\/\/www.investaura.co\/wordpress\/nos-services\/performance-management-solutions\/","og_site_name":"Investaura","article_modified_time":"2025-05-13T10:55:40+00:00","og_image":[{"width":1024,"height":678,"url":"https:\/\/www.investaura.co\/wordpress\/wp-content\/uploads\/2010\/09\/shutterstock_251280265_smaller.jpg","type":"image\/jpeg"}],"twitter_card":"summary_large_image","twitter_misc":{"Estimated reading time":"2 minutes"},"schema":{"@context":"https:\/\/schema.org","@graph":[{"@type":"WebPage","@id":"https:\/\/www.investaura.co\/wordpress\/nos-services\/performance-management-solutions\/","url":"https:\/\/www.investaura.co\/wordpress\/nos-services\/performance-management-solutions\/","name":"Pilotage de la performance | Investaura","isPartOf":{"@id":"https:\/\/www.investaura.co\/wordpress\/#website"},"datePublished":"2010-09-09T12:53:18+00:00","dateModified":"2025-05-13T10:55:40+00:00","breadcrumb":{"@id":"https:\/\/www.investaura.co\/wordpress\/nos-services\/performance-management-solutions\/#breadcrumb"},"inLanguage":"en-GB","potentialAction":[{"@type":"ReadAction","target":["https:\/\/www.investaura.co\/wordpress\/nos-services\/performance-management-solutions\/"]}]},{"@type":"BreadcrumbList","@id":"https:\/\/www.investaura.co\/wordpress\/nos-services\/performance-management-solutions\/#breadcrumb","itemListElement":[{"@type":"ListItem","position":1,"name":"Home","item":"https:\/\/www.investaura.co\/wordpress\/"},{"@type":"ListItem","position":2,"name":"Services","item":"https:\/\/www.investaura.co\/wordpress\/nos-services\/"},{"@type":"ListItem","position":3,"name":"Pilotage de la performance"}]},{"@type":"WebSite","@id":"https:\/\/www.investaura.co\/wordpress\/#website","url":"https:\/\/www.investaura.co\/wordpress\/","name":"Investaura","description":"The Value Creation Consultants","publisher":{"@id":"https:\/\/www.investaura.co\/wordpress\/#organization"},"potentialAction":[{"@type":"SearchAction","target":{"@type":"EntryPoint","urlTemplate":"https:\/\/www.investaura.co\/wordpress\/?s={search_term_string}"},"query-input":"required name=search_term_string"}],"inLanguage":"en-GB"},{"@type":"Organization","@id":"https:\/\/www.investaura.co\/wordpress\/#organization","name":"Investaura","url":"https:\/\/www.investaura.co\/wordpress\/","logo":{"@type":"ImageObject","inLanguage":"en-GB","@id":"https:\/\/www.investaura.co\/wordpress\/#\/schema\/logo\/image\/","url":"https:\/\/i0.wp.com\/www.investaura.co\/wordpress\/wp-content\/uploads\/Logo-INVESTAURA_RGB-blau-e1450351498844.jpg?fit=256%2C90&ssl=1","contentUrl":"https:\/\/i0.wp.com\/www.investaura.co\/wordpress\/wp-content\/uploads\/Logo-INVESTAURA_RGB-blau-e1450351498844.jpg?fit=256%2C90&ssl=1","width":256,"height":90,"caption":"Investaura"},"image":{"@id":"https:\/\/www.investaura.co\/wordpress\/#\/schema\/logo\/image\/"},"sameAs":["https:\/\/www.linkedin.com\/company\/1229653"]}]}},"jetpack_shortlink":"https:\/\/wp.me\/P7ecno-1uT","jetpack-related-posts":[{"id":5703,"url":"https:\/\/www.investaura.co\/wordpress\/boite-a-solutions\/client-produit-couts-rentabilite-analyse\/","url_meta":{"origin":5759,"position":0},"title":"Analyse des co\u00fbts et de la rentabilit\u00e9 des clients &amp; produits","date":"February 1, 2018","format":false,"excerpt":"La soci\u00e9t\u00e9 Investaura a le plaisir de pr\u00e9senter son nouveau Livre Blanc sur l'analyse des co\u00fbts bas\u00e9s sur les activit\u00e9s (Activity-Based Costing), qui fournit une feuille de route d\u00e9taill\u00e9e pour une mise en \u0153uvre op\u00e9rationnelle en 5 semaines. Quantifier le co\u00fbt des produits et des services a la r\u00e9putation d'\u00eatre\u2026","rel":"","context":"Similar post","img":{"alt_text":"","src":"https:\/\/i0.wp.com\/www.investaura.co\/wordpress\/wp-content\/uploads\/2018\/02\/tracings.png?fit=1200%2C576&ssl=1&resize=350%2C200","width":350,"height":200},"classes":[]},{"id":6307,"url":"https:\/\/www.investaura.co\/wordpress\/nos-services\/conseil\/la-gestion-du-rendement\/","url_meta":{"origin":5759,"position":1},"title":"Gestion de la performance","date":"September 9, 2010","format":false,"excerpt":"Investaura d\u00e9veloppe des applications professionnelles sophistiqu\u00e9es pour ses clients, en s'appuyant sur les meilleures plateformes logicielles du march\u00e9 et sur son expertise approfondie de l'industrie des TIC. L'impact pour les clients est de mieux comprendre ce qui se passe dans leur entreprise - Business Intelligence - et de prendre des\u2026","rel":"","context":"Similar post","img":{"alt_text":"","src":"https:\/\/i0.wp.com\/www.investaura.co\/wordpress\/wp-content\/uploads\/2016\/02\/shutterstock_282394148_smaller.jpg?fit=1024%2C683&ssl=1&resize=350%2C200","width":350,"height":200},"classes":[]},{"id":5707,"url":"https:\/\/www.investaura.co\/wordpress\/boite-a-solutions\/budgetisation-et-previsions\/","url_meta":{"origin":5759,"position":2},"title":"Elaborations et pr\u00e9visions budg\u00e9taires","date":"March 2, 2016","format":false,"excerpt":"Investaura a r\u00e9cemment men\u00e9 \u00e0 bien un projet majeur d'\u00e9laboration budg\u00e9taire, de planification \u00e0 moyen terme, et de calcul des co\u00fbts des services pour un op\u00e9rateur t\u00e9l\u00e9com. L'\u00e9quipe responsable du budget \u00e9tait confront\u00e9e depuis longtemps aux limites de leur outil Excel, que personne ne comprenait plus vraiment et qui fournissait\u2026","rel":"","context":"Similar post","img":{"alt_text":"","src":"https:\/\/i0.wp.com\/www.investaura.co\/wordpress\/wp-content\/uploads\/2016\/03\/130614_Architecture.png?fit=1075%2C689&ssl=1&resize=350%2C200","width":350,"height":200},"classes":[]},{"id":6225,"url":"https:\/\/www.investaura.co\/wordpress\/nos-services\/performance-management-solutions\/entreprises-associees\/","url_meta":{"origin":5759,"position":3},"title":"Nos partenaires logiciels","date":"September 9, 2010","format":false,"excerpt":"Investaura Management Consultants a s\u00e9lectionn\u00e9 3 \u00e9diteurs de logiciel qui compl\u00e8tent ses activit\u00e9s de conseil et avec lesquelles nous entretenons d'excellentes relations: Prodacapo fournit des solutions logicielles pour l'\u00e9valuation et l'am\u00e9lioration des processus et l'analyse des co\u00fbts bas\u00e9s sur les activit\u00e9s (Activity-Based Costing).\u00a0La suite Prodacapo permet des applications multiples: les\u2026","rel":"","context":"Similar post","img":{"alt_text":"","src":"https:\/\/i0.wp.com\/www.investaura.co\/wordpress\/wp-content\/uploads\/2016\/02\/shutterstock_247165378.jpg?fit=1000%2C732&ssl=1&resize=350%2C200","width":350,"height":200},"classes":[]},{"id":6218,"url":"https:\/\/www.investaura.co\/wordpress\/nos-services\/performance-management-solutions\/adaptive-planning\/","url_meta":{"origin":5759,"position":4},"title":"Adaptive Insights Enterprise Performance Management","date":"February 11, 2011","format":false,"excerpt":"Utilisez-vous encore Microsoft Excel pour l'\u00e9laboration budg\u00e9taire, la planification d'entreprise ou la gestion de la performance? Microsoft Excel \u00e9tait en g\u00e9n\u00e9ral suffisant pour ce type d'activit\u00e9s il y a 15-20 ans, mais l'outil Excel a aussi de nombreuses limites, et vous avez probablement d\u00e9j\u00e0 rencontr\u00e9 beaucoup d'entre elles. La plus\u2026","rel":"","context":"Similar post","img":{"alt_text":"","src":"https:\/\/i0.wp.com\/www.investaura.co\/wordpress\/wp-content\/uploads\/2016\/02\/shutterstock_247165378.jpg?fit=1000%2C732&ssl=1&resize=350%2C200","width":350,"height":200},"classes":[]},{"id":5752,"url":"https:\/\/www.investaura.co\/wordpress\/nos-services\/conseil\/","url_meta":{"origin":5759,"position":5},"title":"Conseil en strat\u00e9gie","date":"September 8, 2010","format":false,"excerpt":"Nous menons des initiatives strat\u00e9giques, identifions des opportunit\u00e9s de cr\u00e9ation de valeur et travaillons avec les dirigeants de nos clients pour am\u00e9liorer la performances de l'entreprise \u00e0 court et \u00e0 moyen terme. Nos consultants sont des professionnels issus de l'industrie et sont dot\u00e9s d'une solide exp\u00e9rience op\u00e9rationnelle. Nous apportons une\u2026","rel":"","context":"Similar post","img":{"alt_text":"","src":"https:\/\/i0.wp.com\/www.investaura.co\/wordpress\/wp-content\/uploads\/2016\/02\/shutterstock_282394148_smaller.jpg?fit=1024%2C683&ssl=1&resize=350%2C200","width":350,"height":200},"classes":[]}],"jetpack_sharing_enabled":true,"_links":{"self":[{"href":"https:\/\/www.investaura.co\/wordpress\/wp-json\/wp\/v2\/pages\/5759"}],"collection":[{"href":"https:\/\/www.investaura.co\/wordpress\/wp-json\/wp\/v2\/pages"}],"about":[{"href":"https:\/\/www.investaura.co\/wordpress\/wp-json\/wp\/v2\/types\/page"}],"author":[{"embeddable":true,"href":"https:\/\/www.investaura.co\/wordpress\/wp-json\/wp\/v2\/users\/1"}],"replies":[{"embeddable":true,"href":"https:\/\/www.investaura.co\/wordpress\/wp-json\/wp\/v2\/comments?post=5759"}],"version-history":[{"count":29,"href":"https:\/\/www.investaura.co\/wordpress\/wp-json\/wp\/v2\/pages\/5759\/revisions"}],"predecessor-version":[{"id":8160,"href":"https:\/\/www.investaura.co\/wordpress\/wp-json\/wp\/v2\/pages\/5759\/revisions\/8160"}],"up":[{"embeddable":true,"href":"https:\/\/www.investaura.co\/wordpress\/wp-json\/wp\/v2\/pages\/5748"}],"wp:featuredmedia":[{"embeddable":true,"href":"https:\/\/www.investaura.co\/wordpress\/wp-json\/wp\/v2\/media\/4195"}],"wp:attachment":[{"href":"https:\/\/www.investaura.co\/wordpress\/wp-json\/wp\/v2\/media?parent=5759"}],"curies":[{"name":"wp","href":"https:\/\/api.w.org\/{rel}","templated":true}]}}