{"id":5756,"date":"2015-03-23T19:51:11","date_gmt":"2015-03-23T17:51:11","guid":{"rendered":"http:\/\/www.invest-aura.com\/?page_id=3270"},"modified":"2024-10-05T12:10:01","modified_gmt":"2024-10-05T10:10:01","slug":"mergers-and-acquisitions","status":"publish","type":"page","link":"https:\/\/www.investaura.co\/wordpress\/dienstleistungen\/mergers-and-acquisitions\/","title":{"rendered":"Mergers &#038; Acquisitions und PMI"},"content":{"rendered":"<p>Investaura deckt die gesamte Wertsch\u00f6pfungskette von M&amp;A Aktivit\u00e4ten ab, arbeitet auf der K\u00e4uferseite oder Verk\u00e4uferseite und konzentriert sich auf Transaktionen von 2 Mio. \u20ac und 200 Mio. \u20ac. Wir fokussieren uns ausschlie\u00dflich auf die IKT-, IoT- und Infrastrukturm\u00e4rkte (Energie, Immobilienwirtschaft, Mobilit\u00e4t).<br \/>\n<!--more--><\/p>\n<p><strong style=\"color: #444444;\">Zielsuche \/ Investorensuche<\/strong><\/p>\n<ul style=\"color: #333333;\">\n<li>Strategie (Portfolio, Markt)<\/li>\n<li>Marktprognose und Industrie-Entwicklungsmodell<\/li>\n<li>Hilfe bei Finanzierung und Fundraising<\/li>\n<li>Information Memorandum<\/li>\n<li>Partner Screening und Auswahl<\/li>\n<\/ul>\n<p><strong>Due Diligence<\/strong><\/p>\n<ul style=\"color: #333333;\">\n<li>Vorbereitung und Verwaltung von Daten R\u00e4umen<\/li>\n<li>Due Diligence-Unterst\u00fctzung &#8211; kommerziell, finanziell, technisch, operativ, personal, rechtlich, regulatorisch<\/li>\n<li>Identifikation von Synergien und Verbesserungsma\u00dfnahmen<\/li>\n<li>Integration \/ Transformationsplanung<\/li>\n<\/ul>\n<p><strong>Gesch\u00e4ftsplanung &amp; Bewertung<\/strong><\/p>\n<ul style=\"color: #333333;\">\n<li>Business Plan &#8211; in der Regel eien 7-10 Jahres- Markt- und Finanzprognose<\/li>\n<li>Pre- und Post-Merger-Bewertung<\/li>\n<li>Austriegstrategie<\/li>\n<\/ul>\n<p><strong>Transaktionsunterst\u00fctzung<\/strong><\/p>\n<ul style=\"color: #333333;\">\n<li>LoI Vorbereitung<\/li>\n<li>Verbindliche Angebotsvorbereitung<\/li>\n<li>Verhandlungsunterst\u00fctzung<\/li>\n<li>Hilfe bis zum Abschluss<\/li>\n<\/ul>\n<p><strong>Post-Merger-Integration<\/strong><\/p>\n<ul>\n<li>Programm- und Projektmanagement (PMO)<\/li>\n<li>Strategische Initiativen<\/li>\n<li>Zielbetriebsmodell (TOM)<\/li>\n<li>Optimierung des Portfolios<\/li>\n<li>Kommerzielle Exzellenz<\/li>\n<li>Verbesserung der Organisation<\/li>\n<li>Verbesserung der finanziellen Performance<\/li>\n<\/ul>\n<p><a href=\"http:\/\/www.investaura.co\/dienstleistungen\/mergers-and-acquisitions\/warum-investaura\/\">Warum Investaura?<\/a><\/p>\n","protected":false},"excerpt":{"rendered":"<p>Investaura deckt die gesamte Wertsch\u00f6pfungskette von M&amp;A Aktivit\u00e4ten ab, arbeitet auf der K\u00e4uferseite oder Verk\u00e4uferseite und konzentriert sich auf Transaktionen von 2 Mio. \u20ac und 200 Mio. \u20ac. Wir fokussieren uns ausschlie\u00dflich auf die IKT-, IoT- und Infrastrukturm\u00e4rkte (Energie, Immobilienwirtschaft,&#8230; <\/p>\n<div class=\"more-link-container\"><a class=\"more-link\" href=\"https:\/\/www.investaura.co\/wordpress\/dienstleistungen\/mergers-and-acquisitions\/\">Read More<\/a><\/div>\n","protected":false},"author":1,"featured_media":4148,"parent":5749,"menu_order":30,"comment_status":"closed","ping_status":"closed","template":"","meta":{"jetpack_post_was_ever_published":false},"yoast_head":"<!-- This site is optimized with the Yoast SEO plugin v20.4 - https:\/\/yoast.com\/wordpress\/plugins\/seo\/ -->\n<title>Mergers &amp; Acquisitions und PMI | Investaura<\/title>\n<meta name=\"robots\" content=\"index, follow, max-snippet:-1, max-image-preview:large, max-video-preview:-1\" \/>\n<link rel=\"canonical\" href=\"https:\/\/www.investaura.co\/wordpress\/dienstleistungen\/mergers-and-acquisitions\/\" \/>\n<meta property=\"og:locale\" content=\"en_GB\" \/>\n<meta property=\"og:type\" content=\"article\" \/>\n<meta property=\"og:title\" content=\"Mergers &amp; Acquisitions und PMI | Investaura\" \/>\n<meta property=\"og:description\" content=\"Investaura deckt die gesamte Wertsch\u00f6pfungskette von M&amp;A Aktivit\u00e4ten ab, arbeitet auf der K\u00e4uferseite oder Verk\u00e4uferseite und konzentriert sich auf Transaktionen von 2 Mio. \u20ac und 200 Mio. \u20ac. Wir fokussieren uns ausschlie\u00dflich auf die IKT-, IoT- und Infrastrukturm\u00e4rkte (Energie, Immobilienwirtschaft,... Read More\" \/>\n<meta property=\"og:url\" content=\"https:\/\/www.investaura.co\/wordpress\/dienstleistungen\/mergers-and-acquisitions\/\" \/>\n<meta property=\"og:site_name\" content=\"Investaura\" \/>\n<meta property=\"article:modified_time\" content=\"2024-10-05T10:10:01+00:00\" \/>\n<meta property=\"og:image\" content=\"https:\/\/i0.wp.com\/www.investaura.co\/wordpress\/wp-content\/uploads\/shutterstock_139401482.jpg?fit=1000%2C554&ssl=1\" \/>\n\t<meta property=\"og:image:width\" content=\"1000\" \/>\n\t<meta property=\"og:image:height\" content=\"554\" \/>\n\t<meta property=\"og:image:type\" content=\"image\/jpeg\" \/>\n<meta name=\"twitter:card\" content=\"summary_large_image\" \/>\n<meta name=\"twitter:label1\" content=\"Estimated reading time\" \/>\n\t<meta name=\"twitter:data1\" content=\"1 minute\" \/>\n<script type=\"application\/ld+json\" class=\"yoast-schema-graph\">{\"@context\":\"https:\/\/schema.org\",\"@graph\":[{\"@type\":\"WebPage\",\"@id\":\"https:\/\/www.investaura.co\/wordpress\/dienstleistungen\/mergers-and-acquisitions\/\",\"url\":\"https:\/\/www.investaura.co\/wordpress\/dienstleistungen\/mergers-and-acquisitions\/\",\"name\":\"Mergers & Acquisitions und PMI | Investaura\",\"isPartOf\":{\"@id\":\"https:\/\/www.investaura.co\/wordpress\/#website\"},\"datePublished\":\"2015-03-23T17:51:11+00:00\",\"dateModified\":\"2024-10-05T10:10:01+00:00\",\"breadcrumb\":{\"@id\":\"https:\/\/www.investaura.co\/wordpress\/dienstleistungen\/mergers-and-acquisitions\/#breadcrumb\"},\"inLanguage\":\"en-GB\",\"potentialAction\":[{\"@type\":\"ReadAction\",\"target\":[\"https:\/\/www.investaura.co\/wordpress\/dienstleistungen\/mergers-and-acquisitions\/\"]}]},{\"@type\":\"BreadcrumbList\",\"@id\":\"https:\/\/www.investaura.co\/wordpress\/dienstleistungen\/mergers-and-acquisitions\/#breadcrumb\",\"itemListElement\":[{\"@type\":\"ListItem\",\"position\":1,\"name\":\"Home\",\"item\":\"https:\/\/www.investaura.co\/wordpress\/\"},{\"@type\":\"ListItem\",\"position\":2,\"name\":\"Leistungen\",\"item\":\"https:\/\/www.investaura.co\/wordpress\/dienstleistungen\/\"},{\"@type\":\"ListItem\",\"position\":3,\"name\":\"Mergers &#038; Acquisitions und PMI\"}]},{\"@type\":\"WebSite\",\"@id\":\"https:\/\/www.investaura.co\/wordpress\/#website\",\"url\":\"https:\/\/www.investaura.co\/wordpress\/\",\"name\":\"Investaura\",\"description\":\"The Value Creation Consultants\",\"publisher\":{\"@id\":\"https:\/\/www.investaura.co\/wordpress\/#organization\"},\"potentialAction\":[{\"@type\":\"SearchAction\",\"target\":{\"@type\":\"EntryPoint\",\"urlTemplate\":\"https:\/\/www.investaura.co\/wordpress\/?s={search_term_string}\"},\"query-input\":\"required name=search_term_string\"}],\"inLanguage\":\"en-GB\"},{\"@type\":\"Organization\",\"@id\":\"https:\/\/www.investaura.co\/wordpress\/#organization\",\"name\":\"Investaura\",\"url\":\"https:\/\/www.investaura.co\/wordpress\/\",\"logo\":{\"@type\":\"ImageObject\",\"inLanguage\":\"en-GB\",\"@id\":\"https:\/\/www.investaura.co\/wordpress\/#\/schema\/logo\/image\/\",\"url\":\"https:\/\/i0.wp.com\/www.investaura.co\/wordpress\/wp-content\/uploads\/Logo-INVESTAURA_RGB-blau-e1450351498844.jpg?fit=256%2C90&ssl=1\",\"contentUrl\":\"https:\/\/i0.wp.com\/www.investaura.co\/wordpress\/wp-content\/uploads\/Logo-INVESTAURA_RGB-blau-e1450351498844.jpg?fit=256%2C90&ssl=1\",\"width\":256,\"height\":90,\"caption\":\"Investaura\"},\"image\":{\"@id\":\"https:\/\/www.investaura.co\/wordpress\/#\/schema\/logo\/image\/\"},\"sameAs\":[\"https:\/\/www.linkedin.com\/company\/1229653\"]}]}<\/script>\n<!-- \/ Yoast SEO plugin. -->","yoast_head_json":{"title":"Mergers & Acquisitions und PMI | Investaura","robots":{"index":"index","follow":"follow","max-snippet":"max-snippet:-1","max-image-preview":"max-image-preview:large","max-video-preview":"max-video-preview:-1"},"canonical":"https:\/\/www.investaura.co\/wordpress\/dienstleistungen\/mergers-and-acquisitions\/","og_locale":"en_GB","og_type":"article","og_title":"Mergers & Acquisitions und PMI | Investaura","og_description":"Investaura deckt die gesamte Wertsch\u00f6pfungskette von M&amp;A Aktivit\u00e4ten ab, arbeitet auf der K\u00e4uferseite oder Verk\u00e4uferseite und konzentriert sich auf Transaktionen von 2 Mio. \u20ac und 200 Mio. \u20ac. Wir fokussieren uns ausschlie\u00dflich auf die IKT-, IoT- und Infrastrukturm\u00e4rkte (Energie, Immobilienwirtschaft,... Read More","og_url":"https:\/\/www.investaura.co\/wordpress\/dienstleistungen\/mergers-and-acquisitions\/","og_site_name":"Investaura","article_modified_time":"2024-10-05T10:10:01+00:00","og_image":[{"width":1000,"height":554,"url":"https:\/\/i0.wp.com\/www.investaura.co\/wordpress\/wp-content\/uploads\/shutterstock_139401482.jpg?fit=1000%2C554&ssl=1","type":"image\/jpeg"}],"twitter_card":"summary_large_image","twitter_misc":{"Estimated reading time":"1 minute"},"schema":{"@context":"https:\/\/schema.org","@graph":[{"@type":"WebPage","@id":"https:\/\/www.investaura.co\/wordpress\/dienstleistungen\/mergers-and-acquisitions\/","url":"https:\/\/www.investaura.co\/wordpress\/dienstleistungen\/mergers-and-acquisitions\/","name":"Mergers & Acquisitions und PMI | Investaura","isPartOf":{"@id":"https:\/\/www.investaura.co\/wordpress\/#website"},"datePublished":"2015-03-23T17:51:11+00:00","dateModified":"2024-10-05T10:10:01+00:00","breadcrumb":{"@id":"https:\/\/www.investaura.co\/wordpress\/dienstleistungen\/mergers-and-acquisitions\/#breadcrumb"},"inLanguage":"en-GB","potentialAction":[{"@type":"ReadAction","target":["https:\/\/www.investaura.co\/wordpress\/dienstleistungen\/mergers-and-acquisitions\/"]}]},{"@type":"BreadcrumbList","@id":"https:\/\/www.investaura.co\/wordpress\/dienstleistungen\/mergers-and-acquisitions\/#breadcrumb","itemListElement":[{"@type":"ListItem","position":1,"name":"Home","item":"https:\/\/www.investaura.co\/wordpress\/"},{"@type":"ListItem","position":2,"name":"Leistungen","item":"https:\/\/www.investaura.co\/wordpress\/dienstleistungen\/"},{"@type":"ListItem","position":3,"name":"Mergers &#038; Acquisitions und PMI"}]},{"@type":"WebSite","@id":"https:\/\/www.investaura.co\/wordpress\/#website","url":"https:\/\/www.investaura.co\/wordpress\/","name":"Investaura","description":"The Value Creation Consultants","publisher":{"@id":"https:\/\/www.investaura.co\/wordpress\/#organization"},"potentialAction":[{"@type":"SearchAction","target":{"@type":"EntryPoint","urlTemplate":"https:\/\/www.investaura.co\/wordpress\/?s={search_term_string}"},"query-input":"required name=search_term_string"}],"inLanguage":"en-GB"},{"@type":"Organization","@id":"https:\/\/www.investaura.co\/wordpress\/#organization","name":"Investaura","url":"https:\/\/www.investaura.co\/wordpress\/","logo":{"@type":"ImageObject","inLanguage":"en-GB","@id":"https:\/\/www.investaura.co\/wordpress\/#\/schema\/logo\/image\/","url":"https:\/\/i0.wp.com\/www.investaura.co\/wordpress\/wp-content\/uploads\/Logo-INVESTAURA_RGB-blau-e1450351498844.jpg?fit=256%2C90&ssl=1","contentUrl":"https:\/\/i0.wp.com\/www.investaura.co\/wordpress\/wp-content\/uploads\/Logo-INVESTAURA_RGB-blau-e1450351498844.jpg?fit=256%2C90&ssl=1","width":256,"height":90,"caption":"Investaura"},"image":{"@id":"https:\/\/www.investaura.co\/wordpress\/#\/schema\/logo\/image\/"},"sameAs":["https:\/\/www.linkedin.com\/company\/1229653"]}]}},"jetpack_shortlink":"https:\/\/wp.me\/P7ecno-1uQ","jetpack-related-posts":[{"id":5712,"url":"https:\/\/www.investaura.co\/wordpress\/losungen\/target-such-und-due-diligence\/","url_meta":{"origin":5756,"position":0},"title":"Buy-side M&#038;A: Zielsuche und Due Diligence","date":"March 2, 2016","format":false,"excerpt":"F\u00fcr die meisten Unternehmen ist der Prozess der Zielauswahl und -selektion eine Herausforderung, insbesondere auf ausl\u00e4ndischen M\u00e4rkten und in unbekannten Gew\u00e4ssern. K\u00e4ufer k\u00f6nnen von externer professioneller Unterst\u00fctzung sehr profitieren, um die Qualit\u00e4t der Passform von Anfang an zu verbessern und die Chance zu erh\u00f6hen, an ihr Ziel zu gelangen. \u00dcber\u2026","rel":"","context":"Similar post","img":{"alt_text":"","src":"https:\/\/i0.wp.com\/www.investaura.co\/wordpress\/wp-content\/uploads\/2024\/07\/Business_Planning2.jpg?fit=1024%2C631&ssl=1&resize=350%2C200","width":350,"height":200},"classes":[]},{"id":6272,"url":"https:\/\/www.investaura.co\/wordpress\/dienstleistungen\/mergers-and-acquisitions\/die-wirklichen-herausforderungen-von-ma-projekten\/","url_meta":{"origin":5756,"position":1},"title":"Die wahren Herausforderungen von M&#038;A-Projekten","date":"March 24, 2015","format":false,"excerpt":"Aufgrund unserer langj\u00e4hrigen Erfahrung im Bereich Mergers & Acquisitions glauben wir, dass die wahren Herausforderungen von M & A-Engagements folgende sind: Finden Sie das f\u00fcr Sie richtige Ziel: Klarheit und Sch\u00e4rfe in der strategischen Positionierung des K\u00e4ufers sowie der Fokus auf das Portfolio sind von gr\u00f6\u00dfter Bedeutung f\u00fcr einen effizienten\u2026","rel":"","context":"Similar post","img":{"alt_text":"","src":"","width":0,"height":0},"classes":[]},{"id":5677,"url":"https:\/\/www.investaura.co\/wordpress\/losungen\/intelligent-transportation-systems-its-german\/","url_meta":{"origin":5756,"position":2},"title":"Mega-Deals f\u00fcr ITS Projekte gewinnen","date":"January 18, 2017","format":false,"excerpt":"Der globale Markt f\u00fcr Intelligent Transportation Systems (ITS) wird voraussichtlich um 12% pro Jahr von 36 Mrd. $ im Jahr 2015 auf 64 Mrd. $ im Jahr 2020 wachsen. Die Finanzierung der Verkehrs-infrastruktur \u00fcber Maut-Zahlungsl\u00f6sungen stellt dabei den Hauptteil dieses Marktsegments. Wir wissen, was es f\u00fcr ein Unternehmen braucht, um\u2026","rel":"","context":"Similar post","img":{"alt_text":"","src":"https:\/\/i0.wp.com\/www.investaura.co\/wordpress\/wp-content\/uploads\/2022\/03\/PropTech_small.jpg?fit=1024%2C683&ssl=1&resize=350%2C200","width":350,"height":200},"classes":[]},{"id":6266,"url":"https:\/\/www.investaura.co\/wordpress\/dienstleistungen\/mergers-and-acquisitions\/buy-side-ma-angelegenheit\/","url_meta":{"origin":5756,"position":3},"title":"Buy-Side: Warum ist M&#038;A wichtig?","date":"April 4, 2017","format":false,"excerpt":"Beschleunigen Sie Ihr Gesch\u00e4ft In der heutigen Wettbewerbswelt z\u00e4hlen Geschwindigkeit und Kostenkontrolle zu den wichtigsten Wertsch\u00f6pfungsfaktoren aus Sicht der Kunden als auch der Aktion\u00e4re. Exogenes Wachstum durch M&A kann Ihrem Unternehmen helfen, Zeit zu sparen und schneller zu wachsen, fehlende Kompetenzen zu erwerben und die Wirtschaftlichkeit Ihres Unternehmens zu verbessern.\u2026","rel":"","context":"Similar post","img":{"alt_text":"","src":"https:\/\/i0.wp.com\/www.investaura.co\/wordpress\/wp-content\/uploads\/shutterstock_139401482.jpg?fit=1000%2C554&ssl=1&resize=350%2C200","width":350,"height":200},"classes":[]},{"id":6304,"url":"https:\/\/www.investaura.co\/wordpress\/dienstleistungen\/beratung\/strategie-und-business-planung\/","url_meta":{"origin":5756,"position":4},"title":"Strategie und Gesch\u00e4ftsplanung","date":"March 26, 2015","format":false,"excerpt":"Die Berater von Investaura verf\u00fcgen \u00fcber umfangreiche Erfahrung im Bereich der Strategie - angewandte, detaillierte - und Gesch\u00e4ftsplanung - quantifiziert, robust, umsetzbar -, die bis in die Mitte der 1990er Jahre zur\u00fcckreicht. Wir verstehen sowohl kleine als auch gro\u00dfe Unternehmen. Wir sind Berater, die zu Unternehmern werden und wissen, was\u2026","rel":"","context":"Similar post","img":{"alt_text":"","src":"https:\/\/i0.wp.com\/www.investaura.co\/wordpress\/wp-content\/uploads\/2016\/02\/shutterstock_282394148_smaller.jpg?fit=1024%2C683&ssl=1&resize=350%2C200","width":350,"height":200},"classes":[]},{"id":6268,"url":"https:\/\/www.investaura.co\/wordpress\/dienstleistungen\/mergers-and-acquisitions\/warum-investaura\/","url_meta":{"origin":5756,"position":5},"title":"Warum Investaura?","date":"March 24, 2015","format":false,"excerpt":"Investaura Berater sind Experten in der Kunst und Praxis von M&A-Engagements. Unsere Dienstleistungen sind ma\u00dfgeschneidert und entsprechen genau den Anforderungen unserer Kunden. Wir sind stolz folgende Vorteile anbieten zu k\u00f6nnen: Der Erfolg unserer Kunden ist unser Erfolg. Wir sind auf unsere Kunden ausgerichtet, weil wir selbst als Unternehmer denken und\u2026","rel":"","context":"Similar post","img":{"alt_text":"","src":"https:\/\/i0.wp.com\/www.investaura.co\/wordpress\/wp-content\/uploads\/shutterstock_139401482.jpg?fit=1000%2C554&ssl=1&resize=350%2C200","width":350,"height":200},"classes":[]}],"jetpack_sharing_enabled":true,"_links":{"self":[{"href":"https:\/\/www.investaura.co\/wordpress\/wp-json\/wp\/v2\/pages\/5756"}],"collection":[{"href":"https:\/\/www.investaura.co\/wordpress\/wp-json\/wp\/v2\/pages"}],"about":[{"href":"https:\/\/www.investaura.co\/wordpress\/wp-json\/wp\/v2\/types\/page"}],"author":[{"embeddable":true,"href":"https:\/\/www.investaura.co\/wordpress\/wp-json\/wp\/v2\/users\/1"}],"replies":[{"embeddable":true,"href":"https:\/\/www.investaura.co\/wordpress\/wp-json\/wp\/v2\/comments?post=5756"}],"version-history":[{"count":14,"href":"https:\/\/www.investaura.co\/wordpress\/wp-json\/wp\/v2\/pages\/5756\/revisions"}],"predecessor-version":[{"id":7998,"href":"https:\/\/www.investaura.co\/wordpress\/wp-json\/wp\/v2\/pages\/5756\/revisions\/7998"}],"up":[{"embeddable":true,"href":"https:\/\/www.investaura.co\/wordpress\/wp-json\/wp\/v2\/pages\/5749"}],"wp:featuredmedia":[{"embeddable":true,"href":"https:\/\/www.investaura.co\/wordpress\/wp-json\/wp\/v2\/media\/4148"}],"wp:attachment":[{"href":"https:\/\/www.investaura.co\/wordpress\/wp-json\/wp\/v2\/media?parent=5756"}],"curies":[{"name":"wp","href":"https:\/\/api.w.org\/{rel}","templated":true}]}}