{"id":5755,"date":"2015-03-23T19:51:11","date_gmt":"2015-03-23T17:51:11","guid":{"rendered":"http:\/\/www.invest-aura.com\/?page_id=3270"},"modified":"2024-10-05T12:18:46","modified_gmt":"2024-10-05T10:18:46","slug":"fusions-et-acquisitions","status":"publish","type":"page","link":"https:\/\/www.investaura.co\/wordpress\/nos-services\/fusions-et-acquisitions\/","title":{"rendered":"Fusions-acquisitions et PMI"},"content":{"rendered":"<p>Investaura couvre la cha\u00eene de valeur compl\u00e8te des activit\u00e9s M&amp;A, travaillant du c\u00f4t\u00e9 acheteur ou du c\u00f4t\u00e9 vendeur pour des transactions allant de 2M \u20ac \u00e0 200M \u20ac. Notre sp\u00e9cialisation sectorielle fait notre force. Nous nous concentrons exclusivement sur les industries TIC, IoT et infrastructure (\u00e9nergie, immobilier, transport).<br \/>\n<!--more--><\/p>\n<p><strong style=\"color: #444444;\">Recherche de cibles\/recherche d&#8217;investisseurs<\/strong><\/p>\n<ul style=\"color: #333333;\">\n<li>Strat\u00e9gie (portefeuille, march\u00e9)<\/li>\n<li>Pr\u00e9visions de march\u00e9 et mod\u00e8le d&#8217;\u00e9volution de l&#8217;industrie<\/li>\n<li>Assistance en mati\u00e8re de financement et de lev\u00e9e de fonds<\/li>\n<li>Identification de partenaires potentiels<\/li>\n<li>Pr\u00e9paration de l&#8217;Information Memorandum<\/li>\n<\/ul>\n<p><strong>Due Diligence<\/strong><\/p>\n<ul style=\"color: #333333;\">\n<li>Pr\u00e9paration et gestion de la Data Room<\/li>\n<li>Due diligence commerciale, financi\u00e8re, technique, op\u00e9rationnelle, RH, juridique, r\u00e9glementaire<\/li>\n<li>Identification des synergies et des mesures d&#8217;am\u00e9lioration<\/li>\n<li>Planification de l&#8217;int\u00e9gration et de la transformation<\/li>\n<\/ul>\n<p><strong>Business Plan et valorisation<\/strong><\/p>\n<ul style=\"color: #333333;\">\n<li>Plan d&#8217;affaire (horizon de 7 \u00e0 10 ans)<\/li>\n<li>Valorisation &#8216;as-is&#8217; et &#8216;to-be&#8217;<\/li>\n<li>Strat\u00e9gie de sortie<\/li>\n<\/ul>\n<p><strong>Support de la transaction<\/strong><\/p>\n<ul style=\"color: #333333;\">\n<li>Pr\u00e9paration de la LOI<\/li>\n<li>Pr\u00e9paration de la convention d&#8217;achat \/ de vente<\/li>\n<li>Assistance dans les n\u00e9gociations<\/li>\n<\/ul>\n<p><strong>Int\u00e9gration post-fusion<\/strong><\/p>\n<ul>\n<li>Gestion de programme et de projets (PMO)<\/li>\n<li>Initiatives strat\u00e9giques<\/li>\n<li>Mod\u00e8le op\u00e9rationnel cible (TOM)<\/li>\n<li>Optimisation du portefeuille<\/li>\n<li>Excellence commerciale<\/li>\n<li>Optimisation de l&#8217;organisation<\/li>\n<li>Am\u00e9lioration de la performance<\/li>\n<\/ul>\n<p><a href=\"http:\/\/www.investaura.co\/mergers-and-acquisitions\/why-investaura\/\">Pourquoi Investaura?<\/a><\/p>\n","protected":false},"excerpt":{"rendered":"<p>Investaura couvre la cha\u00eene de valeur compl\u00e8te des activit\u00e9s M&amp;A, travaillant du c\u00f4t\u00e9 acheteur ou du c\u00f4t\u00e9 vendeur pour des transactions allant de 2M \u20ac \u00e0 200M \u20ac. Notre sp\u00e9cialisation sectorielle fait notre force. Nous nous concentrons exclusivement sur les&#8230; <\/p>\n<div class=\"more-link-container\"><a class=\"more-link\" href=\"https:\/\/www.investaura.co\/wordpress\/nos-services\/fusions-et-acquisitions\/\">Read More<\/a><\/div>\n","protected":false},"author":1,"featured_media":4148,"parent":5748,"menu_order":30,"comment_status":"closed","ping_status":"closed","template":"","meta":{"jetpack_post_was_ever_published":false},"yoast_head":"<!-- This site is optimized with the Yoast SEO plugin v20.4 - https:\/\/yoast.com\/wordpress\/plugins\/seo\/ -->\n<title>Fusions-acquisitions et PMI | Investaura<\/title>\n<meta name=\"robots\" content=\"index, follow, max-snippet:-1, max-image-preview:large, max-video-preview:-1\" \/>\n<link rel=\"canonical\" href=\"https:\/\/www.investaura.co\/wordpress\/nos-services\/fusions-et-acquisitions\/\" \/>\n<meta property=\"og:locale\" content=\"en_GB\" \/>\n<meta property=\"og:type\" content=\"article\" \/>\n<meta property=\"og:title\" content=\"Fusions-acquisitions et PMI | Investaura\" \/>\n<meta property=\"og:description\" content=\"Investaura couvre la cha\u00eene de valeur compl\u00e8te des activit\u00e9s M&amp;A, travaillant du c\u00f4t\u00e9 acheteur ou du c\u00f4t\u00e9 vendeur pour des transactions allant de 2M \u20ac \u00e0 200M \u20ac. Notre sp\u00e9cialisation sectorielle fait notre force. Nous nous concentrons exclusivement sur les... Read More\" \/>\n<meta property=\"og:url\" content=\"https:\/\/www.investaura.co\/wordpress\/nos-services\/fusions-et-acquisitions\/\" \/>\n<meta property=\"og:site_name\" content=\"Investaura\" \/>\n<meta property=\"article:modified_time\" content=\"2024-10-05T10:18:46+00:00\" \/>\n<meta property=\"og:image\" content=\"https:\/\/i0.wp.com\/www.investaura.co\/wordpress\/wp-content\/uploads\/shutterstock_139401482.jpg?fit=1000%2C554&ssl=1\" \/>\n\t<meta property=\"og:image:width\" content=\"1000\" \/>\n\t<meta property=\"og:image:height\" content=\"554\" \/>\n\t<meta property=\"og:image:type\" content=\"image\/jpeg\" \/>\n<meta name=\"twitter:card\" content=\"summary_large_image\" \/>\n<meta name=\"twitter:label1\" content=\"Estimated reading time\" \/>\n\t<meta name=\"twitter:data1\" content=\"1 minute\" \/>\n<script type=\"application\/ld+json\" class=\"yoast-schema-graph\">{\"@context\":\"https:\/\/schema.org\",\"@graph\":[{\"@type\":\"WebPage\",\"@id\":\"https:\/\/www.investaura.co\/wordpress\/nos-services\/fusions-et-acquisitions\/\",\"url\":\"https:\/\/www.investaura.co\/wordpress\/nos-services\/fusions-et-acquisitions\/\",\"name\":\"Fusions-acquisitions et PMI | Investaura\",\"isPartOf\":{\"@id\":\"https:\/\/www.investaura.co\/wordpress\/#website\"},\"datePublished\":\"2015-03-23T17:51:11+00:00\",\"dateModified\":\"2024-10-05T10:18:46+00:00\",\"breadcrumb\":{\"@id\":\"https:\/\/www.investaura.co\/wordpress\/nos-services\/fusions-et-acquisitions\/#breadcrumb\"},\"inLanguage\":\"en-GB\",\"potentialAction\":[{\"@type\":\"ReadAction\",\"target\":[\"https:\/\/www.investaura.co\/wordpress\/nos-services\/fusions-et-acquisitions\/\"]}]},{\"@type\":\"BreadcrumbList\",\"@id\":\"https:\/\/www.investaura.co\/wordpress\/nos-services\/fusions-et-acquisitions\/#breadcrumb\",\"itemListElement\":[{\"@type\":\"ListItem\",\"position\":1,\"name\":\"Home\",\"item\":\"https:\/\/www.investaura.co\/wordpress\/\"},{\"@type\":\"ListItem\",\"position\":2,\"name\":\"Services\",\"item\":\"https:\/\/www.investaura.co\/wordpress\/nos-services\/\"},{\"@type\":\"ListItem\",\"position\":3,\"name\":\"Fusions-acquisitions et PMI\"}]},{\"@type\":\"WebSite\",\"@id\":\"https:\/\/www.investaura.co\/wordpress\/#website\",\"url\":\"https:\/\/www.investaura.co\/wordpress\/\",\"name\":\"Investaura\",\"description\":\"The Value Creation Consultants\",\"publisher\":{\"@id\":\"https:\/\/www.investaura.co\/wordpress\/#organization\"},\"potentialAction\":[{\"@type\":\"SearchAction\",\"target\":{\"@type\":\"EntryPoint\",\"urlTemplate\":\"https:\/\/www.investaura.co\/wordpress\/?s={search_term_string}\"},\"query-input\":\"required name=search_term_string\"}],\"inLanguage\":\"en-GB\"},{\"@type\":\"Organization\",\"@id\":\"https:\/\/www.investaura.co\/wordpress\/#organization\",\"name\":\"Investaura\",\"url\":\"https:\/\/www.investaura.co\/wordpress\/\",\"logo\":{\"@type\":\"ImageObject\",\"inLanguage\":\"en-GB\",\"@id\":\"https:\/\/www.investaura.co\/wordpress\/#\/schema\/logo\/image\/\",\"url\":\"https:\/\/i0.wp.com\/www.investaura.co\/wordpress\/wp-content\/uploads\/Logo-INVESTAURA_RGB-blau-e1450351498844.jpg?fit=256%2C90&ssl=1\",\"contentUrl\":\"https:\/\/i0.wp.com\/www.investaura.co\/wordpress\/wp-content\/uploads\/Logo-INVESTAURA_RGB-blau-e1450351498844.jpg?fit=256%2C90&ssl=1\",\"width\":256,\"height\":90,\"caption\":\"Investaura\"},\"image\":{\"@id\":\"https:\/\/www.investaura.co\/wordpress\/#\/schema\/logo\/image\/\"},\"sameAs\":[\"https:\/\/www.linkedin.com\/company\/1229653\"]}]}<\/script>\n<!-- \/ Yoast SEO plugin. -->","yoast_head_json":{"title":"Fusions-acquisitions et PMI | Investaura","robots":{"index":"index","follow":"follow","max-snippet":"max-snippet:-1","max-image-preview":"max-image-preview:large","max-video-preview":"max-video-preview:-1"},"canonical":"https:\/\/www.investaura.co\/wordpress\/nos-services\/fusions-et-acquisitions\/","og_locale":"en_GB","og_type":"article","og_title":"Fusions-acquisitions et PMI | Investaura","og_description":"Investaura couvre la cha\u00eene de valeur compl\u00e8te des activit\u00e9s M&amp;A, travaillant du c\u00f4t\u00e9 acheteur ou du c\u00f4t\u00e9 vendeur pour des transactions allant de 2M \u20ac \u00e0 200M \u20ac. Notre sp\u00e9cialisation sectorielle fait notre force. Nous nous concentrons exclusivement sur les... Read More","og_url":"https:\/\/www.investaura.co\/wordpress\/nos-services\/fusions-et-acquisitions\/","og_site_name":"Investaura","article_modified_time":"2024-10-05T10:18:46+00:00","og_image":[{"width":1000,"height":554,"url":"https:\/\/i0.wp.com\/www.investaura.co\/wordpress\/wp-content\/uploads\/shutterstock_139401482.jpg?fit=1000%2C554&ssl=1","type":"image\/jpeg"}],"twitter_card":"summary_large_image","twitter_misc":{"Estimated reading time":"1 minute"},"schema":{"@context":"https:\/\/schema.org","@graph":[{"@type":"WebPage","@id":"https:\/\/www.investaura.co\/wordpress\/nos-services\/fusions-et-acquisitions\/","url":"https:\/\/www.investaura.co\/wordpress\/nos-services\/fusions-et-acquisitions\/","name":"Fusions-acquisitions et PMI | Investaura","isPartOf":{"@id":"https:\/\/www.investaura.co\/wordpress\/#website"},"datePublished":"2015-03-23T17:51:11+00:00","dateModified":"2024-10-05T10:18:46+00:00","breadcrumb":{"@id":"https:\/\/www.investaura.co\/wordpress\/nos-services\/fusions-et-acquisitions\/#breadcrumb"},"inLanguage":"en-GB","potentialAction":[{"@type":"ReadAction","target":["https:\/\/www.investaura.co\/wordpress\/nos-services\/fusions-et-acquisitions\/"]}]},{"@type":"BreadcrumbList","@id":"https:\/\/www.investaura.co\/wordpress\/nos-services\/fusions-et-acquisitions\/#breadcrumb","itemListElement":[{"@type":"ListItem","position":1,"name":"Home","item":"https:\/\/www.investaura.co\/wordpress\/"},{"@type":"ListItem","position":2,"name":"Services","item":"https:\/\/www.investaura.co\/wordpress\/nos-services\/"},{"@type":"ListItem","position":3,"name":"Fusions-acquisitions et PMI"}]},{"@type":"WebSite","@id":"https:\/\/www.investaura.co\/wordpress\/#website","url":"https:\/\/www.investaura.co\/wordpress\/","name":"Investaura","description":"The Value Creation Consultants","publisher":{"@id":"https:\/\/www.investaura.co\/wordpress\/#organization"},"potentialAction":[{"@type":"SearchAction","target":{"@type":"EntryPoint","urlTemplate":"https:\/\/www.investaura.co\/wordpress\/?s={search_term_string}"},"query-input":"required name=search_term_string"}],"inLanguage":"en-GB"},{"@type":"Organization","@id":"https:\/\/www.investaura.co\/wordpress\/#organization","name":"Investaura","url":"https:\/\/www.investaura.co\/wordpress\/","logo":{"@type":"ImageObject","inLanguage":"en-GB","@id":"https:\/\/www.investaura.co\/wordpress\/#\/schema\/logo\/image\/","url":"https:\/\/i0.wp.com\/www.investaura.co\/wordpress\/wp-content\/uploads\/Logo-INVESTAURA_RGB-blau-e1450351498844.jpg?fit=256%2C90&ssl=1","contentUrl":"https:\/\/i0.wp.com\/www.investaura.co\/wordpress\/wp-content\/uploads\/Logo-INVESTAURA_RGB-blau-e1450351498844.jpg?fit=256%2C90&ssl=1","width":256,"height":90,"caption":"Investaura"},"image":{"@id":"https:\/\/www.investaura.co\/wordpress\/#\/schema\/logo\/image\/"},"sameAs":["https:\/\/www.linkedin.com\/company\/1229653"]}]}},"jetpack_shortlink":"https:\/\/wp.me\/P7ecno-1uP","jetpack-related-posts":[{"id":5711,"url":"https:\/\/www.investaura.co\/wordpress\/boite-a-solutions\/cible-recherche-et-due-diligence\/","url_meta":{"origin":5755,"position":0},"title":"Recherche de cibles M&#038;A, Due Diligence","date":"March 2, 2016","format":false,"excerpt":"Pour de nombreuses entreprises, la recherche de cibles M&A est un processus difficile et chronophage. Les d\u00e9cideurs et investisseurs ont tout \u00e0 gagner d'un soutien externe et professionnel pour am\u00e9liorer la qualit\u00e9 du 'fit', et augmenter les chances que le projet d'acquisition aboutisse \u00e0 bon port. Au-del\u00e0 de l'analyse financi\u00e8re\u2026","rel":"","context":"Similar post","img":{"alt_text":"","src":"https:\/\/i0.wp.com\/www.investaura.co\/wordpress\/wp-content\/uploads\/2024\/07\/Business_Planning2.jpg?fit=1024%2C631&ssl=1&resize=350%2C200","width":350,"height":200},"classes":[]},{"id":6267,"url":"https:\/\/www.investaura.co\/wordpress\/nos-services\/fusions-et-acquisitions\/pourquoi-investaura\/","url_meta":{"origin":5755,"position":1},"title":"Pourquoi Investaura?","date":"March 24, 2015","format":false,"excerpt":"Les consultants Investaura sont des experts M&A qui apportent la s\u00e9niorit\u00e9 et le doigt\u00e9 n\u00e9cessaire \u00e0 la r\u00e9ussite de projets complexes. Nous fournissons des services sur mesure qui r\u00e9pondent aux exigences pr\u00e9cises de nos clients. Nous sommes fiers d'apporter les points de diff\u00e9renciation suivants: Le succ\u00e8s de nos clients est\u2026","rel":"","context":"Similar post","img":{"alt_text":"","src":"https:\/\/i0.wp.com\/www.investaura.co\/wordpress\/wp-content\/uploads\/shutterstock_139401482.jpg?fit=1000%2C554&ssl=1&resize=350%2C200","width":350,"height":200},"classes":[]},{"id":6265,"url":"https:\/\/www.investaura.co\/wordpress\/nos-services\/fusions-et-acquisitions\/acheter-cote-ma-matiere\/","url_meta":{"origin":5755,"position":2},"title":"Buy-side: pourquoi le M&#038;A est-il important?","date":"April 4, 2017","format":false,"excerpt":"Acc\u00e9l\u00e9rez la croissance de votre entreprise Dans le monde comp\u00e9titif d'aujourd'hui, la rapidit\u00e9 d'ex\u00e9cution et le contr\u00f4le des co\u00fbts comptent parmi les facteurs de cr\u00e9ation de valeur les plus importants pour les actionnaires comme pour les clients. Un projet de croissance exog\u00e8ne via M&A peut aider votre entreprise \u00e0 gagner\u2026","rel":"","context":"Similar post","img":{"alt_text":"","src":"https:\/\/i0.wp.com\/www.investaura.co\/wordpress\/wp-content\/uploads\/shutterstock_139401482.jpg?fit=1000%2C554&ssl=1&resize=350%2C200","width":350,"height":200},"classes":[]},{"id":5676,"url":"https:\/\/www.investaura.co\/wordpress\/boite-a-solutions\/intelligent-transportation-systems-its\/","url_meta":{"origin":5755,"position":3},"title":"D\u00e9velopper une candidature gagnante pour un projet ITS","date":"January 18, 2017","format":false,"excerpt":"Le march\u00e9 mondial des syst\u00e8mes de transport intelligents (ITS) devrait cro\u00eetre de 12% par an, passant de $36 millards en 2015 \u00e0 $64 milliards en 2020. Le financement des infrastructures de transport par le biais les solutions de paiement par p\u00e9age constitue la majeur partie du march\u00e9. Forts de leur\u2026","rel":"","context":"Similar post","img":{"alt_text":"","src":"https:\/\/i0.wp.com\/www.investaura.co\/wordpress\/wp-content\/uploads\/2022\/03\/PropTech_small.jpg?fit=1024%2C683&ssl=1&resize=350%2C200","width":350,"height":200},"classes":[]},{"id":6305,"url":"https:\/\/www.investaura.co\/wordpress\/nos-services\/conseil\/corporate-finance\/","url_meta":{"origin":5755,"position":4},"title":"Corporate Finance","date":"March 26, 2015","format":false,"excerpt":"Nous fournissons une vaste gamme de services de Corporate Finance \u00e0 nos clients de l'industrie des TIC, notamment: Valorisation En finance, le succ\u00e8s est g\u00e9n\u00e9ralement jug\u00e9 en fonction de la cr\u00e9ation de valeur. Une bonne d\u00e9cision d'investissement est une d\u00e9cision qui entra\u00eene l'achat d'un bien r\u00e9el qui vaut plus que\u2026","rel":"","context":"Similar post","img":{"alt_text":"","src":"https:\/\/i0.wp.com\/www.investaura.co\/wordpress\/wp-content\/uploads\/2016\/02\/shutterstock_282394148_smaller.jpg?fit=1024%2C683&ssl=1&resize=350%2C200","width":350,"height":200},"classes":[]},{"id":5752,"url":"https:\/\/www.investaura.co\/wordpress\/nos-services\/conseil\/","url_meta":{"origin":5755,"position":5},"title":"Conseil en strat\u00e9gie","date":"September 8, 2010","format":false,"excerpt":"Nous menons des initiatives strat\u00e9giques, identifions des opportunit\u00e9s de cr\u00e9ation de valeur et travaillons avec les dirigeants de nos clients pour am\u00e9liorer la performances de l'entreprise \u00e0 court et \u00e0 moyen terme. Nos consultants sont des professionnels issus de l'industrie et sont dot\u00e9s d'une solide exp\u00e9rience op\u00e9rationnelle. Nous apportons une\u2026","rel":"","context":"Similar post","img":{"alt_text":"","src":"https:\/\/i0.wp.com\/www.investaura.co\/wordpress\/wp-content\/uploads\/2016\/02\/shutterstock_282394148_smaller.jpg?fit=1024%2C683&ssl=1&resize=350%2C200","width":350,"height":200},"classes":[]}],"jetpack_sharing_enabled":true,"_links":{"self":[{"href":"https:\/\/www.investaura.co\/wordpress\/wp-json\/wp\/v2\/pages\/5755"}],"collection":[{"href":"https:\/\/www.investaura.co\/wordpress\/wp-json\/wp\/v2\/pages"}],"about":[{"href":"https:\/\/www.investaura.co\/wordpress\/wp-json\/wp\/v2\/types\/page"}],"author":[{"embeddable":true,"href":"https:\/\/www.investaura.co\/wordpress\/wp-json\/wp\/v2\/users\/1"}],"replies":[{"embeddable":true,"href":"https:\/\/www.investaura.co\/wordpress\/wp-json\/wp\/v2\/comments?post=5755"}],"version-history":[{"count":13,"href":"https:\/\/www.investaura.co\/wordpress\/wp-json\/wp\/v2\/pages\/5755\/revisions"}],"predecessor-version":[{"id":8002,"href":"https:\/\/www.investaura.co\/wordpress\/wp-json\/wp\/v2\/pages\/5755\/revisions\/8002"}],"up":[{"embeddable":true,"href":"https:\/\/www.investaura.co\/wordpress\/wp-json\/wp\/v2\/pages\/5748"}],"wp:featuredmedia":[{"embeddable":true,"href":"https:\/\/www.investaura.co\/wordpress\/wp-json\/wp\/v2\/media\/4148"}],"wp:attachment":[{"href":"https:\/\/www.investaura.co\/wordpress\/wp-json\/wp\/v2\/media?parent=5755"}],"curies":[{"name":"wp","href":"https:\/\/api.w.org\/{rel}","templated":true}]}}