{"id":5753,"date":"2010-09-08T20:00:15","date_gmt":"2010-09-08T18:00:15","guid":{"rendered":"http:\/\/www.invest-aura.com\/wordpress\/?page_id=14"},"modified":"2025-10-24T15:13:07","modified_gmt":"2025-10-24T13:13:07","slug":"beratung","status":"publish","type":"page","link":"https:\/\/www.investaura.co\/wordpress\/dienstleistungen\/beratung\/","title":{"rendered":"Strategieberatung"},"content":{"rendered":"<p>Wir leiten strategische Initiativen, identifizieren Wertsch\u00f6pfungsm\u00f6glichkeiten und arbeiten mit den F\u00fchrungskr\u00e4ften unserer Kunden zusammen, um sowohl die kurzfristige als auch die langfristige Unternehmensleistung zu verbessern. Unsere Berater sind erfahrene Fachleute mit umfassender operativer Erfahrung.<\/p>\n<p><!--more--><\/p>\n<p>Wir bringen unsere positive Einstellung ein: Wir haben Unternehmergeist, sind umsetzungsorientiert und \u00fcbernehmen die Verantwortung f\u00fcr die Probleme unserer Kunden.<\/p>\n<hr \/>\n<h5><\/h5>\n<h5>Strategie und Gesch\u00e4ftsplanung<\/h5>\n<ul>\n<li>Strategie\n<figure id=\"attachment_4386\" aria-describedby=\"caption-attachment-4386\" style=\"width: 150px\" class=\"wp-caption alignright\"><a href=\"http:\/\/www.investaura.co\/dienstleistungen\/beratung\/strategie-und-business-planung\/\"><img data-attachment-id=\"4386\" data-permalink=\"https:\/\/www.investaura.co\/wordpress\/services\/consulting\/shutterstock_280679183\/\" data-orig-file=\"https:\/\/i0.wp.com\/www.investaura.co\/wordpress\/wp-content\/uploads\/2016\/02\/shutterstock_280679183.jpg?fit=1000%2C555&amp;ssl=1\" data-orig-size=\"1000,555\" data-comments-opened=\"0\" data-image-meta=\"{&quot;aperture&quot;:&quot;0&quot;,&quot;credit&quot;:&quot;&quot;,&quot;camera&quot;:&quot;&quot;,&quot;caption&quot;:&quot;&quot;,&quot;created_timestamp&quot;:&quot;0&quot;,&quot;copyright&quot;:&quot;&quot;,&quot;focal_length&quot;:&quot;0&quot;,&quot;iso&quot;:&quot;0&quot;,&quot;shutter_speed&quot;:&quot;0&quot;,&quot;title&quot;:&quot;&quot;,&quot;orientation&quot;:&quot;0&quot;}\" data-image-title=\"shutterstock_280679183\" data-image-description=\"\" data-image-caption=\"&lt;p&gt;Strategy services&lt;\/p&gt;\n\" data-medium-file=\"https:\/\/i0.wp.com\/www.investaura.co\/wordpress\/wp-content\/uploads\/2016\/02\/shutterstock_280679183.jpg?fit=300%2C167&amp;ssl=1\" data-large-file=\"https:\/\/i0.wp.com\/www.investaura.co\/wordpress\/wp-content\/uploads\/2016\/02\/shutterstock_280679183.jpg?fit=720%2C400&amp;ssl=1\" decoding=\"async\" loading=\"lazy\" class=\"wp-image-4386 size-thumbnail\" src=\"https:\/\/i0.wp.com\/www.invest-aura.com\/wordpress\/wp-content\/uploads\/2016\/02\/shutterstock_280679183-150x83.jpg?resize=150%2C83\" alt=\"Strategie-Services\" width=\"150\" height=\"83\" srcset=\"https:\/\/i0.wp.com\/www.investaura.co\/wordpress\/wp-content\/uploads\/2016\/02\/shutterstock_280679183.jpg?resize=150%2C83&amp;ssl=1 150w, https:\/\/i0.wp.com\/www.investaura.co\/wordpress\/wp-content\/uploads\/2016\/02\/shutterstock_280679183.jpg?resize=300%2C167&amp;ssl=1 300w, https:\/\/i0.wp.com\/www.investaura.co\/wordpress\/wp-content\/uploads\/2016\/02\/shutterstock_280679183.jpg?w=1000&amp;ssl=1 1000w\" sizes=\"(max-width: 150px) 100vw, 150px\" data-recalc-dims=\"1\" \/><\/a><figcaption id=\"caption-attachment-4386\" class=\"wp-caption-text\">Mehr &gt; &gt;<\/figcaption><\/figure>\n<ul>\n<li>Markt, Kundensegmente, Preisgestaltung<\/li>\n<li>Portfolio, Technologie, Operations<\/li>\n<\/ul>\n<\/li>\n<li>Gesch\u00e4ftsplanung\n<ul>\n<li>Start-up<\/li>\n<li>Ausgereiftes Unternehmen<\/li>\n<li>M&amp;A<\/li>\n<\/ul>\n<\/li>\n<\/ul>\n<hr \/>\n<figure id=\"attachment_4336\" aria-describedby=\"caption-attachment-4336\" style=\"width: 150px\" class=\"wp-caption alignright\"><a href=\"http:\/\/www.investaura.co\/dienstleistungen\/beratung\/unternehmensfinanzierung\/\"><img data-attachment-id=\"4336\" data-permalink=\"https:\/\/www.investaura.co\/wordpress\/services\/consulting\/shutterstock_272925929\/\" data-orig-file=\"https:\/\/i0.wp.com\/www.investaura.co\/wordpress\/wp-content\/uploads\/2016\/02\/shutterstock_272925929.jpg?fit=1000%2C667&amp;ssl=1\" data-orig-size=\"1000,667\" data-comments-opened=\"0\" data-image-meta=\"{&quot;aperture&quot;:&quot;0&quot;,&quot;credit&quot;:&quot;&quot;,&quot;camera&quot;:&quot;&quot;,&quot;caption&quot;:&quot;&quot;,&quot;created_timestamp&quot;:&quot;0&quot;,&quot;copyright&quot;:&quot;&quot;,&quot;focal_length&quot;:&quot;0&quot;,&quot;iso&quot;:&quot;0&quot;,&quot;shutter_speed&quot;:&quot;0&quot;,&quot;title&quot;:&quot;&quot;,&quot;orientation&quot;:&quot;0&quot;}\" data-image-title=\"shutterstock_272925929\" data-image-description=\"\" data-image-caption=\"&lt;p&gt;White Paper on Fixed Asset Valuation and Fair Value Measurement&lt;\/p&gt;\n\" data-medium-file=\"https:\/\/i0.wp.com\/www.investaura.co\/wordpress\/wp-content\/uploads\/2016\/02\/shutterstock_272925929.jpg?fit=300%2C200&amp;ssl=1\" data-large-file=\"https:\/\/i0.wp.com\/www.investaura.co\/wordpress\/wp-content\/uploads\/2016\/02\/shutterstock_272925929.jpg?fit=720%2C480&amp;ssl=1\" decoding=\"async\" loading=\"lazy\" class=\"wp-image-4336 size-thumbnail\" src=\"https:\/\/i0.wp.com\/www.invest-aura.com\/wordpress\/wp-content\/uploads\/2020\/08\/eye.png?resize=150%2C100\" alt=\"Wei\u00dfbuch zur Anlagenbewertung und zur Markt Wertmessung\" width=\"150\" height=\"100\" data-recalc-dims=\"1\" \/><\/a><figcaption id=\"caption-attachment-4336\" class=\"wp-caption-text\">Mehr &gt; &gt;<\/figcaption><\/figure>\n<h5>Corporate Finance<\/h5>\n<ul>\n<li>Finanzplanung<\/li>\n<li>Cashflow-Prognosen<\/li>\n<li>Budgetierung<\/li>\n<li>Erl\u00f6se aus Vertr\u00e4gen mit Kunden (IFRS 15)<\/li>\n<li>Bemessung des beizulegendes Zeitwerts (IFRS 13)<\/li>\n<li>Unternehmensbewertung<\/li>\n<li>Mergers &amp; Acquisitions Services<\/li>\n<\/ul>\n<hr \/>\n<figure id=\"attachment_4337\" aria-describedby=\"caption-attachment-4337\" style=\"width: 150px\" class=\"wp-caption alignright\"><a href=\"http:\/\/www.investaura.co\/dienstleistungen\/beratung\/leistungsmanagement\/\"><img data-attachment-id=\"4337\" data-permalink=\"https:\/\/www.investaura.co\/wordpress\/services\/consulting\/shutterstock_247165378\/\" data-orig-file=\"https:\/\/i0.wp.com\/www.investaura.co\/wordpress\/wp-content\/uploads\/2016\/02\/shutterstock_247165378.jpg?fit=1000%2C732&amp;ssl=1\" data-orig-size=\"1000,732\" data-comments-opened=\"0\" data-image-meta=\"{&quot;aperture&quot;:&quot;0&quot;,&quot;credit&quot;:&quot;&quot;,&quot;camera&quot;:&quot;&quot;,&quot;caption&quot;:&quot;&quot;,&quot;created_timestamp&quot;:&quot;0&quot;,&quot;copyright&quot;:&quot;&quot;,&quot;focal_length&quot;:&quot;0&quot;,&quot;iso&quot;:&quot;0&quot;,&quot;shutter_speed&quot;:&quot;0&quot;,&quot;title&quot;:&quot;&quot;,&quot;orientation&quot;:&quot;0&quot;}\" data-image-title=\"shutterstock_247165378\" data-image-description=\"\" data-image-caption=\"&lt;p&gt;Strategic Software solutions&lt;\/p&gt;\n\" data-medium-file=\"https:\/\/i0.wp.com\/www.investaura.co\/wordpress\/wp-content\/uploads\/2016\/02\/shutterstock_247165378.jpg?fit=300%2C220&amp;ssl=1\" data-large-file=\"https:\/\/i0.wp.com\/www.investaura.co\/wordpress\/wp-content\/uploads\/2016\/02\/shutterstock_247165378.jpg?fit=720%2C527&amp;ssl=1\" decoding=\"async\" loading=\"lazy\" class=\"wp-image-4337 size-thumbnail\" src=\"https:\/\/i0.wp.com\/www.invest-aura.com\/wordpress\/wp-content\/uploads\/2016\/02\/shutterstock_247165378-150x110.jpg?resize=150%2C110\" alt=\"Strategische Software L\u00f6sungen\" width=\"150\" height=\"110\" srcset=\"https:\/\/i0.wp.com\/www.investaura.co\/wordpress\/wp-content\/uploads\/2016\/02\/shutterstock_247165378.jpg?resize=150%2C110&amp;ssl=1 150w, https:\/\/i0.wp.com\/www.investaura.co\/wordpress\/wp-content\/uploads\/2016\/02\/shutterstock_247165378.jpg?resize=300%2C220&amp;ssl=1 300w, https:\/\/i0.wp.com\/www.investaura.co\/wordpress\/wp-content\/uploads\/2016\/02\/shutterstock_247165378.jpg?w=1000&amp;ssl=1 1000w\" sizes=\"(max-width: 150px) 100vw, 150px\" data-recalc-dims=\"1\" \/><\/a><figcaption id=\"caption-attachment-4337\" class=\"wp-caption-text\">Mehr &gt; &gt;<\/figcaption><\/figure>\n<h5>Performance Management<\/h5>\n<ul>\n<li>Strategisches Management<\/li>\n<li>Finanzverwaltung<\/li>\n<li>Gesch\u00e4ftliches Management<\/li>\n<\/ul>\n<hr \/>\n","protected":false},"excerpt":{"rendered":"<p>Wir leiten strategische Initiativen, identifizieren Wertsch\u00f6pfungsm\u00f6glichkeiten und arbeiten mit den F\u00fchrungskr\u00e4ften unserer Kunden zusammen, um sowohl die kurzfristige als auch die langfristige Unternehmensleistung zu verbessern. Unsere Berater sind erfahrene Fachleute mit umfassender operativer Erfahrung.<\/p>\n","protected":false},"author":1,"featured_media":4198,"parent":5749,"menu_order":10,"comment_status":"closed","ping_status":"closed","template":"","meta":{"jetpack_post_was_ever_published":false},"yoast_head":"<!-- This site is optimized with the Yoast SEO plugin v20.4 - https:\/\/yoast.com\/wordpress\/plugins\/seo\/ -->\n<title>Strategieberatung | Investaura<\/title>\n<meta name=\"robots\" content=\"index, follow, max-snippet:-1, max-image-preview:large, max-video-preview:-1\" \/>\n<link rel=\"canonical\" href=\"https:\/\/www.investaura.co\/wordpress\/dienstleistungen\/beratung\/\" \/>\n<meta property=\"og:locale\" content=\"en_GB\" \/>\n<meta property=\"og:type\" content=\"article\" \/>\n<meta property=\"og:title\" content=\"Strategieberatung | Investaura\" \/>\n<meta property=\"og:description\" content=\"Wir leiten strategische Initiativen, identifizieren Wertsch\u00f6pfungsm\u00f6glichkeiten und arbeiten mit den F\u00fchrungskr\u00e4ften unserer Kunden zusammen, um sowohl die kurzfristige als auch die langfristige Unternehmensleistung zu verbessern. Unsere Berater sind erfahrene Fachleute mit umfassender operativer Erfahrung.\" \/>\n<meta property=\"og:url\" content=\"https:\/\/www.investaura.co\/wordpress\/dienstleistungen\/beratung\/\" \/>\n<meta property=\"og:site_name\" content=\"Investaura\" \/>\n<meta property=\"article:modified_time\" content=\"2025-10-24T13:13:07+00:00\" \/>\n<meta property=\"og:image\" content=\"https:\/\/www.investaura.co\/wordpress\/wp-content\/uploads\/2016\/02\/shutterstock_282394148_smaller.jpg\" \/>\n\t<meta property=\"og:image:width\" content=\"1024\" \/>\n\t<meta property=\"og:image:height\" content=\"683\" \/>\n\t<meta property=\"og:image:type\" content=\"image\/jpeg\" \/>\n<meta name=\"twitter:card\" content=\"summary_large_image\" \/>\n<meta name=\"twitter:label1\" content=\"Estimated reading time\" \/>\n\t<meta name=\"twitter:data1\" content=\"2 minutes\" \/>\n<script type=\"application\/ld+json\" class=\"yoast-schema-graph\">{\"@context\":\"https:\/\/schema.org\",\"@graph\":[{\"@type\":\"WebPage\",\"@id\":\"https:\/\/www.investaura.co\/wordpress\/dienstleistungen\/beratung\/\",\"url\":\"https:\/\/www.investaura.co\/wordpress\/dienstleistungen\/beratung\/\",\"name\":\"Strategieberatung | Investaura\",\"isPartOf\":{\"@id\":\"https:\/\/www.investaura.co\/wordpress\/#website\"},\"datePublished\":\"2010-09-08T18:00:15+00:00\",\"dateModified\":\"2025-10-24T13:13:07+00:00\",\"breadcrumb\":{\"@id\":\"https:\/\/www.investaura.co\/wordpress\/dienstleistungen\/beratung\/#breadcrumb\"},\"inLanguage\":\"en-GB\",\"potentialAction\":[{\"@type\":\"ReadAction\",\"target\":[\"https:\/\/www.investaura.co\/wordpress\/dienstleistungen\/beratung\/\"]}]},{\"@type\":\"BreadcrumbList\",\"@id\":\"https:\/\/www.investaura.co\/wordpress\/dienstleistungen\/beratung\/#breadcrumb\",\"itemListElement\":[{\"@type\":\"ListItem\",\"position\":1,\"name\":\"Home\",\"item\":\"https:\/\/www.investaura.co\/wordpress\/\"},{\"@type\":\"ListItem\",\"position\":2,\"name\":\"Leistungen\",\"item\":\"https:\/\/www.investaura.co\/wordpress\/dienstleistungen\/\"},{\"@type\":\"ListItem\",\"position\":3,\"name\":\"Strategieberatung\"}]},{\"@type\":\"WebSite\",\"@id\":\"https:\/\/www.investaura.co\/wordpress\/#website\",\"url\":\"https:\/\/www.investaura.co\/wordpress\/\",\"name\":\"Investaura\",\"description\":\"The Value Creation Consultants\",\"publisher\":{\"@id\":\"https:\/\/www.investaura.co\/wordpress\/#organization\"},\"potentialAction\":[{\"@type\":\"SearchAction\",\"target\":{\"@type\":\"EntryPoint\",\"urlTemplate\":\"https:\/\/www.investaura.co\/wordpress\/?s={search_term_string}\"},\"query-input\":\"required name=search_term_string\"}],\"inLanguage\":\"en-GB\"},{\"@type\":\"Organization\",\"@id\":\"https:\/\/www.investaura.co\/wordpress\/#organization\",\"name\":\"Investaura\",\"url\":\"https:\/\/www.investaura.co\/wordpress\/\",\"logo\":{\"@type\":\"ImageObject\",\"inLanguage\":\"en-GB\",\"@id\":\"https:\/\/www.investaura.co\/wordpress\/#\/schema\/logo\/image\/\",\"url\":\"https:\/\/i0.wp.com\/www.investaura.co\/wordpress\/wp-content\/uploads\/Logo-INVESTAURA_RGB-blau-e1450351498844.jpg?fit=256%2C90&ssl=1\",\"contentUrl\":\"https:\/\/i0.wp.com\/www.investaura.co\/wordpress\/wp-content\/uploads\/Logo-INVESTAURA_RGB-blau-e1450351498844.jpg?fit=256%2C90&ssl=1\",\"width\":256,\"height\":90,\"caption\":\"Investaura\"},\"image\":{\"@id\":\"https:\/\/www.investaura.co\/wordpress\/#\/schema\/logo\/image\/\"},\"sameAs\":[\"https:\/\/www.linkedin.com\/company\/1229653\"]}]}<\/script>\n<!-- \/ Yoast SEO plugin. -->","yoast_head_json":{"title":"Strategieberatung | Investaura","robots":{"index":"index","follow":"follow","max-snippet":"max-snippet:-1","max-image-preview":"max-image-preview:large","max-video-preview":"max-video-preview:-1"},"canonical":"https:\/\/www.investaura.co\/wordpress\/dienstleistungen\/beratung\/","og_locale":"en_GB","og_type":"article","og_title":"Strategieberatung | Investaura","og_description":"Wir leiten strategische Initiativen, identifizieren Wertsch\u00f6pfungsm\u00f6glichkeiten und arbeiten mit den F\u00fchrungskr\u00e4ften unserer Kunden zusammen, um sowohl die kurzfristige als auch die langfristige Unternehmensleistung zu verbessern. Unsere Berater sind erfahrene Fachleute mit umfassender operativer Erfahrung.","og_url":"https:\/\/www.investaura.co\/wordpress\/dienstleistungen\/beratung\/","og_site_name":"Investaura","article_modified_time":"2025-10-24T13:13:07+00:00","og_image":[{"width":1024,"height":683,"url":"https:\/\/www.investaura.co\/wordpress\/wp-content\/uploads\/2016\/02\/shutterstock_282394148_smaller.jpg","type":"image\/jpeg"}],"twitter_card":"summary_large_image","twitter_misc":{"Estimated reading time":"2 minutes"},"schema":{"@context":"https:\/\/schema.org","@graph":[{"@type":"WebPage","@id":"https:\/\/www.investaura.co\/wordpress\/dienstleistungen\/beratung\/","url":"https:\/\/www.investaura.co\/wordpress\/dienstleistungen\/beratung\/","name":"Strategieberatung | Investaura","isPartOf":{"@id":"https:\/\/www.investaura.co\/wordpress\/#website"},"datePublished":"2010-09-08T18:00:15+00:00","dateModified":"2025-10-24T13:13:07+00:00","breadcrumb":{"@id":"https:\/\/www.investaura.co\/wordpress\/dienstleistungen\/beratung\/#breadcrumb"},"inLanguage":"en-GB","potentialAction":[{"@type":"ReadAction","target":["https:\/\/www.investaura.co\/wordpress\/dienstleistungen\/beratung\/"]}]},{"@type":"BreadcrumbList","@id":"https:\/\/www.investaura.co\/wordpress\/dienstleistungen\/beratung\/#breadcrumb","itemListElement":[{"@type":"ListItem","position":1,"name":"Home","item":"https:\/\/www.investaura.co\/wordpress\/"},{"@type":"ListItem","position":2,"name":"Leistungen","item":"https:\/\/www.investaura.co\/wordpress\/dienstleistungen\/"},{"@type":"ListItem","position":3,"name":"Strategieberatung"}]},{"@type":"WebSite","@id":"https:\/\/www.investaura.co\/wordpress\/#website","url":"https:\/\/www.investaura.co\/wordpress\/","name":"Investaura","description":"The Value Creation Consultants","publisher":{"@id":"https:\/\/www.investaura.co\/wordpress\/#organization"},"potentialAction":[{"@type":"SearchAction","target":{"@type":"EntryPoint","urlTemplate":"https:\/\/www.investaura.co\/wordpress\/?s={search_term_string}"},"query-input":"required name=search_term_string"}],"inLanguage":"en-GB"},{"@type":"Organization","@id":"https:\/\/www.investaura.co\/wordpress\/#organization","name":"Investaura","url":"https:\/\/www.investaura.co\/wordpress\/","logo":{"@type":"ImageObject","inLanguage":"en-GB","@id":"https:\/\/www.investaura.co\/wordpress\/#\/schema\/logo\/image\/","url":"https:\/\/i0.wp.com\/www.investaura.co\/wordpress\/wp-content\/uploads\/Logo-INVESTAURA_RGB-blau-e1450351498844.jpg?fit=256%2C90&ssl=1","contentUrl":"https:\/\/i0.wp.com\/www.investaura.co\/wordpress\/wp-content\/uploads\/Logo-INVESTAURA_RGB-blau-e1450351498844.jpg?fit=256%2C90&ssl=1","width":256,"height":90,"caption":"Investaura"},"image":{"@id":"https:\/\/www.investaura.co\/wordpress\/#\/schema\/logo\/image\/"},"sameAs":["https:\/\/www.linkedin.com\/company\/1229653"]}]}},"jetpack_shortlink":"https:\/\/wp.me\/P7ecno-1uN","jetpack-related-posts":[{"id":6268,"url":"https:\/\/www.investaura.co\/wordpress\/dienstleistungen\/mergers-and-acquisitions\/warum-investaura\/","url_meta":{"origin":5753,"position":0},"title":"Warum Investaura?","date":"March 24, 2015","format":false,"excerpt":"Investaura Berater sind Experten in der Kunst und Praxis von M&A-Engagements. Unsere Dienstleistungen sind ma\u00dfgeschneidert und entsprechen genau den Anforderungen unserer Kunden. Wir sind stolz folgende Vorteile anbieten zu k\u00f6nnen: Der Erfolg unserer Kunden ist unser Erfolg. Wir sind auf unsere Kunden ausgerichtet, weil wir selbst als Unternehmer denken und\u2026","rel":"","context":"Similar post","img":{"alt_text":"","src":"https:\/\/i0.wp.com\/www.investaura.co\/wordpress\/wp-content\/uploads\/shutterstock_139401482.jpg?fit=1000%2C554&ssl=1&resize=350%2C200","width":350,"height":200},"classes":[]},{"id":6248,"url":"https:\/\/www.investaura.co\/wordpress\/dienstleistungen\/marketing-sales-support\/markt-und-industrie-analyse\/","url_meta":{"origin":5753,"position":1},"title":"Markt- und Industrieanalyse","date":"December 2, 2015","format":false,"excerpt":"Ziel einer qualitativen oder quantitativen Markt- und Branchenanalyse ist es, die verschiedenen Makro- und Mikrosegmente im Zielmarkt genau zu verstehen. Wir identifizieren die wichtigsten Erfolgsfaktoren, kl\u00e4ren Marktbarrieren, analysieren den Wettbewerb, \u00fcberpr\u00fcfen regulatorische Fragen und quantifizieren unter anderem nicht oder zu wenig bediente Segmente. Dieses Verst\u00e4ndnis ist Voraussetzung f\u00fcr die Formulierung\u2026","rel":"","context":"Similar post","img":{"alt_text":"","src":"https:\/\/i0.wp.com\/www.investaura.co\/wordpress\/wp-content\/uploads\/2015\/12\/shutterstock_209058313_smaller.jpg?fit=1024%2C682&ssl=1&resize=350%2C200","width":350,"height":200},"classes":[]},{"id":5674,"url":"https:\/\/www.investaura.co\/wordpress\/de\/","url_meta":{"origin":5753,"position":2},"title":"Strategieumsetzung und Gesch\u00e4ftstransformation","date":"September 8, 2010","format":false,"excerpt":"Wir sind eine Gruppe erfahrener Fachleute und arbeiten mit den Teams unserer Kunden zusammen, um deren Probleme zu l\u00f6sen, Innovationen zu entwickeln und einen erheblichen Mehrwert f\u00fcr ihr Unternehmen zu schaffen. Wir bringen eine unternehmerische Denkweise mit: Wir nehmen uns der Probleme unserer Kunden an und helfen ihnen, st\u00e4rkere und\u2026","rel":"","context":"Similar post","img":{"alt_text":"","src":"https:\/\/i0.wp.com\/www.investaura.co\/wordpress\/wp-content\/uploads\/2016\/05\/shutterstock_388284034_smaller.jpg?fit=980%2C654&ssl=1&resize=350%2C200","width":350,"height":200},"classes":[]},{"id":6250,"url":"https:\/\/www.investaura.co\/wordpress\/dienstleistungen\/marketing-sales-support\/go-to-market-strategie\/","url_meta":{"origin":5753,"position":3},"title":"Markteinf\u00fchrungsstrategie","date":"December 2, 2015","format":false,"excerpt":"Um bei der Erschlie\u00dfung neuer M\u00e4rkte erfolgreich zu sein, ist ein systematisches Verst\u00e4ndnis der Zielm\u00e4rkte, Kundenbed\u00fcrfnisse und Vertriebskan\u00e4le unerl\u00e4sslich. Unsere erfahrenen Berater mit internationalem Hintergrund und langj\u00e4hriger Branchenerfahrung helfen Ihnen, das externe Umfeld und die besten Mittel zu verstehen, den Markt im Hinblick auf Ihr eigenes Angebot, das Angebot von\u2026","rel":"","context":"Similar post","img":{"alt_text":"","src":"https:\/\/i0.wp.com\/www.investaura.co\/wordpress\/wp-content\/uploads\/2015\/12\/shutterstock_209058313_smaller.jpg?fit=1024%2C682&ssl=1&resize=350%2C200","width":350,"height":200},"classes":[]},{"id":5760,"url":"https:\/\/www.investaura.co\/wordpress\/dienstleistungen\/performance-management-losungen\/","url_meta":{"origin":5753,"position":4},"title":"Performance-Management","date":"September 9, 2010","format":false,"excerpt":"Investaura bietet seinen Kunden leistungsf\u00e4hige Gesch\u00e4ftsanwendungen und nutzt dabei das Know-how der besten Softwareplattformen und die umfassende Expertise der Tech-Branche. Die Auswirkungen f\u00fcr die Kunden bestehen darin, besser zu verstehen, was in ihrem Gesch\u00e4ft vor sich geht, und Ma\u00dfnahmen zu ergreifen, um ihre Leistung zu verbessern. Zus\u00e4tzlich zu den Excel-basierten\u2026","rel":"","context":"Similar post","img":{"alt_text":"","src":"https:\/\/i0.wp.com\/www.investaura.co\/wordpress\/wp-content\/uploads\/2010\/09\/shutterstock_251280265_smaller.jpg?fit=1024%2C678&ssl=1&resize=350%2C200","width":350,"height":200},"classes":[]},{"id":6737,"url":"https:\/\/www.investaura.co\/wordpress\/losungen\/ma-der-luftfahrtindustrie\/","url_meta":{"origin":5753,"position":5},"title":"M&#038;A in der Luftfahrtindustrie","date":"January 30, 2019","format":false,"excerpt":"Ungeachtet des Abschwungs von 2008-2009 hat der weltweite Luftverkehrsmarkt im letzten Jahrzehnt ein starkes Wachstum verzeichnet, sowohl was die Passagierzahlen (+ 62,8% zwischen 2007 und 2018) als auch das Frachtvolumen (+ 40,6% im selben Zeitraum) betrifft. Mehr als die H\u00e4lfte der 1,4 Milliarden Touristen der Welt, die 2018 \u00fcber die\u2026","rel":"","context":"Similar post","img":{"alt_text":"","src":"https:\/\/i0.wp.com\/www.investaura.co\/wordpress\/wp-content\/uploads\/2019\/01\/shutterstock_324754607_smaller3.jpg?fit=1024%2C429&ssl=1&resize=350%2C200","width":350,"height":200},"classes":[]}],"jetpack_sharing_enabled":true,"_links":{"self":[{"href":"https:\/\/www.investaura.co\/wordpress\/wp-json\/wp\/v2\/pages\/5753"}],"collection":[{"href":"https:\/\/www.investaura.co\/wordpress\/wp-json\/wp\/v2\/pages"}],"about":[{"href":"https:\/\/www.investaura.co\/wordpress\/wp-json\/wp\/v2\/types\/page"}],"author":[{"embeddable":true,"href":"https:\/\/www.investaura.co\/wordpress\/wp-json\/wp\/v2\/users\/1"}],"replies":[{"embeddable":true,"href":"https:\/\/www.investaura.co\/wordpress\/wp-json\/wp\/v2\/comments?post=5753"}],"version-history":[{"count":12,"href":"https:\/\/www.investaura.co\/wordpress\/wp-json\/wp\/v2\/pages\/5753\/revisions"}],"predecessor-version":[{"id":8262,"href":"https:\/\/www.investaura.co\/wordpress\/wp-json\/wp\/v2\/pages\/5753\/revisions\/8262"}],"up":[{"embeddable":true,"href":"https:\/\/www.investaura.co\/wordpress\/wp-json\/wp\/v2\/pages\/5749"}],"wp:featuredmedia":[{"embeddable":true,"href":"https:\/\/www.investaura.co\/wordpress\/wp-json\/wp\/v2\/media\/4198"}],"wp:attachment":[{"href":"https:\/\/www.investaura.co\/wordpress\/wp-json\/wp\/v2\/media?parent=5753"}],"curies":[{"name":"wp","href":"https:\/\/api.w.org\/{rel}","templated":true}]}}