{"id":5752,"date":"2010-09-08T20:00:15","date_gmt":"2010-09-08T18:00:15","guid":{"rendered":"http:\/\/www.invest-aura.com\/wordpress\/?page_id=14"},"modified":"2025-10-24T15:06:03","modified_gmt":"2025-10-24T13:06:03","slug":"conseil","status":"publish","type":"page","link":"https:\/\/www.investaura.co\/wordpress\/nos-services\/conseil\/","title":{"rendered":"Conseil en strat\u00e9gie"},"content":{"rendered":"<p>Nous menons des initiatives strat\u00e9giques, identifions des opportunit\u00e9s de cr\u00e9ation de valeur et travaillons avec les dirigeants de nos clients pour am\u00e9liorer la performances de l&#8217;entreprise \u00e0 court et \u00e0 moyen terme. Nos consultants sont des professionnels issus de l&#8217;industrie et sont dot\u00e9s d&#8217;une solide exp\u00e9rience op\u00e9rationnelle.<!--more--><\/p>\n<p>Nous apportons une attitude rafra\u00eechissante bas\u00e9e sur trois principes: nous avons une mentalit\u00e9 d&#8217;entrepreneur, nous sommes ax\u00e9s sur la mise en \u0153uvre, et nous engageons \u00e0 r\u00e9soudre les probl\u00e8mes de nos clients.<\/p>\n<hr \/>\n<h5><\/h5>\n<h5>Strat\u00e9gie et planification d&#8217;entreprise<\/h5>\n<ul>\n<li>Strat\u00e9gie\n<figure id=\"attachment_4386\" aria-describedby=\"caption-attachment-4386\" style=\"width: 150px\" class=\"wp-caption alignright\"><a href=\"http:\/\/www.investaura.co\/nos-services\/conseil\/strategie-et-business-planning\/\"><img data-attachment-id=\"4386\" data-permalink=\"https:\/\/www.investaura.co\/wordpress\/services\/consulting\/shutterstock_280679183\/\" data-orig-file=\"https:\/\/i0.wp.com\/www.investaura.co\/wordpress\/wp-content\/uploads\/2016\/02\/shutterstock_280679183.jpg?fit=1000%2C555&amp;ssl=1\" data-orig-size=\"1000,555\" data-comments-opened=\"0\" data-image-meta=\"{&quot;aperture&quot;:&quot;0&quot;,&quot;credit&quot;:&quot;&quot;,&quot;camera&quot;:&quot;&quot;,&quot;caption&quot;:&quot;&quot;,&quot;created_timestamp&quot;:&quot;0&quot;,&quot;copyright&quot;:&quot;&quot;,&quot;focal_length&quot;:&quot;0&quot;,&quot;iso&quot;:&quot;0&quot;,&quot;shutter_speed&quot;:&quot;0&quot;,&quot;title&quot;:&quot;&quot;,&quot;orientation&quot;:&quot;0&quot;}\" data-image-title=\"shutterstock_280679183\" data-image-description=\"\" data-image-caption=\"&lt;p&gt;Strategy services&lt;\/p&gt;\n\" data-medium-file=\"https:\/\/i0.wp.com\/www.investaura.co\/wordpress\/wp-content\/uploads\/2016\/02\/shutterstock_280679183.jpg?fit=300%2C167&amp;ssl=1\" data-large-file=\"https:\/\/i0.wp.com\/www.investaura.co\/wordpress\/wp-content\/uploads\/2016\/02\/shutterstock_280679183.jpg?fit=720%2C400&amp;ssl=1\" decoding=\"async\" loading=\"lazy\" class=\"wp-image-4386 size-thumbnail\" src=\"https:\/\/i0.wp.com\/www.invest-aura.com\/wordpress\/wp-content\/uploads\/2016\/02\/shutterstock_280679183-150x83.jpg?resize=150%2C83\" alt=\"Services de strat\u00e9gie\" width=\"150\" height=\"83\" srcset=\"https:\/\/i0.wp.com\/www.investaura.co\/wordpress\/wp-content\/uploads\/2016\/02\/shutterstock_280679183.jpg?resize=150%2C83&amp;ssl=1 150w, https:\/\/i0.wp.com\/www.investaura.co\/wordpress\/wp-content\/uploads\/2016\/02\/shutterstock_280679183.jpg?resize=300%2C167&amp;ssl=1 300w, https:\/\/i0.wp.com\/www.investaura.co\/wordpress\/wp-content\/uploads\/2016\/02\/shutterstock_280679183.jpg?w=1000&amp;ssl=1 1000w\" sizes=\"(max-width: 150px) 100vw, 150px\" data-recalc-dims=\"1\" \/><\/a><figcaption id=\"caption-attachment-4386\" class=\"wp-caption-text\">Notre approche &gt; &gt;<\/figcaption><\/figure>\n<ul>\n<li>March\u00e9, clients, tarification<\/li>\n<li>Portfolio, technologies, op\u00e9rations<\/li>\n<\/ul>\n<\/li>\n<li>Business Plan\n<ul>\n<li>Start-up<\/li>\n<li>Entreprise mature<\/li>\n<li>M&amp;A<\/li>\n<\/ul>\n<\/li>\n<\/ul>\n<hr \/>\n<figure id=\"attachment_4336\" aria-describedby=\"caption-attachment-4336\" style=\"width: 150px\" class=\"wp-caption alignright\"><a href=\"http:\/\/www.investaura.co\/nos-services\/conseil\/corporate-finance\/\"><img data-attachment-id=\"4336\" data-permalink=\"https:\/\/www.investaura.co\/wordpress\/services\/consulting\/shutterstock_272925929\/\" data-orig-file=\"https:\/\/i0.wp.com\/www.investaura.co\/wordpress\/wp-content\/uploads\/2016\/02\/shutterstock_272925929.jpg?fit=1000%2C667&amp;ssl=1\" data-orig-size=\"1000,667\" data-comments-opened=\"0\" data-image-meta=\"{&quot;aperture&quot;:&quot;0&quot;,&quot;credit&quot;:&quot;&quot;,&quot;camera&quot;:&quot;&quot;,&quot;caption&quot;:&quot;&quot;,&quot;created_timestamp&quot;:&quot;0&quot;,&quot;copyright&quot;:&quot;&quot;,&quot;focal_length&quot;:&quot;0&quot;,&quot;iso&quot;:&quot;0&quot;,&quot;shutter_speed&quot;:&quot;0&quot;,&quot;title&quot;:&quot;&quot;,&quot;orientation&quot;:&quot;0&quot;}\" data-image-title=\"shutterstock_272925929\" data-image-description=\"\" data-image-caption=\"&lt;p&gt;White Paper on Fixed Asset Valuation and Fair Value Measurement&lt;\/p&gt;\n\" data-medium-file=\"https:\/\/i0.wp.com\/www.investaura.co\/wordpress\/wp-content\/uploads\/2016\/02\/shutterstock_272925929.jpg?fit=300%2C200&amp;ssl=1\" data-large-file=\"https:\/\/i0.wp.com\/www.investaura.co\/wordpress\/wp-content\/uploads\/2016\/02\/shutterstock_272925929.jpg?fit=720%2C480&amp;ssl=1\" decoding=\"async\" loading=\"lazy\" class=\"wp-image-4336 size-thumbnail\" src=\"https:\/\/i0.wp.com\/www.invest-aura.com\/wordpress\/wp-content\/uploads\/2020\/08\/eye.png?resize=150%2C100\" alt=\"Livre blanc sur l'\u00e9valuation des immobilisations et la mesure de la juste valeur\" width=\"150\" height=\"100\" data-recalc-dims=\"1\" \/><\/a><figcaption id=\"caption-attachment-4336\" class=\"wp-caption-text\">Exemples\u00a0 &gt; &gt;<\/figcaption><\/figure>\n<h5>Corporate Finance<\/h5>\n<ul>\n<li>Planification financi\u00e8re<\/li>\n<li>Planification du cash<\/li>\n<li>Elaboration budg\u00e9taire<\/li>\n<li>Reconnaissance des revenus des contrats (IFRS 15)<\/li>\n<li>Evaluation des actifs et de la juste valeur (IFRS 13)<\/li>\n<li>Valorisation d&#8217;entreprise<\/li>\n<li>Services Fusions-Acquisitions, y compris Due Diligence<\/li>\n<\/ul>\n<hr \/>\n<figure id=\"attachment_4337\" aria-describedby=\"caption-attachment-4337\" style=\"width: 150px\" class=\"wp-caption alignright\"><a href=\"http:\/\/www.investaura.co\/nos-services\/conseil\/la-gestion-du-rendement\/\"><img data-attachment-id=\"4337\" data-permalink=\"https:\/\/www.investaura.co\/wordpress\/services\/consulting\/shutterstock_247165378\/\" data-orig-file=\"https:\/\/i0.wp.com\/www.investaura.co\/wordpress\/wp-content\/uploads\/2016\/02\/shutterstock_247165378.jpg?fit=1000%2C732&amp;ssl=1\" data-orig-size=\"1000,732\" data-comments-opened=\"0\" data-image-meta=\"{&quot;aperture&quot;:&quot;0&quot;,&quot;credit&quot;:&quot;&quot;,&quot;camera&quot;:&quot;&quot;,&quot;caption&quot;:&quot;&quot;,&quot;created_timestamp&quot;:&quot;0&quot;,&quot;copyright&quot;:&quot;&quot;,&quot;focal_length&quot;:&quot;0&quot;,&quot;iso&quot;:&quot;0&quot;,&quot;shutter_speed&quot;:&quot;0&quot;,&quot;title&quot;:&quot;&quot;,&quot;orientation&quot;:&quot;0&quot;}\" data-image-title=\"shutterstock_247165378\" data-image-description=\"\" data-image-caption=\"&lt;p&gt;Strategic Software solutions&lt;\/p&gt;\n\" data-medium-file=\"https:\/\/i0.wp.com\/www.investaura.co\/wordpress\/wp-content\/uploads\/2016\/02\/shutterstock_247165378.jpg?fit=300%2C220&amp;ssl=1\" data-large-file=\"https:\/\/i0.wp.com\/www.investaura.co\/wordpress\/wp-content\/uploads\/2016\/02\/shutterstock_247165378.jpg?fit=720%2C527&amp;ssl=1\" decoding=\"async\" loading=\"lazy\" class=\"wp-image-4337 size-thumbnail\" src=\"https:\/\/i0.wp.com\/www.invest-aura.com\/wordpress\/wp-content\/uploads\/2016\/02\/shutterstock_247165378-150x110.jpg?resize=150%2C110\" alt=\"Solutions logicielles strat\u00e9giques\" width=\"150\" height=\"110\" srcset=\"https:\/\/i0.wp.com\/www.investaura.co\/wordpress\/wp-content\/uploads\/2016\/02\/shutterstock_247165378.jpg?resize=150%2C110&amp;ssl=1 150w, https:\/\/i0.wp.com\/www.investaura.co\/wordpress\/wp-content\/uploads\/2016\/02\/shutterstock_247165378.jpg?resize=300%2C220&amp;ssl=1 300w, https:\/\/i0.wp.com\/www.investaura.co\/wordpress\/wp-content\/uploads\/2016\/02\/shutterstock_247165378.jpg?w=1000&amp;ssl=1 1000w\" sizes=\"(max-width: 150px) 100vw, 150px\" data-recalc-dims=\"1\" \/><\/a><figcaption id=\"caption-attachment-4337\" class=\"wp-caption-text\">Applications &gt; &gt;<\/figcaption><\/figure>\n<h5>Pilotage de la performance<\/h5>\n<ul>\n<li>Gestion strat\u00e9gique<\/li>\n<li>Gestion financi\u00e8re<\/li>\n<li>Gestion commerciale<\/li>\n<\/ul>\n<hr \/>\n","protected":false},"excerpt":{"rendered":"<p>Nous menons des initiatives strat\u00e9giques, identifions des opportunit\u00e9s de cr\u00e9ation de valeur et travaillons avec les dirigeants de nos clients pour am\u00e9liorer la performances de l&#8217;entreprise \u00e0 court et \u00e0 moyen terme. Nos consultants sont des professionnels issus de l&#8217;industrie&#8230; <\/p>\n<div class=\"more-link-container\"><a class=\"more-link\" href=\"https:\/\/www.investaura.co\/wordpress\/nos-services\/conseil\/\">Read More<\/a><\/div>\n","protected":false},"author":1,"featured_media":4198,"parent":5748,"menu_order":10,"comment_status":"closed","ping_status":"closed","template":"","meta":{"jetpack_post_was_ever_published":false},"yoast_head":"<!-- This site is optimized with the Yoast SEO plugin v20.4 - https:\/\/yoast.com\/wordpress\/plugins\/seo\/ -->\n<title>Conseil en strat\u00e9gie | Investaura<\/title>\n<meta name=\"robots\" content=\"index, follow, max-snippet:-1, max-image-preview:large, max-video-preview:-1\" \/>\n<link rel=\"canonical\" href=\"https:\/\/www.investaura.co\/wordpress\/nos-services\/conseil\/\" \/>\n<meta property=\"og:locale\" content=\"en_GB\" \/>\n<meta property=\"og:type\" content=\"article\" \/>\n<meta property=\"og:title\" content=\"Conseil en strat\u00e9gie | Investaura\" \/>\n<meta property=\"og:description\" content=\"Nous menons des initiatives strat\u00e9giques, identifions des opportunit\u00e9s de cr\u00e9ation de valeur et travaillons avec les dirigeants de nos clients pour am\u00e9liorer la performances de l&#8217;entreprise \u00e0 court et \u00e0 moyen terme. Nos consultants sont des professionnels issus de l&#8217;industrie... Read More\" \/>\n<meta property=\"og:url\" content=\"https:\/\/www.investaura.co\/wordpress\/nos-services\/conseil\/\" \/>\n<meta property=\"og:site_name\" content=\"Investaura\" \/>\n<meta property=\"article:modified_time\" content=\"2025-10-24T13:06:03+00:00\" \/>\n<meta property=\"og:image\" content=\"https:\/\/www.investaura.co\/wordpress\/wp-content\/uploads\/2016\/02\/shutterstock_282394148_smaller.jpg\" \/>\n\t<meta property=\"og:image:width\" content=\"1024\" \/>\n\t<meta property=\"og:image:height\" content=\"683\" \/>\n\t<meta property=\"og:image:type\" content=\"image\/jpeg\" \/>\n<meta name=\"twitter:card\" content=\"summary_large_image\" \/>\n<meta name=\"twitter:label1\" content=\"Estimated reading time\" \/>\n\t<meta name=\"twitter:data1\" content=\"2 minutes\" \/>\n<script type=\"application\/ld+json\" class=\"yoast-schema-graph\">{\"@context\":\"https:\/\/schema.org\",\"@graph\":[{\"@type\":\"WebPage\",\"@id\":\"https:\/\/www.investaura.co\/wordpress\/nos-services\/conseil\/\",\"url\":\"https:\/\/www.investaura.co\/wordpress\/nos-services\/conseil\/\",\"name\":\"Conseil en strat\u00e9gie | Investaura\",\"isPartOf\":{\"@id\":\"https:\/\/www.investaura.co\/wordpress\/#website\"},\"datePublished\":\"2010-09-08T18:00:15+00:00\",\"dateModified\":\"2025-10-24T13:06:03+00:00\",\"breadcrumb\":{\"@id\":\"https:\/\/www.investaura.co\/wordpress\/nos-services\/conseil\/#breadcrumb\"},\"inLanguage\":\"en-GB\",\"potentialAction\":[{\"@type\":\"ReadAction\",\"target\":[\"https:\/\/www.investaura.co\/wordpress\/nos-services\/conseil\/\"]}]},{\"@type\":\"BreadcrumbList\",\"@id\":\"https:\/\/www.investaura.co\/wordpress\/nos-services\/conseil\/#breadcrumb\",\"itemListElement\":[{\"@type\":\"ListItem\",\"position\":1,\"name\":\"Home\",\"item\":\"https:\/\/www.investaura.co\/wordpress\/\"},{\"@type\":\"ListItem\",\"position\":2,\"name\":\"Services\",\"item\":\"https:\/\/www.investaura.co\/wordpress\/nos-services\/\"},{\"@type\":\"ListItem\",\"position\":3,\"name\":\"Conseil en strat\u00e9gie\"}]},{\"@type\":\"WebSite\",\"@id\":\"https:\/\/www.investaura.co\/wordpress\/#website\",\"url\":\"https:\/\/www.investaura.co\/wordpress\/\",\"name\":\"Investaura\",\"description\":\"The Value Creation Consultants\",\"publisher\":{\"@id\":\"https:\/\/www.investaura.co\/wordpress\/#organization\"},\"potentialAction\":[{\"@type\":\"SearchAction\",\"target\":{\"@type\":\"EntryPoint\",\"urlTemplate\":\"https:\/\/www.investaura.co\/wordpress\/?s={search_term_string}\"},\"query-input\":\"required name=search_term_string\"}],\"inLanguage\":\"en-GB\"},{\"@type\":\"Organization\",\"@id\":\"https:\/\/www.investaura.co\/wordpress\/#organization\",\"name\":\"Investaura\",\"url\":\"https:\/\/www.investaura.co\/wordpress\/\",\"logo\":{\"@type\":\"ImageObject\",\"inLanguage\":\"en-GB\",\"@id\":\"https:\/\/www.investaura.co\/wordpress\/#\/schema\/logo\/image\/\",\"url\":\"https:\/\/i0.wp.com\/www.investaura.co\/wordpress\/wp-content\/uploads\/Logo-INVESTAURA_RGB-blau-e1450351498844.jpg?fit=256%2C90&ssl=1\",\"contentUrl\":\"https:\/\/i0.wp.com\/www.investaura.co\/wordpress\/wp-content\/uploads\/Logo-INVESTAURA_RGB-blau-e1450351498844.jpg?fit=256%2C90&ssl=1\",\"width\":256,\"height\":90,\"caption\":\"Investaura\"},\"image\":{\"@id\":\"https:\/\/www.investaura.co\/wordpress\/#\/schema\/logo\/image\/\"},\"sameAs\":[\"https:\/\/www.linkedin.com\/company\/1229653\"]}]}<\/script>\n<!-- \/ Yoast SEO plugin. -->","yoast_head_json":{"title":"Conseil en strat\u00e9gie | Investaura","robots":{"index":"index","follow":"follow","max-snippet":"max-snippet:-1","max-image-preview":"max-image-preview:large","max-video-preview":"max-video-preview:-1"},"canonical":"https:\/\/www.investaura.co\/wordpress\/nos-services\/conseil\/","og_locale":"en_GB","og_type":"article","og_title":"Conseil en strat\u00e9gie | Investaura","og_description":"Nous menons des initiatives strat\u00e9giques, identifions des opportunit\u00e9s de cr\u00e9ation de valeur et travaillons avec les dirigeants de nos clients pour am\u00e9liorer la performances de l&#8217;entreprise \u00e0 court et \u00e0 moyen terme. Nos consultants sont des professionnels issus de l&#8217;industrie... Read More","og_url":"https:\/\/www.investaura.co\/wordpress\/nos-services\/conseil\/","og_site_name":"Investaura","article_modified_time":"2025-10-24T13:06:03+00:00","og_image":[{"width":1024,"height":683,"url":"https:\/\/www.investaura.co\/wordpress\/wp-content\/uploads\/2016\/02\/shutterstock_282394148_smaller.jpg","type":"image\/jpeg"}],"twitter_card":"summary_large_image","twitter_misc":{"Estimated reading time":"2 minutes"},"schema":{"@context":"https:\/\/schema.org","@graph":[{"@type":"WebPage","@id":"https:\/\/www.investaura.co\/wordpress\/nos-services\/conseil\/","url":"https:\/\/www.investaura.co\/wordpress\/nos-services\/conseil\/","name":"Conseil en strat\u00e9gie | Investaura","isPartOf":{"@id":"https:\/\/www.investaura.co\/wordpress\/#website"},"datePublished":"2010-09-08T18:00:15+00:00","dateModified":"2025-10-24T13:06:03+00:00","breadcrumb":{"@id":"https:\/\/www.investaura.co\/wordpress\/nos-services\/conseil\/#breadcrumb"},"inLanguage":"en-GB","potentialAction":[{"@type":"ReadAction","target":["https:\/\/www.investaura.co\/wordpress\/nos-services\/conseil\/"]}]},{"@type":"BreadcrumbList","@id":"https:\/\/www.investaura.co\/wordpress\/nos-services\/conseil\/#breadcrumb","itemListElement":[{"@type":"ListItem","position":1,"name":"Home","item":"https:\/\/www.investaura.co\/wordpress\/"},{"@type":"ListItem","position":2,"name":"Services","item":"https:\/\/www.investaura.co\/wordpress\/nos-services\/"},{"@type":"ListItem","position":3,"name":"Conseil en strat\u00e9gie"}]},{"@type":"WebSite","@id":"https:\/\/www.investaura.co\/wordpress\/#website","url":"https:\/\/www.investaura.co\/wordpress\/","name":"Investaura","description":"The Value Creation Consultants","publisher":{"@id":"https:\/\/www.investaura.co\/wordpress\/#organization"},"potentialAction":[{"@type":"SearchAction","target":{"@type":"EntryPoint","urlTemplate":"https:\/\/www.investaura.co\/wordpress\/?s={search_term_string}"},"query-input":"required name=search_term_string"}],"inLanguage":"en-GB"},{"@type":"Organization","@id":"https:\/\/www.investaura.co\/wordpress\/#organization","name":"Investaura","url":"https:\/\/www.investaura.co\/wordpress\/","logo":{"@type":"ImageObject","inLanguage":"en-GB","@id":"https:\/\/www.investaura.co\/wordpress\/#\/schema\/logo\/image\/","url":"https:\/\/i0.wp.com\/www.investaura.co\/wordpress\/wp-content\/uploads\/Logo-INVESTAURA_RGB-blau-e1450351498844.jpg?fit=256%2C90&ssl=1","contentUrl":"https:\/\/i0.wp.com\/www.investaura.co\/wordpress\/wp-content\/uploads\/Logo-INVESTAURA_RGB-blau-e1450351498844.jpg?fit=256%2C90&ssl=1","width":256,"height":90,"caption":"Investaura"},"image":{"@id":"https:\/\/www.investaura.co\/wordpress\/#\/schema\/logo\/image\/"},"sameAs":["https:\/\/www.linkedin.com\/company\/1229653"]}]}},"jetpack_shortlink":"https:\/\/wp.me\/P7ecno-1uM","jetpack-related-posts":[{"id":6249,"url":"https:\/\/www.investaura.co\/wordpress\/nos-services\/marketing-ventes-support\/go-to-market-strategie\/","url_meta":{"origin":5752,"position":0},"title":"Strat\u00e9gie de commercialisation","date":"December 2, 2015","format":false,"excerpt":"Pour r\u00e9ussir sur les nouveaux march\u00e9s, il est fondamental d'avoir une compr\u00e9hension syst\u00e9matique des segments de march\u00e9 cibles, des exigences des clients et des canaux de distribution. Nos consultants poss\u00e8dent une exp\u00e9rience internationale et de nombreuses ann\u00e9es d'exp\u00e9rience dans l'industrie; ils vous aident \u00e0 comprendre l'environnement externe et la meilleure\u2026","rel":"","context":"Similar post","img":{"alt_text":"","src":"https:\/\/i0.wp.com\/www.investaura.co\/wordpress\/wp-content\/uploads\/2015\/12\/shutterstock_209058313_smaller.jpg?fit=1024%2C682&ssl=1&resize=350%2C200","width":350,"height":200},"classes":[]},{"id":5672,"url":"https:\/\/www.investaura.co\/wordpress\/fr\/","url_meta":{"origin":5752,"position":1},"title":"Transformation d&#8217;entreprise et Cr\u00e9ation de valeur","date":"September 8, 2010","format":false,"excerpt":"Nous sommes un groupe de professionnels seniors et aidons les \u00e9quipes de nos clients \u00e0 r\u00e9soudre leurs 'pain points', innover, et cr\u00e9er plus de valeur dans leur entreprise. Nous apportons un \u00e9tat d'esprit d'entrepreneur : nous nous approprions les probl\u00e8mes de nos clients et les aidons \u00e0 d\u00e9velopper des entreprises\u2026","rel":"","context":"Similar post","img":{"alt_text":"","src":"https:\/\/i0.wp.com\/www.investaura.co\/wordpress\/wp-content\/uploads\/2016\/05\/shutterstock_388284034_smaller.jpg?fit=980%2C654&ssl=1&resize=350%2C200","width":350,"height":200},"classes":[]},{"id":6303,"url":"https:\/\/www.investaura.co\/wordpress\/nos-services\/conseil\/strategie-et-business-planning\/","url_meta":{"origin":5752,"position":2},"title":"Strat\u00e9gie et planification d&#8217;entreprise","date":"March 26, 2015","format":false,"excerpt":"Les consultants d'Investaura ont une vaste exp\u00e9rience dans le domaine de la strat\u00e9gie - appliqu\u00e9e, d\u00e9taill\u00e9e - et de la planification d'entreprise - quantifi\u00e9e, robuste, r\u00e9alisable - remontant au milieu des ann\u00e9es 1990. Nous comprenons les petites et les grandes entreprises. Nous sommes des consultants devenus entrepreneurs et savons ce\u2026","rel":"","context":"Similar post","img":{"alt_text":"","src":"https:\/\/i0.wp.com\/www.investaura.co\/wordpress\/wp-content\/uploads\/2016\/02\/shutterstock_282394148_smaller.jpg?fit=1024%2C683&ssl=1&resize=350%2C200","width":350,"height":200},"classes":[]},{"id":6755,"url":"https:\/\/www.investaura.co\/wordpress\/nos-services\/business-planning-fr\/","url_meta":{"origin":5752,"position":3},"title":"Business Planning","date":"January 31, 2019","format":false,"excerpt":"Un grand nombre de gestionnaires participent \u00e0 la pr\u00e9paration de plans d'affaires, que ce soit dans une start-up, une soci\u00e9t\u00e9 mature ou dans un contexte de fusion-acquisition. Malheureusement, les r\u00e9sultats ne sont pas toujours convaincants. Investaura poss\u00e8de une vaste exp\u00e9rience dans le domaine de la planification financi\u00e8re. La pr\u00e9paration d'un\u2026","rel":"","context":"Similar post","img":{"alt_text":"","src":"https:\/\/i0.wp.com\/www.investaura.co\/wordpress\/wp-content\/uploads\/2010\/09\/shutterstock_251280265_smaller.jpg?fit=1024%2C678&ssl=1&resize=350%2C200","width":350,"height":200},"classes":[]},{"id":5698,"url":"https:\/\/www.investaura.co\/wordpress\/boite-a-solutions\/business-planification-evaluation\/","url_meta":{"origin":5752,"position":4},"title":"Business Planning et Valorisation d&#8217;entreprise","date":"March 2, 2016","format":false,"excerpt":"Un grand nombre de managers sont impliqu\u00e9s dans la pr\u00e9paration de Business Plans, que ce soit dans une start-up, une entreprise mature ou dans un contexte de fusions-acquisitions. Malheureusement, les r\u00e9sultats ne sont pas toujours convaincants, ni corrects! La pr\u00e9paration d'un Business Plan est une activit\u00e9 holistique qui exige non\u2026","rel":"","context":"Similar post","img":{"alt_text":"","src":"https:\/\/i0.wp.com\/www.investaura.co\/wordpress\/wp-content\/uploads\/2024\/07\/Business_Planning3.jpg?fit=1024%2C769&ssl=1&resize=350%2C200","width":350,"height":200},"classes":[]},{"id":6247,"url":"https:\/\/www.investaura.co\/wordpress\/nos-services\/marketing-ventes-support\/analyse-du-marche-et-de-lindustrie\/","url_meta":{"origin":5752,"position":5},"title":"Etude de march\u00e9 et de l&#8217;industrie","date":"December 2, 2015","format":false,"excerpt":"L'objectif d'une \u00e9tude de march\u00e9 qualitative et quantitative est d'acqu\u00e9rir une compr\u00e9hension approfondie des diff\u00e9rents segments du march\u00e9 cible. Nous identifions les facteurs cl\u00e9s de succ\u00e8s, clarifions les barri\u00e8res \u00e0 l'entr\u00e9e, analysons la concurrence, examinons les probl\u00e8mes de r\u00e9glementation et quantifions les segments non ou mal servis, entre autres choses.\u2026","rel":"","context":"Similar post","img":{"alt_text":"","src":"https:\/\/i0.wp.com\/www.investaura.co\/wordpress\/wp-content\/uploads\/2015\/12\/shutterstock_209058313_smaller.jpg?fit=1024%2C682&ssl=1&resize=350%2C200","width":350,"height":200},"classes":[]}],"jetpack_sharing_enabled":true,"_links":{"self":[{"href":"https:\/\/www.investaura.co\/wordpress\/wp-json\/wp\/v2\/pages\/5752"}],"collection":[{"href":"https:\/\/www.investaura.co\/wordpress\/wp-json\/wp\/v2\/pages"}],"about":[{"href":"https:\/\/www.investaura.co\/wordpress\/wp-json\/wp\/v2\/types\/page"}],"author":[{"embeddable":true,"href":"https:\/\/www.investaura.co\/wordpress\/wp-json\/wp\/v2\/users\/1"}],"replies":[{"embeddable":true,"href":"https:\/\/www.investaura.co\/wordpress\/wp-json\/wp\/v2\/comments?post=5752"}],"version-history":[{"count":21,"href":"https:\/\/www.investaura.co\/wordpress\/wp-json\/wp\/v2\/pages\/5752\/revisions"}],"predecessor-version":[{"id":8259,"href":"https:\/\/www.investaura.co\/wordpress\/wp-json\/wp\/v2\/pages\/5752\/revisions\/8259"}],"up":[{"embeddable":true,"href":"https:\/\/www.investaura.co\/wordpress\/wp-json\/wp\/v2\/pages\/5748"}],"wp:featuredmedia":[{"embeddable":true,"href":"https:\/\/www.investaura.co\/wordpress\/wp-json\/wp\/v2\/media\/4198"}],"wp:attachment":[{"href":"https:\/\/www.investaura.co\/wordpress\/wp-json\/wp\/v2\/media?parent=5752"}],"curies":[{"name":"wp","href":"https:\/\/api.w.org\/{rel}","templated":true}]}}