{"id":5713,"date":"2016-08-12T11:02:09","date_gmt":"2016-08-12T09:02:09","guid":{"rendered":"http:\/\/www.invest-aura.com\/?page_id=5011"},"modified":"2018-04-01T17:45:56","modified_gmt":"2018-04-01T15:45:56","slug":"expansion-vers-allemagne-via-cross-border-ma","status":"publish","type":"page","link":"https:\/\/www.investaura.co\/wordpress\/boite-a-solutions\/expansion-vers-allemagne-via-cross-border-ma\/","title":{"rendered":"Expansion internationale vers l&#8217;Allemagne par Fusion-Acquisition"},"content":{"rendered":"<p>De nombreuses PME europ\u00e9ennes ont atteint la limite de leur potentiel de croissance dans leur march\u00e9 national. L&#8217;expansion vers les pays frontaliers est une \u00e9tape naturelle pour beaucoup. Investaura aide actuellement plusieurs clients europ\u00e9ens \u00e0 s&#8217;\u00e9tablir en Allemagne par Fusions &amp; Acquisitions (M&amp;A).<!--more--><\/p>\n<p>Dans une Europe aux prises \u00e0 une croissance molle, l&#8217;Allemagne se distingue non seulement comme le plus grand march\u00e9 en Europe, mais aussi comme l&#8217;une des \u00e9conomies les plus performantes. L&#8217;Allemagne b\u00e9n\u00e9ficie de nombreux avantages, notamment:<\/p>\n<ul>\n<li>une situation g\u00e9ographique id\u00e9ale au c\u0153ur de l&#8217;Europe<\/li>\n<li>une forte densit\u00e9 de PME, dont beaucoup entretiennent des relations d&#8217;affaires internationales<\/li>\n<li>une main-d&#8217;\u0153uvre qualifi\u00e9 et relativement bon march\u00e9<\/li>\n<li>une r\u00e9putation de produits et services de qualit\u00e9<\/li>\n<li>de bonnes infrastructures avec un acc\u00e8s rapide aux autres \u00e9conomies europ\u00e9ennes, en particulier la France, le Benelux, la Suisse, l&#8217;Italie, la Pologne, l&#8217;Autriche, la R\u00e9publique Tch\u00e8que et la Hongrie.<\/li>\n<\/ul>\n<p>Les entreprises locales \u00e9tant solidement ancr\u00e9es dans leur march\u00e9, une expansion par M&amp;A est le moyen le plus facile et rapide d&#8217;\u00e9tablir une pr\u00e9sence \u00e0 l&#8217;\u00e9chelle internationale. De nombreuses PME en Europe doivent \u00e9galement grossir pour mieux r\u00e9pondre aux besoins de leurs grands comptes, qui sont eux-m\u00eames sous pression pour consolider leur cha\u00eene logistique et r\u00e9duire le nombre de leurs partenaires.<\/p>\n<p>C&#8217;est ici que les consultant Investaura peuvent vous aider: nous b\u00e9n\u00e9ficions d&#8217;une pr\u00e9sence sur deux sites en Allemagne (Munich et Bonn), un r\u00e9seau relationnel fort, un solide savoir-faire dans les march\u00e9s des TIC, une bonne compr\u00e9hension de la culture d&#8217;entreprise allemande, ainsi qu&#8217;un personnel international qui parlent fran\u00e7ais, allemand, anglais, portugais et italien.<\/p>\n<p>Les consultant d&#8217;Investaura ont \u00e9t\u00e9 mandat\u00e9s par des clients en France, aux Pays-Bas, en Italie et aux Etats-Unis, pour les accompagner dans leur expandion internationale en Europe, les aidant \u00e0 trouver la (les) bonne(s) cible(s) et g\u00e9n\u00e9rer de la croissance au-del\u00e0 de leurs fronti\u00e8res nationales.<\/p>\n<p>Pour plus d&#8217;informations sur nos services de recherche de cibles M&amp;A ou nos services de due diligence, n&#8217;h\u00e9sitez pas \u00e0 <a href=\"http:\/\/www.investaura.co\/contact\/\">nous contacter<\/a>.<\/p>\n","protected":false},"excerpt":{"rendered":"<p>De nombreuses PME europ\u00e9ennes ont atteint la limite de leur potentiel de croissance dans leur march\u00e9 national. L&#8217;expansion vers les pays frontaliers est une \u00e9tape naturelle pour beaucoup. Investaura aide actuellement plusieurs clients europ\u00e9ens \u00e0 s&#8217;\u00e9tablir en Allemagne par Fusions&#8230; <\/p>\n<div class=\"more-link-container\"><a class=\"more-link\" href=\"https:\/\/www.investaura.co\/wordpress\/boite-a-solutions\/expansion-vers-allemagne-via-cross-border-ma\/\">Read More<\/a><\/div>\n","protected":false},"author":1,"featured_media":5107,"parent":5683,"menu_order":2,"comment_status":"closed","ping_status":"closed","template":"","meta":{"jetpack_post_was_ever_published":false},"yoast_head":"<!-- This site is optimized with the Yoast SEO plugin v20.4 - https:\/\/yoast.com\/wordpress\/plugins\/seo\/ -->\n<title>Expansion internationale vers l&#039;Allemagne par Fusion-Acquisition | Investaura<\/title>\n<meta name=\"robots\" content=\"index, follow, max-snippet:-1, max-image-preview:large, max-video-preview:-1\" \/>\n<link rel=\"canonical\" href=\"https:\/\/www.investaura.co\/wordpress\/boite-a-solutions\/expansion-vers-allemagne-via-cross-border-ma\/\" \/>\n<meta property=\"og:locale\" content=\"en_GB\" \/>\n<meta property=\"og:type\" content=\"article\" \/>\n<meta property=\"og:title\" content=\"Expansion internationale vers l&#039;Allemagne par Fusion-Acquisition | Investaura\" \/>\n<meta property=\"og:description\" content=\"De nombreuses PME europ\u00e9ennes ont atteint la limite de leur potentiel de croissance dans leur march\u00e9 national. L&#8217;expansion vers les pays frontaliers est une \u00e9tape naturelle pour beaucoup. Investaura aide actuellement plusieurs clients europ\u00e9ens \u00e0 s&#8217;\u00e9tablir en Allemagne par Fusions... Read More\" \/>\n<meta property=\"og:url\" content=\"https:\/\/www.investaura.co\/wordpress\/boite-a-solutions\/expansion-vers-allemagne-via-cross-border-ma\/\" \/>\n<meta property=\"og:site_name\" content=\"Investaura\" \/>\n<meta property=\"article:modified_time\" content=\"2018-04-01T15:45:56+00:00\" \/>\n<meta property=\"og:image\" content=\"https:\/\/i0.wp.com\/www.investaura.co\/wordpress\/wp-content\/uploads\/2016\/09\/shutterstock_214025158_centered_narrower_smaller.jpg?fit=760%2C300&ssl=1\" \/>\n\t<meta property=\"og:image:width\" content=\"760\" \/>\n\t<meta property=\"og:image:height\" content=\"300\" \/>\n\t<meta property=\"og:image:type\" content=\"image\/jpeg\" \/>\n<meta name=\"twitter:card\" content=\"summary_large_image\" \/>\n<meta name=\"twitter:label1\" content=\"Estimated reading time\" \/>\n\t<meta name=\"twitter:data1\" content=\"2 minutes\" \/>\n<script type=\"application\/ld+json\" class=\"yoast-schema-graph\">{\"@context\":\"https:\/\/schema.org\",\"@graph\":[{\"@type\":\"WebPage\",\"@id\":\"https:\/\/www.investaura.co\/wordpress\/boite-a-solutions\/expansion-vers-allemagne-via-cross-border-ma\/\",\"url\":\"https:\/\/www.investaura.co\/wordpress\/boite-a-solutions\/expansion-vers-allemagne-via-cross-border-ma\/\",\"name\":\"Expansion internationale vers l'Allemagne par Fusion-Acquisition | Investaura\",\"isPartOf\":{\"@id\":\"https:\/\/www.investaura.co\/wordpress\/#website\"},\"datePublished\":\"2016-08-12T09:02:09+00:00\",\"dateModified\":\"2018-04-01T15:45:56+00:00\",\"breadcrumb\":{\"@id\":\"https:\/\/www.investaura.co\/wordpress\/boite-a-solutions\/expansion-vers-allemagne-via-cross-border-ma\/#breadcrumb\"},\"inLanguage\":\"en-GB\",\"potentialAction\":[{\"@type\":\"ReadAction\",\"target\":[\"https:\/\/www.investaura.co\/wordpress\/boite-a-solutions\/expansion-vers-allemagne-via-cross-border-ma\/\"]}]},{\"@type\":\"BreadcrumbList\",\"@id\":\"https:\/\/www.investaura.co\/wordpress\/boite-a-solutions\/expansion-vers-allemagne-via-cross-border-ma\/#breadcrumb\",\"itemListElement\":[{\"@type\":\"ListItem\",\"position\":1,\"name\":\"Home\",\"item\":\"https:\/\/www.investaura.co\/wordpress\/\"},{\"@type\":\"ListItem\",\"position\":2,\"name\":\"Solutions Showcase\",\"item\":\"https:\/\/www.investaura.co\/wordpress\/boite-a-solutions\/\"},{\"@type\":\"ListItem\",\"position\":3,\"name\":\"Expansion internationale vers l&rsquo;Allemagne par Fusion-Acquisition\"}]},{\"@type\":\"WebSite\",\"@id\":\"https:\/\/www.investaura.co\/wordpress\/#website\",\"url\":\"https:\/\/www.investaura.co\/wordpress\/\",\"name\":\"Investaura\",\"description\":\"The Value Creation Consultants\",\"publisher\":{\"@id\":\"https:\/\/www.investaura.co\/wordpress\/#organization\"},\"potentialAction\":[{\"@type\":\"SearchAction\",\"target\":{\"@type\":\"EntryPoint\",\"urlTemplate\":\"https:\/\/www.investaura.co\/wordpress\/?s={search_term_string}\"},\"query-input\":\"required name=search_term_string\"}],\"inLanguage\":\"en-GB\"},{\"@type\":\"Organization\",\"@id\":\"https:\/\/www.investaura.co\/wordpress\/#organization\",\"name\":\"Investaura\",\"url\":\"https:\/\/www.investaura.co\/wordpress\/\",\"logo\":{\"@type\":\"ImageObject\",\"inLanguage\":\"en-GB\",\"@id\":\"https:\/\/www.investaura.co\/wordpress\/#\/schema\/logo\/image\/\",\"url\":\"https:\/\/i0.wp.com\/www.investaura.co\/wordpress\/wp-content\/uploads\/Logo-INVESTAURA_RGB-blau-e1450351498844.jpg?fit=256%2C90&ssl=1\",\"contentUrl\":\"https:\/\/i0.wp.com\/www.investaura.co\/wordpress\/wp-content\/uploads\/Logo-INVESTAURA_RGB-blau-e1450351498844.jpg?fit=256%2C90&ssl=1\",\"width\":256,\"height\":90,\"caption\":\"Investaura\"},\"image\":{\"@id\":\"https:\/\/www.investaura.co\/wordpress\/#\/schema\/logo\/image\/\"},\"sameAs\":[\"https:\/\/www.linkedin.com\/company\/1229653\"]}]}<\/script>\n<!-- \/ Yoast SEO plugin. -->","yoast_head_json":{"title":"Expansion internationale vers l'Allemagne par Fusion-Acquisition | Investaura","robots":{"index":"index","follow":"follow","max-snippet":"max-snippet:-1","max-image-preview":"max-image-preview:large","max-video-preview":"max-video-preview:-1"},"canonical":"https:\/\/www.investaura.co\/wordpress\/boite-a-solutions\/expansion-vers-allemagne-via-cross-border-ma\/","og_locale":"en_GB","og_type":"article","og_title":"Expansion internationale vers l'Allemagne par Fusion-Acquisition | Investaura","og_description":"De nombreuses PME europ\u00e9ennes ont atteint la limite de leur potentiel de croissance dans leur march\u00e9 national. L&#8217;expansion vers les pays frontaliers est une \u00e9tape naturelle pour beaucoup. Investaura aide actuellement plusieurs clients europ\u00e9ens \u00e0 s&#8217;\u00e9tablir en Allemagne par Fusions... Read More","og_url":"https:\/\/www.investaura.co\/wordpress\/boite-a-solutions\/expansion-vers-allemagne-via-cross-border-ma\/","og_site_name":"Investaura","article_modified_time":"2018-04-01T15:45:56+00:00","og_image":[{"width":760,"height":300,"url":"https:\/\/i0.wp.com\/www.investaura.co\/wordpress\/wp-content\/uploads\/2016\/09\/shutterstock_214025158_centered_narrower_smaller.jpg?fit=760%2C300&ssl=1","type":"image\/jpeg"}],"twitter_card":"summary_large_image","twitter_misc":{"Estimated reading time":"2 minutes"},"schema":{"@context":"https:\/\/schema.org","@graph":[{"@type":"WebPage","@id":"https:\/\/www.investaura.co\/wordpress\/boite-a-solutions\/expansion-vers-allemagne-via-cross-border-ma\/","url":"https:\/\/www.investaura.co\/wordpress\/boite-a-solutions\/expansion-vers-allemagne-via-cross-border-ma\/","name":"Expansion internationale vers l'Allemagne par Fusion-Acquisition | Investaura","isPartOf":{"@id":"https:\/\/www.investaura.co\/wordpress\/#website"},"datePublished":"2016-08-12T09:02:09+00:00","dateModified":"2018-04-01T15:45:56+00:00","breadcrumb":{"@id":"https:\/\/www.investaura.co\/wordpress\/boite-a-solutions\/expansion-vers-allemagne-via-cross-border-ma\/#breadcrumb"},"inLanguage":"en-GB","potentialAction":[{"@type":"ReadAction","target":["https:\/\/www.investaura.co\/wordpress\/boite-a-solutions\/expansion-vers-allemagne-via-cross-border-ma\/"]}]},{"@type":"BreadcrumbList","@id":"https:\/\/www.investaura.co\/wordpress\/boite-a-solutions\/expansion-vers-allemagne-via-cross-border-ma\/#breadcrumb","itemListElement":[{"@type":"ListItem","position":1,"name":"Home","item":"https:\/\/www.investaura.co\/wordpress\/"},{"@type":"ListItem","position":2,"name":"Solutions Showcase","item":"https:\/\/www.investaura.co\/wordpress\/boite-a-solutions\/"},{"@type":"ListItem","position":3,"name":"Expansion internationale vers l&rsquo;Allemagne par Fusion-Acquisition"}]},{"@type":"WebSite","@id":"https:\/\/www.investaura.co\/wordpress\/#website","url":"https:\/\/www.investaura.co\/wordpress\/","name":"Investaura","description":"The Value Creation Consultants","publisher":{"@id":"https:\/\/www.investaura.co\/wordpress\/#organization"},"potentialAction":[{"@type":"SearchAction","target":{"@type":"EntryPoint","urlTemplate":"https:\/\/www.investaura.co\/wordpress\/?s={search_term_string}"},"query-input":"required name=search_term_string"}],"inLanguage":"en-GB"},{"@type":"Organization","@id":"https:\/\/www.investaura.co\/wordpress\/#organization","name":"Investaura","url":"https:\/\/www.investaura.co\/wordpress\/","logo":{"@type":"ImageObject","inLanguage":"en-GB","@id":"https:\/\/www.investaura.co\/wordpress\/#\/schema\/logo\/image\/","url":"https:\/\/i0.wp.com\/www.investaura.co\/wordpress\/wp-content\/uploads\/Logo-INVESTAURA_RGB-blau-e1450351498844.jpg?fit=256%2C90&ssl=1","contentUrl":"https:\/\/i0.wp.com\/www.investaura.co\/wordpress\/wp-content\/uploads\/Logo-INVESTAURA_RGB-blau-e1450351498844.jpg?fit=256%2C90&ssl=1","width":256,"height":90,"caption":"Investaura"},"image":{"@id":"https:\/\/www.investaura.co\/wordpress\/#\/schema\/logo\/image\/"},"sameAs":["https:\/\/www.linkedin.com\/company\/1229653"]}]}},"jetpack_shortlink":"https:\/\/wp.me\/P7ecno-1u9","jetpack-related-posts":[{"id":7597,"url":"https:\/\/www.investaura.co\/wordpress\/boite-a-solutions\/strategies-de-sortie-pour-les-proptech-en-europe\/","url_meta":{"origin":5713,"position":0},"title":"Strat\u00e9gies de sortie pour les PropTech en Europe","date":"March 7, 2022","format":false,"excerpt":"Il existe aujourd'hui plus de 3 000 entreprises PropTech en Europe. Beaucoup d'entre elles, fond\u00e9es apr\u00e8s 2010, ont d'abord \u00e9t\u00e9 attir\u00e9es par la grande taille du march\u00e9 immobilier, et par l'opportunit\u00e9 de transformer une industrie qui n'a pas ressenti la pression de la digitalisation jusqu'\u00e0 r\u00e9cemment. Malheureusement, beaucoup de jeunes\u2026","rel":"","context":"Similar post","img":{"alt_text":"","src":"https:\/\/i0.wp.com\/www.investaura.co\/wordpress\/wp-content\/uploads\/2017\/01\/shutterstock_182278607.jpg?fit=1000%2C836&ssl=1&resize=350%2C200","width":350,"height":200},"classes":[]},{"id":6263,"url":"https:\/\/www.investaura.co\/wordpress\/nos-services\/fusions-et-acquisitions\/sell-side-dont-need-ma-conseiller\/","url_meta":{"origin":5713,"position":1},"title":"Sell-side: n&#8217;auriez-vous pas besoin d&#8217;un conseiller M&#038;A?","date":"April 4, 2017","format":false,"excerpt":"Vendre votre entreprise Dans le monde ultra concurrentiel d'aujourd'hui, la croissance et le profit sont les sources fondamentales de cr\u00e9ation de valeur pour les chefs d'entreprise et leurs actionnaires. Si votre soci\u00e9t\u00e9 ne grossit pas, vos concurrents eux se d\u00e9velopperont, et ils pourraient finir par \u00e9clipser et mettre en p\u00e9ril\u2026","rel":"","context":"Similar post","img":{"alt_text":"","src":"https:\/\/i0.wp.com\/www.investaura.co\/wordpress\/wp-content\/uploads\/shutterstock_139401482.jpg?fit=1000%2C554&ssl=1&resize=350%2C200","width":350,"height":200},"classes":[]},{"id":6732,"url":"https:\/\/www.investaura.co\/wordpress\/boite-a-solutions\/ma-dans-le-secteur-aeroportuaire\/","url_meta":{"origin":5713,"position":2},"title":"M&#038;A dans le secteur a\u00e9roportuaire","date":"January 30, 2019","format":false,"excerpt":"Malgr\u00e9 la r\u00e9cession de 2008-2009, le march\u00e9 mondial du transport a\u00e9rien a affich\u00e9 une forte croissance au cours de la derni\u00e8re d\u00e9cennie, tant en nombre de passagers (+ 62,8% entre 2007 et 2018) qu'en volume de fret (+ 40,6% sur la m\u00eame p\u00e9riode). Plus de la moiti\u00e9 des 1,4 milliard\u2026","rel":"","context":"Similar post","img":{"alt_text":"","src":"https:\/\/i0.wp.com\/www.investaura.co\/wordpress\/wp-content\/uploads\/2019\/01\/shutterstock_324754607_smaller3.jpg?fit=1024%2C429&ssl=1&resize=350%2C200","width":350,"height":200},"classes":[]},{"id":5676,"url":"https:\/\/www.investaura.co\/wordpress\/boite-a-solutions\/intelligent-transportation-systems-its\/","url_meta":{"origin":5713,"position":3},"title":"D\u00e9velopper une candidature gagnante pour un projet ITS","date":"January 18, 2017","format":false,"excerpt":"Le march\u00e9 mondial des syst\u00e8mes de transport intelligents (ITS) devrait cro\u00eetre de 12% par an, passant de $36 millards en 2015 \u00e0 $64 milliards en 2020. Le financement des infrastructures de transport par le biais les solutions de paiement par p\u00e9age constitue la majeur partie du march\u00e9. Forts de leur\u2026","rel":"","context":"Similar post","img":{"alt_text":"","src":"https:\/\/i0.wp.com\/www.investaura.co\/wordpress\/wp-content\/uploads\/2022\/03\/PropTech_small.jpg?fit=1024%2C683&ssl=1&resize=350%2C200","width":350,"height":200},"classes":[]},{"id":7077,"url":"https:\/\/www.investaura.co\/wordpress\/boite-a-solutions\/levee-de-fonds-capital-developpement-pour-le-secteur-iot\/","url_meta":{"origin":5713,"position":4},"title":"Lev\u00e9e de fonds capital-d\u00e9veloppement pour le secteur IoT","date":"February 3, 2020","format":false,"excerpt":"Investaura a \u00e9t\u00e9 mandat\u00e9 pour une lev\u00e9e de fonds capital-d\u00e9veloppement de 15 millions d'euros par Discovergy, un fournisseur allemand de solutions d'analyse \u00e9nerg\u00e9tique et de 'smart meter gateways' (SMGW). L'entreprise conna\u00eet une forte croissance aupr\u00e8s de ses clients dans les secteurs de l'\u00e9nergie, de l'immobilier et du commerce de d\u00e9tail.\u2026","rel":"","context":"Similar post","img":{"alt_text":"","src":"https:\/\/i0.wp.com\/www.investaura.co\/wordpress\/wp-content\/uploads\/2020\/02\/BSI_Eingang_Bundesamt_fuer_Sicherheit_inderInformationstechnik-1024x512.jpg?fit=1024%2C512&ssl=1&resize=350%2C200","width":350,"height":200},"classes":[]},{"id":6755,"url":"https:\/\/www.investaura.co\/wordpress\/nos-services\/business-planning-fr\/","url_meta":{"origin":5713,"position":5},"title":"Business Planning","date":"January 31, 2019","format":false,"excerpt":"Un grand nombre de gestionnaires participent \u00e0 la pr\u00e9paration de plans d'affaires, que ce soit dans une start-up, une soci\u00e9t\u00e9 mature ou dans un contexte de fusion-acquisition. Malheureusement, les r\u00e9sultats ne sont pas toujours convaincants. Investaura poss\u00e8de une vaste exp\u00e9rience dans le domaine de la planification financi\u00e8re. La pr\u00e9paration d'un\u2026","rel":"","context":"Similar post","img":{"alt_text":"","src":"https:\/\/i0.wp.com\/www.investaura.co\/wordpress\/wp-content\/uploads\/2010\/09\/shutterstock_251280265_smaller.jpg?fit=1024%2C678&ssl=1&resize=350%2C200","width":350,"height":200},"classes":[]}],"jetpack_sharing_enabled":true,"_links":{"self":[{"href":"https:\/\/www.investaura.co\/wordpress\/wp-json\/wp\/v2\/pages\/5713"}],"collection":[{"href":"https:\/\/www.investaura.co\/wordpress\/wp-json\/wp\/v2\/pages"}],"about":[{"href":"https:\/\/www.investaura.co\/wordpress\/wp-json\/wp\/v2\/types\/page"}],"author":[{"embeddable":true,"href":"https:\/\/www.investaura.co\/wordpress\/wp-json\/wp\/v2\/users\/1"}],"replies":[{"embeddable":true,"href":"https:\/\/www.investaura.co\/wordpress\/wp-json\/wp\/v2\/comments?post=5713"}],"version-history":[{"count":11,"href":"https:\/\/www.investaura.co\/wordpress\/wp-json\/wp\/v2\/pages\/5713\/revisions"}],"predecessor-version":[{"id":6044,"href":"https:\/\/www.investaura.co\/wordpress\/wp-json\/wp\/v2\/pages\/5713\/revisions\/6044"}],"up":[{"embeddable":true,"href":"https:\/\/www.investaura.co\/wordpress\/wp-json\/wp\/v2\/pages\/5683"}],"wp:featuredmedia":[{"embeddable":true,"href":"https:\/\/www.investaura.co\/wordpress\/wp-json\/wp\/v2\/media\/5107"}],"wp:attachment":[{"href":"https:\/\/www.investaura.co\/wordpress\/wp-json\/wp\/v2\/media?parent=5713"}],"curies":[{"name":"wp","href":"https:\/\/api.w.org\/{rel}","templated":true}]}}