{"id":5710,"date":"2017-01-16T18:43:57","date_gmt":"2017-01-16T16:43:57","guid":{"rendered":"http:\/\/www.investaura.co\/?page_id=5168"},"modified":"2018-04-11T12:25:39","modified_gmt":"2018-04-11T10:25:39","slug":"service-kalkulation-regulatory-retail-pricing-zwecke","status":"publish","type":"page","link":"https:\/\/www.investaura.co\/wordpress\/losungen\/service-kalkulation-regulatory-retail-pricing-zwecke\/","title":{"rendered":"Servicekosten f\u00fcr regulatorische Zwecke"},"content":{"rendered":"<p>Viele Telekommunikationsunternehmen verstehen die Kosten ihrer Dienste und die Treiber ihrer Rentabilit\u00e4t nicht gut genug. In vielen F\u00e4llen sind die Preise f\u00fcr Telekommunikationsdienste durch das Marketing-Team zu niedrig angesetzt, mit d\u00fcsteren Folgen. Ob Sie ein FTTx oder ein Mobilfunkanbieter sind, die Investaura-Experten k\u00f6nnen Ihnen helfen.<!--more--><\/p>\n<h4>Auf lange Sicht sind alle Kosten variabel<\/h4>\n<p>Im Telekommunikationsdienstleistungsgesch\u00e4ft sind die meisten Kosten mehr als in jedem anderen Gesch\u00e4ft kurzfristig festgelegt. Langfristig sind jedoch alle Kosten variabel! Selbst wenn die meisten Kosten kurzfristig festgelegt werden, bedeutet dies nicht, dass die Grenzkosten der Dienstleistungen Null sind. Zum Beispiel m\u00fcssen Provisionen an die Verkaufskan\u00e4le (z.B. H\u00e4ndler) gezahlt werden. Au\u00dferdem f\u00fchren Off-Net-Calls zu Zusammenschaltungsgeb\u00fchren.<\/p>\n<p>In jedem Fall, wie gering auch immer sie sein m\u00f6gen, haben alle Telekommunikationsdienste Grenzkosten, die gr\u00f6\u00dfer als Null sind. Die Dienstleistungspreise sollten mindestens h\u00f6her sein als ihre Grenzkosten. Wenn nicht, dann werden diese Dienste niemals gewinnbringend sein und der Dienstanbieter verliert nicht nur Geld, sondern zerst\u00f6rt auch den Wert.<\/p>\n<p>Es ist grunds\u00e4tzlich nicht verkehrt, wenn bestimmte Dienstleistungen andere Dienstleistungen subventionieren, solange die Mehrheit der Kunden individuell profitabel ist (der Idealfall) oder wenn nicht, zumindest das Gesamtgesch\u00e4ft profitabel ist. Das Problem wird akut, wenn 80% der Dienstleistungen unter den Grenzkosten liegen. Dann m\u00fcssen die verbleibenden 20% der Dienstleistungen au\u00dferordentlich hohe Gewinne erwirtschaften, die kompensiert werden m\u00fcssen &#8211; was sehr schwierig ist.<\/p>\n<p><a href=\"https:\/\/i0.wp.com\/www.invest-aura.com\/wordpress\/wp-content\/uploads\/2016\/03\/KPI_report_smaller.jpg\"><img data-attachment-id=\"4624\" data-permalink=\"https:\/\/www.investaura.co\/wordpress\/solutions\/service-costing-regulatory-retail-pricing-purposes\/kpi_report_smaller\/\" data-orig-file=\"https:\/\/i0.wp.com\/www.investaura.co\/wordpress\/wp-content\/uploads\/2016\/03\/KPI_report_smaller.jpg?fit=1024%2C641&amp;ssl=1\" data-orig-size=\"1024,641\" data-comments-opened=\"0\" data-image-meta=\"{&quot;aperture&quot;:&quot;0&quot;,&quot;credit&quot;:&quot;Pierre Lurin&quot;,&quot;camera&quot;:&quot;&quot;,&quot;caption&quot;:&quot;&quot;,&quot;created_timestamp&quot;:&quot;0&quot;,&quot;copyright&quot;:&quot;&quot;,&quot;focal_length&quot;:&quot;0&quot;,&quot;iso&quot;:&quot;0&quot;,&quot;shutter_speed&quot;:&quot;0&quot;,&quot;title&quot;:&quot;&quot;,&quot;orientation&quot;:&quot;1&quot;}\" data-image-title=\"KPI_report_smaller\" data-image-description=\"\" data-image-caption=\"&lt;p&gt;Quarterly KPI report: Performance analysis and forecasting&lt;\/p&gt;\n\" data-medium-file=\"https:\/\/i0.wp.com\/www.investaura.co\/wordpress\/wp-content\/uploads\/2016\/03\/KPI_report_smaller.jpg?fit=300%2C188&amp;ssl=1\" data-large-file=\"https:\/\/i0.wp.com\/www.investaura.co\/wordpress\/wp-content\/uploads\/2016\/03\/KPI_report_smaller.jpg?fit=720%2C451&amp;ssl=1\" decoding=\"async\" loading=\"lazy\" class=\"aligncenter wp-image-4624 size-full\" src=\"https:\/\/i0.wp.com\/www.invest-aura.com\/wordpress\/wp-content\/uploads\/2016\/03\/KPI_report_smaller.jpg?resize=720%2C451\" alt=\"Viertelj\u00e4hrlicher KPI-Bericht: Leistungsanalyse und Prognose\" width=\"720\" height=\"451\" srcset=\"https:\/\/i0.wp.com\/www.investaura.co\/wordpress\/wp-content\/uploads\/2016\/03\/KPI_report_smaller.jpg?w=1024&amp;ssl=1 1024w, https:\/\/i0.wp.com\/www.investaura.co\/wordpress\/wp-content\/uploads\/2016\/03\/KPI_report_smaller.jpg?resize=150%2C94&amp;ssl=1 150w, https:\/\/i0.wp.com\/www.investaura.co\/wordpress\/wp-content\/uploads\/2016\/03\/KPI_report_smaller.jpg?resize=300%2C188&amp;ssl=1 300w\" sizes=\"(max-width: 720px) 100vw, 720px\" data-recalc-dims=\"1\" \/><\/a><\/p>\n<h4><\/h4>\n<h4>Warum ist eine Service-Kostenkalkulation sinnvoll?<\/h4>\n<p>Wenn Sie ein Telekommunikationsunternehmen sind, hat die Kostenberechnung f\u00fcr Endnutzerdienste drei Hauptanwendungen:<\/p>\n<ul>\n<li>Festlegung des Wholesale Preises: Berechnung der Kosten f\u00fcr die Zusammenschaltung, z.B. Beendigung von Sprachanrufen in Mobilfunknetzen, in der Regel aus regulatorischen Gr\u00fcnden. Eine h\u00e4ufig verwendete Methode hei\u00dft &#8220;LRIC&#8221;, was f\u00fcr &#8220;Long-Run Incremental Costs&#8221; steht. Bei &#8220;Long-Run&#8221; geht es darum, alle Kosten so weit wie m\u00f6glich zu ber\u00fccksichtigen (jedoch nicht die \u00fcblichen Kosten wie Ineffizienzen, gemeinsame Kosten, f\u00fcr die es keine &#8220;vern\u00fcnftigerweise zuordenbare&#8221; Methode gibt, und Gemeinkosten, die auch vom Wettbewerb getragen werden).<\/li>\n<li>In einem neuen Kontext f\u00fcr die Produkteinf\u00fchrung sollten Sie &#8220;ex ante&#8221; absch\u00e4tzen, wie die Endverbraucherpreise jetzt und in Zukunft festgelegt werden sollten, um den Gesch\u00e4ftsfall \u00fcber einen Zeitraum von 3, 5 oder 7 Jahren positiv zu gestalten. Der Ansatz besteht darin, einen Produktgesch\u00e4ftsplan zu erstellen und die Preise f\u00fcr das Reverse Engineering zu revidieren, um im Laufe der Zeit ein gewisses Gewinnniveau zu erreichen.<\/li>\n<li>f\u00fcr bestehende Dienstleistungen die Berechnung der Gewinnmarge (EBIT) und der Wertsch\u00f6pfung (Economic Value Added, Customer Lifetime Value) f\u00fcr einzelne Einzel- oder Gro\u00dfhandelsleistungen (Voice Calls, Datenanwendungen) sowie f\u00fcr einzelne Nutzer. Die profitablen Kunden sind nicht unbedingt diejenigen, die Sie erwarten w\u00fcrden. Ein typisches Ergebnis ist, dass 20% der Nutzer den gesamten Gewinn des Unternehmens generieren; 60% der Nutzer sind break-even; und 20% der Nutzer sind verlustbringend \/ wertvernichtend. Diese Art von Ergebnissen wird viel Skepsis und intensive interne Debatten erzeugen. Sobald sie jedoch akzeptiert sind, m\u00fcssen die Telekommunikationsunternehmen Ma\u00dfnahmen ergreifen und Folgendes pr\u00fcfen:\n<ul>\n<li>wo Kostenverbesserungsma\u00dfnahmen umgesetzt werden k\u00f6nnen (z.B. Lieferantenauswahl, Vertriebskanaloptimierung, Prozessverbesserung, Outsourcing)<\/li>\n<li>ob das Kundenverhalten (z. B. Kauf von profitableren Produkten und Dienstleistungen, Verl\u00e4ngerung des Kundenlebenszyklus) sowie der Umsatz gesteigert werden kann (Cross-Selling, Up-Selling)<\/li>\n<li>ob Preise ge\u00e4ndert werden k\u00f6nnen; Meistens werden einige Dienste einfach zu niedrig bewertet und belasten die Gesamtprofitabilit\u00e4t des Telcos.<\/li>\n<\/ul>\n<\/li>\n<\/ul>\n<h4>Drei Service-Kosten-Ergebnisse, nicht eins<\/h4>\n<p>Was sind also die Implikationen f\u00fcr Service Pricing-Zwecke? In einer Service-Kalkulations \u00dcbung empfehlen wir, dass f\u00fcr jeden Service drei Service Kalkulationswerte statt eines angegeben werden:<\/p>\n<ul>\n<li>die Grenzkosten, ohne Beitrag zu festen und gemeinsamen Kosten<\/li>\n<li>die durchschnittlichen Kosten, einschlie\u00dflich Beitrag zu festen und gemeinsamen Kosten<\/li>\n<li>die durchschnittlichen Kosten mit Mark-up, um die Kapitalkosten WACC zu ber\u00fccksichtigen.<\/li>\n<\/ul>\n<p>Wenn die Dienstleistungspreise \u00fcber ihren durchschnittlichen Kosten mit Aufschlag liegen, befinden sich die Betreiber in der Wertsch\u00f6pfungszone und \u00fcbertreffen die Erwartungen ihrer Aktion\u00e4re. Wenn die Preise f\u00fcr Dienstleistungen niedriger sind als die durchschnittlichen Kosten mit Aufschlag, aber \u00fcber den Durchschnittskosten liegen, befinden sich die Betreiber in der Gewinnzone &#8211; aber sie erf\u00fcllen nicht die Erwartungen ihrer Aktion\u00e4re in Bezug auf die Wertsch\u00f6pfung.<\/p>\n<p>Wenn die Preise unter den Durchschnittskosten liegen, befinden sich die Betreiber in der Gefahrenzone: Dienstleistungen sind heute unrentabel &#8211; k\u00f6nnten aber in der Zukunft profitabel werden, wenn das Gesch\u00e4ft w\u00e4chst, wenn ausreichende Skaleneffekte genutzt werden k\u00f6nnen. Schlie\u00dflich, wenn ein Dienstanbieter seine Dienste niedriger als seine Grenzkosten bewertet, dann ist es in der Todeszone.<\/p>\n<h4>Alles in allem<\/h4>\n<ul>\n<li>Bepreisen Sie Ihre Dienste niemals unter Grenzkosten<\/li>\n<li>Soweit m\u00f6glich, sollten Ihre Dienste dazu beitragen, Ihre fixen und gemeinsamen Kosten zu decken, also sollten Sie diese zu durchschnittlichen Kosten und dar\u00fcber hinaus berechnen. Wenn einige Services unterdurchschnittliche Kosten verlangen, m\u00fcssen andere entsprechend h\u00f6her bewertet werden, um sicherzustellen, dass Ihr Gesch\u00e4ft profitabel bleibt<\/li>\n<li>Ihr langfristiges Ziel muss sein, dass die Preise die durchschnittlichen Kosten einschlie\u00dflich eines Aufschlags f\u00fcr die Kapitalkosten abdecken. In diesem Fall werden Sie die Erwartungen Ihrer Aktion\u00e4re erf\u00fcllen.<\/li>\n<\/ul>\n<p>Wenn Sie LRIC-, FAC- und Kostenverteilungsgrunds\u00e4tze nicht ausreichend kennen und gerne mit einem unserer Experten diskutieren m\u00f6chten, k\u00f6nnen Sie uns gerne kontaktieren.<\/p>\n","protected":false},"excerpt":{"rendered":"<p>Viele Telekommunikationsunternehmen verstehen die Kosten ihrer Dienste und die Treiber ihrer Rentabilit\u00e4t nicht gut genug. In vielen F\u00e4llen sind die Preise f\u00fcr Telekommunikationsdienste durch das Marketing-Team zu niedrig angesetzt, mit d\u00fcsteren Folgen. Ob Sie ein FTTx oder ein Mobilfunkanbieter sind,&#8230; <\/p>\n<div class=\"more-link-container\"><a class=\"more-link\" href=\"https:\/\/www.investaura.co\/wordpress\/losungen\/service-kalkulation-regulatory-retail-pricing-zwecke\/\">Read More<\/a><\/div>\n","protected":false},"author":1,"featured_media":5174,"parent":5685,"menu_order":84,"comment_status":"closed","ping_status":"closed","template":"","meta":{"jetpack_post_was_ever_published":false},"yoast_head":"<!-- This site is optimized with the Yoast SEO plugin v20.4 - https:\/\/yoast.com\/wordpress\/plugins\/seo\/ -->\n<title>Servicekosten f\u00fcr regulatorische Zwecke | Investaura<\/title>\n<meta name=\"robots\" content=\"index, follow, max-snippet:-1, max-image-preview:large, max-video-preview:-1\" \/>\n<link rel=\"canonical\" href=\"https:\/\/www.investaura.co\/wordpress\/losungen\/service-kalkulation-regulatory-retail-pricing-zwecke\/\" \/>\n<meta property=\"og:locale\" content=\"en_GB\" \/>\n<meta property=\"og:type\" content=\"article\" \/>\n<meta property=\"og:title\" content=\"Servicekosten f\u00fcr regulatorische Zwecke | Investaura\" \/>\n<meta property=\"og:description\" content=\"Viele Telekommunikationsunternehmen verstehen die Kosten ihrer Dienste und die Treiber ihrer Rentabilit\u00e4t nicht gut genug. In vielen F\u00e4llen sind die Preise f\u00fcr Telekommunikationsdienste durch das Marketing-Team zu niedrig angesetzt, mit d\u00fcsteren Folgen. Ob Sie ein FTTx oder ein Mobilfunkanbieter sind,... Read More\" \/>\n<meta property=\"og:url\" content=\"https:\/\/www.investaura.co\/wordpress\/losungen\/service-kalkulation-regulatory-retail-pricing-zwecke\/\" \/>\n<meta property=\"og:site_name\" content=\"Investaura\" \/>\n<meta property=\"article:modified_time\" content=\"2018-04-11T10:25:39+00:00\" \/>\n<meta property=\"og:image\" content=\"https:\/\/i0.wp.com\/www.investaura.co\/wordpress\/wp-content\/uploads\/2017\/01\/Costing_and_pricing_1024.png?fit=1024%2C594&ssl=1\" \/>\n\t<meta property=\"og:image:width\" content=\"1024\" \/>\n\t<meta property=\"og:image:height\" content=\"594\" \/>\n\t<meta property=\"og:image:type\" content=\"image\/png\" \/>\n<meta name=\"twitter:card\" content=\"summary_large_image\" \/>\n<meta name=\"twitter:label1\" content=\"Estimated reading time\" \/>\n\t<meta name=\"twitter:data1\" content=\"4 minutes\" \/>\n<script type=\"application\/ld+json\" class=\"yoast-schema-graph\">{\"@context\":\"https:\/\/schema.org\",\"@graph\":[{\"@type\":\"WebPage\",\"@id\":\"https:\/\/www.investaura.co\/wordpress\/losungen\/service-kalkulation-regulatory-retail-pricing-zwecke\/\",\"url\":\"https:\/\/www.investaura.co\/wordpress\/losungen\/service-kalkulation-regulatory-retail-pricing-zwecke\/\",\"name\":\"Servicekosten f\u00fcr regulatorische Zwecke | Investaura\",\"isPartOf\":{\"@id\":\"https:\/\/www.investaura.co\/wordpress\/#website\"},\"datePublished\":\"2017-01-16T16:43:57+00:00\",\"dateModified\":\"2018-04-11T10:25:39+00:00\",\"breadcrumb\":{\"@id\":\"https:\/\/www.investaura.co\/wordpress\/losungen\/service-kalkulation-regulatory-retail-pricing-zwecke\/#breadcrumb\"},\"inLanguage\":\"en-GB\",\"potentialAction\":[{\"@type\":\"ReadAction\",\"target\":[\"https:\/\/www.investaura.co\/wordpress\/losungen\/service-kalkulation-regulatory-retail-pricing-zwecke\/\"]}]},{\"@type\":\"BreadcrumbList\",\"@id\":\"https:\/\/www.investaura.co\/wordpress\/losungen\/service-kalkulation-regulatory-retail-pricing-zwecke\/#breadcrumb\",\"itemListElement\":[{\"@type\":\"ListItem\",\"position\":1,\"name\":\"Home\",\"item\":\"https:\/\/www.investaura.co\/wordpress\/\"},{\"@type\":\"ListItem\",\"position\":2,\"name\":\"L\u00f6sungen Showcase\",\"item\":\"https:\/\/www.investaura.co\/wordpress\/losungen\/\"},{\"@type\":\"ListItem\",\"position\":3,\"name\":\"Servicekosten f\u00fcr regulatorische Zwecke\"}]},{\"@type\":\"WebSite\",\"@id\":\"https:\/\/www.investaura.co\/wordpress\/#website\",\"url\":\"https:\/\/www.investaura.co\/wordpress\/\",\"name\":\"Investaura\",\"description\":\"The Value Creation Consultants\",\"publisher\":{\"@id\":\"https:\/\/www.investaura.co\/wordpress\/#organization\"},\"potentialAction\":[{\"@type\":\"SearchAction\",\"target\":{\"@type\":\"EntryPoint\",\"urlTemplate\":\"https:\/\/www.investaura.co\/wordpress\/?s={search_term_string}\"},\"query-input\":\"required name=search_term_string\"}],\"inLanguage\":\"en-GB\"},{\"@type\":\"Organization\",\"@id\":\"https:\/\/www.investaura.co\/wordpress\/#organization\",\"name\":\"Investaura\",\"url\":\"https:\/\/www.investaura.co\/wordpress\/\",\"logo\":{\"@type\":\"ImageObject\",\"inLanguage\":\"en-GB\",\"@id\":\"https:\/\/www.investaura.co\/wordpress\/#\/schema\/logo\/image\/\",\"url\":\"https:\/\/i0.wp.com\/www.investaura.co\/wordpress\/wp-content\/uploads\/Logo-INVESTAURA_RGB-blau-e1450351498844.jpg?fit=256%2C90&ssl=1\",\"contentUrl\":\"https:\/\/i0.wp.com\/www.investaura.co\/wordpress\/wp-content\/uploads\/Logo-INVESTAURA_RGB-blau-e1450351498844.jpg?fit=256%2C90&ssl=1\",\"width\":256,\"height\":90,\"caption\":\"Investaura\"},\"image\":{\"@id\":\"https:\/\/www.investaura.co\/wordpress\/#\/schema\/logo\/image\/\"},\"sameAs\":[\"https:\/\/www.linkedin.com\/company\/1229653\"]}]}<\/script>\n<!-- \/ Yoast SEO plugin. -->","yoast_head_json":{"title":"Servicekosten f\u00fcr regulatorische Zwecke | Investaura","robots":{"index":"index","follow":"follow","max-snippet":"max-snippet:-1","max-image-preview":"max-image-preview:large","max-video-preview":"max-video-preview:-1"},"canonical":"https:\/\/www.investaura.co\/wordpress\/losungen\/service-kalkulation-regulatory-retail-pricing-zwecke\/","og_locale":"en_GB","og_type":"article","og_title":"Servicekosten f\u00fcr regulatorische Zwecke | Investaura","og_description":"Viele Telekommunikationsunternehmen verstehen die Kosten ihrer Dienste und die Treiber ihrer Rentabilit\u00e4t nicht gut genug. In vielen F\u00e4llen sind die Preise f\u00fcr Telekommunikationsdienste durch das Marketing-Team zu niedrig angesetzt, mit d\u00fcsteren Folgen. Ob Sie ein FTTx oder ein Mobilfunkanbieter sind,... Read More","og_url":"https:\/\/www.investaura.co\/wordpress\/losungen\/service-kalkulation-regulatory-retail-pricing-zwecke\/","og_site_name":"Investaura","article_modified_time":"2018-04-11T10:25:39+00:00","og_image":[{"width":1024,"height":594,"url":"https:\/\/i0.wp.com\/www.investaura.co\/wordpress\/wp-content\/uploads\/2017\/01\/Costing_and_pricing_1024.png?fit=1024%2C594&ssl=1","type":"image\/png"}],"twitter_card":"summary_large_image","twitter_misc":{"Estimated reading time":"4 minutes"},"schema":{"@context":"https:\/\/schema.org","@graph":[{"@type":"WebPage","@id":"https:\/\/www.investaura.co\/wordpress\/losungen\/service-kalkulation-regulatory-retail-pricing-zwecke\/","url":"https:\/\/www.investaura.co\/wordpress\/losungen\/service-kalkulation-regulatory-retail-pricing-zwecke\/","name":"Servicekosten f\u00fcr regulatorische Zwecke | Investaura","isPartOf":{"@id":"https:\/\/www.investaura.co\/wordpress\/#website"},"datePublished":"2017-01-16T16:43:57+00:00","dateModified":"2018-04-11T10:25:39+00:00","breadcrumb":{"@id":"https:\/\/www.investaura.co\/wordpress\/losungen\/service-kalkulation-regulatory-retail-pricing-zwecke\/#breadcrumb"},"inLanguage":"en-GB","potentialAction":[{"@type":"ReadAction","target":["https:\/\/www.investaura.co\/wordpress\/losungen\/service-kalkulation-regulatory-retail-pricing-zwecke\/"]}]},{"@type":"BreadcrumbList","@id":"https:\/\/www.investaura.co\/wordpress\/losungen\/service-kalkulation-regulatory-retail-pricing-zwecke\/#breadcrumb","itemListElement":[{"@type":"ListItem","position":1,"name":"Home","item":"https:\/\/www.investaura.co\/wordpress\/"},{"@type":"ListItem","position":2,"name":"L\u00f6sungen Showcase","item":"https:\/\/www.investaura.co\/wordpress\/losungen\/"},{"@type":"ListItem","position":3,"name":"Servicekosten f\u00fcr regulatorische Zwecke"}]},{"@type":"WebSite","@id":"https:\/\/www.investaura.co\/wordpress\/#website","url":"https:\/\/www.investaura.co\/wordpress\/","name":"Investaura","description":"The Value Creation Consultants","publisher":{"@id":"https:\/\/www.investaura.co\/wordpress\/#organization"},"potentialAction":[{"@type":"SearchAction","target":{"@type":"EntryPoint","urlTemplate":"https:\/\/www.investaura.co\/wordpress\/?s={search_term_string}"},"query-input":"required name=search_term_string"}],"inLanguage":"en-GB"},{"@type":"Organization","@id":"https:\/\/www.investaura.co\/wordpress\/#organization","name":"Investaura","url":"https:\/\/www.investaura.co\/wordpress\/","logo":{"@type":"ImageObject","inLanguage":"en-GB","@id":"https:\/\/www.investaura.co\/wordpress\/#\/schema\/logo\/image\/","url":"https:\/\/i0.wp.com\/www.investaura.co\/wordpress\/wp-content\/uploads\/Logo-INVESTAURA_RGB-blau-e1450351498844.jpg?fit=256%2C90&ssl=1","contentUrl":"https:\/\/i0.wp.com\/www.investaura.co\/wordpress\/wp-content\/uploads\/Logo-INVESTAURA_RGB-blau-e1450351498844.jpg?fit=256%2C90&ssl=1","width":256,"height":90,"caption":"Investaura"},"image":{"@id":"https:\/\/www.investaura.co\/wordpress\/#\/schema\/logo\/image\/"},"sameAs":["https:\/\/www.linkedin.com\/company\/1229653"]}]}},"jetpack_shortlink":"https:\/\/wp.me\/P7ecno-1u6","jetpack-related-posts":[{"id":5706,"url":"https:\/\/www.investaura.co\/wordpress\/losungen\/investitionen-betriebs-betriebsplanung\/","url_meta":{"origin":5710,"position":0},"title":"Investitions- und Betriebliche Kostenplanung, Business Simulation","date":"March 2, 2016","format":false,"excerpt":"Die Berater von Investaura beherrschen die Wissenschaft und die Kunst, realistische und genaue Modelle innovativer Technologien und Unternehmen zu entwickeln. Die Anwendungsf\u00e4lle sind sehr vielf\u00e4ltig und umfassen insbesondere: CapEx- und OpEx-Planung f\u00fcr neue Netzwerk-Rollouts oder Technologie-Migrationen Optimierung der Gesamtbetriebskosten (TCO) Service Kalkulation und Ergebnisrechnung Value Selling von komplexen High-Tech-L\u00f6sungen Business-Simulation\u2026","rel":"","context":"Similar post","img":{"alt_text":"","src":"https:\/\/i0.wp.com\/www.investaura.co\/wordpress\/wp-content\/uploads\/2016\/03\/stem_picture.jpg?fit=1200%2C391&ssl=1&resize=350%2C200","width":350,"height":200},"classes":[]},{"id":6759,"url":"https:\/\/www.investaura.co\/wordpress\/dienstleistungen\/geschaeftsplanung\/","url_meta":{"origin":5710,"position":1},"title":"Gesch\u00e4ftsplanung","date":"January 31, 2019","format":false,"excerpt":"Eine gro\u00dfe Anzahl von Managern ist an der Erstellung von Gesch\u00e4ftspl\u00e4nen beteiligt, sei es in einem Start-up, einem ausgereiften Unternehmen oder im Rahmen von M&A. Leider sind die Ergebnisse nicht immer \u00fcberzeugend. Investaura hat eine immense Erfahrung im Bereich der Finanzplanung. Gesch\u00e4ftsplanung ist eine ganzheitliche Aktivit\u00e4t, die nicht nur ein\u2026","rel":"","context":"Similar post","img":{"alt_text":"","src":"https:\/\/i0.wp.com\/www.investaura.co\/wordpress\/wp-content\/uploads\/2010\/09\/shutterstock_251280265_smaller.jpg?fit=1024%2C678&ssl=1&resize=350%2C200","width":350,"height":200},"classes":[]},{"id":6226,"url":"https:\/\/www.investaura.co\/wordpress\/dienstleistungen\/performance-management-losungen\/assoziierte-unternehmen\/","url_meta":{"origin":5710,"position":2},"title":"Trusted Software-Partner","date":"September 9, 2010","format":false,"excerpt":"Investaura Management Consultants hat 3 Softwareanbieter ausgew\u00e4hlt, die das eigene Kerngesch\u00e4ft erg\u00e4nzen und mit denen wir ausgezeichnete Beziehungen unterhalten: Prodacapo bietet Softwarel\u00f6sungen f\u00fcr die Prozesskostenrechnung und -verbesserung.\u00a0Die Prodacapo-Suite enth\u00e4lt Anwendungen f\u00fcr das aktivit\u00e4tsbasierte Management, Rentabilit\u00e4tsanalysen, Planung, Balanced Scorecard und Prozessmanagement.\u00a0Die Software und Methodik des Unternehmens basiert auf 20 Jahren Erfahrung,\u2026","rel":"","context":"Similar post","img":{"alt_text":"","src":"https:\/\/i0.wp.com\/www.investaura.co\/wordpress\/wp-content\/uploads\/2016\/02\/shutterstock_247165378.jpg?fit=1000%2C732&ssl=1&resize=350%2C200","width":350,"height":200},"classes":[]},{"id":5700,"url":"https:\/\/www.investaura.co\/wordpress\/losungen\/business-planning-bewertung\/","url_meta":{"origin":5710,"position":3},"title":"Business Plan und Unternehmensbewertung","date":"March 2, 2016","format":false,"excerpt":"Eine gro\u00dfe Anzahl von Managern arbeitet weltweit an der Erstellung von Gesch\u00e4ftspl\u00e4nen, sei es in einem Start-up-Unternehmen, im reifen Unternehmen oder im M&A-Kontext. Leider sind die Ergebnisse nicht immer \u00fcberzeugend oder korrekt! Gesch\u00e4ftsplanung ist eine ganzheitliche Aktivit\u00e4t, die nicht nur ein starkes Verst\u00e4ndnis des Unternehmens erfordert, sondern auch eine klare\u2026","rel":"","context":"Similar post","img":{"alt_text":"","src":"https:\/\/i0.wp.com\/www.investaura.co\/wordpress\/wp-content\/uploads\/2024\/07\/Business_Planning3.jpg?fit=1024%2C769&ssl=1&resize=350%2C200","width":350,"height":200},"classes":[]},{"id":5704,"url":"https:\/\/www.investaura.co\/wordpress\/losungen\/kunde-produkt-kalkulation-rentabilitat-analyse\/","url_meta":{"origin":5710,"position":4},"title":"Prozesskostenrechnung und Wirtschaftlichkeitsanalyse von Produkten und Kunden","date":"February 1, 2018","format":false,"excerpt":"Investaura freut sich, sein neues Whitepaper zur Prozesskostenrechnung und Rentabilit\u00e4tsanalyse vorstellen zu k\u00f6nnen, das eine Schritt-f\u00fcr-Schritt-Roadmap f\u00fcr eine erfolgreiche Implementierung \u00fcber einen Zeitraum von 5 Wochen bietet. Service Costing hat den Ruf, dass es kompliziert und zeitaufw\u00e4ndig zu implementieren ist. Es muss nicht so sein. Unter Verwendung des eTOM-Gesch\u00e4ftsprozess-Frameworks f\u00fcr\u2026","rel":"","context":"Similar post","img":{"alt_text":"","src":"https:\/\/i0.wp.com\/www.investaura.co\/wordpress\/wp-content\/uploads\/2018\/02\/tracings.png?fit=1200%2C576&ssl=1&resize=350%2C200","width":350,"height":200},"classes":[]},{"id":5708,"url":"https:\/\/www.investaura.co\/wordpress\/losungen\/budgetierung-und-prognose\/","url_meta":{"origin":5710,"position":5},"title":"Budgetierung, Planung und Prognose","date":"March 2, 2016","format":false,"excerpt":"Investaura hat vor kurzem ein umfangreiches Budgetierungs-, Gesch\u00e4ftsplanungs- und Kostenprojekt f\u00fcr einen Telekommunikationsdienstleister abgeschlossen. Der Service Provider hatte einige Jahre lang mit Excel-Tools zu k\u00e4mpfen, die niemand wirklich verstanden hatte und die dem Board inkonsistente Ergebnisse brachten. Schlimmer noch, jede Budgetrunde wurde vom Top-Management-Team als schreckliche Erfahrung in Erinnerung gerufen,\u2026","rel":"","context":"Similar post","img":{"alt_text":"","src":"https:\/\/i0.wp.com\/www.investaura.co\/wordpress\/wp-content\/uploads\/2016\/03\/130614_Architecture.png?fit=1075%2C689&ssl=1&resize=350%2C200","width":350,"height":200},"classes":[]}],"jetpack_sharing_enabled":true,"_links":{"self":[{"href":"https:\/\/www.investaura.co\/wordpress\/wp-json\/wp\/v2\/pages\/5710"}],"collection":[{"href":"https:\/\/www.investaura.co\/wordpress\/wp-json\/wp\/v2\/pages"}],"about":[{"href":"https:\/\/www.investaura.co\/wordpress\/wp-json\/wp\/v2\/types\/page"}],"author":[{"embeddable":true,"href":"https:\/\/www.investaura.co\/wordpress\/wp-json\/wp\/v2\/users\/1"}],"replies":[{"embeddable":true,"href":"https:\/\/www.investaura.co\/wordpress\/wp-json\/wp\/v2\/comments?post=5710"}],"version-history":[{"count":10,"href":"https:\/\/www.investaura.co\/wordpress\/wp-json\/wp\/v2\/pages\/5710\/revisions"}],"predecessor-version":[{"id":6200,"href":"https:\/\/www.investaura.co\/wordpress\/wp-json\/wp\/v2\/pages\/5710\/revisions\/6200"}],"up":[{"embeddable":true,"href":"https:\/\/www.investaura.co\/wordpress\/wp-json\/wp\/v2\/pages\/5685"}],"wp:featuredmedia":[{"embeddable":true,"href":"https:\/\/www.investaura.co\/wordpress\/wp-json\/wp\/v2\/media\/5174"}],"wp:attachment":[{"href":"https:\/\/www.investaura.co\/wordpress\/wp-json\/wp\/v2\/media?parent=5710"}],"curies":[{"name":"wp","href":"https:\/\/api.w.org\/{rel}","templated":true}]}}