{"id":5705,"date":"2016-03-02T13:44:44","date_gmt":"2016-03-02T11:44:44","guid":{"rendered":"http:\/\/www.invest-aura.com\/?page_id=4543"},"modified":"2018-04-10T14:33:10","modified_gmt":"2018-04-10T12:33:10","slug":"capex-opex-planification","status":"publish","type":"page","link":"https:\/\/www.investaura.co\/wordpress\/boite-a-solutions\/capex-opex-planification\/","title":{"rendered":"Planification des CAPEX &amp; OPEX, simulation d&#8217;entreprise"},"content":{"rendered":"<p>Les consultants Investaura ma\u00eetrisent l&#8217;art et la science du d\u00e9veloppement de mod\u00e8les d&#8217;investissement r\u00e9alistes et pr\u00e9cis pour des technologies complexes et entreprises innovantes. Les applications sont vari\u00e9es et comprennent notamment:<!--more--><\/p>\n<ul>\n<li>Planification CAPEX et OPEX pour le d\u00e9ploiement de nouveaux r\u00e9seaux ou la migration de technologies<\/li>\n<li>Optimisation du co\u00fbt total de possession (TCO: total cost of ownership)<\/li>\n<li>Analyse des co\u00fbts et de la rentabilit\u00e9 des services<\/li>\n<li>Mise en valeur de solutions complexes de haute technologie<\/li>\n<li>Pr\u00e9paration de plan d&#8217;affaire (business plan)<\/li>\n<li>Simulation et analyse de sc\u00e9narios pour l&#8217;ensemble de l&#8217;entreprise<\/li>\n<\/ul>\n<div id=\"metaslider-id-4620\" style=\"max-width: 800px; margin: 0 auto;\" class=\"ml-slider-3-90-0 metaslider metaslider-nivo metaslider-4620 ml-slider ms-theme-default\" role=\"region\" aria-roledescription=\"Slideshow\" aria-label=\"STEM\">\n    <div id=\"metaslider_container_4620\">\n        <div class='slider-wrapper theme-default'><div class='ribbon'><\/div><div id='metaslider_4620' class='nivoSlider'><img src=\"https:\/\/i0.wp.com\/www.investaura.co\/wordpress\/wp-content\/uploads\/2016\/03\/BusinessSimulationModel_smaller.jpg?resize=720%2C450&#038;ssl=1\" height=\"450\" width=\"720\" data-caption=\"Business simulation for a Mobile Operator: 43 views, 350 services, 3000 elements\" alt=\"\" class=\"slider-4620 slide-4615\" data-recalc-dims=\"1\" \/><img src=\"https:\/\/i0.wp.com\/www.investaura.co\/wordpress\/wp-content\/uploads\/2013\/09\/NOT_STEM_Model.png?resize=720%2C450&#038;ssl=1\" height=\"450\" width=\"720\" data-caption=\"STEM: CapEx and OpEx Planning, TCO optimisation\" alt=\"\" class=\"slider-4620 slide-2095\" data-recalc-dims=\"1\" \/><img src=\"https:\/\/i0.wp.com\/www.investaura.co\/wordpress\/wp-content\/uploads\/2016\/03\/KPI_report_smaller.jpg?resize=720%2C450&#038;ssl=1\" height=\"450\" width=\"720\" data-caption=\"Quarterly KPI report: Performance analysis and forecasting\" alt=\"\" class=\"slider-4620 slide-4624\" data-recalc-dims=\"1\" \/><img src=\"https:\/\/i0.wp.com\/www.investaura.co\/wordpress\/wp-content\/uploads\/2010\/09\/NOTM.jpg?resize=720%2C450&#038;ssl=1\" height=\"450\" width=\"720\" data-caption=\"Web interface for results analysis and scenario comparison\" alt=\"\" class=\"slider-4620 slide-1822\" data-recalc-dims=\"1\" \/><\/div><\/div>\n        \n    <\/div>\n<\/div>\n<p>&nbsp;<\/p>\n<p>L&#8217;une des plateformes pr\u00e9f\u00e9r\u00e9es d&#8217;Investaura pour la simulation d&#8217;entreprise est l&#8217;outil STEM de la soci\u00e9t\u00e9 Implied Logic.\u00a0STEM est un outil de mod\u00e9lisation g\u00e9n\u00e9rique utilis\u00e9 pour la planification strat\u00e9gique d&#8217;infrastructures et de solutions TIC. En tant qu&#8217;outil de planification techno-\u00e9conomique, STEM g\u00e9n\u00e8re des pr\u00e9visions \u00e0 court terme (6 \u2013 24 mois), \u00e0 moyen terme (2 \u2013 5 ans) ou \u00e0 plus long terme (5 \u2013 10 ans): \u00e9l\u00e9ments financiers tels que les revenus, les co\u00fbts (OPEX, CAPEX), la rentabilit\u00e9 (p. ex. EBITDA, EBIT), ainsi que des \u00e9l\u00e9ments non financiers (r\u00e8gles de dimensionnement, volume d&#8217;\u00e9quipement, nombre d&#8217;employ\u00e9s, taux d&#8217;utilisation des ressources, etc.). STEM effectue un dimensionement bas\u00e9 sur la demande et les besoins: les ressources (r\u00e9seaux, ressources humaines, etc.) d\u00e9pendent de la demande (clients finaux, services, trafic, revenus), ainsi que par les exigences de d\u00e9ploiement d&#8217;infrastucture.<\/p>\n<p>Les principaux atouts de STEM sont les suivants:<\/p>\n<ul>\n<li>Une interface graphique avec une mod\u00e9lisation &#8220;orient\u00e9e objet&#8221;, facilitant la conception et le d\u00e9velopement de mod\u00e8les puissants, ainsi que la pr\u00e9sentation des hypoth\u00e8ses faites et des r\u00e9sultats<\/li>\n<li>Une aptitude \u00e0 g\u00e9rer \u00e0 la fois des Business Plans &#8216;greenfield&#8217; ou &#8216;brownfield&#8217;<\/li>\n<li>La flexibilit\u00e9 de mod\u00e9liser par mois, par trimestre, ou par ann\u00e9e, sur le court, moyen et long terme, avec une consolidation automatique des r\u00e9sultats<\/li>\n<li>Des centaines de r\u00e9sultats pr\u00e9d\u00e9finis, ainsi qu&#8217;une interface pour d\u00e9finir de nouveaux r\u00e9sultats pour chaque types d&#8217;\u00e9l\u00e9ment du mod\u00e8le (segments de client\u00e8le, produits, services, ressources, etc.)<\/li>\n<li>La gestion de sc\u00e9narios et l&#8217;analyse de sensibilit\u00e9, ce qui rend facile la gestion d&#8217;approche alternatives et la comparaison de leurs avantages respectifs<\/li>\n<li>Les mod\u00e8les peuvent \u00eatre export\u00e9s et publi\u00e9s sur le Web, permettant \u00e0 des collaborateurs internes ou des partenaires externes sans aucune connaissance de STEM d&#8217;effectuer leurs propres simulations.<\/li>\n<\/ul>\n<p>[download id=&#8221;3017&#8243;]<\/p>\n<p>STEM est particuli\u00e8rement appropri\u00e9 pour les mod\u00e8les dits &#8216;bottom-up&#8217;. Les mod\u00e8les &#8216;bottom-up&#8217; ont la particularit\u00e9 d&#8217;\u00eatre souvent tr\u00e8s d\u00e9taill\u00e9s et pr\u00e9sentent le risque de devenir non seulement tr\u00e8s complexes avec le temps, mais aussi difficiles \u00e0 maintenir. STEM facilite le d\u00e9velopement, la gestion et la maintenance de ce type de mod\u00e8le.<\/p>\n<p>Pour plus d&#8217;informations ou une d\u00e9monstration de l&#8217;outil STEM, n&#8217;h\u00e9sitez pas \u00e0 <a href=\"http:\/\/www.investaura.co\/contact\/\">nous contacter<\/a>.<\/p>\n","protected":false},"excerpt":{"rendered":"<p>Les consultants Investaura ma\u00eetrisent l&#8217;art et la science du d\u00e9veloppement de mod\u00e8les d&#8217;investissement r\u00e9alistes et pr\u00e9cis pour des technologies complexes et entreprises innovantes. Les applications sont vari\u00e9es et comprennent notamment:<\/p>\n","protected":false},"author":1,"featured_media":5184,"parent":5683,"menu_order":83,"comment_status":"closed","ping_status":"closed","template":"","meta":{"jetpack_post_was_ever_published":false},"yoast_head":"<!-- This site is optimized with the Yoast SEO plugin v20.4 - https:\/\/yoast.com\/wordpress\/plugins\/seo\/ -->\n<title>Planification des CAPEX &amp; OPEX, simulation d&#039;entreprise | Investaura<\/title>\n<meta name=\"robots\" content=\"index, follow, max-snippet:-1, max-image-preview:large, max-video-preview:-1\" \/>\n<link rel=\"canonical\" href=\"https:\/\/www.investaura.co\/wordpress\/boite-a-solutions\/capex-opex-planification\/\" \/>\n<meta property=\"og:locale\" content=\"en_GB\" \/>\n<meta property=\"og:type\" content=\"article\" \/>\n<meta property=\"og:title\" content=\"Planification des CAPEX &amp; OPEX, simulation d&#039;entreprise | Investaura\" \/>\n<meta property=\"og:description\" content=\"Les consultants Investaura ma\u00eetrisent l&#8217;art et la science du d\u00e9veloppement de mod\u00e8les d&#8217;investissement r\u00e9alistes et pr\u00e9cis pour des technologies complexes et entreprises innovantes. Les applications sont vari\u00e9es et comprennent notamment:\" \/>\n<meta property=\"og:url\" content=\"https:\/\/www.investaura.co\/wordpress\/boite-a-solutions\/capex-opex-planification\/\" \/>\n<meta property=\"og:site_name\" content=\"Investaura\" \/>\n<meta property=\"article:modified_time\" content=\"2018-04-10T12:33:10+00:00\" \/>\n<meta property=\"og:image\" content=\"https:\/\/i0.wp.com\/www.investaura.co\/wordpress\/wp-content\/uploads\/2016\/03\/stem_picture.jpg?fit=1275%2C415&ssl=1\" \/>\n\t<meta property=\"og:image:width\" content=\"1275\" \/>\n\t<meta property=\"og:image:height\" content=\"415\" \/>\n\t<meta property=\"og:image:type\" content=\"image\/jpeg\" \/>\n<meta name=\"twitter:card\" content=\"summary_large_image\" \/>\n<meta name=\"twitter:label1\" content=\"Estimated reading time\" \/>\n\t<meta name=\"twitter:data1\" content=\"2 minutes\" \/>\n<script type=\"application\/ld+json\" class=\"yoast-schema-graph\">{\"@context\":\"https:\/\/schema.org\",\"@graph\":[{\"@type\":\"WebPage\",\"@id\":\"https:\/\/www.investaura.co\/wordpress\/boite-a-solutions\/capex-opex-planification\/\",\"url\":\"https:\/\/www.investaura.co\/wordpress\/boite-a-solutions\/capex-opex-planification\/\",\"name\":\"Planification des CAPEX &amp; OPEX, simulation d'entreprise | Investaura\",\"isPartOf\":{\"@id\":\"https:\/\/www.investaura.co\/wordpress\/#website\"},\"datePublished\":\"2016-03-02T11:44:44+00:00\",\"dateModified\":\"2018-04-10T12:33:10+00:00\",\"breadcrumb\":{\"@id\":\"https:\/\/www.investaura.co\/wordpress\/boite-a-solutions\/capex-opex-planification\/#breadcrumb\"},\"inLanguage\":\"en-GB\",\"potentialAction\":[{\"@type\":\"ReadAction\",\"target\":[\"https:\/\/www.investaura.co\/wordpress\/boite-a-solutions\/capex-opex-planification\/\"]}]},{\"@type\":\"BreadcrumbList\",\"@id\":\"https:\/\/www.investaura.co\/wordpress\/boite-a-solutions\/capex-opex-planification\/#breadcrumb\",\"itemListElement\":[{\"@type\":\"ListItem\",\"position\":1,\"name\":\"Home\",\"item\":\"https:\/\/www.investaura.co\/wordpress\/\"},{\"@type\":\"ListItem\",\"position\":2,\"name\":\"Solutions Showcase\",\"item\":\"https:\/\/www.investaura.co\/wordpress\/boite-a-solutions\/\"},{\"@type\":\"ListItem\",\"position\":3,\"name\":\"Planification des CAPEX &amp; OPEX, simulation d&rsquo;entreprise\"}]},{\"@type\":\"WebSite\",\"@id\":\"https:\/\/www.investaura.co\/wordpress\/#website\",\"url\":\"https:\/\/www.investaura.co\/wordpress\/\",\"name\":\"Investaura\",\"description\":\"The Value Creation Consultants\",\"publisher\":{\"@id\":\"https:\/\/www.investaura.co\/wordpress\/#organization\"},\"potentialAction\":[{\"@type\":\"SearchAction\",\"target\":{\"@type\":\"EntryPoint\",\"urlTemplate\":\"https:\/\/www.investaura.co\/wordpress\/?s={search_term_string}\"},\"query-input\":\"required name=search_term_string\"}],\"inLanguage\":\"en-GB\"},{\"@type\":\"Organization\",\"@id\":\"https:\/\/www.investaura.co\/wordpress\/#organization\",\"name\":\"Investaura\",\"url\":\"https:\/\/www.investaura.co\/wordpress\/\",\"logo\":{\"@type\":\"ImageObject\",\"inLanguage\":\"en-GB\",\"@id\":\"https:\/\/www.investaura.co\/wordpress\/#\/schema\/logo\/image\/\",\"url\":\"https:\/\/i0.wp.com\/www.investaura.co\/wordpress\/wp-content\/uploads\/Logo-INVESTAURA_RGB-blau-e1450351498844.jpg?fit=256%2C90&ssl=1\",\"contentUrl\":\"https:\/\/i0.wp.com\/www.investaura.co\/wordpress\/wp-content\/uploads\/Logo-INVESTAURA_RGB-blau-e1450351498844.jpg?fit=256%2C90&ssl=1\",\"width\":256,\"height\":90,\"caption\":\"Investaura\"},\"image\":{\"@id\":\"https:\/\/www.investaura.co\/wordpress\/#\/schema\/logo\/image\/\"},\"sameAs\":[\"https:\/\/www.linkedin.com\/company\/1229653\"]}]}<\/script>\n<!-- \/ Yoast SEO plugin. -->","yoast_head_json":{"title":"Planification des CAPEX &amp; OPEX, simulation d'entreprise | Investaura","robots":{"index":"index","follow":"follow","max-snippet":"max-snippet:-1","max-image-preview":"max-image-preview:large","max-video-preview":"max-video-preview:-1"},"canonical":"https:\/\/www.investaura.co\/wordpress\/boite-a-solutions\/capex-opex-planification\/","og_locale":"en_GB","og_type":"article","og_title":"Planification des CAPEX &amp; OPEX, simulation d'entreprise | Investaura","og_description":"Les consultants Investaura ma\u00eetrisent l&#8217;art et la science du d\u00e9veloppement de mod\u00e8les d&#8217;investissement r\u00e9alistes et pr\u00e9cis pour des technologies complexes et entreprises innovantes. Les applications sont vari\u00e9es et comprennent notamment:","og_url":"https:\/\/www.investaura.co\/wordpress\/boite-a-solutions\/capex-opex-planification\/","og_site_name":"Investaura","article_modified_time":"2018-04-10T12:33:10+00:00","og_image":[{"width":1275,"height":415,"url":"https:\/\/i0.wp.com\/www.investaura.co\/wordpress\/wp-content\/uploads\/2016\/03\/stem_picture.jpg?fit=1275%2C415&ssl=1","type":"image\/jpeg"}],"twitter_card":"summary_large_image","twitter_misc":{"Estimated reading time":"2 minutes"},"schema":{"@context":"https:\/\/schema.org","@graph":[{"@type":"WebPage","@id":"https:\/\/www.investaura.co\/wordpress\/boite-a-solutions\/capex-opex-planification\/","url":"https:\/\/www.investaura.co\/wordpress\/boite-a-solutions\/capex-opex-planification\/","name":"Planification des CAPEX &amp; OPEX, simulation d'entreprise | Investaura","isPartOf":{"@id":"https:\/\/www.investaura.co\/wordpress\/#website"},"datePublished":"2016-03-02T11:44:44+00:00","dateModified":"2018-04-10T12:33:10+00:00","breadcrumb":{"@id":"https:\/\/www.investaura.co\/wordpress\/boite-a-solutions\/capex-opex-planification\/#breadcrumb"},"inLanguage":"en-GB","potentialAction":[{"@type":"ReadAction","target":["https:\/\/www.investaura.co\/wordpress\/boite-a-solutions\/capex-opex-planification\/"]}]},{"@type":"BreadcrumbList","@id":"https:\/\/www.investaura.co\/wordpress\/boite-a-solutions\/capex-opex-planification\/#breadcrumb","itemListElement":[{"@type":"ListItem","position":1,"name":"Home","item":"https:\/\/www.investaura.co\/wordpress\/"},{"@type":"ListItem","position":2,"name":"Solutions Showcase","item":"https:\/\/www.investaura.co\/wordpress\/boite-a-solutions\/"},{"@type":"ListItem","position":3,"name":"Planification des CAPEX &amp; OPEX, simulation d&rsquo;entreprise"}]},{"@type":"WebSite","@id":"https:\/\/www.investaura.co\/wordpress\/#website","url":"https:\/\/www.investaura.co\/wordpress\/","name":"Investaura","description":"The Value Creation Consultants","publisher":{"@id":"https:\/\/www.investaura.co\/wordpress\/#organization"},"potentialAction":[{"@type":"SearchAction","target":{"@type":"EntryPoint","urlTemplate":"https:\/\/www.investaura.co\/wordpress\/?s={search_term_string}"},"query-input":"required name=search_term_string"}],"inLanguage":"en-GB"},{"@type":"Organization","@id":"https:\/\/www.investaura.co\/wordpress\/#organization","name":"Investaura","url":"https:\/\/www.investaura.co\/wordpress\/","logo":{"@type":"ImageObject","inLanguage":"en-GB","@id":"https:\/\/www.investaura.co\/wordpress\/#\/schema\/logo\/image\/","url":"https:\/\/i0.wp.com\/www.investaura.co\/wordpress\/wp-content\/uploads\/Logo-INVESTAURA_RGB-blau-e1450351498844.jpg?fit=256%2C90&ssl=1","contentUrl":"https:\/\/i0.wp.com\/www.investaura.co\/wordpress\/wp-content\/uploads\/Logo-INVESTAURA_RGB-blau-e1450351498844.jpg?fit=256%2C90&ssl=1","width":256,"height":90,"caption":"Investaura"},"image":{"@id":"https:\/\/www.investaura.co\/wordpress\/#\/schema\/logo\/image\/"},"sameAs":["https:\/\/www.linkedin.com\/company\/1229653"]}]}},"jetpack_shortlink":"https:\/\/wp.me\/P7ecno-1u1","jetpack-related-posts":[{"id":6223,"url":"https:\/\/www.investaura.co\/wordpress\/nos-services\/performance-management-solutions\/stem-business-modeling\/","url_meta":{"origin":5705,"position":0},"title":"Logiciel de mod\u00e9lisation STEM","date":"September 23, 2010","format":false,"excerpt":"Investaura poss\u00e8de une expertise solide de l'outil STEM, que nos consultants utilisent pour la simulation d'entreprise, l'analyse des co\u00fbts des services, ainsi que la pr\u00e9paration de plans d'investissement (CAPEX, OPEX) dans les secteurs t\u00e9l\u00e9coms et ICT. Le logiciel de mod\u00e9lisation STEM de la soci\u00e9t\u00e9 Implied Logic constitue la plateforme id\u00e9ale\u2026","rel":"","context":"Similar post","img":{"alt_text":"","src":"https:\/\/i0.wp.com\/www.investaura.co\/wordpress\/wp-content\/uploads\/2016\/02\/shutterstock_247165378.jpg?fit=1000%2C732&ssl=1&resize=350%2C200","width":350,"height":200},"classes":[]},{"id":6307,"url":"https:\/\/www.investaura.co\/wordpress\/nos-services\/conseil\/la-gestion-du-rendement\/","url_meta":{"origin":5705,"position":1},"title":"Gestion de la performance","date":"September 9, 2010","format":false,"excerpt":"Investaura d\u00e9veloppe des applications professionnelles sophistiqu\u00e9es pour ses clients, en s'appuyant sur les meilleures plateformes logicielles du march\u00e9 et sur son expertise approfondie de l'industrie des TIC. L'impact pour les clients est de mieux comprendre ce qui se passe dans leur entreprise - Business Intelligence - et de prendre des\u2026","rel":"","context":"Similar post","img":{"alt_text":"","src":"https:\/\/i0.wp.com\/www.investaura.co\/wordpress\/wp-content\/uploads\/2016\/02\/shutterstock_282394148_smaller.jpg?fit=1024%2C683&ssl=1&resize=350%2C200","width":350,"height":200},"classes":[]},{"id":6305,"url":"https:\/\/www.investaura.co\/wordpress\/nos-services\/conseil\/corporate-finance\/","url_meta":{"origin":5705,"position":2},"title":"Corporate Finance","date":"March 26, 2015","format":false,"excerpt":"Nous fournissons une vaste gamme de services de Corporate Finance \u00e0 nos clients de l'industrie des TIC, notamment: Valorisation En finance, le succ\u00e8s est g\u00e9n\u00e9ralement jug\u00e9 en fonction de la cr\u00e9ation de valeur. Une bonne d\u00e9cision d'investissement est une d\u00e9cision qui entra\u00eene l'achat d'un bien r\u00e9el qui vaut plus que\u2026","rel":"","context":"Similar post","img":{"alt_text":"","src":"https:\/\/i0.wp.com\/www.investaura.co\/wordpress\/wp-content\/uploads\/2016\/02\/shutterstock_282394148_smaller.jpg?fit=1024%2C683&ssl=1&resize=350%2C200","width":350,"height":200},"classes":[]},{"id":6303,"url":"https:\/\/www.investaura.co\/wordpress\/nos-services\/conseil\/strategie-et-business-planning\/","url_meta":{"origin":5705,"position":3},"title":"Strat\u00e9gie et planification d&#8217;entreprise","date":"March 26, 2015","format":false,"excerpt":"Les consultants d'Investaura ont une vaste exp\u00e9rience dans le domaine de la strat\u00e9gie - appliqu\u00e9e, d\u00e9taill\u00e9e - et de la planification d'entreprise - quantifi\u00e9e, robuste, r\u00e9alisable - remontant au milieu des ann\u00e9es 1990. Nous comprenons les petites et les grandes entreprises. Nous sommes des consultants devenus entrepreneurs et savons ce\u2026","rel":"","context":"Similar post","img":{"alt_text":"","src":"https:\/\/i0.wp.com\/www.investaura.co\/wordpress\/wp-content\/uploads\/2016\/02\/shutterstock_282394148_smaller.jpg?fit=1024%2C683&ssl=1&resize=350%2C200","width":350,"height":200},"classes":[]},{"id":5752,"url":"https:\/\/www.investaura.co\/wordpress\/nos-services\/conseil\/","url_meta":{"origin":5705,"position":4},"title":"Conseil en strat\u00e9gie","date":"September 8, 2010","format":false,"excerpt":"Nous menons des initiatives strat\u00e9giques, identifions des opportunit\u00e9s de cr\u00e9ation de valeur et travaillons avec les dirigeants de nos clients pour am\u00e9liorer la performances de l'entreprise \u00e0 court et \u00e0 moyen terme. Nos consultants sont des professionnels issus de l'industrie et sont dot\u00e9s d'une solide exp\u00e9rience op\u00e9rationnelle. Nous apportons une\u2026","rel":"","context":"Similar post","img":{"alt_text":"","src":"https:\/\/i0.wp.com\/www.investaura.co\/wordpress\/wp-content\/uploads\/2016\/02\/shutterstock_282394148_smaller.jpg?fit=1024%2C683&ssl=1&resize=350%2C200","width":350,"height":200},"classes":[]},{"id":6225,"url":"https:\/\/www.investaura.co\/wordpress\/nos-services\/performance-management-solutions\/entreprises-associees\/","url_meta":{"origin":5705,"position":5},"title":"Nos partenaires logiciels","date":"September 9, 2010","format":false,"excerpt":"Investaura Management Consultants a s\u00e9lectionn\u00e9 3 \u00e9diteurs de logiciel qui compl\u00e8tent ses activit\u00e9s de conseil et avec lesquelles nous entretenons d'excellentes relations: Prodacapo fournit des solutions logicielles pour l'\u00e9valuation et l'am\u00e9lioration des processus et l'analyse des co\u00fbts bas\u00e9s sur les activit\u00e9s (Activity-Based Costing).\u00a0La suite Prodacapo permet des applications multiples: les\u2026","rel":"","context":"Similar post","img":{"alt_text":"","src":"https:\/\/i0.wp.com\/www.investaura.co\/wordpress\/wp-content\/uploads\/2016\/02\/shutterstock_247165378.jpg?fit=1000%2C732&ssl=1&resize=350%2C200","width":350,"height":200},"classes":[]}],"jetpack_sharing_enabled":true,"_links":{"self":[{"href":"https:\/\/www.investaura.co\/wordpress\/wp-json\/wp\/v2\/pages\/5705"}],"collection":[{"href":"https:\/\/www.investaura.co\/wordpress\/wp-json\/wp\/v2\/pages"}],"about":[{"href":"https:\/\/www.investaura.co\/wordpress\/wp-json\/wp\/v2\/types\/page"}],"author":[{"embeddable":true,"href":"https:\/\/www.investaura.co\/wordpress\/wp-json\/wp\/v2\/users\/1"}],"replies":[{"embeddable":true,"href":"https:\/\/www.investaura.co\/wordpress\/wp-json\/wp\/v2\/comments?post=5705"}],"version-history":[{"count":11,"href":"https:\/\/www.investaura.co\/wordpress\/wp-json\/wp\/v2\/pages\/5705\/revisions"}],"predecessor-version":[{"id":6135,"href":"https:\/\/www.investaura.co\/wordpress\/wp-json\/wp\/v2\/pages\/5705\/revisions\/6135"}],"up":[{"embeddable":true,"href":"https:\/\/www.investaura.co\/wordpress\/wp-json\/wp\/v2\/pages\/5683"}],"wp:featuredmedia":[{"embeddable":true,"href":"https:\/\/www.investaura.co\/wordpress\/wp-json\/wp\/v2\/media\/5184"}],"wp:attachment":[{"href":"https:\/\/www.investaura.co\/wordpress\/wp-json\/wp\/v2\/media?parent=5705"}],"curies":[{"name":"wp","href":"https:\/\/api.w.org\/{rel}","templated":true}]}}