{"id":5704,"date":"2018-02-01T16:43:24","date_gmt":"2018-02-01T14:43:24","guid":{"rendered":"http:\/\/www.investaura.co\/?page_id=5529"},"modified":"2023-03-29T10:41:08","modified_gmt":"2023-03-29T08:41:08","slug":"kunde-produkt-kalkulation-rentabilitat-analyse","status":"publish","type":"page","link":"https:\/\/www.investaura.co\/wordpress\/losungen\/kunde-produkt-kalkulation-rentabilitat-analyse\/","title":{"rendered":"Prozesskostenrechnung und Wirtschaftlichkeitsanalyse von Produkten und Kunden"},"content":{"rendered":"<p>Investaura freut sich, sein neues Whitepaper zur Prozesskostenrechnung und Rentabilit\u00e4tsanalyse vorstellen zu k\u00f6nnen, das eine Schritt-f\u00fcr-Schritt-Roadmap f\u00fcr eine erfolgreiche Implementierung \u00fcber einen Zeitraum von 5 Wochen bietet.<!--more--><\/p>\n<p>Service Costing hat den Ruf, dass es kompliziert und zeitaufw\u00e4ndig zu implementieren ist. Es muss nicht so sein. Unter Verwendung des eTOM-Gesch\u00e4ftsprozess-Frameworks f\u00fcr Telekommunikationsunternehmen sowie eines Top-Down-Ansatzes und eines repr\u00e4sentativen Datensatzes f\u00fcr einen Mobilfunkanbieter werden in diesem Whitepaper die wichtigsten Schritte f\u00fcr eine schnelle Implementierung \u00fcber einen Zeitraum von f\u00fcnf Wochen mit Prodacapo , dem Activity-Based Costing (ABC) Softwareplattform dargestellt. Sobald das erste Modell eingerichtet wird, kann es bei Bedarf einfach erweitert werden.<\/p>\n<p>F\u00fcr jeden Service werden zwei Arten von Kostenergebnissen generiert: Fully Allocated Costs (FAC), ein &#8220;durchschnittlicher&#8221; Kostenfaktor, der gemeinsame Kosten beinhaltet; Long-Run Incremental Costs (LRIC), eine &#8220;marginale&#8221; Kostenma\u00dfnahme, die allgemeine Kosten ausschlie\u00dft. Die Bereitstellung von zwei S\u00e4tzen von Kostenergebnissen ist sowohl f\u00fcr regulatorische Kosten als auch f\u00fcr Einzelhandelspreiszwecke n\u00fctzlich, da sie eine Kostenspanne (LRIC = Minimum, FAC = Maximum) f\u00fcr jeden Service, der von dem Serviceanbieter an andere Carrier (B2B) oder Endkunden (B2C) verkauft wird.<\/p>\n<p><div id=\"metaslider-id-5562\" style=\"width: 100%; margin: 0 auto;\" class=\"ml-slider-3-90-0 metaslider metaslider-nivo metaslider-5562 ml-slider ms-theme-default\" role=\"region\" aria-roledescription=\"Slideshow\" aria-label=\"Prodacapo\">\n    <div id=\"metaslider_container_5562\">\n        <div class='slider-wrapper theme-default'><div class='ribbon'><\/div><div id='metaslider_5562' class='nivoSlider'><img src=\"https:\/\/i0.wp.com\/www.investaura.co\/wordpress\/wp-content\/uploads\/2018\/02\/Steps20.png?resize=720%2C450&#038;ssl=1\" height=\"450\" width=\"720\" data-caption=\"Step-by-step implementation in 5 weeks\" alt=\"\" class=\"slider-5562 slide-5570\" data-recalc-dims=\"1\" \/><img src=\"https:\/\/i0.wp.com\/www.investaura.co\/wordpress\/wp-content\/uploads\/2018\/02\/ProductProfitability20.png?resize=720%2C450&#038;ssl=1\" height=\"450\" width=\"720\" data-caption=\"Products profitability\" alt=\"\" class=\"slider-5562 slide-5572\" data-recalc-dims=\"1\" \/><img src=\"https:\/\/i0.wp.com\/www.investaura.co\/wordpress\/wp-content\/uploads\/2018\/02\/CustomerProfitability20b.png?resize=720%2C450&#038;ssl=1\" height=\"450\" width=\"720\" data-caption=\"Customer segments profitability\" alt=\"\" class=\"slider-5562 slide-5575\" data-recalc-dims=\"1\" \/><img src=\"https:\/\/i0.wp.com\/www.investaura.co\/wordpress\/wp-content\/uploads\/2018\/02\/Tracings20.png?resize=720%2C450&#038;ssl=1\" height=\"450\" width=\"720\" data-caption=\"Tracing costs to activities and resources\" alt=\"\" class=\"slider-5562 slide-5573\" data-recalc-dims=\"1\" \/><img src=\"https:\/\/i0.wp.com\/www.investaura.co\/wordpress\/wp-content\/uploads\/2018\/02\/eTOM20.png?resize=720%2C450&#038;ssl=1\" height=\"450\" width=\"720\" data-caption=\"eTOM process framework, level 1 and 2\" alt=\"\" class=\"slider-5562 slide-5574\" data-recalc-dims=\"1\" \/><\/div><\/div>\n        \n    <\/div>\n<\/div><br \/>\n&nbsp;<\/p>\n<p>Neben den oben genannten Kostenergebnissen generieren wir auch Profitabilit\u00e4tsma\u00dfnahmen auf Service-Ebene (z. B. Sprachanruf pro Minute, Datendownload pro MByte) sowie auf Kundensegmentebene (z. B. Prepaid1, Postpaid2), einschlie\u00dflich EBITDA und EBIT pro Serviceart und per Kundentyp, sowie die damit verbundenen Gewinnmargen.<\/p>\n<p>F\u00fcr diese Arbeit haben wir die Softwarel\u00f6sung Prodacapo ABC aus Schweden verwendet. Prodacapo ist eine &#8220;objektorientierte&#8221; L\u00f6sung, die wesentlich zur Strukturierung der Kosten- und Rentabilit\u00e4tsanalyse beitr\u00e4gt und insbesondere die Organisationsstruktur, Kostenstellen, Prozesse, Aktivit\u00e4ten, Produkte, Kunden, Vertriebswege usw. erfasst. Controller und Strategen m\u00f6gen Prodacapo wegen seiner F\u00e4higkeit ihre Gesch\u00e4ftsdetails sowie ihre finanziellen und kommerziellen Daten zu ber\u00fccksichtigen.<\/p>\n<p>Eine Demo von Prodacapo ist unter der Adresse <a href=\"http:\/\/demo.prodacapo.com\" target=\"_blank\" rel=\"noopener\">demo.prodacapo.com<\/a> verf\u00fcgbar. Eine passwortgesch\u00fctzte Version der Telekommunikationsl\u00f6sung ist unter der Adresse <a href=\"http:\/\/demo.prodacapo.com\/telecom\" target=\"_blank\" rel=\"noopener\">demo.prodacapo.com\/telecom<\/a> zug\u00e4nglich. Z\u00f6gern Sie nicht, uns zu kontaktieren und ein Passwort anzufordern, um online auf das Telecom-Modell zugreifen zu k\u00f6nnen.<\/p>\n<p>[download id=&#8221;5550&#8243;]<\/p>\n<p><strong>Schl\u00fcsselw\u00f6rter:<\/strong><\/p>\n<ul>\n<li>Prozesskostenrechnung<\/li>\n<li>Regulatorische Kostenrechnung<\/li>\n<li>Management Accounting<\/li>\n<li>FAC (vollst\u00e4ndig zugeordnete Kosten), LRIC (langfristige inkrementelle Kosten)<\/li>\n<li>Top-Down-Modellierung<\/li>\n<li>ICT-Dienstleister, eTOM-Prozess-Framework<\/li>\n<li>Enterprise Performance Management (EPM) Softwarel\u00f6sung<\/li>\n<\/ul>\n","protected":false},"excerpt":{"rendered":"<p>Investaura freut sich, sein neues Whitepaper zur Prozesskostenrechnung und Rentabilit\u00e4tsanalyse vorstellen zu k\u00f6nnen, das eine Schritt-f\u00fcr-Schritt-Roadmap f\u00fcr eine erfolgreiche Implementierung \u00fcber einen Zeitraum von 5 Wochen bietet.<\/p>\n","protected":false},"author":1,"featured_media":5544,"parent":5685,"menu_order":85,"comment_status":"closed","ping_status":"closed","template":"","meta":{"jetpack_post_was_ever_published":false},"yoast_head":"<!-- This site is optimized with the Yoast SEO plugin v20.4 - https:\/\/yoast.com\/wordpress\/plugins\/seo\/ -->\n<title>Prozesskostenrechnung und Wirtschaftlichkeitsanalyse von Produkten und Kunden | Investaura<\/title>\n<meta name=\"robots\" content=\"index, follow, max-snippet:-1, max-image-preview:large, max-video-preview:-1\" \/>\n<link rel=\"canonical\" href=\"https:\/\/www.investaura.co\/wordpress\/losungen\/kunde-produkt-kalkulation-rentabilitat-analyse\/\" \/>\n<meta property=\"og:locale\" content=\"en_GB\" \/>\n<meta property=\"og:type\" content=\"article\" \/>\n<meta property=\"og:title\" content=\"Prozesskostenrechnung und Wirtschaftlichkeitsanalyse von Produkten und Kunden | Investaura\" \/>\n<meta property=\"og:description\" content=\"Investaura freut sich, sein neues Whitepaper zur Prozesskostenrechnung und Rentabilit\u00e4tsanalyse vorstellen zu k\u00f6nnen, das eine Schritt-f\u00fcr-Schritt-Roadmap f\u00fcr eine erfolgreiche Implementierung \u00fcber einen Zeitraum von 5 Wochen bietet.\" \/>\n<meta property=\"og:url\" content=\"https:\/\/www.investaura.co\/wordpress\/losungen\/kunde-produkt-kalkulation-rentabilitat-analyse\/\" \/>\n<meta property=\"og:site_name\" content=\"Investaura\" \/>\n<meta property=\"article:modified_time\" content=\"2023-03-29T08:41:08+00:00\" \/>\n<meta property=\"og:image\" content=\"https:\/\/i0.wp.com\/www.investaura.co\/wordpress\/wp-content\/uploads\/2018\/02\/tracings.png?fit=1207%2C579&ssl=1\" \/>\n\t<meta property=\"og:image:width\" content=\"1207\" \/>\n\t<meta property=\"og:image:height\" content=\"579\" \/>\n\t<meta property=\"og:image:type\" content=\"image\/png\" \/>\n<meta name=\"twitter:card\" content=\"summary_large_image\" \/>\n<meta name=\"twitter:label1\" content=\"Estimated reading time\" \/>\n\t<meta name=\"twitter:data1\" content=\"2 minutes\" \/>\n<script type=\"application\/ld+json\" class=\"yoast-schema-graph\">{\"@context\":\"https:\/\/schema.org\",\"@graph\":[{\"@type\":\"WebPage\",\"@id\":\"https:\/\/www.investaura.co\/wordpress\/losungen\/kunde-produkt-kalkulation-rentabilitat-analyse\/\",\"url\":\"https:\/\/www.investaura.co\/wordpress\/losungen\/kunde-produkt-kalkulation-rentabilitat-analyse\/\",\"name\":\"Prozesskostenrechnung und Wirtschaftlichkeitsanalyse von Produkten und Kunden | Investaura\",\"isPartOf\":{\"@id\":\"https:\/\/www.investaura.co\/wordpress\/#website\"},\"datePublished\":\"2018-02-01T14:43:24+00:00\",\"dateModified\":\"2023-03-29T08:41:08+00:00\",\"breadcrumb\":{\"@id\":\"https:\/\/www.investaura.co\/wordpress\/losungen\/kunde-produkt-kalkulation-rentabilitat-analyse\/#breadcrumb\"},\"inLanguage\":\"en-GB\",\"potentialAction\":[{\"@type\":\"ReadAction\",\"target\":[\"https:\/\/www.investaura.co\/wordpress\/losungen\/kunde-produkt-kalkulation-rentabilitat-analyse\/\"]}]},{\"@type\":\"BreadcrumbList\",\"@id\":\"https:\/\/www.investaura.co\/wordpress\/losungen\/kunde-produkt-kalkulation-rentabilitat-analyse\/#breadcrumb\",\"itemListElement\":[{\"@type\":\"ListItem\",\"position\":1,\"name\":\"Home\",\"item\":\"https:\/\/www.investaura.co\/wordpress\/\"},{\"@type\":\"ListItem\",\"position\":2,\"name\":\"L\u00f6sungen Showcase\",\"item\":\"https:\/\/www.investaura.co\/wordpress\/losungen\/\"},{\"@type\":\"ListItem\",\"position\":3,\"name\":\"Prozesskostenrechnung und Wirtschaftlichkeitsanalyse von Produkten und Kunden\"}]},{\"@type\":\"WebSite\",\"@id\":\"https:\/\/www.investaura.co\/wordpress\/#website\",\"url\":\"https:\/\/www.investaura.co\/wordpress\/\",\"name\":\"Investaura\",\"description\":\"The Value Creation Consultants\",\"publisher\":{\"@id\":\"https:\/\/www.investaura.co\/wordpress\/#organization\"},\"potentialAction\":[{\"@type\":\"SearchAction\",\"target\":{\"@type\":\"EntryPoint\",\"urlTemplate\":\"https:\/\/www.investaura.co\/wordpress\/?s={search_term_string}\"},\"query-input\":\"required name=search_term_string\"}],\"inLanguage\":\"en-GB\"},{\"@type\":\"Organization\",\"@id\":\"https:\/\/www.investaura.co\/wordpress\/#organization\",\"name\":\"Investaura\",\"url\":\"https:\/\/www.investaura.co\/wordpress\/\",\"logo\":{\"@type\":\"ImageObject\",\"inLanguage\":\"en-GB\",\"@id\":\"https:\/\/www.investaura.co\/wordpress\/#\/schema\/logo\/image\/\",\"url\":\"https:\/\/i0.wp.com\/www.investaura.co\/wordpress\/wp-content\/uploads\/Logo-INVESTAURA_RGB-blau-e1450351498844.jpg?fit=256%2C90&ssl=1\",\"contentUrl\":\"https:\/\/i0.wp.com\/www.investaura.co\/wordpress\/wp-content\/uploads\/Logo-INVESTAURA_RGB-blau-e1450351498844.jpg?fit=256%2C90&ssl=1\",\"width\":256,\"height\":90,\"caption\":\"Investaura\"},\"image\":{\"@id\":\"https:\/\/www.investaura.co\/wordpress\/#\/schema\/logo\/image\/\"},\"sameAs\":[\"https:\/\/www.linkedin.com\/company\/1229653\"]}]}<\/script>\n<!-- \/ Yoast SEO plugin. -->","yoast_head_json":{"title":"Prozesskostenrechnung und Wirtschaftlichkeitsanalyse von Produkten und Kunden | Investaura","robots":{"index":"index","follow":"follow","max-snippet":"max-snippet:-1","max-image-preview":"max-image-preview:large","max-video-preview":"max-video-preview:-1"},"canonical":"https:\/\/www.investaura.co\/wordpress\/losungen\/kunde-produkt-kalkulation-rentabilitat-analyse\/","og_locale":"en_GB","og_type":"article","og_title":"Prozesskostenrechnung und Wirtschaftlichkeitsanalyse von Produkten und Kunden | Investaura","og_description":"Investaura freut sich, sein neues Whitepaper zur Prozesskostenrechnung und Rentabilit\u00e4tsanalyse vorstellen zu k\u00f6nnen, das eine Schritt-f\u00fcr-Schritt-Roadmap f\u00fcr eine erfolgreiche Implementierung \u00fcber einen Zeitraum von 5 Wochen bietet.","og_url":"https:\/\/www.investaura.co\/wordpress\/losungen\/kunde-produkt-kalkulation-rentabilitat-analyse\/","og_site_name":"Investaura","article_modified_time":"2023-03-29T08:41:08+00:00","og_image":[{"width":1207,"height":579,"url":"https:\/\/i0.wp.com\/www.investaura.co\/wordpress\/wp-content\/uploads\/2018\/02\/tracings.png?fit=1207%2C579&ssl=1","type":"image\/png"}],"twitter_card":"summary_large_image","twitter_misc":{"Estimated reading time":"2 minutes"},"schema":{"@context":"https:\/\/schema.org","@graph":[{"@type":"WebPage","@id":"https:\/\/www.investaura.co\/wordpress\/losungen\/kunde-produkt-kalkulation-rentabilitat-analyse\/","url":"https:\/\/www.investaura.co\/wordpress\/losungen\/kunde-produkt-kalkulation-rentabilitat-analyse\/","name":"Prozesskostenrechnung und Wirtschaftlichkeitsanalyse von Produkten und Kunden | Investaura","isPartOf":{"@id":"https:\/\/www.investaura.co\/wordpress\/#website"},"datePublished":"2018-02-01T14:43:24+00:00","dateModified":"2023-03-29T08:41:08+00:00","breadcrumb":{"@id":"https:\/\/www.investaura.co\/wordpress\/losungen\/kunde-produkt-kalkulation-rentabilitat-analyse\/#breadcrumb"},"inLanguage":"en-GB","potentialAction":[{"@type":"ReadAction","target":["https:\/\/www.investaura.co\/wordpress\/losungen\/kunde-produkt-kalkulation-rentabilitat-analyse\/"]}]},{"@type":"BreadcrumbList","@id":"https:\/\/www.investaura.co\/wordpress\/losungen\/kunde-produkt-kalkulation-rentabilitat-analyse\/#breadcrumb","itemListElement":[{"@type":"ListItem","position":1,"name":"Home","item":"https:\/\/www.investaura.co\/wordpress\/"},{"@type":"ListItem","position":2,"name":"L\u00f6sungen Showcase","item":"https:\/\/www.investaura.co\/wordpress\/losungen\/"},{"@type":"ListItem","position":3,"name":"Prozesskostenrechnung und Wirtschaftlichkeitsanalyse von Produkten und Kunden"}]},{"@type":"WebSite","@id":"https:\/\/www.investaura.co\/wordpress\/#website","url":"https:\/\/www.investaura.co\/wordpress\/","name":"Investaura","description":"The Value Creation Consultants","publisher":{"@id":"https:\/\/www.investaura.co\/wordpress\/#organization"},"potentialAction":[{"@type":"SearchAction","target":{"@type":"EntryPoint","urlTemplate":"https:\/\/www.investaura.co\/wordpress\/?s={search_term_string}"},"query-input":"required name=search_term_string"}],"inLanguage":"en-GB"},{"@type":"Organization","@id":"https:\/\/www.investaura.co\/wordpress\/#organization","name":"Investaura","url":"https:\/\/www.investaura.co\/wordpress\/","logo":{"@type":"ImageObject","inLanguage":"en-GB","@id":"https:\/\/www.investaura.co\/wordpress\/#\/schema\/logo\/image\/","url":"https:\/\/i0.wp.com\/www.investaura.co\/wordpress\/wp-content\/uploads\/Logo-INVESTAURA_RGB-blau-e1450351498844.jpg?fit=256%2C90&ssl=1","contentUrl":"https:\/\/i0.wp.com\/www.investaura.co\/wordpress\/wp-content\/uploads\/Logo-INVESTAURA_RGB-blau-e1450351498844.jpg?fit=256%2C90&ssl=1","width":256,"height":90,"caption":"Investaura"},"image":{"@id":"https:\/\/www.investaura.co\/wordpress\/#\/schema\/logo\/image\/"},"sameAs":["https:\/\/www.linkedin.com\/company\/1229653"]}]}},"jetpack_shortlink":"https:\/\/wp.me\/P7ecno-1u0","jetpack-related-posts":[{"id":6304,"url":"https:\/\/www.investaura.co\/wordpress\/dienstleistungen\/beratung\/strategie-und-business-planung\/","url_meta":{"origin":5704,"position":0},"title":"Strategie und Gesch\u00e4ftsplanung","date":"March 26, 2015","format":false,"excerpt":"Die Berater von Investaura verf\u00fcgen \u00fcber umfangreiche Erfahrung im Bereich der Strategie - angewandte, detaillierte - und Gesch\u00e4ftsplanung - quantifiziert, robust, umsetzbar -, die bis in die Mitte der 1990er Jahre zur\u00fcckreicht. Wir verstehen sowohl kleine als auch gro\u00dfe Unternehmen. Wir sind Berater, die zu Unternehmern werden und wissen, was\u2026","rel":"","context":"Similar post","img":{"alt_text":"","src":"https:\/\/i0.wp.com\/www.investaura.co\/wordpress\/wp-content\/uploads\/2016\/02\/shutterstock_282394148_smaller.jpg?fit=1024%2C683&ssl=1&resize=350%2C200","width":350,"height":200},"classes":[]},{"id":7526,"url":"https:\/\/www.investaura.co\/wordpress\/losungen\/strategie-fuer-einen-softwareanbieter-fuer-die-gewerbliche-immobilienbranche-cre\/","url_meta":{"origin":5704,"position":1},"title":"Strategie f\u00fcr einen Softwareanbieter der Immobilienwirtschaft (CRE)","date":"March 5, 2021","format":false,"excerpt":"Strategie ist die Wissenschaft, die Zukunft richtig zu lesen; die Kunst, transformative Optionen zu identifizieren; und den Mut, die am besten geeigneten Entscheidungen zu treffen. Nicht alle Optionen sind m\u00f6glich oder umsetzbar, da Unternehmen nat\u00fcrlich einerseits durch ihre externe Umgebung (Wettbewerber, Kunden, Technologien), aber auch durch ihr aktuelles Betriebsmodell (F\u00e4higkeiten,\u2026","rel":"","context":"Similar post","img":{"alt_text":"","src":"https:\/\/i0.wp.com\/www.investaura.co\/wordpress\/wp-content\/uploads\/2019\/12\/shutterstock_138974066_small.jpg?fit=1024%2C683&ssl=1&resize=350%2C200","width":350,"height":200},"classes":[]},{"id":5710,"url":"https:\/\/www.investaura.co\/wordpress\/losungen\/service-kalkulation-regulatory-retail-pricing-zwecke\/","url_meta":{"origin":5704,"position":2},"title":"Servicekosten f\u00fcr regulatorische Zwecke","date":"January 16, 2017","format":false,"excerpt":"Viele Telekommunikationsunternehmen verstehen die Kosten ihrer Dienste und die Treiber ihrer Rentabilit\u00e4t nicht gut genug. In vielen F\u00e4llen sind die Preise f\u00fcr Telekommunikationsdienste durch das Marketing-Team zu niedrig angesetzt, mit d\u00fcsteren Folgen. Ob Sie ein FTTx oder ein Mobilfunkanbieter sind, die Investaura-Experten k\u00f6nnen Ihnen helfen. Auf lange Sicht sind alle\u2026","rel":"","context":"Similar post","img":{"alt_text":"","src":"https:\/\/i0.wp.com\/www.investaura.co\/wordpress\/wp-content\/uploads\/2017\/01\/Costing_and_pricing_1024.png?fit=1024%2C594&ssl=1&resize=350%2C200","width":350,"height":200},"classes":[]},{"id":6224,"url":"https:\/\/www.investaura.co\/wordpress\/dienstleistungen\/performance-management-losungen\/stem-business-modellierung\/","url_meta":{"origin":5704,"position":3},"title":"STEM-Business-Modeling-Software","date":"September 23, 2010","format":false,"excerpt":"Investaura verf\u00fcgt \u00fcber eine ausgepr\u00e4gte Kompetenz in STEM, die wir f\u00fcr Service Costing, Profitabilit\u00e4tsmanagement und Customer Lifetime Value-Analyse sowie f\u00fcr Network Business Planning nutzen. Die STEM-Business-Modeling-Software von Implied Logic Limited ist eine robuste und effiziente Plattform f\u00fcr die Erstellung von Gesch\u00e4fts- und Investitionspl\u00e4nen, um alternative Markt-, Technik- und Wirtschaftsszenarien abzubilden.\u2026","rel":"","context":"Similar post","img":{"alt_text":"","src":"https:\/\/i0.wp.com\/www.investaura.co\/wordpress\/wp-content\/uploads\/2016\/02\/shutterstock_247165378.jpg?fit=1000%2C732&ssl=1&resize=350%2C200","width":350,"height":200},"classes":[]},{"id":5690,"url":"https:\/\/www.investaura.co\/wordpress\/losungen\/fixed-asset-bewertung-und-fair-value-messung-ifrs-13\/","url_meta":{"origin":5704,"position":4},"title":"Anlagenbewertung und Fair Value-Bewertung nach IFRS 13","date":"March 2, 2016","format":false,"excerpt":"Investaura Management Consultants wurde von einem gro\u00dfen Telekommunikations-Konzern beauftragt, eine umfassende Bewertung langfristiger Verm\u00f6genswerte in den Telekommunikationsnetzwerken des Kunden in vier L\u00e4ndern durchzuf\u00fchren. Das Projekt wurde \u00fcber einen Zeitraum von drei Monaten durchgef\u00fchrt und untersuchte 1 Mrd. $ Anlageverm\u00f6gen in den folgenden Anlageklassen: Grundst\u00fccke, Geb\u00e4ude, T\u00fcrme, Telekommunikationsausr\u00fcstungen, Software, Spektrum und\u2026","rel":"","context":"Similar post","img":{"alt_text":"","src":"https:\/\/i0.wp.com\/www.investaura.co\/wordpress\/wp-content\/uploads\/2017\/11\/shutterstock_99389720_1024.jpg?fit=1024%2C680&ssl=1&resize=350%2C200","width":350,"height":200},"classes":[]},{"id":6264,"url":"https:\/\/www.investaura.co\/wordpress\/dienstleistungen\/mergers-and-acquisitions\/sell-side-dont-brauchen-ma-berater\/","url_meta":{"origin":5704,"position":5},"title":"Verkaufsseite: Brauchen Sie keinen M&#038;A-Berater?","date":"April 4, 2017","format":false,"excerpt":"Verkaufen Sie Ihre Firma In der heutigen wettbewerbsorientierten Welt sind Gewinn und Wachstum fundamentale Quellen der Wertsch\u00f6pfung f\u00fcr Unternehmer und Aktion\u00e4re. Wenn Sie nicht wachsen, werden es Ihre Konkurrenten tun, und diese k\u00f6nnten schlie\u00dflich Ihr Gesch\u00e4ft in den Schatten stellen und gef\u00e4hrden. Selbst wenn Sie eine profitable Nische f\u00fcr Ihr\u2026","rel":"","context":"Similar post","img":{"alt_text":"","src":"https:\/\/i0.wp.com\/www.investaura.co\/wordpress\/wp-content\/uploads\/shutterstock_139401482.jpg?fit=1000%2C554&ssl=1&resize=350%2C200","width":350,"height":200},"classes":[]}],"jetpack_sharing_enabled":true,"_links":{"self":[{"href":"https:\/\/www.investaura.co\/wordpress\/wp-json\/wp\/v2\/pages\/5704"}],"collection":[{"href":"https:\/\/www.investaura.co\/wordpress\/wp-json\/wp\/v2\/pages"}],"about":[{"href":"https:\/\/www.investaura.co\/wordpress\/wp-json\/wp\/v2\/types\/page"}],"author":[{"embeddable":true,"href":"https:\/\/www.investaura.co\/wordpress\/wp-json\/wp\/v2\/users\/1"}],"replies":[{"embeddable":true,"href":"https:\/\/www.investaura.co\/wordpress\/wp-json\/wp\/v2\/comments?post=5704"}],"version-history":[{"count":10,"href":"https:\/\/www.investaura.co\/wordpress\/wp-json\/wp\/v2\/pages\/5704\/revisions"}],"predecessor-version":[{"id":7800,"href":"https:\/\/www.investaura.co\/wordpress\/wp-json\/wp\/v2\/pages\/5704\/revisions\/7800"}],"up":[{"embeddable":true,"href":"https:\/\/www.investaura.co\/wordpress\/wp-json\/wp\/v2\/pages\/5685"}],"wp:featuredmedia":[{"embeddable":true,"href":"https:\/\/www.investaura.co\/wordpress\/wp-json\/wp\/v2\/media\/5544"}],"wp:attachment":[{"href":"https:\/\/www.investaura.co\/wordpress\/wp-json\/wp\/v2\/media?parent=5704"}],"curies":[{"name":"wp","href":"https:\/\/api.w.org\/{rel}","templated":true}]}}