{"id":5700,"date":"2016-03-02T13:49:17","date_gmt":"2016-03-02T11:49:17","guid":{"rendered":"http:\/\/www.invest-aura.com\/?page_id=4548"},"modified":"2020-08-05T12:18:54","modified_gmt":"2020-08-05T10:18:54","slug":"business-planning-bewertung","status":"publish","type":"page","link":"https:\/\/www.investaura.co\/wordpress\/losungen\/business-planning-bewertung\/","title":{"rendered":"Business Plan und Unternehmensbewertung"},"content":{"rendered":"<p>Eine gro\u00dfe Anzahl von Managern arbeitet weltweit an der Erstellung von Gesch\u00e4ftspl\u00e4nen, sei es in einem Start-up-Unternehmen, im reifen Unternehmen oder im M&amp;A-Kontext. Leider sind die Ergebnisse nicht immer \u00fcberzeugend oder korrekt!<!--more--><\/p>\n<ul>\n<li><strong>Gesch\u00e4ftsplanung ist eine ganzheitliche Aktivit\u00e4t<\/strong>, die nicht nur ein starkes Verst\u00e4ndnis des Unternehmens erfordert, sondern auch eine klare Vorstellung davon, wohin das Unternehmen gehen m\u00f6chte, und die F\u00e4higkeit, diese in robuste Ertrags- und Kostenprognosen umzusetzen.<\/li>\n<\/ul>\n<ul>\n<li><strong>Sie ben\u00f6tigen die richtige Detailstufe.<\/strong> Meistens sind die Gesch\u00e4ftspl\u00e4ne, die von anderen vorbereitet werden (Ihr Firmenhauptsitz, Ihr Chef, \u2026) viel zu detailliert &#8211; wenn Sie f\u00fcr ein gro\u00dfes Unternehmen arbeiten, wissen Sie, was wir meinen. In diesen schrecklichen Excel-Vorlagen fragen Sie sich wirklich, wer jemals die Hunderte und Tausende von Zeilen gelesen haben k\u00f6nnte, die versuchen zu prognostizieren, was in 10 Jahren passieren k\u00f6nnte &#8230;.<\/li>\n<\/ul>\n<ul>\n<li><strong>Wenn Sie ein bestehendes Gesch\u00e4ft betrachten, sollten die finanziellen Projektionen auch die j\u00fcngste Vergangenheit ber\u00fccksichtigen.<\/strong> Zu oft scheinen sich die Gesch\u00e4ftspl\u00e4ne nicht darum zu k\u00fcmmern, was in den letzten Jahren passiert ist. Wenn Sie die j\u00fcngste Leistung des Unternehmens nicht analysiert haben, wie k\u00f6nnen Sie so tun, als ob Ihre Prognose f\u00fcr die n\u00e4chsten 7-10 Jahre realistisch ist?<\/li>\n<\/ul>\n<ul>\n<li><strong>Die Vorhersage von &#8220;Kosten&#8221; ist schwierig, aber die Prognose von &#8220;M\u00e4rkten&#8221; und &#8220;Einnahmen&#8221; ist wirklich viel schwieriger.<\/strong> Eine M\u00f6glichkeit, diese Herausforderung anzugehen, besteht darin, den Markt auf zwei verschiedene Arten zu prognostizieren: einerseits nach Regionen \/ L\u00e4ndern und andererseits nach Produktlinien \/ Produkten. Und dann kombinieren Sie beides, so dass die beiden Projektionen zueinander passen.<\/li>\n<\/ul>\n<ul>\n<li><strong>Die erstellten Jahresabschl\u00fcsse enthalten oft Fehler.<\/strong> Abgesehen von trivialen Fehlern oder Auslassungen in Excel-Formeln vergessen die Menschen oft, die Auswirkungen der Besteuerung (positiv oder negativ!) in ihre Berechnungen einzubeziehen. Beeinflusst die Besteuerung den Cashflow, die Liquidit\u00e4t und den Wert? Auf jeden Fall, also sollten steuerliche \u00dcberlegungen mit einbezogen werden.<\/li>\n<\/ul>\n<ul>\n<li><strong>Schlie\u00dflich muss der Finanzplan gut aussehen.<\/strong> Nicht nur muss es die Geschichte unterst\u00fctzen, die Sie verkaufen wollen (an Ihr Management oder an Investoren), sondern muss auch visuell ansprechend sein.<\/li>\n<\/ul>\n<p><a href=\"https:\/\/i0.wp.com\/www.invest-aura.com\/wordpress\/wp-content\/uploads\/2014\/03\/FinancialRatios.png\"><img data-attachment-id=\"2455\" data-permalink=\"https:\/\/www.investaura.co\/wordpress\/financial-analysis-templates-and-excel-tools\/financial-ratio-analysis-excel-template\/financialratios\/\" data-orig-file=\"https:\/\/i0.wp.com\/www.investaura.co\/wordpress\/wp-content\/uploads\/2014\/03\/FinancialRatios.png?fit=1213%2C666&amp;ssl=1\" data-orig-size=\"1213,666\" data-comments-opened=\"1\" data-image-meta=\"{&quot;aperture&quot;:&quot;0&quot;,&quot;credit&quot;:&quot;&quot;,&quot;camera&quot;:&quot;&quot;,&quot;caption&quot;:&quot;&quot;,&quot;created_timestamp&quot;:&quot;0&quot;,&quot;copyright&quot;:&quot;&quot;,&quot;focal_length&quot;:&quot;0&quot;,&quot;iso&quot;:&quot;0&quot;,&quot;shutter_speed&quot;:&quot;0&quot;,&quot;title&quot;:&quot;&quot;}\" data-image-title=\"FinancialRatios\" data-image-description=\"\" data-image-caption=\"\" data-medium-file=\"https:\/\/i0.wp.com\/www.investaura.co\/wordpress\/wp-content\/uploads\/2014\/03\/FinancialRatios.png?fit=300%2C164&amp;ssl=1\" data-large-file=\"https:\/\/i0.wp.com\/www.investaura.co\/wordpress\/wp-content\/uploads\/2014\/03\/FinancialRatios.png?fit=720%2C395&amp;ssl=1\" decoding=\"async\" loading=\"lazy\" class=\"aligncenter wp-image-2455 size-full\" src=\"https:\/\/i0.wp.com\/www.invest-aura.com\/wordpress\/wp-content\/uploads\/2014\/03\/FinancialRatios.png?resize=720%2C395\" alt=\"FinancialRatios\" width=\"720\" height=\"395\" srcset=\"https:\/\/i0.wp.com\/www.investaura.co\/wordpress\/wp-content\/uploads\/2014\/03\/FinancialRatios.png?w=1213&amp;ssl=1 1213w, https:\/\/i0.wp.com\/www.investaura.co\/wordpress\/wp-content\/uploads\/2014\/03\/FinancialRatios.png?resize=300%2C164&amp;ssl=1 300w, https:\/\/i0.wp.com\/www.investaura.co\/wordpress\/wp-content\/uploads\/2014\/03\/FinancialRatios.png?resize=1024%2C562&amp;ssl=1 1024w\" sizes=\"(max-width: 720px) 100vw, 720px\" data-recalc-dims=\"1\" \/><\/a><\/p>\n<p>Die Berater von Investaura verf\u00fcgen \u00fcber umfangreiche Erfahrung im Bereich der angewandten, detaillierten Strategie und quantifizierten, robusten, umsetzbaren Gesch\u00e4ftsplanung, die bis in die Mitte der 1990er Jahre zur\u00fcckreicht.<\/p>\n<p>Wir verstehen sowohl kleine als auch gro\u00dfe Unternehmen. Wir sind Berater und selbst Unternehmer und wissen, was n\u00f6tig ist, um ein neues Gesch\u00e4ft von Grund auf zu starten. Dar\u00fcber hinaus haben wir in F\u00fchrungspositionen in der Industrie gearbeitet, so dass wir wissen, wie Innovationen in gro\u00dfen Unternehmen gedeihen &#8211; oder schmachten.<\/p>\n<p>Wir wissen, was funktioniert und was nicht, und verstehen die Herausforderungen, denen sich unsere Kunden gegen\u00fcbersehen, weil wir sie gelebt haben. F\u00fcr weitere Informationen zu unseren Business Planning Services kontaktieren Sie uns bitte.<\/p>\n","protected":false},"excerpt":{"rendered":"<p>Eine gro\u00dfe Anzahl von Managern arbeitet weltweit an der Erstellung von Gesch\u00e4ftspl\u00e4nen, sei es in einem Start-up-Unternehmen, im reifen Unternehmen oder im M&amp;A-Kontext. Leider sind die Ergebnisse nicht immer \u00fcberzeugend oder korrekt!<\/p>\n","protected":false},"author":1,"featured_media":7913,"parent":5685,"menu_order":3,"comment_status":"closed","ping_status":"closed","template":"","meta":{"jetpack_post_was_ever_published":false},"yoast_head":"<!-- This site is optimized with the Yoast SEO plugin v20.4 - https:\/\/yoast.com\/wordpress\/plugins\/seo\/ -->\n<title>Business Plan und Unternehmensbewertung | Investaura<\/title>\n<meta name=\"robots\" content=\"index, follow, max-snippet:-1, max-image-preview:large, max-video-preview:-1\" \/>\n<link rel=\"canonical\" href=\"https:\/\/www.investaura.co\/wordpress\/losungen\/business-planning-bewertung\/\" \/>\n<meta property=\"og:locale\" content=\"en_GB\" \/>\n<meta property=\"og:type\" content=\"article\" \/>\n<meta property=\"og:title\" content=\"Business Plan und Unternehmensbewertung | Investaura\" \/>\n<meta property=\"og:description\" content=\"Eine gro\u00dfe Anzahl von Managern arbeitet weltweit an der Erstellung von Gesch\u00e4ftspl\u00e4nen, sei es in einem Start-up-Unternehmen, im reifen Unternehmen oder im M&amp;A-Kontext. Leider sind die Ergebnisse nicht immer \u00fcberzeugend oder korrekt!\" \/>\n<meta property=\"og:url\" content=\"https:\/\/www.investaura.co\/wordpress\/losungen\/business-planning-bewertung\/\" \/>\n<meta property=\"og:site_name\" content=\"Investaura\" \/>\n<meta property=\"article:modified_time\" content=\"2020-08-05T10:18:54+00:00\" \/>\n<meta property=\"og:image\" content=\"https:\/\/i0.wp.com\/www.investaura.co\/wordpress\/wp-content\/uploads\/2024\/07\/Business_Planning3.jpg?fit=1024%2C769&ssl=1\" \/>\n\t<meta property=\"og:image:width\" content=\"1024\" \/>\n\t<meta property=\"og:image:height\" content=\"769\" \/>\n\t<meta property=\"og:image:type\" content=\"image\/jpeg\" \/>\n<meta name=\"twitter:card\" content=\"summary_large_image\" \/>\n<meta name=\"twitter:label1\" content=\"Estimated reading time\" \/>\n\t<meta name=\"twitter:data1\" content=\"2 minutes\" \/>\n<script type=\"application\/ld+json\" class=\"yoast-schema-graph\">{\"@context\":\"https:\/\/schema.org\",\"@graph\":[{\"@type\":\"WebPage\",\"@id\":\"https:\/\/www.investaura.co\/wordpress\/losungen\/business-planning-bewertung\/\",\"url\":\"https:\/\/www.investaura.co\/wordpress\/losungen\/business-planning-bewertung\/\",\"name\":\"Business Plan und Unternehmensbewertung | Investaura\",\"isPartOf\":{\"@id\":\"https:\/\/www.investaura.co\/wordpress\/#website\"},\"datePublished\":\"2016-03-02T11:49:17+00:00\",\"dateModified\":\"2020-08-05T10:18:54+00:00\",\"breadcrumb\":{\"@id\":\"https:\/\/www.investaura.co\/wordpress\/losungen\/business-planning-bewertung\/#breadcrumb\"},\"inLanguage\":\"en-GB\",\"potentialAction\":[{\"@type\":\"ReadAction\",\"target\":[\"https:\/\/www.investaura.co\/wordpress\/losungen\/business-planning-bewertung\/\"]}]},{\"@type\":\"BreadcrumbList\",\"@id\":\"https:\/\/www.investaura.co\/wordpress\/losungen\/business-planning-bewertung\/#breadcrumb\",\"itemListElement\":[{\"@type\":\"ListItem\",\"position\":1,\"name\":\"Home\",\"item\":\"https:\/\/www.investaura.co\/wordpress\/\"},{\"@type\":\"ListItem\",\"position\":2,\"name\":\"L\u00f6sungen Showcase\",\"item\":\"https:\/\/www.investaura.co\/wordpress\/losungen\/\"},{\"@type\":\"ListItem\",\"position\":3,\"name\":\"Business Plan und Unternehmensbewertung\"}]},{\"@type\":\"WebSite\",\"@id\":\"https:\/\/www.investaura.co\/wordpress\/#website\",\"url\":\"https:\/\/www.investaura.co\/wordpress\/\",\"name\":\"Investaura\",\"description\":\"The Value Creation Consultants\",\"publisher\":{\"@id\":\"https:\/\/www.investaura.co\/wordpress\/#organization\"},\"potentialAction\":[{\"@type\":\"SearchAction\",\"target\":{\"@type\":\"EntryPoint\",\"urlTemplate\":\"https:\/\/www.investaura.co\/wordpress\/?s={search_term_string}\"},\"query-input\":\"required name=search_term_string\"}],\"inLanguage\":\"en-GB\"},{\"@type\":\"Organization\",\"@id\":\"https:\/\/www.investaura.co\/wordpress\/#organization\",\"name\":\"Investaura\",\"url\":\"https:\/\/www.investaura.co\/wordpress\/\",\"logo\":{\"@type\":\"ImageObject\",\"inLanguage\":\"en-GB\",\"@id\":\"https:\/\/www.investaura.co\/wordpress\/#\/schema\/logo\/image\/\",\"url\":\"https:\/\/i0.wp.com\/www.investaura.co\/wordpress\/wp-content\/uploads\/Logo-INVESTAURA_RGB-blau-e1450351498844.jpg?fit=256%2C90&ssl=1\",\"contentUrl\":\"https:\/\/i0.wp.com\/www.investaura.co\/wordpress\/wp-content\/uploads\/Logo-INVESTAURA_RGB-blau-e1450351498844.jpg?fit=256%2C90&ssl=1\",\"width\":256,\"height\":90,\"caption\":\"Investaura\"},\"image\":{\"@id\":\"https:\/\/www.investaura.co\/wordpress\/#\/schema\/logo\/image\/\"},\"sameAs\":[\"https:\/\/www.linkedin.com\/company\/1229653\"]}]}<\/script>\n<!-- \/ Yoast SEO plugin. -->","yoast_head_json":{"title":"Business Plan und Unternehmensbewertung | Investaura","robots":{"index":"index","follow":"follow","max-snippet":"max-snippet:-1","max-image-preview":"max-image-preview:large","max-video-preview":"max-video-preview:-1"},"canonical":"https:\/\/www.investaura.co\/wordpress\/losungen\/business-planning-bewertung\/","og_locale":"en_GB","og_type":"article","og_title":"Business Plan und Unternehmensbewertung | Investaura","og_description":"Eine gro\u00dfe Anzahl von Managern arbeitet weltweit an der Erstellung von Gesch\u00e4ftspl\u00e4nen, sei es in einem Start-up-Unternehmen, im reifen Unternehmen oder im M&amp;A-Kontext. Leider sind die Ergebnisse nicht immer \u00fcberzeugend oder korrekt!","og_url":"https:\/\/www.investaura.co\/wordpress\/losungen\/business-planning-bewertung\/","og_site_name":"Investaura","article_modified_time":"2020-08-05T10:18:54+00:00","og_image":[{"width":1024,"height":769,"url":"https:\/\/i0.wp.com\/www.investaura.co\/wordpress\/wp-content\/uploads\/2024\/07\/Business_Planning3.jpg?fit=1024%2C769&ssl=1","type":"image\/jpeg"}],"twitter_card":"summary_large_image","twitter_misc":{"Estimated reading time":"2 minutes"},"schema":{"@context":"https:\/\/schema.org","@graph":[{"@type":"WebPage","@id":"https:\/\/www.investaura.co\/wordpress\/losungen\/business-planning-bewertung\/","url":"https:\/\/www.investaura.co\/wordpress\/losungen\/business-planning-bewertung\/","name":"Business Plan und Unternehmensbewertung | Investaura","isPartOf":{"@id":"https:\/\/www.investaura.co\/wordpress\/#website"},"datePublished":"2016-03-02T11:49:17+00:00","dateModified":"2020-08-05T10:18:54+00:00","breadcrumb":{"@id":"https:\/\/www.investaura.co\/wordpress\/losungen\/business-planning-bewertung\/#breadcrumb"},"inLanguage":"en-GB","potentialAction":[{"@type":"ReadAction","target":["https:\/\/www.investaura.co\/wordpress\/losungen\/business-planning-bewertung\/"]}]},{"@type":"BreadcrumbList","@id":"https:\/\/www.investaura.co\/wordpress\/losungen\/business-planning-bewertung\/#breadcrumb","itemListElement":[{"@type":"ListItem","position":1,"name":"Home","item":"https:\/\/www.investaura.co\/wordpress\/"},{"@type":"ListItem","position":2,"name":"L\u00f6sungen Showcase","item":"https:\/\/www.investaura.co\/wordpress\/losungen\/"},{"@type":"ListItem","position":3,"name":"Business Plan und Unternehmensbewertung"}]},{"@type":"WebSite","@id":"https:\/\/www.investaura.co\/wordpress\/#website","url":"https:\/\/www.investaura.co\/wordpress\/","name":"Investaura","description":"The Value Creation Consultants","publisher":{"@id":"https:\/\/www.investaura.co\/wordpress\/#organization"},"potentialAction":[{"@type":"SearchAction","target":{"@type":"EntryPoint","urlTemplate":"https:\/\/www.investaura.co\/wordpress\/?s={search_term_string}"},"query-input":"required name=search_term_string"}],"inLanguage":"en-GB"},{"@type":"Organization","@id":"https:\/\/www.investaura.co\/wordpress\/#organization","name":"Investaura","url":"https:\/\/www.investaura.co\/wordpress\/","logo":{"@type":"ImageObject","inLanguage":"en-GB","@id":"https:\/\/www.investaura.co\/wordpress\/#\/schema\/logo\/image\/","url":"https:\/\/i0.wp.com\/www.investaura.co\/wordpress\/wp-content\/uploads\/Logo-INVESTAURA_RGB-blau-e1450351498844.jpg?fit=256%2C90&ssl=1","contentUrl":"https:\/\/i0.wp.com\/www.investaura.co\/wordpress\/wp-content\/uploads\/Logo-INVESTAURA_RGB-blau-e1450351498844.jpg?fit=256%2C90&ssl=1","width":256,"height":90,"caption":"Investaura"},"image":{"@id":"https:\/\/www.investaura.co\/wordpress\/#\/schema\/logo\/image\/"},"sameAs":["https:\/\/www.linkedin.com\/company\/1229653"]}]}},"jetpack_shortlink":"https:\/\/wp.me\/P7ecno-1tW","jetpack-related-posts":[{"id":6759,"url":"https:\/\/www.investaura.co\/wordpress\/dienstleistungen\/geschaeftsplanung\/","url_meta":{"origin":5700,"position":0},"title":"Gesch\u00e4ftsplanung","date":"January 31, 2019","format":false,"excerpt":"Eine gro\u00dfe Anzahl von Managern ist an der Erstellung von Gesch\u00e4ftspl\u00e4nen beteiligt, sei es in einem Start-up, einem ausgereiften Unternehmen oder im Rahmen von M&A. Leider sind die Ergebnisse nicht immer \u00fcberzeugend. Investaura hat eine immense Erfahrung im Bereich der Finanzplanung. Gesch\u00e4ftsplanung ist eine ganzheitliche Aktivit\u00e4t, die nicht nur ein\u2026","rel":"","context":"Similar post","img":{"alt_text":"","src":"https:\/\/i0.wp.com\/www.investaura.co\/wordpress\/wp-content\/uploads\/2010\/09\/shutterstock_251280265_smaller.jpg?fit=1024%2C678&ssl=1&resize=350%2C200","width":350,"height":200},"classes":[]},{"id":6264,"url":"https:\/\/www.investaura.co\/wordpress\/dienstleistungen\/mergers-and-acquisitions\/sell-side-dont-brauchen-ma-berater\/","url_meta":{"origin":5700,"position":1},"title":"Verkaufsseite: Brauchen Sie keinen M&#038;A-Berater?","date":"April 4, 2017","format":false,"excerpt":"Verkaufen Sie Ihre Firma In der heutigen wettbewerbsorientierten Welt sind Gewinn und Wachstum fundamentale Quellen der Wertsch\u00f6pfung f\u00fcr Unternehmer und Aktion\u00e4re. Wenn Sie nicht wachsen, werden es Ihre Konkurrenten tun, und diese k\u00f6nnten schlie\u00dflich Ihr Gesch\u00e4ft in den Schatten stellen und gef\u00e4hrden. Selbst wenn Sie eine profitable Nische f\u00fcr Ihr\u2026","rel":"","context":"Similar post","img":{"alt_text":"","src":"https:\/\/i0.wp.com\/www.investaura.co\/wordpress\/wp-content\/uploads\/shutterstock_139401482.jpg?fit=1000%2C554&ssl=1&resize=350%2C200","width":350,"height":200},"classes":[]},{"id":7590,"url":"https:\/\/www.investaura.co\/wordpress\/losungen\/exit-strategie-fuer-proptech-europa\/","url_meta":{"origin":5700,"position":2},"title":"Exit-Strategie f\u00fcr PropTech in Europa","date":"March 7, 2022","format":false,"excerpt":"Zur Zeit gibt es mehr als 3000 PropTech-Unternehmen in Europa. Viele von ihnen, die nach 2010 gegr\u00fcndet wurden, wurden zun\u00e4chst von der Gr\u00f6\u00dfe des Immobilienmarktes und der M\u00f6glichkeit angezogen, eine Branche umzugestalten, die bis vor kurzem noch keinen Druck zur Digitalisierung versp\u00fcrt hat. Leider erleben viele junge Unternehmen nicht das\u2026","rel":"","context":"Similar post","img":{"alt_text":"","src":"https:\/\/i0.wp.com\/www.investaura.co\/wordpress\/wp-content\/uploads\/2017\/01\/shutterstock_182278607.jpg?fit=1000%2C836&ssl=1&resize=350%2C200","width":350,"height":200},"classes":[]},{"id":6304,"url":"https:\/\/www.investaura.co\/wordpress\/dienstleistungen\/beratung\/strategie-und-business-planung\/","url_meta":{"origin":5700,"position":3},"title":"Strategie und Gesch\u00e4ftsplanung","date":"March 26, 2015","format":false,"excerpt":"Die Berater von Investaura verf\u00fcgen \u00fcber umfangreiche Erfahrung im Bereich der Strategie - angewandte, detaillierte - und Gesch\u00e4ftsplanung - quantifiziert, robust, umsetzbar -, die bis in die Mitte der 1990er Jahre zur\u00fcckreicht. Wir verstehen sowohl kleine als auch gro\u00dfe Unternehmen. Wir sind Berater, die zu Unternehmern werden und wissen, was\u2026","rel":"","context":"Similar post","img":{"alt_text":"","src":"https:\/\/i0.wp.com\/www.investaura.co\/wordpress\/wp-content\/uploads\/2016\/02\/shutterstock_282394148_smaller.jpg?fit=1024%2C683&ssl=1&resize=350%2C200","width":350,"height":200},"classes":[]},{"id":5706,"url":"https:\/\/www.investaura.co\/wordpress\/losungen\/investitionen-betriebs-betriebsplanung\/","url_meta":{"origin":5700,"position":4},"title":"Investitions- und Betriebliche Kostenplanung, Business Simulation","date":"March 2, 2016","format":false,"excerpt":"Die Berater von Investaura beherrschen die Wissenschaft und die Kunst, realistische und genaue Modelle innovativer Technologien und Unternehmen zu entwickeln. Die Anwendungsf\u00e4lle sind sehr vielf\u00e4ltig und umfassen insbesondere: CapEx- und OpEx-Planung f\u00fcr neue Netzwerk-Rollouts oder Technologie-Migrationen Optimierung der Gesamtbetriebskosten (TCO) Service Kalkulation und Ergebnisrechnung Value Selling von komplexen High-Tech-L\u00f6sungen Business-Simulation\u2026","rel":"","context":"Similar post","img":{"alt_text":"","src":"https:\/\/i0.wp.com\/www.investaura.co\/wordpress\/wp-content\/uploads\/2016\/03\/stem_picture.jpg?fit=1200%2C391&ssl=1&resize=350%2C200","width":350,"height":200},"classes":[]},{"id":7373,"url":"https:\/\/www.investaura.co\/wordpress\/losungen\/sell-side-ma-erfolgreichere-transaktionen-mit-kommerziellen-und-finanziellen-factbooks\/","url_meta":{"origin":5700,"position":5},"title":"Sell-side M&#038;A: Erfolgreichere Transaktionen mit kommerziellen und finanziellen Factbooks","date":"August 7, 2020","format":false,"excerpt":"Wenn Unternehmer und F\u00fchrungskr\u00e4fte kleiner und mittlerer Unternehmen Gespr\u00e4che mit finanziellen oder strategischen Investoren f\u00fchren, begeben sie sich auf eine Reise, die sie sowohl in ihrer Komplexit\u00e4t als auch in ihrer Dauer oft stark untersch\u00e4tzen. Es steht au\u00dfer Frage, dass das Management das Unternehmen und seine Geschichte am besten kennt.\u2026","rel":"","context":"Similar post","img":{"alt_text":"","src":"https:\/\/i0.wp.com\/www.investaura.co\/wordpress\/wp-content\/uploads\/2020\/08\/shutterstock_316625645_resized.jpg?fit=1024%2C676&ssl=1&resize=350%2C200","width":350,"height":200},"classes":[]}],"jetpack_sharing_enabled":true,"_links":{"self":[{"href":"https:\/\/www.investaura.co\/wordpress\/wp-json\/wp\/v2\/pages\/5700"}],"collection":[{"href":"https:\/\/www.investaura.co\/wordpress\/wp-json\/wp\/v2\/pages"}],"about":[{"href":"https:\/\/www.investaura.co\/wordpress\/wp-json\/wp\/v2\/types\/page"}],"author":[{"embeddable":true,"href":"https:\/\/www.investaura.co\/wordpress\/wp-json\/wp\/v2\/users\/1"}],"replies":[{"embeddable":true,"href":"https:\/\/www.investaura.co\/wordpress\/wp-json\/wp\/v2\/comments?post=5700"}],"version-history":[{"count":6,"href":"https:\/\/www.investaura.co\/wordpress\/wp-json\/wp\/v2\/pages\/5700\/revisions"}],"predecessor-version":[{"id":6177,"href":"https:\/\/www.investaura.co\/wordpress\/wp-json\/wp\/v2\/pages\/5700\/revisions\/6177"}],"up":[{"embeddable":true,"href":"https:\/\/www.investaura.co\/wordpress\/wp-json\/wp\/v2\/pages\/5685"}],"wp:featuredmedia":[{"embeddable":true,"href":"https:\/\/www.investaura.co\/wordpress\/wp-json\/wp\/v2\/media\/7913"}],"wp:attachment":[{"href":"https:\/\/www.investaura.co\/wordpress\/wp-json\/wp\/v2\/media?parent=5700"}],"curies":[{"name":"wp","href":"https:\/\/api.w.org\/{rel}","templated":true}]}}