{"id":5690,"date":"2016-03-02T13:42:31","date_gmt":"2016-03-02T11:42:31","guid":{"rendered":"http:\/\/www.invest-aura.com\/?page_id=4537"},"modified":"2023-03-29T10:46:57","modified_gmt":"2023-03-29T08:46:57","slug":"fixed-asset-bewertung-und-fair-value-messung-ifrs-13","status":"publish","type":"page","link":"https:\/\/www.investaura.co\/wordpress\/losungen\/fixed-asset-bewertung-und-fair-value-messung-ifrs-13\/","title":{"rendered":"Anlagenbewertung und Fair Value-Bewertung nach IFRS 13"},"content":{"rendered":"<p>Investaura Management Consultants wurde von einem gro\u00dfen Telekommunikations-Konzern beauftragt, eine umfassende Bewertung langfristiger Verm\u00f6genswerte in den Telekommunikationsnetzwerken des Kunden in vier L\u00e4ndern durchzuf\u00fchren.<!--more--><\/p>\n<p>Das Projekt wurde \u00fcber einen Zeitraum von drei Monaten durchgef\u00fchrt und untersuchte 1 Mrd. $ Anlageverm\u00f6gen in den folgenden Anlageklassen: Grundst\u00fccke, Geb\u00e4ude, T\u00fcrme, Telekommunikationsausr\u00fcstungen, Software, Spektrum und Lizenzen.<\/p>\n<p><span class=\"Apple-style-span\" style=\"color: #333333;\">Die Neubewertung erfolgte in \u00dcbereinstimmung mit dem IFRS-Rahmen, insbesondere IFRS 13 (Fair-Value-Bewertung), IAS 36 (Wertminderung), IAS 16 (Sachanlageverm\u00f6gen) und IAS 38 (immaterielle Verm\u00f6genswerte).<\/span><\/p>\n<p>W\u00e4hrend die Abschreibung langfristigen Verm\u00f6genswerte, wenn ihr Wert gemindert ist, nach GAAP allgemein \u00fcblich ist und den Gebot der Vorsicht widerspiegelt, erlaubt IFRS eine Neubewertung auf beiden Seiten, einschlie\u00dflich der Bewertung langfristiger Verm\u00f6genswerte nach dem aktuellen Marktpreis. Grundlage f\u00fcr die Bewertung ist entweder das Anschaffungskostenmodell (Anschaffungskosten abz\u00fcglich kumulierter Abschreibungen) oder das Neubewertungsmodell (Fair Market Value).<\/p>\n<p><a href=\"https:\/\/i0.wp.com\/www.invest-aura.com\/wordpress\/wp-content\/uploads\/Assets_under_IFRS_2.png\"><img data-attachment-id=\"4025\" data-permalink=\"https:\/\/www.investaura.co\/wordpress\/2015\/12\/fixed-asset-valuation-fair-value-measurement\/assets_under_ifrs_2\/\" data-orig-file=\"https:\/\/i0.wp.com\/www.investaura.co\/wordpress\/wp-content\/uploads\/Assets_under_IFRS_2.png?fit=1171%2C663&amp;ssl=1\" data-orig-size=\"1171,663\" data-comments-opened=\"0\" data-image-meta=\"{&quot;aperture&quot;:&quot;0&quot;,&quot;credit&quot;:&quot;&quot;,&quot;camera&quot;:&quot;&quot;,&quot;caption&quot;:&quot;&quot;,&quot;created_timestamp&quot;:&quot;0&quot;,&quot;copyright&quot;:&quot;&quot;,&quot;focal_length&quot;:&quot;0&quot;,&quot;iso&quot;:&quot;0&quot;,&quot;shutter_speed&quot;:&quot;0&quot;,&quot;title&quot;:&quot;&quot;}\" data-image-title=\"Assets_under_IFRS_2\" data-image-description=\"\" data-image-caption=\"&lt;p&gt;Landmark project for a telco in MEA: Fixed Asset Revaluation as per IFRS 13&lt;\/p&gt;\n\" data-medium-file=\"https:\/\/i0.wp.com\/www.investaura.co\/wordpress\/wp-content\/uploads\/Assets_under_IFRS_2.png?fit=300%2C169&amp;ssl=1\" data-large-file=\"https:\/\/i0.wp.com\/www.investaura.co\/wordpress\/wp-content\/uploads\/Assets_under_IFRS_2.png?fit=720%2C407&amp;ssl=1\" decoding=\"async\" loading=\"lazy\" class=\"aligncenter wp-image-4025 size-full\" src=\"https:\/\/i0.wp.com\/www.invest-aura.com\/wordpress\/wp-content\/uploads\/Assets_under_IFRS_2.png?resize=720%2C408\" alt=\"Assets_under_IFRS_2\" width=\"720\" height=\"408\" srcset=\"https:\/\/i0.wp.com\/www.investaura.co\/wordpress\/wp-content\/uploads\/Assets_under_IFRS_2.png?w=1171&amp;ssl=1 1171w, https:\/\/i0.wp.com\/www.investaura.co\/wordpress\/wp-content\/uploads\/Assets_under_IFRS_2.png?resize=300%2C169&amp;ssl=1 300w, https:\/\/i0.wp.com\/www.investaura.co\/wordpress\/wp-content\/uploads\/Assets_under_IFRS_2.png?resize=1024%2C579&amp;ssl=1 1024w\" sizes=\"(max-width: 720px) 100vw, 720px\" data-recalc-dims=\"1\" \/><\/a><\/p>\n<p>Investaura sollte vereinbarte Verfahren durchf\u00fchren, wie sie sp\u00e4ter in den folgenden Abschnitten beschrieben werden mit dem Ziel:<\/p>\n<ul>\n<li>Beurteilung der konsistenten Umsetzung der Fair-Value-Bewertung von langfristigen Verm\u00f6genswerten im gesamten Betrieb des Kunden;<\/li>\n<li>Aktualisierung der Bewertungen bestimmter Klassen von langfristigen Verm\u00f6genswerten, wie nachstehend aufgef\u00fchrt; und<\/li>\n<li>Sicherstellung der Einhaltung des IFRS-Rahmens.<\/li>\n<\/ul>\n<p>Die Klassen langfristiger Verm\u00f6genswerte im Rahmen dieses Auftrags waren:<\/p>\n<ol>\n<li>Immobilien: Grundst\u00fccke und Geb\u00e4ude<\/li>\n<li>T\u00fcrme: a) als Konstruktionen und b) als &#8220;Portfolio&#8221; (TowerCo-Gesch\u00e4ft)<\/li>\n<li>Netzwerk-Assets (aktiv, passiv)<\/li>\n<li>Softwarelizenzen (BSS, OSS)<\/li>\n<li>Betriebs-und Spektrum-Lizenzen<\/li>\n<\/ol>\n<p>Davon wurden (1) von CNC Property Valuation Services, einem britischen Immobilienpartner von Investaura, abgedeckt; (2), (3), (4) und (5) wurden von Investaura abgedeckt.<\/p>\n<hr \/>\n<p><strong><em>\u00dcber die Investaura Consultants f\u00fcr dieses Projekt<br \/>\n<\/em><\/strong><\/p>\n<p><strong><img data-attachment-id=\"4040\" data-permalink=\"https:\/\/www.investaura.co\/wordpress\/2015\/12\/fixed-asset-valuation-fair-value-measurement\/pierreforwp\/\" data-orig-file=\"https:\/\/i0.wp.com\/www.investaura.co\/wordpress\/wp-content\/uploads\/PierreForWP.png?fit=99%2C131&amp;ssl=1\" data-orig-size=\"99,131\" data-comments-opened=\"0\" data-image-meta=\"{&quot;aperture&quot;:&quot;0&quot;,&quot;credit&quot;:&quot;&quot;,&quot;camera&quot;:&quot;&quot;,&quot;caption&quot;:&quot;&quot;,&quot;created_timestamp&quot;:&quot;0&quot;,&quot;copyright&quot;:&quot;&quot;,&quot;focal_length&quot;:&quot;0&quot;,&quot;iso&quot;:&quot;0&quot;,&quot;shutter_speed&quot;:&quot;0&quot;,&quot;title&quot;:&quot;&quot;}\" data-image-title=\"PierreForWP\" data-image-description=\"\" data-image-caption=\"\" data-medium-file=\"https:\/\/i0.wp.com\/www.investaura.co\/wordpress\/wp-content\/uploads\/PierreForWP.png?fit=99%2C131&amp;ssl=1\" data-large-file=\"https:\/\/i0.wp.com\/www.investaura.co\/wordpress\/wp-content\/uploads\/PierreForWP.png?fit=99%2C131&amp;ssl=1\" decoding=\"async\" loading=\"lazy\" class=\"wp-image-4040 size-full alignright\" src=\"https:\/\/i0.wp.com\/www.invest-aura.com\/wordpress\/wp-content\/uploads\/PierreForWP.png?resize=99%2C131\" alt=\"PierreForWP\" width=\"99\" height=\"131\" data-recalc-dims=\"1\" \/>Pierre Lurin <\/strong>ist Partner bei Investaura. Er bringt 20 Jahre Erfahrung in der ICT-Branche mit, nachdem er vor der Gr\u00fcndung von Investaura im Jahr 2008 mit Analysys Mason, Siemens und Nokia zusammengearbeitet hat. Sein Fokus liegt auf Finanzthemen wie Corporate Finance, M&amp;A und Enterprise Performance Management. Er kann unter pierre.lurin@investaura.de kontaktiert werden.<\/p>\n<p><img data-attachment-id=\"4042\" data-permalink=\"https:\/\/www.investaura.co\/wordpress\/2015\/12\/fixed-asset-valuation-fair-value-measurement\/thomforwp\/\" data-orig-file=\"https:\/\/i0.wp.com\/www.investaura.co\/wordpress\/wp-content\/uploads\/ThomForWP.png?fit=95%2C125&amp;ssl=1\" data-orig-size=\"95,125\" data-comments-opened=\"0\" data-image-meta=\"{&quot;aperture&quot;:&quot;0&quot;,&quot;credit&quot;:&quot;&quot;,&quot;camera&quot;:&quot;&quot;,&quot;caption&quot;:&quot;&quot;,&quot;created_timestamp&quot;:&quot;0&quot;,&quot;copyright&quot;:&quot;&quot;,&quot;focal_length&quot;:&quot;0&quot;,&quot;iso&quot;:&quot;0&quot;,&quot;shutter_speed&quot;:&quot;0&quot;,&quot;title&quot;:&quot;&quot;}\" data-image-title=\"ThomForWP\" data-image-description=\"\" data-image-caption=\"\" data-medium-file=\"https:\/\/i0.wp.com\/www.investaura.co\/wordpress\/wp-content\/uploads\/ThomForWP.png?fit=95%2C125&amp;ssl=1\" data-large-file=\"https:\/\/i0.wp.com\/www.investaura.co\/wordpress\/wp-content\/uploads\/ThomForWP.png?fit=95%2C125&amp;ssl=1\" decoding=\"async\" loading=\"lazy\" class=\"wp-image-4042 size-full alignright\" src=\"https:\/\/i0.wp.com\/www.invest-aura.com\/wordpress\/wp-content\/uploads\/ThomForWP.png?resize=95%2C125\" alt=\"ThomForWP\" width=\"95\" height=\"125\" data-recalc-dims=\"1\" \/><\/p>\n<p><strong>Thomas Frisanco <\/strong>ist Associate Partner bei Investaura. Er bringt 20 Jahre Erfahrung in der Telekommunikationsindustrie mit, sowohl bei Lieferenten (Alcatel, Siemens, NSN) als auch in der Beratung (Detecon International). Er konzentriert sich auf den MEA- und asiatischen Markt mit M&amp;A-Transaktionsunterst\u00fctzung, Restrukturierung, Leistungsverbesserung und Revenue Assurance. Er kann unter thomas.frisanco@investele.com erreicht werden.<\/p>\n<p><strong><img data-attachment-id=\"4043\" data-permalink=\"https:\/\/www.investaura.co\/wordpress\/2015\/12\/fixed-asset-valuation-fair-value-measurement\/stefanforwp\/\" data-orig-file=\"https:\/\/i0.wp.com\/www.investaura.co\/wordpress\/wp-content\/uploads\/StefanForWP.png?fit=95%2C127&amp;ssl=1\" data-orig-size=\"95,127\" data-comments-opened=\"0\" data-image-meta=\"{&quot;aperture&quot;:&quot;0&quot;,&quot;credit&quot;:&quot;&quot;,&quot;camera&quot;:&quot;&quot;,&quot;caption&quot;:&quot;&quot;,&quot;created_timestamp&quot;:&quot;0&quot;,&quot;copyright&quot;:&quot;&quot;,&quot;focal_length&quot;:&quot;0&quot;,&quot;iso&quot;:&quot;0&quot;,&quot;shutter_speed&quot;:&quot;0&quot;,&quot;title&quot;:&quot;&quot;}\" data-image-title=\"StefanForWP\" data-image-description=\"\" data-image-caption=\"\" data-medium-file=\"https:\/\/i0.wp.com\/www.investaura.co\/wordpress\/wp-content\/uploads\/StefanForWP.png?fit=95%2C127&amp;ssl=1\" data-large-file=\"https:\/\/i0.wp.com\/www.investaura.co\/wordpress\/wp-content\/uploads\/StefanForWP.png?fit=95%2C127&amp;ssl=1\" decoding=\"async\" loading=\"lazy\" class=\"wp-image-4043 size-full alignright\" src=\"https:\/\/i0.wp.com\/www.invest-aura.com\/wordpress\/wp-content\/uploads\/StefanForWP.png?resize=95%2C127\" alt=\"StefanForWP\" width=\"95\" height=\"127\" data-recalc-dims=\"1\" \/>Stefan Stanislawski <\/strong>ist Associate Partner bei Investaura. Stefan war die dritte Person, die sich zum Beratungshaus Analysys kam und spielte daraufhin eine wichtige Rolle bei dem Wachstum vom \u201eStart-up\u201c zu einem weltweit angesehenen Beratungsunternehmen. Stefan hat an Projekten gearbeitet, wie bspw. dem schnellsten FTTH-Betreiber der Welt, oder auch Planung eines Rollouts f\u00fcr 20.000 cabinets. Er ist bekannt f\u00fcr seine Integrit\u00e4t und Klarheit beim Nachdenken \u00fcber die komplexesten Probleme und Themen. Er kann unter stefan@venturateam.com erreicht werden.<\/p>\n<hr \/>\n<p>F\u00fcr weitere Informationen zu unseren Bewertungsdienstleistungen und allgemeinen Informationen sowie unseren Dienstleistungen zur Bewertung von Anlagen und zur Bewertung zum Fair Value wenden Sie sich bitte an uns.<\/p>\n<p>[download id=&#8221;5321&#8243;]<\/p>\n","protected":false},"excerpt":{"rendered":"<p>Investaura Management Consultants wurde von einem gro\u00dfen Telekommunikations-Konzern beauftragt, eine umfassende Bewertung langfristiger Verm\u00f6genswerte in den Telekommunikationsnetzwerken des Kunden in vier L\u00e4ndern durchzuf\u00fchren.<\/p>\n","protected":false},"author":1,"featured_media":5493,"parent":5685,"menu_order":12,"comment_status":"closed","ping_status":"closed","template":"","meta":{"jetpack_post_was_ever_published":false},"yoast_head":"<!-- This site is optimized with the Yoast SEO plugin v20.4 - https:\/\/yoast.com\/wordpress\/plugins\/seo\/ -->\n<title>Anlagenbewertung und Fair Value-Bewertung nach IFRS 13 | Investaura<\/title>\n<meta name=\"robots\" content=\"index, follow, max-snippet:-1, max-image-preview:large, max-video-preview:-1\" \/>\n<link rel=\"canonical\" href=\"https:\/\/www.investaura.co\/wordpress\/losungen\/fixed-asset-bewertung-und-fair-value-messung-ifrs-13\/\" \/>\n<meta property=\"og:locale\" content=\"en_GB\" \/>\n<meta property=\"og:type\" content=\"article\" \/>\n<meta property=\"og:title\" content=\"Anlagenbewertung und Fair Value-Bewertung nach IFRS 13 | Investaura\" \/>\n<meta property=\"og:description\" content=\"Investaura Management Consultants wurde von einem gro\u00dfen Telekommunikations-Konzern beauftragt, eine umfassende Bewertung langfristiger Verm\u00f6genswerte in den Telekommunikationsnetzwerken des Kunden in vier L\u00e4ndern durchzuf\u00fchren.\" \/>\n<meta property=\"og:url\" content=\"https:\/\/www.investaura.co\/wordpress\/losungen\/fixed-asset-bewertung-und-fair-value-messung-ifrs-13\/\" \/>\n<meta property=\"og:site_name\" content=\"Investaura\" \/>\n<meta property=\"article:modified_time\" content=\"2023-03-29T08:46:57+00:00\" \/>\n<meta property=\"og:image\" content=\"https:\/\/i0.wp.com\/www.investaura.co\/wordpress\/wp-content\/uploads\/2017\/11\/shutterstock_99389720_1024.jpg?fit=1024%2C680&ssl=1\" \/>\n\t<meta property=\"og:image:width\" content=\"1024\" \/>\n\t<meta property=\"og:image:height\" content=\"680\" \/>\n\t<meta property=\"og:image:type\" content=\"image\/jpeg\" \/>\n<meta name=\"twitter:card\" content=\"summary_large_image\" \/>\n<meta name=\"twitter:label1\" content=\"Estimated reading time\" \/>\n\t<meta name=\"twitter:data1\" content=\"3 minutes\" \/>\n<script type=\"application\/ld+json\" class=\"yoast-schema-graph\">{\"@context\":\"https:\/\/schema.org\",\"@graph\":[{\"@type\":\"WebPage\",\"@id\":\"https:\/\/www.investaura.co\/wordpress\/losungen\/fixed-asset-bewertung-und-fair-value-messung-ifrs-13\/\",\"url\":\"https:\/\/www.investaura.co\/wordpress\/losungen\/fixed-asset-bewertung-und-fair-value-messung-ifrs-13\/\",\"name\":\"Anlagenbewertung und Fair Value-Bewertung nach IFRS 13 | Investaura\",\"isPartOf\":{\"@id\":\"https:\/\/www.investaura.co\/wordpress\/#website\"},\"datePublished\":\"2016-03-02T11:42:31+00:00\",\"dateModified\":\"2023-03-29T08:46:57+00:00\",\"breadcrumb\":{\"@id\":\"https:\/\/www.investaura.co\/wordpress\/losungen\/fixed-asset-bewertung-und-fair-value-messung-ifrs-13\/#breadcrumb\"},\"inLanguage\":\"en-GB\",\"potentialAction\":[{\"@type\":\"ReadAction\",\"target\":[\"https:\/\/www.investaura.co\/wordpress\/losungen\/fixed-asset-bewertung-und-fair-value-messung-ifrs-13\/\"]}]},{\"@type\":\"BreadcrumbList\",\"@id\":\"https:\/\/www.investaura.co\/wordpress\/losungen\/fixed-asset-bewertung-und-fair-value-messung-ifrs-13\/#breadcrumb\",\"itemListElement\":[{\"@type\":\"ListItem\",\"position\":1,\"name\":\"Home\",\"item\":\"https:\/\/www.investaura.co\/wordpress\/\"},{\"@type\":\"ListItem\",\"position\":2,\"name\":\"L\u00f6sungen Showcase\",\"item\":\"https:\/\/www.investaura.co\/wordpress\/losungen\/\"},{\"@type\":\"ListItem\",\"position\":3,\"name\":\"Anlagenbewertung und Fair Value-Bewertung nach IFRS 13\"}]},{\"@type\":\"WebSite\",\"@id\":\"https:\/\/www.investaura.co\/wordpress\/#website\",\"url\":\"https:\/\/www.investaura.co\/wordpress\/\",\"name\":\"Investaura\",\"description\":\"The Value Creation Consultants\",\"publisher\":{\"@id\":\"https:\/\/www.investaura.co\/wordpress\/#organization\"},\"potentialAction\":[{\"@type\":\"SearchAction\",\"target\":{\"@type\":\"EntryPoint\",\"urlTemplate\":\"https:\/\/www.investaura.co\/wordpress\/?s={search_term_string}\"},\"query-input\":\"required name=search_term_string\"}],\"inLanguage\":\"en-GB\"},{\"@type\":\"Organization\",\"@id\":\"https:\/\/www.investaura.co\/wordpress\/#organization\",\"name\":\"Investaura\",\"url\":\"https:\/\/www.investaura.co\/wordpress\/\",\"logo\":{\"@type\":\"ImageObject\",\"inLanguage\":\"en-GB\",\"@id\":\"https:\/\/www.investaura.co\/wordpress\/#\/schema\/logo\/image\/\",\"url\":\"https:\/\/i0.wp.com\/www.investaura.co\/wordpress\/wp-content\/uploads\/Logo-INVESTAURA_RGB-blau-e1450351498844.jpg?fit=256%2C90&ssl=1\",\"contentUrl\":\"https:\/\/i0.wp.com\/www.investaura.co\/wordpress\/wp-content\/uploads\/Logo-INVESTAURA_RGB-blau-e1450351498844.jpg?fit=256%2C90&ssl=1\",\"width\":256,\"height\":90,\"caption\":\"Investaura\"},\"image\":{\"@id\":\"https:\/\/www.investaura.co\/wordpress\/#\/schema\/logo\/image\/\"},\"sameAs\":[\"https:\/\/www.linkedin.com\/company\/1229653\"]}]}<\/script>\n<!-- \/ Yoast SEO plugin. -->","yoast_head_json":{"title":"Anlagenbewertung und Fair Value-Bewertung nach IFRS 13 | Investaura","robots":{"index":"index","follow":"follow","max-snippet":"max-snippet:-1","max-image-preview":"max-image-preview:large","max-video-preview":"max-video-preview:-1"},"canonical":"https:\/\/www.investaura.co\/wordpress\/losungen\/fixed-asset-bewertung-und-fair-value-messung-ifrs-13\/","og_locale":"en_GB","og_type":"article","og_title":"Anlagenbewertung und Fair Value-Bewertung nach IFRS 13 | Investaura","og_description":"Investaura Management Consultants wurde von einem gro\u00dfen Telekommunikations-Konzern beauftragt, eine umfassende Bewertung langfristiger Verm\u00f6genswerte in den Telekommunikationsnetzwerken des Kunden in vier L\u00e4ndern durchzuf\u00fchren.","og_url":"https:\/\/www.investaura.co\/wordpress\/losungen\/fixed-asset-bewertung-und-fair-value-messung-ifrs-13\/","og_site_name":"Investaura","article_modified_time":"2023-03-29T08:46:57+00:00","og_image":[{"width":1024,"height":680,"url":"https:\/\/i0.wp.com\/www.investaura.co\/wordpress\/wp-content\/uploads\/2017\/11\/shutterstock_99389720_1024.jpg?fit=1024%2C680&ssl=1","type":"image\/jpeg"}],"twitter_card":"summary_large_image","twitter_misc":{"Estimated reading time":"3 minutes"},"schema":{"@context":"https:\/\/schema.org","@graph":[{"@type":"WebPage","@id":"https:\/\/www.investaura.co\/wordpress\/losungen\/fixed-asset-bewertung-und-fair-value-messung-ifrs-13\/","url":"https:\/\/www.investaura.co\/wordpress\/losungen\/fixed-asset-bewertung-und-fair-value-messung-ifrs-13\/","name":"Anlagenbewertung und Fair Value-Bewertung nach IFRS 13 | Investaura","isPartOf":{"@id":"https:\/\/www.investaura.co\/wordpress\/#website"},"datePublished":"2016-03-02T11:42:31+00:00","dateModified":"2023-03-29T08:46:57+00:00","breadcrumb":{"@id":"https:\/\/www.investaura.co\/wordpress\/losungen\/fixed-asset-bewertung-und-fair-value-messung-ifrs-13\/#breadcrumb"},"inLanguage":"en-GB","potentialAction":[{"@type":"ReadAction","target":["https:\/\/www.investaura.co\/wordpress\/losungen\/fixed-asset-bewertung-und-fair-value-messung-ifrs-13\/"]}]},{"@type":"BreadcrumbList","@id":"https:\/\/www.investaura.co\/wordpress\/losungen\/fixed-asset-bewertung-und-fair-value-messung-ifrs-13\/#breadcrumb","itemListElement":[{"@type":"ListItem","position":1,"name":"Home","item":"https:\/\/www.investaura.co\/wordpress\/"},{"@type":"ListItem","position":2,"name":"L\u00f6sungen Showcase","item":"https:\/\/www.investaura.co\/wordpress\/losungen\/"},{"@type":"ListItem","position":3,"name":"Anlagenbewertung und Fair Value-Bewertung nach IFRS 13"}]},{"@type":"WebSite","@id":"https:\/\/www.investaura.co\/wordpress\/#website","url":"https:\/\/www.investaura.co\/wordpress\/","name":"Investaura","description":"The Value Creation Consultants","publisher":{"@id":"https:\/\/www.investaura.co\/wordpress\/#organization"},"potentialAction":[{"@type":"SearchAction","target":{"@type":"EntryPoint","urlTemplate":"https:\/\/www.investaura.co\/wordpress\/?s={search_term_string}"},"query-input":"required name=search_term_string"}],"inLanguage":"en-GB"},{"@type":"Organization","@id":"https:\/\/www.investaura.co\/wordpress\/#organization","name":"Investaura","url":"https:\/\/www.investaura.co\/wordpress\/","logo":{"@type":"ImageObject","inLanguage":"en-GB","@id":"https:\/\/www.investaura.co\/wordpress\/#\/schema\/logo\/image\/","url":"https:\/\/i0.wp.com\/www.investaura.co\/wordpress\/wp-content\/uploads\/Logo-INVESTAURA_RGB-blau-e1450351498844.jpg?fit=256%2C90&ssl=1","contentUrl":"https:\/\/i0.wp.com\/www.investaura.co\/wordpress\/wp-content\/uploads\/Logo-INVESTAURA_RGB-blau-e1450351498844.jpg?fit=256%2C90&ssl=1","width":256,"height":90,"caption":"Investaura"},"image":{"@id":"https:\/\/www.investaura.co\/wordpress\/#\/schema\/logo\/image\/"},"sameAs":["https:\/\/www.linkedin.com\/company\/1229653"]}]}},"jetpack_shortlink":"https:\/\/wp.me\/P7ecno-1tM","jetpack-related-posts":[{"id":6306,"url":"https:\/\/www.investaura.co\/wordpress\/dienstleistungen\/beratung\/unternehmensfinanzierung\/","url_meta":{"origin":5690,"position":0},"title":"Corporate Finance","date":"March 26, 2015","format":false,"excerpt":"Wir decken das gesamte Spektrum von Corporate Finance-Themen ab, die f\u00fcr Anbieter von Telekommunikationsdiensten, Lieferanten, Infrastrukturmanagement und IT-Unternehmen relevant sind, darunter: Bewertung Im Finanzbereich wird der Erfolg gew\u00f6hnlich nach dem Wert beurteilt. Eine gute Investitionsentscheidung ist der Kauf eines realen Verm\u00f6genswerts, der mehr wert ist als seine Kosten. Unternehmensbewertung (DCF,\u2026","rel":"","context":"Similar post","img":{"alt_text":"","src":"https:\/\/i0.wp.com\/www.investaura.co\/wordpress\/wp-content\/uploads\/2016\/02\/shutterstock_282394148_smaller.jpg?fit=1024%2C683&ssl=1&resize=350%2C200","width":350,"height":200},"classes":[]},{"id":5753,"url":"https:\/\/www.investaura.co\/wordpress\/dienstleistungen\/beratung\/","url_meta":{"origin":5690,"position":1},"title":"Strategieberatung","date":"September 8, 2010","format":false,"excerpt":"Wir leiten strategische Initiativen, identifizieren Wertsch\u00f6pfungsm\u00f6glichkeiten und arbeiten mit den F\u00fchrungskr\u00e4ften unserer Kunden zusammen, um sowohl die kurzfristige als auch die langfristige Unternehmensleistung zu verbessern. Unsere Berater sind erfahrene Fachleute mit umfassender operativer Erfahrung. Wir bringen unsere positive Einstellung ein: Wir haben Unternehmergeist, sind umsetzungsorientiert und \u00fcbernehmen die Verantwortung f\u00fcr\u2026","rel":"","context":"Similar post","img":{"alt_text":"","src":"https:\/\/i0.wp.com\/www.investaura.co\/wordpress\/wp-content\/uploads\/2016\/02\/shutterstock_282394148_smaller.jpg?fit=1024%2C683&ssl=1&resize=350%2C200","width":350,"height":200},"classes":[]},{"id":5700,"url":"https:\/\/www.investaura.co\/wordpress\/losungen\/business-planning-bewertung\/","url_meta":{"origin":5690,"position":2},"title":"Business Plan und Unternehmensbewertung","date":"March 2, 2016","format":false,"excerpt":"Eine gro\u00dfe Anzahl von Managern arbeitet weltweit an der Erstellung von Gesch\u00e4ftspl\u00e4nen, sei es in einem Start-up-Unternehmen, im reifen Unternehmen oder im M&A-Kontext. Leider sind die Ergebnisse nicht immer \u00fcberzeugend oder korrekt! Gesch\u00e4ftsplanung ist eine ganzheitliche Aktivit\u00e4t, die nicht nur ein starkes Verst\u00e4ndnis des Unternehmens erfordert, sondern auch eine klare\u2026","rel":"","context":"Similar post","img":{"alt_text":"","src":"https:\/\/i0.wp.com\/www.investaura.co\/wordpress\/wp-content\/uploads\/2024\/07\/Business_Planning3.jpg?fit=1024%2C769&ssl=1&resize=350%2C200","width":350,"height":200},"classes":[]},{"id":6304,"url":"https:\/\/www.investaura.co\/wordpress\/dienstleistungen\/beratung\/strategie-und-business-planung\/","url_meta":{"origin":5690,"position":3},"title":"Strategie und Gesch\u00e4ftsplanung","date":"March 26, 2015","format":false,"excerpt":"Die Berater von Investaura verf\u00fcgen \u00fcber umfangreiche Erfahrung im Bereich der Strategie - angewandte, detaillierte - und Gesch\u00e4ftsplanung - quantifiziert, robust, umsetzbar -, die bis in die Mitte der 1990er Jahre zur\u00fcckreicht. Wir verstehen sowohl kleine als auch gro\u00dfe Unternehmen. Wir sind Berater, die zu Unternehmern werden und wissen, was\u2026","rel":"","context":"Similar post","img":{"alt_text":"","src":"https:\/\/i0.wp.com\/www.investaura.co\/wordpress\/wp-content\/uploads\/2016\/02\/shutterstock_282394148_smaller.jpg?fit=1024%2C683&ssl=1&resize=350%2C200","width":350,"height":200},"classes":[]},{"id":5702,"url":"https:\/\/www.investaura.co\/wordpress\/losungen\/business-process-review-und-improvement-telco\/","url_meta":{"origin":5690,"position":4},"title":"Analyse und Verbesserung von Gesch\u00e4ftsprozessen","date":"August 12, 2016","format":false,"excerpt":"Investaura hat k\u00fcrzlich ein Projekt zur \u00dcberpr\u00fcfung und Verbesserung der \u00fcber 100 Prozesse eines Telekommunikationsdienstleisters abgeschlossen, der sich auf Netzwerke, IT, Marketing, Vertrieb, Finanzen, HR und Gro\u00dfhandel erstreckt. Das Projekt befindet sich nun in der Implementierungsphase, einschlie\u00dflich des \u00c4nderungsmanagements. Der Umfang des Projekts umfasste: Mapping der Prozesse \"as-is\", einschlie\u00dflich RACI\u2026","rel":"","context":"Similar post","img":{"alt_text":"","src":"https:\/\/i0.wp.com\/www.investaura.co\/wordpress\/wp-content\/uploads\/2016\/08\/shutterstock_283203605_centered_new.jpg?fit=1000%2C410&ssl=1&resize=350%2C200","width":350,"height":200},"classes":[]},{"id":5712,"url":"https:\/\/www.investaura.co\/wordpress\/losungen\/target-such-und-due-diligence\/","url_meta":{"origin":5690,"position":5},"title":"Buy-side M&#038;A: Zielsuche und Due Diligence","date":"March 2, 2016","format":false,"excerpt":"F\u00fcr die meisten Unternehmen ist der Prozess der Zielauswahl und -selektion eine Herausforderung, insbesondere auf ausl\u00e4ndischen M\u00e4rkten und in unbekannten Gew\u00e4ssern. K\u00e4ufer k\u00f6nnen von externer professioneller Unterst\u00fctzung sehr profitieren, um die Qualit\u00e4t der Passform von Anfang an zu verbessern und die Chance zu erh\u00f6hen, an ihr Ziel zu gelangen. \u00dcber\u2026","rel":"","context":"Similar post","img":{"alt_text":"","src":"https:\/\/i0.wp.com\/www.investaura.co\/wordpress\/wp-content\/uploads\/2024\/07\/Business_Planning2.jpg?fit=1024%2C631&ssl=1&resize=350%2C200","width":350,"height":200},"classes":[]}],"jetpack_sharing_enabled":true,"_links":{"self":[{"href":"https:\/\/www.investaura.co\/wordpress\/wp-json\/wp\/v2\/pages\/5690"}],"collection":[{"href":"https:\/\/www.investaura.co\/wordpress\/wp-json\/wp\/v2\/pages"}],"about":[{"href":"https:\/\/www.investaura.co\/wordpress\/wp-json\/wp\/v2\/types\/page"}],"author":[{"embeddable":true,"href":"https:\/\/www.investaura.co\/wordpress\/wp-json\/wp\/v2\/users\/1"}],"replies":[{"embeddable":true,"href":"https:\/\/www.investaura.co\/wordpress\/wp-json\/wp\/v2\/comments?post=5690"}],"version-history":[{"count":15,"href":"https:\/\/www.investaura.co\/wordpress\/wp-json\/wp\/v2\/pages\/5690\/revisions"}],"predecessor-version":[{"id":7806,"href":"https:\/\/www.investaura.co\/wordpress\/wp-json\/wp\/v2\/pages\/5690\/revisions\/7806"}],"up":[{"embeddable":true,"href":"https:\/\/www.investaura.co\/wordpress\/wp-json\/wp\/v2\/pages\/5685"}],"wp:featuredmedia":[{"embeddable":true,"href":"https:\/\/www.investaura.co\/wordpress\/wp-json\/wp\/v2\/media\/5493"}],"wp:attachment":[{"href":"https:\/\/www.investaura.co\/wordpress\/wp-json\/wp\/v2\/media?parent=5690"}],"curies":[{"name":"wp","href":"https:\/\/api.w.org\/{rel}","templated":true}]}}