{"id":5682,"date":"2017-11-06T13:56:09","date_gmt":"2017-11-06T11:56:09","guid":{"rendered":"http:\/\/www.investaura.co\/?page_id=5474"},"modified":"2018-04-11T10:36:06","modified_gmt":"2018-04-11T08:36:06","slug":"finanzen-pm-expertise-komplex-ftth-projekte","status":"publish","type":"page","link":"https:\/\/www.investaura.co\/wordpress\/losungen\/finanzen-pm-expertise-komplex-ftth-projekte\/","title":{"rendered":"Business Plan und Projekt-Management f\u00fcr FTTH Projekte"},"content":{"rendered":"<p>Der im Fr\u00fchjahr 2013 gestartete Plan &#8220;France Tr\u00e8s Haut D\u00e9bit&#8221; zielt darauf ab, das gesamte franz\u00f6sische Staatsgebiet bis 2022 mit sehr schnellen Internet-Zugang (mehr als 30 Mbit\/s) zu versorgen. Der Eckpfeiler des Plans ist der massive Einsatz von FTTH-Technologien f\u00fcr das Land.<\/p>\n<p><!--more--><\/p>\n<p>Um dieses Ziel zu erreichen, mobilisiert es innerhalb von 10 Jahren eine Investition von 20 Mrd. EUR, die sich zwischen privaten Betreibern, lokalen Beh\u00f6rden, dem franz\u00f6sischen Staat und der EU verteilt. Ende 2016 hatte 1 von 2 Haushalten bereits Zugang zu Highspeed-Internet.<\/p>\n<p>Investaura hat mit einem gro\u00dfen Telekommunikationsunternehmen in Frankreich an der Verbesserung seiner FTTH &#8211; Projekte in Gebieten mit geringer Bev\u00f6lkerungsdichte, sogenannten &#8220;Public Initiative Networks&#8221; (&#8220;R\u00e9seau d&#8217;Initiative Publique&#8221; oder RIP auf Franz\u00f6sisch) gearbeitet, bei dem die lokalen Beh\u00f6rden (municipalities, communities of municipalities, department, region) private Unternehmen beauftragten in ihrem Namen passive FTTx-Netze aufzubauen und zu betreiben, wobei sie eines der folgenden Gesch\u00e4ftsmodelle nutzen :<\/p>\n<ul>\n<li>DSP (D\u00e9l\u00e9gation de Service Publique): ein Konzessionsmodell, bei dem der private Partner das passive FTTH-Netz f\u00fcr 15-35 Jahren finanziert, baut und betreibt und die kommerziellen Risiken tr\u00e4gt.<\/li>\n<li>Affermage: auch ein Konzessionsmodell, aber die private Firma betreibt ein Glasfasernetz, das in der Vergangenheit von den lokalen Beh\u00f6rden gebaut wurde und sich bereits in deren Besitz befindet.<\/li>\n<li>PPP (Public Private Partnership): Die PPP-Einrichtung finanziert, baut und betreibt das FTTH-Netz, aber das PPP-Modell tr\u00e4gt weniger Risiken f\u00fcr den privaten Partner, da die Einnahmen weitgehend garantiert sind. Der \u00f6ffentliche Partner ist f\u00fcr die Vermarktung des FTTH-Netzes verantwortlich.<\/li>\n<li>CREM (Conception, R\u00e9alisation, Exploitation, Maintenance): Der private Partner baut das Netzwerk auf und betreibt es technisch, wobei die lokalen Beh\u00f6rden von Anfang an das FTTH-Netzwerk besitzen und f\u00fcr den kommerziellen Erfolg verantwortlich sind.<\/li>\n<\/ul>\n<p>Investaura beriet den Kunden bei seinen komplexen finanziellen Gesch\u00e4ftspl\u00e4nen und Verhandlungen mit den lokalen Beh\u00f6rden. Dar\u00fcber hinaus \u00fcbernahm Investaura die Projektverantwortung f\u00fcr eine Reihe komplexer und innovativer Themen.<\/p>\n<p>Das Investaura-Team besteht aus erfahrenen Telekommunikationsberatern, Ingenieuren und F\u00fchrungskr\u00e4ften. Wir bieten einen Beratungsstil der n\u00e4chsten Generation, der unsere Werte widerspiegelt und einen praxisorientierten, ergebnisorientierten Ansatz kombiniert mit langj\u00e4hriger Erfahrung in den Bereichen Betriebsmanagement, Strategie und Finanzen.<\/p>\n<p>F\u00fcr weitere Informationen zu unseren FTTx-Referenzen und -Dienstleistungen kontaktieren Sie uns gerne.<\/p>\n","protected":false},"excerpt":{"rendered":"<p>Der im Fr\u00fchjahr 2013 gestartete Plan &#8220;France Tr\u00e8s Haut D\u00e9bit&#8221; zielt darauf ab, das gesamte franz\u00f6sische Staatsgebiet bis 2022 mit sehr schnellen Internet-Zugang (mehr als 30 Mbit\/s) zu versorgen. Der Eckpfeiler des Plans ist der massive Einsatz von FTTH-Technologien f\u00fcr&#8230; <\/p>\n<div class=\"more-link-container\"><a class=\"more-link\" href=\"https:\/\/www.investaura.co\/wordpress\/losungen\/finanzen-pm-expertise-komplex-ftth-projekte\/\">Read More<\/a><\/div>\n","protected":false},"author":1,"featured_media":5478,"parent":5685,"menu_order":11,"comment_status":"closed","ping_status":"closed","template":"","meta":{"jetpack_post_was_ever_published":false},"yoast_head":"<!-- This site is optimized with the Yoast SEO plugin v20.4 - https:\/\/yoast.com\/wordpress\/plugins\/seo\/ -->\n<title>Business Plan und Projekt-Management f\u00fcr FTTH Projekte | Investaura<\/title>\n<meta name=\"robots\" content=\"index, follow, max-snippet:-1, max-image-preview:large, max-video-preview:-1\" \/>\n<link rel=\"canonical\" href=\"https:\/\/www.investaura.co\/wordpress\/losungen\/finanzen-pm-expertise-komplex-ftth-projekte\/\" \/>\n<meta property=\"og:locale\" content=\"en_GB\" \/>\n<meta property=\"og:type\" content=\"article\" \/>\n<meta property=\"og:title\" content=\"Business Plan und Projekt-Management f\u00fcr FTTH Projekte | Investaura\" \/>\n<meta property=\"og:description\" content=\"Der im Fr\u00fchjahr 2013 gestartete Plan &#8220;France Tr\u00e8s Haut D\u00e9bit&#8221; zielt darauf ab, das gesamte franz\u00f6sische Staatsgebiet bis 2022 mit sehr schnellen Internet-Zugang (mehr als 30 Mbit\/s) zu versorgen. Der Eckpfeiler des Plans ist der massive Einsatz von FTTH-Technologien f\u00fcr... Read More\" \/>\n<meta property=\"og:url\" content=\"https:\/\/www.investaura.co\/wordpress\/losungen\/finanzen-pm-expertise-komplex-ftth-projekte\/\" \/>\n<meta property=\"og:site_name\" content=\"Investaura\" \/>\n<meta property=\"article:modified_time\" content=\"2018-04-11T08:36:06+00:00\" \/>\n<meta property=\"og:image\" content=\"https:\/\/i0.wp.com\/www.investaura.co\/wordpress\/wp-content\/uploads\/2017\/11\/Fibre400.jpg?fit=1567%2C400&ssl=1\" \/>\n\t<meta property=\"og:image:width\" content=\"1567\" \/>\n\t<meta property=\"og:image:height\" content=\"400\" \/>\n\t<meta property=\"og:image:type\" content=\"image\/jpeg\" \/>\n<meta name=\"twitter:card\" content=\"summary_large_image\" \/>\n<meta name=\"twitter:label1\" content=\"Estimated reading time\" \/>\n\t<meta name=\"twitter:data1\" content=\"2 minutes\" \/>\n<script type=\"application\/ld+json\" class=\"yoast-schema-graph\">{\"@context\":\"https:\/\/schema.org\",\"@graph\":[{\"@type\":\"WebPage\",\"@id\":\"https:\/\/www.investaura.co\/wordpress\/losungen\/finanzen-pm-expertise-komplex-ftth-projekte\/\",\"url\":\"https:\/\/www.investaura.co\/wordpress\/losungen\/finanzen-pm-expertise-komplex-ftth-projekte\/\",\"name\":\"Business Plan und Projekt-Management f\u00fcr FTTH Projekte | Investaura\",\"isPartOf\":{\"@id\":\"https:\/\/www.investaura.co\/wordpress\/#website\"},\"datePublished\":\"2017-11-06T11:56:09+00:00\",\"dateModified\":\"2018-04-11T08:36:06+00:00\",\"breadcrumb\":{\"@id\":\"https:\/\/www.investaura.co\/wordpress\/losungen\/finanzen-pm-expertise-komplex-ftth-projekte\/#breadcrumb\"},\"inLanguage\":\"en-GB\",\"potentialAction\":[{\"@type\":\"ReadAction\",\"target\":[\"https:\/\/www.investaura.co\/wordpress\/losungen\/finanzen-pm-expertise-komplex-ftth-projekte\/\"]}]},{\"@type\":\"BreadcrumbList\",\"@id\":\"https:\/\/www.investaura.co\/wordpress\/losungen\/finanzen-pm-expertise-komplex-ftth-projekte\/#breadcrumb\",\"itemListElement\":[{\"@type\":\"ListItem\",\"position\":1,\"name\":\"Home\",\"item\":\"https:\/\/www.investaura.co\/wordpress\/\"},{\"@type\":\"ListItem\",\"position\":2,\"name\":\"L\u00f6sungen Showcase\",\"item\":\"https:\/\/www.investaura.co\/wordpress\/losungen\/\"},{\"@type\":\"ListItem\",\"position\":3,\"name\":\"Business Plan und Projekt-Management f\u00fcr FTTH Projekte\"}]},{\"@type\":\"WebSite\",\"@id\":\"https:\/\/www.investaura.co\/wordpress\/#website\",\"url\":\"https:\/\/www.investaura.co\/wordpress\/\",\"name\":\"Investaura\",\"description\":\"The Value Creation Consultants\",\"publisher\":{\"@id\":\"https:\/\/www.investaura.co\/wordpress\/#organization\"},\"potentialAction\":[{\"@type\":\"SearchAction\",\"target\":{\"@type\":\"EntryPoint\",\"urlTemplate\":\"https:\/\/www.investaura.co\/wordpress\/?s={search_term_string}\"},\"query-input\":\"required name=search_term_string\"}],\"inLanguage\":\"en-GB\"},{\"@type\":\"Organization\",\"@id\":\"https:\/\/www.investaura.co\/wordpress\/#organization\",\"name\":\"Investaura\",\"url\":\"https:\/\/www.investaura.co\/wordpress\/\",\"logo\":{\"@type\":\"ImageObject\",\"inLanguage\":\"en-GB\",\"@id\":\"https:\/\/www.investaura.co\/wordpress\/#\/schema\/logo\/image\/\",\"url\":\"https:\/\/i0.wp.com\/www.investaura.co\/wordpress\/wp-content\/uploads\/Logo-INVESTAURA_RGB-blau-e1450351498844.jpg?fit=256%2C90&ssl=1\",\"contentUrl\":\"https:\/\/i0.wp.com\/www.investaura.co\/wordpress\/wp-content\/uploads\/Logo-INVESTAURA_RGB-blau-e1450351498844.jpg?fit=256%2C90&ssl=1\",\"width\":256,\"height\":90,\"caption\":\"Investaura\"},\"image\":{\"@id\":\"https:\/\/www.investaura.co\/wordpress\/#\/schema\/logo\/image\/\"},\"sameAs\":[\"https:\/\/www.linkedin.com\/company\/1229653\"]}]}<\/script>\n<!-- \/ Yoast SEO plugin. -->","yoast_head_json":{"title":"Business Plan und Projekt-Management f\u00fcr FTTH Projekte | Investaura","robots":{"index":"index","follow":"follow","max-snippet":"max-snippet:-1","max-image-preview":"max-image-preview:large","max-video-preview":"max-video-preview:-1"},"canonical":"https:\/\/www.investaura.co\/wordpress\/losungen\/finanzen-pm-expertise-komplex-ftth-projekte\/","og_locale":"en_GB","og_type":"article","og_title":"Business Plan und Projekt-Management f\u00fcr FTTH Projekte | Investaura","og_description":"Der im Fr\u00fchjahr 2013 gestartete Plan &#8220;France Tr\u00e8s Haut D\u00e9bit&#8221; zielt darauf ab, das gesamte franz\u00f6sische Staatsgebiet bis 2022 mit sehr schnellen Internet-Zugang (mehr als 30 Mbit\/s) zu versorgen. Der Eckpfeiler des Plans ist der massive Einsatz von FTTH-Technologien f\u00fcr... Read More","og_url":"https:\/\/www.investaura.co\/wordpress\/losungen\/finanzen-pm-expertise-komplex-ftth-projekte\/","og_site_name":"Investaura","article_modified_time":"2018-04-11T08:36:06+00:00","og_image":[{"width":1567,"height":400,"url":"https:\/\/i0.wp.com\/www.investaura.co\/wordpress\/wp-content\/uploads\/2017\/11\/Fibre400.jpg?fit=1567%2C400&ssl=1","type":"image\/jpeg"}],"twitter_card":"summary_large_image","twitter_misc":{"Estimated reading time":"2 minutes"},"schema":{"@context":"https:\/\/schema.org","@graph":[{"@type":"WebPage","@id":"https:\/\/www.investaura.co\/wordpress\/losungen\/finanzen-pm-expertise-komplex-ftth-projekte\/","url":"https:\/\/www.investaura.co\/wordpress\/losungen\/finanzen-pm-expertise-komplex-ftth-projekte\/","name":"Business Plan und Projekt-Management f\u00fcr FTTH Projekte | Investaura","isPartOf":{"@id":"https:\/\/www.investaura.co\/wordpress\/#website"},"datePublished":"2017-11-06T11:56:09+00:00","dateModified":"2018-04-11T08:36:06+00:00","breadcrumb":{"@id":"https:\/\/www.investaura.co\/wordpress\/losungen\/finanzen-pm-expertise-komplex-ftth-projekte\/#breadcrumb"},"inLanguage":"en-GB","potentialAction":[{"@type":"ReadAction","target":["https:\/\/www.investaura.co\/wordpress\/losungen\/finanzen-pm-expertise-komplex-ftth-projekte\/"]}]},{"@type":"BreadcrumbList","@id":"https:\/\/www.investaura.co\/wordpress\/losungen\/finanzen-pm-expertise-komplex-ftth-projekte\/#breadcrumb","itemListElement":[{"@type":"ListItem","position":1,"name":"Home","item":"https:\/\/www.investaura.co\/wordpress\/"},{"@type":"ListItem","position":2,"name":"L\u00f6sungen Showcase","item":"https:\/\/www.investaura.co\/wordpress\/losungen\/"},{"@type":"ListItem","position":3,"name":"Business Plan und Projekt-Management f\u00fcr FTTH Projekte"}]},{"@type":"WebSite","@id":"https:\/\/www.investaura.co\/wordpress\/#website","url":"https:\/\/www.investaura.co\/wordpress\/","name":"Investaura","description":"The Value Creation Consultants","publisher":{"@id":"https:\/\/www.investaura.co\/wordpress\/#organization"},"potentialAction":[{"@type":"SearchAction","target":{"@type":"EntryPoint","urlTemplate":"https:\/\/www.investaura.co\/wordpress\/?s={search_term_string}"},"query-input":"required name=search_term_string"}],"inLanguage":"en-GB"},{"@type":"Organization","@id":"https:\/\/www.investaura.co\/wordpress\/#organization","name":"Investaura","url":"https:\/\/www.investaura.co\/wordpress\/","logo":{"@type":"ImageObject","inLanguage":"en-GB","@id":"https:\/\/www.investaura.co\/wordpress\/#\/schema\/logo\/image\/","url":"https:\/\/i0.wp.com\/www.investaura.co\/wordpress\/wp-content\/uploads\/Logo-INVESTAURA_RGB-blau-e1450351498844.jpg?fit=256%2C90&ssl=1","contentUrl":"https:\/\/i0.wp.com\/www.investaura.co\/wordpress\/wp-content\/uploads\/Logo-INVESTAURA_RGB-blau-e1450351498844.jpg?fit=256%2C90&ssl=1","width":256,"height":90,"caption":"Investaura"},"image":{"@id":"https:\/\/www.investaura.co\/wordpress\/#\/schema\/logo\/image\/"},"sameAs":["https:\/\/www.linkedin.com\/company\/1229653"]}]}},"jetpack_shortlink":"https:\/\/wp.me\/P7ecno-1tE","jetpack-related-posts":[{"id":5690,"url":"https:\/\/www.investaura.co\/wordpress\/losungen\/fixed-asset-bewertung-und-fair-value-messung-ifrs-13\/","url_meta":{"origin":5682,"position":0},"title":"Anlagenbewertung und Fair Value-Bewertung nach IFRS 13","date":"March 2, 2016","format":false,"excerpt":"Investaura Management Consultants wurde von einem gro\u00dfen Telekommunikations-Konzern beauftragt, eine umfassende Bewertung langfristiger Verm\u00f6genswerte in den Telekommunikationsnetzwerken des Kunden in vier L\u00e4ndern durchzuf\u00fchren. Das Projekt wurde \u00fcber einen Zeitraum von drei Monaten durchgef\u00fchrt und untersuchte 1 Mrd. $ Anlageverm\u00f6gen in den folgenden Anlageklassen: Grundst\u00fccke, Geb\u00e4ude, T\u00fcrme, Telekommunikationsausr\u00fcstungen, Software, Spektrum und\u2026","rel":"","context":"Similar post","img":{"alt_text":"","src":"https:\/\/i0.wp.com\/www.investaura.co\/wordpress\/wp-content\/uploads\/2017\/11\/shutterstock_99389720_1024.jpg?fit=1024%2C680&ssl=1&resize=350%2C200","width":350,"height":200},"classes":[]},{"id":6304,"url":"https:\/\/www.investaura.co\/wordpress\/dienstleistungen\/beratung\/strategie-und-business-planung\/","url_meta":{"origin":5682,"position":1},"title":"Strategie und Gesch\u00e4ftsplanung","date":"March 26, 2015","format":false,"excerpt":"Die Berater von Investaura verf\u00fcgen \u00fcber umfangreiche Erfahrung im Bereich der Strategie - angewandte, detaillierte - und Gesch\u00e4ftsplanung - quantifiziert, robust, umsetzbar -, die bis in die Mitte der 1990er Jahre zur\u00fcckreicht. Wir verstehen sowohl kleine als auch gro\u00dfe Unternehmen. Wir sind Berater, die zu Unternehmern werden und wissen, was\u2026","rel":"","context":"Similar post","img":{"alt_text":"","src":"https:\/\/i0.wp.com\/www.investaura.co\/wordpress\/wp-content\/uploads\/2016\/02\/shutterstock_282394148_smaller.jpg?fit=1024%2C683&ssl=1&resize=350%2C200","width":350,"height":200},"classes":[]},{"id":5714,"url":"https:\/\/www.investaura.co\/wordpress\/losungen\/expanding-to-germany-via-grenzuberschreitend-ma\/","url_meta":{"origin":5682,"position":2},"title":"Expansion nach Deutschland mit grenz\u00fcberschreitenden M&amp;A","date":"August 12, 2016","format":false,"excerpt":"Da viele europ\u00e4ische KMU in ihrem Heimatmarkt an der Grenze ihres Wachstumspotenzials angelangt sind, ist die Expansion in die Nachbarl\u00e4nder f\u00fcr viele der nat\u00fcrliche n\u00e4chste Schritt. Derzeit unterst\u00fctzt Investaura eine Reihe europ\u00e4ischer Kunden durch M&A u.a. in Deutschland. In einem von schleppendem Wachstum gepr\u00e4gten Europa steht Deutschland nicht nur als\u2026","rel":"","context":"Similar post","img":{"alt_text":"","src":"https:\/\/i0.wp.com\/www.investaura.co\/wordpress\/wp-content\/uploads\/2016\/09\/shutterstock_214025158_centered_narrower_smaller.jpg?fit=760%2C300&ssl=1&resize=350%2C200","width":350,"height":200},"classes":[]},{"id":5677,"url":"https:\/\/www.investaura.co\/wordpress\/losungen\/intelligent-transportation-systems-its-german\/","url_meta":{"origin":5682,"position":3},"title":"Mega-Deals f\u00fcr ITS Projekte gewinnen","date":"January 18, 2017","format":false,"excerpt":"Der globale Markt f\u00fcr Intelligent Transportation Systems (ITS) wird voraussichtlich um 12% pro Jahr von 36 Mrd. $ im Jahr 2015 auf 64 Mrd. $ im Jahr 2020 wachsen. Die Finanzierung der Verkehrs-infrastruktur \u00fcber Maut-Zahlungsl\u00f6sungen stellt dabei den Hauptteil dieses Marktsegments. Wir wissen, was es f\u00fcr ein Unternehmen braucht, um\u2026","rel":"","context":"Similar post","img":{"alt_text":"","src":"https:\/\/i0.wp.com\/www.investaura.co\/wordpress\/wp-content\/uploads\/2022\/03\/PropTech_small.jpg?fit=1024%2C683&ssl=1&resize=350%2C200","width":350,"height":200},"classes":[]},{"id":6268,"url":"https:\/\/www.investaura.co\/wordpress\/dienstleistungen\/mergers-and-acquisitions\/warum-investaura\/","url_meta":{"origin":5682,"position":4},"title":"Warum Investaura?","date":"March 24, 2015","format":false,"excerpt":"Investaura Berater sind Experten in der Kunst und Praxis von M&A-Engagements. Unsere Dienstleistungen sind ma\u00dfgeschneidert und entsprechen genau den Anforderungen unserer Kunden. Wir sind stolz folgende Vorteile anbieten zu k\u00f6nnen: Der Erfolg unserer Kunden ist unser Erfolg. Wir sind auf unsere Kunden ausgerichtet, weil wir selbst als Unternehmer denken und\u2026","rel":"","context":"Similar post","img":{"alt_text":"","src":"https:\/\/i0.wp.com\/www.investaura.co\/wordpress\/wp-content\/uploads\/shutterstock_139401482.jpg?fit=1000%2C554&ssl=1&resize=350%2C200","width":350,"height":200},"classes":[]},{"id":6226,"url":"https:\/\/www.investaura.co\/wordpress\/dienstleistungen\/performance-management-losungen\/assoziierte-unternehmen\/","url_meta":{"origin":5682,"position":5},"title":"Trusted Software-Partner","date":"September 9, 2010","format":false,"excerpt":"Investaura Management Consultants hat 3 Softwareanbieter ausgew\u00e4hlt, die das eigene Kerngesch\u00e4ft erg\u00e4nzen und mit denen wir ausgezeichnete Beziehungen unterhalten: Prodacapo bietet Softwarel\u00f6sungen f\u00fcr die Prozesskostenrechnung und -verbesserung.\u00a0Die Prodacapo-Suite enth\u00e4lt Anwendungen f\u00fcr das aktivit\u00e4tsbasierte Management, Rentabilit\u00e4tsanalysen, Planung, Balanced Scorecard und Prozessmanagement.\u00a0Die Software und Methodik des Unternehmens basiert auf 20 Jahren Erfahrung,\u2026","rel":"","context":"Similar post","img":{"alt_text":"","src":"https:\/\/i0.wp.com\/www.investaura.co\/wordpress\/wp-content\/uploads\/2016\/02\/shutterstock_247165378.jpg?fit=1000%2C732&ssl=1&resize=350%2C200","width":350,"height":200},"classes":[]}],"jetpack_sharing_enabled":true,"_links":{"self":[{"href":"https:\/\/www.investaura.co\/wordpress\/wp-json\/wp\/v2\/pages\/5682"}],"collection":[{"href":"https:\/\/www.investaura.co\/wordpress\/wp-json\/wp\/v2\/pages"}],"about":[{"href":"https:\/\/www.investaura.co\/wordpress\/wp-json\/wp\/v2\/types\/page"}],"author":[{"embeddable":true,"href":"https:\/\/www.investaura.co\/wordpress\/wp-json\/wp\/v2\/users\/1"}],"replies":[{"embeddable":true,"href":"https:\/\/www.investaura.co\/wordpress\/wp-json\/wp\/v2\/comments?post=5682"}],"version-history":[{"count":10,"href":"https:\/\/www.investaura.co\/wordpress\/wp-json\/wp\/v2\/pages\/5682\/revisions"}],"predecessor-version":[{"id":6166,"href":"https:\/\/www.investaura.co\/wordpress\/wp-json\/wp\/v2\/pages\/5682\/revisions\/6166"}],"up":[{"embeddable":true,"href":"https:\/\/www.investaura.co\/wordpress\/wp-json\/wp\/v2\/pages\/5685"}],"wp:featuredmedia":[{"embeddable":true,"href":"https:\/\/www.investaura.co\/wordpress\/wp-json\/wp\/v2\/media\/5478"}],"wp:attachment":[{"href":"https:\/\/www.investaura.co\/wordpress\/wp-json\/wp\/v2\/media?parent=5682"}],"curies":[{"name":"wp","href":"https:\/\/api.w.org\/{rel}","templated":true}]}}