{"id":5681,"date":"2017-11-06T13:56:09","date_gmt":"2017-11-06T11:56:09","guid":{"rendered":"http:\/\/www.investaura.co\/?page_id=5474"},"modified":"2018-03-23T20:37:42","modified_gmt":"2018-03-23T18:37:42","slug":"finance-pm-expertise-complexe-ftth-projets","status":"publish","type":"page","link":"https:\/\/www.investaura.co\/wordpress\/boite-a-solutions\/finance-pm-expertise-complexe-ftth-projets\/","title":{"rendered":"Finance et gestion de projet pour des dossiers FTTH complexes (RIP)"},"content":{"rendered":"<p>Lanc\u00e9 au printemps 2013, le plan \u00abFrance tr\u00e8s haut d\u00e9bit\u00bb vise \u00e0 couvrir l&#8217;ensemble du territoire fran\u00e7ais par un acc\u00e8s Internet \u00e0 tr\u00e8s haut d\u00e9bit (plus de 30 Mbps) d&#8217;ici 2022. La pierre angulaire du plan est le d\u00e9ploiement massif des technologies FTTH \u00e0 travers la France.<\/p>\n<p><!--more--><\/p>\n<p>Pour atteindre cet objectif, le plan FTHD mobilise un investissement de <strong>\u20ac20 milliards sur 10 ans<\/strong>, partag\u00e9 entre les op\u00e9rateurs priv\u00e9s, les autorit\u00e9s locales, l&#8217;Etat fran\u00e7ais et l&#8217;Europe. A la fin de 2016, 1 foyer sur 2 a d\u00e9j\u00e0 acc\u00e8s au Tr\u00e8s Haut D\u00e9bit.<\/p>\n<p>Investaura a conseill\u00e9 un acteur majeur des t\u00e9l\u00e9communications en France pour am\u00e9liorer ses projets FTTH dans des zones de faible densit\u00e9, appel\u00e9s \u00ab<strong>R\u00e9seaux d&#8217;Initiative Publique<\/strong>\u00bb (RIP), o\u00f9 les autorit\u00e9s locales (municipalit\u00e9s, communaut\u00e9s de municipalit\u00e9s, d\u00e9partement, r\u00e9gion) font appel \u00e0 des entreprises priv\u00e9es pour construire et exploiter leurs r\u00e9seaux FTTx &#8216;passifs&#8217;, en utilisant <strong>l&#8217;un des mod\u00e8les d&#8217;affaires suivants<\/strong>:<\/p>\n<ul>\n<li><strong>DSP (d\u00e9l\u00e9gation de service publique concessive)<\/strong>: un mod\u00e8le de concession o\u00f9 le partenaire priv\u00e9 finance, construit et exploite le r\u00e9seau FTTH passif pour une dur\u00e9e de 15-35 ans, et porte les risques commerciaux du projet.<\/li>\n<li><strong>Affermage<\/strong>: l&#8217;affermage est aussi un mod\u00e8le de concession, mais la soci\u00e9t\u00e9 priv\u00e9e exploite un r\u00e9seau FTTH qui a \u00e9t\u00e9 construit par les autorit\u00e9s locales, propri\u00e9taires du r\u00e9seau, dans le pass\u00e9.<\/li>\n<li><strong>PPP (partenariat public-priv\u00e9)<\/strong>: l&#8217;entit\u00e9 PPP finance, construit et exploite le r\u00e9seau FTTH, mais le mod\u00e8le PPP comporte moins de risque pour le partenaire priv\u00e9, car les revenus sont largement garantis. Le partenaire public est responsable de la commercialisation du r\u00e9seau FTTH.<\/li>\n<li><strong>CREM (conception, r\u00e9alisation, exploitation, maintenance)<\/strong>: le partenaire priv\u00e9 construit et op\u00e8re techniquement le r\u00e9seau, alors que les autorit\u00e9s locales sont propri\u00e9taires du r\u00e9seau FTTH d\u00e8s sa construction et sont responsables de son succ\u00e8s commercial.<\/li>\n<\/ul>\n<p>Investaura a conseill\u00e9 le client sur ses <strong>plans d&#8217;affaires<\/strong> complexes et dans ses <strong>n\u00e9gociations<\/strong> avec les autorit\u00e9s locales. En outre, Investaura a assum\u00e9 la <strong>gestion du projet<\/strong> pour un certain nombre de dossiers complexes et innovants.<\/p>\n<p>L&#8217;\u00e9quipe de Investaura est consitu\u00e9e de consultants expert en finance, des ing\u00e9nieurs t\u00e9l\u00e9com, et des cadres hautement exp\u00e9riment\u00e9s. Pour plus d&#8217;informations sur nos r\u00e9f\u00e9rences et nos services FTTx, <a href=\"http:\/\/www.investaura.co\/contact\/\">veuillez nous contacter.<\/a><\/p>\n","protected":false},"excerpt":{"rendered":"<p>Lanc\u00e9 au printemps 2013, le plan \u00abFrance tr\u00e8s haut d\u00e9bit\u00bb vise \u00e0 couvrir l&#8217;ensemble du territoire fran\u00e7ais par un acc\u00e8s Internet \u00e0 tr\u00e8s haut d\u00e9bit (plus de 30 Mbps) d&#8217;ici 2022. La pierre angulaire du plan est le d\u00e9ploiement massif&#8230; <\/p>\n<div class=\"more-link-container\"><a class=\"more-link\" href=\"https:\/\/www.investaura.co\/wordpress\/boite-a-solutions\/finance-pm-expertise-complexe-ftth-projets\/\">Read More<\/a><\/div>\n","protected":false},"author":1,"featured_media":5478,"parent":5683,"menu_order":11,"comment_status":"closed","ping_status":"closed","template":"","meta":{"jetpack_post_was_ever_published":false},"yoast_head":"<!-- This site is optimized with the Yoast SEO plugin v20.4 - https:\/\/yoast.com\/wordpress\/plugins\/seo\/ -->\n<title>Finance et gestion de projet pour des dossiers FTTH complexes (RIP) | Investaura<\/title>\n<meta name=\"robots\" content=\"index, follow, max-snippet:-1, max-image-preview:large, max-video-preview:-1\" \/>\n<link rel=\"canonical\" href=\"https:\/\/www.investaura.co\/wordpress\/boite-a-solutions\/finance-pm-expertise-complexe-ftth-projets\/\" \/>\n<meta property=\"og:locale\" content=\"en_GB\" \/>\n<meta property=\"og:type\" content=\"article\" \/>\n<meta property=\"og:title\" content=\"Finance et gestion de projet pour des dossiers FTTH complexes (RIP) | Investaura\" \/>\n<meta property=\"og:description\" content=\"Lanc\u00e9 au printemps 2013, le plan \u00abFrance tr\u00e8s haut d\u00e9bit\u00bb vise \u00e0 couvrir l&#8217;ensemble du territoire fran\u00e7ais par un acc\u00e8s Internet \u00e0 tr\u00e8s haut d\u00e9bit (plus de 30 Mbps) d&#8217;ici 2022. La pierre angulaire du plan est le d\u00e9ploiement massif... Read More\" \/>\n<meta property=\"og:url\" content=\"https:\/\/www.investaura.co\/wordpress\/boite-a-solutions\/finance-pm-expertise-complexe-ftth-projets\/\" \/>\n<meta property=\"og:site_name\" content=\"Investaura\" \/>\n<meta property=\"article:modified_time\" content=\"2018-03-23T18:37:42+00:00\" \/>\n<meta property=\"og:image\" content=\"https:\/\/i0.wp.com\/www.investaura.co\/wordpress\/wp-content\/uploads\/2017\/11\/Fibre400.jpg?fit=1567%2C400&ssl=1\" \/>\n\t<meta property=\"og:image:width\" content=\"1567\" \/>\n\t<meta property=\"og:image:height\" content=\"400\" \/>\n\t<meta property=\"og:image:type\" content=\"image\/jpeg\" \/>\n<meta name=\"twitter:card\" content=\"summary_large_image\" \/>\n<meta name=\"twitter:label1\" content=\"Estimated reading time\" \/>\n\t<meta name=\"twitter:data1\" content=\"2 minutes\" \/>\n<script type=\"application\/ld+json\" class=\"yoast-schema-graph\">{\"@context\":\"https:\/\/schema.org\",\"@graph\":[{\"@type\":\"WebPage\",\"@id\":\"https:\/\/www.investaura.co\/wordpress\/boite-a-solutions\/finance-pm-expertise-complexe-ftth-projets\/\",\"url\":\"https:\/\/www.investaura.co\/wordpress\/boite-a-solutions\/finance-pm-expertise-complexe-ftth-projets\/\",\"name\":\"Finance et gestion de projet pour des dossiers FTTH complexes (RIP) | Investaura\",\"isPartOf\":{\"@id\":\"https:\/\/www.investaura.co\/wordpress\/#website\"},\"datePublished\":\"2017-11-06T11:56:09+00:00\",\"dateModified\":\"2018-03-23T18:37:42+00:00\",\"breadcrumb\":{\"@id\":\"https:\/\/www.investaura.co\/wordpress\/boite-a-solutions\/finance-pm-expertise-complexe-ftth-projets\/#breadcrumb\"},\"inLanguage\":\"en-GB\",\"potentialAction\":[{\"@type\":\"ReadAction\",\"target\":[\"https:\/\/www.investaura.co\/wordpress\/boite-a-solutions\/finance-pm-expertise-complexe-ftth-projets\/\"]}]},{\"@type\":\"BreadcrumbList\",\"@id\":\"https:\/\/www.investaura.co\/wordpress\/boite-a-solutions\/finance-pm-expertise-complexe-ftth-projets\/#breadcrumb\",\"itemListElement\":[{\"@type\":\"ListItem\",\"position\":1,\"name\":\"Home\",\"item\":\"https:\/\/www.investaura.co\/wordpress\/\"},{\"@type\":\"ListItem\",\"position\":2,\"name\":\"Solutions Showcase\",\"item\":\"https:\/\/www.investaura.co\/wordpress\/boite-a-solutions\/\"},{\"@type\":\"ListItem\",\"position\":3,\"name\":\"Finance et gestion de projet pour des dossiers FTTH complexes (RIP)\"}]},{\"@type\":\"WebSite\",\"@id\":\"https:\/\/www.investaura.co\/wordpress\/#website\",\"url\":\"https:\/\/www.investaura.co\/wordpress\/\",\"name\":\"Investaura\",\"description\":\"The Value Creation Consultants\",\"publisher\":{\"@id\":\"https:\/\/www.investaura.co\/wordpress\/#organization\"},\"potentialAction\":[{\"@type\":\"SearchAction\",\"target\":{\"@type\":\"EntryPoint\",\"urlTemplate\":\"https:\/\/www.investaura.co\/wordpress\/?s={search_term_string}\"},\"query-input\":\"required name=search_term_string\"}],\"inLanguage\":\"en-GB\"},{\"@type\":\"Organization\",\"@id\":\"https:\/\/www.investaura.co\/wordpress\/#organization\",\"name\":\"Investaura\",\"url\":\"https:\/\/www.investaura.co\/wordpress\/\",\"logo\":{\"@type\":\"ImageObject\",\"inLanguage\":\"en-GB\",\"@id\":\"https:\/\/www.investaura.co\/wordpress\/#\/schema\/logo\/image\/\",\"url\":\"https:\/\/i0.wp.com\/www.investaura.co\/wordpress\/wp-content\/uploads\/Logo-INVESTAURA_RGB-blau-e1450351498844.jpg?fit=256%2C90&ssl=1\",\"contentUrl\":\"https:\/\/i0.wp.com\/www.investaura.co\/wordpress\/wp-content\/uploads\/Logo-INVESTAURA_RGB-blau-e1450351498844.jpg?fit=256%2C90&ssl=1\",\"width\":256,\"height\":90,\"caption\":\"Investaura\"},\"image\":{\"@id\":\"https:\/\/www.investaura.co\/wordpress\/#\/schema\/logo\/image\/\"},\"sameAs\":[\"https:\/\/www.linkedin.com\/company\/1229653\"]}]}<\/script>\n<!-- \/ Yoast SEO plugin. -->","yoast_head_json":{"title":"Finance et gestion de projet pour des dossiers FTTH complexes (RIP) | Investaura","robots":{"index":"index","follow":"follow","max-snippet":"max-snippet:-1","max-image-preview":"max-image-preview:large","max-video-preview":"max-video-preview:-1"},"canonical":"https:\/\/www.investaura.co\/wordpress\/boite-a-solutions\/finance-pm-expertise-complexe-ftth-projets\/","og_locale":"en_GB","og_type":"article","og_title":"Finance et gestion de projet pour des dossiers FTTH complexes (RIP) | Investaura","og_description":"Lanc\u00e9 au printemps 2013, le plan \u00abFrance tr\u00e8s haut d\u00e9bit\u00bb vise \u00e0 couvrir l&#8217;ensemble du territoire fran\u00e7ais par un acc\u00e8s Internet \u00e0 tr\u00e8s haut d\u00e9bit (plus de 30 Mbps) d&#8217;ici 2022. La pierre angulaire du plan est le d\u00e9ploiement massif... Read More","og_url":"https:\/\/www.investaura.co\/wordpress\/boite-a-solutions\/finance-pm-expertise-complexe-ftth-projets\/","og_site_name":"Investaura","article_modified_time":"2018-03-23T18:37:42+00:00","og_image":[{"width":1567,"height":400,"url":"https:\/\/i0.wp.com\/www.investaura.co\/wordpress\/wp-content\/uploads\/2017\/11\/Fibre400.jpg?fit=1567%2C400&ssl=1","type":"image\/jpeg"}],"twitter_card":"summary_large_image","twitter_misc":{"Estimated reading time":"2 minutes"},"schema":{"@context":"https:\/\/schema.org","@graph":[{"@type":"WebPage","@id":"https:\/\/www.investaura.co\/wordpress\/boite-a-solutions\/finance-pm-expertise-complexe-ftth-projets\/","url":"https:\/\/www.investaura.co\/wordpress\/boite-a-solutions\/finance-pm-expertise-complexe-ftth-projets\/","name":"Finance et gestion de projet pour des dossiers FTTH complexes (RIP) | Investaura","isPartOf":{"@id":"https:\/\/www.investaura.co\/wordpress\/#website"},"datePublished":"2017-11-06T11:56:09+00:00","dateModified":"2018-03-23T18:37:42+00:00","breadcrumb":{"@id":"https:\/\/www.investaura.co\/wordpress\/boite-a-solutions\/finance-pm-expertise-complexe-ftth-projets\/#breadcrumb"},"inLanguage":"en-GB","potentialAction":[{"@type":"ReadAction","target":["https:\/\/www.investaura.co\/wordpress\/boite-a-solutions\/finance-pm-expertise-complexe-ftth-projets\/"]}]},{"@type":"BreadcrumbList","@id":"https:\/\/www.investaura.co\/wordpress\/boite-a-solutions\/finance-pm-expertise-complexe-ftth-projets\/#breadcrumb","itemListElement":[{"@type":"ListItem","position":1,"name":"Home","item":"https:\/\/www.investaura.co\/wordpress\/"},{"@type":"ListItem","position":2,"name":"Solutions Showcase","item":"https:\/\/www.investaura.co\/wordpress\/boite-a-solutions\/"},{"@type":"ListItem","position":3,"name":"Finance et gestion de projet pour des dossiers FTTH complexes (RIP)"}]},{"@type":"WebSite","@id":"https:\/\/www.investaura.co\/wordpress\/#website","url":"https:\/\/www.investaura.co\/wordpress\/","name":"Investaura","description":"The Value Creation Consultants","publisher":{"@id":"https:\/\/www.investaura.co\/wordpress\/#organization"},"potentialAction":[{"@type":"SearchAction","target":{"@type":"EntryPoint","urlTemplate":"https:\/\/www.investaura.co\/wordpress\/?s={search_term_string}"},"query-input":"required name=search_term_string"}],"inLanguage":"en-GB"},{"@type":"Organization","@id":"https:\/\/www.investaura.co\/wordpress\/#organization","name":"Investaura","url":"https:\/\/www.investaura.co\/wordpress\/","logo":{"@type":"ImageObject","inLanguage":"en-GB","@id":"https:\/\/www.investaura.co\/wordpress\/#\/schema\/logo\/image\/","url":"https:\/\/i0.wp.com\/www.investaura.co\/wordpress\/wp-content\/uploads\/Logo-INVESTAURA_RGB-blau-e1450351498844.jpg?fit=256%2C90&ssl=1","contentUrl":"https:\/\/i0.wp.com\/www.investaura.co\/wordpress\/wp-content\/uploads\/Logo-INVESTAURA_RGB-blau-e1450351498844.jpg?fit=256%2C90&ssl=1","width":256,"height":90,"caption":"Investaura"},"image":{"@id":"https:\/\/www.investaura.co\/wordpress\/#\/schema\/logo\/image\/"},"sameAs":["https:\/\/www.linkedin.com\/company\/1229653"]}]}},"jetpack_shortlink":"https:\/\/wp.me\/P7ecno-1tD","jetpack-related-posts":[{"id":5689,"url":"https:\/\/www.investaura.co\/wordpress\/boite-a-solutions\/immobilisation-evaluation-et-juste-valeur-mesure-ifrs-13\/","url_meta":{"origin":5681,"position":0},"title":"R\u00e9\u00e9valuation des actifs immobilis\u00e9s et d\u00e9termination de la juste valeur (IFRS 13)","date":"March 2, 2016","format":false,"excerpt":"Investaura a \u00e9t\u00e9 mandat\u00e9 par un groupe t\u00e9l\u00e9com pour effectuer une \u00e9valuation exhaustive des actifs non courants dans les r\u00e9seaux t\u00e9l\u00e9com g\u00e9r\u00e9s par le client dans quatre pays. Le projet a \u00e9t\u00e9 entrepris sur une p\u00e9riode de trois mois et s'est pench\u00e9 sur $ 1 Milliard d'actifs fixes dans les\u2026","rel":"","context":"Similar post","img":{"alt_text":"","src":"https:\/\/i0.wp.com\/www.investaura.co\/wordpress\/wp-content\/uploads\/2017\/11\/shutterstock_99389720_1024.jpg?fit=1024%2C680&ssl=1&resize=350%2C200","width":350,"height":200},"classes":[]},{"id":5707,"url":"https:\/\/www.investaura.co\/wordpress\/boite-a-solutions\/budgetisation-et-previsions\/","url_meta":{"origin":5681,"position":1},"title":"Elaborations et pr\u00e9visions budg\u00e9taires","date":"March 2, 2016","format":false,"excerpt":"Investaura a r\u00e9cemment men\u00e9 \u00e0 bien un projet majeur d'\u00e9laboration budg\u00e9taire, de planification \u00e0 moyen terme, et de calcul des co\u00fbts des services pour un op\u00e9rateur t\u00e9l\u00e9com. L'\u00e9quipe responsable du budget \u00e9tait confront\u00e9e depuis longtemps aux limites de leur outil Excel, que personne ne comprenait plus vraiment et qui fournissait\u2026","rel":"","context":"Similar post","img":{"alt_text":"","src":"https:\/\/i0.wp.com\/www.investaura.co\/wordpress\/wp-content\/uploads\/2016\/03\/130614_Architecture.png?fit=1075%2C689&ssl=1&resize=350%2C200","width":350,"height":200},"classes":[]},{"id":6303,"url":"https:\/\/www.investaura.co\/wordpress\/nos-services\/conseil\/strategie-et-business-planning\/","url_meta":{"origin":5681,"position":2},"title":"Strat\u00e9gie et planification d&#8217;entreprise","date":"March 26, 2015","format":false,"excerpt":"Les consultants d'Investaura ont une vaste exp\u00e9rience dans le domaine de la strat\u00e9gie - appliqu\u00e9e, d\u00e9taill\u00e9e - et de la planification d'entreprise - quantifi\u00e9e, robuste, r\u00e9alisable - remontant au milieu des ann\u00e9es 1990. Nous comprenons les petites et les grandes entreprises. Nous sommes des consultants devenus entrepreneurs et savons ce\u2026","rel":"","context":"Similar post","img":{"alt_text":"","src":"https:\/\/i0.wp.com\/www.investaura.co\/wordpress\/wp-content\/uploads\/2016\/02\/shutterstock_282394148_smaller.jpg?fit=1024%2C683&ssl=1&resize=350%2C200","width":350,"height":200},"classes":[]},{"id":5713,"url":"https:\/\/www.investaura.co\/wordpress\/boite-a-solutions\/expansion-vers-allemagne-via-cross-border-ma\/","url_meta":{"origin":5681,"position":3},"title":"Expansion internationale vers l&#8217;Allemagne par Fusion-Acquisition","date":"August 12, 2016","format":false,"excerpt":"De nombreuses PME europ\u00e9ennes ont atteint la limite de leur potentiel de croissance dans leur march\u00e9 national. L'expansion vers les pays frontaliers est une \u00e9tape naturelle pour beaucoup. Investaura aide actuellement plusieurs clients europ\u00e9ens \u00e0 s'\u00e9tablir en Allemagne par Fusions & Acquisitions (M&A). Dans une Europe aux prises \u00e0 une\u2026","rel":"","context":"Similar post","img":{"alt_text":"","src":"https:\/\/i0.wp.com\/www.investaura.co\/wordpress\/wp-content\/uploads\/2016\/09\/shutterstock_214025158_centered_narrower_smaller.jpg?fit=760%2C300&ssl=1&resize=350%2C200","width":350,"height":200},"classes":[]},{"id":6827,"url":"https:\/\/www.investaura.co\/wordpress\/boite-a-solutions\/separation-comptable-et-comptabilisation-des-couts\/","url_meta":{"origin":5681,"position":4},"title":"S\u00e9paration comptable et Comptabilisation des co\u00fbts dans l&#8217;industrie des t\u00e9l\u00e9coms","date":"May 16, 2019","format":false,"excerpt":"Les obligations en mati\u00e8re de s\u00e9paration comptable, telles que d\u00e9finies \u00e0 l'article 11 de la directive \u00abacc\u00e8s\u00bb, sont appliqu\u00e9es \u00e0 divers degr\u00e9s dans l'EU 28 en 2019. Investaura a examin\u00e9 la situation dans 20 pays repr\u00e9sentant 97% de la population europ\u00e9enne. La r\u00e9glementation europ\u00e9enne sur la\u00a0comptabilit\u00e9 r\u00e9glementaire s\u00e9par\u00e9e\u00a0est bas\u00e9e sur\u2026","rel":"","context":"Similar post","img":{"alt_text":"","src":"https:\/\/i0.wp.com\/www.investaura.co\/wordpress\/wp-content\/uploads\/2019\/05\/shutterstock_regulatory_compliance_small.jpg?fit=1024%2C683&ssl=1&resize=350%2C200","width":350,"height":200},"classes":[]},{"id":6247,"url":"https:\/\/www.investaura.co\/wordpress\/nos-services\/marketing-ventes-support\/analyse-du-marche-et-de-lindustrie\/","url_meta":{"origin":5681,"position":5},"title":"Etude de march\u00e9 et de l&#8217;industrie","date":"December 2, 2015","format":false,"excerpt":"L'objectif d'une \u00e9tude de march\u00e9 qualitative et quantitative est d'acqu\u00e9rir une compr\u00e9hension approfondie des diff\u00e9rents segments du march\u00e9 cible. Nous identifions les facteurs cl\u00e9s de succ\u00e8s, clarifions les barri\u00e8res \u00e0 l'entr\u00e9e, analysons la concurrence, examinons les probl\u00e8mes de r\u00e9glementation et quantifions les segments non ou mal servis, entre autres choses.\u2026","rel":"","context":"Similar post","img":{"alt_text":"","src":"https:\/\/i0.wp.com\/www.investaura.co\/wordpress\/wp-content\/uploads\/2015\/12\/shutterstock_209058313_smaller.jpg?fit=1024%2C682&ssl=1&resize=350%2C200","width":350,"height":200},"classes":[]}],"jetpack_sharing_enabled":true,"_links":{"self":[{"href":"https:\/\/www.investaura.co\/wordpress\/wp-json\/wp\/v2\/pages\/5681"}],"collection":[{"href":"https:\/\/www.investaura.co\/wordpress\/wp-json\/wp\/v2\/pages"}],"about":[{"href":"https:\/\/www.investaura.co\/wordpress\/wp-json\/wp\/v2\/types\/page"}],"author":[{"embeddable":true,"href":"https:\/\/www.investaura.co\/wordpress\/wp-json\/wp\/v2\/users\/1"}],"replies":[{"embeddable":true,"href":"https:\/\/www.investaura.co\/wordpress\/wp-json\/wp\/v2\/comments?post=5681"}],"version-history":[{"count":10,"href":"https:\/\/www.investaura.co\/wordpress\/wp-json\/wp\/v2\/pages\/5681\/revisions"}],"predecessor-version":[{"id":5917,"href":"https:\/\/www.investaura.co\/wordpress\/wp-json\/wp\/v2\/pages\/5681\/revisions\/5917"}],"up":[{"embeddable":true,"href":"https:\/\/www.investaura.co\/wordpress\/wp-json\/wp\/v2\/pages\/5683"}],"wp:featuredmedia":[{"embeddable":true,"href":"https:\/\/www.investaura.co\/wordpress\/wp-json\/wp\/v2\/media\/5478"}],"wp:attachment":[{"href":"https:\/\/www.investaura.co\/wordpress\/wp-json\/wp\/v2\/media?parent=5681"}],"curies":[{"name":"wp","href":"https:\/\/api.w.org\/{rel}","templated":true}]}}