{"id":5677,"date":"2017-01-18T20:38:22","date_gmt":"2017-01-18T18:38:22","guid":{"rendered":"http:\/\/www.investaura.co\/?page_id=5256"},"modified":"2018-10-18T11:32:14","modified_gmt":"2018-10-18T09:32:14","slug":"intelligent-transportation-systems-its-german","status":"publish","type":"page","link":"https:\/\/www.investaura.co\/wordpress\/losungen\/intelligent-transportation-systems-its-german\/","title":{"rendered":"Mega-Deals f\u00fcr ITS Projekte gewinnen"},"content":{"rendered":"<p>Der globale Markt f\u00fcr Intelligent Transportation Systems (ITS) wird voraussichtlich um 12% pro Jahr von 36 Mrd. $ im Jahr 2015 auf 64 Mrd. $ im Jahr 2020 wachsen. Die Finanzierung der Verkehrs-infrastruktur \u00fcber Maut-Zahlungsl\u00f6sungen stellt dabei den Hauptteil dieses Marktsegments. Wir wissen, was es f\u00fcr ein Unternehmen braucht, um hierbei erfolgreich zu sein.<\/p>\n<p><!--more--><\/p>\n<p>Die Nutzung von ITS zur Verringerung von Verkehrsunf\u00e4llen und zur Erh\u00f6hung der Sicherheit ist ebenfalls eine wichtige Triebkraft f\u00fcr Innovationen. Der Schwerpunkt liegt derzeit auf dem Einsatz fortschrittlicher Verkehrssysteme, um die Zahl der Unf\u00e4lle zu reduzieren, die durch die Kombination von ITS-L\u00f6sungen mit vernetzten Fahrzeugtechnologien erleichtert werden k\u00f6nnen. Neue Technologien wie 5G erm\u00f6glichen dabei neue Anwendungen.<\/p>\n<p>Trotzdem bleibt die Mauterhebung der Schl\u00fcssel. Um in ITS-Projekten, oft sogenannten &#8220;Mega-Projekten&#8221; (oft auch mehrere Milliarden Euro) erfolgreich zu sein, m\u00fcssen Sie sich zun\u00e4chst mit der lokalen Umgebung, den Stakeholdern, den potenziellen Partnern, Entscheidungstr\u00e4gern und Beeinflussern vertraut machen. Um in dieser Phase erfolgreich zu sein, ist es wichtig, die richtige Partnerschaft zu finden.<\/p>\n<p>Dann kommt die Angebotsphase und ein oft langwieriger und komplizierter Bewerbungsprozess, der von der lokalen Gesetzgebung beeinflusst wird. F\u00fcr ein professionelles Bid-Management, technische Due-Diligence, Business-Planung und kommerzielle Angebotserstellung ist ein erfahrenes Expertenteam erforderlich, um den Bieter als &#8220;Preferred Bidder&#8221; auszuw\u00e4hlen.<\/p>\n<p>Nach unserer Erfahrung sind die wichtigsten Erfolgsfaktoren debai:<\/p>\n<ul>\n<li>Tiefes Verst\u00e4ndnis der lokalen Umgebung<\/li>\n<li>Richtige &#8220;politische&#8221; Passform<\/li>\n<li>Tiefgreifendes Verst\u00e4ndnis von Technologie und Prozessen<\/li>\n<li>100% Genauigkeit und Verpflichtung zu Anforderungen und Vertr\u00e4gen<\/li>\n<li>Der beste Preis<\/li>\n<\/ul>\n<p>Die Berater von Investaura verf\u00fcgen \u00fcber fundierte Erfahrungen und eine starke Erfolgsbilanz bei der Akquisition von Megaprojekten in der ITS-Branche. Wir unterst\u00fctzen unsere Kunden sowohl strategisch als auch taktisch bei allen Schritten des Akquisitionsprozesses, beginnend mit der Bildung eines erfolgreichen Konsortiums, gefolgt von Bid Management Support, technischer und kaufm\u00e4nnischer Due Diligence, Gesch\u00e4ftsplanung und &#8220;War Room&#8221; als auch \u00a0Preisanalysen.<\/p>\n<p>Da der Mautmarkt in Europa und weltweit einen erstaunlichen H\u00f6hepunkt der Aktivit\u00e4ten im Jahr 2017 erlebte, freuen wir uns, unseren Kunden in Deutschland bei der LKW- und PKW Maut sowie bei anderen europ\u00e4ischen und US-amerikanischen Mautprojekten geholfen zu haben. Wir gehen davon aus, dass die starke Dynamik f\u00fcr die Mautbranche auch in Zukunft anhalten wird.<\/p>\n<p>F\u00fcr weitere Informationen zu unseren ITS-Consulting Services stehen wie Ihnen gerne zur Verf\u00fcgung.<\/p>\n","protected":false},"excerpt":{"rendered":"<p>Der globale Markt f\u00fcr Intelligent Transportation Systems (ITS) wird voraussichtlich um 12% pro Jahr von 36 Mrd. $ im Jahr 2015 auf 64 Mrd. $ im Jahr 2020 wachsen. Die Finanzierung der Verkehrs-infrastruktur \u00fcber Maut-Zahlungsl\u00f6sungen stellt dabei den Hauptteil dieses&#8230; <\/p>\n<div class=\"more-link-container\"><a class=\"more-link\" href=\"https:\/\/www.investaura.co\/wordpress\/losungen\/intelligent-transportation-systems-its-german\/\">Read More<\/a><\/div>\n","protected":false},"author":1,"featured_media":7582,"parent":5685,"menu_order":15,"comment_status":"closed","ping_status":"closed","template":"","meta":{"jetpack_post_was_ever_published":false},"yoast_head":"<!-- This site is optimized with the Yoast SEO plugin v20.4 - https:\/\/yoast.com\/wordpress\/plugins\/seo\/ -->\n<title>Mega-Deals f\u00fcr ITS Projekte gewinnen | Investaura<\/title>\n<meta name=\"robots\" content=\"index, follow, max-snippet:-1, max-image-preview:large, max-video-preview:-1\" \/>\n<link rel=\"canonical\" href=\"https:\/\/www.investaura.co\/wordpress\/losungen\/intelligent-transportation-systems-its-german\/\" \/>\n<meta property=\"og:locale\" content=\"en_GB\" \/>\n<meta property=\"og:type\" content=\"article\" \/>\n<meta property=\"og:title\" content=\"Mega-Deals f\u00fcr ITS Projekte gewinnen | Investaura\" \/>\n<meta property=\"og:description\" content=\"Der globale Markt f\u00fcr Intelligent Transportation Systems (ITS) wird voraussichtlich um 12% pro Jahr von 36 Mrd. $ im Jahr 2015 auf 64 Mrd. $ im Jahr 2020 wachsen. Die Finanzierung der Verkehrs-infrastruktur \u00fcber Maut-Zahlungsl\u00f6sungen stellt dabei den Hauptteil dieses... Read More\" \/>\n<meta property=\"og:url\" content=\"https:\/\/www.investaura.co\/wordpress\/losungen\/intelligent-transportation-systems-its-german\/\" \/>\n<meta property=\"og:site_name\" content=\"Investaura\" \/>\n<meta property=\"article:modified_time\" content=\"2018-10-18T09:32:14+00:00\" \/>\n<meta property=\"og:image\" content=\"https:\/\/i0.wp.com\/www.investaura.co\/wordpress\/wp-content\/uploads\/2022\/03\/PropTech_small.jpg?fit=1024%2C683&ssl=1\" \/>\n\t<meta property=\"og:image:width\" content=\"1024\" \/>\n\t<meta property=\"og:image:height\" content=\"683\" \/>\n\t<meta property=\"og:image:type\" content=\"image\/jpeg\" \/>\n<meta name=\"twitter:card\" content=\"summary_large_image\" \/>\n<meta name=\"twitter:label1\" content=\"Estimated reading time\" \/>\n\t<meta name=\"twitter:data1\" content=\"2 minutes\" \/>\n<script type=\"application\/ld+json\" class=\"yoast-schema-graph\">{\"@context\":\"https:\/\/schema.org\",\"@graph\":[{\"@type\":\"WebPage\",\"@id\":\"https:\/\/www.investaura.co\/wordpress\/losungen\/intelligent-transportation-systems-its-german\/\",\"url\":\"https:\/\/www.investaura.co\/wordpress\/losungen\/intelligent-transportation-systems-its-german\/\",\"name\":\"Mega-Deals f\u00fcr ITS Projekte gewinnen | Investaura\",\"isPartOf\":{\"@id\":\"https:\/\/www.investaura.co\/wordpress\/#website\"},\"datePublished\":\"2017-01-18T18:38:22+00:00\",\"dateModified\":\"2018-10-18T09:32:14+00:00\",\"breadcrumb\":{\"@id\":\"https:\/\/www.investaura.co\/wordpress\/losungen\/intelligent-transportation-systems-its-german\/#breadcrumb\"},\"inLanguage\":\"en-GB\",\"potentialAction\":[{\"@type\":\"ReadAction\",\"target\":[\"https:\/\/www.investaura.co\/wordpress\/losungen\/intelligent-transportation-systems-its-german\/\"]}]},{\"@type\":\"BreadcrumbList\",\"@id\":\"https:\/\/www.investaura.co\/wordpress\/losungen\/intelligent-transportation-systems-its-german\/#breadcrumb\",\"itemListElement\":[{\"@type\":\"ListItem\",\"position\":1,\"name\":\"Home\",\"item\":\"https:\/\/www.investaura.co\/wordpress\/\"},{\"@type\":\"ListItem\",\"position\":2,\"name\":\"L\u00f6sungen Showcase\",\"item\":\"https:\/\/www.investaura.co\/wordpress\/losungen\/\"},{\"@type\":\"ListItem\",\"position\":3,\"name\":\"Mega-Deals f\u00fcr ITS Projekte gewinnen\"}]},{\"@type\":\"WebSite\",\"@id\":\"https:\/\/www.investaura.co\/wordpress\/#website\",\"url\":\"https:\/\/www.investaura.co\/wordpress\/\",\"name\":\"Investaura\",\"description\":\"The Value Creation Consultants\",\"publisher\":{\"@id\":\"https:\/\/www.investaura.co\/wordpress\/#organization\"},\"potentialAction\":[{\"@type\":\"SearchAction\",\"target\":{\"@type\":\"EntryPoint\",\"urlTemplate\":\"https:\/\/www.investaura.co\/wordpress\/?s={search_term_string}\"},\"query-input\":\"required name=search_term_string\"}],\"inLanguage\":\"en-GB\"},{\"@type\":\"Organization\",\"@id\":\"https:\/\/www.investaura.co\/wordpress\/#organization\",\"name\":\"Investaura\",\"url\":\"https:\/\/www.investaura.co\/wordpress\/\",\"logo\":{\"@type\":\"ImageObject\",\"inLanguage\":\"en-GB\",\"@id\":\"https:\/\/www.investaura.co\/wordpress\/#\/schema\/logo\/image\/\",\"url\":\"https:\/\/i0.wp.com\/www.investaura.co\/wordpress\/wp-content\/uploads\/Logo-INVESTAURA_RGB-blau-e1450351498844.jpg?fit=256%2C90&ssl=1\",\"contentUrl\":\"https:\/\/i0.wp.com\/www.investaura.co\/wordpress\/wp-content\/uploads\/Logo-INVESTAURA_RGB-blau-e1450351498844.jpg?fit=256%2C90&ssl=1\",\"width\":256,\"height\":90,\"caption\":\"Investaura\"},\"image\":{\"@id\":\"https:\/\/www.investaura.co\/wordpress\/#\/schema\/logo\/image\/\"},\"sameAs\":[\"https:\/\/www.linkedin.com\/company\/1229653\"]}]}<\/script>\n<!-- \/ Yoast SEO plugin. -->","yoast_head_json":{"title":"Mega-Deals f\u00fcr ITS Projekte gewinnen | Investaura","robots":{"index":"index","follow":"follow","max-snippet":"max-snippet:-1","max-image-preview":"max-image-preview:large","max-video-preview":"max-video-preview:-1"},"canonical":"https:\/\/www.investaura.co\/wordpress\/losungen\/intelligent-transportation-systems-its-german\/","og_locale":"en_GB","og_type":"article","og_title":"Mega-Deals f\u00fcr ITS Projekte gewinnen | Investaura","og_description":"Der globale Markt f\u00fcr Intelligent Transportation Systems (ITS) wird voraussichtlich um 12% pro Jahr von 36 Mrd. $ im Jahr 2015 auf 64 Mrd. $ im Jahr 2020 wachsen. Die Finanzierung der Verkehrs-infrastruktur \u00fcber Maut-Zahlungsl\u00f6sungen stellt dabei den Hauptteil dieses... Read More","og_url":"https:\/\/www.investaura.co\/wordpress\/losungen\/intelligent-transportation-systems-its-german\/","og_site_name":"Investaura","article_modified_time":"2018-10-18T09:32:14+00:00","og_image":[{"width":1024,"height":683,"url":"https:\/\/i0.wp.com\/www.investaura.co\/wordpress\/wp-content\/uploads\/2022\/03\/PropTech_small.jpg?fit=1024%2C683&ssl=1","type":"image\/jpeg"}],"twitter_card":"summary_large_image","twitter_misc":{"Estimated reading time":"2 minutes"},"schema":{"@context":"https:\/\/schema.org","@graph":[{"@type":"WebPage","@id":"https:\/\/www.investaura.co\/wordpress\/losungen\/intelligent-transportation-systems-its-german\/","url":"https:\/\/www.investaura.co\/wordpress\/losungen\/intelligent-transportation-systems-its-german\/","name":"Mega-Deals f\u00fcr ITS Projekte gewinnen | Investaura","isPartOf":{"@id":"https:\/\/www.investaura.co\/wordpress\/#website"},"datePublished":"2017-01-18T18:38:22+00:00","dateModified":"2018-10-18T09:32:14+00:00","breadcrumb":{"@id":"https:\/\/www.investaura.co\/wordpress\/losungen\/intelligent-transportation-systems-its-german\/#breadcrumb"},"inLanguage":"en-GB","potentialAction":[{"@type":"ReadAction","target":["https:\/\/www.investaura.co\/wordpress\/losungen\/intelligent-transportation-systems-its-german\/"]}]},{"@type":"BreadcrumbList","@id":"https:\/\/www.investaura.co\/wordpress\/losungen\/intelligent-transportation-systems-its-german\/#breadcrumb","itemListElement":[{"@type":"ListItem","position":1,"name":"Home","item":"https:\/\/www.investaura.co\/wordpress\/"},{"@type":"ListItem","position":2,"name":"L\u00f6sungen Showcase","item":"https:\/\/www.investaura.co\/wordpress\/losungen\/"},{"@type":"ListItem","position":3,"name":"Mega-Deals f\u00fcr ITS Projekte gewinnen"}]},{"@type":"WebSite","@id":"https:\/\/www.investaura.co\/wordpress\/#website","url":"https:\/\/www.investaura.co\/wordpress\/","name":"Investaura","description":"The Value Creation Consultants","publisher":{"@id":"https:\/\/www.investaura.co\/wordpress\/#organization"},"potentialAction":[{"@type":"SearchAction","target":{"@type":"EntryPoint","urlTemplate":"https:\/\/www.investaura.co\/wordpress\/?s={search_term_string}"},"query-input":"required name=search_term_string"}],"inLanguage":"en-GB"},{"@type":"Organization","@id":"https:\/\/www.investaura.co\/wordpress\/#organization","name":"Investaura","url":"https:\/\/www.investaura.co\/wordpress\/","logo":{"@type":"ImageObject","inLanguage":"en-GB","@id":"https:\/\/www.investaura.co\/wordpress\/#\/schema\/logo\/image\/","url":"https:\/\/i0.wp.com\/www.investaura.co\/wordpress\/wp-content\/uploads\/Logo-INVESTAURA_RGB-blau-e1450351498844.jpg?fit=256%2C90&ssl=1","contentUrl":"https:\/\/i0.wp.com\/www.investaura.co\/wordpress\/wp-content\/uploads\/Logo-INVESTAURA_RGB-blau-e1450351498844.jpg?fit=256%2C90&ssl=1","width":256,"height":90,"caption":"Investaura"},"image":{"@id":"https:\/\/www.investaura.co\/wordpress\/#\/schema\/logo\/image\/"},"sameAs":["https:\/\/www.linkedin.com\/company\/1229653"]}]}},"jetpack_shortlink":"https:\/\/wp.me\/P7ecno-1tz","jetpack-related-posts":[{"id":5682,"url":"https:\/\/www.investaura.co\/wordpress\/losungen\/finanzen-pm-expertise-komplex-ftth-projekte\/","url_meta":{"origin":5677,"position":0},"title":"Business Plan und Projekt-Management f\u00fcr FTTH Projekte","date":"November 6, 2017","format":false,"excerpt":"Der im Fr\u00fchjahr 2013 gestartete Plan \"France Tr\u00e8s Haut D\u00e9bit\" zielt darauf ab, das gesamte franz\u00f6sische Staatsgebiet bis 2022 mit sehr schnellen Internet-Zugang (mehr als 30 Mbit\/s) zu versorgen. Der Eckpfeiler des Plans ist der massive Einsatz von FTTH-Technologien f\u00fcr das Land. Um dieses Ziel zu erreichen, mobilisiert es innerhalb\u2026","rel":"","context":"Similar post","img":{"alt_text":"","src":"https:\/\/i0.wp.com\/www.investaura.co\/wordpress\/wp-content\/uploads\/2017\/11\/Fibre400.jpg?fit=1200%2C306&ssl=1&resize=350%2C200","width":350,"height":200},"classes":[]},{"id":6837,"url":"https:\/\/www.investaura.co\/wordpress\/losungen\/getrennte-buchfuehrung-und-kostenrechnungssysteme\/","url_meta":{"origin":5677,"position":1},"title":"Getrennte Buchf\u00fchrung und Kostenrechnungssysteme in der TK-Industrie","date":"May 16, 2019","format":false,"excerpt":"Die Verpflichtungen f\u00fcr die getrennte Buchf\u00fchrung im Sinne von Artikel 11 der Zugangsrichtlinie werden in der EU28 in unterschiedlichem Ma\u00dfe angewendet. Investaura hat die Situation in 20 L\u00e4ndern in Europa untersucht, die 97% der europ\u00e4ischen Bev\u00f6lkerung ausmachen. Die europ\u00e4ische Verordnung zur getrennten aufsichtsrechtlichen Rechnungslegung (SRA: Separated Regulatory Accounting) basiert auf\u2026","rel":"","context":"Similar post","img":{"alt_text":"","src":"https:\/\/i0.wp.com\/www.investaura.co\/wordpress\/wp-content\/uploads\/2019\/05\/shutterstock_regulatory_compliance_small.jpg?fit=1024%2C683&ssl=1&resize=350%2C200","width":350,"height":200},"classes":[]},{"id":5690,"url":"https:\/\/www.investaura.co\/wordpress\/losungen\/fixed-asset-bewertung-und-fair-value-messung-ifrs-13\/","url_meta":{"origin":5677,"position":2},"title":"Anlagenbewertung und Fair Value-Bewertung nach IFRS 13","date":"March 2, 2016","format":false,"excerpt":"Investaura Management Consultants wurde von einem gro\u00dfen Telekommunikations-Konzern beauftragt, eine umfassende Bewertung langfristiger Verm\u00f6genswerte in den Telekommunikationsnetzwerken des Kunden in vier L\u00e4ndern durchzuf\u00fchren. Das Projekt wurde \u00fcber einen Zeitraum von drei Monaten durchgef\u00fchrt und untersuchte 1 Mrd. $ Anlageverm\u00f6gen in den folgenden Anlageklassen: Grundst\u00fccke, Geb\u00e4ude, T\u00fcrme, Telekommunikationsausr\u00fcstungen, Software, Spektrum und\u2026","rel":"","context":"Similar post","img":{"alt_text":"","src":"https:\/\/i0.wp.com\/www.investaura.co\/wordpress\/wp-content\/uploads\/2017\/11\/shutterstock_99389720_1024.jpg?fit=1024%2C680&ssl=1&resize=350%2C200","width":350,"height":200},"classes":[]},{"id":7590,"url":"https:\/\/www.investaura.co\/wordpress\/losungen\/exit-strategie-fuer-proptech-europa\/","url_meta":{"origin":5677,"position":3},"title":"Exit-Strategie f\u00fcr PropTech in Europa","date":"March 7, 2022","format":false,"excerpt":"Zur Zeit gibt es mehr als 3000 PropTech-Unternehmen in Europa. Viele von ihnen, die nach 2010 gegr\u00fcndet wurden, wurden zun\u00e4chst von der Gr\u00f6\u00dfe des Immobilienmarktes und der M\u00f6glichkeit angezogen, eine Branche umzugestalten, die bis vor kurzem noch keinen Druck zur Digitalisierung versp\u00fcrt hat. Leider erleben viele junge Unternehmen nicht das\u2026","rel":"","context":"Similar post","img":{"alt_text":"","src":"https:\/\/i0.wp.com\/www.investaura.co\/wordpress\/wp-content\/uploads\/2017\/01\/shutterstock_182278607.jpg?fit=1000%2C836&ssl=1&resize=350%2C200","width":350,"height":200},"classes":[]},{"id":6737,"url":"https:\/\/www.investaura.co\/wordpress\/losungen\/ma-der-luftfahrtindustrie\/","url_meta":{"origin":5677,"position":4},"title":"M&#038;A in der Luftfahrtindustrie","date":"January 30, 2019","format":false,"excerpt":"Ungeachtet des Abschwungs von 2008-2009 hat der weltweite Luftverkehrsmarkt im letzten Jahrzehnt ein starkes Wachstum verzeichnet, sowohl was die Passagierzahlen (+ 62,8% zwischen 2007 und 2018) als auch das Frachtvolumen (+ 40,6% im selben Zeitraum) betrifft. Mehr als die H\u00e4lfte der 1,4 Milliarden Touristen der Welt, die 2018 \u00fcber die\u2026","rel":"","context":"Similar post","img":{"alt_text":"","src":"https:\/\/i0.wp.com\/www.investaura.co\/wordpress\/wp-content\/uploads\/2019\/01\/shutterstock_324754607_smaller3.jpg?fit=1024%2C429&ssl=1&resize=350%2C200","width":350,"height":200},"classes":[]}],"jetpack_sharing_enabled":true,"_links":{"self":[{"href":"https:\/\/www.investaura.co\/wordpress\/wp-json\/wp\/v2\/pages\/5677"}],"collection":[{"href":"https:\/\/www.investaura.co\/wordpress\/wp-json\/wp\/v2\/pages"}],"about":[{"href":"https:\/\/www.investaura.co\/wordpress\/wp-json\/wp\/v2\/types\/page"}],"author":[{"embeddable":true,"href":"https:\/\/www.investaura.co\/wordpress\/wp-json\/wp\/v2\/users\/1"}],"replies":[{"embeddable":true,"href":"https:\/\/www.investaura.co\/wordpress\/wp-json\/wp\/v2\/comments?post=5677"}],"version-history":[{"count":8,"href":"https:\/\/www.investaura.co\/wordpress\/wp-json\/wp\/v2\/pages\/5677\/revisions"}],"predecessor-version":[{"id":6967,"href":"https:\/\/www.investaura.co\/wordpress\/wp-json\/wp\/v2\/pages\/5677\/revisions\/6967"}],"up":[{"embeddable":true,"href":"https:\/\/www.investaura.co\/wordpress\/wp-json\/wp\/v2\/pages\/5685"}],"wp:featuredmedia":[{"embeddable":true,"href":"https:\/\/www.investaura.co\/wordpress\/wp-json\/wp\/v2\/media\/7582"}],"wp:attachment":[{"href":"https:\/\/www.investaura.co\/wordpress\/wp-json\/wp\/v2\/media?parent=5677"}],"curies":[{"name":"wp","href":"https:\/\/api.w.org\/{rel}","templated":true}]}}