{"id":5676,"date":"2017-01-18T20:38:22","date_gmt":"2017-01-18T18:38:22","guid":{"rendered":"http:\/\/www.investaura.co\/?page_id=5256"},"modified":"2018-03-23T20:36:58","modified_gmt":"2018-03-23T18:36:58","slug":"intelligent-transportation-systems-its","status":"publish","type":"page","link":"https:\/\/www.investaura.co\/wordpress\/boite-a-solutions\/intelligent-transportation-systems-its\/","title":{"rendered":"D\u00e9velopper une candidature gagnante pour un projet ITS"},"content":{"rendered":"<p>Le march\u00e9 mondial des syst\u00e8mes de transport intelligents (ITS) devrait cro\u00eetre de 12% par an, passant de $36 millards en 2015 \u00e0 $64 milliards en 2020. Le financement des infrastructures de transport par le biais les solutions de paiement par p\u00e9age constitue la majeur partie du march\u00e9. Forts de leur exp\u00e9rience, nos consultants peuvent vous aider \u00e0 remporter l&#8217;appel d&#8217;offre.<\/p>\n<p><!--more--><\/p>\n<p>L&#8217;utilisation des technologies ITS pour r\u00e9duire les accidents de la route et accro\u00eetre la s\u00e9curit\u00e9 est \u00e9galement un <strong>moteur majeur de l&#8217;innovation<\/strong>. A l&#8217;heure actuelle, l&#8217;accent est mis sur le d\u00e9ploiement de syst\u00e8mes de trafic avanc\u00e9s afin de r\u00e9duire le nombre d&#8217;accidents, ce qui peut \u00eatre facilit\u00e9 lorsque ces solutions sont combin\u00e9es avec les technologies des voitures connect\u00e9es.<\/p>\n<p>Pourtant, <strong>la collecte de p\u00e9ages<\/strong> reste cl\u00e9.\u00a0Pour r\u00e9ussir dans les projets ITS, qui sont souvent des \u00abm\u00e9ga projets\u00bb (centaines de millions d&#8217;\u20ac, voir milliard), vous devez d&#8217;abord vous familiariser avec l&#8217;environnement local, les parties prenantes, les partenaires potentiels, les d\u00e9cideurs et les influenceurs. La mise en place <strong>du bon partenariat<\/strong> est essentielle pour r\u00e9ussir dans cette phase.<\/p>\n<p>Vient ensuite <strong>la phase de soumission de l&#8217;offre<\/strong> et un processus de r\u00e9ponse \u00e0 l&#8217;appel d&#8217;offre souvent long et compliqu\u00e9, et influenc\u00e9 par la l\u00e9gislation locale. Pour une gestion professionnelle de l&#8217;appel d&#8217;offre, l&#8217;audit technique, la pr\u00e9paration du business plan et la pr\u00e9paration de la proposition commerciale, une \u00e9quipe exp\u00e9riment\u00e9e d&#8217;experts est n\u00e9cessaire pour que le soumissionnaire soit s\u00e9lectionn\u00e9 comme \u00abfournisseur de service pr\u00e9f\u00e9r\u00e9\u00bb.<\/p>\n<p>Selon nous, <strong>les principaux facteurs de succ\u00e8s<\/strong> sont:<\/p>\n<ul>\n<li>Une compr\u00e9hension profonde de l&#8217;environnement local<\/li>\n<li>Une bonne approche &#8220;politique&#8221;<\/li>\n<li>Une compr\u00e9hension profonde de la technologie et des processus<\/li>\n<li>Etre conforme \u00e0 100% avec les exigences des contrats<\/li>\n<li>Offrir le &#8220;meilleur&#8221; prix<\/li>\n<\/ul>\n<p>Les consultants de Investaura ont une exp\u00e9rience approfondie ainsi qu&#8217;un bilan solide dans l&#8217;acquisition de projets ITS. Nous soutenons nos clients, \u00e0 la fois strat\u00e9giquement et tactiquement, <strong>\u00e0 toutes les \u00e9tapes du processus d&#8217;acquisition<\/strong>, en commen\u00e7ant par la formation d&#8217;un consortium &#8216;gagnant&#8217;, suivi d&#8217;un soutien \u00e0 la pr\u00e9paration de la candidature, les due diligence technique et commerciale, le business plan, ainsi que les &#8216;war-room&#8217; et le &#8216;price-to-win&#8217;.<\/p>\n<p>Alors que le march\u00e9 des p\u00e9ages autoroutiers en Europe et dans le monde entier a connu un sommet \u00e9tonnant d&#8217;activit\u00e9s en 2017, nous sommes ravis d&#8217;avoir aid\u00e9 nos clients en Allemagne pour <strong>les p\u00e9age de camions et de passagers<\/strong> ainsi que pour d&#8217;autres projets de p\u00e9age europ\u00e9ens et am\u00e9ricains. Nous nous attendons \u00e0 ce que la forte dynamique de l&#8217;industrie du p\u00e9age se poursuive en 2018.<\/p>\n<p>Pour plus d&#8217;informations sur nos services ITS, n&#8217;h\u00e9sitez pas \u00e0 <a href=\"http:\/\/www.investaura.co\/contact\/\">nous contacter<\/a>.<\/p>\n","protected":false},"excerpt":{"rendered":"<p>Le march\u00e9 mondial des syst\u00e8mes de transport intelligents (ITS) devrait cro\u00eetre de 12% par an, passant de $36 millards en 2015 \u00e0 $64 milliards en 2020. Le financement des infrastructures de transport par le biais les solutions de paiement par&#8230; <\/p>\n<div class=\"more-link-container\"><a class=\"more-link\" href=\"https:\/\/www.investaura.co\/wordpress\/boite-a-solutions\/intelligent-transportation-systems-its\/\">Read More<\/a><\/div>\n","protected":false},"author":1,"featured_media":7582,"parent":5683,"menu_order":15,"comment_status":"closed","ping_status":"closed","template":"","meta":{"jetpack_post_was_ever_published":false},"yoast_head":"<!-- This site is optimized with the Yoast SEO plugin v20.4 - https:\/\/yoast.com\/wordpress\/plugins\/seo\/ -->\n<title>D\u00e9velopper une candidature gagnante pour un projet ITS | Investaura<\/title>\n<meta name=\"robots\" content=\"index, follow, max-snippet:-1, max-image-preview:large, max-video-preview:-1\" \/>\n<link rel=\"canonical\" href=\"https:\/\/www.investaura.co\/wordpress\/boite-a-solutions\/intelligent-transportation-systems-its\/\" \/>\n<meta property=\"og:locale\" content=\"en_GB\" \/>\n<meta property=\"og:type\" content=\"article\" \/>\n<meta property=\"og:title\" content=\"D\u00e9velopper une candidature gagnante pour un projet ITS | Investaura\" \/>\n<meta property=\"og:description\" content=\"Le march\u00e9 mondial des syst\u00e8mes de transport intelligents (ITS) devrait cro\u00eetre de 12% par an, passant de $36 millards en 2015 \u00e0 $64 milliards en 2020. Le financement des infrastructures de transport par le biais les solutions de paiement par... Read More\" \/>\n<meta property=\"og:url\" content=\"https:\/\/www.investaura.co\/wordpress\/boite-a-solutions\/intelligent-transportation-systems-its\/\" \/>\n<meta property=\"og:site_name\" content=\"Investaura\" \/>\n<meta property=\"article:modified_time\" content=\"2018-03-23T18:36:58+00:00\" \/>\n<meta property=\"og:image\" content=\"https:\/\/i0.wp.com\/www.investaura.co\/wordpress\/wp-content\/uploads\/2022\/03\/PropTech_small.jpg?fit=1024%2C683&ssl=1\" \/>\n\t<meta property=\"og:image:width\" content=\"1024\" \/>\n\t<meta property=\"og:image:height\" content=\"683\" \/>\n\t<meta property=\"og:image:type\" content=\"image\/jpeg\" \/>\n<meta name=\"twitter:card\" content=\"summary_large_image\" \/>\n<meta name=\"twitter:label1\" content=\"Estimated reading time\" \/>\n\t<meta name=\"twitter:data1\" content=\"2 minutes\" \/>\n<script type=\"application\/ld+json\" class=\"yoast-schema-graph\">{\"@context\":\"https:\/\/schema.org\",\"@graph\":[{\"@type\":\"WebPage\",\"@id\":\"https:\/\/www.investaura.co\/wordpress\/boite-a-solutions\/intelligent-transportation-systems-its\/\",\"url\":\"https:\/\/www.investaura.co\/wordpress\/boite-a-solutions\/intelligent-transportation-systems-its\/\",\"name\":\"D\u00e9velopper une candidature gagnante pour un projet ITS | Investaura\",\"isPartOf\":{\"@id\":\"https:\/\/www.investaura.co\/wordpress\/#website\"},\"datePublished\":\"2017-01-18T18:38:22+00:00\",\"dateModified\":\"2018-03-23T18:36:58+00:00\",\"breadcrumb\":{\"@id\":\"https:\/\/www.investaura.co\/wordpress\/boite-a-solutions\/intelligent-transportation-systems-its\/#breadcrumb\"},\"inLanguage\":\"en-GB\",\"potentialAction\":[{\"@type\":\"ReadAction\",\"target\":[\"https:\/\/www.investaura.co\/wordpress\/boite-a-solutions\/intelligent-transportation-systems-its\/\"]}]},{\"@type\":\"BreadcrumbList\",\"@id\":\"https:\/\/www.investaura.co\/wordpress\/boite-a-solutions\/intelligent-transportation-systems-its\/#breadcrumb\",\"itemListElement\":[{\"@type\":\"ListItem\",\"position\":1,\"name\":\"Home\",\"item\":\"https:\/\/www.investaura.co\/wordpress\/\"},{\"@type\":\"ListItem\",\"position\":2,\"name\":\"Solutions Showcase\",\"item\":\"https:\/\/www.investaura.co\/wordpress\/boite-a-solutions\/\"},{\"@type\":\"ListItem\",\"position\":3,\"name\":\"D\u00e9velopper une candidature gagnante pour un projet ITS\"}]},{\"@type\":\"WebSite\",\"@id\":\"https:\/\/www.investaura.co\/wordpress\/#website\",\"url\":\"https:\/\/www.investaura.co\/wordpress\/\",\"name\":\"Investaura\",\"description\":\"The Value Creation Consultants\",\"publisher\":{\"@id\":\"https:\/\/www.investaura.co\/wordpress\/#organization\"},\"potentialAction\":[{\"@type\":\"SearchAction\",\"target\":{\"@type\":\"EntryPoint\",\"urlTemplate\":\"https:\/\/www.investaura.co\/wordpress\/?s={search_term_string}\"},\"query-input\":\"required name=search_term_string\"}],\"inLanguage\":\"en-GB\"},{\"@type\":\"Organization\",\"@id\":\"https:\/\/www.investaura.co\/wordpress\/#organization\",\"name\":\"Investaura\",\"url\":\"https:\/\/www.investaura.co\/wordpress\/\",\"logo\":{\"@type\":\"ImageObject\",\"inLanguage\":\"en-GB\",\"@id\":\"https:\/\/www.investaura.co\/wordpress\/#\/schema\/logo\/image\/\",\"url\":\"https:\/\/i0.wp.com\/www.investaura.co\/wordpress\/wp-content\/uploads\/Logo-INVESTAURA_RGB-blau-e1450351498844.jpg?fit=256%2C90&ssl=1\",\"contentUrl\":\"https:\/\/i0.wp.com\/www.investaura.co\/wordpress\/wp-content\/uploads\/Logo-INVESTAURA_RGB-blau-e1450351498844.jpg?fit=256%2C90&ssl=1\",\"width\":256,\"height\":90,\"caption\":\"Investaura\"},\"image\":{\"@id\":\"https:\/\/www.investaura.co\/wordpress\/#\/schema\/logo\/image\/\"},\"sameAs\":[\"https:\/\/www.linkedin.com\/company\/1229653\"]}]}<\/script>\n<!-- \/ Yoast SEO plugin. -->","yoast_head_json":{"title":"D\u00e9velopper une candidature gagnante pour un projet ITS | Investaura","robots":{"index":"index","follow":"follow","max-snippet":"max-snippet:-1","max-image-preview":"max-image-preview:large","max-video-preview":"max-video-preview:-1"},"canonical":"https:\/\/www.investaura.co\/wordpress\/boite-a-solutions\/intelligent-transportation-systems-its\/","og_locale":"en_GB","og_type":"article","og_title":"D\u00e9velopper une candidature gagnante pour un projet ITS | Investaura","og_description":"Le march\u00e9 mondial des syst\u00e8mes de transport intelligents (ITS) devrait cro\u00eetre de 12% par an, passant de $36 millards en 2015 \u00e0 $64 milliards en 2020. Le financement des infrastructures de transport par le biais les solutions de paiement par... Read More","og_url":"https:\/\/www.investaura.co\/wordpress\/boite-a-solutions\/intelligent-transportation-systems-its\/","og_site_name":"Investaura","article_modified_time":"2018-03-23T18:36:58+00:00","og_image":[{"width":1024,"height":683,"url":"https:\/\/i0.wp.com\/www.investaura.co\/wordpress\/wp-content\/uploads\/2022\/03\/PropTech_small.jpg?fit=1024%2C683&ssl=1","type":"image\/jpeg"}],"twitter_card":"summary_large_image","twitter_misc":{"Estimated reading time":"2 minutes"},"schema":{"@context":"https:\/\/schema.org","@graph":[{"@type":"WebPage","@id":"https:\/\/www.investaura.co\/wordpress\/boite-a-solutions\/intelligent-transportation-systems-its\/","url":"https:\/\/www.investaura.co\/wordpress\/boite-a-solutions\/intelligent-transportation-systems-its\/","name":"D\u00e9velopper une candidature gagnante pour un projet ITS | Investaura","isPartOf":{"@id":"https:\/\/www.investaura.co\/wordpress\/#website"},"datePublished":"2017-01-18T18:38:22+00:00","dateModified":"2018-03-23T18:36:58+00:00","breadcrumb":{"@id":"https:\/\/www.investaura.co\/wordpress\/boite-a-solutions\/intelligent-transportation-systems-its\/#breadcrumb"},"inLanguage":"en-GB","potentialAction":[{"@type":"ReadAction","target":["https:\/\/www.investaura.co\/wordpress\/boite-a-solutions\/intelligent-transportation-systems-its\/"]}]},{"@type":"BreadcrumbList","@id":"https:\/\/www.investaura.co\/wordpress\/boite-a-solutions\/intelligent-transportation-systems-its\/#breadcrumb","itemListElement":[{"@type":"ListItem","position":1,"name":"Home","item":"https:\/\/www.investaura.co\/wordpress\/"},{"@type":"ListItem","position":2,"name":"Solutions Showcase","item":"https:\/\/www.investaura.co\/wordpress\/boite-a-solutions\/"},{"@type":"ListItem","position":3,"name":"D\u00e9velopper une candidature gagnante pour un projet ITS"}]},{"@type":"WebSite","@id":"https:\/\/www.investaura.co\/wordpress\/#website","url":"https:\/\/www.investaura.co\/wordpress\/","name":"Investaura","description":"The Value Creation Consultants","publisher":{"@id":"https:\/\/www.investaura.co\/wordpress\/#organization"},"potentialAction":[{"@type":"SearchAction","target":{"@type":"EntryPoint","urlTemplate":"https:\/\/www.investaura.co\/wordpress\/?s={search_term_string}"},"query-input":"required name=search_term_string"}],"inLanguage":"en-GB"},{"@type":"Organization","@id":"https:\/\/www.investaura.co\/wordpress\/#organization","name":"Investaura","url":"https:\/\/www.investaura.co\/wordpress\/","logo":{"@type":"ImageObject","inLanguage":"en-GB","@id":"https:\/\/www.investaura.co\/wordpress\/#\/schema\/logo\/image\/","url":"https:\/\/i0.wp.com\/www.investaura.co\/wordpress\/wp-content\/uploads\/Logo-INVESTAURA_RGB-blau-e1450351498844.jpg?fit=256%2C90&ssl=1","contentUrl":"https:\/\/i0.wp.com\/www.investaura.co\/wordpress\/wp-content\/uploads\/Logo-INVESTAURA_RGB-blau-e1450351498844.jpg?fit=256%2C90&ssl=1","width":256,"height":90,"caption":"Investaura"},"image":{"@id":"https:\/\/www.investaura.co\/wordpress\/#\/schema\/logo\/image\/"},"sameAs":["https:\/\/www.linkedin.com\/company\/1229653"]}]}},"jetpack_shortlink":"https:\/\/wp.me\/P7ecno-1ty","jetpack-related-posts":[{"id":6938,"url":"https:\/\/www.investaura.co\/wordpress\/boite-a-solutions\/linternet-des-objets-pour-les-bailleurs-immobiliers\/","url_meta":{"origin":5676,"position":0},"title":"L&#8217;Internet des objets pour les bailleurs immobiliers","date":"December 10, 2019","format":false,"excerpt":"Traditionnellement conservateurs, g\u00e9rant de nombreux actifs et ax\u00e9s sur la performance: les bailleurs immobiliers font face \u00e0 un d\u00e9ploiement massif de solutions IoT dans les ann\u00e9es \u00e0 venir. Innover est souvent difficile, mais c'est pr\u00e9cis\u00e9ment l\u00e0 que des sp\u00e9cialistes externes de l'industrie IoT peuvent leur \u00eatre utiles.\u00a0 Pour les bailleurs,\u2026","rel":"","context":"Similar post","img":{"alt_text":"","src":"https:\/\/i0.wp.com\/www.investaura.co\/wordpress\/wp-content\/uploads\/2019\/12\/shutterstock_189023420_Smaller.jpg?fit=1024%2C683&ssl=1&resize=350%2C200","width":350,"height":200},"classes":[]},{"id":6732,"url":"https:\/\/www.investaura.co\/wordpress\/boite-a-solutions\/ma-dans-le-secteur-aeroportuaire\/","url_meta":{"origin":5676,"position":1},"title":"M&#038;A dans le secteur a\u00e9roportuaire","date":"January 30, 2019","format":false,"excerpt":"Malgr\u00e9 la r\u00e9cession de 2008-2009, le march\u00e9 mondial du transport a\u00e9rien a affich\u00e9 une forte croissance au cours de la derni\u00e8re d\u00e9cennie, tant en nombre de passagers (+ 62,8% entre 2007 et 2018) qu'en volume de fret (+ 40,6% sur la m\u00eame p\u00e9riode). Plus de la moiti\u00e9 des 1,4 milliard\u2026","rel":"","context":"Similar post","img":{"alt_text":"","src":"https:\/\/i0.wp.com\/www.investaura.co\/wordpress\/wp-content\/uploads\/2019\/01\/shutterstock_324754607_smaller3.jpg?fit=1024%2C429&ssl=1&resize=350%2C200","width":350,"height":200},"classes":[]},{"id":5713,"url":"https:\/\/www.investaura.co\/wordpress\/boite-a-solutions\/expansion-vers-allemagne-via-cross-border-ma\/","url_meta":{"origin":5676,"position":2},"title":"Expansion internationale vers l&#8217;Allemagne par Fusion-Acquisition","date":"August 12, 2016","format":false,"excerpt":"De nombreuses PME europ\u00e9ennes ont atteint la limite de leur potentiel de croissance dans leur march\u00e9 national. L'expansion vers les pays frontaliers est une \u00e9tape naturelle pour beaucoup. Investaura aide actuellement plusieurs clients europ\u00e9ens \u00e0 s'\u00e9tablir en Allemagne par Fusions & Acquisitions (M&A). Dans une Europe aux prises \u00e0 une\u2026","rel":"","context":"Similar post","img":{"alt_text":"","src":"https:\/\/i0.wp.com\/www.investaura.co\/wordpress\/wp-content\/uploads\/2016\/09\/shutterstock_214025158_centered_narrower_smaller.jpg?fit=760%2C300&ssl=1&resize=350%2C200","width":350,"height":200},"classes":[]},{"id":6265,"url":"https:\/\/www.investaura.co\/wordpress\/nos-services\/fusions-et-acquisitions\/acheter-cote-ma-matiere\/","url_meta":{"origin":5676,"position":3},"title":"Buy-side: pourquoi le M&#038;A est-il important?","date":"April 4, 2017","format":false,"excerpt":"Acc\u00e9l\u00e9rez la croissance de votre entreprise Dans le monde comp\u00e9titif d'aujourd'hui, la rapidit\u00e9 d'ex\u00e9cution et le contr\u00f4le des co\u00fbts comptent parmi les facteurs de cr\u00e9ation de valeur les plus importants pour les actionnaires comme pour les clients. Un projet de croissance exog\u00e8ne via M&A peut aider votre entreprise \u00e0 gagner\u2026","rel":"","context":"Similar post","img":{"alt_text":"","src":"https:\/\/i0.wp.com\/www.investaura.co\/wordpress\/wp-content\/uploads\/shutterstock_139401482.jpg?fit=1000%2C554&ssl=1&resize=350%2C200","width":350,"height":200},"classes":[]},{"id":5681,"url":"https:\/\/www.investaura.co\/wordpress\/boite-a-solutions\/finance-pm-expertise-complexe-ftth-projets\/","url_meta":{"origin":5676,"position":4},"title":"Finance et gestion de projet pour des dossiers FTTH complexes (RIP)","date":"November 6, 2017","format":false,"excerpt":"Lanc\u00e9 au printemps 2013, le plan \u00abFrance tr\u00e8s haut d\u00e9bit\u00bb vise \u00e0 couvrir l'ensemble du territoire fran\u00e7ais par un acc\u00e8s Internet \u00e0 tr\u00e8s haut d\u00e9bit (plus de 30 Mbps) d'ici 2022. La pierre angulaire du plan est le d\u00e9ploiement massif des technologies FTTH \u00e0 travers la France. Pour atteindre cet\u2026","rel":"","context":"Similar post","img":{"alt_text":"","src":"https:\/\/i0.wp.com\/www.investaura.co\/wordpress\/wp-content\/uploads\/2017\/11\/Fibre400.jpg?fit=1200%2C306&ssl=1&resize=350%2C200","width":350,"height":200},"classes":[]},{"id":5701,"url":"https:\/\/www.investaura.co\/wordpress\/boite-a-solutions\/affaires-processus-examen-et-amelioration-telco\/","url_meta":{"origin":5676,"position":5},"title":"Analyse et am\u00e9lioration des processus","date":"August 12, 2016","format":false,"excerpt":"Investaura a r\u00e9cemment finalis\u00e9 un projet d'analyse et d'am\u00e9lioration de plus de 100 processus pour un op\u00e9rateur de t\u00e9l\u00e9phonie mobile, couvrant les r\u00e9seaux, l'IT, le marketing, les ventes, les finances, les resources humaines et les activit\u00e9s de vente en gros. La port\u00e9e du projet comprenait: Descriptions des processus 'as-is', y\u2026","rel":"","context":"Similar post","img":{"alt_text":"","src":"https:\/\/i0.wp.com\/www.investaura.co\/wordpress\/wp-content\/uploads\/2016\/08\/shutterstock_283203605_centered_new.jpg?fit=1000%2C410&ssl=1&resize=350%2C200","width":350,"height":200},"classes":[]}],"jetpack_sharing_enabled":true,"_links":{"self":[{"href":"https:\/\/www.investaura.co\/wordpress\/wp-json\/wp\/v2\/pages\/5676"}],"collection":[{"href":"https:\/\/www.investaura.co\/wordpress\/wp-json\/wp\/v2\/pages"}],"about":[{"href":"https:\/\/www.investaura.co\/wordpress\/wp-json\/wp\/v2\/types\/page"}],"author":[{"embeddable":true,"href":"https:\/\/www.investaura.co\/wordpress\/wp-json\/wp\/v2\/users\/1"}],"replies":[{"embeddable":true,"href":"https:\/\/www.investaura.co\/wordpress\/wp-json\/wp\/v2\/comments?post=5676"}],"version-history":[{"count":9,"href":"https:\/\/www.investaura.co\/wordpress\/wp-json\/wp\/v2\/pages\/5676\/revisions"}],"predecessor-version":[{"id":5920,"href":"https:\/\/www.investaura.co\/wordpress\/wp-json\/wp\/v2\/pages\/5676\/revisions\/5920"}],"up":[{"embeddable":true,"href":"https:\/\/www.investaura.co\/wordpress\/wp-json\/wp\/v2\/pages\/5683"}],"wp:featuredmedia":[{"embeddable":true,"href":"https:\/\/www.investaura.co\/wordpress\/wp-json\/wp\/v2\/media\/7582"}],"wp:attachment":[{"href":"https:\/\/www.investaura.co\/wordpress\/wp-json\/wp\/v2\/media?parent=5676"}],"curies":[{"name":"wp","href":"https:\/\/api.w.org\/{rel}","templated":true}]}}