{"id":5674,"date":"2010-09-08T19:47:57","date_gmt":"2010-09-08T17:47:57","guid":{"rendered":"http:\/\/www.invest-aura.com\/wordpress\/?page_id=2"},"modified":"2025-10-22T13:04:37","modified_gmt":"2025-10-22T11:04:37","slug":"expert-advisors-ict-markte","status":"publish","type":"page","link":"https:\/\/www.investaura.co\/wordpress\/de\/","title":{"rendered":"Strategieumsetzung und Gesch\u00e4ftstransformation"},"content":{"rendered":"<p><span style=\"font-size: 105%;\">Wir sind eine Gruppe <strong>erfahrener Fachleute<\/strong> und arbeiten mit den Teams unserer Kunden zusammen, um deren <strong>Probleme zu l\u00f6sen<\/strong>, <strong>Innovationen zu entwickeln<\/strong> und <strong>einen erheblichen Mehrwert<\/strong> f\u00fcr ihr Unternehmen <strong>zu schaffen<\/strong>.<\/span><\/p>\n<p><span style=\"font-size: 105%;\"><span class=\"Apple-style-span\">Wir bringen eine <strong>unternehmerische Denkweise<\/strong> mit: Wir nehmen uns der Probleme unserer Kunden an und helfen ihnen, <strong>st\u00e4rkere<\/strong> und <strong>bessere Unternehmen zu entwickeln<\/strong>.<\/span><\/span><\/p>\n<p><span style=\"font-size: 105%;\">Wir konzentrieren uns auf <strong>Informations-und Kommunikationstechnologien<\/strong> (IKT), das <strong>Internet der Dinge<\/strong> (IoT) und <strong>Infrastruktur<\/strong> (Energie, Verkehr, Immobilien), und beraten Dienstleister, Lieferanten, Private-Equity-Fonds sowie industrielle Nischenanbieter.<\/span><\/p>\n<p><span style=\"font-size: 105%;\"><span class=\"Apple-style-span\"><a class=\"button\" href=\"https:\/\/www.investaura.co\/wordpress\/contact\/\">Kontaktieren Sie uns<\/a><\/span><\/span><\/p>\n","protected":false},"excerpt":{"rendered":"<p>Wir sind eine Gruppe erfahrener Fachleute und arbeiten mit den Teams unserer Kunden zusammen, um deren Probleme zu l\u00f6sen, Innovationen zu entwickeln und einen erheblichen Mehrwert f\u00fcr ihr Unternehmen zu schaffen. Wir bringen eine unternehmerische Denkweise mit: Wir nehmen uns&#8230; <\/p>\n<div class=\"more-link-container\"><a class=\"more-link\" href=\"https:\/\/www.investaura.co\/wordpress\/de\/\">Read More<\/a><\/div>\n","protected":false},"author":1,"featured_media":4983,"parent":0,"menu_order":-1,"comment_status":"closed","ping_status":"closed","template":"templates\/front-page.php","meta":{"jetpack_post_was_ever_published":false},"yoast_head":"<!-- This site is optimized with the Yoast SEO plugin v20.4 - https:\/\/yoast.com\/wordpress\/plugins\/seo\/ -->\n<title>Strategieumsetzung und Gesch\u00e4ftstransformation | Investaura<\/title>\n<meta name=\"robots\" content=\"index, follow, max-snippet:-1, max-image-preview:large, max-video-preview:-1\" \/>\n<link rel=\"canonical\" href=\"https:\/\/www.investaura.co\/wordpress\/de\/\" \/>\n<meta property=\"og:locale\" content=\"en_GB\" \/>\n<meta property=\"og:type\" content=\"article\" \/>\n<meta property=\"og:title\" content=\"Strategieumsetzung und Gesch\u00e4ftstransformation | Investaura\" \/>\n<meta property=\"og:description\" content=\"Wir sind eine Gruppe erfahrener Fachleute und arbeiten mit den Teams unserer Kunden zusammen, um deren Probleme zu l\u00f6sen, Innovationen zu entwickeln und einen erheblichen Mehrwert f\u00fcr ihr Unternehmen zu schaffen. Wir bringen eine unternehmerische Denkweise mit: Wir nehmen uns... Read More\" \/>\n<meta property=\"og:url\" content=\"https:\/\/www.investaura.co\/wordpress\/de\/\" \/>\n<meta property=\"og:site_name\" content=\"Investaura\" \/>\n<meta property=\"article:modified_time\" content=\"2025-10-22T11:04:37+00:00\" \/>\n<meta property=\"og:image\" content=\"https:\/\/www.investaura.co\/wordpress\/wp-content\/uploads\/2016\/05\/shutterstock_388284034_smaller.jpg\" \/>\n\t<meta property=\"og:image:width\" content=\"980\" \/>\n\t<meta property=\"og:image:height\" content=\"654\" \/>\n\t<meta property=\"og:image:type\" content=\"image\/jpeg\" \/>\n<meta name=\"twitter:card\" content=\"summary_large_image\" \/>\n<meta name=\"twitter:label1\" content=\"Estimated reading time\" \/>\n\t<meta name=\"twitter:data1\" content=\"1 minute\" \/>\n<script type=\"application\/ld+json\" class=\"yoast-schema-graph\">{\"@context\":\"https:\/\/schema.org\",\"@graph\":[{\"@type\":\"WebPage\",\"@id\":\"https:\/\/www.investaura.co\/wordpress\/de\/\",\"url\":\"https:\/\/www.investaura.co\/wordpress\/de\/\",\"name\":\"Strategieumsetzung und Gesch\u00e4ftstransformation | Investaura\",\"isPartOf\":{\"@id\":\"https:\/\/www.investaura.co\/wordpress\/#website\"},\"datePublished\":\"2010-09-08T17:47:57+00:00\",\"dateModified\":\"2025-10-22T11:04:37+00:00\",\"breadcrumb\":{\"@id\":\"https:\/\/www.investaura.co\/wordpress\/de\/#breadcrumb\"},\"inLanguage\":\"en-GB\",\"potentialAction\":[{\"@type\":\"ReadAction\",\"target\":[\"https:\/\/www.investaura.co\/wordpress\/de\/\"]}]},{\"@type\":\"BreadcrumbList\",\"@id\":\"https:\/\/www.investaura.co\/wordpress\/de\/#breadcrumb\",\"itemListElement\":[{\"@type\":\"ListItem\",\"position\":1,\"name\":\"Home\",\"item\":\"https:\/\/www.investaura.co\/wordpress\/\"},{\"@type\":\"ListItem\",\"position\":2,\"name\":\"Strategieumsetzung und Gesch\u00e4ftstransformation\"}]},{\"@type\":\"WebSite\",\"@id\":\"https:\/\/www.investaura.co\/wordpress\/#website\",\"url\":\"https:\/\/www.investaura.co\/wordpress\/\",\"name\":\"Investaura\",\"description\":\"The Value Creation Consultants\",\"publisher\":{\"@id\":\"https:\/\/www.investaura.co\/wordpress\/#organization\"},\"potentialAction\":[{\"@type\":\"SearchAction\",\"target\":{\"@type\":\"EntryPoint\",\"urlTemplate\":\"https:\/\/www.investaura.co\/wordpress\/?s={search_term_string}\"},\"query-input\":\"required name=search_term_string\"}],\"inLanguage\":\"en-GB\"},{\"@type\":\"Organization\",\"@id\":\"https:\/\/www.investaura.co\/wordpress\/#organization\",\"name\":\"Investaura\",\"url\":\"https:\/\/www.investaura.co\/wordpress\/\",\"logo\":{\"@type\":\"ImageObject\",\"inLanguage\":\"en-GB\",\"@id\":\"https:\/\/www.investaura.co\/wordpress\/#\/schema\/logo\/image\/\",\"url\":\"https:\/\/i0.wp.com\/www.investaura.co\/wordpress\/wp-content\/uploads\/Logo-INVESTAURA_RGB-blau-e1450351498844.jpg?fit=256%2C90&ssl=1\",\"contentUrl\":\"https:\/\/i0.wp.com\/www.investaura.co\/wordpress\/wp-content\/uploads\/Logo-INVESTAURA_RGB-blau-e1450351498844.jpg?fit=256%2C90&ssl=1\",\"width\":256,\"height\":90,\"caption\":\"Investaura\"},\"image\":{\"@id\":\"https:\/\/www.investaura.co\/wordpress\/#\/schema\/logo\/image\/\"},\"sameAs\":[\"https:\/\/www.linkedin.com\/company\/1229653\"]}]}<\/script>\n<!-- \/ Yoast SEO plugin. -->","yoast_head_json":{"title":"Strategieumsetzung und Gesch\u00e4ftstransformation | Investaura","robots":{"index":"index","follow":"follow","max-snippet":"max-snippet:-1","max-image-preview":"max-image-preview:large","max-video-preview":"max-video-preview:-1"},"canonical":"https:\/\/www.investaura.co\/wordpress\/de\/","og_locale":"en_GB","og_type":"article","og_title":"Strategieumsetzung und Gesch\u00e4ftstransformation | Investaura","og_description":"Wir sind eine Gruppe erfahrener Fachleute und arbeiten mit den Teams unserer Kunden zusammen, um deren Probleme zu l\u00f6sen, Innovationen zu entwickeln und einen erheblichen Mehrwert f\u00fcr ihr Unternehmen zu schaffen. Wir bringen eine unternehmerische Denkweise mit: Wir nehmen uns... Read More","og_url":"https:\/\/www.investaura.co\/wordpress\/de\/","og_site_name":"Investaura","article_modified_time":"2025-10-22T11:04:37+00:00","og_image":[{"width":980,"height":654,"url":"https:\/\/www.investaura.co\/wordpress\/wp-content\/uploads\/2016\/05\/shutterstock_388284034_smaller.jpg","type":"image\/jpeg"}],"twitter_card":"summary_large_image","twitter_misc":{"Estimated reading time":"1 minute"},"schema":{"@context":"https:\/\/schema.org","@graph":[{"@type":"WebPage","@id":"https:\/\/www.investaura.co\/wordpress\/de\/","url":"https:\/\/www.investaura.co\/wordpress\/de\/","name":"Strategieumsetzung und Gesch\u00e4ftstransformation | Investaura","isPartOf":{"@id":"https:\/\/www.investaura.co\/wordpress\/#website"},"datePublished":"2010-09-08T17:47:57+00:00","dateModified":"2025-10-22T11:04:37+00:00","breadcrumb":{"@id":"https:\/\/www.investaura.co\/wordpress\/de\/#breadcrumb"},"inLanguage":"en-GB","potentialAction":[{"@type":"ReadAction","target":["https:\/\/www.investaura.co\/wordpress\/de\/"]}]},{"@type":"BreadcrumbList","@id":"https:\/\/www.investaura.co\/wordpress\/de\/#breadcrumb","itemListElement":[{"@type":"ListItem","position":1,"name":"Home","item":"https:\/\/www.investaura.co\/wordpress\/"},{"@type":"ListItem","position":2,"name":"Strategieumsetzung und Gesch\u00e4ftstransformation"}]},{"@type":"WebSite","@id":"https:\/\/www.investaura.co\/wordpress\/#website","url":"https:\/\/www.investaura.co\/wordpress\/","name":"Investaura","description":"The Value Creation Consultants","publisher":{"@id":"https:\/\/www.investaura.co\/wordpress\/#organization"},"potentialAction":[{"@type":"SearchAction","target":{"@type":"EntryPoint","urlTemplate":"https:\/\/www.investaura.co\/wordpress\/?s={search_term_string}"},"query-input":"required name=search_term_string"}],"inLanguage":"en-GB"},{"@type":"Organization","@id":"https:\/\/www.investaura.co\/wordpress\/#organization","name":"Investaura","url":"https:\/\/www.investaura.co\/wordpress\/","logo":{"@type":"ImageObject","inLanguage":"en-GB","@id":"https:\/\/www.investaura.co\/wordpress\/#\/schema\/logo\/image\/","url":"https:\/\/i0.wp.com\/www.investaura.co\/wordpress\/wp-content\/uploads\/Logo-INVESTAURA_RGB-blau-e1450351498844.jpg?fit=256%2C90&ssl=1","contentUrl":"https:\/\/i0.wp.com\/www.investaura.co\/wordpress\/wp-content\/uploads\/Logo-INVESTAURA_RGB-blau-e1450351498844.jpg?fit=256%2C90&ssl=1","width":256,"height":90,"caption":"Investaura"},"image":{"@id":"https:\/\/www.investaura.co\/wordpress\/#\/schema\/logo\/image\/"},"sameAs":["https:\/\/www.linkedin.com\/company\/1229653"]}]}},"jetpack_shortlink":"https:\/\/wp.me\/P7ecno-1tw","jetpack-related-posts":[{"id":6944,"url":"https:\/\/www.investaura.co\/wordpress\/losungen\/iot-fuer-die-wohnungswirtschaft\/","url_meta":{"origin":5674,"position":0},"title":"IoT-L\u00f6sungen f\u00fcr die Wohnungswirtschaft","date":"December 10, 2019","format":false,"excerpt":"Traditionell konservativ, kapitalsintensiv und leistungsorientiert: Die Wohnungswirtschaft ist reif f\u00fcr den Einsatz von IoT-L\u00f6sungen in den kommenden Jahren.\u00a0Innovation ist oft schwierig, aber genau hier k\u00f6nnen externe Branchenspezialisten helfen. Die Ver\u00e4nderungen sind auf den Wunsch zur\u00fcckzuf\u00fchren,\u00a0einerseits\u00a0die Mieterzufriedenheit zu\u00a0verbessern\u00a0und andererseits\u00a0die\u00a0Betriebs-, Wartungs- und\u00a0Nebenkosten\u00a0zum Nutzen von Mietern und Vermietern zu\u00a0senken. In der j\u00fcngeren Vergangenheit\u2026","rel":"","context":"Similar post","img":{"alt_text":"","src":"https:\/\/i0.wp.com\/www.investaura.co\/wordpress\/wp-content\/uploads\/2019\/12\/shutterstock_189023420_Smaller.jpg?fit=1024%2C683&ssl=1&resize=350%2C200","width":350,"height":200},"classes":[]},{"id":6308,"url":"https:\/\/www.investaura.co\/wordpress\/dienstleistungen\/beratung\/leistungsmanagement\/","url_meta":{"origin":5674,"position":1},"title":"Performance Management","date":"September 9, 2010","format":false,"excerpt":"Investaura entwickelt leistungsstarke Gesch\u00e4ftsanwendungen f\u00fcr seine Kunden und nutzt dabei sein Know-how f\u00fcr erstklassige Softwareplattformen und seine umfassende ICT-Branchenexpertise. Der Einfluss f\u00fcr die Kunden besteht darin, besser zu verstehen, was in ihrem Gesch\u00e4ft passiert - Business Intelligence - und Ma\u00dfnahmen zu ergreifen, um die Leistung zu verbessern - Performance Management.\u2026","rel":"","context":"Similar post","img":{"alt_text":"","src":"https:\/\/i0.wp.com\/www.investaura.co\/wordpress\/wp-content\/uploads\/2016\/02\/shutterstock_282394148_smaller.jpg?fit=1024%2C683&ssl=1&resize=350%2C200","width":350,"height":200},"classes":[]},{"id":5756,"url":"https:\/\/www.investaura.co\/wordpress\/dienstleistungen\/mergers-and-acquisitions\/","url_meta":{"origin":5674,"position":2},"title":"Mergers &#038; Acquisitions und PMI","date":"March 23, 2015","format":false,"excerpt":"Investaura deckt die gesamte Wertsch\u00f6pfungskette von M&A Aktivit\u00e4ten ab, arbeitet auf der K\u00e4uferseite oder Verk\u00e4uferseite und konzentriert sich auf Transaktionen von 2 Mio. \u20ac und 200 Mio. \u20ac. Wir fokussieren uns ausschlie\u00dflich auf die IKT-, IoT- und Infrastrukturm\u00e4rkte (Energie, Immobilienwirtschaft, Mobilit\u00e4t). Zielsuche \/ Investorensuche Strategie (Portfolio, Markt) Marktprognose und Industrie-Entwicklungsmodell\u2026","rel":"","context":"Similar post","img":{"alt_text":"","src":"https:\/\/i0.wp.com\/www.investaura.co\/wordpress\/wp-content\/uploads\/shutterstock_139401482.jpg?fit=1000%2C554&ssl=1&resize=350%2C200","width":350,"height":200},"classes":[]},{"id":6226,"url":"https:\/\/www.investaura.co\/wordpress\/dienstleistungen\/performance-management-losungen\/assoziierte-unternehmen\/","url_meta":{"origin":5674,"position":3},"title":"Trusted Software-Partner","date":"September 9, 2010","format":false,"excerpt":"Investaura Management Consultants hat 3 Softwareanbieter ausgew\u00e4hlt, die das eigene Kerngesch\u00e4ft erg\u00e4nzen und mit denen wir ausgezeichnete Beziehungen unterhalten: Prodacapo bietet Softwarel\u00f6sungen f\u00fcr die Prozesskostenrechnung und -verbesserung.\u00a0Die Prodacapo-Suite enth\u00e4lt Anwendungen f\u00fcr das aktivit\u00e4tsbasierte Management, Rentabilit\u00e4tsanalysen, Planung, Balanced Scorecard und Prozessmanagement.\u00a0Die Software und Methodik des Unternehmens basiert auf 20 Jahren Erfahrung,\u2026","rel":"","context":"Similar post","img":{"alt_text":"","src":"https:\/\/i0.wp.com\/www.investaura.co\/wordpress\/wp-content\/uploads\/2016\/02\/shutterstock_247165378.jpg?fit=1000%2C732&ssl=1&resize=350%2C200","width":350,"height":200},"classes":[]},{"id":6264,"url":"https:\/\/www.investaura.co\/wordpress\/dienstleistungen\/mergers-and-acquisitions\/sell-side-dont-brauchen-ma-berater\/","url_meta":{"origin":5674,"position":4},"title":"Verkaufsseite: Brauchen Sie keinen M&#038;A-Berater?","date":"April 4, 2017","format":false,"excerpt":"Verkaufen Sie Ihre Firma In der heutigen wettbewerbsorientierten Welt sind Gewinn und Wachstum fundamentale Quellen der Wertsch\u00f6pfung f\u00fcr Unternehmer und Aktion\u00e4re. Wenn Sie nicht wachsen, werden es Ihre Konkurrenten tun, und diese k\u00f6nnten schlie\u00dflich Ihr Gesch\u00e4ft in den Schatten stellen und gef\u00e4hrden. Selbst wenn Sie eine profitable Nische f\u00fcr Ihr\u2026","rel":"","context":"Similar post","img":{"alt_text":"","src":"https:\/\/i0.wp.com\/www.investaura.co\/wordpress\/wp-content\/uploads\/shutterstock_139401482.jpg?fit=1000%2C554&ssl=1&resize=350%2C200","width":350,"height":200},"classes":[]}],"jetpack_sharing_enabled":true,"_links":{"self":[{"href":"https:\/\/www.investaura.co\/wordpress\/wp-json\/wp\/v2\/pages\/5674"}],"collection":[{"href":"https:\/\/www.investaura.co\/wordpress\/wp-json\/wp\/v2\/pages"}],"about":[{"href":"https:\/\/www.investaura.co\/wordpress\/wp-json\/wp\/v2\/types\/page"}],"author":[{"embeddable":true,"href":"https:\/\/www.investaura.co\/wordpress\/wp-json\/wp\/v2\/users\/1"}],"replies":[{"embeddable":true,"href":"https:\/\/www.investaura.co\/wordpress\/wp-json\/wp\/v2\/comments?post=5674"}],"version-history":[{"count":21,"href":"https:\/\/www.investaura.co\/wordpress\/wp-json\/wp\/v2\/pages\/5674\/revisions"}],"predecessor-version":[{"id":8185,"href":"https:\/\/www.investaura.co\/wordpress\/wp-json\/wp\/v2\/pages\/5674\/revisions\/8185"}],"wp:featuredmedia":[{"embeddable":true,"href":"https:\/\/www.investaura.co\/wordpress\/wp-json\/wp\/v2\/media\/4983"}],"wp:attachment":[{"href":"https:\/\/www.investaura.co\/wordpress\/wp-json\/wp\/v2\/media?parent=5674"}],"curies":[{"name":"wp","href":"https:\/\/api.w.org\/{rel}","templated":true}]}}