{"id":5672,"date":"2010-09-08T19:47:57","date_gmt":"2010-09-08T17:47:57","guid":{"rendered":"http:\/\/www.invest-aura.com\/wordpress\/?page_id=2"},"modified":"2025-10-22T13:01:37","modified_gmt":"2025-10-22T11:01:37","slug":"expert-conseillers-ict-infrastructure-markets","status":"publish","type":"page","link":"https:\/\/www.investaura.co\/wordpress\/fr\/","title":{"rendered":"Transformation d&#8217;entreprise et Cr\u00e9ation de valeur"},"content":{"rendered":"<p><span style=\"font-size: 105%;\">Nous sommes un groupe de <strong>professionnels seniors<\/strong> et aidons les \u00e9quipes de nos clients \u00e0 <strong>r\u00e9soudre leurs &#8216;pain points&#8217;<\/strong>, <strong>innover<\/strong>, et <strong>cr\u00e9er plus de valeur<\/strong> dans leur entreprise.<\/span><\/p>\n<p><span style=\"font-size: 105%;\"><span class=\"Apple-style-span\">Nous apportons un <strong>\u00e9tat d&#8217;esprit d&#8217;entrepreneur<\/strong> : nous nous <strong>approprions les probl\u00e8mes<\/strong> de nos clients et les aidons \u00e0 <strong>d\u00e9velopper des entreprises meilleures<\/strong>.<\/span><\/span><\/p>\n<p><span style=\"font-size: 105%;\">Nous nous concentrons sur les <strong>technologies de l&#8217;information et de la communication<\/strong> (TIC), <strong>l&#8217;Internet des objets<\/strong> (IoT) et les <strong>march\u00e9s d&#8217;infrastructure<\/strong> (\u00e9nergie, transport, immobilier) et conseillons des prestataires de services, des fournisseurs,\u00a0 des fonds de Private Equity, ainsi que des acteurs industriels de niche.<\/span><\/p>\n<p><span style=\"font-size: 105%;\"><span class=\"Apple-style-span\"><a class=\"button\" href=\"https:\/\/www.investaura.co\/wordpress\/contact\/\">Contactez-nous<\/a><\/span><\/span><\/p>\n","protected":false},"excerpt":{"rendered":"<p>Nous sommes un groupe de professionnels seniors et aidons les \u00e9quipes de nos clients \u00e0 r\u00e9soudre leurs &#8216;pain points&#8217;, innover, et cr\u00e9er plus de valeur dans leur entreprise. Nous apportons un \u00e9tat d&#8217;esprit d&#8217;entrepreneur : nous nous approprions les probl\u00e8mes&#8230; <\/p>\n<div class=\"more-link-container\"><a class=\"more-link\" href=\"https:\/\/www.investaura.co\/wordpress\/fr\/\">Read More<\/a><\/div>\n","protected":false},"author":1,"featured_media":4983,"parent":0,"menu_order":-1,"comment_status":"closed","ping_status":"closed","template":"templates\/front-page.php","meta":{"jetpack_post_was_ever_published":false},"yoast_head":"<!-- This site is optimized with the Yoast SEO plugin v20.4 - https:\/\/yoast.com\/wordpress\/plugins\/seo\/ -->\n<title>Transformation d&#039;entreprise et Cr\u00e9ation de valeur | Investaura<\/title>\n<meta name=\"robots\" content=\"index, follow, max-snippet:-1, max-image-preview:large, max-video-preview:-1\" \/>\n<link rel=\"canonical\" href=\"https:\/\/www.investaura.co\/wordpress\/fr\/\" \/>\n<meta property=\"og:locale\" content=\"en_GB\" \/>\n<meta property=\"og:type\" content=\"article\" \/>\n<meta property=\"og:title\" content=\"Transformation d&#039;entreprise et Cr\u00e9ation de valeur | Investaura\" \/>\n<meta property=\"og:description\" content=\"Nous sommes un groupe de professionnels seniors et aidons les \u00e9quipes de nos clients \u00e0 r\u00e9soudre leurs &#8216;pain points&#8217;, innover, et cr\u00e9er plus de valeur dans leur entreprise. Nous apportons un \u00e9tat d&#8217;esprit d&#8217;entrepreneur : nous nous approprions les probl\u00e8mes... Read More\" \/>\n<meta property=\"og:url\" content=\"https:\/\/www.investaura.co\/wordpress\/fr\/\" \/>\n<meta property=\"og:site_name\" content=\"Investaura\" \/>\n<meta property=\"article:modified_time\" content=\"2025-10-22T11:01:37+00:00\" \/>\n<meta property=\"og:image\" content=\"https:\/\/www.investaura.co\/wordpress\/wp-content\/uploads\/2016\/05\/shutterstock_388284034_smaller.jpg\" \/>\n\t<meta property=\"og:image:width\" content=\"980\" \/>\n\t<meta property=\"og:image:height\" content=\"654\" \/>\n\t<meta property=\"og:image:type\" content=\"image\/jpeg\" \/>\n<meta name=\"twitter:card\" content=\"summary_large_image\" \/>\n<meta name=\"twitter:label1\" content=\"Estimated reading time\" \/>\n\t<meta name=\"twitter:data1\" content=\"1 minute\" \/>\n<script type=\"application\/ld+json\" class=\"yoast-schema-graph\">{\"@context\":\"https:\/\/schema.org\",\"@graph\":[{\"@type\":\"WebPage\",\"@id\":\"https:\/\/www.investaura.co\/wordpress\/fr\/\",\"url\":\"https:\/\/www.investaura.co\/wordpress\/fr\/\",\"name\":\"Transformation d'entreprise et Cr\u00e9ation de valeur | Investaura\",\"isPartOf\":{\"@id\":\"https:\/\/www.investaura.co\/wordpress\/#website\"},\"datePublished\":\"2010-09-08T17:47:57+00:00\",\"dateModified\":\"2025-10-22T11:01:37+00:00\",\"breadcrumb\":{\"@id\":\"https:\/\/www.investaura.co\/wordpress\/fr\/#breadcrumb\"},\"inLanguage\":\"en-GB\",\"potentialAction\":[{\"@type\":\"ReadAction\",\"target\":[\"https:\/\/www.investaura.co\/wordpress\/fr\/\"]}]},{\"@type\":\"BreadcrumbList\",\"@id\":\"https:\/\/www.investaura.co\/wordpress\/fr\/#breadcrumb\",\"itemListElement\":[{\"@type\":\"ListItem\",\"position\":1,\"name\":\"Home\",\"item\":\"https:\/\/www.investaura.co\/wordpress\/\"},{\"@type\":\"ListItem\",\"position\":2,\"name\":\"Transformation d&#8217;entreprise et Cr\u00e9ation de valeur\"}]},{\"@type\":\"WebSite\",\"@id\":\"https:\/\/www.investaura.co\/wordpress\/#website\",\"url\":\"https:\/\/www.investaura.co\/wordpress\/\",\"name\":\"Investaura\",\"description\":\"The Value Creation Consultants\",\"publisher\":{\"@id\":\"https:\/\/www.investaura.co\/wordpress\/#organization\"},\"potentialAction\":[{\"@type\":\"SearchAction\",\"target\":{\"@type\":\"EntryPoint\",\"urlTemplate\":\"https:\/\/www.investaura.co\/wordpress\/?s={search_term_string}\"},\"query-input\":\"required name=search_term_string\"}],\"inLanguage\":\"en-GB\"},{\"@type\":\"Organization\",\"@id\":\"https:\/\/www.investaura.co\/wordpress\/#organization\",\"name\":\"Investaura\",\"url\":\"https:\/\/www.investaura.co\/wordpress\/\",\"logo\":{\"@type\":\"ImageObject\",\"inLanguage\":\"en-GB\",\"@id\":\"https:\/\/www.investaura.co\/wordpress\/#\/schema\/logo\/image\/\",\"url\":\"https:\/\/i0.wp.com\/www.investaura.co\/wordpress\/wp-content\/uploads\/Logo-INVESTAURA_RGB-blau-e1450351498844.jpg?fit=256%2C90&ssl=1\",\"contentUrl\":\"https:\/\/i0.wp.com\/www.investaura.co\/wordpress\/wp-content\/uploads\/Logo-INVESTAURA_RGB-blau-e1450351498844.jpg?fit=256%2C90&ssl=1\",\"width\":256,\"height\":90,\"caption\":\"Investaura\"},\"image\":{\"@id\":\"https:\/\/www.investaura.co\/wordpress\/#\/schema\/logo\/image\/\"},\"sameAs\":[\"https:\/\/www.linkedin.com\/company\/1229653\"]}]}<\/script>\n<!-- \/ Yoast SEO plugin. -->","yoast_head_json":{"title":"Transformation d'entreprise et Cr\u00e9ation de valeur | Investaura","robots":{"index":"index","follow":"follow","max-snippet":"max-snippet:-1","max-image-preview":"max-image-preview:large","max-video-preview":"max-video-preview:-1"},"canonical":"https:\/\/www.investaura.co\/wordpress\/fr\/","og_locale":"en_GB","og_type":"article","og_title":"Transformation d'entreprise et Cr\u00e9ation de valeur | Investaura","og_description":"Nous sommes un groupe de professionnels seniors et aidons les \u00e9quipes de nos clients \u00e0 r\u00e9soudre leurs &#8216;pain points&#8217;, innover, et cr\u00e9er plus de valeur dans leur entreprise. Nous apportons un \u00e9tat d&#8217;esprit d&#8217;entrepreneur : nous nous approprions les probl\u00e8mes... Read More","og_url":"https:\/\/www.investaura.co\/wordpress\/fr\/","og_site_name":"Investaura","article_modified_time":"2025-10-22T11:01:37+00:00","og_image":[{"width":980,"height":654,"url":"https:\/\/www.investaura.co\/wordpress\/wp-content\/uploads\/2016\/05\/shutterstock_388284034_smaller.jpg","type":"image\/jpeg"}],"twitter_card":"summary_large_image","twitter_misc":{"Estimated reading time":"1 minute"},"schema":{"@context":"https:\/\/schema.org","@graph":[{"@type":"WebPage","@id":"https:\/\/www.investaura.co\/wordpress\/fr\/","url":"https:\/\/www.investaura.co\/wordpress\/fr\/","name":"Transformation d'entreprise et Cr\u00e9ation de valeur | Investaura","isPartOf":{"@id":"https:\/\/www.investaura.co\/wordpress\/#website"},"datePublished":"2010-09-08T17:47:57+00:00","dateModified":"2025-10-22T11:01:37+00:00","breadcrumb":{"@id":"https:\/\/www.investaura.co\/wordpress\/fr\/#breadcrumb"},"inLanguage":"en-GB","potentialAction":[{"@type":"ReadAction","target":["https:\/\/www.investaura.co\/wordpress\/fr\/"]}]},{"@type":"BreadcrumbList","@id":"https:\/\/www.investaura.co\/wordpress\/fr\/#breadcrumb","itemListElement":[{"@type":"ListItem","position":1,"name":"Home","item":"https:\/\/www.investaura.co\/wordpress\/"},{"@type":"ListItem","position":2,"name":"Transformation d&#8217;entreprise et Cr\u00e9ation de valeur"}]},{"@type":"WebSite","@id":"https:\/\/www.investaura.co\/wordpress\/#website","url":"https:\/\/www.investaura.co\/wordpress\/","name":"Investaura","description":"The Value Creation Consultants","publisher":{"@id":"https:\/\/www.investaura.co\/wordpress\/#organization"},"potentialAction":[{"@type":"SearchAction","target":{"@type":"EntryPoint","urlTemplate":"https:\/\/www.investaura.co\/wordpress\/?s={search_term_string}"},"query-input":"required name=search_term_string"}],"inLanguage":"en-GB"},{"@type":"Organization","@id":"https:\/\/www.investaura.co\/wordpress\/#organization","name":"Investaura","url":"https:\/\/www.investaura.co\/wordpress\/","logo":{"@type":"ImageObject","inLanguage":"en-GB","@id":"https:\/\/www.investaura.co\/wordpress\/#\/schema\/logo\/image\/","url":"https:\/\/i0.wp.com\/www.investaura.co\/wordpress\/wp-content\/uploads\/Logo-INVESTAURA_RGB-blau-e1450351498844.jpg?fit=256%2C90&ssl=1","contentUrl":"https:\/\/i0.wp.com\/www.investaura.co\/wordpress\/wp-content\/uploads\/Logo-INVESTAURA_RGB-blau-e1450351498844.jpg?fit=256%2C90&ssl=1","width":256,"height":90,"caption":"Investaura"},"image":{"@id":"https:\/\/www.investaura.co\/wordpress\/#\/schema\/logo\/image\/"},"sameAs":["https:\/\/www.linkedin.com\/company\/1229653"]}]}},"jetpack_shortlink":"https:\/\/wp.me\/P7ecno-1tu","jetpack-related-posts":[{"id":5752,"url":"https:\/\/www.investaura.co\/wordpress\/nos-services\/conseil\/","url_meta":{"origin":5672,"position":0},"title":"Conseil en strat\u00e9gie","date":"September 8, 2010","format":false,"excerpt":"Nous menons des initiatives strat\u00e9giques, identifions des opportunit\u00e9s de cr\u00e9ation de valeur et travaillons avec les dirigeants de nos clients pour am\u00e9liorer la performances de l'entreprise \u00e0 court et \u00e0 moyen terme. Nos consultants sont des professionnels issus de l'industrie et sont dot\u00e9s d'une solide exp\u00e9rience op\u00e9rationnelle. Nous apportons une\u2026","rel":"","context":"Similar post","img":{"alt_text":"","src":"https:\/\/i0.wp.com\/www.investaura.co\/wordpress\/wp-content\/uploads\/2016\/02\/shutterstock_282394148_smaller.jpg?fit=1024%2C683&ssl=1&resize=350%2C200","width":350,"height":200},"classes":[]},{"id":6267,"url":"https:\/\/www.investaura.co\/wordpress\/nos-services\/fusions-et-acquisitions\/pourquoi-investaura\/","url_meta":{"origin":5672,"position":1},"title":"Pourquoi Investaura?","date":"March 24, 2015","format":false,"excerpt":"Les consultants Investaura sont des experts M&A qui apportent la s\u00e9niorit\u00e9 et le doigt\u00e9 n\u00e9cessaire \u00e0 la r\u00e9ussite de projets complexes. Nous fournissons des services sur mesure qui r\u00e9pondent aux exigences pr\u00e9cises de nos clients. Nous sommes fiers d'apporter les points de diff\u00e9renciation suivants: Le succ\u00e8s de nos clients est\u2026","rel":"","context":"Similar post","img":{"alt_text":"","src":"https:\/\/i0.wp.com\/www.investaura.co\/wordpress\/wp-content\/uploads\/shutterstock_139401482.jpg?fit=1000%2C554&ssl=1&resize=350%2C200","width":350,"height":200},"classes":[]},{"id":6251,"url":"https:\/\/www.investaura.co\/wordpress\/nos-services\/marketing-ventes-support\/developpement-des-affaires\/","url_meta":{"origin":5672,"position":2},"title":"Business Development","date":"December 2, 2015","format":false,"excerpt":"Pour nos clients, p\u00e9n\u00e9trer de nouveaux march\u00e9s avec leurs propres ressources peut \u00eatre co\u00fbteux, peu fructueux ou prendre trop de temps. Notre \u00e9quipe exp\u00e9riment\u00e9e de professionnels de la vente vous aide \u00e0 p\u00e9n\u00e9trer de nouveaux march\u00e9s avec succ\u00e8s. Comment proc\u00e9dons-nous? Quelle est la cl\u00e9 de notre succ\u00e8s? Notre approche est\u2026","rel":"","context":"Similar post","img":{"alt_text":"","src":"https:\/\/i0.wp.com\/www.investaura.co\/wordpress\/wp-content\/uploads\/2015\/12\/shutterstock_209058313_smaller.jpg?fit=1024%2C682&ssl=1&resize=350%2C200","width":350,"height":200},"classes":[]},{"id":5759,"url":"https:\/\/www.investaura.co\/wordpress\/nos-services\/performance-management-solutions\/","url_meta":{"origin":5672,"position":3},"title":"Pilotage de la performance","date":"September 9, 2010","format":false,"excerpt":"Investaura accompagne ses clients dans la mise en place d'applications puissantes de pilotage de la performance, tirant parti de son savoir-faire des meilleurs logiciels EPM et de son expertise dans l'industrie. L'impact pour les d\u00e9cideurs est de mieux comprendre ce qui se passe dans leur entreprise et de d\u00e9finir des\u2026","rel":"","context":"Similar post","img":{"alt_text":"","src":"https:\/\/i0.wp.com\/www.investaura.co\/wordpress\/wp-content\/uploads\/2010\/09\/shutterstock_251280265_smaller.jpg?fit=1024%2C678&ssl=1&resize=350%2C200","width":350,"height":200},"classes":[]},{"id":6247,"url":"https:\/\/www.investaura.co\/wordpress\/nos-services\/marketing-ventes-support\/analyse-du-marche-et-de-lindustrie\/","url_meta":{"origin":5672,"position":4},"title":"Etude de march\u00e9 et de l&#8217;industrie","date":"December 2, 2015","format":false,"excerpt":"L'objectif d'une \u00e9tude de march\u00e9 qualitative et quantitative est d'acqu\u00e9rir une compr\u00e9hension approfondie des diff\u00e9rents segments du march\u00e9 cible. Nous identifions les facteurs cl\u00e9s de succ\u00e8s, clarifions les barri\u00e8res \u00e0 l'entr\u00e9e, analysons la concurrence, examinons les probl\u00e8mes de r\u00e9glementation et quantifions les segments non ou mal servis, entre autres choses.\u2026","rel":"","context":"Similar post","img":{"alt_text":"","src":"https:\/\/i0.wp.com\/www.investaura.co\/wordpress\/wp-content\/uploads\/2015\/12\/shutterstock_209058313_smaller.jpg?fit=1024%2C682&ssl=1&resize=350%2C200","width":350,"height":200},"classes":[]}],"jetpack_sharing_enabled":true,"_links":{"self":[{"href":"https:\/\/www.investaura.co\/wordpress\/wp-json\/wp\/v2\/pages\/5672"}],"collection":[{"href":"https:\/\/www.investaura.co\/wordpress\/wp-json\/wp\/v2\/pages"}],"about":[{"href":"https:\/\/www.investaura.co\/wordpress\/wp-json\/wp\/v2\/types\/page"}],"author":[{"embeddable":true,"href":"https:\/\/www.investaura.co\/wordpress\/wp-json\/wp\/v2\/users\/1"}],"replies":[{"embeddable":true,"href":"https:\/\/www.investaura.co\/wordpress\/wp-json\/wp\/v2\/comments?post=5672"}],"version-history":[{"count":34,"href":"https:\/\/www.investaura.co\/wordpress\/wp-json\/wp\/v2\/pages\/5672\/revisions"}],"predecessor-version":[{"id":8183,"href":"https:\/\/www.investaura.co\/wordpress\/wp-json\/wp\/v2\/pages\/5672\/revisions\/8183"}],"wp:featuredmedia":[{"embeddable":true,"href":"https:\/\/www.investaura.co\/wordpress\/wp-json\/wp\/v2\/media\/4983"}],"wp:attachment":[{"href":"https:\/\/www.investaura.co\/wordpress\/wp-json\/wp\/v2\/media?parent=5672"}],"curies":[{"name":"wp","href":"https:\/\/api.w.org\/{rel}","templated":true}]}}